{"id":23766,"date":"2025-02-07T15:19:49","date_gmt":"2025-02-07T11:19:49","guid":{"rendered":"https:\/\/airsystems.ge\/shop\/product\/vibro-msh-heavy-duty-multi-spring-anti-vibration-mount\/"},"modified":"2025-02-26T00:24:31","modified_gmt":"2025-02-25T20:24:31","slug":"vibro-msh-heavy-duty-multi-spring-anti-vibration-mount","status":"publish","type":"product","link":"https:\/\/geoclimate.ge\/az\/product\/vibro-msh-heavy-duty-multi-spring-anti-vibration-mount\/","title":{"rendered":"Vibro-MSH: \u00c7ox Yayl\u0131 Vibrasiyaya Qar\u015f\u0131 A\u011f\u0131r Y\u00fckl\u0259m\u0259"},"content":{"rendered":"<p><img loading=\"lazy\" decoding=\"async\" class=\"alignnone wp-image-4433\" src=\"https:\/\/antivibration-systems.com\/wp-content\/uploads\/2012\/10\/msh.jpg\" sizes=\"auto, (max-width: 627px) 100vw, 627px\" srcset=\"https:\/\/antivibration-systems.com\/wp-content\/uploads\/2012\/10\/msh.jpg 973w, https:\/\/antivibration-systems.com\/wp-content\/uploads\/2012\/10\/msh-300x93.jpg 300w\" alt=\"msh\" width=\"850\" height=\"263\" \/><\/p>\n<p><img loading=\"lazy\" decoding=\"async\" class=\" wp-image-4432 aligncenter\" src=\"https:\/\/antivibration-systems.com\/wp-content\/uploads\/2016\/04\/msh.jpg\" sizes=\"auto, (max-width: 280px) 100vw, 280px\" srcset=\"https:\/\/antivibration-systems.com\/wp-content\/uploads\/2016\/04\/msh.jpg 420w, https:\/\/antivibration-systems.com\/wp-content\/uploads\/2016\/04\/msh-300x201.jpg 300w\" alt=\"msh\" width=\"280\" height=\"188\" \/><\/p>\n<p>Maksimum y\u00fck alt\u0131nda statik \u0259yilm\u0259 25 mm<br \/>\nMaksimum y\u00fck alt\u0131nda 3 Hz-\u0259 q\u0259d\u0259r t\u0259bii tezlik<\/p>\n<div class=\"n4sEPd\">\n<div class=\"FFpbKc\">\n<div class=\"xMmqsf\">\n<div class=\"r375lc\">\n<div class=\"aJIq1d\" dir=\"ltr\" data-language-code=\"auto\" data-language-name=\"Detect language\" data-text=\"\" data-crosslingual-hint=\"undefined\" data-location=\"1\" data-enable-toggle-playback-speed=\"true\">\n<div class=\"m0Qfkd\"><\/div>\n<\/div>\n<\/div>\n<\/div>\n<\/div>\n<\/div>\n","protected":false},"excerpt":{"rendered":"<p>\u00c7ox a\u011f\u0131r avadanl\u0131qlar \u00fc\u00e7\u00fcn \u00e7oxlu yayl\u0131 antivibrasiya qur\u011fusu<\/p>\n<p>T\u018fSV\u0130R\u0130<\/p>\n<p>Vibro-MSH, \u00e7ox a\u011f\u0131r avadanl\u0131qlar \u00fc\u00e7\u00fcn \u00e7oxlu yaylar\u0131 olan a\u011f\u0131r y\u00fck\u0259 malik vibrasiya \u0259leyhin\u0259 qur\u011fudur. O, x\u00fcsusi olaraq a\u015fa\u011f\u0131 tezlikli vibrasiyalar\u0131 udmaq \u00fc\u00e7\u00fcn n\u0259z\u0259rd\u0259 tutulmu\u015fdur (m\u0259s\u0259l\u0259n, pistonlu ma\u015f\u0131nlar)<br \/>\nBundan \u0259lav\u0259, Vibro-MSH rezin profill\u0259 g\u0259lir, onun bazas\u0131na b\u0259rkidilir v\u0259 bulaqlar vasit\u0259sil\u0259 \u00f6t\u00fcr\u00fcl\u0259 bil\u0259n y\u00fcks\u0259k tezlikl\u0259rd\u0259 izolyasiyan\u0131n s\u0259m\u0259r\u0259liliyini art\u0131rmaq \u00fc\u00e7\u00fcn s\u0259s k\u0259sici rolunu oynay\u0131r. Yaylar metal bazaya innovativ b\u0259rkitm\u0259 sistemi il\u0259 b\u0259rkidilir.<\/p>\n<p>T\u018fTB\u0130QL\u018fR<\/p>\n<p>Vibro-MSH | A\u011f\u0131r y\u00fckl\u00fc \u00c7ox Yayl\u0131 Anti-vibrasiya montaj\u0131 a\u015fa\u011f\u0131 tezlikli vibrasiya udma t\u0259l\u0259b ed\u0259n \u00e7ox a\u011f\u0131r ma\u015f\u0131nlar\u0131n qura\u015fd\u0131r\u0131lmas\u0131 \u00fc\u00e7\u00fcn istifad\u0259 olunur.<\/p>\n<p>&nbsp;<\/p>\n<p>MONTAJ<\/p>\n<p>H\u0259r bir izolyatorun yerini tap\u0131n Vibro-MSH | A\u011f\u0131r xidm\u0259t\u0259 malik \u00c7ox Yayl\u0131 Vibrasiyaya Qar\u015f\u0131 Qura\u015fd\u0131rma yerin\u0259.<br \/>\n\u0130zolyatorlar\u0131 laz\u0131mi yer\u0259 yerl\u0259\u015fdirin v\u0259 alt l\u00f6vh\u0259ni binan\u0131n d\u0259st\u0259kl\u0259yici polad v\u0259 ya betonuna yap\u0131\u015fd\u0131r\u0131n.<br \/>\nM12 yuxar\u0131 vintini avadanl\u0131\u011f\u0131n \u0259sas\u0131n\u0131n m\u00fcvafiq \u00e7uxurundan ke\u00e7irin. M12 c\u0131vatalar\u0131ndan istifad\u0259 ed\u0259r\u0259k b\u0259rkitm\u0259k \u00fc\u00e7\u00fcn \u00fcst qay\u011f\u0131 avadanl\u0131\u011f\u0131n ayaq m\u00f6t\u0259riz\u0259sin\u0259 s\u0131x\u0131n.<br \/>\nAvadanl\u0131\u011fa qura\u015fd\u0131r\u0131ld\u0131qdan sonra izolyator qur\u011fular\u0131n\u0131n \u0259l\u00e7atan olmas\u0131n\u0131 t\u0259min etm\u0259k \u00fc\u00e7\u00fcn Vibro-MS-i laz\u0131mi q\u0259d\u0259r f\u0131rlad\u0131n. Alternativ olaraq, avadanl\u0131\u011fa qura\u015fd\u0131r\u0131ld\u0131qdan sonra montaj delikl\u0259ri \u0259l\u00e7atan deyils\u0259, \u0259vv\u0259lc\u0259 m\u00fcvafiq M10 boltlar\u0131ndan istifad\u0259 ed\u0259r\u0259k vibrasiya \u0259leyhin\u0259 qur\u011funu bazaya b\u0259rkidin.<\/p>\n","protected":false},"featured_media":22160,"template":"","meta":[],"product_brand":[],"product_cat":[927],"product_tag":[],"class_list":{"0":"post-23766","1":"product","2":"type-product","3":"status-publish","4":"has-post-thumbnail","6":"product_cat-vibrasiya-anti-ss-kuy-akustik-az","8":"first","9":"instock","10":"shipping-taxable","11":"product-type-simple"},"yoast_head":"<!-- This site is optimized with the Yoast SEO plugin v27.1.1 - https:\/\/yoast.com\/product\/yoast-seo-wordpress\/ -->\n<title>Vibro-MSH: \u00c7ox Yayl\u0131 Vibrasiyaya Qar\u015f\u0131 A\u011f\u0131r Y\u00fckl\u0259m\u0259 - GeoClimate.ge<\/title>\n<meta name=\"robots\" content=\"index, follow, max-snippet:-1, max-image-preview:large, max-video-preview:-1\" \/>\n<link rel=\"canonical\" href=\"https:\/\/geoclimate.ge\/az\/product\/vibro-msh-heavy-duty-multi-spring-anti-vibration-mount\/\" \/>\n<meta property=\"og:locale\" content=\"az_AZ\" \/>\n<meta property=\"og:type\" content=\"article\" \/>\n<meta property=\"og:title\" content=\"Vibro-MSH: \u00c7ox Yayl\u0131 Vibrasiyaya Qar\u015f\u0131 A\u011f\u0131r Y\u00fckl\u0259m\u0259 - GeoClimate.ge\" \/>\n<meta property=\"og:description\" content=\"\u00c7ox a\u011f\u0131r avadanl\u0131qlar \u00fc\u00e7\u00fcn \u00e7oxlu yayl\u0131 antivibrasiya qur\u011fusu  T\u018fSV\u0130R\u0130  Vibro-MSH, \u00e7ox a\u011f\u0131r avadanl\u0131qlar \u00fc\u00e7\u00fcn \u00e7oxlu yaylar\u0131 olan a\u011f\u0131r y\u00fck\u0259 malik vibrasiya \u0259leyhin\u0259 qur\u011fudur. O, x\u00fcsusi olaraq a\u015fa\u011f\u0131 tezlikli vibrasiyalar\u0131 udmaq \u00fc\u00e7\u00fcn n\u0259z\u0259rd\u0259 tutulmu\u015fdur (m\u0259s\u0259l\u0259n, pistonlu ma\u015f\u0131nlar) Bundan \u0259lav\u0259, Vibro-MSH rezin profill\u0259 g\u0259lir, onun bazas\u0131na b\u0259rkidilir v\u0259 bulaqlar vasit\u0259sil\u0259 \u00f6t\u00fcr\u00fcl\u0259 bil\u0259n y\u00fcks\u0259k tezlikl\u0259rd\u0259 izolyasiyan\u0131n s\u0259m\u0259r\u0259liliyini art\u0131rmaq \u00fc\u00e7\u00fcn s\u0259s k\u0259sici rolunu oynay\u0131r. Yaylar metal bazaya innovativ b\u0259rkitm\u0259 sistemi il\u0259 b\u0259rkidilir.  T\u018fTB\u0130QL\u018fR  Vibro-MSH | A\u011f\u0131r y\u00fckl\u00fc \u00c7ox Yayl\u0131 Anti-vibrasiya montaj\u0131 a\u015fa\u011f\u0131 tezlikli vibrasiya udma t\u0259l\u0259b ed\u0259n \u00e7ox a\u011f\u0131r ma\u015f\u0131nlar\u0131n qura\u015fd\u0131r\u0131lmas\u0131 \u00fc\u00e7\u00fcn istifad\u0259 olunur.  &nbsp;  MONTAJ  H\u0259r bir izolyatorun yerini tap\u0131n Vibro-MSH | A\u011f\u0131r xidm\u0259t\u0259 malik \u00c7ox Yayl\u0131 Vibrasiyaya Qar\u015f\u0131 Qura\u015fd\u0131rma yerin\u0259. \u0130zolyatorlar\u0131 laz\u0131mi yer\u0259 yerl\u0259\u015fdirin v\u0259 alt l\u00f6vh\u0259ni binan\u0131n d\u0259st\u0259kl\u0259yici polad v\u0259 ya betonuna yap\u0131\u015fd\u0131r\u0131n. M12 yuxar\u0131 vintini avadanl\u0131\u011f\u0131n \u0259sas\u0131n\u0131n m\u00fcvafiq \u00e7uxurundan ke\u00e7irin. M12 c\u0131vatalar\u0131ndan istifad\u0259 ed\u0259r\u0259k b\u0259rkitm\u0259k \u00fc\u00e7\u00fcn \u00fcst qay\u011f\u0131 avadanl\u0131\u011f\u0131n ayaq m\u00f6t\u0259riz\u0259sin\u0259 s\u0131x\u0131n. Avadanl\u0131\u011fa qura\u015fd\u0131r\u0131ld\u0131qdan sonra izolyator qur\u011fular\u0131n\u0131n \u0259l\u00e7atan olmas\u0131n\u0131 t\u0259min etm\u0259k \u00fc\u00e7\u00fcn Vibro-MS-i laz\u0131mi q\u0259d\u0259r f\u0131rlad\u0131n. Alternativ olaraq, avadanl\u0131\u011fa qura\u015fd\u0131r\u0131ld\u0131qdan sonra montaj delikl\u0259ri \u0259l\u00e7atan deyils\u0259, \u0259vv\u0259lc\u0259 m\u00fcvafiq M10 boltlar\u0131ndan istifad\u0259 ed\u0259r\u0259k vibrasiya \u0259leyhin\u0259 qur\u011funu bazaya b\u0259rkidin.\" \/>\n<meta property=\"og:url\" content=\"https:\/\/geoclimate.ge\/az\/product\/vibro-msh-heavy-duty-multi-spring-anti-vibration-mount\/\" \/>\n<meta property=\"og:site_name\" content=\"GeoClimate.ge\" \/>\n<meta property=\"article:modified_time\" content=\"2025-02-25T20:24:31+00:00\" \/>\n<meta property=\"og:image\" content=\"https:\/\/geoclimate.ge\/wp-content\/uploads\/2025\/02\/060211151645_A.jpg\" \/>\n\t<meta property=\"og:image:width\" content=\"720\" \/>\n\t<meta property=\"og:image:height\" content=\"480\" \/>\n\t<meta property=\"og:image:type\" content=\"image\/jpeg\" \/>\n<meta name=\"twitter:card\" content=\"summary_large_image\" \/>\n<script type=\"application\/ld+json\" class=\"yoast-schema-graph\">{\"@context\":\"https:\/\/schema.org\",\"@graph\":[{\"@type\":\"WebPage\",\"@id\":\"https:\/\/geoclimate.ge\/az\/product\/vibro-msh-heavy-duty-multi-spring-anti-vibration-mount\/\",\"url\":\"https:\/\/geoclimate.ge\/az\/product\/vibro-msh-heavy-duty-multi-spring-anti-vibration-mount\/\",\"name\":\"Vibro-MSH: \u00c7ox Yayl\u0131 Vibrasiyaya Qar\u015f\u0131 A\u011f\u0131r Y\u00fckl\u0259m\u0259 - GeoClimate.ge\",\"isPartOf\":{\"@id\":\"https:\/\/geoclimate.ge\/#website\"},\"primaryImageOfPage\":{\"@id\":\"https:\/\/geoclimate.ge\/az\/product\/vibro-msh-heavy-duty-multi-spring-anti-vibration-mount\/#primaryimage\"},\"image\":{\"@id\":\"https:\/\/geoclimate.ge\/az\/product\/vibro-msh-heavy-duty-multi-spring-anti-vibration-mount\/#primaryimage\"},\"thumbnailUrl\":\"https:\/\/geoclimate.ge\/wp-content\/uploads\/2025\/02\/060211151645_A.jpg\",\"datePublished\":\"2025-02-07T11:19:49+00:00\",\"dateModified\":\"2025-02-25T20:24:31+00:00\",\"breadcrumb\":{\"@id\":\"https:\/\/geoclimate.ge\/az\/product\/vibro-msh-heavy-duty-multi-spring-anti-vibration-mount\/#breadcrumb\"},\"inLanguage\":\"az\",\"potentialAction\":[{\"@type\":\"ReadAction\",\"target\":[\"https:\/\/geoclimate.ge\/az\/product\/vibro-msh-heavy-duty-multi-spring-anti-vibration-mount\/\"]}]},{\"@type\":\"ImageObject\",\"inLanguage\":\"az\",\"@id\":\"https:\/\/geoclimate.ge\/az\/product\/vibro-msh-heavy-duty-multi-spring-anti-vibration-mount\/#primaryimage\",\"url\":\"https:\/\/geoclimate.ge\/wp-content\/uploads\/2025\/02\/060211151645_A.jpg\",\"contentUrl\":\"https:\/\/geoclimate.ge\/wp-content\/uploads\/2025\/02\/060211151645_A.jpg\",\"width\":720,\"height\":480},{\"@type\":\"BreadcrumbList\",\"@id\":\"https:\/\/geoclimate.ge\/az\/product\/vibro-msh-heavy-duty-multi-spring-anti-vibration-mount\/#breadcrumb\",\"itemListElement\":[{\"@type\":\"ListItem\",\"position\":1,\"name\":\"Home\",\"item\":\"https:\/\/geoclimate.ge\/az\/\"},{\"@type\":\"ListItem\",\"position\":2,\"name\":\"M\u0259hsullar\",\"item\":\"https:\/\/geoclimate.ge\/az\/products\/\"},{\"@type\":\"ListItem\",\"position\":3,\"name\":\"Vibro-MSH: \u00c7ox Yayl\u0131 Vibrasiyaya Qar\u015f\u0131 A\u011f\u0131r Y\u00fckl\u0259m\u0259\"}]},{\"@type\":\"WebSite\",\"@id\":\"https:\/\/geoclimate.ge\/#website\",\"url\":\"https:\/\/geoclimate.ge\/\",\"name\":\"GeoClimate\",\"description\":\"\",\"publisher\":{\"@id\":\"https:\/\/geoclimate.ge\/#organization\"},\"potentialAction\":[{\"@type\":\"SearchAction\",\"target\":{\"@type\":\"EntryPoint\",\"urlTemplate\":\"https:\/\/geoclimate.ge\/?s={search_term_string}\"},\"query-input\":{\"@type\":\"PropertyValueSpecification\",\"valueRequired\":true,\"valueName\":\"search_term_string\"}}],\"inLanguage\":\"az\"},{\"@type\":\"Organization\",\"@id\":\"https:\/\/geoclimate.ge\/#organization\",\"name\":\"GeoClimate\",\"url\":\"https:\/\/geoclimate.ge\/\",\"logo\":{\"@type\":\"ImageObject\",\"inLanguage\":\"az\",\"@id\":\"https:\/\/geoclimate.ge\/#\/schema\/logo\/image\/\",\"url\":\"https:\/\/geoclimate.ge\/wp-content\/uploads\/2026\/03\/geoclimate-SEO.png\",\"contentUrl\":\"https:\/\/geoclimate.ge\/wp-content\/uploads\/2026\/03\/geoclimate-SEO.png\",\"width\":1536,\"height\":1024,\"caption\":\"GeoClimate\"},\"image\":{\"@id\":\"https:\/\/geoclimate.ge\/#\/schema\/logo\/image\/\"}}]}<\/script>\n<!-- \/ Yoast SEO plugin. -->","yoast_head_json":{"title":"Vibro-MSH: \u00c7ox Yayl\u0131 Vibrasiyaya Qar\u015f\u0131 A\u011f\u0131r Y\u00fckl\u0259m\u0259 - GeoClimate.ge","robots":{"index":"index","follow":"follow","max-snippet":"max-snippet:-1","max-image-preview":"max-image-preview:large","max-video-preview":"max-video-preview:-1"},"canonical":"https:\/\/geoclimate.ge\/az\/product\/vibro-msh-heavy-duty-multi-spring-anti-vibration-mount\/","og_locale":"az_AZ","og_type":"article","og_title":"Vibro-MSH: \u00c7ox Yayl\u0131 Vibrasiyaya Qar\u015f\u0131 A\u011f\u0131r Y\u00fckl\u0259m\u0259 - GeoClimate.ge","og_description":"\u00c7ox a\u011f\u0131r avadanl\u0131qlar \u00fc\u00e7\u00fcn \u00e7oxlu yayl\u0131 antivibrasiya qur\u011fusu  T\u018fSV\u0130R\u0130  Vibro-MSH, \u00e7ox a\u011f\u0131r avadanl\u0131qlar \u00fc\u00e7\u00fcn \u00e7oxlu yaylar\u0131 olan a\u011f\u0131r y\u00fck\u0259 malik vibrasiya \u0259leyhin\u0259 qur\u011fudur. O, x\u00fcsusi olaraq a\u015fa\u011f\u0131 tezlikli vibrasiyalar\u0131 udmaq \u00fc\u00e7\u00fcn n\u0259z\u0259rd\u0259 tutulmu\u015fdur (m\u0259s\u0259l\u0259n, pistonlu ma\u015f\u0131nlar) Bundan \u0259lav\u0259, Vibro-MSH rezin profill\u0259 g\u0259lir, onun bazas\u0131na b\u0259rkidilir v\u0259 bulaqlar vasit\u0259sil\u0259 \u00f6t\u00fcr\u00fcl\u0259 bil\u0259n y\u00fcks\u0259k tezlikl\u0259rd\u0259 izolyasiyan\u0131n s\u0259m\u0259r\u0259liliyini art\u0131rmaq \u00fc\u00e7\u00fcn s\u0259s k\u0259sici rolunu oynay\u0131r. Yaylar metal bazaya innovativ b\u0259rkitm\u0259 sistemi il\u0259 b\u0259rkidilir.  T\u018fTB\u0130QL\u018fR  Vibro-MSH | A\u011f\u0131r y\u00fckl\u00fc \u00c7ox Yayl\u0131 Anti-vibrasiya montaj\u0131 a\u015fa\u011f\u0131 tezlikli vibrasiya udma t\u0259l\u0259b ed\u0259n \u00e7ox a\u011f\u0131r ma\u015f\u0131nlar\u0131n qura\u015fd\u0131r\u0131lmas\u0131 \u00fc\u00e7\u00fcn istifad\u0259 olunur.  &nbsp;  MONTAJ  H\u0259r bir izolyatorun yerini tap\u0131n Vibro-MSH | A\u011f\u0131r xidm\u0259t\u0259 malik \u00c7ox Yayl\u0131 Vibrasiyaya Qar\u015f\u0131 Qura\u015fd\u0131rma yerin\u0259. \u0130zolyatorlar\u0131 laz\u0131mi yer\u0259 yerl\u0259\u015fdirin v\u0259 alt l\u00f6vh\u0259ni binan\u0131n d\u0259st\u0259kl\u0259yici polad v\u0259 ya betonuna yap\u0131\u015fd\u0131r\u0131n. M12 yuxar\u0131 vintini avadanl\u0131\u011f\u0131n \u0259sas\u0131n\u0131n m\u00fcvafiq \u00e7uxurundan ke\u00e7irin. M12 c\u0131vatalar\u0131ndan istifad\u0259 ed\u0259r\u0259k b\u0259rkitm\u0259k \u00fc\u00e7\u00fcn \u00fcst qay\u011f\u0131 avadanl\u0131\u011f\u0131n ayaq m\u00f6t\u0259riz\u0259sin\u0259 s\u0131x\u0131n. Avadanl\u0131\u011fa qura\u015fd\u0131r\u0131ld\u0131qdan sonra izolyator qur\u011fular\u0131n\u0131n \u0259l\u00e7atan olmas\u0131n\u0131 t\u0259min etm\u0259k \u00fc\u00e7\u00fcn Vibro-MS-i laz\u0131mi q\u0259d\u0259r f\u0131rlad\u0131n. Alternativ olaraq, avadanl\u0131\u011fa qura\u015fd\u0131r\u0131ld\u0131qdan sonra montaj delikl\u0259ri \u0259l\u00e7atan deyils\u0259, \u0259vv\u0259lc\u0259 m\u00fcvafiq M10 boltlar\u0131ndan istifad\u0259 ed\u0259r\u0259k vibrasiya \u0259leyhin\u0259 qur\u011funu bazaya b\u0259rkidin.","og_url":"https:\/\/geoclimate.ge\/az\/product\/vibro-msh-heavy-duty-multi-spring-anti-vibration-mount\/","og_site_name":"GeoClimate.ge","article_modified_time":"2025-02-25T20:24:31+00:00","og_image":[{"width":720,"height":480,"url":"https:\/\/geoclimate.ge\/wp-content\/uploads\/2025\/02\/060211151645_A.jpg","type":"image\/jpeg"}],"twitter_card":"summary_large_image","schema":{"@context":"https:\/\/schema.org","@graph":[{"@type":"WebPage","@id":"https:\/\/geoclimate.ge\/az\/product\/vibro-msh-heavy-duty-multi-spring-anti-vibration-mount\/","url":"https:\/\/geoclimate.ge\/az\/product\/vibro-msh-heavy-duty-multi-spring-anti-vibration-mount\/","name":"Vibro-MSH: \u00c7ox Yayl\u0131 Vibrasiyaya Qar\u015f\u0131 A\u011f\u0131r Y\u00fckl\u0259m\u0259 - GeoClimate.ge","isPartOf":{"@id":"https:\/\/geoclimate.ge\/#website"},"primaryImageOfPage":{"@id":"https:\/\/geoclimate.ge\/az\/product\/vibro-msh-heavy-duty-multi-spring-anti-vibration-mount\/#primaryimage"},"image":{"@id":"https:\/\/geoclimate.ge\/az\/product\/vibro-msh-heavy-duty-multi-spring-anti-vibration-mount\/#primaryimage"},"thumbnailUrl":"https:\/\/geoclimate.ge\/wp-content\/uploads\/2025\/02\/060211151645_A.jpg","datePublished":"2025-02-07T11:19:49+00:00","dateModified":"2025-02-25T20:24:31+00:00","breadcrumb":{"@id":"https:\/\/geoclimate.ge\/az\/product\/vibro-msh-heavy-duty-multi-spring-anti-vibration-mount\/#breadcrumb"},"inLanguage":"az","potentialAction":[{"@type":"ReadAction","target":["https:\/\/geoclimate.ge\/az\/product\/vibro-msh-heavy-duty-multi-spring-anti-vibration-mount\/"]}]},{"@type":"ImageObject","inLanguage":"az","@id":"https:\/\/geoclimate.ge\/az\/product\/vibro-msh-heavy-duty-multi-spring-anti-vibration-mount\/#primaryimage","url":"https:\/\/geoclimate.ge\/wp-content\/uploads\/2025\/02\/060211151645_A.jpg","contentUrl":"https:\/\/geoclimate.ge\/wp-content\/uploads\/2025\/02\/060211151645_A.jpg","width":720,"height":480},{"@type":"BreadcrumbList","@id":"https:\/\/geoclimate.ge\/az\/product\/vibro-msh-heavy-duty-multi-spring-anti-vibration-mount\/#breadcrumb","itemListElement":[{"@type":"ListItem","position":1,"name":"Home","item":"https:\/\/geoclimate.ge\/az\/"},{"@type":"ListItem","position":2,"name":"M\u0259hsullar","item":"https:\/\/geoclimate.ge\/az\/products\/"},{"@type":"ListItem","position":3,"name":"Vibro-MSH: \u00c7ox Yayl\u0131 Vibrasiyaya Qar\u015f\u0131 A\u011f\u0131r Y\u00fckl\u0259m\u0259"}]},{"@type":"WebSite","@id":"https:\/\/geoclimate.ge\/#website","url":"https:\/\/geoclimate.ge\/","name":"GeoClimate","description":"","publisher":{"@id":"https:\/\/geoclimate.ge\/#organization"},"potentialAction":[{"@type":"SearchAction","target":{"@type":"EntryPoint","urlTemplate":"https:\/\/geoclimate.ge\/?s={search_term_string}"},"query-input":{"@type":"PropertyValueSpecification","valueRequired":true,"valueName":"search_term_string"}}],"inLanguage":"az"},{"@type":"Organization","@id":"https:\/\/geoclimate.ge\/#organization","name":"GeoClimate","url":"https:\/\/geoclimate.ge\/","logo":{"@type":"ImageObject","inLanguage":"az","@id":"https:\/\/geoclimate.ge\/#\/schema\/logo\/image\/","url":"https:\/\/geoclimate.ge\/wp-content\/uploads\/2026\/03\/geoclimate-SEO.png","contentUrl":"https:\/\/geoclimate.ge\/wp-content\/uploads\/2026\/03\/geoclimate-SEO.png","width":1536,"height":1024,"caption":"GeoClimate"},"image":{"@id":"https:\/\/geoclimate.ge\/#\/schema\/logo\/image\/"}}]}},"_links":{"self":[{"href":"https:\/\/geoclimate.ge\/az\/wp-json\/wp\/v2\/product\/23766","targetHints":{"allow":["GET"]}}],"collection":[{"href":"https:\/\/geoclimate.ge\/az\/wp-json\/wp\/v2\/product"}],"about":[{"href":"https:\/\/geoclimate.ge\/az\/wp-json\/wp\/v2\/types\/product"}],"wp:featuredmedia":[{"embeddable":true,"href":"https:\/\/geoclimate.ge\/az\/wp-json\/wp\/v2\/media\/22160"}],"wp:attachment":[{"href":"https:\/\/geoclimate.ge\/az\/wp-json\/wp\/v2\/media?parent=23766"}],"wp:term":[{"taxonomy":"product_brand","embeddable":true,"href":"https:\/\/geoclimate.ge\/az\/wp-json\/wp\/v2\/product_brand?post=23766"},{"taxonomy":"product_cat","embeddable":true,"href":"https:\/\/geoclimate.ge\/az\/wp-json\/wp\/v2\/product_cat?post=23766"},{"taxonomy":"product_tag","embeddable":true,"href":"https:\/\/geoclimate.ge\/az\/wp-json\/wp\/v2\/product_tag?post=23766"}],"curies":[{"name":"wp","href":"https:\/\/api.w.org\/{rel}","templated":true}]}}