{"id":23786,"date":"2025-02-12T10:06:02","date_gmt":"2025-02-12T06:06:02","guid":{"rendered":"https:\/\/airsystems.ge\/shop\/product\/acoustic-panels-alphacoustic-ap\/"},"modified":"2025-02-25T23:34:34","modified_gmt":"2025-02-25T19:34:34","slug":"acoustic-panels-alphacoustic-ap","status":"publish","type":"product","link":"https:\/\/geoclimate.ge\/az\/product\/acoustic-panels-alphacoustic-ap\/","title":{"rendered":"Akustik Panell\u0259r ALPHAcoustic \u2013 AP"},"content":{"rendered":"<p>ALPHAcoustic \u2013 AP.Ortho m\u00fck\u0259mm\u0259l keyfiyy\u0259tli par\u00e7alarla tam \u0259hat\u0259 olunmu\u015f kvadrat k\u0259narlar\u0131 (d\u00fczbucaql\u0131 t\u0259p\u0259l\u0259ri) olan d\u00fczbucaql\u0131 akustik panell\u0259rdir. Onlar narahat edici s\u0259s-k\u00fcy\u00fcn \u0259ks olunmas\u0131n\u0131 aradan qald\u0131r\u0131r, daxili akustikan\u0131 yax\u015f\u0131la\u015fd\u0131r\u0131r, \u0259ks-s\u0259da do\u011furan s\u0259s-k\u00fcy\u00fc azald\u0131r v\u0259 daha yax\u015f\u0131 akustik m\u00fchit t\u0259klif edir.<\/p>\n<p>H\u0259r bir t\u0259tbiqin t\u0259l\u0259bl\u0259rind\u0259n as\u0131l\u0131 olaraq, geni\u015f diapazonlu tezlik udulmas\u0131na nail olmaq \u00fc\u00e7\u00fcn m\u00fcxt\u0259lif s\u0259s uducu materiallar\u0131n birl\u0259\u015fm\u0259si t\u0259tbiq oluna bil\u0259r.<\/p>\n<p>M\u00fc\u0259yy\u0259n bir \u00e7ap m\u00f6vzusu t\u0259l\u0259b ed\u0259n layih\u0259l\u0259r \u00fc\u00e7\u00fcn limitsiz r\u0259ng se\u00e7imi v\u0259 t\u0259svir imkanlar\u0131 il\u0259 y\u00fcks\u0259k texnologiyal\u0131 \u00e7ap edilmi\u015f akustik tekstild\u0259n istifad\u0259 edirik.<\/p>\n<p>Standart \u00d6l\u00e7\u00fcl\u0259r: 120 x 60 x 5 sm (m\u00fcxt\u0259lif formalar, \u00f6l\u00e7\u00fcl\u0259r v\u0259 qal\u0131nl\u0131qlar ist\u0259y\u0259 g\u00f6r\u0259 verilir). Onlar kvadrat, d\u00fczbucaql\u0131, ellips, yar\u0131mdair\u0259, \u00fc\u00e7bucaq, be\u015fbucaql\u0131, alt\u0131bucaql\u0131, yeddibucaql\u0131, s\u0259kkizbucaql\u0131 v\u0259 s. kimi bir \u00e7ox formalarda olur.<\/p>\n<p>Y\u00fcks\u0259k s\u0259s udma indeksi (\u03b1s) say\u0259sind\u0259 akustik panel h\u0259r bir akustik tezlik diapazonunda maksimum s\u0259s udulmas\u0131na nail ola bil\u0259r. \u0130st\u0259k \u0259sas\u0131nda akustik panell\u0259rimizin \u0259ks\u0259r n\u00f6vl\u0259ri \u00fc\u00e7\u00fcn ISO 354.2003 v\u0259 ISO 11654.1997 standartlar\u0131na uy\u011fun olaraq s\u0259s udma indeksini t\u0259yin ed\u0259 bil\u0259rik. S\u0259s udma \u0259msal\u0131 (\u03b1s) akustik panell\u0259rin \u0259ks\u0259r n\u00f6vl\u0259ri \u00fc\u00e7\u00fcn ISO 354.2003 v\u0259 ISO 11654.1997 standartlar\u0131na uy\u011fun olaraq hesablamaq m\u00fcmk\u00fcnd\u00fcr.<\/p>\n<p>H\u0259r bir t\u0259tbiqin t\u0259l\u0259bl\u0259rind\u0259n as\u0131l\u0131 olaraq v\u0259 geni\u015f diapazonlu tezlik udulmas\u0131na nail olmaq \u00fc\u00e7\u00fcn m\u00fcxt\u0259lif s\u0259s uducu materiallar\u0131n kombinasiyas\u0131 t\u0259tbiq oluna bil\u0259r.<\/p>\n","protected":false},"excerpt":{"rendered":"<p>Kesiti\u00a0 \u00a0 D\u00fczbucaql\u0131<\/p>\n<p>ALPHAcoustic\u00a0\u2013\u00a0AP.Ortho\u00a0 m\u00fck\u0259mm\u0259l keyfiyy\u0259tli par\u00e7alarla tam \u0259hat\u0259 olunmu\u015f kvadrat k\u0259narlar\u0131\u00a0(d\u00fczbucaql\u0131 t\u0259p\u0259l\u0259ri) olan d\u00fczbucaql\u0131 akustik panell\u0259rdir. Onlar narahatedici s\u0259s-k\u00fcy\u00fcn \u0259ks olunmalar\u0131n\u0131 aradan qald\u0131r\u0131r, daxili akustikan\u0131 yax\u015f\u0131la\u015fd\u0131r\u0131r, \u0259ks-s\u0259da do\u011furan s\u0259s-k\u00fcy\u00fc azald\u0131r v\u0259 daha yax\u015f\u0131 akustik m\u00fchit t\u0259klif edir. H\u0259r bir t\u0259tbiqin t\u0259l\u0259bl\u0259rind\u0259n as\u0131l\u0131 olaraq, geni\u015f diapazonlu tezlik udulmas\u0131na nail olmaq \u00fc\u00e7\u00fcn m\u00fcxt\u0259lif s\u0259s uducu materiallar\u0131n kombinasiyas\u0131 t\u0259tbiq oluna bil\u0259r. X\u00fcsusi \u00e7ap m\u00f6vzusunu t\u0259l\u0259b ed\u0259n layih\u0259l\u0259r \u00fc\u00e7\u00fcn biz qeyri-m\u0259hdud \u00e7ap edilmi\u015f akustik r\u0259ng se\u00e7iml\u0259ri il\u0259 y\u00fcks\u0259k texnologiyadan istifad\u0259 edirik. \u00d6l\u00e7\u00fcl\u0259r: 120 x 60 x 5 sm\u00a0(m\u00fcxt\u0259lif formalar, \u00f6l\u00e7\u00fcl\u0259r v\u0259 qal\u0131nl\u0131qlar sifari\u015f \u0259sas\u0131nda m\u00fcmk\u00fcnd\u00fcr). Onlar kvadrat, d\u00fczbucaql\u0131, ellips, yar\u0131mdair\u0259, \u00fc\u00e7bucaq, be\u015fbucaql\u0131, alt\u0131bucaql\u0131, yeddibucaql\u0131, s\u0259kkizbucaql\u0131 v\u0259 s. kimi bir \u00e7ox formada olur<\/p>\n","protected":false},"featured_media":22815,"template":"","meta":[],"product_brand":[],"product_cat":[930],"product_tag":[],"class_list":{"0":"post-23786","1":"product","2":"type-product","3":"status-publish","4":"has-post-thumbnail","6":"product_cat-acoustic-panels-az","8":"first","9":"instock","10":"shipping-taxable","11":"product-type-simple"},"yoast_head":"<!-- This site is optimized with the Yoast SEO plugin v27.1.1 - https:\/\/yoast.com\/product\/yoast-seo-wordpress\/ -->\n<title>Akustik Panell\u0259r ALPHAcoustic \u2013 AP - GeoClimate.ge<\/title>\n<meta name=\"robots\" content=\"index, follow, max-snippet:-1, max-image-preview:large, max-video-preview:-1\" \/>\n<link rel=\"canonical\" href=\"https:\/\/geoclimate.ge\/az\/product\/acoustic-panels-alphacoustic-ap\/\" \/>\n<meta property=\"og:locale\" content=\"az_AZ\" \/>\n<meta property=\"og:type\" content=\"article\" \/>\n<meta property=\"og:title\" content=\"Akustik Panell\u0259r ALPHAcoustic \u2013 AP - GeoClimate.ge\" \/>\n<meta property=\"og:description\" content=\"Kesiti\u00a0 \u00a0 D\u00fczbucaql\u0131  ALPHAcoustic\u00a0\u2013\u00a0AP.Ortho\u00a0 m\u00fck\u0259mm\u0259l keyfiyy\u0259tli par\u00e7alarla tam \u0259hat\u0259 olunmu\u015f kvadrat k\u0259narlar\u0131\u00a0(d\u00fczbucaql\u0131 t\u0259p\u0259l\u0259ri) olan d\u00fczbucaql\u0131 akustik panell\u0259rdir. Onlar narahatedici s\u0259s-k\u00fcy\u00fcn \u0259ks olunmalar\u0131n\u0131 aradan qald\u0131r\u0131r, daxili akustikan\u0131 yax\u015f\u0131la\u015fd\u0131r\u0131r, \u0259ks-s\u0259da do\u011furan s\u0259s-k\u00fcy\u00fc azald\u0131r v\u0259 daha yax\u015f\u0131 akustik m\u00fchit t\u0259klif edir. H\u0259r bir t\u0259tbiqin t\u0259l\u0259bl\u0259rind\u0259n as\u0131l\u0131 olaraq, geni\u015f diapazonlu tezlik udulmas\u0131na nail olmaq \u00fc\u00e7\u00fcn m\u00fcxt\u0259lif s\u0259s uducu materiallar\u0131n kombinasiyas\u0131 t\u0259tbiq oluna bil\u0259r. X\u00fcsusi \u00e7ap m\u00f6vzusunu t\u0259l\u0259b ed\u0259n layih\u0259l\u0259r \u00fc\u00e7\u00fcn biz qeyri-m\u0259hdud \u00e7ap edilmi\u015f akustik r\u0259ng se\u00e7iml\u0259ri il\u0259 y\u00fcks\u0259k texnologiyadan istifad\u0259 edirik. \u00d6l\u00e7\u00fcl\u0259r: 120 x 60 x 5 sm\u00a0(m\u00fcxt\u0259lif formalar, \u00f6l\u00e7\u00fcl\u0259r v\u0259 qal\u0131nl\u0131qlar sifari\u015f \u0259sas\u0131nda m\u00fcmk\u00fcnd\u00fcr). Onlar kvadrat, d\u00fczbucaql\u0131, ellips, yar\u0131mdair\u0259, \u00fc\u00e7bucaq, be\u015fbucaql\u0131, alt\u0131bucaql\u0131, yeddibucaql\u0131, s\u0259kkizbucaql\u0131 v\u0259 s. kimi bir \u00e7ox formada olur\" \/>\n<meta property=\"og:url\" content=\"https:\/\/geoclimate.ge\/az\/product\/acoustic-panels-alphacoustic-ap\/\" \/>\n<meta property=\"og:site_name\" content=\"GeoClimate.ge\" \/>\n<meta property=\"article:modified_time\" content=\"2025-02-25T19:34:34+00:00\" \/>\n<meta property=\"og:image\" content=\"https:\/\/geoclimate.ge\/wp-content\/uploads\/2025\/02\/ALPHAcoustic-AP-profile-photo.jpg\" \/>\n\t<meta property=\"og:image:width\" content=\"800\" \/>\n\t<meta property=\"og:image:height\" content=\"600\" \/>\n\t<meta property=\"og:image:type\" content=\"image\/jpeg\" \/>\n<meta name=\"twitter:card\" content=\"summary_large_image\" \/>\n<meta name=\"twitter:label1\" content=\"Est. reading time\" \/>\n\t<meta name=\"twitter:data1\" content=\"2 minutes\" \/>\n<script type=\"application\/ld+json\" class=\"yoast-schema-graph\">{\"@context\":\"https:\/\/schema.org\",\"@graph\":[{\"@type\":\"WebPage\",\"@id\":\"https:\/\/geoclimate.ge\/az\/product\/acoustic-panels-alphacoustic-ap\/\",\"url\":\"https:\/\/geoclimate.ge\/az\/product\/acoustic-panels-alphacoustic-ap\/\",\"name\":\"Akustik Panell\u0259r ALPHAcoustic \u2013 AP - GeoClimate.ge\",\"isPartOf\":{\"@id\":\"https:\/\/geoclimate.ge\/#website\"},\"primaryImageOfPage\":{\"@id\":\"https:\/\/geoclimate.ge\/az\/product\/acoustic-panels-alphacoustic-ap\/#primaryimage\"},\"image\":{\"@id\":\"https:\/\/geoclimate.ge\/az\/product\/acoustic-panels-alphacoustic-ap\/#primaryimage\"},\"thumbnailUrl\":\"https:\/\/geoclimate.ge\/wp-content\/uploads\/2025\/02\/ALPHAcoustic-AP-profile-photo.jpg\",\"datePublished\":\"2025-02-12T06:06:02+00:00\",\"dateModified\":\"2025-02-25T19:34:34+00:00\",\"breadcrumb\":{\"@id\":\"https:\/\/geoclimate.ge\/az\/product\/acoustic-panels-alphacoustic-ap\/#breadcrumb\"},\"inLanguage\":\"az\",\"potentialAction\":[{\"@type\":\"ReadAction\",\"target\":[\"https:\/\/geoclimate.ge\/az\/product\/acoustic-panels-alphacoustic-ap\/\"]}]},{\"@type\":\"ImageObject\",\"inLanguage\":\"az\",\"@id\":\"https:\/\/geoclimate.ge\/az\/product\/acoustic-panels-alphacoustic-ap\/#primaryimage\",\"url\":\"https:\/\/geoclimate.ge\/wp-content\/uploads\/2025\/02\/ALPHAcoustic-AP-profile-photo.jpg\",\"contentUrl\":\"https:\/\/geoclimate.ge\/wp-content\/uploads\/2025\/02\/ALPHAcoustic-AP-profile-photo.jpg\",\"width\":800,\"height\":600},{\"@type\":\"BreadcrumbList\",\"@id\":\"https:\/\/geoclimate.ge\/az\/product\/acoustic-panels-alphacoustic-ap\/#breadcrumb\",\"itemListElement\":[{\"@type\":\"ListItem\",\"position\":1,\"name\":\"Home\",\"item\":\"https:\/\/geoclimate.ge\/az\/\"},{\"@type\":\"ListItem\",\"position\":2,\"name\":\"M\u0259hsullar\",\"item\":\"https:\/\/geoclimate.ge\/az\/products\/\"},{\"@type\":\"ListItem\",\"position\":3,\"name\":\"Akustik Panell\u0259r ALPHAcoustic \u2013 AP\"}]},{\"@type\":\"WebSite\",\"@id\":\"https:\/\/geoclimate.ge\/#website\",\"url\":\"https:\/\/geoclimate.ge\/\",\"name\":\"GeoClimate\",\"description\":\"\",\"publisher\":{\"@id\":\"https:\/\/geoclimate.ge\/#organization\"},\"potentialAction\":[{\"@type\":\"SearchAction\",\"target\":{\"@type\":\"EntryPoint\",\"urlTemplate\":\"https:\/\/geoclimate.ge\/?s={search_term_string}\"},\"query-input\":{\"@type\":\"PropertyValueSpecification\",\"valueRequired\":true,\"valueName\":\"search_term_string\"}}],\"inLanguage\":\"az\"},{\"@type\":\"Organization\",\"@id\":\"https:\/\/geoclimate.ge\/#organization\",\"name\":\"GeoClimate\",\"url\":\"https:\/\/geoclimate.ge\/\",\"logo\":{\"@type\":\"ImageObject\",\"inLanguage\":\"az\",\"@id\":\"https:\/\/geoclimate.ge\/#\/schema\/logo\/image\/\",\"url\":\"https:\/\/geoclimate.ge\/wp-content\/uploads\/2026\/03\/geoclimate-SEO.png\",\"contentUrl\":\"https:\/\/geoclimate.ge\/wp-content\/uploads\/2026\/03\/geoclimate-SEO.png\",\"width\":1536,\"height\":1024,\"caption\":\"GeoClimate\"},\"image\":{\"@id\":\"https:\/\/geoclimate.ge\/#\/schema\/logo\/image\/\"}}]}<\/script>\n<!-- \/ Yoast SEO plugin. -->","yoast_head_json":{"title":"Akustik Panell\u0259r ALPHAcoustic \u2013 AP - GeoClimate.ge","robots":{"index":"index","follow":"follow","max-snippet":"max-snippet:-1","max-image-preview":"max-image-preview:large","max-video-preview":"max-video-preview:-1"},"canonical":"https:\/\/geoclimate.ge\/az\/product\/acoustic-panels-alphacoustic-ap\/","og_locale":"az_AZ","og_type":"article","og_title":"Akustik Panell\u0259r ALPHAcoustic \u2013 AP - GeoClimate.ge","og_description":"Kesiti\u00a0 \u00a0 D\u00fczbucaql\u0131  ALPHAcoustic\u00a0\u2013\u00a0AP.Ortho\u00a0 m\u00fck\u0259mm\u0259l keyfiyy\u0259tli par\u00e7alarla tam \u0259hat\u0259 olunmu\u015f kvadrat k\u0259narlar\u0131\u00a0(d\u00fczbucaql\u0131 t\u0259p\u0259l\u0259ri) olan d\u00fczbucaql\u0131 akustik panell\u0259rdir. Onlar narahatedici s\u0259s-k\u00fcy\u00fcn \u0259ks olunmalar\u0131n\u0131 aradan qald\u0131r\u0131r, daxili akustikan\u0131 yax\u015f\u0131la\u015fd\u0131r\u0131r, \u0259ks-s\u0259da do\u011furan s\u0259s-k\u00fcy\u00fc azald\u0131r v\u0259 daha yax\u015f\u0131 akustik m\u00fchit t\u0259klif edir. H\u0259r bir t\u0259tbiqin t\u0259l\u0259bl\u0259rind\u0259n as\u0131l\u0131 olaraq, geni\u015f diapazonlu tezlik udulmas\u0131na nail olmaq \u00fc\u00e7\u00fcn m\u00fcxt\u0259lif s\u0259s uducu materiallar\u0131n kombinasiyas\u0131 t\u0259tbiq oluna bil\u0259r. X\u00fcsusi \u00e7ap m\u00f6vzusunu t\u0259l\u0259b ed\u0259n layih\u0259l\u0259r \u00fc\u00e7\u00fcn biz qeyri-m\u0259hdud \u00e7ap edilmi\u015f akustik r\u0259ng se\u00e7iml\u0259ri il\u0259 y\u00fcks\u0259k texnologiyadan istifad\u0259 edirik. \u00d6l\u00e7\u00fcl\u0259r: 120 x 60 x 5 sm\u00a0(m\u00fcxt\u0259lif formalar, \u00f6l\u00e7\u00fcl\u0259r v\u0259 qal\u0131nl\u0131qlar sifari\u015f \u0259sas\u0131nda m\u00fcmk\u00fcnd\u00fcr). Onlar kvadrat, d\u00fczbucaql\u0131, ellips, yar\u0131mdair\u0259, \u00fc\u00e7bucaq, be\u015fbucaql\u0131, alt\u0131bucaql\u0131, yeddibucaql\u0131, s\u0259kkizbucaql\u0131 v\u0259 s. kimi bir \u00e7ox formada olur","og_url":"https:\/\/geoclimate.ge\/az\/product\/acoustic-panels-alphacoustic-ap\/","og_site_name":"GeoClimate.ge","article_modified_time":"2025-02-25T19:34:34+00:00","og_image":[{"width":800,"height":600,"url":"https:\/\/geoclimate.ge\/wp-content\/uploads\/2025\/02\/ALPHAcoustic-AP-profile-photo.jpg","type":"image\/jpeg"}],"twitter_card":"summary_large_image","twitter_misc":{"Est. reading time":"2 minutes"},"schema":{"@context":"https:\/\/schema.org","@graph":[{"@type":"WebPage","@id":"https:\/\/geoclimate.ge\/az\/product\/acoustic-panels-alphacoustic-ap\/","url":"https:\/\/geoclimate.ge\/az\/product\/acoustic-panels-alphacoustic-ap\/","name":"Akustik Panell\u0259r ALPHAcoustic \u2013 AP - GeoClimate.ge","isPartOf":{"@id":"https:\/\/geoclimate.ge\/#website"},"primaryImageOfPage":{"@id":"https:\/\/geoclimate.ge\/az\/product\/acoustic-panels-alphacoustic-ap\/#primaryimage"},"image":{"@id":"https:\/\/geoclimate.ge\/az\/product\/acoustic-panels-alphacoustic-ap\/#primaryimage"},"thumbnailUrl":"https:\/\/geoclimate.ge\/wp-content\/uploads\/2025\/02\/ALPHAcoustic-AP-profile-photo.jpg","datePublished":"2025-02-12T06:06:02+00:00","dateModified":"2025-02-25T19:34:34+00:00","breadcrumb":{"@id":"https:\/\/geoclimate.ge\/az\/product\/acoustic-panels-alphacoustic-ap\/#breadcrumb"},"inLanguage":"az","potentialAction":[{"@type":"ReadAction","target":["https:\/\/geoclimate.ge\/az\/product\/acoustic-panels-alphacoustic-ap\/"]}]},{"@type":"ImageObject","inLanguage":"az","@id":"https:\/\/geoclimate.ge\/az\/product\/acoustic-panels-alphacoustic-ap\/#primaryimage","url":"https:\/\/geoclimate.ge\/wp-content\/uploads\/2025\/02\/ALPHAcoustic-AP-profile-photo.jpg","contentUrl":"https:\/\/geoclimate.ge\/wp-content\/uploads\/2025\/02\/ALPHAcoustic-AP-profile-photo.jpg","width":800,"height":600},{"@type":"BreadcrumbList","@id":"https:\/\/geoclimate.ge\/az\/product\/acoustic-panels-alphacoustic-ap\/#breadcrumb","itemListElement":[{"@type":"ListItem","position":1,"name":"Home","item":"https:\/\/geoclimate.ge\/az\/"},{"@type":"ListItem","position":2,"name":"M\u0259hsullar","item":"https:\/\/geoclimate.ge\/az\/products\/"},{"@type":"ListItem","position":3,"name":"Akustik Panell\u0259r ALPHAcoustic \u2013 AP"}]},{"@type":"WebSite","@id":"https:\/\/geoclimate.ge\/#website","url":"https:\/\/geoclimate.ge\/","name":"GeoClimate","description":"","publisher":{"@id":"https:\/\/geoclimate.ge\/#organization"},"potentialAction":[{"@type":"SearchAction","target":{"@type":"EntryPoint","urlTemplate":"https:\/\/geoclimate.ge\/?s={search_term_string}"},"query-input":{"@type":"PropertyValueSpecification","valueRequired":true,"valueName":"search_term_string"}}],"inLanguage":"az"},{"@type":"Organization","@id":"https:\/\/geoclimate.ge\/#organization","name":"GeoClimate","url":"https:\/\/geoclimate.ge\/","logo":{"@type":"ImageObject","inLanguage":"az","@id":"https:\/\/geoclimate.ge\/#\/schema\/logo\/image\/","url":"https:\/\/geoclimate.ge\/wp-content\/uploads\/2026\/03\/geoclimate-SEO.png","contentUrl":"https:\/\/geoclimate.ge\/wp-content\/uploads\/2026\/03\/geoclimate-SEO.png","width":1536,"height":1024,"caption":"GeoClimate"},"image":{"@id":"https:\/\/geoclimate.ge\/#\/schema\/logo\/image\/"}}]}},"_links":{"self":[{"href":"https:\/\/geoclimate.ge\/az\/wp-json\/wp\/v2\/product\/23786","targetHints":{"allow":["GET"]}}],"collection":[{"href":"https:\/\/geoclimate.ge\/az\/wp-json\/wp\/v2\/product"}],"about":[{"href":"https:\/\/geoclimate.ge\/az\/wp-json\/wp\/v2\/types\/product"}],"wp:featuredmedia":[{"embeddable":true,"href":"https:\/\/geoclimate.ge\/az\/wp-json\/wp\/v2\/media\/22815"}],"wp:attachment":[{"href":"https:\/\/geoclimate.ge\/az\/wp-json\/wp\/v2\/media?parent=23786"}],"wp:term":[{"taxonomy":"product_brand","embeddable":true,"href":"https:\/\/geoclimate.ge\/az\/wp-json\/wp\/v2\/product_brand?post=23786"},{"taxonomy":"product_cat","embeddable":true,"href":"https:\/\/geoclimate.ge\/az\/wp-json\/wp\/v2\/product_cat?post=23786"},{"taxonomy":"product_tag","embeddable":true,"href":"https:\/\/geoclimate.ge\/az\/wp-json\/wp\/v2\/product_tag?post=23786"}],"curies":[{"name":"wp","href":"https:\/\/api.w.org\/{rel}","templated":true}]}}