{"id":23794,"date":"2025-02-12T22:57:00","date_gmt":"2025-02-12T18:57:00","guid":{"rendered":"https:\/\/airsystems.ge\/shop\/product\/mass-loaded-vinyl-membrane-isolfon-barrier\/"},"modified":"2025-02-23T21:02:11","modified_gmt":"2025-02-23T17:02:11","slug":"mass-loaded-vinyl-membrane-isolfon-barrier","status":"publish","type":"product","link":"https:\/\/geoclimate.ge\/az\/product\/mass-loaded-vinyl-membrane-isolfon-barrier\/","title":{"rendered":"K\u00fctl\u0259vi Y\u00fckl\u00fc Vinil Membran ISOLfon \u2013 Baryer"},"content":{"rendered":"<p>Yan\u011f\u0131n davran\u0131\u015f\u0131:\u00a0HF1 (UL94), SE (MVSS 302)<br \/>\nTemperatur diapazonu:\u00a0-30\u00b0C, +130\u00b0C (davaml\u0131 istifad\u0259)<\/p>\n<p>ISOLfon\u2013BARRIER\u00a05\u00a0Rw\u00a0(C+Ctr)\u00a0= 27\u00a0(-1,-3)\u00a0dB<\/p>\n<p>ISOLfon\u2013BARRIER\u00a010\u00a0Rw\u00a0(C+Ctr)\u00a0= 31\u00a0(-1,-4)\u00a0dB<br \/>\nDrywall 2+2 al\u00e7\u0131pan<br \/>\nRw-nin 5 dB t\u0259kmill\u0259\u015fdirilm\u0259si il\u0259 yana\u015f\u0131, tezlikd\u0259 \u0259lav\u0259\u00a05-10 dB t\u0259kmill\u0259\u015fdirm\u0259 var.<br \/>\n1500-4000 Hz diapazonu.<\/p>\n<p><img loading=\"lazy\" decoding=\"async\" class=\"alignnone wp-image-5759 size-full\" src=\"https:\/\/alphacoustic.com\/wp-content\/uploads\/2013\/09\/table1.jpg\" sizes=\"auto, (max-width: 379px) 100vw, 379px\" srcset=\"https:\/\/alphacoustic.com\/wp-content\/uploads\/2013\/09\/table1.jpg 379w, https:\/\/alphacoustic.com\/wp-content\/uploads\/2013\/09\/table1-284x300.jpg 284w\" alt=\"\" width=\"379\" height=\"400\" \/><\/p>\n<p>Bu, evl\u0259rd\u0259 v\u0259 ofisl\u0259rd\u0259 tez-tez qar\u015f\u0131la\u015fd\u0131\u011f\u0131m\u0131z tezlik diapazonudur.<\/p>\n","protected":false},"excerpt":{"rendered":"<div class=\"woocommerce-product-details__short-description\">\n<p>ISOLfon-BARRIER, x\u00fcsusil\u0259 y\u00fcng\u00fcl\/quru tikintil\u0259rd\u0259 divarlar\u0131n v\u0259 tavanlar\u0131n \u00f6t\u00fcr\u00fclm\u0259 itkisini art\u0131ran s\u0259s izolyasiya ed\u0259n membrand\u0131r.<\/p>\n<p>\u00d6zl\u00fc-elastik x\u00fcsusiyy\u0259tl\u0259ri say\u0259sind\u0259 bu s\u0259s izolyasiya material\u0131, y\u00fcks\u0259k s\u0259th \u00e7\u0259kisi, ki\u00e7ik qal\u0131nl\u0131\u011f\u0131, y\u00fcks\u0259k mexaniki m\u00fcqavim\u0259ti v\u0259 elastikliyi say\u0259sind\u0259, ISOLfon-BARRIER nazik s\u0259s izolyasiya material\u0131 t\u0259l\u0259b ed\u0259n y\u00fcng\u00fcl v\u0259 quru arak\u0259sm\u0259l\u0259r \u00fc\u00e7\u00fcn \u0259n praktik s\u0259s izolyasiya membranlar\u0131ndan biridir.<\/p>\n<p>Kateqoriya: S\u0259s izolyasiyas\u0131<\/p>\n<\/div>\n","protected":false},"featured_media":22915,"template":"","meta":[],"product_brand":[],"product_cat":[804,934,935],"product_tag":[],"class_list":{"0":"post-23794","1":"product","2":"type-product","3":"status-publish","4":"has-post-thumbnail","6":"product_cat-akustika-ss-kuy-v-vibrasiyaya-nzart","7":"product_cat-building-acoustics-az","8":"product_cat-sound-proofing-az","10":"first","11":"instock","12":"shipping-taxable","13":"product-type-simple"},"yoast_head":"<!-- This site is optimized with the Yoast SEO plugin v27.1.1 - https:\/\/yoast.com\/product\/yoast-seo-wordpress\/ -->\n<title>K\u00fctl\u0259vi Y\u00fckl\u00fc Vinil Membran ISOLfon \u2013 Baryer - GeoClimate.ge<\/title>\n<meta name=\"robots\" content=\"index, follow, max-snippet:-1, max-image-preview:large, max-video-preview:-1\" \/>\n<link rel=\"canonical\" href=\"https:\/\/geoclimate.ge\/az\/product\/mass-loaded-vinyl-membrane-isolfon-barrier\/\" \/>\n<meta property=\"og:locale\" content=\"az_AZ\" \/>\n<meta property=\"og:type\" content=\"article\" \/>\n<meta property=\"og:title\" content=\"K\u00fctl\u0259vi Y\u00fckl\u00fc Vinil Membran ISOLfon \u2013 Baryer - GeoClimate.ge\" \/>\n<meta property=\"og:description\" content=\"ISOLfon-BARRIER, x\u00fcsusil\u0259 y\u00fcng\u00fcl\/quru tikintil\u0259rd\u0259 divarlar\u0131n v\u0259 tavanlar\u0131n \u00f6t\u00fcr\u00fclm\u0259 itkisini art\u0131ran s\u0259s izolyasiya ed\u0259n membrand\u0131r.  \u00d6zl\u00fc-elastik x\u00fcsusiyy\u0259tl\u0259ri say\u0259sind\u0259 bu s\u0259s izolyasiya material\u0131, y\u00fcks\u0259k s\u0259th \u00e7\u0259kisi, ki\u00e7ik qal\u0131nl\u0131\u011f\u0131, y\u00fcks\u0259k mexaniki m\u00fcqavim\u0259ti v\u0259 elastikliyi say\u0259sind\u0259, ISOLfon-BARRIER nazik s\u0259s izolyasiya material\u0131 t\u0259l\u0259b ed\u0259n y\u00fcng\u00fcl v\u0259 quru arak\u0259sm\u0259l\u0259r \u00fc\u00e7\u00fcn \u0259n praktik s\u0259s izolyasiya membranlar\u0131ndan biridir.  Kateqoriya: S\u0259s izolyasiyas\u0131\" \/>\n<meta property=\"og:url\" content=\"https:\/\/geoclimate.ge\/az\/product\/mass-loaded-vinyl-membrane-isolfon-barrier\/\" \/>\n<meta property=\"og:site_name\" content=\"GeoClimate.ge\" \/>\n<meta property=\"article:modified_time\" content=\"2025-02-23T17:02:11+00:00\" \/>\n<meta property=\"og:image\" content=\"https:\/\/geoclimate.ge\/wp-content\/uploads\/2025\/02\/ISOLfon-BARRIER.webp\" \/>\n\t<meta property=\"og:image:width\" content=\"800\" \/>\n\t<meta property=\"og:image:height\" content=\"600\" \/>\n\t<meta property=\"og:image:type\" content=\"image\/webp\" \/>\n<meta name=\"twitter:card\" content=\"summary_large_image\" \/>\n<script type=\"application\/ld+json\" class=\"yoast-schema-graph\">{\"@context\":\"https:\/\/schema.org\",\"@graph\":[{\"@type\":\"WebPage\",\"@id\":\"https:\/\/geoclimate.ge\/az\/product\/mass-loaded-vinyl-membrane-isolfon-barrier\/\",\"url\":\"https:\/\/geoclimate.ge\/az\/product\/mass-loaded-vinyl-membrane-isolfon-barrier\/\",\"name\":\"K\u00fctl\u0259vi Y\u00fckl\u00fc Vinil Membran ISOLfon \u2013 Baryer - GeoClimate.ge\",\"isPartOf\":{\"@id\":\"https:\/\/geoclimate.ge\/#website\"},\"primaryImageOfPage\":{\"@id\":\"https:\/\/geoclimate.ge\/az\/product\/mass-loaded-vinyl-membrane-isolfon-barrier\/#primaryimage\"},\"image\":{\"@id\":\"https:\/\/geoclimate.ge\/az\/product\/mass-loaded-vinyl-membrane-isolfon-barrier\/#primaryimage\"},\"thumbnailUrl\":\"https:\/\/geoclimate.ge\/wp-content\/uploads\/2025\/02\/ISOLfon-BARRIER.webp\",\"datePublished\":\"2025-02-12T18:57:00+00:00\",\"dateModified\":\"2025-02-23T17:02:11+00:00\",\"breadcrumb\":{\"@id\":\"https:\/\/geoclimate.ge\/az\/product\/mass-loaded-vinyl-membrane-isolfon-barrier\/#breadcrumb\"},\"inLanguage\":\"az\",\"potentialAction\":[{\"@type\":\"ReadAction\",\"target\":[\"https:\/\/geoclimate.ge\/az\/product\/mass-loaded-vinyl-membrane-isolfon-barrier\/\"]}]},{\"@type\":\"ImageObject\",\"inLanguage\":\"az\",\"@id\":\"https:\/\/geoclimate.ge\/az\/product\/mass-loaded-vinyl-membrane-isolfon-barrier\/#primaryimage\",\"url\":\"https:\/\/geoclimate.ge\/wp-content\/uploads\/2025\/02\/ISOLfon-BARRIER.webp\",\"contentUrl\":\"https:\/\/geoclimate.ge\/wp-content\/uploads\/2025\/02\/ISOLfon-BARRIER.webp\",\"width\":800,\"height\":600},{\"@type\":\"BreadcrumbList\",\"@id\":\"https:\/\/geoclimate.ge\/az\/product\/mass-loaded-vinyl-membrane-isolfon-barrier\/#breadcrumb\",\"itemListElement\":[{\"@type\":\"ListItem\",\"position\":1,\"name\":\"Home\",\"item\":\"https:\/\/geoclimate.ge\/az\/\"},{\"@type\":\"ListItem\",\"position\":2,\"name\":\"M\u0259hsullar\",\"item\":\"https:\/\/geoclimate.ge\/az\/products\/\"},{\"@type\":\"ListItem\",\"position\":3,\"name\":\"K\u00fctl\u0259vi Y\u00fckl\u00fc Vinil Membran ISOLfon \u2013 Baryer\"}]},{\"@type\":\"WebSite\",\"@id\":\"https:\/\/geoclimate.ge\/#website\",\"url\":\"https:\/\/geoclimate.ge\/\",\"name\":\"GeoClimate\",\"description\":\"\",\"publisher\":{\"@id\":\"https:\/\/geoclimate.ge\/#organization\"},\"potentialAction\":[{\"@type\":\"SearchAction\",\"target\":{\"@type\":\"EntryPoint\",\"urlTemplate\":\"https:\/\/geoclimate.ge\/?s={search_term_string}\"},\"query-input\":{\"@type\":\"PropertyValueSpecification\",\"valueRequired\":true,\"valueName\":\"search_term_string\"}}],\"inLanguage\":\"az\"},{\"@type\":\"Organization\",\"@id\":\"https:\/\/geoclimate.ge\/#organization\",\"name\":\"GeoClimate\",\"url\":\"https:\/\/geoclimate.ge\/\",\"logo\":{\"@type\":\"ImageObject\",\"inLanguage\":\"az\",\"@id\":\"https:\/\/geoclimate.ge\/#\/schema\/logo\/image\/\",\"url\":\"https:\/\/geoclimate.ge\/wp-content\/uploads\/2026\/03\/geoclimate-SEO.png\",\"contentUrl\":\"https:\/\/geoclimate.ge\/wp-content\/uploads\/2026\/03\/geoclimate-SEO.png\",\"width\":1536,\"height\":1024,\"caption\":\"GeoClimate\"},\"image\":{\"@id\":\"https:\/\/geoclimate.ge\/#\/schema\/logo\/image\/\"}}]}<\/script>\n<!-- \/ Yoast SEO plugin. -->","yoast_head_json":{"title":"K\u00fctl\u0259vi Y\u00fckl\u00fc Vinil Membran ISOLfon \u2013 Baryer - GeoClimate.ge","robots":{"index":"index","follow":"follow","max-snippet":"max-snippet:-1","max-image-preview":"max-image-preview:large","max-video-preview":"max-video-preview:-1"},"canonical":"https:\/\/geoclimate.ge\/az\/product\/mass-loaded-vinyl-membrane-isolfon-barrier\/","og_locale":"az_AZ","og_type":"article","og_title":"K\u00fctl\u0259vi Y\u00fckl\u00fc Vinil Membran ISOLfon \u2013 Baryer - GeoClimate.ge","og_description":"ISOLfon-BARRIER, x\u00fcsusil\u0259 y\u00fcng\u00fcl\/quru tikintil\u0259rd\u0259 divarlar\u0131n v\u0259 tavanlar\u0131n \u00f6t\u00fcr\u00fclm\u0259 itkisini art\u0131ran s\u0259s izolyasiya ed\u0259n membrand\u0131r.  \u00d6zl\u00fc-elastik x\u00fcsusiyy\u0259tl\u0259ri say\u0259sind\u0259 bu s\u0259s izolyasiya material\u0131, y\u00fcks\u0259k s\u0259th \u00e7\u0259kisi, ki\u00e7ik qal\u0131nl\u0131\u011f\u0131, y\u00fcks\u0259k mexaniki m\u00fcqavim\u0259ti v\u0259 elastikliyi say\u0259sind\u0259, ISOLfon-BARRIER nazik s\u0259s izolyasiya material\u0131 t\u0259l\u0259b ed\u0259n y\u00fcng\u00fcl v\u0259 quru arak\u0259sm\u0259l\u0259r \u00fc\u00e7\u00fcn \u0259n praktik s\u0259s izolyasiya membranlar\u0131ndan biridir.  Kateqoriya: S\u0259s izolyasiyas\u0131","og_url":"https:\/\/geoclimate.ge\/az\/product\/mass-loaded-vinyl-membrane-isolfon-barrier\/","og_site_name":"GeoClimate.ge","article_modified_time":"2025-02-23T17:02:11+00:00","og_image":[{"width":800,"height":600,"url":"https:\/\/geoclimate.ge\/wp-content\/uploads\/2025\/02\/ISOLfon-BARRIER.webp","type":"image\/webp"}],"twitter_card":"summary_large_image","schema":{"@context":"https:\/\/schema.org","@graph":[{"@type":"WebPage","@id":"https:\/\/geoclimate.ge\/az\/product\/mass-loaded-vinyl-membrane-isolfon-barrier\/","url":"https:\/\/geoclimate.ge\/az\/product\/mass-loaded-vinyl-membrane-isolfon-barrier\/","name":"K\u00fctl\u0259vi Y\u00fckl\u00fc Vinil Membran ISOLfon \u2013 Baryer - GeoClimate.ge","isPartOf":{"@id":"https:\/\/geoclimate.ge\/#website"},"primaryImageOfPage":{"@id":"https:\/\/geoclimate.ge\/az\/product\/mass-loaded-vinyl-membrane-isolfon-barrier\/#primaryimage"},"image":{"@id":"https:\/\/geoclimate.ge\/az\/product\/mass-loaded-vinyl-membrane-isolfon-barrier\/#primaryimage"},"thumbnailUrl":"https:\/\/geoclimate.ge\/wp-content\/uploads\/2025\/02\/ISOLfon-BARRIER.webp","datePublished":"2025-02-12T18:57:00+00:00","dateModified":"2025-02-23T17:02:11+00:00","breadcrumb":{"@id":"https:\/\/geoclimate.ge\/az\/product\/mass-loaded-vinyl-membrane-isolfon-barrier\/#breadcrumb"},"inLanguage":"az","potentialAction":[{"@type":"ReadAction","target":["https:\/\/geoclimate.ge\/az\/product\/mass-loaded-vinyl-membrane-isolfon-barrier\/"]}]},{"@type":"ImageObject","inLanguage":"az","@id":"https:\/\/geoclimate.ge\/az\/product\/mass-loaded-vinyl-membrane-isolfon-barrier\/#primaryimage","url":"https:\/\/geoclimate.ge\/wp-content\/uploads\/2025\/02\/ISOLfon-BARRIER.webp","contentUrl":"https:\/\/geoclimate.ge\/wp-content\/uploads\/2025\/02\/ISOLfon-BARRIER.webp","width":800,"height":600},{"@type":"BreadcrumbList","@id":"https:\/\/geoclimate.ge\/az\/product\/mass-loaded-vinyl-membrane-isolfon-barrier\/#breadcrumb","itemListElement":[{"@type":"ListItem","position":1,"name":"Home","item":"https:\/\/geoclimate.ge\/az\/"},{"@type":"ListItem","position":2,"name":"M\u0259hsullar","item":"https:\/\/geoclimate.ge\/az\/products\/"},{"@type":"ListItem","position":3,"name":"K\u00fctl\u0259vi Y\u00fckl\u00fc Vinil Membran ISOLfon \u2013 Baryer"}]},{"@type":"WebSite","@id":"https:\/\/geoclimate.ge\/#website","url":"https:\/\/geoclimate.ge\/","name":"GeoClimate","description":"","publisher":{"@id":"https:\/\/geoclimate.ge\/#organization"},"potentialAction":[{"@type":"SearchAction","target":{"@type":"EntryPoint","urlTemplate":"https:\/\/geoclimate.ge\/?s={search_term_string}"},"query-input":{"@type":"PropertyValueSpecification","valueRequired":true,"valueName":"search_term_string"}}],"inLanguage":"az"},{"@type":"Organization","@id":"https:\/\/geoclimate.ge\/#organization","name":"GeoClimate","url":"https:\/\/geoclimate.ge\/","logo":{"@type":"ImageObject","inLanguage":"az","@id":"https:\/\/geoclimate.ge\/#\/schema\/logo\/image\/","url":"https:\/\/geoclimate.ge\/wp-content\/uploads\/2026\/03\/geoclimate-SEO.png","contentUrl":"https:\/\/geoclimate.ge\/wp-content\/uploads\/2026\/03\/geoclimate-SEO.png","width":1536,"height":1024,"caption":"GeoClimate"},"image":{"@id":"https:\/\/geoclimate.ge\/#\/schema\/logo\/image\/"}}]}},"_links":{"self":[{"href":"https:\/\/geoclimate.ge\/az\/wp-json\/wp\/v2\/product\/23794","targetHints":{"allow":["GET"]}}],"collection":[{"href":"https:\/\/geoclimate.ge\/az\/wp-json\/wp\/v2\/product"}],"about":[{"href":"https:\/\/geoclimate.ge\/az\/wp-json\/wp\/v2\/types\/product"}],"wp:featuredmedia":[{"embeddable":true,"href":"https:\/\/geoclimate.ge\/az\/wp-json\/wp\/v2\/media\/22915"}],"wp:attachment":[{"href":"https:\/\/geoclimate.ge\/az\/wp-json\/wp\/v2\/media?parent=23794"}],"wp:term":[{"taxonomy":"product_brand","embeddable":true,"href":"https:\/\/geoclimate.ge\/az\/wp-json\/wp\/v2\/product_brand?post=23794"},{"taxonomy":"product_cat","embeddable":true,"href":"https:\/\/geoclimate.ge\/az\/wp-json\/wp\/v2\/product_cat?post=23794"},{"taxonomy":"product_tag","embeddable":true,"href":"https:\/\/geoclimate.ge\/az\/wp-json\/wp\/v2\/product_tag?post=23794"}],"curies":[{"name":"wp","href":"https:\/\/api.w.org\/{rel}","templated":true}]}}