{"id":23884,"date":"2025-02-23T22:14:59","date_gmt":"2025-02-23T18:14:59","guid":{"rendered":"https:\/\/airsystems.ge\/shop\/product\/self-standing-partitions-alphacoustic-am\/"},"modified":"2025-02-23T22:18:35","modified_gmt":"2025-02-23T18:18:35","slug":"self-standing-partitions-alphacoustic-am","status":"publish","type":"product","link":"https:\/\/geoclimate.ge\/az\/product\/self-standing-partitions-alphacoustic-am\/","title":{"rendered":"\u00d6z-\u00f6z\u00fcn\u0259 dayanan arak\u0259sm\u0259l\u0259r ALPHAcoustic \u2013 AM"},"content":{"rendered":"","protected":false},"excerpt":{"rendered":"<form class=\"variations_form cart\" action=\"https:\/\/alphacoustic.com\/en\/product\/self-standing-partitions-alphacoustic-am-ortho-tondo\/\" enctype=\"multipart\/form-data\" method=\"post\" data-product_id=\"28517\" data-product_variations=\"[{&quot;attributes&quot;:{&quot;attribute_pa_diatomi&quot;:&quot;rectangular&quot;},&quot;availability_html&quot;:&quot;&quot;,&quot;backorders_allowed&quot;:false,&quot;dimensions&quot;:{&quot;length&quot;:&quot;&quot;,&quot;width&quot;:&quot;&quot;,&quot;height&quot;:&quot;&quot;},&quot;dimensions_html&quot;:&quot;N\\\/A&quot;,&quot;display_price&quot;:1,&quot;display_regular_price&quot;:1,&quot;image&quot;:{&quot;title&quot;:&quot;alphacoustic-am&quot;,&quot;caption&quot;:&quot;Product photo of Self-Standing Acoustic Panel&quot;,&quot;url&quot;:&quot;https:\\\/\\\/alphacoustic.com\\\/wp-content\\\/uploads\\\/2013\\\/09\\\/alphacoustic-am.jpg&quot;,&quot;alt&quot;:&quot;\\u03b7\\u03c7\\u03bf\\u03b1\\u03c0\\u03bf\\u03c1\\u03c1\\u03bf\\u03c6\\u03b7\\u03c4\\u03b9\\u03ba\\u03cc \\u03b7\\u03c7\\u03bf\\u03bc\\u03bf\\u03bd\\u03c9\\u03c4\\u03b9\\u03ba\\u03cc \\u03b4\\u03b9\\u03b1\\u03c7\\u03c9\\u03c1\\u03b9\\u03c3\\u03c4\\u03b9\\u03ba\\u03cc \\u03b3\\u03c1\\u03b1\\u03c6\\u03b5\\u03af\\u03bf\\u03c5&quot;,&quot;src&quot;:&quot;https:\\\/\\\/alphacoustic.com\\\/wp-content\\\/uploads\\\/2013\\\/09\\\/alphacoustic-am.jpg&quot;,&quot;srcset&quot;:&quot;https:\\\/\\\/alphacoustic.com\\\/wp-content\\\/uploads\\\/2013\\\/09\\\/alphacoustic-am.jpg 527w, https:\\\/\\\/alphacoustic.com\\\/wp-content\\\/uploads\\\/2013\\\/09\\\/alphacoustic-am-300x215.jpg 300w&quot;,&quot;sizes&quot;:&quot;(max-width: 527px) 100vw, 527px&quot;,&quot;full_src&quot;:&quot;https:\\\/\\\/alphacoustic.com\\\/wp-content\\\/uploads\\\/2013\\\/09\\\/alphacoustic-am.jpg&quot;,&quot;full_src_w&quot;:527,&quot;full_src_h&quot;:377,&quot;gallery_thumbnail_src&quot;:&quot;https:\\\/\\\/alphacoustic.com\\\/wp-content\\\/uploads\\\/2013\\\/09\\\/alphacoustic-am-150x150.jpg&quot;,&quot;gallery_thumbnail_src_w&quot;:100,&quot;gallery_thumbnail_src_h&quot;:100,&quot;thumb_src&quot;:&quot;https:\\\/\\\/alphacoustic.com\\\/wp-content\\\/uploads\\\/2013\\\/09\\\/alphacoustic-am-300x300.jpg&quot;,&quot;thumb_src_w&quot;:300,&quot;thumb_src_h&quot;:300,&quot;src_w&quot;:527,&quot;src_h&quot;:377},&quot;image_id&quot;:11724,&quot;is_downloadable&quot;:false,&quot;is_in_stock&quot;:true,&quot;is_purchasable&quot;:true,&quot;is_sold_individually&quot;:&quot;no&quot;,&quot;is_virtual&quot;:false,&quot;max_qty&quot;:&quot;&quot;,&quot;min_qty&quot;:1,&quot;price_html&quot;:&quot;&quot;,&quot;sku&quot;:&quot;&quot;,&quot;variation_description&quot;:&quot;&quot;,&quot;variation_id&quot;:28518,&quot;variation_is_active&quot;:true,&quot;variation_is_visible&quot;:true,&quot;weight&quot;:&quot;&quot;,&quot;weight_html&quot;:&quot;N\\\/A&quot;},{&quot;attributes&quot;:{&quot;attribute_pa_diatomi&quot;:&quot;curved&quot;},&quot;availability_html&quot;:&quot;&quot;,&quot;backorders_allowed&quot;:false,&quot;dimensions&quot;:{&quot;length&quot;:&quot;&quot;,&quot;width&quot;:&quot;&quot;,&quot;height&quot;:&quot;&quot;},&quot;dimensions_html&quot;:&quot;N\\\/A&quot;,&quot;display_price&quot;:1,&quot;display_regular_price&quot;:1,&quot;image&quot;:{&quot;title&quot;:&quot;alphacoustic-am-tondo&quot;,&quot;caption&quot;:&quot;\\u0395\\u03c0\\u03b9\\u03b4\\u03b1\\u03c0\\u03ad\\u03b4\\u03b9\\u03bf \\u0397\\u03c7\\u03bf\\u03b1\\u03c0\\u03bf\\u03c1\\u03c1\\u03bf\\u03c6\\u03b7\\u03c4\\u03b9\\u03ba\\u03cc \\u03b4\\u03b9\\u03b1\\u03c7\\u03c9\\u03c1\\u03b9\\u03c3\\u03c4\\u03b9\\u03ba\\u03cc \\u03b3\\u03c1\\u03b1\\u03c6\\u03b5\\u03af\\u03c9\\u03bd - \\u039a\\u03b1\\u03bc\\u03c0\\u03cd\\u03bb\\u03b5\\u03c2 \\u03b4\\u03b9\\u03b1\\u03c4\\u03bf\\u03bc\\u03ad\\u03c2&quot;,&quot;url&quot;:&quot;https:\\\/\\\/alphacoustic.com\\\/wp-content\\\/uploads\\\/2019\\\/08\\\/alphacoustic-am-tondo.jpg&quot;,&quot;alt&quot;:&quot;kampylo ixoaporrofitiko diaxoristiko grafeion&quot;,&quot;src&quot;:&quot;https:\\\/\\\/alphacoustic.com\\\/wp-content\\\/uploads\\\/2019\\\/08\\\/alphacoustic-am-tondo.jpg&quot;,&quot;srcset&quot;:&quot;https:\\\/\\\/alphacoustic.com\\\/wp-content\\\/uploads\\\/2019\\\/08\\\/alphacoustic-am-tondo.jpg 527w, https:\\\/\\\/alphacoustic.com\\\/wp-content\\\/uploads\\\/2019\\\/08\\\/alphacoustic-am-tondo-300x215.jpg 300w&quot;,&quot;sizes&quot;:&quot;(max-width: 527px) 100vw, 527px&quot;,&quot;full_src&quot;:&quot;https:\\\/\\\/alphacoustic.com\\\/wp-content\\\/uploads\\\/2019\\\/08\\\/alphacoustic-am-tondo.jpg&quot;,&quot;full_src_w&quot;:527,&quot;full_src_h&quot;:377,&quot;gallery_thumbnail_src&quot;:&quot;https:\\\/\\\/alphacoustic.com\\\/wp-content\\\/uploads\\\/2019\\\/08\\\/alphacoustic-am-tondo-150x150.jpg&quot;,&quot;gallery_thumbnail_src_w&quot;:100,&quot;gallery_thumbnail_src_h&quot;:100,&quot;thumb_src&quot;:&quot;https:\\\/\\\/alphacoustic.com\\\/wp-content\\\/uploads\\\/2019\\\/08\\\/alphacoustic-am-tondo-300x300.jpg&quot;,&quot;thumb_src_w&quot;:300,&quot;thumb_src_h&quot;:300,&quot;src_w&quot;:527,&quot;src_h&quot;:377},&quot;image_id&quot;:11736,&quot;is_downloadable&quot;:false,&quot;is_in_stock&quot;:true,&quot;is_purchasable&quot;:true,&quot;is_sold_individually&quot;:&quot;no&quot;,&quot;is_virtual&quot;:false,&quot;max_qty&quot;:&quot;&quot;,&quot;min_qty&quot;:1,&quot;price_html&quot;:&quot;&quot;,&quot;sku&quot;:&quot;&quot;,&quot;variation_description&quot;:&quot;&quot;,&quot;variation_id&quot;:28519,&quot;variation_is_active&quot;:true,&quot;variation_is_visible&quot;:true,&quot;weight&quot;:&quot;&quot;,&quot;weight_html&quot;:&quot;N\\\/A&quot;}]\" data-gtm-form-interact-id=\"0\">Kesiti D\u00fczbucaql\u0131<\/p>\n<p>ALPHAcoustic\u00a0\u2013\u00a0\u0391\u039c.Ortho\u00a0d\u00fczbucaql\u0131 k\u0259sikli (Dor \u00fcslubu) d\u00f6\u015f\u0259m\u0259d\u0259 dayanan, s\u0259s uducu ofis b\u00f6l\u00fcc\u00fcl\u0259ridir.<\/p>\n<p>Onlar ox\u015far i\u015f yerl\u0259ri aras\u0131nda arak\u0259sm\u0259l\u0259r kimi v\u0259 musiqi al\u0259tl\u0259rind\u0259n s\u0259sin birba\u015fa \u00f6t\u00fcr\u00fclm\u0259sini ay\u0131rmaq \u00fc\u00e7\u00fcn istifad\u0259 edil\u0259 bil\u0259r.<\/p>\n<p>Qura\u015fd\u0131rmaq asand\u0131r v\u0259 iki inteqrasiya olunmu\u015f d\u0259st\u0259k aya\u011f\u0131 say\u0259sind\u0259 m\u0259kan\u0131 yenid\u0259n t\u0259\u015fkil etm\u0259k \u00fc\u00e7\u00fcn \u00e7\u0131xar\u0131la v\u0259 ya k\u00f6\u00e7\u00fcr\u00fcl\u0259 bil\u0259r.<\/p>\n<p>Kateqoriya:\u00a0Akustik Panell\u0259r<\/p>\n<p>Kesiti \u018fyri<\/p>\n<p>ALPHAcoustic \u2013 AM.Tondo yuxar\u0131 s\u0259rb\u0259st t\u0259r\u0259fd\u0259 \u0259yri k\u0259narlar\u0131 olan, d\u00f6\u015f\u0259m\u0259d\u0259 dayanan, s\u0259s uducu panell\u0259rdir.<\/p>\n<p>Elmi ara\u015fd\u0131rmalarla s\u00fcbut edilmi\u015fdir ki, \u0259yri cisiml\u0259r insan beyninin m\u00fcsb\u0259t emosiyalarla \u0259laq\u0259li hiss\u0259l\u0259rini aktivl\u0259\u015fdirir.<\/p>\n<p>\u018fsas x\u00fcsusiyy\u0259tl\u0259r:<br \/>\n&#8211; M\u00fcr\u0259kk\u0259b \u0259yri dizayn.<br \/>\n\u2013 Rahatl\u0131q, t\u0259hl\u00fck\u0259sizlik, yax\u0131nl\u0131q v\u0259 rahatl\u0131q yayan harmonik \u0259yril\u0259r.<br \/>\n\u2013 Onlar m\u0259kan\u0131n akustik v\u0259 estetik t\u0259kmill\u0259\u015fdirilm\u0259sini t\u0259klif edirl\u0259r.<\/p>\n<p>Kateqoriya:\u00a0Akustik Panell\u0259r<\/p>\n<\/form>\n","protected":false},"featured_media":23831,"template":"","meta":[],"product_brand":[],"product_cat":[930,804,931],"product_tag":[],"class_list":{"0":"post-23884","1":"product","2":"type-product","3":"status-publish","4":"has-post-thumbnail","6":"product_cat-acoustic-panels-az","7":"product_cat-akustika-ss-kuy-v-vibrasiyaya-nzart","8":"product_cat-architectural-acoustic-az","10":"first","11":"instock","12":"shipping-taxable","13":"product-type-simple"},"yoast_head":"<!-- This site is optimized with the Yoast SEO plugin v27.1.1 - https:\/\/yoast.com\/product\/yoast-seo-wordpress\/ -->\n<title>\u00d6z-\u00f6z\u00fcn\u0259 dayanan arak\u0259sm\u0259l\u0259r ALPHAcoustic \u2013 AM - GeoClimate.ge<\/title>\n<meta name=\"robots\" content=\"index, follow, max-snippet:-1, max-image-preview:large, max-video-preview:-1\" \/>\n<link rel=\"canonical\" href=\"https:\/\/geoclimate.ge\/az\/product\/self-standing-partitions-alphacoustic-am\/\" \/>\n<meta property=\"og:locale\" content=\"az_AZ\" \/>\n<meta property=\"og:type\" content=\"article\" \/>\n<meta property=\"og:title\" content=\"\u00d6z-\u00f6z\u00fcn\u0259 dayanan arak\u0259sm\u0259l\u0259r ALPHAcoustic \u2013 AM - GeoClimate.ge\" \/>\n<meta property=\"og:description\" content=\"Kesiti D\u00fczbucaql\u0131  ALPHAcoustic\u00a0\u2013\u00a0\u0391\u039c.Ortho\u00a0d\u00fczbucaql\u0131 k\u0259sikli (Dor \u00fcslubu) d\u00f6\u015f\u0259m\u0259d\u0259 dayanan, s\u0259s uducu ofis b\u00f6l\u00fcc\u00fcl\u0259ridir.  Onlar ox\u015far i\u015f yerl\u0259ri aras\u0131nda arak\u0259sm\u0259l\u0259r kimi v\u0259 musiqi al\u0259tl\u0259rind\u0259n s\u0259sin birba\u015fa \u00f6t\u00fcr\u00fclm\u0259sini ay\u0131rmaq \u00fc\u00e7\u00fcn istifad\u0259 edil\u0259 bil\u0259r.  Qura\u015fd\u0131rmaq asand\u0131r v\u0259 iki inteqrasiya olunmu\u015f d\u0259st\u0259k aya\u011f\u0131 say\u0259sind\u0259 m\u0259kan\u0131 yenid\u0259n t\u0259\u015fkil etm\u0259k \u00fc\u00e7\u00fcn \u00e7\u0131xar\u0131la v\u0259 ya k\u00f6\u00e7\u00fcr\u00fcl\u0259 bil\u0259r.  Kateqoriya:\u00a0Akustik Panell\u0259r  Kesiti \u018fyri  ALPHAcoustic \u2013 AM.Tondo yuxar\u0131 s\u0259rb\u0259st t\u0259r\u0259fd\u0259 \u0259yri k\u0259narlar\u0131 olan, d\u00f6\u015f\u0259m\u0259d\u0259 dayanan, s\u0259s uducu panell\u0259rdir.  Elmi ara\u015fd\u0131rmalarla s\u00fcbut edilmi\u015fdir ki, \u0259yri cisiml\u0259r insan beyninin m\u00fcsb\u0259t emosiyalarla \u0259laq\u0259li hiss\u0259l\u0259rini aktivl\u0259\u015fdirir.  \u018fsas x\u00fcsusiyy\u0259tl\u0259r: - M\u00fcr\u0259kk\u0259b \u0259yri dizayn. \u2013 Rahatl\u0131q, t\u0259hl\u00fck\u0259sizlik, yax\u0131nl\u0131q v\u0259 rahatl\u0131q yayan harmonik \u0259yril\u0259r. \u2013 Onlar m\u0259kan\u0131n akustik v\u0259 estetik t\u0259kmill\u0259\u015fdirilm\u0259sini t\u0259klif edirl\u0259r.  Kateqoriya:\u00a0Akustik Panell\u0259r\" \/>\n<meta property=\"og:url\" content=\"https:\/\/geoclimate.ge\/az\/product\/self-standing-partitions-alphacoustic-am\/\" \/>\n<meta property=\"og:site_name\" content=\"GeoClimate.ge\" \/>\n<meta property=\"article:modified_time\" content=\"2025-02-23T18:18:35+00:00\" \/>\n<meta property=\"og:image\" content=\"https:\/\/geoclimate.ge\/wp-content\/uploads\/2025\/02\/alphacoustic-am-tondo.jpg\" \/>\n\t<meta property=\"og:image:width\" content=\"527\" \/>\n\t<meta property=\"og:image:height\" content=\"377\" \/>\n\t<meta property=\"og:image:type\" content=\"image\/jpeg\" \/>\n<meta name=\"twitter:card\" content=\"summary_large_image\" \/>\n<script type=\"application\/ld+json\" class=\"yoast-schema-graph\">{\"@context\":\"https:\/\/schema.org\",\"@graph\":[{\"@type\":\"WebPage\",\"@id\":\"https:\/\/geoclimate.ge\/az\/product\/self-standing-partitions-alphacoustic-am\/\",\"url\":\"https:\/\/geoclimate.ge\/az\/product\/self-standing-partitions-alphacoustic-am\/\",\"name\":\"\u00d6z-\u00f6z\u00fcn\u0259 dayanan arak\u0259sm\u0259l\u0259r ALPHAcoustic \u2013 AM - GeoClimate.ge\",\"isPartOf\":{\"@id\":\"https:\/\/geoclimate.ge\/#website\"},\"primaryImageOfPage\":{\"@id\":\"https:\/\/geoclimate.ge\/az\/product\/self-standing-partitions-alphacoustic-am\/#primaryimage\"},\"image\":{\"@id\":\"https:\/\/geoclimate.ge\/az\/product\/self-standing-partitions-alphacoustic-am\/#primaryimage\"},\"thumbnailUrl\":\"https:\/\/geoclimate.ge\/wp-content\/uploads\/2025\/02\/alphacoustic-am-tondo.jpg\",\"datePublished\":\"2025-02-23T18:14:59+00:00\",\"dateModified\":\"2025-02-23T18:18:35+00:00\",\"breadcrumb\":{\"@id\":\"https:\/\/geoclimate.ge\/az\/product\/self-standing-partitions-alphacoustic-am\/#breadcrumb\"},\"inLanguage\":\"az\",\"potentialAction\":[{\"@type\":\"ReadAction\",\"target\":[\"https:\/\/geoclimate.ge\/az\/product\/self-standing-partitions-alphacoustic-am\/\"]}]},{\"@type\":\"ImageObject\",\"inLanguage\":\"az\",\"@id\":\"https:\/\/geoclimate.ge\/az\/product\/self-standing-partitions-alphacoustic-am\/#primaryimage\",\"url\":\"https:\/\/geoclimate.ge\/wp-content\/uploads\/2025\/02\/alphacoustic-am-tondo.jpg\",\"contentUrl\":\"https:\/\/geoclimate.ge\/wp-content\/uploads\/2025\/02\/alphacoustic-am-tondo.jpg\",\"width\":527,\"height\":377},{\"@type\":\"BreadcrumbList\",\"@id\":\"https:\/\/geoclimate.ge\/az\/product\/self-standing-partitions-alphacoustic-am\/#breadcrumb\",\"itemListElement\":[{\"@type\":\"ListItem\",\"position\":1,\"name\":\"Home\",\"item\":\"https:\/\/geoclimate.ge\/az\/\"},{\"@type\":\"ListItem\",\"position\":2,\"name\":\"M\u0259hsullar\",\"item\":\"https:\/\/geoclimate.ge\/az\/products\/\"},{\"@type\":\"ListItem\",\"position\":3,\"name\":\"\u00d6z-\u00f6z\u00fcn\u0259 dayanan arak\u0259sm\u0259l\u0259r ALPHAcoustic \u2013 AM\"}]},{\"@type\":\"WebSite\",\"@id\":\"https:\/\/geoclimate.ge\/#website\",\"url\":\"https:\/\/geoclimate.ge\/\",\"name\":\"GeoClimate\",\"description\":\"\",\"publisher\":{\"@id\":\"https:\/\/geoclimate.ge\/#organization\"},\"potentialAction\":[{\"@type\":\"SearchAction\",\"target\":{\"@type\":\"EntryPoint\",\"urlTemplate\":\"https:\/\/geoclimate.ge\/?s={search_term_string}\"},\"query-input\":{\"@type\":\"PropertyValueSpecification\",\"valueRequired\":true,\"valueName\":\"search_term_string\"}}],\"inLanguage\":\"az\"},{\"@type\":\"Organization\",\"@id\":\"https:\/\/geoclimate.ge\/#organization\",\"name\":\"GeoClimate\",\"url\":\"https:\/\/geoclimate.ge\/\",\"logo\":{\"@type\":\"ImageObject\",\"inLanguage\":\"az\",\"@id\":\"https:\/\/geoclimate.ge\/#\/schema\/logo\/image\/\",\"url\":\"https:\/\/geoclimate.ge\/wp-content\/uploads\/2026\/03\/geoclimate-SEO.png\",\"contentUrl\":\"https:\/\/geoclimate.ge\/wp-content\/uploads\/2026\/03\/geoclimate-SEO.png\",\"width\":1536,\"height\":1024,\"caption\":\"GeoClimate\"},\"image\":{\"@id\":\"https:\/\/geoclimate.ge\/#\/schema\/logo\/image\/\"}}]}<\/script>\n<!-- \/ Yoast SEO plugin. -->","yoast_head_json":{"title":"\u00d6z-\u00f6z\u00fcn\u0259 dayanan arak\u0259sm\u0259l\u0259r ALPHAcoustic \u2013 AM - GeoClimate.ge","robots":{"index":"index","follow":"follow","max-snippet":"max-snippet:-1","max-image-preview":"max-image-preview:large","max-video-preview":"max-video-preview:-1"},"canonical":"https:\/\/geoclimate.ge\/az\/product\/self-standing-partitions-alphacoustic-am\/","og_locale":"az_AZ","og_type":"article","og_title":"\u00d6z-\u00f6z\u00fcn\u0259 dayanan arak\u0259sm\u0259l\u0259r ALPHAcoustic \u2013 AM - GeoClimate.ge","og_description":"Kesiti D\u00fczbucaql\u0131  ALPHAcoustic\u00a0\u2013\u00a0\u0391\u039c.Ortho\u00a0d\u00fczbucaql\u0131 k\u0259sikli (Dor \u00fcslubu) d\u00f6\u015f\u0259m\u0259d\u0259 dayanan, s\u0259s uducu ofis b\u00f6l\u00fcc\u00fcl\u0259ridir.  Onlar ox\u015far i\u015f yerl\u0259ri aras\u0131nda arak\u0259sm\u0259l\u0259r kimi v\u0259 musiqi al\u0259tl\u0259rind\u0259n s\u0259sin birba\u015fa \u00f6t\u00fcr\u00fclm\u0259sini ay\u0131rmaq \u00fc\u00e7\u00fcn istifad\u0259 edil\u0259 bil\u0259r.  Qura\u015fd\u0131rmaq asand\u0131r v\u0259 iki inteqrasiya olunmu\u015f d\u0259st\u0259k aya\u011f\u0131 say\u0259sind\u0259 m\u0259kan\u0131 yenid\u0259n t\u0259\u015fkil etm\u0259k \u00fc\u00e7\u00fcn \u00e7\u0131xar\u0131la v\u0259 ya k\u00f6\u00e7\u00fcr\u00fcl\u0259 bil\u0259r.  Kateqoriya:\u00a0Akustik Panell\u0259r  Kesiti \u018fyri  ALPHAcoustic \u2013 AM.Tondo yuxar\u0131 s\u0259rb\u0259st t\u0259r\u0259fd\u0259 \u0259yri k\u0259narlar\u0131 olan, d\u00f6\u015f\u0259m\u0259d\u0259 dayanan, s\u0259s uducu panell\u0259rdir.  Elmi ara\u015fd\u0131rmalarla s\u00fcbut edilmi\u015fdir ki, \u0259yri cisiml\u0259r insan beyninin m\u00fcsb\u0259t emosiyalarla \u0259laq\u0259li hiss\u0259l\u0259rini aktivl\u0259\u015fdirir.  \u018fsas x\u00fcsusiyy\u0259tl\u0259r: - M\u00fcr\u0259kk\u0259b \u0259yri dizayn. \u2013 Rahatl\u0131q, t\u0259hl\u00fck\u0259sizlik, yax\u0131nl\u0131q v\u0259 rahatl\u0131q yayan harmonik \u0259yril\u0259r. \u2013 Onlar m\u0259kan\u0131n akustik v\u0259 estetik t\u0259kmill\u0259\u015fdirilm\u0259sini t\u0259klif edirl\u0259r.  Kateqoriya:\u00a0Akustik Panell\u0259r","og_url":"https:\/\/geoclimate.ge\/az\/product\/self-standing-partitions-alphacoustic-am\/","og_site_name":"GeoClimate.ge","article_modified_time":"2025-02-23T18:18:35+00:00","og_image":[{"width":527,"height":377,"url":"https:\/\/geoclimate.ge\/wp-content\/uploads\/2025\/02\/alphacoustic-am-tondo.jpg","type":"image\/jpeg"}],"twitter_card":"summary_large_image","schema":{"@context":"https:\/\/schema.org","@graph":[{"@type":"WebPage","@id":"https:\/\/geoclimate.ge\/az\/product\/self-standing-partitions-alphacoustic-am\/","url":"https:\/\/geoclimate.ge\/az\/product\/self-standing-partitions-alphacoustic-am\/","name":"\u00d6z-\u00f6z\u00fcn\u0259 dayanan arak\u0259sm\u0259l\u0259r ALPHAcoustic \u2013 AM - GeoClimate.ge","isPartOf":{"@id":"https:\/\/geoclimate.ge\/#website"},"primaryImageOfPage":{"@id":"https:\/\/geoclimate.ge\/az\/product\/self-standing-partitions-alphacoustic-am\/#primaryimage"},"image":{"@id":"https:\/\/geoclimate.ge\/az\/product\/self-standing-partitions-alphacoustic-am\/#primaryimage"},"thumbnailUrl":"https:\/\/geoclimate.ge\/wp-content\/uploads\/2025\/02\/alphacoustic-am-tondo.jpg","datePublished":"2025-02-23T18:14:59+00:00","dateModified":"2025-02-23T18:18:35+00:00","breadcrumb":{"@id":"https:\/\/geoclimate.ge\/az\/product\/self-standing-partitions-alphacoustic-am\/#breadcrumb"},"inLanguage":"az","potentialAction":[{"@type":"ReadAction","target":["https:\/\/geoclimate.ge\/az\/product\/self-standing-partitions-alphacoustic-am\/"]}]},{"@type":"ImageObject","inLanguage":"az","@id":"https:\/\/geoclimate.ge\/az\/product\/self-standing-partitions-alphacoustic-am\/#primaryimage","url":"https:\/\/geoclimate.ge\/wp-content\/uploads\/2025\/02\/alphacoustic-am-tondo.jpg","contentUrl":"https:\/\/geoclimate.ge\/wp-content\/uploads\/2025\/02\/alphacoustic-am-tondo.jpg","width":527,"height":377},{"@type":"BreadcrumbList","@id":"https:\/\/geoclimate.ge\/az\/product\/self-standing-partitions-alphacoustic-am\/#breadcrumb","itemListElement":[{"@type":"ListItem","position":1,"name":"Home","item":"https:\/\/geoclimate.ge\/az\/"},{"@type":"ListItem","position":2,"name":"M\u0259hsullar","item":"https:\/\/geoclimate.ge\/az\/products\/"},{"@type":"ListItem","position":3,"name":"\u00d6z-\u00f6z\u00fcn\u0259 dayanan arak\u0259sm\u0259l\u0259r ALPHAcoustic \u2013 AM"}]},{"@type":"WebSite","@id":"https:\/\/geoclimate.ge\/#website","url":"https:\/\/geoclimate.ge\/","name":"GeoClimate","description":"","publisher":{"@id":"https:\/\/geoclimate.ge\/#organization"},"potentialAction":[{"@type":"SearchAction","target":{"@type":"EntryPoint","urlTemplate":"https:\/\/geoclimate.ge\/?s={search_term_string}"},"query-input":{"@type":"PropertyValueSpecification","valueRequired":true,"valueName":"search_term_string"}}],"inLanguage":"az"},{"@type":"Organization","@id":"https:\/\/geoclimate.ge\/#organization","name":"GeoClimate","url":"https:\/\/geoclimate.ge\/","logo":{"@type":"ImageObject","inLanguage":"az","@id":"https:\/\/geoclimate.ge\/#\/schema\/logo\/image\/","url":"https:\/\/geoclimate.ge\/wp-content\/uploads\/2026\/03\/geoclimate-SEO.png","contentUrl":"https:\/\/geoclimate.ge\/wp-content\/uploads\/2026\/03\/geoclimate-SEO.png","width":1536,"height":1024,"caption":"GeoClimate"},"image":{"@id":"https:\/\/geoclimate.ge\/#\/schema\/logo\/image\/"}}]}},"_links":{"self":[{"href":"https:\/\/geoclimate.ge\/az\/wp-json\/wp\/v2\/product\/23884","targetHints":{"allow":["GET"]}}],"collection":[{"href":"https:\/\/geoclimate.ge\/az\/wp-json\/wp\/v2\/product"}],"about":[{"href":"https:\/\/geoclimate.ge\/az\/wp-json\/wp\/v2\/types\/product"}],"wp:featuredmedia":[{"embeddable":true,"href":"https:\/\/geoclimate.ge\/az\/wp-json\/wp\/v2\/media\/23831"}],"wp:attachment":[{"href":"https:\/\/geoclimate.ge\/az\/wp-json\/wp\/v2\/media?parent=23884"}],"wp:term":[{"taxonomy":"product_brand","embeddable":true,"href":"https:\/\/geoclimate.ge\/az\/wp-json\/wp\/v2\/product_brand?post=23884"},{"taxonomy":"product_cat","embeddable":true,"href":"https:\/\/geoclimate.ge\/az\/wp-json\/wp\/v2\/product_cat?post=23884"},{"taxonomy":"product_tag","embeddable":true,"href":"https:\/\/geoclimate.ge\/az\/wp-json\/wp\/v2\/product_tag?post=23884"}],"curies":[{"name":"wp","href":"https:\/\/api.w.org\/{rel}","templated":true}]}}