{"id":23956,"date":"2025-02-23T22:46:28","date_gmt":"2025-02-23T18:46:28","guid":{"rendered":"https:\/\/airsystems.ge\/shop\/product\/desk-acoustic-partitions-alphacoustic-desk\/"},"modified":"2025-02-23T22:50:32","modified_gmt":"2025-02-23T18:50:32","slug":"desk-acoustic-partitions-alphacoustic-desk","status":"publish","type":"product","link":"https:\/\/geoclimate.ge\/az\/product\/desk-acoustic-partitions-alphacoustic-desk\/","title":{"rendered":"Masa Akustik arak\u0259sm\u0259l\u0259ri ALPHAcoustic \u2013 DESK"},"content":{"rendered":"","protected":false},"excerpt":{"rendered":"<form class=\"variations_form cart\" action=\"https:\/\/alphacoustic.com\/en\/product\/desk-acoustic-partitions-alphacoustic-desk-ortho-tondo\/\" enctype=\"multipart\/form-data\" method=\"post\" data-product_id=\"28514\" data-product_variations=\"[{&quot;attributes&quot;:{&quot;attribute_pa_diatomi&quot;:&quot;rectangular&quot;},&quot;availability_html&quot;:&quot;&quot;,&quot;backorders_allowed&quot;:false,&quot;dimensions&quot;:{&quot;length&quot;:&quot;&quot;,&quot;width&quot;:&quot;&quot;,&quot;height&quot;:&quot;&quot;},&quot;dimensions_html&quot;:&quot;N\\\/A&quot;,&quot;display_price&quot;:1,&quot;display_regular_price&quot;:1,&quot;image&quot;:{&quot;title&quot;:&quot;ALPHAcoustic Desk.Ortho&quot;,&quot;caption&quot;:&quot;Sound Abrorbing Acoustic Panels-Partitions for Offices&quot;,&quot;url&quot;:&quot;https:\\\/\\\/alphacoustic.com\\\/wp-content\\\/uploads\\\/2020\\\/05\\\/Orthodesk.jpg&quot;,&quot;alt&quot;:&quot;soundproof office acoustic partitions&quot;,&quot;src&quot;:&quot;https:\\\/\\\/alphacoustic.com\\\/wp-content\\\/uploads\\\/2020\\\/05\\\/Orthodesk.jpg&quot;,&quot;srcset&quot;:&quot;https:\\\/\\\/alphacoustic.com\\\/wp-content\\\/uploads\\\/2020\\\/05\\\/Orthodesk.jpg 1920w, https:\\\/\\\/alphacoustic.com\\\/wp-content\\\/uploads\\\/2020\\\/05\\\/Orthodesk-300x169.jpg 300w, https:\\\/\\\/alphacoustic.com\\\/wp-content\\\/uploads\\\/2020\\\/05\\\/Orthodesk-1024x576.jpg 1024w, https:\\\/\\\/alphacoustic.com\\\/wp-content\\\/uploads\\\/2020\\\/05\\\/Orthodesk-768x432.jpg 768w, https:\\\/\\\/alphacoustic.com\\\/wp-content\\\/uploads\\\/2020\\\/05\\\/Orthodesk-1536x864.jpg 1536w&quot;,&quot;sizes&quot;:&quot;(max-width: 600px) 100vw, 600px&quot;,&quot;full_src&quot;:&quot;https:\\\/\\\/alphacoustic.com\\\/wp-content\\\/uploads\\\/2020\\\/05\\\/Orthodesk.jpg&quot;,&quot;full_src_w&quot;:1920,&quot;full_src_h&quot;:1080,&quot;gallery_thumbnail_src&quot;:&quot;https:\\\/\\\/alphacoustic.com\\\/wp-content\\\/uploads\\\/2020\\\/05\\\/Orthodesk-100x100.jpg&quot;,&quot;gallery_thumbnail_src_w&quot;:100,&quot;gallery_thumbnail_src_h&quot;:100,&quot;thumb_src&quot;:&quot;https:\\\/\\\/alphacoustic.com\\\/wp-content\\\/uploads\\\/2020\\\/05\\\/Orthodesk-300x300.jpg&quot;,&quot;thumb_src_w&quot;:300,&quot;thumb_src_h&quot;:300,&quot;src_w&quot;:600,&quot;src_h&quot;:338},&quot;image_id&quot;:12739,&quot;is_downloadable&quot;:false,&quot;is_in_stock&quot;:true,&quot;is_purchasable&quot;:true,&quot;is_sold_individually&quot;:&quot;no&quot;,&quot;is_virtual&quot;:false,&quot;max_qty&quot;:&quot;&quot;,&quot;min_qty&quot;:1,&quot;price_html&quot;:&quot;&quot;,&quot;sku&quot;:&quot;&quot;,&quot;variation_description&quot;:&quot;&quot;,&quot;variation_id&quot;:28515,&quot;variation_is_active&quot;:true,&quot;variation_is_visible&quot;:true,&quot;weight&quot;:&quot;&quot;,&quot;weight_html&quot;:&quot;N\\\/A&quot;},{&quot;attributes&quot;:{&quot;attribute_pa_diatomi&quot;:&quot;curved&quot;},&quot;availability_html&quot;:&quot;&quot;,&quot;backorders_allowed&quot;:false,&quot;dimensions&quot;:{&quot;length&quot;:&quot;&quot;,&quot;width&quot;:&quot;&quot;,&quot;height&quot;:&quot;&quot;},&quot;dimensions_html&quot;:&quot;N\\\/A&quot;,&quot;display_price&quot;:1,&quot;display_regular_price&quot;:1,&quot;image&quot;:{&quot;title&quot;:&quot;alphacoustic-desk-tondo-application-in-office&quot;,&quot;caption&quot;:&quot;&quot;,&quot;url&quot;:&quot;https:\\\/\\\/alphacoustic.com\\\/wp-content\\\/uploads\\\/2023\\\/09\\\/alphacoustic-desk-tondo-application-in-office.webp&quot;,&quot;alt&quot;:&quot;ALPHAcoustic-Desk Tondo application in office&quot;,&quot;src&quot;:&quot;https:\\\/\\\/alphacoustic.com\\\/wp-content\\\/uploads\\\/2023\\\/09\\\/alphacoustic-desk-tondo-application-in-office-600x451.webp&quot;,&quot;srcset&quot;:&quot;https:\\\/\\\/alphacoustic.com\\\/wp-content\\\/uploads\\\/2023\\\/09\\\/alphacoustic-desk-tondo-application-in-office-600x451.webp 600w, https:\\\/\\\/alphacoustic.com\\\/wp-content\\\/uploads\\\/2023\\\/09\\\/alphacoustic-desk-tondo-application-in-office.webp 800w&quot;,&quot;sizes&quot;:&quot;(max-width: 600px) 100vw, 600px&quot;,&quot;full_src&quot;:&quot;https:\\\/\\\/alphacoustic.com\\\/wp-content\\\/uploads\\\/2023\\\/09\\\/alphacoustic-desk-tondo-application-in-office.webp&quot;,&quot;full_src_w&quot;:800,&quot;full_src_h&quot;:601,&quot;gallery_thumbnail_src&quot;:&quot;https:\\\/\\\/alphacoustic.com\\\/wp-content\\\/uploads\\\/2023\\\/09\\\/alphacoustic-desk-tondo-application-in-office-100x100.webp&quot;,&quot;gallery_thumbnail_src_w&quot;:100,&quot;gallery_thumbnail_src_h&quot;:100,&quot;thumb_src&quot;:&quot;https:\\\/\\\/alphacoustic.com\\\/wp-content\\\/uploads\\\/2023\\\/09\\\/alphacoustic-desk-tondo-application-in-office-300x300.webp&quot;,&quot;thumb_src_w&quot;:300,&quot;thumb_src_h&quot;:300,&quot;src_w&quot;:600,&quot;src_h&quot;:451},&quot;image_id&quot;:33535,&quot;is_downloadable&quot;:false,&quot;is_in_stock&quot;:true,&quot;is_purchasable&quot;:true,&quot;is_sold_individually&quot;:&quot;no&quot;,&quot;is_virtual&quot;:false,&quot;max_qty&quot;:&quot;&quot;,&quot;min_qty&quot;:1,&quot;price_html&quot;:&quot;&quot;,&quot;sku&quot;:&quot;&quot;,&quot;variation_description&quot;:&quot;&quot;,&quot;variation_id&quot;:28516,&quot;variation_is_active&quot;:true,&quot;variation_is_visible&quot;:true,&quot;weight&quot;:&quot;&quot;,&quot;weight_html&quot;:&quot;N\\\/A&quot;}]\">Kesiti D\u00fczbucaql\u0131<\/p>\n<p>ALPHAcoustic -Desk.Ortho ofis masalar\u0131 \u00fc\u00e7\u00fcn kvadrat x\u0259tl\u0259ri (ortoqonal t\u0259p\u0259l\u0259ri) olan s\u0259s uducu akustik arak\u0259sm\u0259l\u0259rdir v\u0259 ofisl\u0259rd\u0259 akustik probleml\u0259rd\u0259 \u00e7evik h\u0259ll t\u0259klif edir. Onlar s\u0259sin udulmas\u0131n\u0131 yax\u015f\u0131la\u015fd\u0131r\u0131r v\u0259 i\u015f m\u00fchitind\u0259 daha yax\u015f\u0131 akustika t\u0259klif edir. Onlar m\u00fchasibatl\u0131q ofisl\u0259ri, z\u0259ng m\u0259rk\u0259zl\u0259ri, m\u00fc\u015ft\u0259ri d\u0259st\u0259yi v\u0259 vizual v\u0259 s\u0259s izolyasiyas\u0131na ehtiyac duyulan h\u0259r yerd\u0259 a\u00e7\u0131q planl\u0131 ofisl\u0259rd\u0259 akustik probleml\u0259rin \u00e7evik h\u0259llini t\u0259klif edirl\u0259r.<\/p>\n<p>Kateqoriya: Akustik Panell\u0259r<\/p>\n<p>Kesiti \u018fyri<\/p>\n<p>ALPHA coustic -Desk.Tondo ofis masalar\u0131 \u00fc\u00e7\u00fcn \u0259yri x\u0259tl\u0259ri (hamar t\u0259p\u0259l\u0259ri) olan stol\u00fcst\u00fc s\u0259s uducu v\u0259 s\u0259s-k\u00fcy izolyasiya ed\u0259n arak\u0259sm\u0259l\u0259rdir. Z\u0259rif v\u0259 z\u0259rif forma il\u0259, Hamar v\u0259 axan Dizaynla dizayn edilmi\u015fdir. Rahatl\u0131q, t\u0259hl\u00fck\u0259sizlik, tan\u0131\u015fl\u0131q v\u0259 istirah\u0259t t\u0259klif ed\u0259n yum\u015faq \u0259yril\u0259r. Onlar insan b\u0259d\u0259ninin \u0259yril\u0259rini xat\u0131rlad\u0131rlar.<\/p>\n<p>Kateqoriya: Akustik Panell\u0259r<\/p>\n<\/form>\n","protected":false},"featured_media":23945,"template":"","meta":[],"product_brand":[],"product_cat":[930,804,931],"product_tag":[],"class_list":{"0":"post-23956","1":"product","2":"type-product","3":"status-publish","4":"has-post-thumbnail","6":"product_cat-acoustic-panels-az","7":"product_cat-akustika-ss-kuy-v-vibrasiyaya-nzart","8":"product_cat-architectural-acoustic-az","10":"first","11":"instock","12":"shipping-taxable","13":"product-type-simple"},"yoast_head":"<!-- This site is optimized with the Yoast SEO plugin v27.1.1 - https:\/\/yoast.com\/product\/yoast-seo-wordpress\/ -->\n<title>Masa Akustik arak\u0259sm\u0259l\u0259ri ALPHAcoustic \u2013 DESK - GeoClimate.ge<\/title>\n<meta name=\"robots\" content=\"index, follow, max-snippet:-1, max-image-preview:large, max-video-preview:-1\" \/>\n<link rel=\"canonical\" href=\"https:\/\/geoclimate.ge\/az\/product\/desk-acoustic-partitions-alphacoustic-desk\/\" \/>\n<meta property=\"og:locale\" content=\"az_AZ\" \/>\n<meta property=\"og:type\" content=\"article\" \/>\n<meta property=\"og:title\" content=\"Masa Akustik arak\u0259sm\u0259l\u0259ri ALPHAcoustic \u2013 DESK - GeoClimate.ge\" \/>\n<meta property=\"og:description\" content=\"Kesiti D\u00fczbucaql\u0131  ALPHAcoustic -Desk.Ortho ofis masalar\u0131 \u00fc\u00e7\u00fcn kvadrat x\u0259tl\u0259ri (ortoqonal t\u0259p\u0259l\u0259ri) olan s\u0259s uducu akustik arak\u0259sm\u0259l\u0259rdir v\u0259 ofisl\u0259rd\u0259 akustik probleml\u0259rd\u0259 \u00e7evik h\u0259ll t\u0259klif edir. Onlar s\u0259sin udulmas\u0131n\u0131 yax\u015f\u0131la\u015fd\u0131r\u0131r v\u0259 i\u015f m\u00fchitind\u0259 daha yax\u015f\u0131 akustika t\u0259klif edir. Onlar m\u00fchasibatl\u0131q ofisl\u0259ri, z\u0259ng m\u0259rk\u0259zl\u0259ri, m\u00fc\u015ft\u0259ri d\u0259st\u0259yi v\u0259 vizual v\u0259 s\u0259s izolyasiyas\u0131na ehtiyac duyulan h\u0259r yerd\u0259 a\u00e7\u0131q planl\u0131 ofisl\u0259rd\u0259 akustik probleml\u0259rin \u00e7evik h\u0259llini t\u0259klif edirl\u0259r.  Kateqoriya: Akustik Panell\u0259r  Kesiti \u018fyri  ALPHA coustic -Desk.Tondo ofis masalar\u0131 \u00fc\u00e7\u00fcn \u0259yri x\u0259tl\u0259ri (hamar t\u0259p\u0259l\u0259ri) olan stol\u00fcst\u00fc s\u0259s uducu v\u0259 s\u0259s-k\u00fcy izolyasiya ed\u0259n arak\u0259sm\u0259l\u0259rdir. Z\u0259rif v\u0259 z\u0259rif forma il\u0259, Hamar v\u0259 axan Dizaynla dizayn edilmi\u015fdir. Rahatl\u0131q, t\u0259hl\u00fck\u0259sizlik, tan\u0131\u015fl\u0131q v\u0259 istirah\u0259t t\u0259klif ed\u0259n yum\u015faq \u0259yril\u0259r. Onlar insan b\u0259d\u0259ninin \u0259yril\u0259rini xat\u0131rlad\u0131rlar.  Kateqoriya: Akustik Panell\u0259r\" \/>\n<meta property=\"og:url\" content=\"https:\/\/geoclimate.ge\/az\/product\/desk-acoustic-partitions-alphacoustic-desk\/\" \/>\n<meta property=\"og:site_name\" content=\"GeoClimate.ge\" \/>\n<meta property=\"article:modified_time\" content=\"2025-02-23T18:50:32+00:00\" \/>\n<meta property=\"og:image\" content=\"https:\/\/geoclimate.ge\/wp-content\/uploads\/2025\/02\/Orthodesk-1024x576-1.jpg\" \/>\n\t<meta property=\"og:image:width\" content=\"1024\" \/>\n\t<meta property=\"og:image:height\" content=\"576\" \/>\n\t<meta property=\"og:image:type\" content=\"image\/jpeg\" \/>\n<meta name=\"twitter:card\" content=\"summary_large_image\" \/>\n<script type=\"application\/ld+json\" class=\"yoast-schema-graph\">{\"@context\":\"https:\/\/schema.org\",\"@graph\":[{\"@type\":\"WebPage\",\"@id\":\"https:\/\/geoclimate.ge\/az\/product\/desk-acoustic-partitions-alphacoustic-desk\/\",\"url\":\"https:\/\/geoclimate.ge\/az\/product\/desk-acoustic-partitions-alphacoustic-desk\/\",\"name\":\"Masa Akustik arak\u0259sm\u0259l\u0259ri ALPHAcoustic \u2013 DESK - GeoClimate.ge\",\"isPartOf\":{\"@id\":\"https:\/\/geoclimate.ge\/#website\"},\"primaryImageOfPage\":{\"@id\":\"https:\/\/geoclimate.ge\/az\/product\/desk-acoustic-partitions-alphacoustic-desk\/#primaryimage\"},\"image\":{\"@id\":\"https:\/\/geoclimate.ge\/az\/product\/desk-acoustic-partitions-alphacoustic-desk\/#primaryimage\"},\"thumbnailUrl\":\"https:\/\/geoclimate.ge\/wp-content\/uploads\/2025\/02\/Orthodesk-1024x576-1.jpg\",\"datePublished\":\"2025-02-23T18:46:28+00:00\",\"dateModified\":\"2025-02-23T18:50:32+00:00\",\"breadcrumb\":{\"@id\":\"https:\/\/geoclimate.ge\/az\/product\/desk-acoustic-partitions-alphacoustic-desk\/#breadcrumb\"},\"inLanguage\":\"az\",\"potentialAction\":[{\"@type\":\"ReadAction\",\"target\":[\"https:\/\/geoclimate.ge\/az\/product\/desk-acoustic-partitions-alphacoustic-desk\/\"]}]},{\"@type\":\"ImageObject\",\"inLanguage\":\"az\",\"@id\":\"https:\/\/geoclimate.ge\/az\/product\/desk-acoustic-partitions-alphacoustic-desk\/#primaryimage\",\"url\":\"https:\/\/geoclimate.ge\/wp-content\/uploads\/2025\/02\/Orthodesk-1024x576-1.jpg\",\"contentUrl\":\"https:\/\/geoclimate.ge\/wp-content\/uploads\/2025\/02\/Orthodesk-1024x576-1.jpg\",\"width\":1024,\"height\":576},{\"@type\":\"BreadcrumbList\",\"@id\":\"https:\/\/geoclimate.ge\/az\/product\/desk-acoustic-partitions-alphacoustic-desk\/#breadcrumb\",\"itemListElement\":[{\"@type\":\"ListItem\",\"position\":1,\"name\":\"Home\",\"item\":\"https:\/\/geoclimate.ge\/az\/\"},{\"@type\":\"ListItem\",\"position\":2,\"name\":\"M\u0259hsullar\",\"item\":\"https:\/\/geoclimate.ge\/az\/products\/\"},{\"@type\":\"ListItem\",\"position\":3,\"name\":\"Masa Akustik arak\u0259sm\u0259l\u0259ri ALPHAcoustic \u2013 DESK\"}]},{\"@type\":\"WebSite\",\"@id\":\"https:\/\/geoclimate.ge\/#website\",\"url\":\"https:\/\/geoclimate.ge\/\",\"name\":\"GeoClimate\",\"description\":\"\",\"publisher\":{\"@id\":\"https:\/\/geoclimate.ge\/#organization\"},\"potentialAction\":[{\"@type\":\"SearchAction\",\"target\":{\"@type\":\"EntryPoint\",\"urlTemplate\":\"https:\/\/geoclimate.ge\/?s={search_term_string}\"},\"query-input\":{\"@type\":\"PropertyValueSpecification\",\"valueRequired\":true,\"valueName\":\"search_term_string\"}}],\"inLanguage\":\"az\"},{\"@type\":\"Organization\",\"@id\":\"https:\/\/geoclimate.ge\/#organization\",\"name\":\"GeoClimate\",\"url\":\"https:\/\/geoclimate.ge\/\",\"logo\":{\"@type\":\"ImageObject\",\"inLanguage\":\"az\",\"@id\":\"https:\/\/geoclimate.ge\/#\/schema\/logo\/image\/\",\"url\":\"https:\/\/geoclimate.ge\/wp-content\/uploads\/2026\/03\/geoclimate-SEO.png\",\"contentUrl\":\"https:\/\/geoclimate.ge\/wp-content\/uploads\/2026\/03\/geoclimate-SEO.png\",\"width\":1536,\"height\":1024,\"caption\":\"GeoClimate\"},\"image\":{\"@id\":\"https:\/\/geoclimate.ge\/#\/schema\/logo\/image\/\"}}]}<\/script>\n<!-- \/ Yoast SEO plugin. -->","yoast_head_json":{"title":"Masa Akustik arak\u0259sm\u0259l\u0259ri ALPHAcoustic \u2013 DESK - GeoClimate.ge","robots":{"index":"index","follow":"follow","max-snippet":"max-snippet:-1","max-image-preview":"max-image-preview:large","max-video-preview":"max-video-preview:-1"},"canonical":"https:\/\/geoclimate.ge\/az\/product\/desk-acoustic-partitions-alphacoustic-desk\/","og_locale":"az_AZ","og_type":"article","og_title":"Masa Akustik arak\u0259sm\u0259l\u0259ri ALPHAcoustic \u2013 DESK - GeoClimate.ge","og_description":"Kesiti D\u00fczbucaql\u0131  ALPHAcoustic -Desk.Ortho ofis masalar\u0131 \u00fc\u00e7\u00fcn kvadrat x\u0259tl\u0259ri (ortoqonal t\u0259p\u0259l\u0259ri) olan s\u0259s uducu akustik arak\u0259sm\u0259l\u0259rdir v\u0259 ofisl\u0259rd\u0259 akustik probleml\u0259rd\u0259 \u00e7evik h\u0259ll t\u0259klif edir. Onlar s\u0259sin udulmas\u0131n\u0131 yax\u015f\u0131la\u015fd\u0131r\u0131r v\u0259 i\u015f m\u00fchitind\u0259 daha yax\u015f\u0131 akustika t\u0259klif edir. Onlar m\u00fchasibatl\u0131q ofisl\u0259ri, z\u0259ng m\u0259rk\u0259zl\u0259ri, m\u00fc\u015ft\u0259ri d\u0259st\u0259yi v\u0259 vizual v\u0259 s\u0259s izolyasiyas\u0131na ehtiyac duyulan h\u0259r yerd\u0259 a\u00e7\u0131q planl\u0131 ofisl\u0259rd\u0259 akustik probleml\u0259rin \u00e7evik h\u0259llini t\u0259klif edirl\u0259r.  Kateqoriya: Akustik Panell\u0259r  Kesiti \u018fyri  ALPHA coustic -Desk.Tondo ofis masalar\u0131 \u00fc\u00e7\u00fcn \u0259yri x\u0259tl\u0259ri (hamar t\u0259p\u0259l\u0259ri) olan stol\u00fcst\u00fc s\u0259s uducu v\u0259 s\u0259s-k\u00fcy izolyasiya ed\u0259n arak\u0259sm\u0259l\u0259rdir. Z\u0259rif v\u0259 z\u0259rif forma il\u0259, Hamar v\u0259 axan Dizaynla dizayn edilmi\u015fdir. Rahatl\u0131q, t\u0259hl\u00fck\u0259sizlik, tan\u0131\u015fl\u0131q v\u0259 istirah\u0259t t\u0259klif ed\u0259n yum\u015faq \u0259yril\u0259r. Onlar insan b\u0259d\u0259ninin \u0259yril\u0259rini xat\u0131rlad\u0131rlar.  Kateqoriya: Akustik Panell\u0259r","og_url":"https:\/\/geoclimate.ge\/az\/product\/desk-acoustic-partitions-alphacoustic-desk\/","og_site_name":"GeoClimate.ge","article_modified_time":"2025-02-23T18:50:32+00:00","og_image":[{"width":1024,"height":576,"url":"https:\/\/geoclimate.ge\/wp-content\/uploads\/2025\/02\/Orthodesk-1024x576-1.jpg","type":"image\/jpeg"}],"twitter_card":"summary_large_image","schema":{"@context":"https:\/\/schema.org","@graph":[{"@type":"WebPage","@id":"https:\/\/geoclimate.ge\/az\/product\/desk-acoustic-partitions-alphacoustic-desk\/","url":"https:\/\/geoclimate.ge\/az\/product\/desk-acoustic-partitions-alphacoustic-desk\/","name":"Masa Akustik arak\u0259sm\u0259l\u0259ri ALPHAcoustic \u2013 DESK - GeoClimate.ge","isPartOf":{"@id":"https:\/\/geoclimate.ge\/#website"},"primaryImageOfPage":{"@id":"https:\/\/geoclimate.ge\/az\/product\/desk-acoustic-partitions-alphacoustic-desk\/#primaryimage"},"image":{"@id":"https:\/\/geoclimate.ge\/az\/product\/desk-acoustic-partitions-alphacoustic-desk\/#primaryimage"},"thumbnailUrl":"https:\/\/geoclimate.ge\/wp-content\/uploads\/2025\/02\/Orthodesk-1024x576-1.jpg","datePublished":"2025-02-23T18:46:28+00:00","dateModified":"2025-02-23T18:50:32+00:00","breadcrumb":{"@id":"https:\/\/geoclimate.ge\/az\/product\/desk-acoustic-partitions-alphacoustic-desk\/#breadcrumb"},"inLanguage":"az","potentialAction":[{"@type":"ReadAction","target":["https:\/\/geoclimate.ge\/az\/product\/desk-acoustic-partitions-alphacoustic-desk\/"]}]},{"@type":"ImageObject","inLanguage":"az","@id":"https:\/\/geoclimate.ge\/az\/product\/desk-acoustic-partitions-alphacoustic-desk\/#primaryimage","url":"https:\/\/geoclimate.ge\/wp-content\/uploads\/2025\/02\/Orthodesk-1024x576-1.jpg","contentUrl":"https:\/\/geoclimate.ge\/wp-content\/uploads\/2025\/02\/Orthodesk-1024x576-1.jpg","width":1024,"height":576},{"@type":"BreadcrumbList","@id":"https:\/\/geoclimate.ge\/az\/product\/desk-acoustic-partitions-alphacoustic-desk\/#breadcrumb","itemListElement":[{"@type":"ListItem","position":1,"name":"Home","item":"https:\/\/geoclimate.ge\/az\/"},{"@type":"ListItem","position":2,"name":"M\u0259hsullar","item":"https:\/\/geoclimate.ge\/az\/products\/"},{"@type":"ListItem","position":3,"name":"Masa Akustik arak\u0259sm\u0259l\u0259ri ALPHAcoustic \u2013 DESK"}]},{"@type":"WebSite","@id":"https:\/\/geoclimate.ge\/#website","url":"https:\/\/geoclimate.ge\/","name":"GeoClimate","description":"","publisher":{"@id":"https:\/\/geoclimate.ge\/#organization"},"potentialAction":[{"@type":"SearchAction","target":{"@type":"EntryPoint","urlTemplate":"https:\/\/geoclimate.ge\/?s={search_term_string}"},"query-input":{"@type":"PropertyValueSpecification","valueRequired":true,"valueName":"search_term_string"}}],"inLanguage":"az"},{"@type":"Organization","@id":"https:\/\/geoclimate.ge\/#organization","name":"GeoClimate","url":"https:\/\/geoclimate.ge\/","logo":{"@type":"ImageObject","inLanguage":"az","@id":"https:\/\/geoclimate.ge\/#\/schema\/logo\/image\/","url":"https:\/\/geoclimate.ge\/wp-content\/uploads\/2026\/03\/geoclimate-SEO.png","contentUrl":"https:\/\/geoclimate.ge\/wp-content\/uploads\/2026\/03\/geoclimate-SEO.png","width":1536,"height":1024,"caption":"GeoClimate"},"image":{"@id":"https:\/\/geoclimate.ge\/#\/schema\/logo\/image\/"}}]}},"_links":{"self":[{"href":"https:\/\/geoclimate.ge\/az\/wp-json\/wp\/v2\/product\/23956","targetHints":{"allow":["GET"]}}],"collection":[{"href":"https:\/\/geoclimate.ge\/az\/wp-json\/wp\/v2\/product"}],"about":[{"href":"https:\/\/geoclimate.ge\/az\/wp-json\/wp\/v2\/types\/product"}],"wp:featuredmedia":[{"embeddable":true,"href":"https:\/\/geoclimate.ge\/az\/wp-json\/wp\/v2\/media\/23945"}],"wp:attachment":[{"href":"https:\/\/geoclimate.ge\/az\/wp-json\/wp\/v2\/media?parent=23956"}],"wp:term":[{"taxonomy":"product_brand","embeddable":true,"href":"https:\/\/geoclimate.ge\/az\/wp-json\/wp\/v2\/product_brand?post=23956"},{"taxonomy":"product_cat","embeddable":true,"href":"https:\/\/geoclimate.ge\/az\/wp-json\/wp\/v2\/product_cat?post=23956"},{"taxonomy":"product_tag","embeddable":true,"href":"https:\/\/geoclimate.ge\/az\/wp-json\/wp\/v2\/product_tag?post=23956"}],"curies":[{"name":"wp","href":"https:\/\/api.w.org\/{rel}","templated":true}]}}