{"id":24298,"date":"2025-02-23T23:40:04","date_gmt":"2025-02-23T19:40:04","guid":{"rendered":"https:\/\/airsystems.ge\/shop\/product\/soundproofing-curtains-alphacoustic-acu-noise\/"},"modified":"2025-02-23T23:41:41","modified_gmt":"2025-02-23T19:41:41","slug":"soundproofing-curtains-alphacoustic-acu-noise","status":"publish","type":"product","link":"https:\/\/geoclimate.ge\/az\/product\/soundproofing-curtains-alphacoustic-acu-noise\/","title":{"rendered":"S\u0259s izolyasiya ed\u0259n p\u0259rd\u0259l\u0259r ALPHAcoustic \u2013 ACu. S\u0259s-k\u00fcy"},"content":{"rendered":"","protected":false},"excerpt":{"rendered":"<div class=\"woocommerce-product-details__short-description\">\n<p>Akustik p\u0259rd\u0259l\u0259r \u00fcmumiyy\u0259tl\u0259 s\u0259s-k\u00fcy\u00fcn \u00f6t\u00fcr\u00fclm\u0259sini dayand\u0131rmaq \u00fc\u00e7\u00fcn istifad\u0259 edilmir. Buna baxmayaraq, b\u0259zi hallarda, diqq\u0259tl\u0259 planla\u015fd\u0131rma il\u0259, akustik p\u0259rd\u0259l\u0259r arzuolunmaz s\u0259s-k\u00fcy\u00fc udur v\u0259 \u0259ks etdir\u0259 bil\u0259r. Xarici \u00fcz par\u00e7alar\u0131 aras\u0131nda y\u00fcks\u0259k k\u00fctl\u0259li par\u00e7alar\/membran interpolasiyas\u0131 il\u0259 m\u0259qbul s\u0259s izolyasiya d\u0259y\u0259rl\u0259rin\u0259 nail ola bil\u0259rik. Bu c\u00fcr p\u0259rd\u0259l\u0259rin \/ p\u0259rd\u0259l\u0259rin effektivliyi yollar\u0131n m\u00f6h\u00fcrl\u0259nm\u0259sin\u0259 nail olmaqdan as\u0131l\u0131d\u0131r.<\/p>\n<p>Kateqoriya: Akustik p\u0259rd\u0259l\u0259r<\/p>\n<\/div>\n","protected":false},"featured_media":24256,"template":"","meta":[],"product_brand":[],"product_cat":[804,942,931],"product_tag":[],"class_list":{"0":"post-24298","1":"product","2":"type-product","3":"status-publish","4":"has-post-thumbnail","6":"product_cat-akustika-ss-kuy-v-vibrasiyaya-nzart","7":"product_cat-akustik-prdlr-az","8":"product_cat-architectural-acoustic-az","10":"first","11":"instock","12":"shipping-taxable","13":"product-type-simple"},"yoast_head":"<!-- This site is optimized with the Yoast SEO plugin v27.1.1 - https:\/\/yoast.com\/product\/yoast-seo-wordpress\/ -->\n<title>S\u0259s izolyasiya ed\u0259n p\u0259rd\u0259l\u0259r ALPHAcoustic \u2013 ACu. S\u0259s-k\u00fcy - GeoClimate.ge<\/title>\n<meta name=\"robots\" content=\"index, follow, max-snippet:-1, max-image-preview:large, max-video-preview:-1\" \/>\n<link rel=\"canonical\" href=\"https:\/\/geoclimate.ge\/az\/product\/soundproofing-curtains-alphacoustic-acu-noise\/\" \/>\n<meta property=\"og:locale\" content=\"az_AZ\" \/>\n<meta property=\"og:type\" content=\"article\" \/>\n<meta property=\"og:title\" content=\"S\u0259s izolyasiya ed\u0259n p\u0259rd\u0259l\u0259r ALPHAcoustic \u2013 ACu. S\u0259s-k\u00fcy - GeoClimate.ge\" \/>\n<meta property=\"og:description\" content=\"Akustik p\u0259rd\u0259l\u0259r \u00fcmumiyy\u0259tl\u0259 s\u0259s-k\u00fcy\u00fcn \u00f6t\u00fcr\u00fclm\u0259sini dayand\u0131rmaq \u00fc\u00e7\u00fcn istifad\u0259 edilmir. Buna baxmayaraq, b\u0259zi hallarda, diqq\u0259tl\u0259 planla\u015fd\u0131rma il\u0259, akustik p\u0259rd\u0259l\u0259r arzuolunmaz s\u0259s-k\u00fcy\u00fc udur v\u0259 \u0259ks etdir\u0259 bil\u0259r. Xarici \u00fcz par\u00e7alar\u0131 aras\u0131nda y\u00fcks\u0259k k\u00fctl\u0259li par\u00e7alar\/membran interpolasiyas\u0131 il\u0259 m\u0259qbul s\u0259s izolyasiya d\u0259y\u0259rl\u0259rin\u0259 nail ola bil\u0259rik. Bu c\u00fcr p\u0259rd\u0259l\u0259rin \/ p\u0259rd\u0259l\u0259rin effektivliyi yollar\u0131n m\u00f6h\u00fcrl\u0259nm\u0259sin\u0259 nail olmaqdan as\u0131l\u0131d\u0131r.  Kateqoriya: Akustik p\u0259rd\u0259l\u0259r\" \/>\n<meta property=\"og:url\" content=\"https:\/\/geoclimate.ge\/az\/product\/soundproofing-curtains-alphacoustic-acu-noise\/\" \/>\n<meta property=\"og:site_name\" content=\"GeoClimate.ge\" \/>\n<meta property=\"article:modified_time\" content=\"2025-02-23T19:41:41+00:00\" \/>\n<meta property=\"og:image\" content=\"https:\/\/geoclimate.ge\/wp-content\/uploads\/2025\/02\/Acu-Noise-Acoustic-curtains.jpg\" \/>\n\t<meta property=\"og:image:width\" content=\"800\" \/>\n\t<meta property=\"og:image:height\" content=\"600\" \/>\n\t<meta property=\"og:image:type\" content=\"image\/jpeg\" \/>\n<meta name=\"twitter:card\" content=\"summary_large_image\" \/>\n<script type=\"application\/ld+json\" class=\"yoast-schema-graph\">{\"@context\":\"https:\/\/schema.org\",\"@graph\":[{\"@type\":\"WebPage\",\"@id\":\"https:\/\/geoclimate.ge\/az\/product\/soundproofing-curtains-alphacoustic-acu-noise\/\",\"url\":\"https:\/\/geoclimate.ge\/az\/product\/soundproofing-curtains-alphacoustic-acu-noise\/\",\"name\":\"S\u0259s izolyasiya ed\u0259n p\u0259rd\u0259l\u0259r ALPHAcoustic \u2013 ACu. S\u0259s-k\u00fcy - GeoClimate.ge\",\"isPartOf\":{\"@id\":\"https:\/\/geoclimate.ge\/#website\"},\"primaryImageOfPage\":{\"@id\":\"https:\/\/geoclimate.ge\/az\/product\/soundproofing-curtains-alphacoustic-acu-noise\/#primaryimage\"},\"image\":{\"@id\":\"https:\/\/geoclimate.ge\/az\/product\/soundproofing-curtains-alphacoustic-acu-noise\/#primaryimage\"},\"thumbnailUrl\":\"https:\/\/geoclimate.ge\/wp-content\/uploads\/2025\/02\/Acu-Noise-Acoustic-curtains.jpg\",\"datePublished\":\"2025-02-23T19:40:04+00:00\",\"dateModified\":\"2025-02-23T19:41:41+00:00\",\"breadcrumb\":{\"@id\":\"https:\/\/geoclimate.ge\/az\/product\/soundproofing-curtains-alphacoustic-acu-noise\/#breadcrumb\"},\"inLanguage\":\"az\",\"potentialAction\":[{\"@type\":\"ReadAction\",\"target\":[\"https:\/\/geoclimate.ge\/az\/product\/soundproofing-curtains-alphacoustic-acu-noise\/\"]}]},{\"@type\":\"ImageObject\",\"inLanguage\":\"az\",\"@id\":\"https:\/\/geoclimate.ge\/az\/product\/soundproofing-curtains-alphacoustic-acu-noise\/#primaryimage\",\"url\":\"https:\/\/geoclimate.ge\/wp-content\/uploads\/2025\/02\/Acu-Noise-Acoustic-curtains.jpg\",\"contentUrl\":\"https:\/\/geoclimate.ge\/wp-content\/uploads\/2025\/02\/Acu-Noise-Acoustic-curtains.jpg\",\"width\":800,\"height\":600},{\"@type\":\"BreadcrumbList\",\"@id\":\"https:\/\/geoclimate.ge\/az\/product\/soundproofing-curtains-alphacoustic-acu-noise\/#breadcrumb\",\"itemListElement\":[{\"@type\":\"ListItem\",\"position\":1,\"name\":\"Home\",\"item\":\"https:\/\/geoclimate.ge\/az\/\"},{\"@type\":\"ListItem\",\"position\":2,\"name\":\"M\u0259hsullar\",\"item\":\"https:\/\/geoclimate.ge\/az\/products\/\"},{\"@type\":\"ListItem\",\"position\":3,\"name\":\"S\u0259s izolyasiya ed\u0259n p\u0259rd\u0259l\u0259r ALPHAcoustic \u2013 ACu. S\u0259s-k\u00fcy\"}]},{\"@type\":\"WebSite\",\"@id\":\"https:\/\/geoclimate.ge\/#website\",\"url\":\"https:\/\/geoclimate.ge\/\",\"name\":\"GeoClimate\",\"description\":\"\",\"publisher\":{\"@id\":\"https:\/\/geoclimate.ge\/#organization\"},\"potentialAction\":[{\"@type\":\"SearchAction\",\"target\":{\"@type\":\"EntryPoint\",\"urlTemplate\":\"https:\/\/geoclimate.ge\/?s={search_term_string}\"},\"query-input\":{\"@type\":\"PropertyValueSpecification\",\"valueRequired\":true,\"valueName\":\"search_term_string\"}}],\"inLanguage\":\"az\"},{\"@type\":\"Organization\",\"@id\":\"https:\/\/geoclimate.ge\/#organization\",\"name\":\"GeoClimate\",\"url\":\"https:\/\/geoclimate.ge\/\",\"logo\":{\"@type\":\"ImageObject\",\"inLanguage\":\"az\",\"@id\":\"https:\/\/geoclimate.ge\/#\/schema\/logo\/image\/\",\"url\":\"https:\/\/geoclimate.ge\/wp-content\/uploads\/2026\/03\/geoclimate-SEO.png\",\"contentUrl\":\"https:\/\/geoclimate.ge\/wp-content\/uploads\/2026\/03\/geoclimate-SEO.png\",\"width\":1536,\"height\":1024,\"caption\":\"GeoClimate\"},\"image\":{\"@id\":\"https:\/\/geoclimate.ge\/#\/schema\/logo\/image\/\"}}]}<\/script>\n<!-- \/ Yoast SEO plugin. -->","yoast_head_json":{"title":"S\u0259s izolyasiya ed\u0259n p\u0259rd\u0259l\u0259r ALPHAcoustic \u2013 ACu. S\u0259s-k\u00fcy - GeoClimate.ge","robots":{"index":"index","follow":"follow","max-snippet":"max-snippet:-1","max-image-preview":"max-image-preview:large","max-video-preview":"max-video-preview:-1"},"canonical":"https:\/\/geoclimate.ge\/az\/product\/soundproofing-curtains-alphacoustic-acu-noise\/","og_locale":"az_AZ","og_type":"article","og_title":"S\u0259s izolyasiya ed\u0259n p\u0259rd\u0259l\u0259r ALPHAcoustic \u2013 ACu. S\u0259s-k\u00fcy - GeoClimate.ge","og_description":"Akustik p\u0259rd\u0259l\u0259r \u00fcmumiyy\u0259tl\u0259 s\u0259s-k\u00fcy\u00fcn \u00f6t\u00fcr\u00fclm\u0259sini dayand\u0131rmaq \u00fc\u00e7\u00fcn istifad\u0259 edilmir. Buna baxmayaraq, b\u0259zi hallarda, diqq\u0259tl\u0259 planla\u015fd\u0131rma il\u0259, akustik p\u0259rd\u0259l\u0259r arzuolunmaz s\u0259s-k\u00fcy\u00fc udur v\u0259 \u0259ks etdir\u0259 bil\u0259r. Xarici \u00fcz par\u00e7alar\u0131 aras\u0131nda y\u00fcks\u0259k k\u00fctl\u0259li par\u00e7alar\/membran interpolasiyas\u0131 il\u0259 m\u0259qbul s\u0259s izolyasiya d\u0259y\u0259rl\u0259rin\u0259 nail ola bil\u0259rik. Bu c\u00fcr p\u0259rd\u0259l\u0259rin \/ p\u0259rd\u0259l\u0259rin effektivliyi yollar\u0131n m\u00f6h\u00fcrl\u0259nm\u0259sin\u0259 nail olmaqdan as\u0131l\u0131d\u0131r.  Kateqoriya: Akustik p\u0259rd\u0259l\u0259r","og_url":"https:\/\/geoclimate.ge\/az\/product\/soundproofing-curtains-alphacoustic-acu-noise\/","og_site_name":"GeoClimate.ge","article_modified_time":"2025-02-23T19:41:41+00:00","og_image":[{"width":800,"height":600,"url":"https:\/\/geoclimate.ge\/wp-content\/uploads\/2025\/02\/Acu-Noise-Acoustic-curtains.jpg","type":"image\/jpeg"}],"twitter_card":"summary_large_image","schema":{"@context":"https:\/\/schema.org","@graph":[{"@type":"WebPage","@id":"https:\/\/geoclimate.ge\/az\/product\/soundproofing-curtains-alphacoustic-acu-noise\/","url":"https:\/\/geoclimate.ge\/az\/product\/soundproofing-curtains-alphacoustic-acu-noise\/","name":"S\u0259s izolyasiya ed\u0259n p\u0259rd\u0259l\u0259r ALPHAcoustic \u2013 ACu. S\u0259s-k\u00fcy - GeoClimate.ge","isPartOf":{"@id":"https:\/\/geoclimate.ge\/#website"},"primaryImageOfPage":{"@id":"https:\/\/geoclimate.ge\/az\/product\/soundproofing-curtains-alphacoustic-acu-noise\/#primaryimage"},"image":{"@id":"https:\/\/geoclimate.ge\/az\/product\/soundproofing-curtains-alphacoustic-acu-noise\/#primaryimage"},"thumbnailUrl":"https:\/\/geoclimate.ge\/wp-content\/uploads\/2025\/02\/Acu-Noise-Acoustic-curtains.jpg","datePublished":"2025-02-23T19:40:04+00:00","dateModified":"2025-02-23T19:41:41+00:00","breadcrumb":{"@id":"https:\/\/geoclimate.ge\/az\/product\/soundproofing-curtains-alphacoustic-acu-noise\/#breadcrumb"},"inLanguage":"az","potentialAction":[{"@type":"ReadAction","target":["https:\/\/geoclimate.ge\/az\/product\/soundproofing-curtains-alphacoustic-acu-noise\/"]}]},{"@type":"ImageObject","inLanguage":"az","@id":"https:\/\/geoclimate.ge\/az\/product\/soundproofing-curtains-alphacoustic-acu-noise\/#primaryimage","url":"https:\/\/geoclimate.ge\/wp-content\/uploads\/2025\/02\/Acu-Noise-Acoustic-curtains.jpg","contentUrl":"https:\/\/geoclimate.ge\/wp-content\/uploads\/2025\/02\/Acu-Noise-Acoustic-curtains.jpg","width":800,"height":600},{"@type":"BreadcrumbList","@id":"https:\/\/geoclimate.ge\/az\/product\/soundproofing-curtains-alphacoustic-acu-noise\/#breadcrumb","itemListElement":[{"@type":"ListItem","position":1,"name":"Home","item":"https:\/\/geoclimate.ge\/az\/"},{"@type":"ListItem","position":2,"name":"M\u0259hsullar","item":"https:\/\/geoclimate.ge\/az\/products\/"},{"@type":"ListItem","position":3,"name":"S\u0259s izolyasiya ed\u0259n p\u0259rd\u0259l\u0259r ALPHAcoustic \u2013 ACu. S\u0259s-k\u00fcy"}]},{"@type":"WebSite","@id":"https:\/\/geoclimate.ge\/#website","url":"https:\/\/geoclimate.ge\/","name":"GeoClimate","description":"","publisher":{"@id":"https:\/\/geoclimate.ge\/#organization"},"potentialAction":[{"@type":"SearchAction","target":{"@type":"EntryPoint","urlTemplate":"https:\/\/geoclimate.ge\/?s={search_term_string}"},"query-input":{"@type":"PropertyValueSpecification","valueRequired":true,"valueName":"search_term_string"}}],"inLanguage":"az"},{"@type":"Organization","@id":"https:\/\/geoclimate.ge\/#organization","name":"GeoClimate","url":"https:\/\/geoclimate.ge\/","logo":{"@type":"ImageObject","inLanguage":"az","@id":"https:\/\/geoclimate.ge\/#\/schema\/logo\/image\/","url":"https:\/\/geoclimate.ge\/wp-content\/uploads\/2026\/03\/geoclimate-SEO.png","contentUrl":"https:\/\/geoclimate.ge\/wp-content\/uploads\/2026\/03\/geoclimate-SEO.png","width":1536,"height":1024,"caption":"GeoClimate"},"image":{"@id":"https:\/\/geoclimate.ge\/#\/schema\/logo\/image\/"}}]}},"_links":{"self":[{"href":"https:\/\/geoclimate.ge\/az\/wp-json\/wp\/v2\/product\/24298","targetHints":{"allow":["GET"]}}],"collection":[{"href":"https:\/\/geoclimate.ge\/az\/wp-json\/wp\/v2\/product"}],"about":[{"href":"https:\/\/geoclimate.ge\/az\/wp-json\/wp\/v2\/types\/product"}],"wp:featuredmedia":[{"embeddable":true,"href":"https:\/\/geoclimate.ge\/az\/wp-json\/wp\/v2\/media\/24256"}],"wp:attachment":[{"href":"https:\/\/geoclimate.ge\/az\/wp-json\/wp\/v2\/media?parent=24298"}],"wp:term":[{"taxonomy":"product_brand","embeddable":true,"href":"https:\/\/geoclimate.ge\/az\/wp-json\/wp\/v2\/product_brand?post=24298"},{"taxonomy":"product_cat","embeddable":true,"href":"https:\/\/geoclimate.ge\/az\/wp-json\/wp\/v2\/product_cat?post=24298"},{"taxonomy":"product_tag","embeddable":true,"href":"https:\/\/geoclimate.ge\/az\/wp-json\/wp\/v2\/product_tag?post=24298"}],"curies":[{"name":"wp","href":"https:\/\/api.w.org\/{rel}","templated":true}]}}