{"id":24384,"date":"2025-02-24T00:14:09","date_gmt":"2025-02-23T20:14:09","guid":{"rendered":"https:\/\/airsystems.ge\/shop\/product\/acoustic-panel-alphacoustic-keros\/"},"modified":"2025-02-24T00:16:09","modified_gmt":"2025-02-23T20:16:09","slug":"acoustic-panel-alphacoustic-keros","status":"publish","type":"product","link":"https:\/\/geoclimate.ge\/az\/product\/acoustic-panel-alphacoustic-keros\/","title":{"rendered":"Akustik Panel ALPHAcoustic \u2013 K\u00e9ros"},"content":{"rendered":"","protected":false},"excerpt":{"rendered":"<div class=\"woocommerce-product-details__short-description\">\n<p>Q\u0259dim Yunan \u0130nc\u0259s\u0259n\u0259tind\u0259n ilhamlanm\u0131\u015f v\u0259 y\u00fcks\u0259k d\u00f6z\u00fcml\u00fcl\u00fck v\u0259 \u0259la keyfiyy\u0259tli par\u00e7alardan haz\u0131rlanm\u0131\u015fd\u0131r. Daxili akustik materiallar\u0131n birl\u0259\u015fm\u0259si geni\u015f s\u0259s udma t\u0259min edir.<br \/>\n4500 il \u0259vv\u0259l&#8230;<\/p>\n<p>K\u00e9ros, Kiklad adalar\u0131nda ya\u015fayan kims\u0259siz Yunan adas\u0131d\u0131r. Bu, eram\u0131zdan \u0259vv\u0259l 2500-c\u00fc ill\u0259rd\u0259 m\u0259rk\u0259zi Egeyd\u0259 \u00e7i\u00e7\u0259kl\u0259n\u0259n Kiklad sivilizasiyas\u0131na ev sahibliyi ed\u0259n \u0259n g\u00f6rk\u0259mli yerl\u0259rd\u0259n biri idi. K\u00e9ros \u0259sas\u0259n adada qaz\u0131nt\u0131lar zaman\u0131 tap\u0131lan d\u00fcz \u00fczl\u00fc Kiklad m\u0259rm\u0259r heyk\u0259lcikl\u0259ri il\u0259 diqq\u0259ti c\u0259lb edir. Cycladic m\u0259rm\u0259r heyk\u0259lcikl\u0259ri dem\u0259k olar ki, \u015f\u0259ffaf a\u011fl\u0131\u011f\u0131 il\u0259 m\u00fcasir tama\u015fa\u00e7\u0131ya m\u00fcraci\u0259t ets\u0259 d\u0259, onlar\u0131n yarad\u0131c\u0131lar\u0131 r\u0259ngi \u00e7ox sevirdil\u0259r v\u0259 h\u0259m praktik, h\u0259m d\u0259 simvolik s\u0259b\u0259bl\u0259rd\u0259n bu obyektl\u0259rd\u0259 liberal \u015f\u0259kild\u0259 istifad\u0259 edirdil\u0259r.<\/p>\n<p>Kateqoriya: X\u00fcsusi Dizayn Akustik Panell\u0259r<\/p>\n<\/div>\n","protected":false},"featured_media":24379,"template":"","meta":[],"product_brand":[],"product_cat":[804,931,948],"product_tag":[],"class_list":{"0":"post-24384","1":"product","2":"type-product","3":"status-publish","4":"has-post-thumbnail","6":"product_cat-akustika-ss-kuy-v-vibrasiyaya-nzart","7":"product_cat-architectural-acoustic-az","8":"product_cat-akustik-panellr-dizayn-az","10":"first","11":"instock","12":"shipping-taxable","13":"product-type-simple"},"yoast_head":"<!-- This site is optimized with the Yoast SEO plugin v27.1.1 - https:\/\/yoast.com\/product\/yoast-seo-wordpress\/ -->\n<title>Akustik Panel ALPHAcoustic \u2013 K\u00e9ros - GeoClimate.ge<\/title>\n<meta name=\"robots\" content=\"index, follow, max-snippet:-1, max-image-preview:large, max-video-preview:-1\" \/>\n<link rel=\"canonical\" href=\"https:\/\/geoclimate.ge\/az\/product\/acoustic-panel-alphacoustic-keros\/\" \/>\n<meta property=\"og:locale\" content=\"az_AZ\" \/>\n<meta property=\"og:type\" content=\"article\" \/>\n<meta property=\"og:title\" content=\"Akustik Panel ALPHAcoustic \u2013 K\u00e9ros - GeoClimate.ge\" \/>\n<meta property=\"og:description\" content=\"Q\u0259dim Yunan \u0130nc\u0259s\u0259n\u0259tind\u0259n ilhamlanm\u0131\u015f v\u0259 y\u00fcks\u0259k d\u00f6z\u00fcml\u00fcl\u00fck v\u0259 \u0259la keyfiyy\u0259tli par\u00e7alardan haz\u0131rlanm\u0131\u015fd\u0131r. Daxili akustik materiallar\u0131n birl\u0259\u015fm\u0259si geni\u015f s\u0259s udma t\u0259min edir. 4500 il \u0259vv\u0259l...  K\u00e9ros, Kiklad adalar\u0131nda ya\u015fayan kims\u0259siz Yunan adas\u0131d\u0131r. Bu, eram\u0131zdan \u0259vv\u0259l 2500-c\u00fc ill\u0259rd\u0259 m\u0259rk\u0259zi Egeyd\u0259 \u00e7i\u00e7\u0259kl\u0259n\u0259n Kiklad sivilizasiyas\u0131na ev sahibliyi ed\u0259n \u0259n g\u00f6rk\u0259mli yerl\u0259rd\u0259n biri idi. K\u00e9ros \u0259sas\u0259n adada qaz\u0131nt\u0131lar zaman\u0131 tap\u0131lan d\u00fcz \u00fczl\u00fc Kiklad m\u0259rm\u0259r heyk\u0259lcikl\u0259ri il\u0259 diqq\u0259ti c\u0259lb edir. Cycladic m\u0259rm\u0259r heyk\u0259lcikl\u0259ri dem\u0259k olar ki, \u015f\u0259ffaf a\u011fl\u0131\u011f\u0131 il\u0259 m\u00fcasir tama\u015fa\u00e7\u0131ya m\u00fcraci\u0259t ets\u0259 d\u0259, onlar\u0131n yarad\u0131c\u0131lar\u0131 r\u0259ngi \u00e7ox sevirdil\u0259r v\u0259 h\u0259m praktik, h\u0259m d\u0259 simvolik s\u0259b\u0259bl\u0259rd\u0259n bu obyektl\u0259rd\u0259 liberal \u015f\u0259kild\u0259 istifad\u0259 edirdil\u0259r.  Kateqoriya: X\u00fcsusi Dizayn Akustik Panell\u0259r\" \/>\n<meta property=\"og:url\" content=\"https:\/\/geoclimate.ge\/az\/product\/acoustic-panel-alphacoustic-keros\/\" \/>\n<meta property=\"og:site_name\" content=\"GeoClimate.ge\" \/>\n<meta property=\"article:modified_time\" content=\"2025-02-23T20:16:09+00:00\" \/>\n<meta property=\"og:image\" content=\"https:\/\/geoclimate.ge\/wp-content\/uploads\/2025\/02\/Keros-Photo-real-1.jpg\" \/>\n\t<meta property=\"og:image:width\" content=\"1240\" \/>\n\t<meta property=\"og:image:height\" content=\"825\" \/>\n\t<meta property=\"og:image:type\" content=\"image\/jpeg\" \/>\n<meta name=\"twitter:card\" content=\"summary_large_image\" \/>\n<script type=\"application\/ld+json\" class=\"yoast-schema-graph\">{\"@context\":\"https:\/\/schema.org\",\"@graph\":[{\"@type\":\"WebPage\",\"@id\":\"https:\/\/geoclimate.ge\/az\/product\/acoustic-panel-alphacoustic-keros\/\",\"url\":\"https:\/\/geoclimate.ge\/az\/product\/acoustic-panel-alphacoustic-keros\/\",\"name\":\"Akustik Panel ALPHAcoustic \u2013 K\u00e9ros - GeoClimate.ge\",\"isPartOf\":{\"@id\":\"https:\/\/geoclimate.ge\/#website\"},\"primaryImageOfPage\":{\"@id\":\"https:\/\/geoclimate.ge\/az\/product\/acoustic-panel-alphacoustic-keros\/#primaryimage\"},\"image\":{\"@id\":\"https:\/\/geoclimate.ge\/az\/product\/acoustic-panel-alphacoustic-keros\/#primaryimage\"},\"thumbnailUrl\":\"https:\/\/geoclimate.ge\/wp-content\/uploads\/2025\/02\/Keros-Photo-real-1.jpg\",\"datePublished\":\"2025-02-23T20:14:09+00:00\",\"dateModified\":\"2025-02-23T20:16:09+00:00\",\"breadcrumb\":{\"@id\":\"https:\/\/geoclimate.ge\/az\/product\/acoustic-panel-alphacoustic-keros\/#breadcrumb\"},\"inLanguage\":\"az\",\"potentialAction\":[{\"@type\":\"ReadAction\",\"target\":[\"https:\/\/geoclimate.ge\/az\/product\/acoustic-panel-alphacoustic-keros\/\"]}]},{\"@type\":\"ImageObject\",\"inLanguage\":\"az\",\"@id\":\"https:\/\/geoclimate.ge\/az\/product\/acoustic-panel-alphacoustic-keros\/#primaryimage\",\"url\":\"https:\/\/geoclimate.ge\/wp-content\/uploads\/2025\/02\/Keros-Photo-real-1.jpg\",\"contentUrl\":\"https:\/\/geoclimate.ge\/wp-content\/uploads\/2025\/02\/Keros-Photo-real-1.jpg\",\"width\":1240,\"height\":825},{\"@type\":\"BreadcrumbList\",\"@id\":\"https:\/\/geoclimate.ge\/az\/product\/acoustic-panel-alphacoustic-keros\/#breadcrumb\",\"itemListElement\":[{\"@type\":\"ListItem\",\"position\":1,\"name\":\"Home\",\"item\":\"https:\/\/geoclimate.ge\/az\/\"},{\"@type\":\"ListItem\",\"position\":2,\"name\":\"M\u0259hsullar\",\"item\":\"https:\/\/geoclimate.ge\/az\/products\/\"},{\"@type\":\"ListItem\",\"position\":3,\"name\":\"Akustik Panel ALPHAcoustic \u2013 K\u00e9ros\"}]},{\"@type\":\"WebSite\",\"@id\":\"https:\/\/geoclimate.ge\/#website\",\"url\":\"https:\/\/geoclimate.ge\/\",\"name\":\"GeoClimate\",\"description\":\"\",\"publisher\":{\"@id\":\"https:\/\/geoclimate.ge\/#organization\"},\"potentialAction\":[{\"@type\":\"SearchAction\",\"target\":{\"@type\":\"EntryPoint\",\"urlTemplate\":\"https:\/\/geoclimate.ge\/?s={search_term_string}\"},\"query-input\":{\"@type\":\"PropertyValueSpecification\",\"valueRequired\":true,\"valueName\":\"search_term_string\"}}],\"inLanguage\":\"az\"},{\"@type\":\"Organization\",\"@id\":\"https:\/\/geoclimate.ge\/#organization\",\"name\":\"GeoClimate\",\"url\":\"https:\/\/geoclimate.ge\/\",\"logo\":{\"@type\":\"ImageObject\",\"inLanguage\":\"az\",\"@id\":\"https:\/\/geoclimate.ge\/#\/schema\/logo\/image\/\",\"url\":\"https:\/\/geoclimate.ge\/wp-content\/uploads\/2026\/03\/geoclimate-SEO.png\",\"contentUrl\":\"https:\/\/geoclimate.ge\/wp-content\/uploads\/2026\/03\/geoclimate-SEO.png\",\"width\":1536,\"height\":1024,\"caption\":\"GeoClimate\"},\"image\":{\"@id\":\"https:\/\/geoclimate.ge\/#\/schema\/logo\/image\/\"}}]}<\/script>\n<!-- \/ Yoast SEO plugin. -->","yoast_head_json":{"title":"Akustik Panel ALPHAcoustic \u2013 K\u00e9ros - GeoClimate.ge","robots":{"index":"index","follow":"follow","max-snippet":"max-snippet:-1","max-image-preview":"max-image-preview:large","max-video-preview":"max-video-preview:-1"},"canonical":"https:\/\/geoclimate.ge\/az\/product\/acoustic-panel-alphacoustic-keros\/","og_locale":"az_AZ","og_type":"article","og_title":"Akustik Panel ALPHAcoustic \u2013 K\u00e9ros - GeoClimate.ge","og_description":"Q\u0259dim Yunan \u0130nc\u0259s\u0259n\u0259tind\u0259n ilhamlanm\u0131\u015f v\u0259 y\u00fcks\u0259k d\u00f6z\u00fcml\u00fcl\u00fck v\u0259 \u0259la keyfiyy\u0259tli par\u00e7alardan haz\u0131rlanm\u0131\u015fd\u0131r. Daxili akustik materiallar\u0131n birl\u0259\u015fm\u0259si geni\u015f s\u0259s udma t\u0259min edir. 4500 il \u0259vv\u0259l...  K\u00e9ros, Kiklad adalar\u0131nda ya\u015fayan kims\u0259siz Yunan adas\u0131d\u0131r. Bu, eram\u0131zdan \u0259vv\u0259l 2500-c\u00fc ill\u0259rd\u0259 m\u0259rk\u0259zi Egeyd\u0259 \u00e7i\u00e7\u0259kl\u0259n\u0259n Kiklad sivilizasiyas\u0131na ev sahibliyi ed\u0259n \u0259n g\u00f6rk\u0259mli yerl\u0259rd\u0259n biri idi. K\u00e9ros \u0259sas\u0259n adada qaz\u0131nt\u0131lar zaman\u0131 tap\u0131lan d\u00fcz \u00fczl\u00fc Kiklad m\u0259rm\u0259r heyk\u0259lcikl\u0259ri il\u0259 diqq\u0259ti c\u0259lb edir. Cycladic m\u0259rm\u0259r heyk\u0259lcikl\u0259ri dem\u0259k olar ki, \u015f\u0259ffaf a\u011fl\u0131\u011f\u0131 il\u0259 m\u00fcasir tama\u015fa\u00e7\u0131ya m\u00fcraci\u0259t ets\u0259 d\u0259, onlar\u0131n yarad\u0131c\u0131lar\u0131 r\u0259ngi \u00e7ox sevirdil\u0259r v\u0259 h\u0259m praktik, h\u0259m d\u0259 simvolik s\u0259b\u0259bl\u0259rd\u0259n bu obyektl\u0259rd\u0259 liberal \u015f\u0259kild\u0259 istifad\u0259 edirdil\u0259r.  Kateqoriya: X\u00fcsusi Dizayn Akustik Panell\u0259r","og_url":"https:\/\/geoclimate.ge\/az\/product\/acoustic-panel-alphacoustic-keros\/","og_site_name":"GeoClimate.ge","article_modified_time":"2025-02-23T20:16:09+00:00","og_image":[{"width":1240,"height":825,"url":"https:\/\/geoclimate.ge\/wp-content\/uploads\/2025\/02\/Keros-Photo-real-1.jpg","type":"image\/jpeg"}],"twitter_card":"summary_large_image","schema":{"@context":"https:\/\/schema.org","@graph":[{"@type":"WebPage","@id":"https:\/\/geoclimate.ge\/az\/product\/acoustic-panel-alphacoustic-keros\/","url":"https:\/\/geoclimate.ge\/az\/product\/acoustic-panel-alphacoustic-keros\/","name":"Akustik Panel ALPHAcoustic \u2013 K\u00e9ros - GeoClimate.ge","isPartOf":{"@id":"https:\/\/geoclimate.ge\/#website"},"primaryImageOfPage":{"@id":"https:\/\/geoclimate.ge\/az\/product\/acoustic-panel-alphacoustic-keros\/#primaryimage"},"image":{"@id":"https:\/\/geoclimate.ge\/az\/product\/acoustic-panel-alphacoustic-keros\/#primaryimage"},"thumbnailUrl":"https:\/\/geoclimate.ge\/wp-content\/uploads\/2025\/02\/Keros-Photo-real-1.jpg","datePublished":"2025-02-23T20:14:09+00:00","dateModified":"2025-02-23T20:16:09+00:00","breadcrumb":{"@id":"https:\/\/geoclimate.ge\/az\/product\/acoustic-panel-alphacoustic-keros\/#breadcrumb"},"inLanguage":"az","potentialAction":[{"@type":"ReadAction","target":["https:\/\/geoclimate.ge\/az\/product\/acoustic-panel-alphacoustic-keros\/"]}]},{"@type":"ImageObject","inLanguage":"az","@id":"https:\/\/geoclimate.ge\/az\/product\/acoustic-panel-alphacoustic-keros\/#primaryimage","url":"https:\/\/geoclimate.ge\/wp-content\/uploads\/2025\/02\/Keros-Photo-real-1.jpg","contentUrl":"https:\/\/geoclimate.ge\/wp-content\/uploads\/2025\/02\/Keros-Photo-real-1.jpg","width":1240,"height":825},{"@type":"BreadcrumbList","@id":"https:\/\/geoclimate.ge\/az\/product\/acoustic-panel-alphacoustic-keros\/#breadcrumb","itemListElement":[{"@type":"ListItem","position":1,"name":"Home","item":"https:\/\/geoclimate.ge\/az\/"},{"@type":"ListItem","position":2,"name":"M\u0259hsullar","item":"https:\/\/geoclimate.ge\/az\/products\/"},{"@type":"ListItem","position":3,"name":"Akustik Panel ALPHAcoustic \u2013 K\u00e9ros"}]},{"@type":"WebSite","@id":"https:\/\/geoclimate.ge\/#website","url":"https:\/\/geoclimate.ge\/","name":"GeoClimate","description":"","publisher":{"@id":"https:\/\/geoclimate.ge\/#organization"},"potentialAction":[{"@type":"SearchAction","target":{"@type":"EntryPoint","urlTemplate":"https:\/\/geoclimate.ge\/?s={search_term_string}"},"query-input":{"@type":"PropertyValueSpecification","valueRequired":true,"valueName":"search_term_string"}}],"inLanguage":"az"},{"@type":"Organization","@id":"https:\/\/geoclimate.ge\/#organization","name":"GeoClimate","url":"https:\/\/geoclimate.ge\/","logo":{"@type":"ImageObject","inLanguage":"az","@id":"https:\/\/geoclimate.ge\/#\/schema\/logo\/image\/","url":"https:\/\/geoclimate.ge\/wp-content\/uploads\/2026\/03\/geoclimate-SEO.png","contentUrl":"https:\/\/geoclimate.ge\/wp-content\/uploads\/2026\/03\/geoclimate-SEO.png","width":1536,"height":1024,"caption":"GeoClimate"},"image":{"@id":"https:\/\/geoclimate.ge\/#\/schema\/logo\/image\/"}}]}},"_links":{"self":[{"href":"https:\/\/geoclimate.ge\/az\/wp-json\/wp\/v2\/product\/24384","targetHints":{"allow":["GET"]}}],"collection":[{"href":"https:\/\/geoclimate.ge\/az\/wp-json\/wp\/v2\/product"}],"about":[{"href":"https:\/\/geoclimate.ge\/az\/wp-json\/wp\/v2\/types\/product"}],"wp:featuredmedia":[{"embeddable":true,"href":"https:\/\/geoclimate.ge\/az\/wp-json\/wp\/v2\/media\/24379"}],"wp:attachment":[{"href":"https:\/\/geoclimate.ge\/az\/wp-json\/wp\/v2\/media?parent=24384"}],"wp:term":[{"taxonomy":"product_brand","embeddable":true,"href":"https:\/\/geoclimate.ge\/az\/wp-json\/wp\/v2\/product_brand?post=24384"},{"taxonomy":"product_cat","embeddable":true,"href":"https:\/\/geoclimate.ge\/az\/wp-json\/wp\/v2\/product_cat?post=24384"},{"taxonomy":"product_tag","embeddable":true,"href":"https:\/\/geoclimate.ge\/az\/wp-json\/wp\/v2\/product_tag?post=24384"}],"curies":[{"name":"wp","href":"https:\/\/api.w.org\/{rel}","templated":true}]}}