{"id":24506,"date":"2025-02-24T00:30:48","date_gmt":"2025-02-23T20:30:48","guid":{"rendered":"https:\/\/airsystems.ge\/shop\/product\/round-acoustic-panels-with-led-alphacoustic-kiklos-fos\/"},"modified":"2025-02-24T00:31:25","modified_gmt":"2025-02-23T20:31:25","slug":"round-acoustic-panels-with-led-alphacoustic-kiklos-fos","status":"publish","type":"product","link":"https:\/\/geoclimate.ge\/az\/product\/round-acoustic-panels-with-led-alphacoustic-kiklos-fos\/","title":{"rendered":"LED ALPHAcoustic il\u0259 dair\u0259vi akustik panell\u0259r \u2013 Kiklos.Fos"},"content":{"rendered":"","protected":false},"excerpt":{"rendered":"<p>ALPHAcoustic \u2013 Kiklos.Fos akustikan\u0131 LED i\u015f\u0131qland\u0131rma il\u0259 birl\u0259\u015fdir\u0259n yeni d\u0259yirmi akustik panell\u0259r seriyas\u0131d\u0131r. Ad\u0131n\u0131 yunanca i\u015f\u0131q m\u0259nas\u0131n\u0131 ver\u0259n \u201c\u03a6\u03a9\u03a3\u201d s\u00f6z\u00fcnd\u0259n alan bu akustik panell\u0259r tavandan \u00fcf\u00fcqi \u015f\u0259kild\u0259 as\u0131l\u0131r v\u0259 akustik \u015f\u0259ffaf par\u00e7a il\u0259 b\u00fck\u00fcl\u00fcr. Onlara birba\u015fa v\u0259 \u0259ks olunan i\u015f\u0131qland\u0131rmaya imkan ver\u0259n d\u0259yirmi i\u015f\u0131qland\u0131rma sistemi daxildir. M\u00fck\u0259mm\u0259l akustika il\u0259 yana\u015f\u0131, onlar daxili memarlar v\u0259 mexaniki i\u015f\u0131qland\u0131rma m\u0259sl\u0259h\u0259t\u00e7il\u0259ri \u00fc\u00e7\u00fcn tam akustik v\u0259 i\u015f\u0131qland\u0131rma h\u0259ll\u0259ri t\u0259min etm\u0259k m\u0259qs\u0259di il\u0259 haz\u0131rlanm\u0131\u015fd\u0131r.<\/p>\n<p>Kateqoriya: \u0130\u015f\u0131ql\u0131 Akustik Panell\u0259r<\/p>\n","protected":false},"featured_media":24482,"template":"","meta":[],"product_brand":[],"product_cat":[804,931,954],"product_tag":[],"class_list":{"0":"post-24506","1":"product","2":"type-product","3":"status-publish","4":"has-post-thumbnail","6":"product_cat-akustika-ss-kuy-v-vibrasiyaya-nzart","7":"product_cat-architectural-acoustic-az","8":"product_cat-akustik-panellr-isiqli-az","10":"first","11":"instock","12":"shipping-taxable","13":"product-type-simple"},"yoast_head":"<!-- This site is optimized with the Yoast SEO plugin v27.1.1 - https:\/\/yoast.com\/product\/yoast-seo-wordpress\/ -->\n<title>LED ALPHAcoustic il\u0259 dair\u0259vi akustik panell\u0259r \u2013 Kiklos.Fos - GeoClimate.ge<\/title>\n<meta name=\"robots\" content=\"index, follow, max-snippet:-1, max-image-preview:large, max-video-preview:-1\" \/>\n<link rel=\"canonical\" href=\"https:\/\/geoclimate.ge\/az\/product\/round-acoustic-panels-with-led-alphacoustic-kiklos-fos\/\" \/>\n<meta property=\"og:locale\" content=\"az_AZ\" \/>\n<meta property=\"og:type\" content=\"article\" \/>\n<meta property=\"og:title\" content=\"LED ALPHAcoustic il\u0259 dair\u0259vi akustik panell\u0259r \u2013 Kiklos.Fos - GeoClimate.ge\" \/>\n<meta property=\"og:description\" content=\"ALPHAcoustic \u2013 Kiklos.Fos akustikan\u0131 LED i\u015f\u0131qland\u0131rma il\u0259 birl\u0259\u015fdir\u0259n yeni d\u0259yirmi akustik panell\u0259r seriyas\u0131d\u0131r. Ad\u0131n\u0131 yunanca i\u015f\u0131q m\u0259nas\u0131n\u0131 ver\u0259n \u201c\u03a6\u03a9\u03a3\u201d s\u00f6z\u00fcnd\u0259n alan bu akustik panell\u0259r tavandan \u00fcf\u00fcqi \u015f\u0259kild\u0259 as\u0131l\u0131r v\u0259 akustik \u015f\u0259ffaf par\u00e7a il\u0259 b\u00fck\u00fcl\u00fcr. Onlara birba\u015fa v\u0259 \u0259ks olunan i\u015f\u0131qland\u0131rmaya imkan ver\u0259n d\u0259yirmi i\u015f\u0131qland\u0131rma sistemi daxildir. M\u00fck\u0259mm\u0259l akustika il\u0259 yana\u015f\u0131, onlar daxili memarlar v\u0259 mexaniki i\u015f\u0131qland\u0131rma m\u0259sl\u0259h\u0259t\u00e7il\u0259ri \u00fc\u00e7\u00fcn tam akustik v\u0259 i\u015f\u0131qland\u0131rma h\u0259ll\u0259ri t\u0259min etm\u0259k m\u0259qs\u0259di il\u0259 haz\u0131rlanm\u0131\u015fd\u0131r.  Kateqoriya: \u0130\u015f\u0131ql\u0131 Akustik Panell\u0259r\" \/>\n<meta property=\"og:url\" content=\"https:\/\/geoclimate.ge\/az\/product\/round-acoustic-panels-with-led-alphacoustic-kiklos-fos\/\" \/>\n<meta property=\"og:site_name\" content=\"GeoClimate.ge\" \/>\n<meta property=\"article:modified_time\" content=\"2025-02-23T20:31:25+00:00\" \/>\n<meta property=\"og:image\" content=\"https:\/\/geoclimate.ge\/wp-content\/uploads\/2025\/02\/alphacoustic-kiklos-fos.jpg\" \/>\n\t<meta property=\"og:image:width\" content=\"1280\" \/>\n\t<meta property=\"og:image:height\" content=\"800\" \/>\n\t<meta property=\"og:image:type\" content=\"image\/jpeg\" \/>\n<meta name=\"twitter:card\" content=\"summary_large_image\" \/>\n<script type=\"application\/ld+json\" class=\"yoast-schema-graph\">{\"@context\":\"https:\/\/schema.org\",\"@graph\":[{\"@type\":\"WebPage\",\"@id\":\"https:\/\/geoclimate.ge\/az\/product\/round-acoustic-panels-with-led-alphacoustic-kiklos-fos\/\",\"url\":\"https:\/\/geoclimate.ge\/az\/product\/round-acoustic-panels-with-led-alphacoustic-kiklos-fos\/\",\"name\":\"LED ALPHAcoustic il\u0259 dair\u0259vi akustik panell\u0259r \u2013 Kiklos.Fos - GeoClimate.ge\",\"isPartOf\":{\"@id\":\"https:\/\/geoclimate.ge\/#website\"},\"primaryImageOfPage\":{\"@id\":\"https:\/\/geoclimate.ge\/az\/product\/round-acoustic-panels-with-led-alphacoustic-kiklos-fos\/#primaryimage\"},\"image\":{\"@id\":\"https:\/\/geoclimate.ge\/az\/product\/round-acoustic-panels-with-led-alphacoustic-kiklos-fos\/#primaryimage\"},\"thumbnailUrl\":\"https:\/\/geoclimate.ge\/wp-content\/uploads\/2025\/02\/alphacoustic-kiklos-fos.jpg\",\"datePublished\":\"2025-02-23T20:30:48+00:00\",\"dateModified\":\"2025-02-23T20:31:25+00:00\",\"breadcrumb\":{\"@id\":\"https:\/\/geoclimate.ge\/az\/product\/round-acoustic-panels-with-led-alphacoustic-kiklos-fos\/#breadcrumb\"},\"inLanguage\":\"az\",\"potentialAction\":[{\"@type\":\"ReadAction\",\"target\":[\"https:\/\/geoclimate.ge\/az\/product\/round-acoustic-panels-with-led-alphacoustic-kiklos-fos\/\"]}]},{\"@type\":\"ImageObject\",\"inLanguage\":\"az\",\"@id\":\"https:\/\/geoclimate.ge\/az\/product\/round-acoustic-panels-with-led-alphacoustic-kiklos-fos\/#primaryimage\",\"url\":\"https:\/\/geoclimate.ge\/wp-content\/uploads\/2025\/02\/alphacoustic-kiklos-fos.jpg\",\"contentUrl\":\"https:\/\/geoclimate.ge\/wp-content\/uploads\/2025\/02\/alphacoustic-kiklos-fos.jpg\",\"width\":1280,\"height\":800},{\"@type\":\"BreadcrumbList\",\"@id\":\"https:\/\/geoclimate.ge\/az\/product\/round-acoustic-panels-with-led-alphacoustic-kiklos-fos\/#breadcrumb\",\"itemListElement\":[{\"@type\":\"ListItem\",\"position\":1,\"name\":\"Home\",\"item\":\"https:\/\/geoclimate.ge\/az\/\"},{\"@type\":\"ListItem\",\"position\":2,\"name\":\"M\u0259hsullar\",\"item\":\"https:\/\/geoclimate.ge\/az\/products\/\"},{\"@type\":\"ListItem\",\"position\":3,\"name\":\"LED ALPHAcoustic il\u0259 dair\u0259vi akustik panell\u0259r \u2013 Kiklos.Fos\"}]},{\"@type\":\"WebSite\",\"@id\":\"https:\/\/geoclimate.ge\/#website\",\"url\":\"https:\/\/geoclimate.ge\/\",\"name\":\"GeoClimate\",\"description\":\"\",\"publisher\":{\"@id\":\"https:\/\/geoclimate.ge\/#organization\"},\"potentialAction\":[{\"@type\":\"SearchAction\",\"target\":{\"@type\":\"EntryPoint\",\"urlTemplate\":\"https:\/\/geoclimate.ge\/?s={search_term_string}\"},\"query-input\":{\"@type\":\"PropertyValueSpecification\",\"valueRequired\":true,\"valueName\":\"search_term_string\"}}],\"inLanguage\":\"az\"},{\"@type\":\"Organization\",\"@id\":\"https:\/\/geoclimate.ge\/#organization\",\"name\":\"GeoClimate\",\"url\":\"https:\/\/geoclimate.ge\/\",\"logo\":{\"@type\":\"ImageObject\",\"inLanguage\":\"az\",\"@id\":\"https:\/\/geoclimate.ge\/#\/schema\/logo\/image\/\",\"url\":\"https:\/\/geoclimate.ge\/wp-content\/uploads\/2026\/03\/geoclimate-SEO.png\",\"contentUrl\":\"https:\/\/geoclimate.ge\/wp-content\/uploads\/2026\/03\/geoclimate-SEO.png\",\"width\":1536,\"height\":1024,\"caption\":\"GeoClimate\"},\"image\":{\"@id\":\"https:\/\/geoclimate.ge\/#\/schema\/logo\/image\/\"}}]}<\/script>\n<!-- \/ Yoast SEO plugin. -->","yoast_head_json":{"title":"LED ALPHAcoustic il\u0259 dair\u0259vi akustik panell\u0259r \u2013 Kiklos.Fos - GeoClimate.ge","robots":{"index":"index","follow":"follow","max-snippet":"max-snippet:-1","max-image-preview":"max-image-preview:large","max-video-preview":"max-video-preview:-1"},"canonical":"https:\/\/geoclimate.ge\/az\/product\/round-acoustic-panels-with-led-alphacoustic-kiklos-fos\/","og_locale":"az_AZ","og_type":"article","og_title":"LED ALPHAcoustic il\u0259 dair\u0259vi akustik panell\u0259r \u2013 Kiklos.Fos - GeoClimate.ge","og_description":"ALPHAcoustic \u2013 Kiklos.Fos akustikan\u0131 LED i\u015f\u0131qland\u0131rma il\u0259 birl\u0259\u015fdir\u0259n yeni d\u0259yirmi akustik panell\u0259r seriyas\u0131d\u0131r. Ad\u0131n\u0131 yunanca i\u015f\u0131q m\u0259nas\u0131n\u0131 ver\u0259n \u201c\u03a6\u03a9\u03a3\u201d s\u00f6z\u00fcnd\u0259n alan bu akustik panell\u0259r tavandan \u00fcf\u00fcqi \u015f\u0259kild\u0259 as\u0131l\u0131r v\u0259 akustik \u015f\u0259ffaf par\u00e7a il\u0259 b\u00fck\u00fcl\u00fcr. Onlara birba\u015fa v\u0259 \u0259ks olunan i\u015f\u0131qland\u0131rmaya imkan ver\u0259n d\u0259yirmi i\u015f\u0131qland\u0131rma sistemi daxildir. M\u00fck\u0259mm\u0259l akustika il\u0259 yana\u015f\u0131, onlar daxili memarlar v\u0259 mexaniki i\u015f\u0131qland\u0131rma m\u0259sl\u0259h\u0259t\u00e7il\u0259ri \u00fc\u00e7\u00fcn tam akustik v\u0259 i\u015f\u0131qland\u0131rma h\u0259ll\u0259ri t\u0259min etm\u0259k m\u0259qs\u0259di il\u0259 haz\u0131rlanm\u0131\u015fd\u0131r.  Kateqoriya: \u0130\u015f\u0131ql\u0131 Akustik Panell\u0259r","og_url":"https:\/\/geoclimate.ge\/az\/product\/round-acoustic-panels-with-led-alphacoustic-kiklos-fos\/","og_site_name":"GeoClimate.ge","article_modified_time":"2025-02-23T20:31:25+00:00","og_image":[{"width":1280,"height":800,"url":"https:\/\/geoclimate.ge\/wp-content\/uploads\/2025\/02\/alphacoustic-kiklos-fos.jpg","type":"image\/jpeg"}],"twitter_card":"summary_large_image","schema":{"@context":"https:\/\/schema.org","@graph":[{"@type":"WebPage","@id":"https:\/\/geoclimate.ge\/az\/product\/round-acoustic-panels-with-led-alphacoustic-kiklos-fos\/","url":"https:\/\/geoclimate.ge\/az\/product\/round-acoustic-panels-with-led-alphacoustic-kiklos-fos\/","name":"LED ALPHAcoustic il\u0259 dair\u0259vi akustik panell\u0259r \u2013 Kiklos.Fos - GeoClimate.ge","isPartOf":{"@id":"https:\/\/geoclimate.ge\/#website"},"primaryImageOfPage":{"@id":"https:\/\/geoclimate.ge\/az\/product\/round-acoustic-panels-with-led-alphacoustic-kiklos-fos\/#primaryimage"},"image":{"@id":"https:\/\/geoclimate.ge\/az\/product\/round-acoustic-panels-with-led-alphacoustic-kiklos-fos\/#primaryimage"},"thumbnailUrl":"https:\/\/geoclimate.ge\/wp-content\/uploads\/2025\/02\/alphacoustic-kiklos-fos.jpg","datePublished":"2025-02-23T20:30:48+00:00","dateModified":"2025-02-23T20:31:25+00:00","breadcrumb":{"@id":"https:\/\/geoclimate.ge\/az\/product\/round-acoustic-panels-with-led-alphacoustic-kiklos-fos\/#breadcrumb"},"inLanguage":"az","potentialAction":[{"@type":"ReadAction","target":["https:\/\/geoclimate.ge\/az\/product\/round-acoustic-panels-with-led-alphacoustic-kiklos-fos\/"]}]},{"@type":"ImageObject","inLanguage":"az","@id":"https:\/\/geoclimate.ge\/az\/product\/round-acoustic-panels-with-led-alphacoustic-kiklos-fos\/#primaryimage","url":"https:\/\/geoclimate.ge\/wp-content\/uploads\/2025\/02\/alphacoustic-kiklos-fos.jpg","contentUrl":"https:\/\/geoclimate.ge\/wp-content\/uploads\/2025\/02\/alphacoustic-kiklos-fos.jpg","width":1280,"height":800},{"@type":"BreadcrumbList","@id":"https:\/\/geoclimate.ge\/az\/product\/round-acoustic-panels-with-led-alphacoustic-kiklos-fos\/#breadcrumb","itemListElement":[{"@type":"ListItem","position":1,"name":"Home","item":"https:\/\/geoclimate.ge\/az\/"},{"@type":"ListItem","position":2,"name":"M\u0259hsullar","item":"https:\/\/geoclimate.ge\/az\/products\/"},{"@type":"ListItem","position":3,"name":"LED ALPHAcoustic il\u0259 dair\u0259vi akustik panell\u0259r \u2013 Kiklos.Fos"}]},{"@type":"WebSite","@id":"https:\/\/geoclimate.ge\/#website","url":"https:\/\/geoclimate.ge\/","name":"GeoClimate","description":"","publisher":{"@id":"https:\/\/geoclimate.ge\/#organization"},"potentialAction":[{"@type":"SearchAction","target":{"@type":"EntryPoint","urlTemplate":"https:\/\/geoclimate.ge\/?s={search_term_string}"},"query-input":{"@type":"PropertyValueSpecification","valueRequired":true,"valueName":"search_term_string"}}],"inLanguage":"az"},{"@type":"Organization","@id":"https:\/\/geoclimate.ge\/#organization","name":"GeoClimate","url":"https:\/\/geoclimate.ge\/","logo":{"@type":"ImageObject","inLanguage":"az","@id":"https:\/\/geoclimate.ge\/#\/schema\/logo\/image\/","url":"https:\/\/geoclimate.ge\/wp-content\/uploads\/2026\/03\/geoclimate-SEO.png","contentUrl":"https:\/\/geoclimate.ge\/wp-content\/uploads\/2026\/03\/geoclimate-SEO.png","width":1536,"height":1024,"caption":"GeoClimate"},"image":{"@id":"https:\/\/geoclimate.ge\/#\/schema\/logo\/image\/"}}]}},"_links":{"self":[{"href":"https:\/\/geoclimate.ge\/az\/wp-json\/wp\/v2\/product\/24506","targetHints":{"allow":["GET"]}}],"collection":[{"href":"https:\/\/geoclimate.ge\/az\/wp-json\/wp\/v2\/product"}],"about":[{"href":"https:\/\/geoclimate.ge\/az\/wp-json\/wp\/v2\/types\/product"}],"wp:featuredmedia":[{"embeddable":true,"href":"https:\/\/geoclimate.ge\/az\/wp-json\/wp\/v2\/media\/24482"}],"wp:attachment":[{"href":"https:\/\/geoclimate.ge\/az\/wp-json\/wp\/v2\/media?parent=24506"}],"wp:term":[{"taxonomy":"product_brand","embeddable":true,"href":"https:\/\/geoclimate.ge\/az\/wp-json\/wp\/v2\/product_brand?post=24506"},{"taxonomy":"product_cat","embeddable":true,"href":"https:\/\/geoclimate.ge\/az\/wp-json\/wp\/v2\/product_cat?post=24506"},{"taxonomy":"product_tag","embeddable":true,"href":"https:\/\/geoclimate.ge\/az\/wp-json\/wp\/v2\/product_tag?post=24506"}],"curies":[{"name":"wp","href":"https:\/\/api.w.org\/{rel}","templated":true}]}}