{"id":24611,"date":"2025-02-24T00:45:38","date_gmt":"2025-02-23T20:45:38","guid":{"rendered":"https:\/\/airsystems.ge\/shop\/product\/acoustic-panels-with-perimetric-light-alphacoustic-perix\/"},"modified":"2025-02-24T00:46:25","modified_gmt":"2025-02-23T20:46:25","slug":"acoustic-panels-with-perimetric-light-alphacoustic-perix","status":"publish","type":"product","link":"https:\/\/geoclimate.ge\/az\/product\/acoustic-panels-with-perimetric-light-alphacoustic-perix\/","title":{"rendered":"Perimetrik \u0130\u015f\u0131ql\u0131 Akustik Panell\u0259r ALPHAcoustic \u2013 Perix"},"content":{"rendered":"","protected":false},"excerpt":{"rendered":"<p>Dizayn\/Format D\u00fczbucaql\u0131\/Dair\u0259vi\/\u00c7oxbucaql\u0131<\/p>\n<p>ALPHAcoustic \u2013 Perix.Fos akustikan\u0131 i\u015f\u0131qland\u0131rma il\u0259 birl\u0259\u015fdir\u0259n yeni akustik panell\u0259r seriyas\u0131d\u0131r. Around m\u0259nas\u0131n\u0131 ver\u0259n yunanca &#8220;\u03a0\u03ad\u03c1\u03b9\u03be&#8221; s\u00f6z\u00fcnd\u0259n sonra adland\u0131r\u0131lan bu tavan qur\u011fular\u0131 m\u00fcasir v\u0259 i\u015f\u0131ql\u0131 m\u0259kan yaratmaq \u00fc\u00e7\u00fcn akustik panelin \u0259traf\u0131nda s\u0259rh\u0259d nax\u0131\u015f\u0131nda i\u015f\u0131q \u00e7\u0259r\u00e7iv\u0259sini ehtiva edir.<\/p>\n<p>Kateqoriya: \u0130\u015f\u0131ql\u0131 Akustik Panell\u0259r<\/p>\n","protected":false},"featured_media":24588,"template":"","meta":[],"product_brand":[],"product_cat":[804,931,954],"product_tag":[],"class_list":{"0":"post-24611","1":"product","2":"type-product","3":"status-publish","4":"has-post-thumbnail","6":"product_cat-akustika-ss-kuy-v-vibrasiyaya-nzart","7":"product_cat-architectural-acoustic-az","8":"product_cat-akustik-panellr-isiqli-az","10":"first","11":"instock","12":"shipping-taxable","13":"product-type-simple"},"yoast_head":"<!-- This site is optimized with the Yoast SEO plugin v27.1.1 - https:\/\/yoast.com\/product\/yoast-seo-wordpress\/ -->\n<title>Perimetrik \u0130\u015f\u0131ql\u0131 Akustik Panell\u0259r ALPHAcoustic \u2013 Perix - GeoClimate.ge<\/title>\n<meta name=\"robots\" content=\"index, follow, max-snippet:-1, max-image-preview:large, max-video-preview:-1\" \/>\n<link rel=\"canonical\" href=\"https:\/\/geoclimate.ge\/az\/product\/acoustic-panels-with-perimetric-light-alphacoustic-perix\/\" \/>\n<meta property=\"og:locale\" content=\"az_AZ\" \/>\n<meta property=\"og:type\" content=\"article\" \/>\n<meta property=\"og:title\" content=\"Perimetrik \u0130\u015f\u0131ql\u0131 Akustik Panell\u0259r ALPHAcoustic \u2013 Perix - GeoClimate.ge\" \/>\n<meta property=\"og:description\" content=\"Dizayn\/Format D\u00fczbucaql\u0131\/Dair\u0259vi\/\u00c7oxbucaql\u0131  ALPHAcoustic \u2013 Perix.Fos akustikan\u0131 i\u015f\u0131qland\u0131rma il\u0259 birl\u0259\u015fdir\u0259n yeni akustik panell\u0259r seriyas\u0131d\u0131r. Around m\u0259nas\u0131n\u0131 ver\u0259n yunanca &quot;\u03a0\u03ad\u03c1\u03b9\u03be&quot; s\u00f6z\u00fcnd\u0259n sonra adland\u0131r\u0131lan bu tavan qur\u011fular\u0131 m\u00fcasir v\u0259 i\u015f\u0131ql\u0131 m\u0259kan yaratmaq \u00fc\u00e7\u00fcn akustik panelin \u0259traf\u0131nda s\u0259rh\u0259d nax\u0131\u015f\u0131nda i\u015f\u0131q \u00e7\u0259r\u00e7iv\u0259sini ehtiva edir.  Kateqoriya: \u0130\u015f\u0131ql\u0131 Akustik Panell\u0259r\" \/>\n<meta property=\"og:url\" content=\"https:\/\/geoclimate.ge\/az\/product\/acoustic-panels-with-perimetric-light-alphacoustic-perix\/\" \/>\n<meta property=\"og:site_name\" content=\"GeoClimate.ge\" \/>\n<meta property=\"article:modified_time\" content=\"2025-02-23T20:46:25+00:00\" \/>\n<meta property=\"og:image\" content=\"https:\/\/geoclimate.ge\/wp-content\/uploads\/2025\/02\/FOSaround.Par3_.jpg\" \/>\n\t<meta property=\"og:image:width\" content=\"1000\" \/>\n\t<meta property=\"og:image:height\" content=\"1024\" \/>\n\t<meta property=\"og:image:type\" content=\"image\/jpeg\" \/>\n<meta name=\"twitter:card\" content=\"summary_large_image\" \/>\n<script type=\"application\/ld+json\" class=\"yoast-schema-graph\">{\"@context\":\"https:\/\/schema.org\",\"@graph\":[{\"@type\":\"WebPage\",\"@id\":\"https:\/\/geoclimate.ge\/az\/product\/acoustic-panels-with-perimetric-light-alphacoustic-perix\/\",\"url\":\"https:\/\/geoclimate.ge\/az\/product\/acoustic-panels-with-perimetric-light-alphacoustic-perix\/\",\"name\":\"Perimetrik \u0130\u015f\u0131ql\u0131 Akustik Panell\u0259r ALPHAcoustic \u2013 Perix - GeoClimate.ge\",\"isPartOf\":{\"@id\":\"https:\/\/geoclimate.ge\/#website\"},\"primaryImageOfPage\":{\"@id\":\"https:\/\/geoclimate.ge\/az\/product\/acoustic-panels-with-perimetric-light-alphacoustic-perix\/#primaryimage\"},\"image\":{\"@id\":\"https:\/\/geoclimate.ge\/az\/product\/acoustic-panels-with-perimetric-light-alphacoustic-perix\/#primaryimage\"},\"thumbnailUrl\":\"https:\/\/geoclimate.ge\/wp-content\/uploads\/2025\/02\/FOSaround.Par3_.jpg\",\"datePublished\":\"2025-02-23T20:45:38+00:00\",\"dateModified\":\"2025-02-23T20:46:25+00:00\",\"breadcrumb\":{\"@id\":\"https:\/\/geoclimate.ge\/az\/product\/acoustic-panels-with-perimetric-light-alphacoustic-perix\/#breadcrumb\"},\"inLanguage\":\"az\",\"potentialAction\":[{\"@type\":\"ReadAction\",\"target\":[\"https:\/\/geoclimate.ge\/az\/product\/acoustic-panels-with-perimetric-light-alphacoustic-perix\/\"]}]},{\"@type\":\"ImageObject\",\"inLanguage\":\"az\",\"@id\":\"https:\/\/geoclimate.ge\/az\/product\/acoustic-panels-with-perimetric-light-alphacoustic-perix\/#primaryimage\",\"url\":\"https:\/\/geoclimate.ge\/wp-content\/uploads\/2025\/02\/FOSaround.Par3_.jpg\",\"contentUrl\":\"https:\/\/geoclimate.ge\/wp-content\/uploads\/2025\/02\/FOSaround.Par3_.jpg\",\"width\":1000,\"height\":1024},{\"@type\":\"BreadcrumbList\",\"@id\":\"https:\/\/geoclimate.ge\/az\/product\/acoustic-panels-with-perimetric-light-alphacoustic-perix\/#breadcrumb\",\"itemListElement\":[{\"@type\":\"ListItem\",\"position\":1,\"name\":\"Home\",\"item\":\"https:\/\/geoclimate.ge\/az\/\"},{\"@type\":\"ListItem\",\"position\":2,\"name\":\"M\u0259hsullar\",\"item\":\"https:\/\/geoclimate.ge\/az\/products\/\"},{\"@type\":\"ListItem\",\"position\":3,\"name\":\"Perimetrik \u0130\u015f\u0131ql\u0131 Akustik Panell\u0259r ALPHAcoustic \u2013 Perix\"}]},{\"@type\":\"WebSite\",\"@id\":\"https:\/\/geoclimate.ge\/#website\",\"url\":\"https:\/\/geoclimate.ge\/\",\"name\":\"GeoClimate\",\"description\":\"\",\"publisher\":{\"@id\":\"https:\/\/geoclimate.ge\/#organization\"},\"potentialAction\":[{\"@type\":\"SearchAction\",\"target\":{\"@type\":\"EntryPoint\",\"urlTemplate\":\"https:\/\/geoclimate.ge\/?s={search_term_string}\"},\"query-input\":{\"@type\":\"PropertyValueSpecification\",\"valueRequired\":true,\"valueName\":\"search_term_string\"}}],\"inLanguage\":\"az\"},{\"@type\":\"Organization\",\"@id\":\"https:\/\/geoclimate.ge\/#organization\",\"name\":\"GeoClimate\",\"url\":\"https:\/\/geoclimate.ge\/\",\"logo\":{\"@type\":\"ImageObject\",\"inLanguage\":\"az\",\"@id\":\"https:\/\/geoclimate.ge\/#\/schema\/logo\/image\/\",\"url\":\"https:\/\/geoclimate.ge\/wp-content\/uploads\/2026\/03\/geoclimate-SEO.png\",\"contentUrl\":\"https:\/\/geoclimate.ge\/wp-content\/uploads\/2026\/03\/geoclimate-SEO.png\",\"width\":1536,\"height\":1024,\"caption\":\"GeoClimate\"},\"image\":{\"@id\":\"https:\/\/geoclimate.ge\/#\/schema\/logo\/image\/\"}}]}<\/script>\n<!-- \/ Yoast SEO plugin. -->","yoast_head_json":{"title":"Perimetrik \u0130\u015f\u0131ql\u0131 Akustik Panell\u0259r ALPHAcoustic \u2013 Perix - GeoClimate.ge","robots":{"index":"index","follow":"follow","max-snippet":"max-snippet:-1","max-image-preview":"max-image-preview:large","max-video-preview":"max-video-preview:-1"},"canonical":"https:\/\/geoclimate.ge\/az\/product\/acoustic-panels-with-perimetric-light-alphacoustic-perix\/","og_locale":"az_AZ","og_type":"article","og_title":"Perimetrik \u0130\u015f\u0131ql\u0131 Akustik Panell\u0259r ALPHAcoustic \u2013 Perix - GeoClimate.ge","og_description":"Dizayn\/Format D\u00fczbucaql\u0131\/Dair\u0259vi\/\u00c7oxbucaql\u0131  ALPHAcoustic \u2013 Perix.Fos akustikan\u0131 i\u015f\u0131qland\u0131rma il\u0259 birl\u0259\u015fdir\u0259n yeni akustik panell\u0259r seriyas\u0131d\u0131r. Around m\u0259nas\u0131n\u0131 ver\u0259n yunanca \"\u03a0\u03ad\u03c1\u03b9\u03be\" s\u00f6z\u00fcnd\u0259n sonra adland\u0131r\u0131lan bu tavan qur\u011fular\u0131 m\u00fcasir v\u0259 i\u015f\u0131ql\u0131 m\u0259kan yaratmaq \u00fc\u00e7\u00fcn akustik panelin \u0259traf\u0131nda s\u0259rh\u0259d nax\u0131\u015f\u0131nda i\u015f\u0131q \u00e7\u0259r\u00e7iv\u0259sini ehtiva edir.  Kateqoriya: \u0130\u015f\u0131ql\u0131 Akustik Panell\u0259r","og_url":"https:\/\/geoclimate.ge\/az\/product\/acoustic-panels-with-perimetric-light-alphacoustic-perix\/","og_site_name":"GeoClimate.ge","article_modified_time":"2025-02-23T20:46:25+00:00","og_image":[{"width":1000,"height":1024,"url":"https:\/\/geoclimate.ge\/wp-content\/uploads\/2025\/02\/FOSaround.Par3_.jpg","type":"image\/jpeg"}],"twitter_card":"summary_large_image","schema":{"@context":"https:\/\/schema.org","@graph":[{"@type":"WebPage","@id":"https:\/\/geoclimate.ge\/az\/product\/acoustic-panels-with-perimetric-light-alphacoustic-perix\/","url":"https:\/\/geoclimate.ge\/az\/product\/acoustic-panels-with-perimetric-light-alphacoustic-perix\/","name":"Perimetrik \u0130\u015f\u0131ql\u0131 Akustik Panell\u0259r ALPHAcoustic \u2013 Perix - GeoClimate.ge","isPartOf":{"@id":"https:\/\/geoclimate.ge\/#website"},"primaryImageOfPage":{"@id":"https:\/\/geoclimate.ge\/az\/product\/acoustic-panels-with-perimetric-light-alphacoustic-perix\/#primaryimage"},"image":{"@id":"https:\/\/geoclimate.ge\/az\/product\/acoustic-panels-with-perimetric-light-alphacoustic-perix\/#primaryimage"},"thumbnailUrl":"https:\/\/geoclimate.ge\/wp-content\/uploads\/2025\/02\/FOSaround.Par3_.jpg","datePublished":"2025-02-23T20:45:38+00:00","dateModified":"2025-02-23T20:46:25+00:00","breadcrumb":{"@id":"https:\/\/geoclimate.ge\/az\/product\/acoustic-panels-with-perimetric-light-alphacoustic-perix\/#breadcrumb"},"inLanguage":"az","potentialAction":[{"@type":"ReadAction","target":["https:\/\/geoclimate.ge\/az\/product\/acoustic-panels-with-perimetric-light-alphacoustic-perix\/"]}]},{"@type":"ImageObject","inLanguage":"az","@id":"https:\/\/geoclimate.ge\/az\/product\/acoustic-panels-with-perimetric-light-alphacoustic-perix\/#primaryimage","url":"https:\/\/geoclimate.ge\/wp-content\/uploads\/2025\/02\/FOSaround.Par3_.jpg","contentUrl":"https:\/\/geoclimate.ge\/wp-content\/uploads\/2025\/02\/FOSaround.Par3_.jpg","width":1000,"height":1024},{"@type":"BreadcrumbList","@id":"https:\/\/geoclimate.ge\/az\/product\/acoustic-panels-with-perimetric-light-alphacoustic-perix\/#breadcrumb","itemListElement":[{"@type":"ListItem","position":1,"name":"Home","item":"https:\/\/geoclimate.ge\/az\/"},{"@type":"ListItem","position":2,"name":"M\u0259hsullar","item":"https:\/\/geoclimate.ge\/az\/products\/"},{"@type":"ListItem","position":3,"name":"Perimetrik \u0130\u015f\u0131ql\u0131 Akustik Panell\u0259r ALPHAcoustic \u2013 Perix"}]},{"@type":"WebSite","@id":"https:\/\/geoclimate.ge\/#website","url":"https:\/\/geoclimate.ge\/","name":"GeoClimate","description":"","publisher":{"@id":"https:\/\/geoclimate.ge\/#organization"},"potentialAction":[{"@type":"SearchAction","target":{"@type":"EntryPoint","urlTemplate":"https:\/\/geoclimate.ge\/?s={search_term_string}"},"query-input":{"@type":"PropertyValueSpecification","valueRequired":true,"valueName":"search_term_string"}}],"inLanguage":"az"},{"@type":"Organization","@id":"https:\/\/geoclimate.ge\/#organization","name":"GeoClimate","url":"https:\/\/geoclimate.ge\/","logo":{"@type":"ImageObject","inLanguage":"az","@id":"https:\/\/geoclimate.ge\/#\/schema\/logo\/image\/","url":"https:\/\/geoclimate.ge\/wp-content\/uploads\/2026\/03\/geoclimate-SEO.png","contentUrl":"https:\/\/geoclimate.ge\/wp-content\/uploads\/2026\/03\/geoclimate-SEO.png","width":1536,"height":1024,"caption":"GeoClimate"},"image":{"@id":"https:\/\/geoclimate.ge\/#\/schema\/logo\/image\/"}}]}},"_links":{"self":[{"href":"https:\/\/geoclimate.ge\/az\/wp-json\/wp\/v2\/product\/24611","targetHints":{"allow":["GET"]}}],"collection":[{"href":"https:\/\/geoclimate.ge\/az\/wp-json\/wp\/v2\/product"}],"about":[{"href":"https:\/\/geoclimate.ge\/az\/wp-json\/wp\/v2\/types\/product"}],"wp:featuredmedia":[{"embeddable":true,"href":"https:\/\/geoclimate.ge\/az\/wp-json\/wp\/v2\/media\/24588"}],"wp:attachment":[{"href":"https:\/\/geoclimate.ge\/az\/wp-json\/wp\/v2\/media?parent=24611"}],"wp:term":[{"taxonomy":"product_brand","embeddable":true,"href":"https:\/\/geoclimate.ge\/az\/wp-json\/wp\/v2\/product_brand?post=24611"},{"taxonomy":"product_cat","embeddable":true,"href":"https:\/\/geoclimate.ge\/az\/wp-json\/wp\/v2\/product_cat?post=24611"},{"taxonomy":"product_tag","embeddable":true,"href":"https:\/\/geoclimate.ge\/az\/wp-json\/wp\/v2\/product_tag?post=24611"}],"curies":[{"name":"wp","href":"https:\/\/api.w.org\/{rel}","templated":true}]}}