{"id":25042,"date":"2025-02-27T13:18:38","date_gmt":"2025-02-27T09:18:38","guid":{"rendered":"https:\/\/airsystems.ge\/shop\/product\/mini-vrf-outdoor-unit-15-kw-vrv-yv2vyh015kar-york\/"},"modified":"2025-02-27T13:24:11","modified_gmt":"2025-02-27T09:24:11","slug":"mini-vrf-outdoor-unit-15-kw-vrv-yv2vyh015kar-york","status":"publish","type":"product","link":"https:\/\/geoclimate.ge\/az\/product\/mini-vrf-outdoor-unit-15-kw-vrv-yv2vyh015kar-york\/","title":{"rendered":"Mini VRF Xarici Blok 15 kW VRV YV2VYH015KAR YORK"},"content":{"rendered":"","protected":false},"excerpt":{"rendered":"<p>Patentli ax\u0131n kanal\u0131 dizayn\u0131<br \/>\n\u2022M\u00fcasir fan dizayn\u0131, hava ax\u0131n\u0131 %17 v\u0259 s\u0259s-k\u00fcy\u00fc \u0259vv\u0259lki m\u0259hsula nisb\u0259t\u0259n 3dB azald\u0131r.<br \/>\n\u2022Fan, hava itkisini v\u0259 hava m\u00fcqavim\u0259tini azalda v\u0259 istilik m\u00fcbadil\u0259sinin s\u0259m\u0259r\u0259liliyini art\u0131ra bil\u0259r.<\/p>\n<p>Y\u00fcks\u0259k S\u0259m\u0259r\u0259li \u0130stilik d\u0259yi\u015fdiricisi<br \/>\nYeni \u00fc\u00e7 qatl\u0131 fin v\u0259 d\u00f6rd yollu istilik d\u0259yi\u015fdiricisi, istilik m\u00fcbadil\u0259si sah\u0259sini art\u0131r\u0131r, b\u00f6y\u00fck tutum t\u0259min edir.<\/p>\n<p>Gec\u0259l\u0259r A\u015fa\u011f\u0131 S\u0259s v\u0259 Sakit \u018fm\u0259liyyat<br \/>\nM\u00fcst\u0259qil mexaniki v\u0259 hava t\u0259chizat\u0131 otaqlar\u0131 y\u00fcks\u0259k effektiv s\u0259sbo\u011fucu il\u0259 birlikd\u0259 kompressor s\u0259s-k\u00fcy\u00fcn\u00fc xeyli azald\u0131r.<br \/>\nXarici blokda gec\u0259 sakit i\u015f rejimi, s\u0259s-k\u00fcy\u00fc 8 dB\/A-a q\u0259d\u0259r azalda bil\u0259r.<\/p>\n","protected":false},"featured_media":25022,"template":"","meta":[],"product_brand":[],"product_cat":[801,1067],"product_tag":[],"class_list":{"0":"post-25042","1":"product","2":"type-product","3":"status-publish","4":"has-post-thumbnail","6":"product_cat-air-conditioner-az","7":"product_cat-vrf-xarici-cihazlar-vrv-az","9":"first","10":"instock","11":"shipping-taxable","12":"purchasable","13":"product-type-simple"},"yoast_head":"<!-- This site is optimized with the Yoast SEO plugin v27.1.1 - https:\/\/yoast.com\/product\/yoast-seo-wordpress\/ -->\n<title>Mini VRF Xarici Blok 15 kW VRV YV2VYH015KAR YORK - GeoClimate.ge<\/title>\n<meta name=\"robots\" content=\"index, follow, max-snippet:-1, max-image-preview:large, max-video-preview:-1\" \/>\n<link rel=\"canonical\" href=\"https:\/\/geoclimate.ge\/az\/product\/mini-vrf-outdoor-unit-15-kw-vrv-yv2vyh015kar-york\/\" \/>\n<meta property=\"og:locale\" content=\"az_AZ\" \/>\n<meta property=\"og:type\" content=\"article\" \/>\n<meta property=\"og:title\" content=\"Mini VRF Xarici Blok 15 kW VRV YV2VYH015KAR YORK - GeoClimate.ge\" \/>\n<meta property=\"og:description\" content=\"Patentli ax\u0131n kanal\u0131 dizayn\u0131 \u2022M\u00fcasir fan dizayn\u0131, hava ax\u0131n\u0131 %17 v\u0259 s\u0259s-k\u00fcy\u00fc \u0259vv\u0259lki m\u0259hsula nisb\u0259t\u0259n 3dB azald\u0131r. \u2022Fan, hava itkisini v\u0259 hava m\u00fcqavim\u0259tini azalda v\u0259 istilik m\u00fcbadil\u0259sinin s\u0259m\u0259r\u0259liliyini art\u0131ra bil\u0259r.  Y\u00fcks\u0259k S\u0259m\u0259r\u0259li \u0130stilik d\u0259yi\u015fdiricisi Yeni \u00fc\u00e7 qatl\u0131 fin v\u0259 d\u00f6rd yollu istilik d\u0259yi\u015fdiricisi, istilik m\u00fcbadil\u0259si sah\u0259sini art\u0131r\u0131r, b\u00f6y\u00fck tutum t\u0259min edir.  Gec\u0259l\u0259r A\u015fa\u011f\u0131 S\u0259s v\u0259 Sakit \u018fm\u0259liyyat M\u00fcst\u0259qil mexaniki v\u0259 hava t\u0259chizat\u0131 otaqlar\u0131 y\u00fcks\u0259k effektiv s\u0259sbo\u011fucu il\u0259 birlikd\u0259 kompressor s\u0259s-k\u00fcy\u00fcn\u00fc xeyli azald\u0131r. Xarici blokda gec\u0259 sakit i\u015f rejimi, s\u0259s-k\u00fcy\u00fc 8 dB\/A-a q\u0259d\u0259r azalda bil\u0259r.\" \/>\n<meta property=\"og:url\" content=\"https:\/\/geoclimate.ge\/az\/product\/mini-vrf-outdoor-unit-15-kw-vrv-yv2vyh015kar-york\/\" \/>\n<meta property=\"og:site_name\" content=\"GeoClimate.ge\" \/>\n<meta property=\"article:modified_time\" content=\"2025-02-27T09:24:11+00:00\" \/>\n<meta property=\"og:image\" content=\"https:\/\/geoclimate.ge\/wp-content\/uploads\/2025\/02\/YORK-MINI-VRF-2nd-Generation-220v.png\" \/>\n\t<meta property=\"og:image:width\" content=\"600\" \/>\n\t<meta property=\"og:image:height\" content=\"600\" \/>\n\t<meta property=\"og:image:type\" content=\"image\/png\" \/>\n<meta name=\"twitter:card\" content=\"summary_large_image\" \/>\n<script type=\"application\/ld+json\" class=\"yoast-schema-graph\">{\"@context\":\"https:\/\/schema.org\",\"@graph\":[{\"@type\":\"WebPage\",\"@id\":\"https:\/\/geoclimate.ge\/az\/product\/mini-vrf-outdoor-unit-15-kw-vrv-yv2vyh015kar-york\/\",\"url\":\"https:\/\/geoclimate.ge\/az\/product\/mini-vrf-outdoor-unit-15-kw-vrv-yv2vyh015kar-york\/\",\"name\":\"Mini VRF Xarici Blok 15 kW VRV YV2VYH015KAR YORK - GeoClimate.ge\",\"isPartOf\":{\"@id\":\"https:\/\/geoclimate.ge\/#website\"},\"primaryImageOfPage\":{\"@id\":\"https:\/\/geoclimate.ge\/az\/product\/mini-vrf-outdoor-unit-15-kw-vrv-yv2vyh015kar-york\/#primaryimage\"},\"image\":{\"@id\":\"https:\/\/geoclimate.ge\/az\/product\/mini-vrf-outdoor-unit-15-kw-vrv-yv2vyh015kar-york\/#primaryimage\"},\"thumbnailUrl\":\"https:\/\/geoclimate.ge\/wp-content\/uploads\/2025\/02\/YORK-MINI-VRF-2nd-Generation-220v.png\",\"datePublished\":\"2025-02-27T09:18:38+00:00\",\"dateModified\":\"2025-02-27T09:24:11+00:00\",\"breadcrumb\":{\"@id\":\"https:\/\/geoclimate.ge\/az\/product\/mini-vrf-outdoor-unit-15-kw-vrv-yv2vyh015kar-york\/#breadcrumb\"},\"inLanguage\":\"az\",\"potentialAction\":[{\"@type\":\"ReadAction\",\"target\":[\"https:\/\/geoclimate.ge\/az\/product\/mini-vrf-outdoor-unit-15-kw-vrv-yv2vyh015kar-york\/\"]}]},{\"@type\":\"ImageObject\",\"inLanguage\":\"az\",\"@id\":\"https:\/\/geoclimate.ge\/az\/product\/mini-vrf-outdoor-unit-15-kw-vrv-yv2vyh015kar-york\/#primaryimage\",\"url\":\"https:\/\/geoclimate.ge\/wp-content\/uploads\/2025\/02\/YORK-MINI-VRF-2nd-Generation-220v.png\",\"contentUrl\":\"https:\/\/geoclimate.ge\/wp-content\/uploads\/2025\/02\/YORK-MINI-VRF-2nd-Generation-220v.png\",\"width\":600,\"height\":600},{\"@type\":\"BreadcrumbList\",\"@id\":\"https:\/\/geoclimate.ge\/az\/product\/mini-vrf-outdoor-unit-15-kw-vrv-yv2vyh015kar-york\/#breadcrumb\",\"itemListElement\":[{\"@type\":\"ListItem\",\"position\":1,\"name\":\"Home\",\"item\":\"https:\/\/geoclimate.ge\/az\/\"},{\"@type\":\"ListItem\",\"position\":2,\"name\":\"M\u0259hsullar\",\"item\":\"https:\/\/geoclimate.ge\/az\/products\/\"},{\"@type\":\"ListItem\",\"position\":3,\"name\":\"Mini VRF Xarici Blok 15 kW VRV YV2VYH015KAR YORK\"}]},{\"@type\":\"WebSite\",\"@id\":\"https:\/\/geoclimate.ge\/#website\",\"url\":\"https:\/\/geoclimate.ge\/\",\"name\":\"GeoClimate\",\"description\":\"\",\"publisher\":{\"@id\":\"https:\/\/geoclimate.ge\/#organization\"},\"potentialAction\":[{\"@type\":\"SearchAction\",\"target\":{\"@type\":\"EntryPoint\",\"urlTemplate\":\"https:\/\/geoclimate.ge\/?s={search_term_string}\"},\"query-input\":{\"@type\":\"PropertyValueSpecification\",\"valueRequired\":true,\"valueName\":\"search_term_string\"}}],\"inLanguage\":\"az\"},{\"@type\":\"Organization\",\"@id\":\"https:\/\/geoclimate.ge\/#organization\",\"name\":\"GeoClimate\",\"url\":\"https:\/\/geoclimate.ge\/\",\"logo\":{\"@type\":\"ImageObject\",\"inLanguage\":\"az\",\"@id\":\"https:\/\/geoclimate.ge\/#\/schema\/logo\/image\/\",\"url\":\"https:\/\/geoclimate.ge\/wp-content\/uploads\/2026\/03\/geoclimate-SEO.png\",\"contentUrl\":\"https:\/\/geoclimate.ge\/wp-content\/uploads\/2026\/03\/geoclimate-SEO.png\",\"width\":1536,\"height\":1024,\"caption\":\"GeoClimate\"},\"image\":{\"@id\":\"https:\/\/geoclimate.ge\/#\/schema\/logo\/image\/\"}}]}<\/script>\n<!-- \/ Yoast SEO plugin. -->","yoast_head_json":{"title":"Mini VRF Xarici Blok 15 kW VRV YV2VYH015KAR YORK - GeoClimate.ge","robots":{"index":"index","follow":"follow","max-snippet":"max-snippet:-1","max-image-preview":"max-image-preview:large","max-video-preview":"max-video-preview:-1"},"canonical":"https:\/\/geoclimate.ge\/az\/product\/mini-vrf-outdoor-unit-15-kw-vrv-yv2vyh015kar-york\/","og_locale":"az_AZ","og_type":"article","og_title":"Mini VRF Xarici Blok 15 kW VRV YV2VYH015KAR YORK - GeoClimate.ge","og_description":"Patentli ax\u0131n kanal\u0131 dizayn\u0131 \u2022M\u00fcasir fan dizayn\u0131, hava ax\u0131n\u0131 %17 v\u0259 s\u0259s-k\u00fcy\u00fc \u0259vv\u0259lki m\u0259hsula nisb\u0259t\u0259n 3dB azald\u0131r. \u2022Fan, hava itkisini v\u0259 hava m\u00fcqavim\u0259tini azalda v\u0259 istilik m\u00fcbadil\u0259sinin s\u0259m\u0259r\u0259liliyini art\u0131ra bil\u0259r.  Y\u00fcks\u0259k S\u0259m\u0259r\u0259li \u0130stilik d\u0259yi\u015fdiricisi Yeni \u00fc\u00e7 qatl\u0131 fin v\u0259 d\u00f6rd yollu istilik d\u0259yi\u015fdiricisi, istilik m\u00fcbadil\u0259si sah\u0259sini art\u0131r\u0131r, b\u00f6y\u00fck tutum t\u0259min edir.  Gec\u0259l\u0259r A\u015fa\u011f\u0131 S\u0259s v\u0259 Sakit \u018fm\u0259liyyat M\u00fcst\u0259qil mexaniki v\u0259 hava t\u0259chizat\u0131 otaqlar\u0131 y\u00fcks\u0259k effektiv s\u0259sbo\u011fucu il\u0259 birlikd\u0259 kompressor s\u0259s-k\u00fcy\u00fcn\u00fc xeyli azald\u0131r. Xarici blokda gec\u0259 sakit i\u015f rejimi, s\u0259s-k\u00fcy\u00fc 8 dB\/A-a q\u0259d\u0259r azalda bil\u0259r.","og_url":"https:\/\/geoclimate.ge\/az\/product\/mini-vrf-outdoor-unit-15-kw-vrv-yv2vyh015kar-york\/","og_site_name":"GeoClimate.ge","article_modified_time":"2025-02-27T09:24:11+00:00","og_image":[{"width":600,"height":600,"url":"https:\/\/geoclimate.ge\/wp-content\/uploads\/2025\/02\/YORK-MINI-VRF-2nd-Generation-220v.png","type":"image\/png"}],"twitter_card":"summary_large_image","schema":{"@context":"https:\/\/schema.org","@graph":[{"@type":"WebPage","@id":"https:\/\/geoclimate.ge\/az\/product\/mini-vrf-outdoor-unit-15-kw-vrv-yv2vyh015kar-york\/","url":"https:\/\/geoclimate.ge\/az\/product\/mini-vrf-outdoor-unit-15-kw-vrv-yv2vyh015kar-york\/","name":"Mini VRF Xarici Blok 15 kW VRV YV2VYH015KAR YORK - GeoClimate.ge","isPartOf":{"@id":"https:\/\/geoclimate.ge\/#website"},"primaryImageOfPage":{"@id":"https:\/\/geoclimate.ge\/az\/product\/mini-vrf-outdoor-unit-15-kw-vrv-yv2vyh015kar-york\/#primaryimage"},"image":{"@id":"https:\/\/geoclimate.ge\/az\/product\/mini-vrf-outdoor-unit-15-kw-vrv-yv2vyh015kar-york\/#primaryimage"},"thumbnailUrl":"https:\/\/geoclimate.ge\/wp-content\/uploads\/2025\/02\/YORK-MINI-VRF-2nd-Generation-220v.png","datePublished":"2025-02-27T09:18:38+00:00","dateModified":"2025-02-27T09:24:11+00:00","breadcrumb":{"@id":"https:\/\/geoclimate.ge\/az\/product\/mini-vrf-outdoor-unit-15-kw-vrv-yv2vyh015kar-york\/#breadcrumb"},"inLanguage":"az","potentialAction":[{"@type":"ReadAction","target":["https:\/\/geoclimate.ge\/az\/product\/mini-vrf-outdoor-unit-15-kw-vrv-yv2vyh015kar-york\/"]}]},{"@type":"ImageObject","inLanguage":"az","@id":"https:\/\/geoclimate.ge\/az\/product\/mini-vrf-outdoor-unit-15-kw-vrv-yv2vyh015kar-york\/#primaryimage","url":"https:\/\/geoclimate.ge\/wp-content\/uploads\/2025\/02\/YORK-MINI-VRF-2nd-Generation-220v.png","contentUrl":"https:\/\/geoclimate.ge\/wp-content\/uploads\/2025\/02\/YORK-MINI-VRF-2nd-Generation-220v.png","width":600,"height":600},{"@type":"BreadcrumbList","@id":"https:\/\/geoclimate.ge\/az\/product\/mini-vrf-outdoor-unit-15-kw-vrv-yv2vyh015kar-york\/#breadcrumb","itemListElement":[{"@type":"ListItem","position":1,"name":"Home","item":"https:\/\/geoclimate.ge\/az\/"},{"@type":"ListItem","position":2,"name":"M\u0259hsullar","item":"https:\/\/geoclimate.ge\/az\/products\/"},{"@type":"ListItem","position":3,"name":"Mini VRF Xarici Blok 15 kW VRV YV2VYH015KAR YORK"}]},{"@type":"WebSite","@id":"https:\/\/geoclimate.ge\/#website","url":"https:\/\/geoclimate.ge\/","name":"GeoClimate","description":"","publisher":{"@id":"https:\/\/geoclimate.ge\/#organization"},"potentialAction":[{"@type":"SearchAction","target":{"@type":"EntryPoint","urlTemplate":"https:\/\/geoclimate.ge\/?s={search_term_string}"},"query-input":{"@type":"PropertyValueSpecification","valueRequired":true,"valueName":"search_term_string"}}],"inLanguage":"az"},{"@type":"Organization","@id":"https:\/\/geoclimate.ge\/#organization","name":"GeoClimate","url":"https:\/\/geoclimate.ge\/","logo":{"@type":"ImageObject","inLanguage":"az","@id":"https:\/\/geoclimate.ge\/#\/schema\/logo\/image\/","url":"https:\/\/geoclimate.ge\/wp-content\/uploads\/2026\/03\/geoclimate-SEO.png","contentUrl":"https:\/\/geoclimate.ge\/wp-content\/uploads\/2026\/03\/geoclimate-SEO.png","width":1536,"height":1024,"caption":"GeoClimate"},"image":{"@id":"https:\/\/geoclimate.ge\/#\/schema\/logo\/image\/"}}]}},"_links":{"self":[{"href":"https:\/\/geoclimate.ge\/az\/wp-json\/wp\/v2\/product\/25042","targetHints":{"allow":["GET"]}}],"collection":[{"href":"https:\/\/geoclimate.ge\/az\/wp-json\/wp\/v2\/product"}],"about":[{"href":"https:\/\/geoclimate.ge\/az\/wp-json\/wp\/v2\/types\/product"}],"wp:featuredmedia":[{"embeddable":true,"href":"https:\/\/geoclimate.ge\/az\/wp-json\/wp\/v2\/media\/25022"}],"wp:attachment":[{"href":"https:\/\/geoclimate.ge\/az\/wp-json\/wp\/v2\/media?parent=25042"}],"wp:term":[{"taxonomy":"product_brand","embeddable":true,"href":"https:\/\/geoclimate.ge\/az\/wp-json\/wp\/v2\/product_brand?post=25042"},{"taxonomy":"product_cat","embeddable":true,"href":"https:\/\/geoclimate.ge\/az\/wp-json\/wp\/v2\/product_cat?post=25042"},{"taxonomy":"product_tag","embeddable":true,"href":"https:\/\/geoclimate.ge\/az\/wp-json\/wp\/v2\/product_tag?post=25042"}],"curies":[{"name":"wp","href":"https:\/\/api.w.org\/{rel}","templated":true}]}}