{"id":25087,"date":"2025-02-27T14:14:04","date_gmt":"2025-02-27T10:14:04","guid":{"rendered":"https:\/\/airsystems.ge\/shop\/product\/mini-vrf-outdoor-unit-28-kw-vrv-yv2syh028kas-york\/"},"modified":"2025-02-27T14:20:07","modified_gmt":"2025-02-27T10:20:07","slug":"mini-vrf-outdoor-unit-28-kw-vrv-yv2syh028kas-york","status":"publish","type":"product","link":"https:\/\/geoclimate.ge\/az\/product\/mini-vrf-outdoor-unit-28-kw-vrv-yv2syh028kas-york\/","title":{"rendered":"Mini VRF Xarici Blok 28 kW VRV YV2SYH028KAS YORK"},"content":{"rendered":"","protected":false},"excerpt":{"rendered":"<p>\u2022 Artan i\u015f diapazonu il\u0259 b\u00f6y\u00fck kompressor tutumu (10% \u2013 100%)<br \/>\n\u2022 DC \u0130nverter Rotary Texnologiyas\u0131<br \/>\n\u2022 -5\u00b0C il\u0259 +43\u00b0C aras\u0131 soyutma DB (xarici temperatur)<br \/>\n\u2022 -15\u00b0C il\u0259 +18\u00b0C aras\u0131nda q\u0131zd\u0131rma WB (xarici temperatur)<br \/>\n\u2022 3,9 EER-\u0259 \u00e7atan y\u00fcks\u0259k s\u0259m\u0259r\u0259lilik<br \/>\n\u2022 \u018ftraf m\u00fchit\u0259 uy\u011fun soyuducu R-410A<br \/>\n\u2022 \u00c7evik v\u0259 s\u00fcr\u0259tli montaj<br \/>\n\u2022 Daha az yer tutma<br \/>\n\u2022 Frontal yuxar\u0131<br \/>\n\u2022 \u00c7evik daxili blok birl\u0259\u015fm\u0259si<br \/>\n\u2022 Sakit \u0259m\u0259liyyat<\/p>\n","protected":false},"featured_media":25082,"template":"","meta":[],"product_brand":[],"product_cat":[801,1067],"product_tag":[],"class_list":{"0":"post-25087","1":"product","2":"type-product","3":"status-publish","4":"has-post-thumbnail","6":"product_cat-air-conditioner-az","7":"product_cat-vrf-xarici-cihazlar-vrv-az","9":"first","10":"instock","11":"shipping-taxable","12":"purchasable","13":"product-type-simple"},"yoast_head":"<!-- This site is optimized with the Yoast SEO plugin v27.1.1 - https:\/\/yoast.com\/product\/yoast-seo-wordpress\/ -->\n<title>Mini VRF Xarici Blok 28 kW VRV YV2SYH028KAS YORK - GeoClimate.ge<\/title>\n<meta name=\"robots\" content=\"index, follow, max-snippet:-1, max-image-preview:large, max-video-preview:-1\" \/>\n<link rel=\"canonical\" href=\"https:\/\/geoclimate.ge\/az\/product\/mini-vrf-outdoor-unit-28-kw-vrv-yv2syh028kas-york\/\" \/>\n<meta property=\"og:locale\" content=\"az_AZ\" \/>\n<meta property=\"og:type\" content=\"article\" \/>\n<meta property=\"og:title\" content=\"Mini VRF Xarici Blok 28 kW VRV YV2SYH028KAS YORK - GeoClimate.ge\" \/>\n<meta property=\"og:description\" content=\"\u2022 Artan i\u015f diapazonu il\u0259 b\u00f6y\u00fck kompressor tutumu (10% \u2013 100%) \u2022 DC \u0130nverter Rotary Texnologiyas\u0131 \u2022 -5\u00b0C il\u0259 +43\u00b0C aras\u0131 soyutma DB (xarici temperatur) \u2022 -15\u00b0C il\u0259 +18\u00b0C aras\u0131nda q\u0131zd\u0131rma WB (xarici temperatur) \u2022 3,9 EER-\u0259 \u00e7atan y\u00fcks\u0259k s\u0259m\u0259r\u0259lilik \u2022 \u018ftraf m\u00fchit\u0259 uy\u011fun soyuducu R-410A \u2022 \u00c7evik v\u0259 s\u00fcr\u0259tli montaj \u2022 Daha az yer tutma \u2022 Frontal yuxar\u0131 \u2022 \u00c7evik daxili blok birl\u0259\u015fm\u0259si \u2022 Sakit \u0259m\u0259liyyat\" \/>\n<meta property=\"og:url\" content=\"https:\/\/geoclimate.ge\/az\/product\/mini-vrf-outdoor-unit-28-kw-vrv-yv2syh028kas-york\/\" \/>\n<meta property=\"og:site_name\" content=\"GeoClimate.ge\" \/>\n<meta property=\"article:modified_time\" content=\"2025-02-27T10:20:07+00:00\" \/>\n<meta property=\"og:image\" content=\"https:\/\/geoclimate.ge\/wp-content\/uploads\/2025\/02\/download.jpg\" \/>\n\t<meta property=\"og:image:width\" content=\"225\" \/>\n\t<meta property=\"og:image:height\" content=\"225\" \/>\n\t<meta property=\"og:image:type\" content=\"image\/jpeg\" \/>\n<meta name=\"twitter:card\" content=\"summary_large_image\" \/>\n<script type=\"application\/ld+json\" class=\"yoast-schema-graph\">{\"@context\":\"https:\/\/schema.org\",\"@graph\":[{\"@type\":\"WebPage\",\"@id\":\"https:\/\/geoclimate.ge\/az\/product\/mini-vrf-outdoor-unit-28-kw-vrv-yv2syh028kas-york\/\",\"url\":\"https:\/\/geoclimate.ge\/az\/product\/mini-vrf-outdoor-unit-28-kw-vrv-yv2syh028kas-york\/\",\"name\":\"Mini VRF Xarici Blok 28 kW VRV YV2SYH028KAS YORK - GeoClimate.ge\",\"isPartOf\":{\"@id\":\"https:\/\/geoclimate.ge\/#website\"},\"primaryImageOfPage\":{\"@id\":\"https:\/\/geoclimate.ge\/az\/product\/mini-vrf-outdoor-unit-28-kw-vrv-yv2syh028kas-york\/#primaryimage\"},\"image\":{\"@id\":\"https:\/\/geoclimate.ge\/az\/product\/mini-vrf-outdoor-unit-28-kw-vrv-yv2syh028kas-york\/#primaryimage\"},\"thumbnailUrl\":\"https:\/\/geoclimate.ge\/wp-content\/uploads\/2025\/02\/download.jpg\",\"datePublished\":\"2025-02-27T10:14:04+00:00\",\"dateModified\":\"2025-02-27T10:20:07+00:00\",\"breadcrumb\":{\"@id\":\"https:\/\/geoclimate.ge\/az\/product\/mini-vrf-outdoor-unit-28-kw-vrv-yv2syh028kas-york\/#breadcrumb\"},\"inLanguage\":\"az\",\"potentialAction\":[{\"@type\":\"ReadAction\",\"target\":[\"https:\/\/geoclimate.ge\/az\/product\/mini-vrf-outdoor-unit-28-kw-vrv-yv2syh028kas-york\/\"]}]},{\"@type\":\"ImageObject\",\"inLanguage\":\"az\",\"@id\":\"https:\/\/geoclimate.ge\/az\/product\/mini-vrf-outdoor-unit-28-kw-vrv-yv2syh028kas-york\/#primaryimage\",\"url\":\"https:\/\/geoclimate.ge\/wp-content\/uploads\/2025\/02\/download.jpg\",\"contentUrl\":\"https:\/\/geoclimate.ge\/wp-content\/uploads\/2025\/02\/download.jpg\",\"width\":225,\"height\":225},{\"@type\":\"BreadcrumbList\",\"@id\":\"https:\/\/geoclimate.ge\/az\/product\/mini-vrf-outdoor-unit-28-kw-vrv-yv2syh028kas-york\/#breadcrumb\",\"itemListElement\":[{\"@type\":\"ListItem\",\"position\":1,\"name\":\"Home\",\"item\":\"https:\/\/geoclimate.ge\/az\/\"},{\"@type\":\"ListItem\",\"position\":2,\"name\":\"M\u0259hsullar\",\"item\":\"https:\/\/geoclimate.ge\/az\/products\/\"},{\"@type\":\"ListItem\",\"position\":3,\"name\":\"Mini VRF Xarici Blok 28 kW VRV YV2SYH028KAS YORK\"}]},{\"@type\":\"WebSite\",\"@id\":\"https:\/\/geoclimate.ge\/#website\",\"url\":\"https:\/\/geoclimate.ge\/\",\"name\":\"GeoClimate\",\"description\":\"\",\"publisher\":{\"@id\":\"https:\/\/geoclimate.ge\/#organization\"},\"potentialAction\":[{\"@type\":\"SearchAction\",\"target\":{\"@type\":\"EntryPoint\",\"urlTemplate\":\"https:\/\/geoclimate.ge\/?s={search_term_string}\"},\"query-input\":{\"@type\":\"PropertyValueSpecification\",\"valueRequired\":true,\"valueName\":\"search_term_string\"}}],\"inLanguage\":\"az\"},{\"@type\":\"Organization\",\"@id\":\"https:\/\/geoclimate.ge\/#organization\",\"name\":\"GeoClimate\",\"url\":\"https:\/\/geoclimate.ge\/\",\"logo\":{\"@type\":\"ImageObject\",\"inLanguage\":\"az\",\"@id\":\"https:\/\/geoclimate.ge\/#\/schema\/logo\/image\/\",\"url\":\"https:\/\/geoclimate.ge\/wp-content\/uploads\/2026\/03\/geoclimate-SEO.png\",\"contentUrl\":\"https:\/\/geoclimate.ge\/wp-content\/uploads\/2026\/03\/geoclimate-SEO.png\",\"width\":1536,\"height\":1024,\"caption\":\"GeoClimate\"},\"image\":{\"@id\":\"https:\/\/geoclimate.ge\/#\/schema\/logo\/image\/\"}}]}<\/script>\n<!-- \/ Yoast SEO plugin. -->","yoast_head_json":{"title":"Mini VRF Xarici Blok 28 kW VRV YV2SYH028KAS YORK - GeoClimate.ge","robots":{"index":"index","follow":"follow","max-snippet":"max-snippet:-1","max-image-preview":"max-image-preview:large","max-video-preview":"max-video-preview:-1"},"canonical":"https:\/\/geoclimate.ge\/az\/product\/mini-vrf-outdoor-unit-28-kw-vrv-yv2syh028kas-york\/","og_locale":"az_AZ","og_type":"article","og_title":"Mini VRF Xarici Blok 28 kW VRV YV2SYH028KAS YORK - GeoClimate.ge","og_description":"\u2022 Artan i\u015f diapazonu il\u0259 b\u00f6y\u00fck kompressor tutumu (10% \u2013 100%) \u2022 DC \u0130nverter Rotary Texnologiyas\u0131 \u2022 -5\u00b0C il\u0259 +43\u00b0C aras\u0131 soyutma DB (xarici temperatur) \u2022 -15\u00b0C il\u0259 +18\u00b0C aras\u0131nda q\u0131zd\u0131rma WB (xarici temperatur) \u2022 3,9 EER-\u0259 \u00e7atan y\u00fcks\u0259k s\u0259m\u0259r\u0259lilik \u2022 \u018ftraf m\u00fchit\u0259 uy\u011fun soyuducu R-410A \u2022 \u00c7evik v\u0259 s\u00fcr\u0259tli montaj \u2022 Daha az yer tutma \u2022 Frontal yuxar\u0131 \u2022 \u00c7evik daxili blok birl\u0259\u015fm\u0259si \u2022 Sakit \u0259m\u0259liyyat","og_url":"https:\/\/geoclimate.ge\/az\/product\/mini-vrf-outdoor-unit-28-kw-vrv-yv2syh028kas-york\/","og_site_name":"GeoClimate.ge","article_modified_time":"2025-02-27T10:20:07+00:00","og_image":[{"width":225,"height":225,"url":"https:\/\/geoclimate.ge\/wp-content\/uploads\/2025\/02\/download.jpg","type":"image\/jpeg"}],"twitter_card":"summary_large_image","schema":{"@context":"https:\/\/schema.org","@graph":[{"@type":"WebPage","@id":"https:\/\/geoclimate.ge\/az\/product\/mini-vrf-outdoor-unit-28-kw-vrv-yv2syh028kas-york\/","url":"https:\/\/geoclimate.ge\/az\/product\/mini-vrf-outdoor-unit-28-kw-vrv-yv2syh028kas-york\/","name":"Mini VRF Xarici Blok 28 kW VRV YV2SYH028KAS YORK - GeoClimate.ge","isPartOf":{"@id":"https:\/\/geoclimate.ge\/#website"},"primaryImageOfPage":{"@id":"https:\/\/geoclimate.ge\/az\/product\/mini-vrf-outdoor-unit-28-kw-vrv-yv2syh028kas-york\/#primaryimage"},"image":{"@id":"https:\/\/geoclimate.ge\/az\/product\/mini-vrf-outdoor-unit-28-kw-vrv-yv2syh028kas-york\/#primaryimage"},"thumbnailUrl":"https:\/\/geoclimate.ge\/wp-content\/uploads\/2025\/02\/download.jpg","datePublished":"2025-02-27T10:14:04+00:00","dateModified":"2025-02-27T10:20:07+00:00","breadcrumb":{"@id":"https:\/\/geoclimate.ge\/az\/product\/mini-vrf-outdoor-unit-28-kw-vrv-yv2syh028kas-york\/#breadcrumb"},"inLanguage":"az","potentialAction":[{"@type":"ReadAction","target":["https:\/\/geoclimate.ge\/az\/product\/mini-vrf-outdoor-unit-28-kw-vrv-yv2syh028kas-york\/"]}]},{"@type":"ImageObject","inLanguage":"az","@id":"https:\/\/geoclimate.ge\/az\/product\/mini-vrf-outdoor-unit-28-kw-vrv-yv2syh028kas-york\/#primaryimage","url":"https:\/\/geoclimate.ge\/wp-content\/uploads\/2025\/02\/download.jpg","contentUrl":"https:\/\/geoclimate.ge\/wp-content\/uploads\/2025\/02\/download.jpg","width":225,"height":225},{"@type":"BreadcrumbList","@id":"https:\/\/geoclimate.ge\/az\/product\/mini-vrf-outdoor-unit-28-kw-vrv-yv2syh028kas-york\/#breadcrumb","itemListElement":[{"@type":"ListItem","position":1,"name":"Home","item":"https:\/\/geoclimate.ge\/az\/"},{"@type":"ListItem","position":2,"name":"M\u0259hsullar","item":"https:\/\/geoclimate.ge\/az\/products\/"},{"@type":"ListItem","position":3,"name":"Mini VRF Xarici Blok 28 kW VRV YV2SYH028KAS YORK"}]},{"@type":"WebSite","@id":"https:\/\/geoclimate.ge\/#website","url":"https:\/\/geoclimate.ge\/","name":"GeoClimate","description":"","publisher":{"@id":"https:\/\/geoclimate.ge\/#organization"},"potentialAction":[{"@type":"SearchAction","target":{"@type":"EntryPoint","urlTemplate":"https:\/\/geoclimate.ge\/?s={search_term_string}"},"query-input":{"@type":"PropertyValueSpecification","valueRequired":true,"valueName":"search_term_string"}}],"inLanguage":"az"},{"@type":"Organization","@id":"https:\/\/geoclimate.ge\/#organization","name":"GeoClimate","url":"https:\/\/geoclimate.ge\/","logo":{"@type":"ImageObject","inLanguage":"az","@id":"https:\/\/geoclimate.ge\/#\/schema\/logo\/image\/","url":"https:\/\/geoclimate.ge\/wp-content\/uploads\/2026\/03\/geoclimate-SEO.png","contentUrl":"https:\/\/geoclimate.ge\/wp-content\/uploads\/2026\/03\/geoclimate-SEO.png","width":1536,"height":1024,"caption":"GeoClimate"},"image":{"@id":"https:\/\/geoclimate.ge\/#\/schema\/logo\/image\/"}}]}},"_links":{"self":[{"href":"https:\/\/geoclimate.ge\/az\/wp-json\/wp\/v2\/product\/25087","targetHints":{"allow":["GET"]}}],"collection":[{"href":"https:\/\/geoclimate.ge\/az\/wp-json\/wp\/v2\/product"}],"about":[{"href":"https:\/\/geoclimate.ge\/az\/wp-json\/wp\/v2\/types\/product"}],"wp:featuredmedia":[{"embeddable":true,"href":"https:\/\/geoclimate.ge\/az\/wp-json\/wp\/v2\/media\/25082"}],"wp:attachment":[{"href":"https:\/\/geoclimate.ge\/az\/wp-json\/wp\/v2\/media?parent=25087"}],"wp:term":[{"taxonomy":"product_brand","embeddable":true,"href":"https:\/\/geoclimate.ge\/az\/wp-json\/wp\/v2\/product_brand?post=25087"},{"taxonomy":"product_cat","embeddable":true,"href":"https:\/\/geoclimate.ge\/az\/wp-json\/wp\/v2\/product_cat?post=25087"},{"taxonomy":"product_tag","embeddable":true,"href":"https:\/\/geoclimate.ge\/az\/wp-json\/wp\/v2\/product_tag?post=25087"}],"curies":[{"name":"wp","href":"https:\/\/api.w.org\/{rel}","templated":true}]}}