{"id":25288,"date":"2025-03-11T14:43:59","date_gmt":"2025-03-11T10:43:59","guid":{"rendered":"https:\/\/airsystems.ge\/shop\/product\/vrf-vrv-fan-coil-slim-low-static-pressure-ducted-indoor-unit-2-8-kw-to-5-6-kw-yv3vxh028war-gx-yv3vxh036war-gx-yv3vxh045war-gx-yv3vxh056war-gx-york\/"},"modified":"2025-03-11T14:58:08","modified_gmt":"2025-03-11T10:58:08","slug":"vrf-vrv-fan-coil-slim-low-static-pressure-ducted-indoor-unit-2-8-kw-to-5-6-kw-yv3vxh028war-gx-yv3vxh036war-gx-yv3vxh045war-gx-yv3vxh056war-gx-york","status":"publish","type":"product","link":"https:\/\/geoclimate.ge\/az\/product\/vrf-vrv-fan-coil-slim-low-static-pressure-ducted-indoor-unit-2-8-kw-to-5-6-kw-yv3vxh028war-gx-yv3vxh036war-gx-yv3vxh045war-gx-yv3vxh056war-gx-york\/","title":{"rendered":"VRF VRV Fan coil \u0130nc\u0259 A\u015fa\u011f\u0131 Statik T\u0259zyiqli Kanall\u0131 Daxili Qur\u011fu 2,8 kVt-dan 5.6 kV-a q\u0259d\u0259r YV3VXH028WAR-GX YV3VXH036WAR-GX YV3VXH045WAR-GX YV3VXH056WAR-GX YORK"},"content":{"rendered":"<table width=\"267\">\n<tbody>\n<tr>\n<td width=\"135\">YV3VXH028WAR-GX<\/td>\n<td width=\"64\">2.8<\/td>\n<td width=\"68\">\u00a0\u00a0\u00a0\u00a0 1,039 \u20be<\/td>\n<\/tr>\n<tr>\n<td>YV3VXH036WAR-GX<\/td>\n<td>3.6<\/td>\n<td>\u00a0\u00a0\u00a0\u00a0 1,085 \u20be<\/td>\n<\/tr>\n<tr>\n<td>YV3VXH045WAR-GX<\/td>\n<td>4.5<\/td>\n<td>\u00a0\u00a0\u00a0\u00a0 1,271 \u20be<\/td>\n<\/tr>\n<tr>\n<td>YV3VXH056WAR-GX<\/td>\n<td>5.6<\/td>\n<td>\u00a0\u00a0\u00a0\u00a0 1,302 \u20be<\/td>\n<\/tr>\n<\/tbody>\n<\/table>\n","protected":false},"excerpt":{"rendered":"<p>\u2022 Ultra nazik dizayn qura\u015fd\u0131rma \u00fc\u00e7\u00fcn minimum yer t\u0259l\u0259b edir \u2013 Yaln\u0131z 185 mm h\u00fcnd\u00fcrl\u00fck x 500 mm d\u0259rinlik<br \/>\n\u2022 0 v\u0259 ya 30Pa se\u00e7il\u0259 bil\u0259n xarici statik t\u0259zyiq<br \/>\n\u2022 Drenaj qab\u0131n\u0131 y\u0131xmaq \u2013 Asan s\u00f6km\u0259k \u2013 Drenaj qab\u0131n\u0131n istiqam\u0259tini d\u0259yi\u015fdirm\u0259kl\u0259 iki t\u0259r\u0259fli drenaj m\u00f6vcuddur<br \/>\n\u2022 Daxili y\u00fcks\u0259k ba\u015fl\u0131ql\u0131 600 mm drenaj nasosu<br \/>\n\u2022 Gizli qura\u015fd\u0131rma ota\u011f\u0131n estetikas\u0131na t\u0259sir g\u00f6st\u0259rmir<br \/>\n\u2022 \u00c7ox rejimli qura\u015fd\u0131rma \u2013 Hava qaytarma kanal\u0131 il\u0259 v\u0259 ya olmadan \u2013 A\u015fa\u011f\u0131 v\u0259 ya arxa hava qaytar\u0131lmas\u0131<br \/>\n\u2022 Simli n\u0259zar\u0259t\u00e7i standart t\u0259klifdir, simsiz n\u0259zar\u0259t\u00e7i is\u0259 iste\u011fe ba\u011fl\u0131d\u0131r<\/p>\n","protected":false},"featured_media":25283,"template":"","meta":[],"product_brand":[],"product_cat":[1073,801],"product_tag":[],"class_list":{"0":"post-25288","1":"product","2":"type-product","3":"status-publish","4":"has-post-thumbnail","6":"product_cat-vrf-daxili-qurgu-vrv-az","7":"product_cat-air-conditioner-az","9":"first","10":"instock","11":"shipping-taxable","12":"product-type-simple"},"yoast_head":"<!-- This site is optimized with the Yoast SEO plugin v27.1.1 - https:\/\/yoast.com\/product\/yoast-seo-wordpress\/ -->\n<title>VRF VRV Fan coil \u0130nc\u0259 A\u015fa\u011f\u0131 Statik T\u0259zyiqli Kanall\u0131 Daxili Qur\u011fu 2,8 kVt-dan 5.6 kV-a q\u0259d\u0259r YV3VXH028WAR-GX YV3VXH036WAR-GX YV3VXH045WAR-GX YV3VXH056WAR-GX YORK - GeoClimate.ge<\/title>\n<meta name=\"robots\" content=\"index, follow, max-snippet:-1, max-image-preview:large, max-video-preview:-1\" \/>\n<link rel=\"canonical\" href=\"https:\/\/geoclimate.ge\/az\/product\/vrf-vrv-fan-coil-slim-low-static-pressure-ducted-indoor-unit-2-8-kw-to-5-6-kw-yv3vxh028war-gx-yv3vxh036war-gx-yv3vxh045war-gx-yv3vxh056war-gx-york\/\" \/>\n<meta property=\"og:locale\" content=\"az_AZ\" \/>\n<meta property=\"og:type\" content=\"article\" \/>\n<meta property=\"og:title\" content=\"VRF VRV Fan coil \u0130nc\u0259 A\u015fa\u011f\u0131 Statik T\u0259zyiqli Kanall\u0131 Daxili Qur\u011fu 2,8 kVt-dan 5.6 kV-a q\u0259d\u0259r YV3VXH028WAR-GX YV3VXH036WAR-GX YV3VXH045WAR-GX YV3VXH056WAR-GX YORK - GeoClimate.ge\" \/>\n<meta property=\"og:description\" content=\"\u2022 Ultra nazik dizayn qura\u015fd\u0131rma \u00fc\u00e7\u00fcn minimum yer t\u0259l\u0259b edir \u2013 Yaln\u0131z 185 mm h\u00fcnd\u00fcrl\u00fck x 500 mm d\u0259rinlik \u2022 0 v\u0259 ya 30Pa se\u00e7il\u0259 bil\u0259n xarici statik t\u0259zyiq \u2022 Drenaj qab\u0131n\u0131 y\u0131xmaq \u2013 Asan s\u00f6km\u0259k \u2013 Drenaj qab\u0131n\u0131n istiqam\u0259tini d\u0259yi\u015fdirm\u0259kl\u0259 iki t\u0259r\u0259fli drenaj m\u00f6vcuddur \u2022 Daxili y\u00fcks\u0259k ba\u015fl\u0131ql\u0131 600 mm drenaj nasosu \u2022 Gizli qura\u015fd\u0131rma ota\u011f\u0131n estetikas\u0131na t\u0259sir g\u00f6st\u0259rmir \u2022 \u00c7ox rejimli qura\u015fd\u0131rma \u2013 Hava qaytarma kanal\u0131 il\u0259 v\u0259 ya olmadan \u2013 A\u015fa\u011f\u0131 v\u0259 ya arxa hava qaytar\u0131lmas\u0131 \u2022 Simli n\u0259zar\u0259t\u00e7i standart t\u0259klifdir, simsiz n\u0259zar\u0259t\u00e7i is\u0259 iste\u011fe ba\u011fl\u0131d\u0131r\" \/>\n<meta property=\"og:url\" content=\"https:\/\/geoclimate.ge\/az\/product\/vrf-vrv-fan-coil-slim-low-static-pressure-ducted-indoor-unit-2-8-kw-to-5-6-kw-yv3vxh028war-gx-yv3vxh036war-gx-yv3vxh045war-gx-yv3vxh056war-gx-york\/\" \/>\n<meta property=\"og:site_name\" content=\"GeoClimate.ge\" \/>\n<meta property=\"article:modified_time\" content=\"2025-03-11T10:58:08+00:00\" \/>\n<meta property=\"og:image\" content=\"https:\/\/geoclimate.ge\/wp-content\/uploads\/2025\/03\/slim.jpg\" \/>\n\t<meta property=\"og:image:width\" content=\"1024\" \/>\n\t<meta property=\"og:image:height\" content=\"1024\" \/>\n\t<meta property=\"og:image:type\" content=\"image\/jpeg\" \/>\n<meta name=\"twitter:card\" content=\"summary_large_image\" \/>\n<script type=\"application\/ld+json\" class=\"yoast-schema-graph\">{\"@context\":\"https:\/\/schema.org\",\"@graph\":[{\"@type\":\"WebPage\",\"@id\":\"https:\/\/geoclimate.ge\/az\/product\/vrf-vrv-fan-coil-slim-low-static-pressure-ducted-indoor-unit-2-8-kw-to-5-6-kw-yv3vxh028war-gx-yv3vxh036war-gx-yv3vxh045war-gx-yv3vxh056war-gx-york\/\",\"url\":\"https:\/\/geoclimate.ge\/az\/product\/vrf-vrv-fan-coil-slim-low-static-pressure-ducted-indoor-unit-2-8-kw-to-5-6-kw-yv3vxh028war-gx-yv3vxh036war-gx-yv3vxh045war-gx-yv3vxh056war-gx-york\/\",\"name\":\"VRF VRV Fan coil \u0130nc\u0259 A\u015fa\u011f\u0131 Statik T\u0259zyiqli Kanall\u0131 Daxili Qur\u011fu 2,8 kVt-dan 5.6 kV-a q\u0259d\u0259r YV3VXH028WAR-GX YV3VXH036WAR-GX YV3VXH045WAR-GX YV3VXH056WAR-GX YORK - GeoClimate.ge\",\"isPartOf\":{\"@id\":\"https:\/\/geoclimate.ge\/#website\"},\"primaryImageOfPage\":{\"@id\":\"https:\/\/geoclimate.ge\/az\/product\/vrf-vrv-fan-coil-slim-low-static-pressure-ducted-indoor-unit-2-8-kw-to-5-6-kw-yv3vxh028war-gx-yv3vxh036war-gx-yv3vxh045war-gx-yv3vxh056war-gx-york\/#primaryimage\"},\"image\":{\"@id\":\"https:\/\/geoclimate.ge\/az\/product\/vrf-vrv-fan-coil-slim-low-static-pressure-ducted-indoor-unit-2-8-kw-to-5-6-kw-yv3vxh028war-gx-yv3vxh036war-gx-yv3vxh045war-gx-yv3vxh056war-gx-york\/#primaryimage\"},\"thumbnailUrl\":\"https:\/\/geoclimate.ge\/wp-content\/uploads\/2025\/03\/slim.jpg\",\"datePublished\":\"2025-03-11T10:43:59+00:00\",\"dateModified\":\"2025-03-11T10:58:08+00:00\",\"breadcrumb\":{\"@id\":\"https:\/\/geoclimate.ge\/az\/product\/vrf-vrv-fan-coil-slim-low-static-pressure-ducted-indoor-unit-2-8-kw-to-5-6-kw-yv3vxh028war-gx-yv3vxh036war-gx-yv3vxh045war-gx-yv3vxh056war-gx-york\/#breadcrumb\"},\"inLanguage\":\"az\",\"potentialAction\":[{\"@type\":\"ReadAction\",\"target\":[\"https:\/\/geoclimate.ge\/az\/product\/vrf-vrv-fan-coil-slim-low-static-pressure-ducted-indoor-unit-2-8-kw-to-5-6-kw-yv3vxh028war-gx-yv3vxh036war-gx-yv3vxh045war-gx-yv3vxh056war-gx-york\/\"]}]},{\"@type\":\"ImageObject\",\"inLanguage\":\"az\",\"@id\":\"https:\/\/geoclimate.ge\/az\/product\/vrf-vrv-fan-coil-slim-low-static-pressure-ducted-indoor-unit-2-8-kw-to-5-6-kw-yv3vxh028war-gx-yv3vxh036war-gx-yv3vxh045war-gx-yv3vxh056war-gx-york\/#primaryimage\",\"url\":\"https:\/\/geoclimate.ge\/wp-content\/uploads\/2025\/03\/slim.jpg\",\"contentUrl\":\"https:\/\/geoclimate.ge\/wp-content\/uploads\/2025\/03\/slim.jpg\",\"width\":1024,\"height\":1024},{\"@type\":\"BreadcrumbList\",\"@id\":\"https:\/\/geoclimate.ge\/az\/product\/vrf-vrv-fan-coil-slim-low-static-pressure-ducted-indoor-unit-2-8-kw-to-5-6-kw-yv3vxh028war-gx-yv3vxh036war-gx-yv3vxh045war-gx-yv3vxh056war-gx-york\/#breadcrumb\",\"itemListElement\":[{\"@type\":\"ListItem\",\"position\":1,\"name\":\"Home\",\"item\":\"https:\/\/geoclimate.ge\/az\/\"},{\"@type\":\"ListItem\",\"position\":2,\"name\":\"M\u0259hsullar\",\"item\":\"https:\/\/geoclimate.ge\/az\/products\/\"},{\"@type\":\"ListItem\",\"position\":3,\"name\":\"VRF VRV Fan coil \u0130nc\u0259 A\u015fa\u011f\u0131 Statik T\u0259zyiqli Kanall\u0131 Daxili Qur\u011fu 2,8 kVt-dan 5.6 kV-a q\u0259d\u0259r YV3VXH028WAR-GX YV3VXH036WAR-GX YV3VXH045WAR-GX YV3VXH056WAR-GX YORK\"}]},{\"@type\":\"WebSite\",\"@id\":\"https:\/\/geoclimate.ge\/#website\",\"url\":\"https:\/\/geoclimate.ge\/\",\"name\":\"GeoClimate\",\"description\":\"\",\"publisher\":{\"@id\":\"https:\/\/geoclimate.ge\/#organization\"},\"potentialAction\":[{\"@type\":\"SearchAction\",\"target\":{\"@type\":\"EntryPoint\",\"urlTemplate\":\"https:\/\/geoclimate.ge\/?s={search_term_string}\"},\"query-input\":{\"@type\":\"PropertyValueSpecification\",\"valueRequired\":true,\"valueName\":\"search_term_string\"}}],\"inLanguage\":\"az\"},{\"@type\":\"Organization\",\"@id\":\"https:\/\/geoclimate.ge\/#organization\",\"name\":\"GeoClimate\",\"url\":\"https:\/\/geoclimate.ge\/\",\"logo\":{\"@type\":\"ImageObject\",\"inLanguage\":\"az\",\"@id\":\"https:\/\/geoclimate.ge\/#\/schema\/logo\/image\/\",\"url\":\"https:\/\/geoclimate.ge\/wp-content\/uploads\/2026\/03\/geoclimate-SEO.png\",\"contentUrl\":\"https:\/\/geoclimate.ge\/wp-content\/uploads\/2026\/03\/geoclimate-SEO.png\",\"width\":1536,\"height\":1024,\"caption\":\"GeoClimate\"},\"image\":{\"@id\":\"https:\/\/geoclimate.ge\/#\/schema\/logo\/image\/\"}}]}<\/script>\n<!-- \/ Yoast SEO plugin. -->","yoast_head_json":{"title":"VRF VRV Fan coil \u0130nc\u0259 A\u015fa\u011f\u0131 Statik T\u0259zyiqli Kanall\u0131 Daxili Qur\u011fu 2,8 kVt-dan 5.6 kV-a q\u0259d\u0259r YV3VXH028WAR-GX YV3VXH036WAR-GX YV3VXH045WAR-GX YV3VXH056WAR-GX YORK - GeoClimate.ge","robots":{"index":"index","follow":"follow","max-snippet":"max-snippet:-1","max-image-preview":"max-image-preview:large","max-video-preview":"max-video-preview:-1"},"canonical":"https:\/\/geoclimate.ge\/az\/product\/vrf-vrv-fan-coil-slim-low-static-pressure-ducted-indoor-unit-2-8-kw-to-5-6-kw-yv3vxh028war-gx-yv3vxh036war-gx-yv3vxh045war-gx-yv3vxh056war-gx-york\/","og_locale":"az_AZ","og_type":"article","og_title":"VRF VRV Fan coil \u0130nc\u0259 A\u015fa\u011f\u0131 Statik T\u0259zyiqli Kanall\u0131 Daxili Qur\u011fu 2,8 kVt-dan 5.6 kV-a q\u0259d\u0259r YV3VXH028WAR-GX YV3VXH036WAR-GX YV3VXH045WAR-GX YV3VXH056WAR-GX YORK - GeoClimate.ge","og_description":"\u2022 Ultra nazik dizayn qura\u015fd\u0131rma \u00fc\u00e7\u00fcn minimum yer t\u0259l\u0259b edir \u2013 Yaln\u0131z 185 mm h\u00fcnd\u00fcrl\u00fck x 500 mm d\u0259rinlik \u2022 0 v\u0259 ya 30Pa se\u00e7il\u0259 bil\u0259n xarici statik t\u0259zyiq \u2022 Drenaj qab\u0131n\u0131 y\u0131xmaq \u2013 Asan s\u00f6km\u0259k \u2013 Drenaj qab\u0131n\u0131n istiqam\u0259tini d\u0259yi\u015fdirm\u0259kl\u0259 iki t\u0259r\u0259fli drenaj m\u00f6vcuddur \u2022 Daxili y\u00fcks\u0259k ba\u015fl\u0131ql\u0131 600 mm drenaj nasosu \u2022 Gizli qura\u015fd\u0131rma ota\u011f\u0131n estetikas\u0131na t\u0259sir g\u00f6st\u0259rmir \u2022 \u00c7ox rejimli qura\u015fd\u0131rma \u2013 Hava qaytarma kanal\u0131 il\u0259 v\u0259 ya olmadan \u2013 A\u015fa\u011f\u0131 v\u0259 ya arxa hava qaytar\u0131lmas\u0131 \u2022 Simli n\u0259zar\u0259t\u00e7i standart t\u0259klifdir, simsiz n\u0259zar\u0259t\u00e7i is\u0259 iste\u011fe ba\u011fl\u0131d\u0131r","og_url":"https:\/\/geoclimate.ge\/az\/product\/vrf-vrv-fan-coil-slim-low-static-pressure-ducted-indoor-unit-2-8-kw-to-5-6-kw-yv3vxh028war-gx-yv3vxh036war-gx-yv3vxh045war-gx-yv3vxh056war-gx-york\/","og_site_name":"GeoClimate.ge","article_modified_time":"2025-03-11T10:58:08+00:00","og_image":[{"width":1024,"height":1024,"url":"https:\/\/geoclimate.ge\/wp-content\/uploads\/2025\/03\/slim.jpg","type":"image\/jpeg"}],"twitter_card":"summary_large_image","schema":{"@context":"https:\/\/schema.org","@graph":[{"@type":"WebPage","@id":"https:\/\/geoclimate.ge\/az\/product\/vrf-vrv-fan-coil-slim-low-static-pressure-ducted-indoor-unit-2-8-kw-to-5-6-kw-yv3vxh028war-gx-yv3vxh036war-gx-yv3vxh045war-gx-yv3vxh056war-gx-york\/","url":"https:\/\/geoclimate.ge\/az\/product\/vrf-vrv-fan-coil-slim-low-static-pressure-ducted-indoor-unit-2-8-kw-to-5-6-kw-yv3vxh028war-gx-yv3vxh036war-gx-yv3vxh045war-gx-yv3vxh056war-gx-york\/","name":"VRF VRV Fan coil \u0130nc\u0259 A\u015fa\u011f\u0131 Statik T\u0259zyiqli Kanall\u0131 Daxili Qur\u011fu 2,8 kVt-dan 5.6 kV-a q\u0259d\u0259r YV3VXH028WAR-GX YV3VXH036WAR-GX YV3VXH045WAR-GX YV3VXH056WAR-GX YORK - GeoClimate.ge","isPartOf":{"@id":"https:\/\/geoclimate.ge\/#website"},"primaryImageOfPage":{"@id":"https:\/\/geoclimate.ge\/az\/product\/vrf-vrv-fan-coil-slim-low-static-pressure-ducted-indoor-unit-2-8-kw-to-5-6-kw-yv3vxh028war-gx-yv3vxh036war-gx-yv3vxh045war-gx-yv3vxh056war-gx-york\/#primaryimage"},"image":{"@id":"https:\/\/geoclimate.ge\/az\/product\/vrf-vrv-fan-coil-slim-low-static-pressure-ducted-indoor-unit-2-8-kw-to-5-6-kw-yv3vxh028war-gx-yv3vxh036war-gx-yv3vxh045war-gx-yv3vxh056war-gx-york\/#primaryimage"},"thumbnailUrl":"https:\/\/geoclimate.ge\/wp-content\/uploads\/2025\/03\/slim.jpg","datePublished":"2025-03-11T10:43:59+00:00","dateModified":"2025-03-11T10:58:08+00:00","breadcrumb":{"@id":"https:\/\/geoclimate.ge\/az\/product\/vrf-vrv-fan-coil-slim-low-static-pressure-ducted-indoor-unit-2-8-kw-to-5-6-kw-yv3vxh028war-gx-yv3vxh036war-gx-yv3vxh045war-gx-yv3vxh056war-gx-york\/#breadcrumb"},"inLanguage":"az","potentialAction":[{"@type":"ReadAction","target":["https:\/\/geoclimate.ge\/az\/product\/vrf-vrv-fan-coil-slim-low-static-pressure-ducted-indoor-unit-2-8-kw-to-5-6-kw-yv3vxh028war-gx-yv3vxh036war-gx-yv3vxh045war-gx-yv3vxh056war-gx-york\/"]}]},{"@type":"ImageObject","inLanguage":"az","@id":"https:\/\/geoclimate.ge\/az\/product\/vrf-vrv-fan-coil-slim-low-static-pressure-ducted-indoor-unit-2-8-kw-to-5-6-kw-yv3vxh028war-gx-yv3vxh036war-gx-yv3vxh045war-gx-yv3vxh056war-gx-york\/#primaryimage","url":"https:\/\/geoclimate.ge\/wp-content\/uploads\/2025\/03\/slim.jpg","contentUrl":"https:\/\/geoclimate.ge\/wp-content\/uploads\/2025\/03\/slim.jpg","width":1024,"height":1024},{"@type":"BreadcrumbList","@id":"https:\/\/geoclimate.ge\/az\/product\/vrf-vrv-fan-coil-slim-low-static-pressure-ducted-indoor-unit-2-8-kw-to-5-6-kw-yv3vxh028war-gx-yv3vxh036war-gx-yv3vxh045war-gx-yv3vxh056war-gx-york\/#breadcrumb","itemListElement":[{"@type":"ListItem","position":1,"name":"Home","item":"https:\/\/geoclimate.ge\/az\/"},{"@type":"ListItem","position":2,"name":"M\u0259hsullar","item":"https:\/\/geoclimate.ge\/az\/products\/"},{"@type":"ListItem","position":3,"name":"VRF VRV Fan coil \u0130nc\u0259 A\u015fa\u011f\u0131 Statik T\u0259zyiqli Kanall\u0131 Daxili Qur\u011fu 2,8 kVt-dan 5.6 kV-a q\u0259d\u0259r YV3VXH028WAR-GX YV3VXH036WAR-GX YV3VXH045WAR-GX YV3VXH056WAR-GX YORK"}]},{"@type":"WebSite","@id":"https:\/\/geoclimate.ge\/#website","url":"https:\/\/geoclimate.ge\/","name":"GeoClimate","description":"","publisher":{"@id":"https:\/\/geoclimate.ge\/#organization"},"potentialAction":[{"@type":"SearchAction","target":{"@type":"EntryPoint","urlTemplate":"https:\/\/geoclimate.ge\/?s={search_term_string}"},"query-input":{"@type":"PropertyValueSpecification","valueRequired":true,"valueName":"search_term_string"}}],"inLanguage":"az"},{"@type":"Organization","@id":"https:\/\/geoclimate.ge\/#organization","name":"GeoClimate","url":"https:\/\/geoclimate.ge\/","logo":{"@type":"ImageObject","inLanguage":"az","@id":"https:\/\/geoclimate.ge\/#\/schema\/logo\/image\/","url":"https:\/\/geoclimate.ge\/wp-content\/uploads\/2026\/03\/geoclimate-SEO.png","contentUrl":"https:\/\/geoclimate.ge\/wp-content\/uploads\/2026\/03\/geoclimate-SEO.png","width":1536,"height":1024,"caption":"GeoClimate"},"image":{"@id":"https:\/\/geoclimate.ge\/#\/schema\/logo\/image\/"}}]}},"_links":{"self":[{"href":"https:\/\/geoclimate.ge\/az\/wp-json\/wp\/v2\/product\/25288","targetHints":{"allow":["GET"]}}],"collection":[{"href":"https:\/\/geoclimate.ge\/az\/wp-json\/wp\/v2\/product"}],"about":[{"href":"https:\/\/geoclimate.ge\/az\/wp-json\/wp\/v2\/types\/product"}],"wp:featuredmedia":[{"embeddable":true,"href":"https:\/\/geoclimate.ge\/az\/wp-json\/wp\/v2\/media\/25283"}],"wp:attachment":[{"href":"https:\/\/geoclimate.ge\/az\/wp-json\/wp\/v2\/media?parent=25288"}],"wp:term":[{"taxonomy":"product_brand","embeddable":true,"href":"https:\/\/geoclimate.ge\/az\/wp-json\/wp\/v2\/product_brand?post=25288"},{"taxonomy":"product_cat","embeddable":true,"href":"https:\/\/geoclimate.ge\/az\/wp-json\/wp\/v2\/product_cat?post=25288"},{"taxonomy":"product_tag","embeddable":true,"href":"https:\/\/geoclimate.ge\/az\/wp-json\/wp\/v2\/product_tag?post=25288"}],"curies":[{"name":"wp","href":"https:\/\/api.w.org\/{rel}","templated":true}]}}