{"id":25357,"date":"2025-03-11T15:59:51","date_gmt":"2025-03-11T11:59:51","guid":{"rendered":"https:\/\/airsystems.ge\/shop\/product\/vrf-vrv-fan-coil-heat-recovery-device-duct-type-indoor-unit-200m3-to-1000-m3-yv6vxh026car-gx-yv6vxh080car-gx-yv6vxh100car-gx\/"},"modified":"2025-03-11T16:02:37","modified_gmt":"2025-03-11T12:02:37","slug":"vrf-vrv-fan-coil-heat-recovery-device-duct-type-indoor-unit-200m3-to-1000-m3-yv6vxh026car-gx-yv6vxh080car-gx-yv6vxh100car-gx","status":"publish","type":"product","link":"https:\/\/geoclimate.ge\/az\/product\/vrf-vrv-fan-coil-heat-recovery-device-duct-type-indoor-unit-200m3-to-1000-m3-yv6vxh026car-gx-yv6vxh080car-gx-yv6vxh100car-gx\/","title":{"rendered":"VRF VRV Fan coil istilik b\u0259rpa cihaz\u0131 kanal tipli daxili blok 200m3 &#8211; 1000 m3 YV4VXH140WAR-GX YV4VXH226WAR-GX YV4VXH280WAR-GX YORK"},"content":{"rendered":"<ul class=\"nav hr-tabs-nav nav-alignment--center clearfix\" role=\"tablist\">\n<li class=\"hr-tabs-nav-item active in\">TECHNICAL INFORMATION<\/li>\n<li class=\"hr-tabs-nav-item \">DOCUMENTS<\/li>\n<\/ul>\n<div class=\"tab-content\">\n<div id=\"eluid43e71481_1_0\" class=\"tab-pane active in\">\n<div class=\"row tabPaneContainer \">\n<div id=\"eluid5c37a4ba\" class=\"eluid5c37a4ba col-md-12 col-sm-12 znColumnElement\">\n<div class=\"znColumnElement-innerWrapper-eluid5c37a4ba znColumnElement-innerWrapper znColumnElement-innerWrapper--valign-top znColumnElement-innerWrapper--halign-left \">\n<div class=\"znColumnElement-innerContent\">\n<div class=\"zn_custom_html eluid160bc3c6 \">\n<table border=\"1\" width=\"718\" cellspacing=\"0\" cellpadding=\"0\">\n<colgroup>\n<col width=\"156\" \/>\n<col width=\"53\" \/>\n<col width=\"45\" \/>\n<col span=\"4\" width=\"116\" \/><\/colgroup>\n<tbody>\n<tr>\n<td class=\"xl73\" colspan=\"3\" width=\"254\" height=\"20\"><span class=\"font6\">Model Name<\/span><\/td>\n<td class=\"xl63\" width=\"116\"><span class=\"font6\">YV6VXH015CAR&#8211;GX<\/span><\/td>\n<td class=\"xl63\" width=\"116\"><span class=\"font6\">YV6VXH026CAR&#8211;GX<\/span><\/td>\n<td class=\"xl63\" width=\"116\"><span class=\"font6\">YV6VXH080CAR&#8211;GX<\/span><\/td>\n<td class=\"xl63\" width=\"116\"><span class=\"font6\">YV6VXH100CAR&#8211;GX<\/span><\/td>\n<\/tr>\n<tr>\n<td class=\"xl76\" colspan=\"2\" width=\"209\" height=\"31\"><span class=\"font7\">Power (Supply) Source ( Ph, V, Hz )<\/span><\/td>\n<td class=\"xl65\" width=\"45\"><span class=\"font7\">V \/ Ph \/ Hz<\/span><\/td>\n<td class=\"xl66\" width=\"116\"><span class=\"font5\">220~230-1-50\/60<\/span><\/td>\n<td class=\"xl66\" width=\"116\"><span class=\"font5\">220~230-1-50\/60<\/span><\/td>\n<td class=\"xl66\" width=\"116\"><span class=\"font5\">220~230-1-50\/60<\/span><\/td>\n<td class=\"xl66\" width=\"116\"><span class=\"font5\">220~230-1-50\/60<\/span><\/td>\n<\/tr>\n<tr>\n<td class=\"xl76\" colspan=\"2\" width=\"209\" height=\"20\"><span class=\"font7\">Nominal Device Capacity<\/span><\/td>\n<td class=\"xl67\" width=\"45\"><span class=\"font7\">HP<\/span><\/td>\n<td class=\"xl68\" width=\"116\"><span class=\"font5\">&#8212;<\/span><\/td>\n<td class=\"xl68\" width=\"116\"><span class=\"font5\">&#8212;<\/span><\/td>\n<td class=\"xl68\" width=\"116\"><span class=\"font5\">&#8212;<\/span><\/td>\n<td class=\"xl68\" width=\"116\"><span class=\"font5\">&#8212;<\/span><\/td>\n<\/tr>\n<tr>\n<td class=\"xl78\" rowspan=\"2\" width=\"156\" height=\"40\"><span class=\"font6\">Capacity<\/span><\/td>\n<td class=\"xl65\" width=\"53\"><span class=\"font7\">Cooling<\/span><\/td>\n<td class=\"xl80\" rowspan=\"2\" width=\"45\"><span class=\"font7\">kW<\/span><\/td>\n<td class=\"xl66\" width=\"116\"><span class=\"font5\">&#8212;<\/span><\/td>\n<td class=\"xl66\" width=\"116\"><span class=\"font5\">&#8212;<\/span><\/td>\n<td class=\"xl66\" width=\"116\"><span class=\"font5\">&#8212;<\/span><\/td>\n<td class=\"xl66\" width=\"116\"><span class=\"font5\">&#8212;<\/span><\/td>\n<\/tr>\n<tr>\n<td class=\"xl65\" width=\"53\" height=\"20\"><span class=\"font7\">Heating<\/span><\/td>\n<td class=\"xl68\" width=\"116\"><span class=\"font5\">&#8212;<\/span><\/td>\n<td class=\"xl68\" width=\"116\"><span class=\"font5\">&#8212;<\/span><\/td>\n<td class=\"xl68\" width=\"116\"><span class=\"font5\">&#8212;<\/span><\/td>\n<td class=\"xl68\" width=\"116\"><span class=\"font5\">&#8212;<\/span><\/td>\n<\/tr>\n<tr>\n<td class=\"xl82\" rowspan=\"2\" width=\"156\" height=\"40\"><span class=\"font7\">Capacity<\/span><\/td>\n<td class=\"xl65\" width=\"53\"><span class=\"font7\">Cooling<\/span><\/td>\n<td class=\"xl84\" rowspan=\"2\" width=\"45\"><span class=\"font7\">Btu\/H<\/span><\/td>\n<td class=\"xl66\" width=\"116\"><span class=\"font5\">&#8212;<\/span><\/td>\n<td class=\"xl66\" width=\"116\"><span class=\"font5\">&#8212;<\/span><\/td>\n<td class=\"xl66\" width=\"116\"><span class=\"font5\">&#8212;<\/span><\/td>\n<td class=\"xl66\" width=\"116\"><span class=\"font5\">&#8212;<\/span><\/td>\n<\/tr>\n<tr>\n<td class=\"xl65\" width=\"53\" height=\"20\"><span class=\"font7\">Heating<\/span><\/td>\n<td class=\"xl68\" width=\"116\"><span class=\"font5\">&#8212;<\/span><\/td>\n<td class=\"xl68\" width=\"116\"><span class=\"font5\">&#8212;<\/span><\/td>\n<td class=\"xl68\" width=\"116\"><span class=\"font5\">&#8212;<\/span><\/td>\n<td class=\"xl68\" width=\"116\"><span class=\"font5\">&#8212;<\/span><\/td>\n<\/tr>\n<tr>\n<td class=\"xl76\" colspan=\"3\" width=\"254\" height=\"20\"><span class=\"font7\">Fan Motor Tipi<\/span><\/td>\n<td class=\"xl66\" width=\"116\"><span class=\"font5\">AC<\/span><\/td>\n<td class=\"xl66\" width=\"116\"><span class=\"font5\">AC<\/span><\/td>\n<td class=\"xl66\" width=\"116\"><span class=\"font5\">AC<\/span><\/td>\n<td class=\"xl66\" width=\"116\"><span class=\"font5\">AC<\/span><\/td>\n<\/tr>\n<tr>\n<td class=\"xl76\" colspan=\"2\" width=\"209\" height=\"20\"><span class=\"font7\">Absorbed Power<\/span><\/td>\n<td class=\"xl67\" width=\"45\"><span class=\"font7\">kW<\/span><\/td>\n<td class=\"xl69\">65<\/td>\n<td class=\"xl69\">65<\/td>\n<td class=\"xl69\">270<\/td>\n<td class=\"xl69\">270<\/td>\n<\/tr>\n<tr>\n<td class=\"xl76\" colspan=\"2\" width=\"209\" height=\"20\"><span class=\"font7\">Air Flow<\/span><\/td>\n<td class=\"xl70\" width=\"45\"><span class=\"font7\">m<\/span><span class=\"font8\"><sup>3<\/sup><\/span><span class=\"font7\">\/h<\/span><\/td>\n<td class=\"xl71\">150<\/td>\n<td class=\"xl71\">200<\/td>\n<td class=\"xl71\">800<\/td>\n<td class=\"xl71\">1000<\/td>\n<\/tr>\n<tr>\n<td class=\"xl76\" colspan=\"2\" width=\"209\" height=\"20\"><span class=\"font7\">Volume ( High \/ Medium \/ Low )<\/span><\/td>\n<td class=\"xl67\" width=\"45\"><span class=\"font7\">dB(A)<\/span><\/td>\n<td class=\"xl68\" width=\"116\"><span class=\"font5\">42 \/ 40 \/ 32<\/span><\/td>\n<td class=\"xl68\" width=\"116\"><span class=\"font5\">44 \/ 42 \/ 34<\/span><\/td>\n<td class=\"xl68\" width=\"116\"><span class=\"font5\">55 \/ 53 \/ 50<\/span><\/td>\n<td class=\"xl68\" width=\"116\"><span class=\"font5\">57 \/ 55 \/ 52<\/span><\/td>\n<\/tr>\n<tr>\n<td class=\"xl78\" rowspan=\"3\" width=\"156\" height=\"60\"><span class=\"font6\">Body Dimensions<\/span><\/td>\n<td class=\"xl65\" width=\"53\"><span class=\"font7\">Height<\/span><\/td>\n<td class=\"xl80\" rowspan=\"3\" width=\"45\"><span class=\"font7\">mm<\/span><\/td>\n<td class=\"xl71\">276<\/td>\n<td class=\"xl71\">276<\/td>\n<td class=\"xl71\">387<\/td>\n<td class=\"xl71\">387<\/td>\n<\/tr>\n<tr>\n<td class=\"xl65\" width=\"53\" height=\"20\"><span class=\"font7\">Width<\/span><\/td>\n<td class=\"xl69\">940<\/td>\n<td class=\"xl69\">940<\/td>\n<td class=\"xl69\">1227<\/td>\n<td class=\"xl69\">1227<\/td>\n<\/tr>\n<tr>\n<td class=\"xl65\" width=\"53\" height=\"20\"><span class=\"font7\">Depth<\/span><\/td>\n<td class=\"xl71\">685<\/td>\n<td class=\"xl71\">685<\/td>\n<td class=\"xl71\">1115<\/td>\n<td class=\"xl71\">1115<\/td>\n<\/tr>\n<tr>\n<td class=\"xl64\" width=\"156\" height=\"20\"><span class=\"font7\">Weight<\/span><\/td>\n<td class=\"xl65\" width=\"53\"><span class=\"font7\">Body<\/span><\/td>\n<td class=\"xl67\" width=\"45\"><span class=\"font7\">kg<\/span><\/td>\n<td class=\"xl72\">28,7<\/td>\n<td class=\"xl72\">28,7<\/td>\n<td class=\"xl72\">85,5<\/td>\n<td class=\"xl72\">85,5<\/td>\n<\/tr>\n<\/tbody>\n<\/table>\n<\/div>\n<\/div>\n<\/div>\n<\/div>\n<\/div>\n<\/div>\n<\/div>\n","protected":false},"excerpt":{"rendered":"<p>Effektiv istiliyi b\u0259rpa ed\u0259n kondisioner<br \/>\n\u2013 T\u0259miz hava il\u0259 i\u015fl\u0259nmi\u015f hava aras\u0131nda<br \/>\nistiliyi xarici hava istiliyin\u0259 v\u0259 daxili havaya \u00f6t\u00fcrm\u0259kl\u0259<br \/>\ntemperaturu b\u0259rab\u0259rl\u0259\u015fdirir<br \/>\n\u2013 Daxili istilik y\u00fck\u00fcn\u00fc azaltmaqla enerjiy\u0259 q\u0259na\u0259t edir<br \/>\n\u2022 D\u0259yi\u015fdiril\u0259 bil\u0259n istilik d\u0259yi\u015fdiricisi<\/p>\n<p>&nbsp;<\/p>\n<table width=\"267\">\n<tbody>\n<tr>\n<td width=\"135\">YV6VXH026CAR-GX<\/td>\n<td width=\"64\">200m3<\/td>\n<td width=\"68\">\u00a0\u00a0\u00a0\u00a0 1,643 \u20be<\/td>\n<\/tr>\n<tr>\n<td>YV6VXH080CAR-GX<\/td>\n<td>800m3<\/td>\n<td>\u00a0\u00a0\u00a0\u00a0 3,298 \u20be<\/td>\n<\/tr>\n<tr>\n<td>YV6VXH100CAR-GX<\/td>\n<td>1000m3<\/td>\n<td>\u00a0\u00a0\u00a0\u00a0 3,410 \u20be<\/td>\n<\/tr>\n<\/tbody>\n<\/table>\n","protected":false},"featured_media":25352,"template":"","meta":[],"product_brand":[],"product_cat":[1073,801],"product_tag":[],"class_list":{"0":"post-25357","1":"product","2":"type-product","3":"status-publish","4":"has-post-thumbnail","6":"product_cat-vrf-daxili-qurgu-vrv-az","7":"product_cat-air-conditioner-az","9":"first","10":"instock","11":"shipping-taxable","12":"product-type-simple"},"yoast_head":"<!-- This site is optimized with the Yoast SEO plugin v27.1.1 - https:\/\/yoast.com\/product\/yoast-seo-wordpress\/ -->\n<title>VRF VRV Fan coil istilik b\u0259rpa cihaz\u0131 kanal tipli daxili blok 200m3 - 1000 m3 YV4VXH140WAR-GX YV4VXH226WAR-GX YV4VXH280WAR-GX YORK - GeoClimate.ge<\/title>\n<meta name=\"robots\" content=\"index, follow, max-snippet:-1, max-image-preview:large, max-video-preview:-1\" \/>\n<link rel=\"canonical\" href=\"https:\/\/geoclimate.ge\/az\/product\/vrf-vrv-fan-coil-heat-recovery-device-duct-type-indoor-unit-200m3-to-1000-m3-yv6vxh026car-gx-yv6vxh080car-gx-yv6vxh100car-gx\/\" \/>\n<meta property=\"og:locale\" content=\"az_AZ\" \/>\n<meta property=\"og:type\" content=\"article\" \/>\n<meta property=\"og:title\" content=\"VRF VRV Fan coil istilik b\u0259rpa cihaz\u0131 kanal tipli daxili blok 200m3 - 1000 m3 YV4VXH140WAR-GX YV4VXH226WAR-GX YV4VXH280WAR-GX YORK - GeoClimate.ge\" \/>\n<meta property=\"og:description\" content=\"Effektiv istiliyi b\u0259rpa ed\u0259n kondisioner \u2013 T\u0259miz hava il\u0259 i\u015fl\u0259nmi\u015f hava aras\u0131nda istiliyi xarici hava istiliyin\u0259 v\u0259 daxili havaya \u00f6t\u00fcrm\u0259kl\u0259 temperaturu b\u0259rab\u0259rl\u0259\u015fdirir \u2013 Daxili istilik y\u00fck\u00fcn\u00fc azaltmaqla enerjiy\u0259 q\u0259na\u0259t edir \u2022 D\u0259yi\u015fdiril\u0259 bil\u0259n istilik d\u0259yi\u015fdiricisi  &nbsp;    YV6VXH026CAR-GX 200m3 \u00a0\u00a0\u00a0\u00a0 1,643 \u20be   YV6VXH080CAR-GX 800m3 \u00a0\u00a0\u00a0\u00a0 3,298 \u20be   YV6VXH100CAR-GX 1000m3 \u00a0\u00a0\u00a0\u00a0 3,410 \u20be\" \/>\n<meta property=\"og:url\" content=\"https:\/\/geoclimate.ge\/az\/product\/vrf-vrv-fan-coil-heat-recovery-device-duct-type-indoor-unit-200m3-to-1000-m3-yv6vxh026car-gx-yv6vxh080car-gx-yv6vxh100car-gx\/\" \/>\n<meta property=\"og:site_name\" content=\"GeoClimate.ge\" \/>\n<meta property=\"article:modified_time\" content=\"2025-03-11T12:02:37+00:00\" \/>\n<meta property=\"og:image\" content=\"https:\/\/geoclimate.ge\/wp-content\/uploads\/2025\/03\/YORK-ISI-GERI-KAZANIM-CIHAZI.png\" \/>\n\t<meta property=\"og:image:width\" content=\"400\" \/>\n\t<meta property=\"og:image:height\" content=\"400\" \/>\n\t<meta property=\"og:image:type\" content=\"image\/png\" \/>\n<meta name=\"twitter:card\" content=\"summary_large_image\" \/>\n<script type=\"application\/ld+json\" class=\"yoast-schema-graph\">{\"@context\":\"https:\/\/schema.org\",\"@graph\":[{\"@type\":\"WebPage\",\"@id\":\"https:\/\/geoclimate.ge\/az\/product\/vrf-vrv-fan-coil-heat-recovery-device-duct-type-indoor-unit-200m3-to-1000-m3-yv6vxh026car-gx-yv6vxh080car-gx-yv6vxh100car-gx\/\",\"url\":\"https:\/\/geoclimate.ge\/az\/product\/vrf-vrv-fan-coil-heat-recovery-device-duct-type-indoor-unit-200m3-to-1000-m3-yv6vxh026car-gx-yv6vxh080car-gx-yv6vxh100car-gx\/\",\"name\":\"VRF VRV Fan coil istilik b\u0259rpa cihaz\u0131 kanal tipli daxili blok 200m3 - 1000 m3 YV4VXH140WAR-GX YV4VXH226WAR-GX YV4VXH280WAR-GX YORK - GeoClimate.ge\",\"isPartOf\":{\"@id\":\"https:\/\/geoclimate.ge\/#website\"},\"primaryImageOfPage\":{\"@id\":\"https:\/\/geoclimate.ge\/az\/product\/vrf-vrv-fan-coil-heat-recovery-device-duct-type-indoor-unit-200m3-to-1000-m3-yv6vxh026car-gx-yv6vxh080car-gx-yv6vxh100car-gx\/#primaryimage\"},\"image\":{\"@id\":\"https:\/\/geoclimate.ge\/az\/product\/vrf-vrv-fan-coil-heat-recovery-device-duct-type-indoor-unit-200m3-to-1000-m3-yv6vxh026car-gx-yv6vxh080car-gx-yv6vxh100car-gx\/#primaryimage\"},\"thumbnailUrl\":\"https:\/\/geoclimate.ge\/wp-content\/uploads\/2025\/03\/YORK-ISI-GERI-KAZANIM-CIHAZI.png\",\"datePublished\":\"2025-03-11T11:59:51+00:00\",\"dateModified\":\"2025-03-11T12:02:37+00:00\",\"breadcrumb\":{\"@id\":\"https:\/\/geoclimate.ge\/az\/product\/vrf-vrv-fan-coil-heat-recovery-device-duct-type-indoor-unit-200m3-to-1000-m3-yv6vxh026car-gx-yv6vxh080car-gx-yv6vxh100car-gx\/#breadcrumb\"},\"inLanguage\":\"az\",\"potentialAction\":[{\"@type\":\"ReadAction\",\"target\":[\"https:\/\/geoclimate.ge\/az\/product\/vrf-vrv-fan-coil-heat-recovery-device-duct-type-indoor-unit-200m3-to-1000-m3-yv6vxh026car-gx-yv6vxh080car-gx-yv6vxh100car-gx\/\"]}]},{\"@type\":\"ImageObject\",\"inLanguage\":\"az\",\"@id\":\"https:\/\/geoclimate.ge\/az\/product\/vrf-vrv-fan-coil-heat-recovery-device-duct-type-indoor-unit-200m3-to-1000-m3-yv6vxh026car-gx-yv6vxh080car-gx-yv6vxh100car-gx\/#primaryimage\",\"url\":\"https:\/\/geoclimate.ge\/wp-content\/uploads\/2025\/03\/YORK-ISI-GERI-KAZANIM-CIHAZI.png\",\"contentUrl\":\"https:\/\/geoclimate.ge\/wp-content\/uploads\/2025\/03\/YORK-ISI-GERI-KAZANIM-CIHAZI.png\",\"width\":400,\"height\":400},{\"@type\":\"BreadcrumbList\",\"@id\":\"https:\/\/geoclimate.ge\/az\/product\/vrf-vrv-fan-coil-heat-recovery-device-duct-type-indoor-unit-200m3-to-1000-m3-yv6vxh026car-gx-yv6vxh080car-gx-yv6vxh100car-gx\/#breadcrumb\",\"itemListElement\":[{\"@type\":\"ListItem\",\"position\":1,\"name\":\"Home\",\"item\":\"https:\/\/geoclimate.ge\/az\/\"},{\"@type\":\"ListItem\",\"position\":2,\"name\":\"M\u0259hsullar\",\"item\":\"https:\/\/geoclimate.ge\/az\/products\/\"},{\"@type\":\"ListItem\",\"position\":3,\"name\":\"VRF VRV Fan coil istilik b\u0259rpa cihaz\u0131 kanal tipli daxili blok 200m3 &#8211; 1000 m3 YV4VXH140WAR-GX YV4VXH226WAR-GX YV4VXH280WAR-GX YORK\"}]},{\"@type\":\"WebSite\",\"@id\":\"https:\/\/geoclimate.ge\/#website\",\"url\":\"https:\/\/geoclimate.ge\/\",\"name\":\"GeoClimate\",\"description\":\"\",\"publisher\":{\"@id\":\"https:\/\/geoclimate.ge\/#organization\"},\"potentialAction\":[{\"@type\":\"SearchAction\",\"target\":{\"@type\":\"EntryPoint\",\"urlTemplate\":\"https:\/\/geoclimate.ge\/?s={search_term_string}\"},\"query-input\":{\"@type\":\"PropertyValueSpecification\",\"valueRequired\":true,\"valueName\":\"search_term_string\"}}],\"inLanguage\":\"az\"},{\"@type\":\"Organization\",\"@id\":\"https:\/\/geoclimate.ge\/#organization\",\"name\":\"GeoClimate\",\"url\":\"https:\/\/geoclimate.ge\/\",\"logo\":{\"@type\":\"ImageObject\",\"inLanguage\":\"az\",\"@id\":\"https:\/\/geoclimate.ge\/#\/schema\/logo\/image\/\",\"url\":\"https:\/\/geoclimate.ge\/wp-content\/uploads\/2026\/03\/geoclimate-SEO.png\",\"contentUrl\":\"https:\/\/geoclimate.ge\/wp-content\/uploads\/2026\/03\/geoclimate-SEO.png\",\"width\":1536,\"height\":1024,\"caption\":\"GeoClimate\"},\"image\":{\"@id\":\"https:\/\/geoclimate.ge\/#\/schema\/logo\/image\/\"}}]}<\/script>\n<!-- \/ Yoast SEO plugin. -->","yoast_head_json":{"title":"VRF VRV Fan coil istilik b\u0259rpa cihaz\u0131 kanal tipli daxili blok 200m3 - 1000 m3 YV4VXH140WAR-GX YV4VXH226WAR-GX YV4VXH280WAR-GX YORK - GeoClimate.ge","robots":{"index":"index","follow":"follow","max-snippet":"max-snippet:-1","max-image-preview":"max-image-preview:large","max-video-preview":"max-video-preview:-1"},"canonical":"https:\/\/geoclimate.ge\/az\/product\/vrf-vrv-fan-coil-heat-recovery-device-duct-type-indoor-unit-200m3-to-1000-m3-yv6vxh026car-gx-yv6vxh080car-gx-yv6vxh100car-gx\/","og_locale":"az_AZ","og_type":"article","og_title":"VRF VRV Fan coil istilik b\u0259rpa cihaz\u0131 kanal tipli daxili blok 200m3 - 1000 m3 YV4VXH140WAR-GX YV4VXH226WAR-GX YV4VXH280WAR-GX YORK - GeoClimate.ge","og_description":"Effektiv istiliyi b\u0259rpa ed\u0259n kondisioner \u2013 T\u0259miz hava il\u0259 i\u015fl\u0259nmi\u015f hava aras\u0131nda istiliyi xarici hava istiliyin\u0259 v\u0259 daxili havaya \u00f6t\u00fcrm\u0259kl\u0259 temperaturu b\u0259rab\u0259rl\u0259\u015fdirir \u2013 Daxili istilik y\u00fck\u00fcn\u00fc azaltmaqla enerjiy\u0259 q\u0259na\u0259t edir \u2022 D\u0259yi\u015fdiril\u0259 bil\u0259n istilik d\u0259yi\u015fdiricisi  &nbsp;    YV6VXH026CAR-GX 200m3 \u00a0\u00a0\u00a0\u00a0 1,643 \u20be   YV6VXH080CAR-GX 800m3 \u00a0\u00a0\u00a0\u00a0 3,298 \u20be   YV6VXH100CAR-GX 1000m3 \u00a0\u00a0\u00a0\u00a0 3,410 \u20be","og_url":"https:\/\/geoclimate.ge\/az\/product\/vrf-vrv-fan-coil-heat-recovery-device-duct-type-indoor-unit-200m3-to-1000-m3-yv6vxh026car-gx-yv6vxh080car-gx-yv6vxh100car-gx\/","og_site_name":"GeoClimate.ge","article_modified_time":"2025-03-11T12:02:37+00:00","og_image":[{"width":400,"height":400,"url":"https:\/\/geoclimate.ge\/wp-content\/uploads\/2025\/03\/YORK-ISI-GERI-KAZANIM-CIHAZI.png","type":"image\/png"}],"twitter_card":"summary_large_image","schema":{"@context":"https:\/\/schema.org","@graph":[{"@type":"WebPage","@id":"https:\/\/geoclimate.ge\/az\/product\/vrf-vrv-fan-coil-heat-recovery-device-duct-type-indoor-unit-200m3-to-1000-m3-yv6vxh026car-gx-yv6vxh080car-gx-yv6vxh100car-gx\/","url":"https:\/\/geoclimate.ge\/az\/product\/vrf-vrv-fan-coil-heat-recovery-device-duct-type-indoor-unit-200m3-to-1000-m3-yv6vxh026car-gx-yv6vxh080car-gx-yv6vxh100car-gx\/","name":"VRF VRV Fan coil istilik b\u0259rpa cihaz\u0131 kanal tipli daxili blok 200m3 - 1000 m3 YV4VXH140WAR-GX YV4VXH226WAR-GX YV4VXH280WAR-GX YORK - GeoClimate.ge","isPartOf":{"@id":"https:\/\/geoclimate.ge\/#website"},"primaryImageOfPage":{"@id":"https:\/\/geoclimate.ge\/az\/product\/vrf-vrv-fan-coil-heat-recovery-device-duct-type-indoor-unit-200m3-to-1000-m3-yv6vxh026car-gx-yv6vxh080car-gx-yv6vxh100car-gx\/#primaryimage"},"image":{"@id":"https:\/\/geoclimate.ge\/az\/product\/vrf-vrv-fan-coil-heat-recovery-device-duct-type-indoor-unit-200m3-to-1000-m3-yv6vxh026car-gx-yv6vxh080car-gx-yv6vxh100car-gx\/#primaryimage"},"thumbnailUrl":"https:\/\/geoclimate.ge\/wp-content\/uploads\/2025\/03\/YORK-ISI-GERI-KAZANIM-CIHAZI.png","datePublished":"2025-03-11T11:59:51+00:00","dateModified":"2025-03-11T12:02:37+00:00","breadcrumb":{"@id":"https:\/\/geoclimate.ge\/az\/product\/vrf-vrv-fan-coil-heat-recovery-device-duct-type-indoor-unit-200m3-to-1000-m3-yv6vxh026car-gx-yv6vxh080car-gx-yv6vxh100car-gx\/#breadcrumb"},"inLanguage":"az","potentialAction":[{"@type":"ReadAction","target":["https:\/\/geoclimate.ge\/az\/product\/vrf-vrv-fan-coil-heat-recovery-device-duct-type-indoor-unit-200m3-to-1000-m3-yv6vxh026car-gx-yv6vxh080car-gx-yv6vxh100car-gx\/"]}]},{"@type":"ImageObject","inLanguage":"az","@id":"https:\/\/geoclimate.ge\/az\/product\/vrf-vrv-fan-coil-heat-recovery-device-duct-type-indoor-unit-200m3-to-1000-m3-yv6vxh026car-gx-yv6vxh080car-gx-yv6vxh100car-gx\/#primaryimage","url":"https:\/\/geoclimate.ge\/wp-content\/uploads\/2025\/03\/YORK-ISI-GERI-KAZANIM-CIHAZI.png","contentUrl":"https:\/\/geoclimate.ge\/wp-content\/uploads\/2025\/03\/YORK-ISI-GERI-KAZANIM-CIHAZI.png","width":400,"height":400},{"@type":"BreadcrumbList","@id":"https:\/\/geoclimate.ge\/az\/product\/vrf-vrv-fan-coil-heat-recovery-device-duct-type-indoor-unit-200m3-to-1000-m3-yv6vxh026car-gx-yv6vxh080car-gx-yv6vxh100car-gx\/#breadcrumb","itemListElement":[{"@type":"ListItem","position":1,"name":"Home","item":"https:\/\/geoclimate.ge\/az\/"},{"@type":"ListItem","position":2,"name":"M\u0259hsullar","item":"https:\/\/geoclimate.ge\/az\/products\/"},{"@type":"ListItem","position":3,"name":"VRF VRV Fan coil istilik b\u0259rpa cihaz\u0131 kanal tipli daxili blok 200m3 &#8211; 1000 m3 YV4VXH140WAR-GX YV4VXH226WAR-GX YV4VXH280WAR-GX YORK"}]},{"@type":"WebSite","@id":"https:\/\/geoclimate.ge\/#website","url":"https:\/\/geoclimate.ge\/","name":"GeoClimate","description":"","publisher":{"@id":"https:\/\/geoclimate.ge\/#organization"},"potentialAction":[{"@type":"SearchAction","target":{"@type":"EntryPoint","urlTemplate":"https:\/\/geoclimate.ge\/?s={search_term_string}"},"query-input":{"@type":"PropertyValueSpecification","valueRequired":true,"valueName":"search_term_string"}}],"inLanguage":"az"},{"@type":"Organization","@id":"https:\/\/geoclimate.ge\/#organization","name":"GeoClimate","url":"https:\/\/geoclimate.ge\/","logo":{"@type":"ImageObject","inLanguage":"az","@id":"https:\/\/geoclimate.ge\/#\/schema\/logo\/image\/","url":"https:\/\/geoclimate.ge\/wp-content\/uploads\/2026\/03\/geoclimate-SEO.png","contentUrl":"https:\/\/geoclimate.ge\/wp-content\/uploads\/2026\/03\/geoclimate-SEO.png","width":1536,"height":1024,"caption":"GeoClimate"},"image":{"@id":"https:\/\/geoclimate.ge\/#\/schema\/logo\/image\/"}}]}},"_links":{"self":[{"href":"https:\/\/geoclimate.ge\/az\/wp-json\/wp\/v2\/product\/25357","targetHints":{"allow":["GET"]}}],"collection":[{"href":"https:\/\/geoclimate.ge\/az\/wp-json\/wp\/v2\/product"}],"about":[{"href":"https:\/\/geoclimate.ge\/az\/wp-json\/wp\/v2\/types\/product"}],"wp:featuredmedia":[{"embeddable":true,"href":"https:\/\/geoclimate.ge\/az\/wp-json\/wp\/v2\/media\/25352"}],"wp:attachment":[{"href":"https:\/\/geoclimate.ge\/az\/wp-json\/wp\/v2\/media?parent=25357"}],"wp:term":[{"taxonomy":"product_brand","embeddable":true,"href":"https:\/\/geoclimate.ge\/az\/wp-json\/wp\/v2\/product_brand?post=25357"},{"taxonomy":"product_cat","embeddable":true,"href":"https:\/\/geoclimate.ge\/az\/wp-json\/wp\/v2\/product_cat?post=25357"},{"taxonomy":"product_tag","embeddable":true,"href":"https:\/\/geoclimate.ge\/az\/wp-json\/wp\/v2\/product_tag?post=25357"}],"curies":[{"name":"wp","href":"https:\/\/api.w.org\/{rel}","templated":true}]}}