{"id":25376,"date":"2024-01-25T22:52:18","date_gmt":"2024-01-25T18:52:18","guid":{"rendered":"https:\/\/airsystems.ge\/shop\/product\/master-df-30-professional-fans\/"},"modified":"2025-03-17T18:01:44","modified_gmt":"2025-03-17T14:01:44","slug":"master-df-30-professional-fans","status":"publish","type":"product","link":"https:\/\/geoclimate.ge\/az\/product\/master-df-30-professional-fans\/","title":{"rendered":"Master DF 30 \u2013 pe\u015f\u0259kar ventilyator"},"content":{"rendered":"<div class=\"wpb-content-wrapper\"><p>[vc_row][vc_column]\n\t\t<div id=\"wd-65a957de2ee55\" class=\"title-wrapper wd-wpb set-mb-s reset-last-child  wd-rs-65a957de2ee55 wd-title-color-default wd-title-style-default text-center  wd-underline-colored\">\n\t\t\t\n\t\t\t<div class=\"liner-continer\">\n\t\t\t\t<h4 class=\"woodmart-title-container title  wd-font-weight- wd-fontsize-l\" >Key features<\/h4>\n\t\t\t\t\t\t\t<\/div>\n\t\t\t\n\t\t\t\n\t\t\t\n\t\t<\/div>\n\t\t\n\t\t[\/vc_column][\/vc_row][vc_row][vc_column width=&#8221;1\/2&#8243;]\n\t\t<ul class=\" wd-rs-65b2f26882fa2 wd-list wd-wpb color-scheme- wd-fontsize-xs wd-list-type-icon wd-list-style-default wd-justify-left \" id=\"wd-65b2f26882fa2\">\n\t\t\t\t\t\t\t\t\t\t\t<li>\n\t\t\t\t\t<span class=\"list-icon far fa-check-circle\"><\/span>\n\t\t\t\t\t<span class=\"list-content\">Adjustable air stream <\/span>\n\t\t\t\t\t\t\t\t\t<\/li>\n\t\t\t\t\t\t\t\t\t\t\t<li>\n\t\t\t\t\t<span class=\"list-icon far fa-check-circle\"><\/span>\n\t\t\t\t\t<span class=\"list-content\">360\u00b0 rotation <\/span>\n\t\t\t\t\t\t\t\t\t<\/li>\n\t\t\t\t\t<\/ul>\n\t\t[\/vc_column][vc_column width=&#8221;1\/2&#8243;]\n\t\t<ul class=\" wd-rs-65b2f3537b712 wd-list wd-wpb color-scheme- wd-fontsize-xs wd-list-type-icon wd-list-style-default wd-justify-left \" id=\"wd-65b2f3537b712\">\n\t\t\t\t\t\t\t\t\t\t\t<li>\n\t\t\t\t\t<span class=\"list-icon far fa-check-circle\"><\/span>\n\t\t\t\t\t<span class=\"list-content\">Powder coated casing <\/span>\n\t\t\t\t\t\t\t\t\t<\/li>\n\t\t\t\t\t\t\t\t\t\t\t<li>\n\t\t\t\t\t<span class=\"list-icon far fa-check-circle\"><\/span>\n\t\t\t\t\t<span class=\"list-content\">Each model has different types of air distribution <\/span>\n\t\t\t\t\t\t\t\t\t<\/li>\n\t\t\t\t\t<\/ul>\n\t\t[\/vc_column][\/vc_row][vc_row][vc_column]\n\t\t<div id=\"wd-65a97cfe5a139\" class=\"title-wrapper wd-wpb set-mb-s reset-last-child  wd-rs-65a97cfe5a139 wd-title-color-default wd-title-style-default text-center  wd-underline-colored\">\n\t\t\t\n\t\t\t<div class=\"liner-continer\">\n\t\t\t\t<h4 class=\"woodmart-title-container title  wd-font-weight- wd-fontsize-l\" >Product specifications<\/h4>\n\t\t\t\t\t\t\t<\/div>\n\t\t\t\n\t\t\t\n\t\t\t\n\t\t<\/div>\n\t\t\n\t\t[\/vc_column][\/vc_row][vc_row][vc_column][vc_raw_html]JTNDZGl2JTIwY2xhc3MlM0QlMjJ3ZC1lbC10YWJsZSUyMiUzRSUwQSUyMCUyMCUzQ2RpdiUyMGNsYXNzJTNEJTIyd2QtZWwtdGFibGUtd3JhcCUyMiUzRSUwQSUyMCUyMCUyMCUyMCUzQ3RhYmxlJTIwY2xhc3MlM0QlMjJ3ZC1lbC10YWJsZSUyMiUzRSUwQSUyMCUyMCUyMCUyMCUyMCUyMCUzQ3Rib2R5JTIwY2xhc3MlM0QlMjJ0ZXh0LWxlZnQlMjIlM0UlMEElMjAlMjAlMjAlMjAlMjAlMjAlMjAlMjAlM0N0ciUzRSUwQSUyMCUyMCUyMCUyMCUyMCUyMCUyMCUyMCUyMCUyMCUzQ3RoJTIwY29sc3BhbiUzRCUyMjElMjIlMjByb3dzcGFuJTNEJTIyMSUyMiUzRVNwZWNpZmljYXRpb25zJTNDJTJGdGglM0UlMEElMjAlMjAlMjAlMjAlMjAlMjAlMjAlMjAlMjAlMjAlM0N0aCUyMGNvbHNwYW4lM0QlMjIxJTIyJTIwcm93c3BhbiUzRCUyMjElMjIlM0VVbml0cyUzQyUyRnRoJTNFJTBBJTIwJTIwJTIwJTIwJTIwJTIwJTIwJTIwJTIwJTIwJTNDdGglMjBjb2xzcGFuJTNEJTIyMSUyMiUyMHJvd3NwYW4lM0QlMjIxJTIyJTNFREYlMjAzMCUzQyUyRnRoJTNFJTBBJTIwJTIwJTIwJTIwJTIwJTIwJTIwJTIwJTNDJTJGdHIlM0UlMEElMjAlMjAlMjAlMjAlMjAlMjAlMjAlMjAlM0N0ciUzRSUwQSUyMCUyMCUyMCUyMCUyMCUyMCUyMCUyMCUyMCUyMCUzQ3RkJTIwY29sc3BhbiUzRCUyMjElMjIlMjByb3dzcGFuJTNEJTIyMSUyMiUzRUFpciUyMGZsb3clM0MlMkZ0ZCUzRSUwQSUyMCUyMCUyMCUyMCUyMCUyMCUyMCUyMCUyMCUyMCUzQ3RkJTIwY29sc3BhbiUzRCUyMjElMjIlMjByb3dzcGFuJTNEJTIyMSUyMiUzRW0lQzIlQjMlMkZoJTNDJTJGdGQlM0UlMEElMjAlMjAlMjAlMjAlMjAlMjAlMjAlMjAlMjAlMjAlM0N0ZCUyMGNvbHNwYW4lM0QlMjIxJTIyJTIwcm93c3BhbiUzRCUyMjElMjIlM0U5JTJDMTgwJTJGMTAlMkMyMDAlM0MlMkZ0ZCUzRSUwQSUyMCUyMCUyMCUyMCUyMCUyMCUyMCUyMCUzQyUyRnRyJTNFJTBBJTIwJTIwJTIwJTIwJTIwJTIwJTIwJTIwJTNDdHIlM0UlMEElMjAlMjAlMjAlMjAlMjAlMjAlMjAlMjAlMjAlMjAlM0N0ZCUyMGNvbHNwYW4lM0QlMjIxJTIyJTIwcm93c3BhbiUzRCUyMjElMjIlM0VGYW4lMjB0eXBlJTNDJTJGdGQlM0UlMEElMjAlMjAlMjAlMjAlMjAlMjAlMjAlMjAlMjAlMjAlM0N0ZCUyMGNvbHNwYW4lM0QlMjIxJTIyJTIwcm93c3BhbiUzRCUyMjElMjIlM0UlM0MlMkZ0ZCUzRSUwQSUyMCUyMCUyMCUyMCUyMCUyMCUyMCUyMCUyMCUyMCUzQ3RkJTIwY29sc3BhbiUzRCUyMjElMjIlMjByb3dzcGFuJTNEJTIyMSUyMiUzRTElMjB4JTIwQXhpYWwlM0MlMkZ0ZCUzRSUwQSUyMCUyMCUyMCUyMCUyMCUyMCUyMCUyMCUzQyUyRnRyJTNFJTBBJTIwJTIwJTIwJTIwJTIwJTIwJTIwJTIwJTNDdHIlM0UlMEElMjAlMjAlMjAlMjAlMjAlMjAlMjAlMjAlMjAlMjAlM0N0ZCUyMGNvbHNwYW4lM0QlMjIxJTIyJTIwcm93c3BhbiUzRCUyMjElMjIlM0VPdXRsZXQlMjBkaWFtZXRlciUzQyUyRnRkJTNFJTBBJTIwJTIwJTIwJTIwJTIwJTIwJTIwJTIwJTIwJTIwJTNDdGQlMjBjb2xzcGFuJTNEJTIyMSUyMiUyMHJvd3NwYW4lM0QlMjIxJTIyJTNFY20lM0MlMkZ0ZCUzRSUwQSUyMCUyMCUyMCUyMCUyMCUyMCUyMCUyMCUyMCUyMCUzQ3RkJTIwY29sc3BhbiUzRCUyMjElMjIlMjByb3dzcGFuJTNEJTIyMSUyMiUzRTc1JTNDJTJGdGQlM0UlMEElMjAlMjAlMjAlMjAlMjAlMjAlMjAlMjAlM0MlMkZ0ciUzRSUwQSUyMCUyMCUyMCUyMCUyMCUyMCUyMCUyMCUzQ3RyJTNFJTBBJTIwJTIwJTIwJTIwJTIwJTIwJTIwJTIwJTIwJTIwJTNDdGQlMjBjb2xzcGFuJTNEJTIyMSUyMiUyMHJvd3NwYW4lM0QlMjIxJTIyJTNFRmFuJTIwc3BlZWQlM0MlMkZ0ZCUzRSUwQSUyMCUyMCUyMCUyMCUyMCUyMCUyMCUyMCUyMCUyMCUzQ3RkJTIwY29sc3BhbiUzRCUyMjElMjIlMjByb3dzcGFuJTNEJTIyMSUyMiUzRSUzQyUyRnRkJTNFJTBBJTIwJTIwJTIwJTIwJTIwJTIwJTIwJTIwJTIwJTIwJTNDdGQlMjBjb2xzcGFuJTNEJTIyMSUyMiUyMHJvd3NwYW4lM0QlMjIxJTIyJTNFMiUzQyUyRnRkJTNFJTBBJTIwJTIwJTIwJTIwJTIwJTIwJTIwJTIwJTNDJTJGdHIlM0UlMEElMjAlMjAlMjAlMjAlMjAlMjAlMjAlMjAlM0N0ciUzRSUwQSUyMCUyMCUyMCUyMCUyMCUyMCUyMCUyMCUyMCUyMCUzQ3RkJTIwY29sc3BhbiUzRCUyMjElMjIlMjByb3dzcGFuJTNEJTIyMSUyMiUzRVBvd2VyJTIwY29uc3VtcHRpb24lM0MlMkZ0ZCUzRSUwQSUyMCUyMCUyMCUyMCUyMCUyMCUyMCUyMCUyMCUyMCUzQ3RkJTIwY29sc3BhbiUzRCUyMjElMjIlMjByb3dzcGFuJTNEJTIyMSUyMiUzRVclM0MlMkZ0ZCUzRSUwQSUyMCUyMCUyMCUyMCUyMCUyMCUyMCUyMCUyMCUyMCUzQ3RkJTIwY29sc3BhbiUzRCUyMjElMjIlMjByb3dzcGFuJTNEJTIyMSUyMiUzRTI4MCUyRjMxNSUzQyUyRnRkJTNFJTBBJTIwJTIwJTIwJTIwJTIwJTIwJTIwJTIwJTNDJTJGdHIlM0UlMEElMjAlMjAlMjAlMjAlMjAlMjAlMjAlMjAlM0N0ciUzRSUwQSUyMCUyMCUyMCUyMCUyMCUyMCUyMCUyMCUyMCUyMCUzQ3RkJTIwY29sc3BhbiUzRCUyMjElMjIlMjByb3dzcGFuJTNEJTIyMSUyMiUzRVBvd2VyJTIwc3VwcGx5JTNDJTJGdGQlM0UlMEElMjAlMjAlMjAlMjAlMjAlMjAlMjAlMjAlMjAlMjAlM0N0ZCUyMGNvbHNwYW4lM0QlMjIxJTIyJTIwcm93c3BhbiUzRCUyMjElMjIlM0VWJTJGSHolM0MlMkZ0ZCUzRSUwQSUyMCUyMCUyMCUyMCUyMCUyMCUyMCUyMCUyMCUyMCUzQ3RkJTIwY29sc3BhbiUzRCUyMjElMjIlMjByb3dzcGFuJTNEJTIyMSUyMiUzRTIyMC0yNDAlMkYxcGglMkY1MCUzQyUyRnRkJTNFJTBBJTIwJTIwJTIwJTIwJTIwJTIwJTIwJTIwJTNDJTJGdHIlM0UlMEElMjAlMjAlMjAlMjAlMjAlMjAlMjAlMjAlM0N0ciUzRSUwQSUyMCUyMCUyMCUyMCUyMCUyMCUyMCUyMCUyMCUyMCUzQ3RkJTIwY29sc3BhbiUzRCUyMjElMjIlMjByb3dzcGFuJTNEJTIyMSUyMiUzRVByb3RlY3Rpb24lM0MlMkZ0ZCUzRSUwQSUyMCUyMCUyMCUyMCUyMCUyMCUyMCUyMCUyMCUyMCUzQ3RkJTIwY29sc3BhbiUzRCUyMjElMjIlMjByb3dzcGFuJTNEJTIyMSUyMiUzRSUzQyUyRnRkJTNFJTBBJTIwJTIwJTIwJTIwJTIwJTIwJTIwJTIwJTIwJTIwJTNDdGQlMjBjb2xzcGFuJTNEJTIyMSUyMiUyMHJvd3NwYW4lM0QlMjIxJTIyJTNFSVA0NCUzQyUyRnRkJTNFJTBBJTIwJTIwJTIwJTIwJTIwJTIwJTIwJTIwJTNDJTJGdHIlM0UlMEElMjAlMjAlMjAlMjAlMjAlMjAlMjAlMjAlM0N0ciUzRSUwQSUyMCUyMCUyMCUyMCUyMCUyMCUyMCUyMCUyMCUyMCUzQ3RkJTIwY29sc3BhbiUzRCUyMjElMjIlMjByb3dzcGFuJTNEJTIyMSUyMiUzRVByb2R1Y3QlMjBzaXplJTIwJTI4bCUyMHglMjB3JTIweCUyMGglMjklM0MlMkZ0ZCUzRSUwQSUyMCUyMCUyMCUyMCUyMCUyMCUyMCUyMCUyMCUyMCUzQ3RkJTIwY29sc3BhbiUzRCUyMjElMjIlMjByb3dzcGFuJTNEJTIyMSUyMiUzRW1tJTNDJTJGdGQlM0UlMEElMjAlMjAlMjAlMjAlMjAlMjAlMjAlMjAlMjAlMjAlM0N0ZCUyMGNvbHNwYW4lM0QlMjIxJTIyJTIwcm93c3BhbiUzRCUyMjElMjIlM0U5MTAlMjB4JTIwMzUwJTIweCUyMDkzNSUzQyUyRnRkJTNFJTBBJTIwJTIwJTIwJTIwJTIwJTIwJTIwJTIwJTNDJTJGdHIlM0UlMEElMjAlMjAlMjAlMjAlMjAlMjAlMjAlMjAlM0N0ciUzRSUwQSUyMCUyMCUyMCUyMCUyMCUyMCUyMCUyMCUyMCUyMCUzQ3RkJTIwY29sc3BhbiUzRCUyMjElMjIlMjByb3dzcGFuJTNEJTIyMSUyMiUzRUJveCUyMHNpemUlMjAlMjhsJTIweCUyMHclMjB4JTIwaCUyOSUzQyUyRnRkJTNFJTBBJTIwJTIwJTIwJTIwJTIwJTIwJTIwJTIwJTIwJTIwJTNDdGQlMjBjb2xzcGFuJTNEJTIyMSUyMiUyMHJvd3NwYW4lM0QlMjIxJTIyJTNFbW0lM0MlMkZ0ZCUzRSUwQSUyMCUyMCUyMCUyMCUyMCUyMCUyMCUyMCUyMCUyMCUzQ3RkJTIwY29sc3BhbiUzRCUyMjElMjIlMjByb3dzcGFuJTNEJTIyMSUyMiUzRTkzNSUyMHglMjAzNjUlMjB4JTIwOTU1JTNDJTJGdGQlM0UlMEElMjAlMjAlMjAlMjAlMjAlMjAlMjAlMjAlM0MlMkZ0ciUzRSUwQSUyMCUyMCUyMCUyMCUyMCUyMCUyMCUyMCUzQ3RyJTNFJTBBJTIwJTIwJTIwJTIwJTIwJTIwJTIwJTIwJTIwJTIwJTNDdGQlMjBjb2xzcGFuJTNEJTIyMSUyMiUyMHJvd3NwYW4lM0QlMjIxJTIyJTNFTmV0JTJGZ3Jvc3MlMjB3ZWlnaHQlM0MlMkZ0ZCUzRSUwQSUyMCUyMCUyMCUyMCUyMCUyMCUyMCUyMCUyMCUyMCUzQ3RkJTIwY29sc3BhbiUzRCUyMjElMjIlMjByb3dzcGFuJTNEJTIyMSUyMiUzRWtnJTNDJTJGdGQlM0UlMEElMjAlMjAlMjAlMjAlMjAlMjAlMjAlMjAlMjAlMjAlM0N0ZCUyMGNvbHNwYW4lM0QlMjIxJTIyJTIwcm93c3BhbiUzRCUyMjElMjIlM0UzMiUyRjM2JTNDJTJGdGQlM0UlMEElMjAlMjAlMjAlMjAlMjAlMjAlMjAlMjAlM0MlMkZ0ciUzRSUwQSUyMCUyMCUyMCUyMCUyMCUyMCUyMCUyMCUzQ3RyJTNFJTBBJTIwJTIwJTIwJTIwJTIwJTIwJTIwJTIwJTIwJTIwJTNDdGQlMjBjb2xzcGFuJTNEJTIyMSUyMiUyMHJvd3NwYW4lM0QlMjIxJTIyJTNFUGFsbGV0JTNDJTJGdGQlM0UlMEElMjAlMjAlMjAlMjAlMjAlMjAlMjAlMjAlMjAlMjAlM0N0ZCUyMGNvbHNwYW4lM0QlMjIxJTIyJTIwcm93c3BhbiUzRCUyMjElMjIlM0VwY3MlM0MlMkZ0ZCUzRSUwQSUyMCUyMCUyMCUyMCUyMCUyMCUyMCUyMCUyMCUyMCUzQ3RkJTIwY29sc3BhbiUzRCUyMjElMjIlMjByb3dzcGFuJTNEJTIyMSUyMiUzRTYlM0MlMkZ0ZCUzRSUwQSUyMCUyMCUyMCUyMCUyMCUyMCUyMCUyMCUzQyUyRnRyJTNFJTBBJTIwJTIwJTIwJTIwJTIwJTIwJTNDJTJGdGJvZHklM0UlMEElMjAlMjAlMjAlMjAlM0MlMkZ0YWJsZSUzRSUwQSUyMCUyMCUzQyUyRmRpdiUzRSUwQSUzQyUyRmRpdiUzRSUwQQ==[\/vc_raw_html][\/vc_column][\/vc_row][vc_row][vc_column]\n\t\t<div id=\"wd-65a9893650cd2\" class=\"title-wrapper wd-wpb set-mb-s reset-last-child  wd-rs-65a9893650cd2 wd-title-color-default wd-title-style-default text-center  wd-underline-colored\">\n\t\t\t\n\t\t\t<div class=\"liner-continer\">\n\t\t\t\t<h4 class=\"woodmart-title-container title  wd-font-weight- wd-fontsize-l\" >Suitable for<\/h4>\n\t\t\t\t\t\t\t<\/div>\n\t\t\t\n\t\t\t\n\t\t\t\n\t\t<\/div>\n\t\t\n\t\t[\/vc_column][\/vc_row][vc_row][vc_column width=&#8221;1\/2&#8243;]\t\t<div id=\"wd-65b2f2c9e1391\" class=\"wd-text-block wd-wpb reset-last-child wd-rs-65b2f2c9e1391 text-left \">\n\t\t\t<ul>\n<li style=\"text-align: left;\">\u00a0Agriculture<\/li>\n<li style=\"text-align: left;\">Buildings and commercial spaces<\/li>\n<li style=\"text-align: left;\">Construction<\/li>\n<li style=\"text-align: left;\">Emergency services<\/li>\n<li style=\"text-align: left;\">Events and festivals<\/li>\n<\/ul>\n\t\t<\/div>\n\t\t[\/vc_column][vc_column width=&#8221;1\/2&#8243;]\t\t<div id=\"wd-65b2f2d7d9053\" class=\"wd-text-block wd-wpb reset-last-child wd-rs-65b2f2d7d9053 text-left \">\n\t\t\t<ul>\n<li>\u00a0General industry and production<\/li>\n<li>Military and aerospace<\/li>\n<li>Rental companies<\/li>\n<li>Water damage restoration<\/li>\n<\/ul>\n\t\t<\/div>\n\t\t[\/vc_column][\/vc_row][vc_row][vc_column]\n\t\t<div id=\"wd-65aa6e6129302\" class=\"title-wrapper wd-wpb set-mb-s reset-last-child  wd-rs-65aa6e6129302 wd-title-color-default wd-title-style-default text-center  wd-underline-colored\">\n\t\t\t\n\t\t\t<div class=\"liner-continer\">\n\t\t\t\t<h4 class=\"woodmart-title-container title  wd-font-weight- wd-fontsize-l\" >Useful downloads<\/h4>\n\t\t\t\t\t\t\t<\/div>\n\t\t\t\n\t\t\t\n\t\t\t\n\t\t<\/div>\n\t\t\n\t\t[\/vc_column][\/vc_row][vc_row][vc_column]\n\t\t<ul class=\" wd-rs-65b2f2ecf3532 wd-list wd-wpb color-scheme- wd-fontsize-xs wd-list-type-icon wd-list-style-square wd-justify-left wd-list-shape-icon \" id=\"wd-65b2f2ecf3532\">\n\t\t\t\t\t\t\t\t\t\t\t<li>\n\t\t\t\t\t<span class=\"list-icon fas fa-download\"><\/span>\n\t\t\t\t\t<span class=\"list-content\">Master catalogue <\/span>\n\t\t\t\t\t\t\t\t\t\t\t<a class=\"wd-fill\" href=\"https:\/\/catalogue.dantherm.com\/master\/master-catalogue-en\/\" title=\"\" aria-label=\"List link\"><\/a>\n\t\t\t\t\t\t\t\t\t<\/li>\n\t\t\t\t\t\t\t\t\t\t\t<li>\n\t\t\t\t\t<span class=\"list-icon fas fa-download\"><\/span>\n\t\t\t\t\t<span class=\"list-content\">Water Damage Restoration application guide <\/span>\n\t\t\t\t\t\t\t\t\t\t\t<a class=\"wd-fill\" href=\"https:\/\/danthermpublicfiles.blob.core.windows.net\/en-danthermgroup-guides\/Dantherm-Group-WDR-Application-Guide-EN.pdf\" title=\"\" aria-label=\"List link\"><\/a>\n\t\t\t\t\t\t\t\t\t<\/li>\n\t\t\t\t\t\t\t\t\t\t\t<li>\n\t\t\t\t\t<span class=\"list-icon fas fa-download\"><\/span>\n\t\t\t\t\t<span class=\"list-content\">Master DF 30-36 user manual <\/span>\n\t\t\t\t\t\t\t\t\t\t\t<a class=\"wd-fill\" href=\"https:\/\/danthermpublicfiles.blob.core.windows.net\/en-master-manuals\/Master-DF-30-36-user-manual-Multi.PDF\" title=\"\" aria-label=\"List link\"><\/a>\n\t\t\t\t\t\t\t\t\t<\/li>\n\t\t\t\t\t<\/ul>\n\t\t[\/vc_column][\/vc_row]<\/p>\n<\/div>","protected":false},"excerpt":{"rendered":"<div class=\"mt-1 md:mt-2 text-xl\">\n<p>Pe\u015f\u0259kar fanatlar &#8211; metal<\/p>\n<p>Bu pe\u015f\u0259kar, metal fanatlar qapal\u0131 v\u0259 a\u00e7\u0131q hava t\u0259dbirl\u0259ri \u00fc\u00e7\u00fcn \u0259lav\u0259 havaland\u0131rma t\u0259min edir, h\u0259m\u00e7inin qurutma, q\u0131zd\u0131rma v\u0259 soyutma avadanl\u0131qlar\u0131n\u0131 d\u0259st\u0259kl\u0259yir. Onlar yax\u015f\u0131la\u015fd\u0131r\u0131lm\u0131\u015f ventilyasiya v\u0259 hava sirkulyasiyas\u0131na ehtiyac\u0131 olan evl\u0259rd\u0259, ofisl\u0259rd\u0259 v\u0259 i\u015f yerl\u0259rind\u0259 istifad\u0259 oluna bil\u0259r, h\u0259m\u00e7inin n\u0259mli sah\u0259l\u0259rin qurudulmas\u0131na k\u00f6m\u0259k ed\u0259 bil\u0259r.<\/p>\n<p>DF 30 \u00d8 75 sm<\/p>\n<p>Hava ax\u0131n\u0131: 10 200 m3\/saat<\/p>\n<\/div>\n","protected":false},"featured_media":20548,"template":"","meta":[],"product_brand":[],"product_cat":[809,990,967],"product_tag":[],"class_list":{"0":"post-25376","1":"product","2":"type-product","3":"status-publish","4":"has-post-thumbnail","6":"product_cat-hava-nmlndiricisi-kondisioner-az-ventilyasiya-ventilyator","7":"product_cat-ventilyatorlar-peskar-az","8":"product_cat-ventilyasiya-az-ventilyator-havalandirma-eksenel-radial","10":"first","11":"instock","12":"shipping-taxable","13":"purchasable","14":"product-type-simple"},"yoast_head":"<!-- This site is optimized with the Yoast SEO plugin v27.1.1 - https:\/\/yoast.com\/product\/yoast-seo-wordpress\/ -->\n<title>Master DF 30 \u2013 pe\u015f\u0259kar ventilyator - GeoClimate.ge<\/title>\n<meta name=\"robots\" content=\"index, follow, max-snippet:-1, max-image-preview:large, max-video-preview:-1\" \/>\n<link rel=\"canonical\" href=\"https:\/\/geoclimate.ge\/az\/product\/master-df-30-professional-fans\/\" \/>\n<meta property=\"og:locale\" content=\"az_AZ\" \/>\n<meta property=\"og:type\" content=\"article\" \/>\n<meta property=\"og:title\" content=\"Master DF 30 \u2013 pe\u015f\u0259kar ventilyator - GeoClimate.ge\" \/>\n<meta property=\"og:description\" content=\"Pe\u015f\u0259kar fanatlar - metal  Bu pe\u015f\u0259kar, metal fanatlar qapal\u0131 v\u0259 a\u00e7\u0131q hava t\u0259dbirl\u0259ri \u00fc\u00e7\u00fcn \u0259lav\u0259 havaland\u0131rma t\u0259min edir, h\u0259m\u00e7inin qurutma, q\u0131zd\u0131rma v\u0259 soyutma avadanl\u0131qlar\u0131n\u0131 d\u0259st\u0259kl\u0259yir. Onlar yax\u015f\u0131la\u015fd\u0131r\u0131lm\u0131\u015f ventilyasiya v\u0259 hava sirkulyasiyas\u0131na ehtiyac\u0131 olan evl\u0259rd\u0259, ofisl\u0259rd\u0259 v\u0259 i\u015f yerl\u0259rind\u0259 istifad\u0259 oluna bil\u0259r, h\u0259m\u00e7inin n\u0259mli sah\u0259l\u0259rin qurudulmas\u0131na k\u00f6m\u0259k ed\u0259 bil\u0259r.  DF 30 \u00d8 75 sm  Hava ax\u0131n\u0131: 10 200 m3\/saat\" \/>\n<meta property=\"og:url\" content=\"https:\/\/geoclimate.ge\/az\/product\/master-df-30-professional-fans\/\" \/>\n<meta property=\"og:site_name\" content=\"GeoClimate.ge\" \/>\n<meta property=\"article:modified_time\" content=\"2025-03-17T14:01:44+00:00\" \/>\n<meta property=\"og:image\" content=\"https:\/\/geoclimate.ge\/wp-content\/uploads\/2024\/01\/Master-DF-30.jpg\" \/>\n\t<meta property=\"og:image:width\" content=\"1000\" \/>\n\t<meta property=\"og:image:height\" content=\"1000\" \/>\n\t<meta property=\"og:image:type\" content=\"image\/jpeg\" \/>\n<meta name=\"twitter:card\" content=\"summary_large_image\" \/>\n<meta name=\"twitter:label1\" content=\"Est. reading time\" \/>\n\t<meta name=\"twitter:data1\" content=\"5 minutes\" \/>\n<script type=\"application\/ld+json\" class=\"yoast-schema-graph\">{\"@context\":\"https:\/\/schema.org\",\"@graph\":[{\"@type\":\"WebPage\",\"@id\":\"https:\/\/geoclimate.ge\/az\/product\/master-df-30-professional-fans\/\",\"url\":\"https:\/\/geoclimate.ge\/az\/product\/master-df-30-professional-fans\/\",\"name\":\"Master DF 30 \u2013 pe\u015f\u0259kar ventilyator - GeoClimate.ge\",\"isPartOf\":{\"@id\":\"https:\/\/geoclimate.ge\/#website\"},\"primaryImageOfPage\":{\"@id\":\"https:\/\/geoclimate.ge\/az\/product\/master-df-30-professional-fans\/#primaryimage\"},\"image\":{\"@id\":\"https:\/\/geoclimate.ge\/az\/product\/master-df-30-professional-fans\/#primaryimage\"},\"thumbnailUrl\":\"https:\/\/geoclimate.ge\/wp-content\/uploads\/2024\/01\/Master-DF-30.jpg\",\"datePublished\":\"2024-01-25T18:52:18+00:00\",\"dateModified\":\"2025-03-17T14:01:44+00:00\",\"breadcrumb\":{\"@id\":\"https:\/\/geoclimate.ge\/az\/product\/master-df-30-professional-fans\/#breadcrumb\"},\"inLanguage\":\"az\",\"potentialAction\":[{\"@type\":\"ReadAction\",\"target\":[\"https:\/\/geoclimate.ge\/az\/product\/master-df-30-professional-fans\/\"]}]},{\"@type\":\"ImageObject\",\"inLanguage\":\"az\",\"@id\":\"https:\/\/geoclimate.ge\/az\/product\/master-df-30-professional-fans\/#primaryimage\",\"url\":\"https:\/\/geoclimate.ge\/wp-content\/uploads\/2024\/01\/Master-DF-30.jpg\",\"contentUrl\":\"https:\/\/geoclimate.ge\/wp-content\/uploads\/2024\/01\/Master-DF-30.jpg\",\"width\":1000,\"height\":1000},{\"@type\":\"BreadcrumbList\",\"@id\":\"https:\/\/geoclimate.ge\/az\/product\/master-df-30-professional-fans\/#breadcrumb\",\"itemListElement\":[{\"@type\":\"ListItem\",\"position\":1,\"name\":\"Home\",\"item\":\"https:\/\/geoclimate.ge\/az\/\"},{\"@type\":\"ListItem\",\"position\":2,\"name\":\"M\u0259hsullar\",\"item\":\"https:\/\/geoclimate.ge\/az\/products\/\"},{\"@type\":\"ListItem\",\"position\":3,\"name\":\"Master DF 30 \u2013 pe\u015f\u0259kar ventilyator\"}]},{\"@type\":\"WebSite\",\"@id\":\"https:\/\/geoclimate.ge\/#website\",\"url\":\"https:\/\/geoclimate.ge\/\",\"name\":\"GeoClimate\",\"description\":\"\",\"publisher\":{\"@id\":\"https:\/\/geoclimate.ge\/#organization\"},\"potentialAction\":[{\"@type\":\"SearchAction\",\"target\":{\"@type\":\"EntryPoint\",\"urlTemplate\":\"https:\/\/geoclimate.ge\/?s={search_term_string}\"},\"query-input\":{\"@type\":\"PropertyValueSpecification\",\"valueRequired\":true,\"valueName\":\"search_term_string\"}}],\"inLanguage\":\"az\"},{\"@type\":\"Organization\",\"@id\":\"https:\/\/geoclimate.ge\/#organization\",\"name\":\"GeoClimate\",\"url\":\"https:\/\/geoclimate.ge\/\",\"logo\":{\"@type\":\"ImageObject\",\"inLanguage\":\"az\",\"@id\":\"https:\/\/geoclimate.ge\/#\/schema\/logo\/image\/\",\"url\":\"https:\/\/geoclimate.ge\/wp-content\/uploads\/2026\/03\/geoclimate-SEO.png\",\"contentUrl\":\"https:\/\/geoclimate.ge\/wp-content\/uploads\/2026\/03\/geoclimate-SEO.png\",\"width\":1536,\"height\":1024,\"caption\":\"GeoClimate\"},\"image\":{\"@id\":\"https:\/\/geoclimate.ge\/#\/schema\/logo\/image\/\"}}]}<\/script>\n<!-- \/ Yoast SEO plugin. -->","yoast_head_json":{"title":"Master DF 30 \u2013 pe\u015f\u0259kar ventilyator - GeoClimate.ge","robots":{"index":"index","follow":"follow","max-snippet":"max-snippet:-1","max-image-preview":"max-image-preview:large","max-video-preview":"max-video-preview:-1"},"canonical":"https:\/\/geoclimate.ge\/az\/product\/master-df-30-professional-fans\/","og_locale":"az_AZ","og_type":"article","og_title":"Master DF 30 \u2013 pe\u015f\u0259kar ventilyator - GeoClimate.ge","og_description":"Pe\u015f\u0259kar fanatlar - metal  Bu pe\u015f\u0259kar, metal fanatlar qapal\u0131 v\u0259 a\u00e7\u0131q hava t\u0259dbirl\u0259ri \u00fc\u00e7\u00fcn \u0259lav\u0259 havaland\u0131rma t\u0259min edir, h\u0259m\u00e7inin qurutma, q\u0131zd\u0131rma v\u0259 soyutma avadanl\u0131qlar\u0131n\u0131 d\u0259st\u0259kl\u0259yir. Onlar yax\u015f\u0131la\u015fd\u0131r\u0131lm\u0131\u015f ventilyasiya v\u0259 hava sirkulyasiyas\u0131na ehtiyac\u0131 olan evl\u0259rd\u0259, ofisl\u0259rd\u0259 v\u0259 i\u015f yerl\u0259rind\u0259 istifad\u0259 oluna bil\u0259r, h\u0259m\u00e7inin n\u0259mli sah\u0259l\u0259rin qurudulmas\u0131na k\u00f6m\u0259k ed\u0259 bil\u0259r.  DF 30 \u00d8 75 sm  Hava ax\u0131n\u0131: 10 200 m3\/saat","og_url":"https:\/\/geoclimate.ge\/az\/product\/master-df-30-professional-fans\/","og_site_name":"GeoClimate.ge","article_modified_time":"2025-03-17T14:01:44+00:00","og_image":[{"width":1000,"height":1000,"url":"https:\/\/geoclimate.ge\/wp-content\/uploads\/2024\/01\/Master-DF-30.jpg","type":"image\/jpeg"}],"twitter_card":"summary_large_image","twitter_misc":{"Est. reading time":"5 minutes"},"schema":{"@context":"https:\/\/schema.org","@graph":[{"@type":"WebPage","@id":"https:\/\/geoclimate.ge\/az\/product\/master-df-30-professional-fans\/","url":"https:\/\/geoclimate.ge\/az\/product\/master-df-30-professional-fans\/","name":"Master DF 30 \u2013 pe\u015f\u0259kar ventilyator - GeoClimate.ge","isPartOf":{"@id":"https:\/\/geoclimate.ge\/#website"},"primaryImageOfPage":{"@id":"https:\/\/geoclimate.ge\/az\/product\/master-df-30-professional-fans\/#primaryimage"},"image":{"@id":"https:\/\/geoclimate.ge\/az\/product\/master-df-30-professional-fans\/#primaryimage"},"thumbnailUrl":"https:\/\/geoclimate.ge\/wp-content\/uploads\/2024\/01\/Master-DF-30.jpg","datePublished":"2024-01-25T18:52:18+00:00","dateModified":"2025-03-17T14:01:44+00:00","breadcrumb":{"@id":"https:\/\/geoclimate.ge\/az\/product\/master-df-30-professional-fans\/#breadcrumb"},"inLanguage":"az","potentialAction":[{"@type":"ReadAction","target":["https:\/\/geoclimate.ge\/az\/product\/master-df-30-professional-fans\/"]}]},{"@type":"ImageObject","inLanguage":"az","@id":"https:\/\/geoclimate.ge\/az\/product\/master-df-30-professional-fans\/#primaryimage","url":"https:\/\/geoclimate.ge\/wp-content\/uploads\/2024\/01\/Master-DF-30.jpg","contentUrl":"https:\/\/geoclimate.ge\/wp-content\/uploads\/2024\/01\/Master-DF-30.jpg","width":1000,"height":1000},{"@type":"BreadcrumbList","@id":"https:\/\/geoclimate.ge\/az\/product\/master-df-30-professional-fans\/#breadcrumb","itemListElement":[{"@type":"ListItem","position":1,"name":"Home","item":"https:\/\/geoclimate.ge\/az\/"},{"@type":"ListItem","position":2,"name":"M\u0259hsullar","item":"https:\/\/geoclimate.ge\/az\/products\/"},{"@type":"ListItem","position":3,"name":"Master DF 30 \u2013 pe\u015f\u0259kar ventilyator"}]},{"@type":"WebSite","@id":"https:\/\/geoclimate.ge\/#website","url":"https:\/\/geoclimate.ge\/","name":"GeoClimate","description":"","publisher":{"@id":"https:\/\/geoclimate.ge\/#organization"},"potentialAction":[{"@type":"SearchAction","target":{"@type":"EntryPoint","urlTemplate":"https:\/\/geoclimate.ge\/?s={search_term_string}"},"query-input":{"@type":"PropertyValueSpecification","valueRequired":true,"valueName":"search_term_string"}}],"inLanguage":"az"},{"@type":"Organization","@id":"https:\/\/geoclimate.ge\/#organization","name":"GeoClimate","url":"https:\/\/geoclimate.ge\/","logo":{"@type":"ImageObject","inLanguage":"az","@id":"https:\/\/geoclimate.ge\/#\/schema\/logo\/image\/","url":"https:\/\/geoclimate.ge\/wp-content\/uploads\/2026\/03\/geoclimate-SEO.png","contentUrl":"https:\/\/geoclimate.ge\/wp-content\/uploads\/2026\/03\/geoclimate-SEO.png","width":1536,"height":1024,"caption":"GeoClimate"},"image":{"@id":"https:\/\/geoclimate.ge\/#\/schema\/logo\/image\/"}}]}},"_links":{"self":[{"href":"https:\/\/geoclimate.ge\/az\/wp-json\/wp\/v2\/product\/25376","targetHints":{"allow":["GET"]}}],"collection":[{"href":"https:\/\/geoclimate.ge\/az\/wp-json\/wp\/v2\/product"}],"about":[{"href":"https:\/\/geoclimate.ge\/az\/wp-json\/wp\/v2\/types\/product"}],"wp:featuredmedia":[{"embeddable":true,"href":"https:\/\/geoclimate.ge\/az\/wp-json\/wp\/v2\/media\/20548"}],"wp:attachment":[{"href":"https:\/\/geoclimate.ge\/az\/wp-json\/wp\/v2\/media?parent=25376"}],"wp:term":[{"taxonomy":"product_brand","embeddable":true,"href":"https:\/\/geoclimate.ge\/az\/wp-json\/wp\/v2\/product_brand?post=25376"},{"taxonomy":"product_cat","embeddable":true,"href":"https:\/\/geoclimate.ge\/az\/wp-json\/wp\/v2\/product_cat?post=25376"},{"taxonomy":"product_tag","embeddable":true,"href":"https:\/\/geoclimate.ge\/az\/wp-json\/wp\/v2\/product_tag?post=25376"}],"curies":[{"name":"wp","href":"https:\/\/api.w.org\/{rel}","templated":true}]}}