{"id":25425,"date":"2024-01-25T22:37:03","date_gmt":"2024-01-25T18:37:03","guid":{"rendered":"https:\/\/airsystems.ge\/shop\/product\/compact-1500-ex\/"},"modified":"2025-03-17T19:17:07","modified_gmt":"2025-03-17T15:17:07","slug":"compact-1500-ex","status":"publish","type":"product","link":"https:\/\/geoclimate.ge\/az\/product\/compact-1500-ex\/","title":{"rendered":"COMPACT 1500 EX ventilyator"},"content":{"rendered":"<div class=\"wpb-content-wrapper\"><p>[vc_row][vc_column]\n\t\t<div id=\"wd-65a957de2ee55\" class=\"title-wrapper wd-wpb set-mb-s reset-last-child  wd-rs-65a957de2ee55 wd-title-color-default wd-title-style-default text-center  wd-underline-colored\">\n\t\t\t\n\t\t\t<div class=\"liner-continer\">\n\t\t\t\t<h4 class=\"woodmart-title-container title  wd-font-weight- wd-fontsize-l\" >Key features<\/h4>\n\t\t\t\t\t\t\t<\/div>\n\t\t\t\n\t\t\t\n\t\t\t\n\t\t<\/div>\n\t\t\n\t\t[\/vc_column][\/vc_row][vc_row][vc_column width=&#8221;1\/2&#8243;]\n\t\t<ul class=\" wd-rs-65b52931cd78c wd-list wd-wpb color-scheme- wd-fontsize-xs wd-list-type-icon wd-list-style-default wd-justify-left \" id=\"wd-65b52931cd78c\">\n\t\t\t\t\t\t\t\t\t\t\t<li>\n\t\t\t\t\t<span class=\"list-icon far fa-check-circle\"><\/span>\n\t\t\t\t\t<span class=\"list-content\">Axial ventilator explosion-proof with an air flow rate of 1,195 m\u00b3\/h<\/span>\n\t\t\t\t\t\t\t\t\t<\/li>\n\t\t\t\t\t\t\t\t\t\t\t<li>\n\t\t\t\t\t<span class=\"list-icon far fa-check-circle\"><\/span>\n\t\t\t\t\t<span class=\"list-content\">Robust housing made of high-quality plastic<\/span>\n\t\t\t\t\t\t\t\t\t<\/li>\n\t\t\t\t\t\t\t\t\t\t\t<li>\n\t\t\t\t\t<span class=\"list-icon far fa-check-circle\"><\/span>\n\t\t\t\t\t<span class=\"list-content\">Protection class IP 55 (effective against dust and water)<\/span>\n\t\t\t\t\t\t\t\t\t<\/li>\n\t\t\t\t\t<\/ul>\n\t\t[\/vc_column][vc_column width=&#8221;1\/2&#8243;]\n\t\t<ul class=\" wd-rs-65b5295d7fcb6 wd-list wd-wpb color-scheme- wd-fontsize-xs wd-list-type-icon wd-list-style-default wd-justify-left \" id=\"wd-65b5295d7fcb6\">\n\t\t\t\t\t\t\t\t\t\t\t<li>\n\t\t\t\t\t<span class=\"list-icon far fa-check-circle\"><\/span>\n\t\t\t\t\t<span class=\"list-content\">Low energy consumption<\/span>\n\t\t\t\t\t\t\t\t\t<\/li>\n\t\t\t\t\t\t\t\t\t\t\t<li>\n\t\t\t\t\t<span class=\"list-icon far fa-check-circle\"><\/span>\n\t\t\t\t\t<span class=\"list-content\">Easy transport ensured by practical handle<\/span>\n\t\t\t\t\t\t\t\t\t<\/li>\n\t\t\t\t\t<\/ul>\n\t\t[\/vc_column][\/vc_row][vc_row][vc_column]\n\t\t<div id=\"wd-65a97cfe5a139\" class=\"title-wrapper wd-wpb set-mb-s reset-last-child  wd-rs-65a97cfe5a139 wd-title-color-default wd-title-style-default text-center  wd-underline-colored\">\n\t\t\t\n\t\t\t<div class=\"liner-continer\">\n\t\t\t\t<h4 class=\"woodmart-title-container title  wd-font-weight- wd-fontsize-l\" >Product specifications<\/h4>\n\t\t\t\t\t\t\t<\/div>\n\t\t\t\n\t\t\t\n\t\t\t\n\t\t<\/div>\n\t\t\n\t\t[\/vc_column][\/vc_row][vc_row][vc_column][vc_raw_html]JTNDZGl2JTIwY2xhc3MlM0QlMjJ3ZC1lbC10YWJsZSUyMiUzRSUwQSUyMCUyMCUzQ2RpdiUyMGNsYXNzJTNEJTIyd2QtZWwtdGFibGUtd3JhcCUyMiUzRSUwQSUyMCUyMCUyMCUyMCUzQ3RhYmxlJTIwY2xhc3MlM0QlMjJ3ZC1lbC10YWJsZSUyMiUzRSUwQSUyMCUyMCUyMCUyMCUyMCUyMCUzQ3Rib2R5JTIwY2xhc3MlM0QlMjJ0ZXh0LWxlZnQlMjIlM0UlMEElMjAlMjAlMjAlMjAlMjAlMjAlMjAlMjAlM0N0ciUzRSUwQSUyMCUyMCUyMCUyMCUyMCUyMCUyMCUyMCUyMCUyMCUzQ3RkJTIwY29sc3BhbiUzRCUyMjElMjIlMjByb3dzcGFuJTNEJTIyMSUyMiUzRUFydGljbGUlMjBOby4lM0MlMkZ0ZCUzRSUwQSUyMCUyMCUyMCUyMCUyMCUyMCUyMCUyMCUyMCUyMCUzQ3RkJTIwY29sc3BhbiUzRCUyMjElMjIlMjByb3dzcGFuJTNEJTIyMSUyMiUzRTExMTA4MjclM0MlMkZ0ZCUzRSUwQSUyMCUyMCUyMCUyMCUyMCUyMCUyMCUyMCUzQyUyRnRyJTNFJTBBJTIwJTIwJTIwJTIwJTIwJTIwJTIwJTIwJTNDdHIlM0UlMEElMjAlMjAlMjAlMjAlMjAlMjAlMjAlMjAlMjAlMjAlM0N0ZCUyMGNvbHNwYW4lM0QlMjIxJTIyJTIwcm93c3BhbiUzRCUyMjElMjIlM0VBaXIlMjBmbG93JTIwcmF0ZSUyMG1heC4lMjhjdW0lMkZoJTI5JTIwb2YlMjBlYWNoJTIwc3RhZ2UlM0MlMkZ0ZCUzRSUwQSUyMCUyMCUyMCUyMCUyMCUyMCUyMCUyMCUyMCUyMCUzQ3RkJTIwY29sc3BhbiUzRCUyMjElMjIlMjByb3dzcGFuJTNEJTIyMSUyMiUzRTElMkMxOTUlM0MlMkZ0ZCUzRSUwQSUyMCUyMCUyMCUyMCUyMCUyMCUyMCUyMCUzQyUyRnRyJTNFJTBBJTIwJTIwJTIwJTIwJTIwJTIwJTIwJTIwJTNDdHIlM0UlMEElMjAlMjAlMjAlMjAlMjAlMjAlMjAlMjAlMjAlMjAlM0N0ZCUyMGNvbHNwYW4lM0QlMjIxJTIyJTIwcm93c3BhbiUzRCUyMjElMjIlM0VDb21wcmVzc2lvbiUyMCUyOFBhJTI5JTNDJTJGdGQlM0UlMEElMjAlMjAlMjAlMjAlMjAlMjAlMjAlMjAlMjAlMjAlM0N0ZCUyMGNvbHNwYW4lM0QlMjIxJTIyJTIwcm93c3BhbiUzRCUyMjElMjIlM0UxOTUlM0MlMkZ0ZCUzRSUwQSUyMCUyMCUyMCUyMCUyMCUyMCUyMCUyMCUzQyUyRnRyJTNFJTBBJTIwJTIwJTIwJTIwJTIwJTIwJTIwJTIwJTNDdHIlM0UlMEElMjAlMjAlMjAlMjAlMjAlMjAlMjAlMjAlMjAlMjAlM0N0ZCUyMGNvbHNwYW4lM0QlMjIxJTIyJTIwcm93c3BhbiUzRCUyMjElMjIlM0VFbGVjdHJpYyUyMENvbm5lY3Rpb24lMjAlMjhWJTJGeiUyOSUzQyUyRnRkJTNFJTBBJTIwJTIwJTIwJTIwJTIwJTIwJTIwJTIwJTIwJTIwJTNDdGQlMjBjb2xzcGFuJTNEJTIyMSUyMiUyMHJvd3NwYW4lM0QlMjIxJTIyJTNFMjMwJTIwJTJGJTIwNTAlM0MlMkZ0ZCUzRSUwQSUyMCUyMCUyMCUyMCUyMCUyMCUyMCUyMCUzQyUyRnRyJTNFJTBBJTIwJTIwJTIwJTIwJTIwJTIwJTIwJTIwJTNDdHIlM0UlMEElMjAlMjAlMjAlMjAlMjAlMjAlMjAlMjAlMjAlMjAlM0N0ZCUyMGNvbHNwYW4lM0QlMjIxJTIyJTIwcm93c3BhbiUzRCUyMjElMjIlM0VQb3dlciUyMGNvbnN1bXB0aW9uJTIwbWF4LiUyOGtXJTI5JTNDJTJGdGQlM0UlMEElMjAlMjAlMjAlMjAlMjAlMjAlMjAlMjAlMjAlMjAlM0N0ZCUyMGNvbHNwYW4lM0QlMjIxJTIyJTIwcm93c3BhbiUzRCUyMjElMjIlM0UwLjI1JTNDJTJGdGQlM0UlMEElMjAlMjAlMjAlMjAlMjAlMjAlMjAlMjAlM0MlMkZ0ciUzRSUwQSUyMCUyMCUyMCUyMCUyMCUyMCUyMCUyMCUzQ3RyJTNFJTBBJTIwJTIwJTIwJTIwJTIwJTIwJTIwJTIwJTIwJTIwJTNDdGQlMjBjb2xzcGFuJTNEJTIyMSUyMiUyMHJvd3NwYW4lM0QlMjIxJTIyJTNFQ3VycmVudCUyMGNvbnN1bXB0aW9uJTIwJTI4QSUyOSUzQyUyRnRkJTNFJTBBJTIwJTIwJTIwJTIwJTIwJTIwJTIwJTIwJTIwJTIwJTNDdGQlMjBjb2xzcGFuJTNEJTIyMSUyMiUyMHJvd3NwYW4lM0QlMjIxJTIyJTNFMS4yJTNDJTJGdGQlM0UlMEElMjAlMjAlMjAlMjAlMjAlMjAlMjAlMjAlM0MlMkZ0ciUzRSUwQSUyMCUyMCUyMCUyMCUyMCUyMCUyMCUyMCUzQ3RyJTNFJTBBJTIwJTIwJTIwJTIwJTIwJTIwJTIwJTIwJTIwJTIwJTNDdGQlMjBjb2xzcGFuJTNEJTIyMSUyMiUyMHJvd3NwYW4lM0QlMjIxJTIyJTNFTGVuZ3RoJTIwJTJGJTIwV2lkdGglMjAlMkYlMjBIZWlnaHQlMjAlMjhtbSUyOSUzQyUyRnRkJTNFJTBBJTIwJTIwJTIwJTIwJTIwJTIwJTIwJTIwJTIwJTIwJTNDdGQlMjBjb2xzcGFuJTNEJTIyMSUyMiUyMHJvd3NwYW4lM0QlMjIxJTIyJTNFMzMwJTIwJTJGJTIwMzA1JTIwJTJGJTIwMzU1JTNDJTJGdGQlM0UlMEElMjAlMjAlMjAlMjAlMjAlMjAlMjAlMjAlM0MlMkZ0ciUzRSUwQSUyMCUyMCUyMCUyMCUyMCUyMCUyMCUyMCUzQ3RyJTNFJTBBJTIwJTIwJTIwJTIwJTIwJTIwJTIwJTIwJTIwJTIwJTNDdGQlMjBjb2xzcGFuJTNEJTIyMSUyMiUyMHJvd3NwYW4lM0QlMjIxJTIyJTNFV2VpZ2h0JTIwJTI4a2clMjklM0MlMkZ0ZCUzRSUwQSUyMCUyMCUyMCUyMCUyMCUyMCUyMCUyMCUyMCUyMCUzQ3RkJTIwY29sc3BhbiUzRCUyMjElMjIlMjByb3dzcGFuJTNEJTIyMSUyMiUzRTguMiUzQyUyRnRkJTNFJTBBJTIwJTIwJTIwJTIwJTIwJTIwJTIwJTIwJTNDJTJGdHIlM0UlMEElMjAlMjAlMjAlMjAlMjAlMjAlMjAlMjAlM0N0ciUzRSUwQSUyMCUyMCUyMCUyMCUyMCUyMCUyMCUyMCUyMCUyMCUzQ3RkJTIwY29sc3BhbiUzRCUyMjElMjIlMjByb3dzcGFuJTNEJTIyMSUyMiUzRVZvbHVtZSUyMCUyOGRCJTI4QSUyOSUyOSUzQyUyRnRkJTNFJTBBJTIwJTIwJTIwJTIwJTIwJTIwJTIwJTIwJTIwJTIwJTNDdGQlMjBjb2xzcGFuJTNEJTIyMSUyMiUyMHJvd3NwYW4lM0QlMjIxJTIyJTNFNzQlM0MlMkZ0ZCUzRSUwQSUyMCUyMCUyMCUyMCUyMCUyMCUyMCUyMCUzQyUyRnRyJTNFJTBBJTIwJTIwJTIwJTIwJTIwJTIwJTIwJTIwJTNDdHIlM0UlMEElMjAlMjAlMjAlMjAlMjAlMjAlMjAlMjAlMjAlMjAlM0N0ZCUyMGNvbHNwYW4lM0QlMjIxJTIyJTIwcm93c3BhbiUzRCUyMjElMjIlM0VQcm90ZWN0aW9uJTIwY2xhc3MlMjAlMjhJUCUyOSUzQyUyRnRkJTNFJTBBJTIwJTIwJTIwJTIwJTIwJTIwJTIwJTIwJTIwJTIwJTNDdGQlMjBjb2xzcGFuJTNEJTIyMSUyMiUyMHJvd3NwYW4lM0QlMjIxJTIyJTNFNTUlM0MlMkZ0ZCUzRSUwQSUyMCUyMCUyMCUyMCUyMCUyMCUyMCUyMCUzQyUyRnRyJTNFJTBBJTIwJTIwJTIwJTIwJTIwJTIwJTIwJTIwJTNDdHIlM0UlMEElMjAlMjAlMjAlMjAlMjAlMjAlMjAlMjAlMjAlMjAlM0N0ZCUyMGNvbHNwYW4lM0QlMjIxJTIyJTIwcm93c3BhbiUzRCUyMjElMjIlM0VIb3NlJTIwJTI4ZGlhbS4lMjBpbiUyMG1tJTI5JTNDJTJGdGQlM0UlMEElMjAlMjAlMjAlMjAlMjAlMjAlMjAlMjAlMjAlMjAlM0N0ZCUyMGNvbHNwYW4lM0QlMjIxJTIyJTIwcm93c3BhbiUzRCUyMjElMjIlM0UyMDUlM0MlMkZ0ZCUzRSUwQSUyMCUyMCUyMCUyMCUyMCUyMCUyMCUyMCUzQyUyRnRyJTNFJTBBJTIwJTIwJTIwJTIwJTIwJTIwJTIwJTIwJTNDdHIlM0UlMEElMjAlMjAlMjAlMjAlMjAlMjAlMjAlMjAlMjAlMjAlM0N0ZCUyMGNvbHNwYW4lM0QlMjIxJTIyJTIwcm93c3BhbiUzRCUyMjElMjIlM0VIb3NlJTIwbGVuZ3RoJTIwbWF4LiUyMCUyOG0lMjklM0MlMkZ0ZCUzRSUwQSUyMCUyMCUyMCUyMCUyMCUyMCUyMCUyMCUyMCUyMCUzQ3RkJTIwY29sc3BhbiUzRCUyMjElMjIlMjByb3dzcGFuJTNEJTIyMSUyMiUzRTE1JTNDJTJGdGQlM0UlMEElMjAlMjAlMjAlMjAlMjAlMjAlMjAlMjAlM0MlMkZ0ciUzRSUwQSUyMCUyMCUyMCUyMCUyMCUyMCUzQyUyRnRib2R5JTNFJTBBJTIwJTIwJTIwJTIwJTNDJTJGdGFibGUlM0UlMEElMjAlMjAlM0MlMkZkaXYlM0UlMEElM0MlMkZkaXYlM0UlMEE=[\/vc_raw_html][\/vc_column][\/vc_row][vc_row][vc_column]\n\t\t<div id=\"wd-65a9893650cd2\" class=\"title-wrapper wd-wpb set-mb-s reset-last-child  wd-rs-65a9893650cd2 wd-title-color-default wd-title-style-default text-center  wd-underline-colored\">\n\t\t\t\n\t\t\t<div class=\"liner-continer\">\n\t\t\t\t<h4 class=\"woodmart-title-container title  wd-font-weight- wd-fontsize-l\" >Suitable for<\/h4>\n\t\t\t\t\t\t\t<\/div>\n\t\t\t\n\t\t\t\n\t\t\t\n\t\t<\/div>\n\t\t\n\t\t[\/vc_column][\/vc_row][vc_row][vc_column width=&#8221;1\/2&#8243;]\t\t<div id=\"wd-65b527cce4fdd\" class=\"wd-text-block wd-wpb reset-last-child wd-rs-65b527cce4fdd text-left \">\n\t\t\t<ul>\n<li style=\"text-align: left;\">\u00a0Tank systems<\/li>\n<li style=\"text-align: left;\">Petrol station<\/li>\n<li style=\"text-align: left;\">Wells<\/li>\n<li style=\"text-align: left;\">Renovations<\/li>\n<\/ul>\n\t\t<\/div>\n\t\t[\/vc_column][vc_column width=&#8221;1\/2&#8243;]\t\t<div id=\"wd-65b527d66b98b\" class=\"wd-text-block wd-wpb reset-last-child wd-rs-65b527d66b98b text-left \">\n\t\t\t<ul>\n<li>\u00a0Contaminated Areas<\/li>\n<li>Chemical Industry<\/li>\n<li>Firefighter operations<\/li>\n<\/ul>\n\t\t<\/div>\n\t\t[\/vc_column][\/vc_row]<\/p>\n<\/div>","protected":false},"excerpt":{"rendered":"<div class=\"mt-1 md:mt-2 text-xl\">\n<p>Potensial partlay\u0131c\u0131 m\u00fchitl\u0259rd\u0259 n\u0259qliyyat ventilyatoru Compact 1500 EX d\u00fczg\u00fcn se\u00e7imdir.<\/p>\n<p>T\u0259hl\u00fck\u0259li qazlar\u0131 t\u0259hl\u00fck\u0259siz v\u0259 tez \u00e7\u0131xar\u0131rlar. M\u00f6hk\u0259m ABS karbon plastikd\u0259n haz\u0131rlanm\u0131\u015f korpus g\u0259rginliyi d\u00f6\u015f\u0259m\u0259y\u0259 ke\u00e7ir v\u0259 bel\u0259likl\u0259, statik y\u00fckl\u0259rin v\u0259 bu s\u0259b\u0259bd\u0259n t\u0259hl\u00fck\u0259li q\u0131\u011f\u0131lc\u0131mlar\u0131n qar\u015f\u0131s\u0131n\u0131 al\u0131r. Korpus v\u0259 motorun m\u00f6h\u00fcrl\u0259nm\u0259si IP55 y\u00fcks\u0259k m\u00fchafiz\u0259 sinfin\u0259 uy\u011fundur v\u0259 toz v\u0259 suya qar\u015f\u0131 effektiv qorunma t\u0259klif edir. Antistatik \u015flanqlar t\u0259hl\u00fck\u0259siz i\u015fl\u0259m\u0259yi t\u0259min edir.<\/p>\n<p>Compact 1500 EX \u00fc\u00e7\u00fcn antistatik \u015flanql\u0131 praktiki \u015flanq qutusu m\u00f6vcuddur.<\/p>\n<p>Partlay\u0131\u015fdan qorunan \u0259razil\u0259rd\u0259 x\u00fcsusi x\u00fcsusiyy\u0259tl\u0259r: Qura\u015fd\u0131rma \u015f\u0259raiti v\u0259 m\u00fcxt\u0259lif t\u0259hl\u00fck\u0259li \u0259razil\u0259r m\u00fc\u015fahid\u0259 edilm\u0259lidir. Cihaz\u0131 yaln\u0131z partlay\u0131\u015fa davaml\u0131 elektrik rozetkas\u0131na qo\u015fun. Z\u0259ruri hallarda antistatik torpaq \u015flanqlar\u0131.<\/p>\n<p>ATEX: motor\/korpus: II 2G EEx de IIB T6 \/ II 2 G EEx d IIB<\/p>\n<\/div>\n","protected":false},"featured_media":20612,"template":"","meta":[],"product_brand":[],"product_cat":[809,1158,967],"product_tag":[],"class_list":{"0":"post-25425","1":"product","2":"type-product","3":"status-publish","4":"has-post-thumbnail","6":"product_cat-hava-nmlndiricisi-kondisioner-az-ventilyasiya-ventilyator","7":"product_cat-partlayisa-davamli-eksenel-ventilyator-az","8":"product_cat-ventilyasiya-az-ventilyator-havalandirma-eksenel-radial","10":"first","11":"instock","12":"shipping-taxable","13":"purchasable","14":"product-type-simple"},"yoast_head":"<!-- This site is optimized with the Yoast SEO plugin v27.1.1 - https:\/\/yoast.com\/product\/yoast-seo-wordpress\/ -->\n<title>COMPACT 1500 EX ventilyator - GeoClimate.ge<\/title>\n<meta name=\"robots\" content=\"index, follow, max-snippet:-1, max-image-preview:large, max-video-preview:-1\" \/>\n<link rel=\"canonical\" href=\"https:\/\/geoclimate.ge\/az\/product\/compact-1500-ex\/\" \/>\n<meta property=\"og:locale\" content=\"az_AZ\" \/>\n<meta property=\"og:type\" content=\"article\" \/>\n<meta property=\"og:title\" content=\"COMPACT 1500 EX ventilyator - GeoClimate.ge\" \/>\n<meta property=\"og:description\" content=\"Potensial partlay\u0131c\u0131 m\u00fchitl\u0259rd\u0259 n\u0259qliyyat ventilyatoru Compact 1500 EX d\u00fczg\u00fcn se\u00e7imdir.  T\u0259hl\u00fck\u0259li qazlar\u0131 t\u0259hl\u00fck\u0259siz v\u0259 tez \u00e7\u0131xar\u0131rlar. M\u00f6hk\u0259m ABS karbon plastikd\u0259n haz\u0131rlanm\u0131\u015f korpus g\u0259rginliyi d\u00f6\u015f\u0259m\u0259y\u0259 ke\u00e7ir v\u0259 bel\u0259likl\u0259, statik y\u00fckl\u0259rin v\u0259 bu s\u0259b\u0259bd\u0259n t\u0259hl\u00fck\u0259li q\u0131\u011f\u0131lc\u0131mlar\u0131n qar\u015f\u0131s\u0131n\u0131 al\u0131r. Korpus v\u0259 motorun m\u00f6h\u00fcrl\u0259nm\u0259si IP55 y\u00fcks\u0259k m\u00fchafiz\u0259 sinfin\u0259 uy\u011fundur v\u0259 toz v\u0259 suya qar\u015f\u0131 effektiv qorunma t\u0259klif edir. Antistatik \u015flanqlar t\u0259hl\u00fck\u0259siz i\u015fl\u0259m\u0259yi t\u0259min edir.  Compact 1500 EX \u00fc\u00e7\u00fcn antistatik \u015flanql\u0131 praktiki \u015flanq qutusu m\u00f6vcuddur.  Partlay\u0131\u015fdan qorunan \u0259razil\u0259rd\u0259 x\u00fcsusi x\u00fcsusiyy\u0259tl\u0259r: Qura\u015fd\u0131rma \u015f\u0259raiti v\u0259 m\u00fcxt\u0259lif t\u0259hl\u00fck\u0259li \u0259razil\u0259r m\u00fc\u015fahid\u0259 edilm\u0259lidir. Cihaz\u0131 yaln\u0131z partlay\u0131\u015fa davaml\u0131 elektrik rozetkas\u0131na qo\u015fun. Z\u0259ruri hallarda antistatik torpaq \u015flanqlar\u0131.  ATEX: motor\/korpus: II 2G EEx de IIB T6 \/ II 2 G EEx d IIB\" \/>\n<meta property=\"og:url\" content=\"https:\/\/geoclimate.ge\/az\/product\/compact-1500-ex\/\" \/>\n<meta property=\"og:site_name\" content=\"GeoClimate.ge\" \/>\n<meta property=\"article:modified_time\" content=\"2025-03-17T15:17:07+00:00\" \/>\n<meta property=\"og:image\" content=\"https:\/\/geoclimate.ge\/wp-content\/uploads\/2024\/01\/11-3.jpg\" \/>\n\t<meta property=\"og:image:width\" content=\"700\" \/>\n\t<meta property=\"og:image:height\" content=\"395\" \/>\n\t<meta property=\"og:image:type\" content=\"image\/jpeg\" \/>\n<meta name=\"twitter:card\" content=\"summary_large_image\" \/>\n<meta name=\"twitter:label1\" content=\"Est. reading time\" \/>\n\t<meta name=\"twitter:data1\" content=\"4 minutes\" \/>\n<script type=\"application\/ld+json\" class=\"yoast-schema-graph\">{\"@context\":\"https:\/\/schema.org\",\"@graph\":[{\"@type\":\"WebPage\",\"@id\":\"https:\/\/geoclimate.ge\/az\/product\/compact-1500-ex\/\",\"url\":\"https:\/\/geoclimate.ge\/az\/product\/compact-1500-ex\/\",\"name\":\"COMPACT 1500 EX ventilyator - GeoClimate.ge\",\"isPartOf\":{\"@id\":\"https:\/\/geoclimate.ge\/#website\"},\"primaryImageOfPage\":{\"@id\":\"https:\/\/geoclimate.ge\/az\/product\/compact-1500-ex\/#primaryimage\"},\"image\":{\"@id\":\"https:\/\/geoclimate.ge\/az\/product\/compact-1500-ex\/#primaryimage\"},\"thumbnailUrl\":\"https:\/\/geoclimate.ge\/wp-content\/uploads\/2024\/01\/11-3.jpg\",\"datePublished\":\"2024-01-25T18:37:03+00:00\",\"dateModified\":\"2025-03-17T15:17:07+00:00\",\"breadcrumb\":{\"@id\":\"https:\/\/geoclimate.ge\/az\/product\/compact-1500-ex\/#breadcrumb\"},\"inLanguage\":\"az\",\"potentialAction\":[{\"@type\":\"ReadAction\",\"target\":[\"https:\/\/geoclimate.ge\/az\/product\/compact-1500-ex\/\"]}]},{\"@type\":\"ImageObject\",\"inLanguage\":\"az\",\"@id\":\"https:\/\/geoclimate.ge\/az\/product\/compact-1500-ex\/#primaryimage\",\"url\":\"https:\/\/geoclimate.ge\/wp-content\/uploads\/2024\/01\/11-3.jpg\",\"contentUrl\":\"https:\/\/geoclimate.ge\/wp-content\/uploads\/2024\/01\/11-3.jpg\",\"width\":700,\"height\":395},{\"@type\":\"BreadcrumbList\",\"@id\":\"https:\/\/geoclimate.ge\/az\/product\/compact-1500-ex\/#breadcrumb\",\"itemListElement\":[{\"@type\":\"ListItem\",\"position\":1,\"name\":\"Home\",\"item\":\"https:\/\/geoclimate.ge\/az\/\"},{\"@type\":\"ListItem\",\"position\":2,\"name\":\"M\u0259hsullar\",\"item\":\"https:\/\/geoclimate.ge\/az\/products\/\"},{\"@type\":\"ListItem\",\"position\":3,\"name\":\"COMPACT 1500 EX ventilyator\"}]},{\"@type\":\"WebSite\",\"@id\":\"https:\/\/geoclimate.ge\/#website\",\"url\":\"https:\/\/geoclimate.ge\/\",\"name\":\"GeoClimate\",\"description\":\"\",\"publisher\":{\"@id\":\"https:\/\/geoclimate.ge\/#organization\"},\"potentialAction\":[{\"@type\":\"SearchAction\",\"target\":{\"@type\":\"EntryPoint\",\"urlTemplate\":\"https:\/\/geoclimate.ge\/?s={search_term_string}\"},\"query-input\":{\"@type\":\"PropertyValueSpecification\",\"valueRequired\":true,\"valueName\":\"search_term_string\"}}],\"inLanguage\":\"az\"},{\"@type\":\"Organization\",\"@id\":\"https:\/\/geoclimate.ge\/#organization\",\"name\":\"GeoClimate\",\"url\":\"https:\/\/geoclimate.ge\/\",\"logo\":{\"@type\":\"ImageObject\",\"inLanguage\":\"az\",\"@id\":\"https:\/\/geoclimate.ge\/#\/schema\/logo\/image\/\",\"url\":\"https:\/\/geoclimate.ge\/wp-content\/uploads\/2026\/03\/geoclimate-SEO.png\",\"contentUrl\":\"https:\/\/geoclimate.ge\/wp-content\/uploads\/2026\/03\/geoclimate-SEO.png\",\"width\":1536,\"height\":1024,\"caption\":\"GeoClimate\"},\"image\":{\"@id\":\"https:\/\/geoclimate.ge\/#\/schema\/logo\/image\/\"}}]}<\/script>\n<!-- \/ Yoast SEO plugin. -->","yoast_head_json":{"title":"COMPACT 1500 EX ventilyator - GeoClimate.ge","robots":{"index":"index","follow":"follow","max-snippet":"max-snippet:-1","max-image-preview":"max-image-preview:large","max-video-preview":"max-video-preview:-1"},"canonical":"https:\/\/geoclimate.ge\/az\/product\/compact-1500-ex\/","og_locale":"az_AZ","og_type":"article","og_title":"COMPACT 1500 EX ventilyator - GeoClimate.ge","og_description":"Potensial partlay\u0131c\u0131 m\u00fchitl\u0259rd\u0259 n\u0259qliyyat ventilyatoru Compact 1500 EX d\u00fczg\u00fcn se\u00e7imdir.  T\u0259hl\u00fck\u0259li qazlar\u0131 t\u0259hl\u00fck\u0259siz v\u0259 tez \u00e7\u0131xar\u0131rlar. M\u00f6hk\u0259m ABS karbon plastikd\u0259n haz\u0131rlanm\u0131\u015f korpus g\u0259rginliyi d\u00f6\u015f\u0259m\u0259y\u0259 ke\u00e7ir v\u0259 bel\u0259likl\u0259, statik y\u00fckl\u0259rin v\u0259 bu s\u0259b\u0259bd\u0259n t\u0259hl\u00fck\u0259li q\u0131\u011f\u0131lc\u0131mlar\u0131n qar\u015f\u0131s\u0131n\u0131 al\u0131r. Korpus v\u0259 motorun m\u00f6h\u00fcrl\u0259nm\u0259si IP55 y\u00fcks\u0259k m\u00fchafiz\u0259 sinfin\u0259 uy\u011fundur v\u0259 toz v\u0259 suya qar\u015f\u0131 effektiv qorunma t\u0259klif edir. Antistatik \u015flanqlar t\u0259hl\u00fck\u0259siz i\u015fl\u0259m\u0259yi t\u0259min edir.  Compact 1500 EX \u00fc\u00e7\u00fcn antistatik \u015flanql\u0131 praktiki \u015flanq qutusu m\u00f6vcuddur.  Partlay\u0131\u015fdan qorunan \u0259razil\u0259rd\u0259 x\u00fcsusi x\u00fcsusiyy\u0259tl\u0259r: Qura\u015fd\u0131rma \u015f\u0259raiti v\u0259 m\u00fcxt\u0259lif t\u0259hl\u00fck\u0259li \u0259razil\u0259r m\u00fc\u015fahid\u0259 edilm\u0259lidir. Cihaz\u0131 yaln\u0131z partlay\u0131\u015fa davaml\u0131 elektrik rozetkas\u0131na qo\u015fun. Z\u0259ruri hallarda antistatik torpaq \u015flanqlar\u0131.  ATEX: motor\/korpus: II 2G EEx de IIB T6 \/ II 2 G EEx d IIB","og_url":"https:\/\/geoclimate.ge\/az\/product\/compact-1500-ex\/","og_site_name":"GeoClimate.ge","article_modified_time":"2025-03-17T15:17:07+00:00","og_image":[{"width":700,"height":395,"url":"https:\/\/geoclimate.ge\/wp-content\/uploads\/2024\/01\/11-3.jpg","type":"image\/jpeg"}],"twitter_card":"summary_large_image","twitter_misc":{"Est. reading time":"4 minutes"},"schema":{"@context":"https:\/\/schema.org","@graph":[{"@type":"WebPage","@id":"https:\/\/geoclimate.ge\/az\/product\/compact-1500-ex\/","url":"https:\/\/geoclimate.ge\/az\/product\/compact-1500-ex\/","name":"COMPACT 1500 EX ventilyator - GeoClimate.ge","isPartOf":{"@id":"https:\/\/geoclimate.ge\/#website"},"primaryImageOfPage":{"@id":"https:\/\/geoclimate.ge\/az\/product\/compact-1500-ex\/#primaryimage"},"image":{"@id":"https:\/\/geoclimate.ge\/az\/product\/compact-1500-ex\/#primaryimage"},"thumbnailUrl":"https:\/\/geoclimate.ge\/wp-content\/uploads\/2024\/01\/11-3.jpg","datePublished":"2024-01-25T18:37:03+00:00","dateModified":"2025-03-17T15:17:07+00:00","breadcrumb":{"@id":"https:\/\/geoclimate.ge\/az\/product\/compact-1500-ex\/#breadcrumb"},"inLanguage":"az","potentialAction":[{"@type":"ReadAction","target":["https:\/\/geoclimate.ge\/az\/product\/compact-1500-ex\/"]}]},{"@type":"ImageObject","inLanguage":"az","@id":"https:\/\/geoclimate.ge\/az\/product\/compact-1500-ex\/#primaryimage","url":"https:\/\/geoclimate.ge\/wp-content\/uploads\/2024\/01\/11-3.jpg","contentUrl":"https:\/\/geoclimate.ge\/wp-content\/uploads\/2024\/01\/11-3.jpg","width":700,"height":395},{"@type":"BreadcrumbList","@id":"https:\/\/geoclimate.ge\/az\/product\/compact-1500-ex\/#breadcrumb","itemListElement":[{"@type":"ListItem","position":1,"name":"Home","item":"https:\/\/geoclimate.ge\/az\/"},{"@type":"ListItem","position":2,"name":"M\u0259hsullar","item":"https:\/\/geoclimate.ge\/az\/products\/"},{"@type":"ListItem","position":3,"name":"COMPACT 1500 EX ventilyator"}]},{"@type":"WebSite","@id":"https:\/\/geoclimate.ge\/#website","url":"https:\/\/geoclimate.ge\/","name":"GeoClimate","description":"","publisher":{"@id":"https:\/\/geoclimate.ge\/#organization"},"potentialAction":[{"@type":"SearchAction","target":{"@type":"EntryPoint","urlTemplate":"https:\/\/geoclimate.ge\/?s={search_term_string}"},"query-input":{"@type":"PropertyValueSpecification","valueRequired":true,"valueName":"search_term_string"}}],"inLanguage":"az"},{"@type":"Organization","@id":"https:\/\/geoclimate.ge\/#organization","name":"GeoClimate","url":"https:\/\/geoclimate.ge\/","logo":{"@type":"ImageObject","inLanguage":"az","@id":"https:\/\/geoclimate.ge\/#\/schema\/logo\/image\/","url":"https:\/\/geoclimate.ge\/wp-content\/uploads\/2026\/03\/geoclimate-SEO.png","contentUrl":"https:\/\/geoclimate.ge\/wp-content\/uploads\/2026\/03\/geoclimate-SEO.png","width":1536,"height":1024,"caption":"GeoClimate"},"image":{"@id":"https:\/\/geoclimate.ge\/#\/schema\/logo\/image\/"}}]}},"_links":{"self":[{"href":"https:\/\/geoclimate.ge\/az\/wp-json\/wp\/v2\/product\/25425","targetHints":{"allow":["GET"]}}],"collection":[{"href":"https:\/\/geoclimate.ge\/az\/wp-json\/wp\/v2\/product"}],"about":[{"href":"https:\/\/geoclimate.ge\/az\/wp-json\/wp\/v2\/types\/product"}],"wp:featuredmedia":[{"embeddable":true,"href":"https:\/\/geoclimate.ge\/az\/wp-json\/wp\/v2\/media\/20612"}],"wp:attachment":[{"href":"https:\/\/geoclimate.ge\/az\/wp-json\/wp\/v2\/media?parent=25425"}],"wp:term":[{"taxonomy":"product_brand","embeddable":true,"href":"https:\/\/geoclimate.ge\/az\/wp-json\/wp\/v2\/product_brand?post=25425"},{"taxonomy":"product_cat","embeddable":true,"href":"https:\/\/geoclimate.ge\/az\/wp-json\/wp\/v2\/product_cat?post=25425"},{"taxonomy":"product_tag","embeddable":true,"href":"https:\/\/geoclimate.ge\/az\/wp-json\/wp\/v2\/product_tag?post=25425"}],"curies":[{"name":"wp","href":"https:\/\/api.w.org\/{rel}","templated":true}]}}