{"id":25669,"date":"2025-03-20T12:28:04","date_gmt":"2025-03-20T08:28:04","guid":{"rendered":"https:\/\/airsystems.ge\/shop\/product\/remote-control-system\/"},"modified":"2025-03-27T12:33:28","modified_gmt":"2025-03-27T08:33:28","slug":"remote-control-system","status":"publish","type":"product","link":"https:\/\/geoclimate.ge\/az\/product\/remote-control-system\/","title":{"rendered":"Uzaqdan \u0130DAR\u018f S\u0130STEM\u0130"},"content":{"rendered":"<p>BU PUL AMA\u00c7INDA N\u018f DEM\u018fKD\u0130R?<br \/>\nVentilyasiya Sistemini i\u015f\u0259 salmaq \u00fc\u00e7\u00fcn enerji x\u0259rcl\u0259ri ad\u0259t\u0259n b\u00fct\u00fcn Ventilyasiya Sisteminin investisiya d\u0259y\u0259rini \u00fcst\u0259l\u0259yir. N\u0259zar\u0259t sistemini \u0259lav\u0259 etm\u0259kl\u0259 siz saytda b\u00fct\u00fcn Ventilyasiya Sisteminin d\u0259y\u0259rini v\u0259 enerji istehlak\u0131n\u0131 n\u0259z\u0259rd\u0259n ke\u00e7ir\u0259 v\u0259 idar\u0259 ed\u0259 bil\u0259rsiniz.<\/p>\n","protected":false},"excerpt":{"rendered":"<p>M\u0259saf\u0259d\u0259n \u0130DAR\u018f S\u0130STEM\u0130 HAQQINDA<br \/>\nUzaqdan \u0130dar\u0259etm\u0259 Sistemi mobil proqramlardan tunel qazma sah\u0259l\u0259rind\u0259 ventilyatorlar\u0131 v\u0259 amortizatorlar\u0131 idar\u0259 etm\u0259y\u0259 imkan verir. Azarke\u015fl\u0259r v\u0259 amortizatorlar \u00fc\u00e7\u00fcn n\u0259zar\u0259t\u00e7il\u0259r mobil \u015f\u0259b\u0259k\u0259 \u00fcz\u0259rind\u0259n \u0259laq\u0259 saxlay\u0131r.<\/p>\n<p>Azarke\u015fl\u0259r\u0259 n\u0259zar\u0259t v\u0259 monitorinql\u0259 yana\u015f\u0131, bu proqram h\u0259m d\u0259 fanatlar\u0131n i\u015fl\u0259diyi real vaxt enerji y\u00fck\u00fcn\u00fc al\u0131r v\u0259 tunel qazma sah\u0259sind\u0259ki b\u00fct\u00fcn azarke\u015fl\u0259r \u00fc\u00e7\u00fcn enerji x\u0259rcl\u0259rinin h\u0259m m\u00fch\u00fcm, h\u0259m d\u0259 x\u00fclas\u0259si haqq\u0131nda m\u0259lumat ver\u0259 bil\u0259r.<\/p>\n","protected":false},"featured_media":25664,"template":"","meta":[],"product_brand":[],"product_cat":[1121,1079],"product_tag":[],"class_list":{"0":"post-25669","1":"product","2":"type-product","3":"status-publish","4":"has-post-thumbnail","6":"product_cat-uzaqdan-idaretm-sistemi-tunel","7":"product_cat-underground-ventilation-tunnel-mining-ventilation-az","9":"first","10":"instock","11":"shipping-taxable","12":"product-type-simple"},"yoast_head":"<!-- This site is optimized with the Yoast SEO plugin v27.1.1 - https:\/\/yoast.com\/product\/yoast-seo-wordpress\/ -->\n<title>Uzaqdan \u0130DAR\u018f S\u0130STEM\u0130 - GeoClimate.ge<\/title>\n<meta name=\"robots\" content=\"index, follow, max-snippet:-1, max-image-preview:large, max-video-preview:-1\" \/>\n<link rel=\"canonical\" href=\"https:\/\/geoclimate.ge\/az\/product\/remote-control-system\/\" \/>\n<meta property=\"og:locale\" content=\"az_AZ\" \/>\n<meta property=\"og:type\" content=\"article\" \/>\n<meta property=\"og:title\" content=\"Uzaqdan \u0130DAR\u018f S\u0130STEM\u0130 - GeoClimate.ge\" \/>\n<meta property=\"og:description\" content=\"M\u0259saf\u0259d\u0259n \u0130DAR\u018f S\u0130STEM\u0130 HAQQINDA Uzaqdan \u0130dar\u0259etm\u0259 Sistemi mobil proqramlardan tunel qazma sah\u0259l\u0259rind\u0259 ventilyatorlar\u0131 v\u0259 amortizatorlar\u0131 idar\u0259 etm\u0259y\u0259 imkan verir. Azarke\u015fl\u0259r v\u0259 amortizatorlar \u00fc\u00e7\u00fcn n\u0259zar\u0259t\u00e7il\u0259r mobil \u015f\u0259b\u0259k\u0259 \u00fcz\u0259rind\u0259n \u0259laq\u0259 saxlay\u0131r.  Azarke\u015fl\u0259r\u0259 n\u0259zar\u0259t v\u0259 monitorinql\u0259 yana\u015f\u0131, bu proqram h\u0259m d\u0259 fanatlar\u0131n i\u015fl\u0259diyi real vaxt enerji y\u00fck\u00fcn\u00fc al\u0131r v\u0259 tunel qazma sah\u0259sind\u0259ki b\u00fct\u00fcn azarke\u015fl\u0259r \u00fc\u00e7\u00fcn enerji x\u0259rcl\u0259rinin h\u0259m m\u00fch\u00fcm, h\u0259m d\u0259 x\u00fclas\u0259si haqq\u0131nda m\u0259lumat ver\u0259 bil\u0259r.\" \/>\n<meta property=\"og:url\" content=\"https:\/\/geoclimate.ge\/az\/product\/remote-control-system\/\" \/>\n<meta property=\"og:site_name\" content=\"GeoClimate.ge\" \/>\n<meta property=\"article:modified_time\" content=\"2025-03-27T08:33:28+00:00\" \/>\n<meta property=\"og:image\" content=\"https:\/\/geoclimate.ge\/wp-content\/uploads\/2025\/03\/Effera-mobil.jpg\" \/>\n\t<meta property=\"og:image:width\" content=\"363\" \/>\n\t<meta property=\"og:image:height\" content=\"580\" \/>\n\t<meta property=\"og:image:type\" content=\"image\/jpeg\" \/>\n<meta name=\"twitter:card\" content=\"summary_large_image\" \/>\n<script type=\"application\/ld+json\" class=\"yoast-schema-graph\">{\"@context\":\"https:\/\/schema.org\",\"@graph\":[{\"@type\":\"WebPage\",\"@id\":\"https:\/\/geoclimate.ge\/az\/product\/remote-control-system\/\",\"url\":\"https:\/\/geoclimate.ge\/az\/product\/remote-control-system\/\",\"name\":\"Uzaqdan \u0130DAR\u018f S\u0130STEM\u0130 - GeoClimate.ge\",\"isPartOf\":{\"@id\":\"https:\/\/geoclimate.ge\/#website\"},\"primaryImageOfPage\":{\"@id\":\"https:\/\/geoclimate.ge\/az\/product\/remote-control-system\/#primaryimage\"},\"image\":{\"@id\":\"https:\/\/geoclimate.ge\/az\/product\/remote-control-system\/#primaryimage\"},\"thumbnailUrl\":\"https:\/\/geoclimate.ge\/wp-content\/uploads\/2025\/03\/Effera-mobil.jpg\",\"datePublished\":\"2025-03-20T08:28:04+00:00\",\"dateModified\":\"2025-03-27T08:33:28+00:00\",\"breadcrumb\":{\"@id\":\"https:\/\/geoclimate.ge\/az\/product\/remote-control-system\/#breadcrumb\"},\"inLanguage\":\"az\",\"potentialAction\":[{\"@type\":\"ReadAction\",\"target\":[\"https:\/\/geoclimate.ge\/az\/product\/remote-control-system\/\"]}]},{\"@type\":\"ImageObject\",\"inLanguage\":\"az\",\"@id\":\"https:\/\/geoclimate.ge\/az\/product\/remote-control-system\/#primaryimage\",\"url\":\"https:\/\/geoclimate.ge\/wp-content\/uploads\/2025\/03\/Effera-mobil.jpg\",\"contentUrl\":\"https:\/\/geoclimate.ge\/wp-content\/uploads\/2025\/03\/Effera-mobil.jpg\",\"width\":363,\"height\":580},{\"@type\":\"BreadcrumbList\",\"@id\":\"https:\/\/geoclimate.ge\/az\/product\/remote-control-system\/#breadcrumb\",\"itemListElement\":[{\"@type\":\"ListItem\",\"position\":1,\"name\":\"Home\",\"item\":\"https:\/\/geoclimate.ge\/az\/\"},{\"@type\":\"ListItem\",\"position\":2,\"name\":\"M\u0259hsullar\",\"item\":\"https:\/\/geoclimate.ge\/az\/products\/\"},{\"@type\":\"ListItem\",\"position\":3,\"name\":\"Uzaqdan \u0130DAR\u018f S\u0130STEM\u0130\"}]},{\"@type\":\"WebSite\",\"@id\":\"https:\/\/geoclimate.ge\/#website\",\"url\":\"https:\/\/geoclimate.ge\/\",\"name\":\"GeoClimate\",\"description\":\"\",\"publisher\":{\"@id\":\"https:\/\/geoclimate.ge\/#organization\"},\"potentialAction\":[{\"@type\":\"SearchAction\",\"target\":{\"@type\":\"EntryPoint\",\"urlTemplate\":\"https:\/\/geoclimate.ge\/?s={search_term_string}\"},\"query-input\":{\"@type\":\"PropertyValueSpecification\",\"valueRequired\":true,\"valueName\":\"search_term_string\"}}],\"inLanguage\":\"az\"},{\"@type\":\"Organization\",\"@id\":\"https:\/\/geoclimate.ge\/#organization\",\"name\":\"GeoClimate\",\"url\":\"https:\/\/geoclimate.ge\/\",\"logo\":{\"@type\":\"ImageObject\",\"inLanguage\":\"az\",\"@id\":\"https:\/\/geoclimate.ge\/#\/schema\/logo\/image\/\",\"url\":\"https:\/\/geoclimate.ge\/wp-content\/uploads\/2026\/03\/geoclimate-SEO.png\",\"contentUrl\":\"https:\/\/geoclimate.ge\/wp-content\/uploads\/2026\/03\/geoclimate-SEO.png\",\"width\":1536,\"height\":1024,\"caption\":\"GeoClimate\"},\"image\":{\"@id\":\"https:\/\/geoclimate.ge\/#\/schema\/logo\/image\/\"}}]}<\/script>\n<!-- \/ Yoast SEO plugin. -->","yoast_head_json":{"title":"Uzaqdan \u0130DAR\u018f S\u0130STEM\u0130 - GeoClimate.ge","robots":{"index":"index","follow":"follow","max-snippet":"max-snippet:-1","max-image-preview":"max-image-preview:large","max-video-preview":"max-video-preview:-1"},"canonical":"https:\/\/geoclimate.ge\/az\/product\/remote-control-system\/","og_locale":"az_AZ","og_type":"article","og_title":"Uzaqdan \u0130DAR\u018f S\u0130STEM\u0130 - GeoClimate.ge","og_description":"M\u0259saf\u0259d\u0259n \u0130DAR\u018f S\u0130STEM\u0130 HAQQINDA Uzaqdan \u0130dar\u0259etm\u0259 Sistemi mobil proqramlardan tunel qazma sah\u0259l\u0259rind\u0259 ventilyatorlar\u0131 v\u0259 amortizatorlar\u0131 idar\u0259 etm\u0259y\u0259 imkan verir. Azarke\u015fl\u0259r v\u0259 amortizatorlar \u00fc\u00e7\u00fcn n\u0259zar\u0259t\u00e7il\u0259r mobil \u015f\u0259b\u0259k\u0259 \u00fcz\u0259rind\u0259n \u0259laq\u0259 saxlay\u0131r.  Azarke\u015fl\u0259r\u0259 n\u0259zar\u0259t v\u0259 monitorinql\u0259 yana\u015f\u0131, bu proqram h\u0259m d\u0259 fanatlar\u0131n i\u015fl\u0259diyi real vaxt enerji y\u00fck\u00fcn\u00fc al\u0131r v\u0259 tunel qazma sah\u0259sind\u0259ki b\u00fct\u00fcn azarke\u015fl\u0259r \u00fc\u00e7\u00fcn enerji x\u0259rcl\u0259rinin h\u0259m m\u00fch\u00fcm, h\u0259m d\u0259 x\u00fclas\u0259si haqq\u0131nda m\u0259lumat ver\u0259 bil\u0259r.","og_url":"https:\/\/geoclimate.ge\/az\/product\/remote-control-system\/","og_site_name":"GeoClimate.ge","article_modified_time":"2025-03-27T08:33:28+00:00","og_image":[{"width":363,"height":580,"url":"https:\/\/geoclimate.ge\/wp-content\/uploads\/2025\/03\/Effera-mobil.jpg","type":"image\/jpeg"}],"twitter_card":"summary_large_image","schema":{"@context":"https:\/\/schema.org","@graph":[{"@type":"WebPage","@id":"https:\/\/geoclimate.ge\/az\/product\/remote-control-system\/","url":"https:\/\/geoclimate.ge\/az\/product\/remote-control-system\/","name":"Uzaqdan \u0130DAR\u018f S\u0130STEM\u0130 - GeoClimate.ge","isPartOf":{"@id":"https:\/\/geoclimate.ge\/#website"},"primaryImageOfPage":{"@id":"https:\/\/geoclimate.ge\/az\/product\/remote-control-system\/#primaryimage"},"image":{"@id":"https:\/\/geoclimate.ge\/az\/product\/remote-control-system\/#primaryimage"},"thumbnailUrl":"https:\/\/geoclimate.ge\/wp-content\/uploads\/2025\/03\/Effera-mobil.jpg","datePublished":"2025-03-20T08:28:04+00:00","dateModified":"2025-03-27T08:33:28+00:00","breadcrumb":{"@id":"https:\/\/geoclimate.ge\/az\/product\/remote-control-system\/#breadcrumb"},"inLanguage":"az","potentialAction":[{"@type":"ReadAction","target":["https:\/\/geoclimate.ge\/az\/product\/remote-control-system\/"]}]},{"@type":"ImageObject","inLanguage":"az","@id":"https:\/\/geoclimate.ge\/az\/product\/remote-control-system\/#primaryimage","url":"https:\/\/geoclimate.ge\/wp-content\/uploads\/2025\/03\/Effera-mobil.jpg","contentUrl":"https:\/\/geoclimate.ge\/wp-content\/uploads\/2025\/03\/Effera-mobil.jpg","width":363,"height":580},{"@type":"BreadcrumbList","@id":"https:\/\/geoclimate.ge\/az\/product\/remote-control-system\/#breadcrumb","itemListElement":[{"@type":"ListItem","position":1,"name":"Home","item":"https:\/\/geoclimate.ge\/az\/"},{"@type":"ListItem","position":2,"name":"M\u0259hsullar","item":"https:\/\/geoclimate.ge\/az\/products\/"},{"@type":"ListItem","position":3,"name":"Uzaqdan \u0130DAR\u018f S\u0130STEM\u0130"}]},{"@type":"WebSite","@id":"https:\/\/geoclimate.ge\/#website","url":"https:\/\/geoclimate.ge\/","name":"GeoClimate","description":"","publisher":{"@id":"https:\/\/geoclimate.ge\/#organization"},"potentialAction":[{"@type":"SearchAction","target":{"@type":"EntryPoint","urlTemplate":"https:\/\/geoclimate.ge\/?s={search_term_string}"},"query-input":{"@type":"PropertyValueSpecification","valueRequired":true,"valueName":"search_term_string"}}],"inLanguage":"az"},{"@type":"Organization","@id":"https:\/\/geoclimate.ge\/#organization","name":"GeoClimate","url":"https:\/\/geoclimate.ge\/","logo":{"@type":"ImageObject","inLanguage":"az","@id":"https:\/\/geoclimate.ge\/#\/schema\/logo\/image\/","url":"https:\/\/geoclimate.ge\/wp-content\/uploads\/2026\/03\/geoclimate-SEO.png","contentUrl":"https:\/\/geoclimate.ge\/wp-content\/uploads\/2026\/03\/geoclimate-SEO.png","width":1536,"height":1024,"caption":"GeoClimate"},"image":{"@id":"https:\/\/geoclimate.ge\/#\/schema\/logo\/image\/"}}]}},"_links":{"self":[{"href":"https:\/\/geoclimate.ge\/az\/wp-json\/wp\/v2\/product\/25669","targetHints":{"allow":["GET"]}}],"collection":[{"href":"https:\/\/geoclimate.ge\/az\/wp-json\/wp\/v2\/product"}],"about":[{"href":"https:\/\/geoclimate.ge\/az\/wp-json\/wp\/v2\/types\/product"}],"wp:featuredmedia":[{"embeddable":true,"href":"https:\/\/geoclimate.ge\/az\/wp-json\/wp\/v2\/media\/25664"}],"wp:attachment":[{"href":"https:\/\/geoclimate.ge\/az\/wp-json\/wp\/v2\/media?parent=25669"}],"wp:term":[{"taxonomy":"product_brand","embeddable":true,"href":"https:\/\/geoclimate.ge\/az\/wp-json\/wp\/v2\/product_brand?post=25669"},{"taxonomy":"product_cat","embeddable":true,"href":"https:\/\/geoclimate.ge\/az\/wp-json\/wp\/v2\/product_cat?post=25669"},{"taxonomy":"product_tag","embeddable":true,"href":"https:\/\/geoclimate.ge\/az\/wp-json\/wp\/v2\/product_tag?post=25669"}],"curies":[{"name":"wp","href":"https:\/\/api.w.org\/{rel}","templated":true}]}}