{"id":25995,"date":"2024-01-22T21:09:17","date_gmt":"2024-01-22T17:09:17","guid":{"rendered":"https:\/\/airsystems.ge\/shop\/product\/heylo-dt-650-dehumidifier\/"},"modified":"2025-03-28T21:32:37","modified_gmt":"2025-03-28T17:32:37","slug":"heylo-dt-650-dehumidifier","status":"publish","type":"product","link":"https:\/\/geoclimate.ge\/az\/product\/heylo-dt-650-dehumidifier\/","title":{"rendered":"Heylo DT 650 &#8211; n\u0259ml\u0259ndirici Otaq havas\u0131n\u0131n n\u0259ml\u0259ndiricisi"},"content":{"rendered":"<section class=\"max-w-[1088px] mx-auto w-full px-5 my-10 md:my-12 lg:my-16 xl:my-20 xl:px-0\" data-block=\"bullet-list\">\n<div class=\"md:text-center\">\n<p class=\"text-black font-bold text-lg md:text-xl lg:text-2xl\"><strong>\u018fsas x\u00fcsusiyy\u0259tl\u0259r<\/strong><br \/>\nQura\u015fd\u0131r\u0131lm\u0131\u015f higrostat, n\u0259md\u0259n qurtulma i\u015finin sonsuz t\u0259nziml\u0259nm\u0259si \u00fc\u00e7\u00fcn<br \/>\nA\u015fa\u011f\u0131 qiym\u0259tli s\u0259ssiz \u0259m\u0259liyyat<br \/>\n\u0130stifad\u0259si asan, davaml\u0131, etibarl\u0131<br \/>\nElektron defrost<br \/>\nCari r\u00fctub\u0259tin g\u00f6st\u0259rilm\u0259si<br \/>\nFormal\u0131 dizayn (plastik\/metal korpus)<br \/>\nKi\u00e7ik m\u0259kanlar v\u0259 asan da\u015f\u0131nma \u00fc\u00e7\u00fcn kompakt dizayn<br \/>\nT\u0259xmin\u0259n sah\u0259l\u0259r \u00fc\u00e7\u00fcn uy\u011fundur. 60 m\u00b2<\/p>\n<\/div>\n<\/section>\n<section class=\"max-w-[1088px] mx-auto w-full px-5 my-10 md:my-12 lg:my-16 xl:my-20 xl:px-0\" data-block=\"product-specifications\">\n<div class=\"md:text-center\">\n<h3 class=\"text-black font-bold text-lg md:text-xl lg:text-2xl\"><strong>Product specifications<\/strong><\/h3>\n<\/div>\n<div class=\" md:mt-10\">\n<div class=\"\">\n<div class=\"lg:mt-0 \">\n<div id=\"spec-dt-650\" class=\"prose max-w-full md:overflow-auto\" data-spec-content=\"\">\n<div class=\"spreadsheet-container hidden md:block\">\n<table class=\"w-full table-fixed mb-0\">\n<thead>\n<tr>\n<th class=\"font-bold text-base\"><span class=\"block px-4\">Specifications<\/span><\/th>\n<th class=\"font-bold text-base text-center\"><span class=\"block px-10 md:px-20\">Units<\/span><\/th>\n<th class=\"font-bold text-base text-center will-change\"><span class=\"block px-4\">DT\u00a0650<\/span><\/th>\n<\/tr>\n<\/thead>\n<tbody>\n<tr class=\"bg-grey-200\/50 p-2\">\n<td colspan=\"1\"><span class=\"block px-4\">Capacity(30\u00b0C\/80% RH)<\/span><\/td>\n<td class=\"text-center\">\n<div class=\"px-10 md:px-20 flex items-center justify-center\">l\/24h<\/div>\n<\/td>\n<td class=\"text-center will-change\">\n<div class=\"px-10 md:px-20 flex items-center justify-center\">19<\/div>\n<\/td>\n<\/tr>\n<tr class=\" p-2\">\n<td colspan=\"1\"><span class=\"block px-4\">Air flow<\/span><\/td>\n<td class=\"text-center\">\n<div class=\"px-10 md:px-20 flex items-center justify-center\">m\u00b3\/h<\/div>\n<\/td>\n<td class=\"text-center will-change\">\n<div class=\"px-10 md:px-20 flex items-center justify-center\">300<\/div>\n<\/td>\n<\/tr>\n<tr class=\"bg-grey-200\/50 p-2\">\n<td colspan=\"1\"><span class=\"block px-4\">Operating temperature range<\/span><\/td>\n<td class=\"text-center\">\n<div class=\"px-10 md:px-20 flex items-center justify-center\">\u00b0C<\/div>\n<\/td>\n<td class=\"text-center will-change\">\n<div class=\"px-10 md:px-20 flex items-center justify-center\">6-35<\/div>\n<\/td>\n<\/tr>\n<tr class=\" p-2\">\n<td colspan=\"1\"><span class=\"block px-4\">Operating humidity range<\/span><\/td>\n<td class=\"text-center\">\n<div class=\"px-10 md:px-20 flex items-center justify-center\">% RH<\/div>\n<\/td>\n<td class=\"text-center will-change\">\n<div class=\"px-10 md:px-20 flex items-center justify-center\">35-95<\/div>\n<\/td>\n<\/tr>\n<tr class=\"bg-grey-200\/50 p-2\">\n<td colspan=\"1\"><span class=\"block px-4\">Power consumption<\/span><\/td>\n<td class=\"text-center\">\n<div class=\"px-10 md:px-20 flex items-center justify-center\">W<\/div>\n<\/td>\n<td class=\"text-center will-change\">\n<div class=\"px-10 md:px-20 flex items-center justify-center\">410<\/div>\n<\/td>\n<\/tr>\n<tr class=\" p-2\">\n<td colspan=\"1\"><span class=\"block px-4\">Power supply<\/span><\/td>\n<td class=\"text-center\">\n<div class=\"px-10 md:px-20 flex items-center justify-center\">V\/Hz<\/div>\n<\/td>\n<td class=\"text-center will-change\">\n<div class=\"px-10 md:px-20 flex items-center justify-center\">230\/1ph\/50<\/div>\n<\/td>\n<\/tr>\n<tr class=\"bg-grey-200\/50 p-2\">\n<td colspan=\"1\"><span class=\"block px-4\">Refrigerant<\/span><\/td>\n<td class=\"text-center\">\n<div class=\"px-10 md:px-20 flex items-center justify-center\">type<\/div>\n<\/td>\n<td class=\"text-center will-change\">\n<div class=\"px-10 md:px-20 flex items-center justify-center\">R1234yf<\/div>\n<\/td>\n<\/tr>\n<tr class=\" p-2\">\n<td colspan=\"1\"><span class=\"block px-4\">Sound level @3m<\/span><\/td>\n<td class=\"text-center\">\n<div class=\"px-10 md:px-20 flex items-center justify-center\">dB(A)<\/div>\n<\/td>\n<td class=\"text-center will-change\">\n<div class=\"px-10 md:px-20 flex items-center justify-center\">41<\/div>\n<\/td>\n<\/tr>\n<tr class=\"bg-grey-200\/50 p-2\">\n<td colspan=\"1\"><span class=\"block px-4\">Protection class<\/span><\/td>\n<td class=\"text-center\">\n<div class=\"px-10 md:px-20 flex items-center justify-center\"><\/div>\n<\/td>\n<td class=\"text-center will-change\">\n<div class=\"px-10 md:px-20 flex items-center justify-center\">IP20<\/div>\n<\/td>\n<\/tr>\n<tr class=\" p-2\">\n<td colspan=\"1\"><span class=\"block px-4\">Compressor<\/span><\/td>\n<td class=\"text-center\">\n<div class=\"px-10 md:px-20 flex items-center justify-center\">type<\/div>\n<\/td>\n<td class=\"text-center will-change\">\n<div class=\"px-10 md:px-20 flex items-center justify-center\">Reciprocating piston<\/div>\n<\/td>\n<\/tr>\n<tr class=\"bg-grey-200\/50 p-2\">\n<td colspan=\"1\"><span class=\"block px-4\">Tank capacity<\/span><\/td>\n<td class=\"text-center\">\n<div class=\"px-10 md:px-20 flex items-center justify-center\">l<\/div>\n<\/td>\n<td class=\"text-center will-change\">\n<div class=\"px-10 md:px-20 flex items-center justify-center\">5<\/div>\n<\/td>\n<\/tr>\n<tr class=\" p-2\">\n<td colspan=\"1\"><span class=\"block px-4\">Product size (l x w x h)<\/span><\/td>\n<td class=\"text-center\">\n<div class=\"px-10 md:px-20 flex items-center justify-center\">mm<\/div>\n<\/td>\n<td class=\"text-center will-change\">\n<div class=\"px-10 md:px-20 flex items-center justify-center\">370 x 310 x 660<\/div>\n<\/td>\n<\/tr>\n<tr class=\"bg-grey-200\/50 p-2\">\n<td colspan=\"1\"><span class=\"block px-4\">Box size (l x w x h)<\/span><\/td>\n<td class=\"text-center\">\n<div class=\"px-10 md:px-20 flex items-center justify-center\">mm<\/div>\n<\/td>\n<td class=\"text-center will-change\">\n<div class=\"px-10 md:px-20 flex items-center justify-center\">360x 420 x 780<\/div>\n<\/td>\n<\/tr>\n<tr class=\" p-2\">\n<td colspan=\"1\"><span class=\"block px-4\">Net\/gross weight<\/span><\/td>\n<td class=\"text-center\">\n<div class=\"px-10 md:px-20 flex items-center justify-center\">kg<\/div>\n<\/td>\n<td class=\"text-center will-change\">\n<div class=\"px-10 md:px-20 flex items-center justify-center\">28\/30<\/div>\n<\/td>\n<\/tr>\n<tr class=\"bg-grey-200\/50 p-2\">\n<td colspan=\"1\"><span class=\"block px-4\">Pallet<\/span><\/td>\n<td class=\"text-center\">\n<div class=\"px-10 md:px-20 flex items-center justify-center\">pcs<\/div>\n<\/td>\n<td class=\"text-center will-change\">\n<div class=\"px-10 md:px-20 flex items-center justify-center\">12<\/div>\n<\/td>\n<\/tr>\n<\/tbody>\n<\/table>\n<\/div>\n<div class=\"mt-1.5 md:mt-0 w-6 md:w-10\"><\/div>\n<div class=\"flex-1 pl-4 md:px-8\">\n<div class=\"mt-1.5 md:mt-0 w-6 md:w-10\"><a href=\"https:\/\/www.danthermgroup.com\/downloads\/heylo-dt-650-user-manual\" target=\"_blank\" rel=\"nofollow noindex noopener\"><img decoding=\"async\" class=\"lazyload h-8 md:h-14 w-auto object-contain\" src=\"https:\/\/dantherm-group-cdn.s3.amazonaws.com\/media\/icons\/download-manual.svg\" alt=\"Download manual\" height=\"56\" \/><\/a><\/div>\n<div class=\"flex-1 pl-4 md:px-8\">\n<h2 class=\"font-bold text-sm md:text-lg\"><a class=\"underline underline-offset-2 decoration-transparent transition duration-300 ease-linear hover:decoration-black\" href=\"https:\/\/www.danthermgroup.com\/downloads\/heylo-dt-650-user-manual\" target=\"_blank\" rel=\"nofollow noindex noopener\">Heylo DT 650 \u2013 user manual<\/a><\/h2>\n<div class=\"prose text-grey-500 text-sm\">Manuals<\/div>\n<\/div>\n<\/div>\n<\/div>\n<\/div>\n<\/div>\n<\/div>\n<\/section>\n","protected":false},"excerpt":{"rendered":"<p>Otaq havas\u0131n\u0131n n\u0259ml\u0259ndiricisi<\/p>\n<figure><img decoding=\"async\" src=\"https:\/\/dantherm-group-cdn.s3.amazonaws.com\/media\/brands\/DG-Banners-Rebranding-HEYLO-to-MASTER-EN.jpg\" alt=\"\" \/><\/figure>\n<p>&nbsp;<\/p>\n<p>Otaqlarda iqlimin optimalla\u015fd\u0131r\u0131lmas\u0131nda \u00e7oxillik t\u0259cr\u00fcb\u0259 otaqlar\u0131 quru v\u0259 rahat ed\u0259n DT seriyal\u0131 otaq n\u0259ml\u0259ndiricil\u0259rin\u0259 ke\u00e7di.<\/p>\n<p>DT 650, m\u0259s\u0259l\u0259n, q\u0131\u015f ba\u011flar\u0131nda p\u0259nc\u0259r\u0259l\u0259rin dumanlanmas\u0131n\u0131n qar\u015f\u0131s\u0131n\u0131 alaraq, suyun z\u0259d\u0259l\u0259nm\u0259si v\u0259 kifl\u0259 yoluxmas\u0131 kimi t\u0259cili qurutmada, h\u0259m\u00e7inin otaq havas\u0131n\u0131n daimi yax\u015f\u0131la\u015fd\u0131r\u0131lmas\u0131nda k\u00f6m\u0259k ed\u0259 bil\u0259r.<\/p>\n<p>M\u00fcasir dizayn\u0131 il\u0259 otaqlar v\u0259 ofisl\u0259r, vanna ota\u011f\u0131 v\u0259 qurutma sah\u0259l\u0259ri, arxiv v\u0259 muzeyl\u0259r, anbarlar, laboratoriya v\u0259 istehsal otaqlar\u0131, karvanlar v\u0259 yaxtalar \u00fc\u00e7\u00fcn d\u0259 ideald\u0131r.<\/p>\n<p>Dig\u0259r s\u0259naye kondensasiya n\u0259ml\u0259ndiricil\u0259rin\u0259 bax\u0131n v\u0259 ya \u00e7oxlu t\u0259tbiql\u0259r \u00fc\u00e7\u00fcn uy\u011fun olan tam n\u0259ml\u0259ndiricil\u0259rimiz\u0259 bax\u0131n.<\/p>\n","protected":false},"featured_media":25964,"template":"","meta":[],"product_brand":[],"product_cat":[809,861,885],"product_tag":[],"class_list":{"0":"post-25995","1":"product","2":"type-product","3":"status-publish","4":"has-post-thumbnail","6":"product_cat-hava-nmlndiricisi-kondisioner-az-ventilyasiya-ventilyator","7":"product_cat-nmlndiricilr-nmlndirici-hava","8":"product_cat-nmlndirici-qurutma-nmlndiricilr-az","10":"first","11":"instock","12":"shipping-taxable","13":"purchasable","14":"product-type-simple"},"yoast_head":"<!-- This site is optimized with the Yoast SEO plugin v27.1.1 - https:\/\/yoast.com\/product\/yoast-seo-wordpress\/ -->\n<title>Heylo DT 650 - n\u0259ml\u0259ndirici Otaq havas\u0131n\u0131n n\u0259ml\u0259ndiricisi - GeoClimate.ge<\/title>\n<meta name=\"robots\" content=\"index, follow, max-snippet:-1, max-image-preview:large, max-video-preview:-1\" \/>\n<link rel=\"canonical\" href=\"https:\/\/geoclimate.ge\/az\/product\/heylo-dt-650-dehumidifier\/\" \/>\n<meta property=\"og:locale\" content=\"az_AZ\" \/>\n<meta property=\"og:type\" content=\"article\" \/>\n<meta property=\"og:title\" content=\"Heylo DT 650 - n\u0259ml\u0259ndirici Otaq havas\u0131n\u0131n n\u0259ml\u0259ndiricisi - GeoClimate.ge\" \/>\n<meta property=\"og:description\" content=\"Otaq havas\u0131n\u0131n n\u0259ml\u0259ndiricisi  &nbsp;  Otaqlarda iqlimin optimalla\u015fd\u0131r\u0131lmas\u0131nda \u00e7oxillik t\u0259cr\u00fcb\u0259 otaqlar\u0131 quru v\u0259 rahat ed\u0259n DT seriyal\u0131 otaq n\u0259ml\u0259ndiricil\u0259rin\u0259 ke\u00e7di.  DT 650, m\u0259s\u0259l\u0259n, q\u0131\u015f ba\u011flar\u0131nda p\u0259nc\u0259r\u0259l\u0259rin dumanlanmas\u0131n\u0131n qar\u015f\u0131s\u0131n\u0131 alaraq, suyun z\u0259d\u0259l\u0259nm\u0259si v\u0259 kifl\u0259 yoluxmas\u0131 kimi t\u0259cili qurutmada, h\u0259m\u00e7inin otaq havas\u0131n\u0131n daimi yax\u015f\u0131la\u015fd\u0131r\u0131lmas\u0131nda k\u00f6m\u0259k ed\u0259 bil\u0259r.  M\u00fcasir dizayn\u0131 il\u0259 otaqlar v\u0259 ofisl\u0259r, vanna ota\u011f\u0131 v\u0259 qurutma sah\u0259l\u0259ri, arxiv v\u0259 muzeyl\u0259r, anbarlar, laboratoriya v\u0259 istehsal otaqlar\u0131, karvanlar v\u0259 yaxtalar \u00fc\u00e7\u00fcn d\u0259 ideald\u0131r.  Dig\u0259r s\u0259naye kondensasiya n\u0259ml\u0259ndiricil\u0259rin\u0259 bax\u0131n v\u0259 ya \u00e7oxlu t\u0259tbiql\u0259r \u00fc\u00e7\u00fcn uy\u011fun olan tam n\u0259ml\u0259ndiricil\u0259rimiz\u0259 bax\u0131n.\" \/>\n<meta property=\"og:url\" content=\"https:\/\/geoclimate.ge\/az\/product\/heylo-dt-650-dehumidifier\/\" \/>\n<meta property=\"og:site_name\" content=\"GeoClimate.ge\" \/>\n<meta property=\"article:modified_time\" content=\"2025-03-28T17:32:37+00:00\" \/>\n<meta property=\"og:image\" content=\"https:\/\/geoclimate.ge\/wp-content\/uploads\/2025\/03\/Heylo-Luftentfeuchter-DT-650.jpg\" \/>\n\t<meta property=\"og:image:width\" content=\"1000\" \/>\n\t<meta property=\"og:image:height\" content=\"1000\" \/>\n\t<meta property=\"og:image:type\" content=\"image\/jpeg\" \/>\n<meta name=\"twitter:card\" content=\"summary_large_image\" \/>\n<meta name=\"twitter:label1\" content=\"Est. reading time\" \/>\n\t<meta name=\"twitter:data1\" content=\"1 minute\" \/>\n<script type=\"application\/ld+json\" class=\"yoast-schema-graph\">{\"@context\":\"https:\/\/schema.org\",\"@graph\":[{\"@type\":\"WebPage\",\"@id\":\"https:\/\/geoclimate.ge\/az\/product\/heylo-dt-650-dehumidifier\/\",\"url\":\"https:\/\/geoclimate.ge\/az\/product\/heylo-dt-650-dehumidifier\/\",\"name\":\"Heylo DT 650 - n\u0259ml\u0259ndirici Otaq havas\u0131n\u0131n n\u0259ml\u0259ndiricisi - GeoClimate.ge\",\"isPartOf\":{\"@id\":\"https:\/\/geoclimate.ge\/#website\"},\"primaryImageOfPage\":{\"@id\":\"https:\/\/geoclimate.ge\/az\/product\/heylo-dt-650-dehumidifier\/#primaryimage\"},\"image\":{\"@id\":\"https:\/\/geoclimate.ge\/az\/product\/heylo-dt-650-dehumidifier\/#primaryimage\"},\"thumbnailUrl\":\"https:\/\/geoclimate.ge\/wp-content\/uploads\/2025\/03\/Heylo-Luftentfeuchter-DT-650.jpg\",\"datePublished\":\"2024-01-22T17:09:17+00:00\",\"dateModified\":\"2025-03-28T17:32:37+00:00\",\"breadcrumb\":{\"@id\":\"https:\/\/geoclimate.ge\/az\/product\/heylo-dt-650-dehumidifier\/#breadcrumb\"},\"inLanguage\":\"az\",\"potentialAction\":[{\"@type\":\"ReadAction\",\"target\":[\"https:\/\/geoclimate.ge\/az\/product\/heylo-dt-650-dehumidifier\/\"]}]},{\"@type\":\"ImageObject\",\"inLanguage\":\"az\",\"@id\":\"https:\/\/geoclimate.ge\/az\/product\/heylo-dt-650-dehumidifier\/#primaryimage\",\"url\":\"https:\/\/geoclimate.ge\/wp-content\/uploads\/2025\/03\/Heylo-Luftentfeuchter-DT-650.jpg\",\"contentUrl\":\"https:\/\/geoclimate.ge\/wp-content\/uploads\/2025\/03\/Heylo-Luftentfeuchter-DT-650.jpg\",\"width\":1000,\"height\":1000},{\"@type\":\"BreadcrumbList\",\"@id\":\"https:\/\/geoclimate.ge\/az\/product\/heylo-dt-650-dehumidifier\/#breadcrumb\",\"itemListElement\":[{\"@type\":\"ListItem\",\"position\":1,\"name\":\"Home\",\"item\":\"https:\/\/geoclimate.ge\/az\/\"},{\"@type\":\"ListItem\",\"position\":2,\"name\":\"M\u0259hsullar\",\"item\":\"https:\/\/geoclimate.ge\/az\/products\/\"},{\"@type\":\"ListItem\",\"position\":3,\"name\":\"Heylo DT 650 &#8211; n\u0259ml\u0259ndirici Otaq havas\u0131n\u0131n n\u0259ml\u0259ndiricisi\"}]},{\"@type\":\"WebSite\",\"@id\":\"https:\/\/geoclimate.ge\/#website\",\"url\":\"https:\/\/geoclimate.ge\/\",\"name\":\"GeoClimate\",\"description\":\"\",\"publisher\":{\"@id\":\"https:\/\/geoclimate.ge\/#organization\"},\"potentialAction\":[{\"@type\":\"SearchAction\",\"target\":{\"@type\":\"EntryPoint\",\"urlTemplate\":\"https:\/\/geoclimate.ge\/?s={search_term_string}\"},\"query-input\":{\"@type\":\"PropertyValueSpecification\",\"valueRequired\":true,\"valueName\":\"search_term_string\"}}],\"inLanguage\":\"az\"},{\"@type\":\"Organization\",\"@id\":\"https:\/\/geoclimate.ge\/#organization\",\"name\":\"GeoClimate\",\"url\":\"https:\/\/geoclimate.ge\/\",\"logo\":{\"@type\":\"ImageObject\",\"inLanguage\":\"az\",\"@id\":\"https:\/\/geoclimate.ge\/#\/schema\/logo\/image\/\",\"url\":\"https:\/\/geoclimate.ge\/wp-content\/uploads\/2026\/03\/geoclimate-SEO.png\",\"contentUrl\":\"https:\/\/geoclimate.ge\/wp-content\/uploads\/2026\/03\/geoclimate-SEO.png\",\"width\":1536,\"height\":1024,\"caption\":\"GeoClimate\"},\"image\":{\"@id\":\"https:\/\/geoclimate.ge\/#\/schema\/logo\/image\/\"}}]}<\/script>\n<!-- \/ Yoast SEO plugin. -->","yoast_head_json":{"title":"Heylo DT 650 - n\u0259ml\u0259ndirici Otaq havas\u0131n\u0131n n\u0259ml\u0259ndiricisi - GeoClimate.ge","robots":{"index":"index","follow":"follow","max-snippet":"max-snippet:-1","max-image-preview":"max-image-preview:large","max-video-preview":"max-video-preview:-1"},"canonical":"https:\/\/geoclimate.ge\/az\/product\/heylo-dt-650-dehumidifier\/","og_locale":"az_AZ","og_type":"article","og_title":"Heylo DT 650 - n\u0259ml\u0259ndirici Otaq havas\u0131n\u0131n n\u0259ml\u0259ndiricisi - GeoClimate.ge","og_description":"Otaq havas\u0131n\u0131n n\u0259ml\u0259ndiricisi  &nbsp;  Otaqlarda iqlimin optimalla\u015fd\u0131r\u0131lmas\u0131nda \u00e7oxillik t\u0259cr\u00fcb\u0259 otaqlar\u0131 quru v\u0259 rahat ed\u0259n DT seriyal\u0131 otaq n\u0259ml\u0259ndiricil\u0259rin\u0259 ke\u00e7di.  DT 650, m\u0259s\u0259l\u0259n, q\u0131\u015f ba\u011flar\u0131nda p\u0259nc\u0259r\u0259l\u0259rin dumanlanmas\u0131n\u0131n qar\u015f\u0131s\u0131n\u0131 alaraq, suyun z\u0259d\u0259l\u0259nm\u0259si v\u0259 kifl\u0259 yoluxmas\u0131 kimi t\u0259cili qurutmada, h\u0259m\u00e7inin otaq havas\u0131n\u0131n daimi yax\u015f\u0131la\u015fd\u0131r\u0131lmas\u0131nda k\u00f6m\u0259k ed\u0259 bil\u0259r.  M\u00fcasir dizayn\u0131 il\u0259 otaqlar v\u0259 ofisl\u0259r, vanna ota\u011f\u0131 v\u0259 qurutma sah\u0259l\u0259ri, arxiv v\u0259 muzeyl\u0259r, anbarlar, laboratoriya v\u0259 istehsal otaqlar\u0131, karvanlar v\u0259 yaxtalar \u00fc\u00e7\u00fcn d\u0259 ideald\u0131r.  Dig\u0259r s\u0259naye kondensasiya n\u0259ml\u0259ndiricil\u0259rin\u0259 bax\u0131n v\u0259 ya \u00e7oxlu t\u0259tbiql\u0259r \u00fc\u00e7\u00fcn uy\u011fun olan tam n\u0259ml\u0259ndiricil\u0259rimiz\u0259 bax\u0131n.","og_url":"https:\/\/geoclimate.ge\/az\/product\/heylo-dt-650-dehumidifier\/","og_site_name":"GeoClimate.ge","article_modified_time":"2025-03-28T17:32:37+00:00","og_image":[{"width":1000,"height":1000,"url":"https:\/\/geoclimate.ge\/wp-content\/uploads\/2025\/03\/Heylo-Luftentfeuchter-DT-650.jpg","type":"image\/jpeg"}],"twitter_card":"summary_large_image","twitter_misc":{"Est. reading time":"1 minute"},"schema":{"@context":"https:\/\/schema.org","@graph":[{"@type":"WebPage","@id":"https:\/\/geoclimate.ge\/az\/product\/heylo-dt-650-dehumidifier\/","url":"https:\/\/geoclimate.ge\/az\/product\/heylo-dt-650-dehumidifier\/","name":"Heylo DT 650 - n\u0259ml\u0259ndirici Otaq havas\u0131n\u0131n n\u0259ml\u0259ndiricisi - GeoClimate.ge","isPartOf":{"@id":"https:\/\/geoclimate.ge\/#website"},"primaryImageOfPage":{"@id":"https:\/\/geoclimate.ge\/az\/product\/heylo-dt-650-dehumidifier\/#primaryimage"},"image":{"@id":"https:\/\/geoclimate.ge\/az\/product\/heylo-dt-650-dehumidifier\/#primaryimage"},"thumbnailUrl":"https:\/\/geoclimate.ge\/wp-content\/uploads\/2025\/03\/Heylo-Luftentfeuchter-DT-650.jpg","datePublished":"2024-01-22T17:09:17+00:00","dateModified":"2025-03-28T17:32:37+00:00","breadcrumb":{"@id":"https:\/\/geoclimate.ge\/az\/product\/heylo-dt-650-dehumidifier\/#breadcrumb"},"inLanguage":"az","potentialAction":[{"@type":"ReadAction","target":["https:\/\/geoclimate.ge\/az\/product\/heylo-dt-650-dehumidifier\/"]}]},{"@type":"ImageObject","inLanguage":"az","@id":"https:\/\/geoclimate.ge\/az\/product\/heylo-dt-650-dehumidifier\/#primaryimage","url":"https:\/\/geoclimate.ge\/wp-content\/uploads\/2025\/03\/Heylo-Luftentfeuchter-DT-650.jpg","contentUrl":"https:\/\/geoclimate.ge\/wp-content\/uploads\/2025\/03\/Heylo-Luftentfeuchter-DT-650.jpg","width":1000,"height":1000},{"@type":"BreadcrumbList","@id":"https:\/\/geoclimate.ge\/az\/product\/heylo-dt-650-dehumidifier\/#breadcrumb","itemListElement":[{"@type":"ListItem","position":1,"name":"Home","item":"https:\/\/geoclimate.ge\/az\/"},{"@type":"ListItem","position":2,"name":"M\u0259hsullar","item":"https:\/\/geoclimate.ge\/az\/products\/"},{"@type":"ListItem","position":3,"name":"Heylo DT 650 &#8211; n\u0259ml\u0259ndirici Otaq havas\u0131n\u0131n n\u0259ml\u0259ndiricisi"}]},{"@type":"WebSite","@id":"https:\/\/geoclimate.ge\/#website","url":"https:\/\/geoclimate.ge\/","name":"GeoClimate","description":"","publisher":{"@id":"https:\/\/geoclimate.ge\/#organization"},"potentialAction":[{"@type":"SearchAction","target":{"@type":"EntryPoint","urlTemplate":"https:\/\/geoclimate.ge\/?s={search_term_string}"},"query-input":{"@type":"PropertyValueSpecification","valueRequired":true,"valueName":"search_term_string"}}],"inLanguage":"az"},{"@type":"Organization","@id":"https:\/\/geoclimate.ge\/#organization","name":"GeoClimate","url":"https:\/\/geoclimate.ge\/","logo":{"@type":"ImageObject","inLanguage":"az","@id":"https:\/\/geoclimate.ge\/#\/schema\/logo\/image\/","url":"https:\/\/geoclimate.ge\/wp-content\/uploads\/2026\/03\/geoclimate-SEO.png","contentUrl":"https:\/\/geoclimate.ge\/wp-content\/uploads\/2026\/03\/geoclimate-SEO.png","width":1536,"height":1024,"caption":"GeoClimate"},"image":{"@id":"https:\/\/geoclimate.ge\/#\/schema\/logo\/image\/"}}]}},"_links":{"self":[{"href":"https:\/\/geoclimate.ge\/az\/wp-json\/wp\/v2\/product\/25995","targetHints":{"allow":["GET"]}}],"collection":[{"href":"https:\/\/geoclimate.ge\/az\/wp-json\/wp\/v2\/product"}],"about":[{"href":"https:\/\/geoclimate.ge\/az\/wp-json\/wp\/v2\/types\/product"}],"wp:featuredmedia":[{"embeddable":true,"href":"https:\/\/geoclimate.ge\/az\/wp-json\/wp\/v2\/media\/25964"}],"wp:attachment":[{"href":"https:\/\/geoclimate.ge\/az\/wp-json\/wp\/v2\/media?parent=25995"}],"wp:term":[{"taxonomy":"product_brand","embeddable":true,"href":"https:\/\/geoclimate.ge\/az\/wp-json\/wp\/v2\/product_brand?post=25995"},{"taxonomy":"product_cat","embeddable":true,"href":"https:\/\/geoclimate.ge\/az\/wp-json\/wp\/v2\/product_cat?post=25995"},{"taxonomy":"product_tag","embeddable":true,"href":"https:\/\/geoclimate.ge\/az\/wp-json\/wp\/v2\/product_tag?post=25995"}],"curies":[{"name":"wp","href":"https:\/\/api.w.org\/{rel}","templated":true}]}}