{"id":26099,"date":"2024-01-22T21:08:06","date_gmt":"2024-01-22T17:08:06","guid":{"rendered":"https:\/\/airsystems.ge\/shop\/product\/heylo-dt-750-dehumidifier\/"},"modified":"2025-03-29T10:42:27","modified_gmt":"2025-03-29T06:42:27","slug":"heylo-dt-750-dehumidifier","status":"publish","type":"product","link":"https:\/\/geoclimate.ge\/az\/product\/heylo-dt-750-dehumidifier\/","title":{"rendered":"Heylo DT 750 &#8211; n\u0259ml\u0259ndirici Kondensasiya n\u0259ml\u0259ndiricil\u0259ri"},"content":{"rendered":"<section class=\"max-w-[1088px] mx-auto w-full px-5 my-10 md:my-12 lg:my-16 xl:my-20 xl:px-0\" data-block=\"bullet-list\">\n<div class=\"md:text-center\">\n<p class=\"text-black font-bold text-lg md:text-xl lg:text-2xl\"><strong>\u018fsas x\u00fcsusiyy\u0259tl\u0259r<\/strong><br \/>\nQura\u015fd\u0131r\u0131lm\u0131\u015f higrostat<br \/>\nElektron defrost<br \/>\nYer\u0259 q\u0259na\u0259t etm\u0259k \u00fc\u00e7\u00fcn y\u0131\u011f\u0131la bil\u0259n<br \/>\nB\u00f6y\u00fck da\u015f\u0131ma tutaca\u011f\u0131, yanlardak\u0131 tutacaqlar v\u0259 alt t\u0259r\u0259fd\u0259ki ki\u00e7ik rulonlar say\u0259sind\u0259 da\u015f\u0131nmas\u0131 asand\u0131r<br \/>\nKondensat nasosu iste\u011fe ba\u011fl\u0131d\u0131r<br \/>\nCari r\u00fctub\u0259t s\u0259viyy\u0259sinin g\u00f6st\u0259rilm\u0259si<br \/>\nT\u0259xmin\u0259n sah\u0259l\u0259r \u00fc\u00e7\u00fcn uy\u011fundur. 70 m\u00b2<\/p>\n<\/div>\n<\/section>\n<section class=\"max-w-[1088px] mx-auto w-full px-5 my-10 md:my-12 lg:my-16 xl:my-20 xl:px-0\" data-block=\"product-specifications\">\n<div class=\"md:text-center\">\n<h3 class=\"text-black font-bold text-lg md:text-xl lg:text-2xl\"><strong>Product specifications<\/strong><\/h3>\n<\/div>\n<div class=\" md:mt-10\">\n<div class=\"\">\n<div class=\"lg:mt-0 \">\n<div id=\"spec-dt-750\" class=\"prose max-w-full md:overflow-auto\" data-spec-content=\"\">\n<div class=\"spreadsheet-container hidden md:block\">\n<table class=\"w-full table-fixed mb-0\">\n<thead>\n<tr>\n<th class=\"font-bold text-base\"><span class=\"block px-4\">Specifications<\/span><\/th>\n<th class=\"font-bold text-base text-center\"><span class=\"block px-10 md:px-20\">Units<\/span><\/th>\n<th class=\"font-bold text-base text-center will-change\"><span class=\"block px-4\">DT\u00a0750<\/span><\/th>\n<\/tr>\n<\/thead>\n<tbody>\n<tr class=\"bg-grey-200\/50 p-2\">\n<td colspan=\"1\"><span class=\"block px-4\">Capacity(30\u00b0C\/80% RH)<\/span><\/td>\n<td class=\"text-center\">\n<div class=\"px-10 md:px-20 flex items-center justify-center\">l\/24h<\/div>\n<\/td>\n<td class=\"text-center will-change\">\n<div class=\"px-10 md:px-20 flex items-center justify-center\">22<\/div>\n<\/td>\n<\/tr>\n<tr class=\" p-2\">\n<td colspan=\"1\"><span class=\"block px-4\">Air flow<\/span><\/td>\n<td class=\"text-center\">\n<div class=\"px-10 md:px-20 flex items-center justify-center\">m\u00b3\/h<\/div>\n<\/td>\n<td class=\"text-center will-change\">\n<div class=\"px-10 md:px-20 flex items-center justify-center\">350<\/div>\n<\/td>\n<\/tr>\n<tr class=\"bg-grey-200\/50 p-2\">\n<td colspan=\"1\"><span class=\"block px-4\">Operating temperature range<\/span><\/td>\n<td class=\"text-center\">\n<div class=\"px-10 md:px-20 flex items-center justify-center\">\u00b0C<\/div>\n<\/td>\n<td class=\"text-center will-change\">\n<div class=\"px-10 md:px-20 flex items-center justify-center\">3-35<\/div>\n<\/td>\n<\/tr>\n<tr class=\" p-2\">\n<td colspan=\"1\"><span class=\"block px-4\">Operating humidity range<\/span><\/td>\n<td class=\"text-center\">\n<div class=\"px-10 md:px-20 flex items-center justify-center\">% RH<\/div>\n<\/td>\n<td class=\"text-center will-change\">\n<div class=\"px-10 md:px-20 flex items-center justify-center\">35-95<\/div>\n<\/td>\n<\/tr>\n<tr class=\"bg-grey-200\/50 p-2\">\n<td colspan=\"1\"><span class=\"block px-4\">Power consumption<\/span><\/td>\n<td class=\"text-center\">\n<div class=\"px-10 md:px-20 flex items-center justify-center\">W<\/div>\n<\/td>\n<td class=\"text-center will-change\">\n<div class=\"px-10 md:px-20 flex items-center justify-center\">490<\/div>\n<\/td>\n<\/tr>\n<tr class=\" p-2\">\n<td colspan=\"1\"><span class=\"block px-4\">Power supply<\/span><\/td>\n<td class=\"text-center\">\n<div class=\"px-10 md:px-20 flex items-center justify-center\">V\/Hz<\/div>\n<\/td>\n<td class=\"text-center will-change\">\n<div class=\"px-10 md:px-20 flex items-center justify-center\">230\/1ph\/50<\/div>\n<\/td>\n<\/tr>\n<tr class=\"bg-grey-200\/50 p-2\">\n<td colspan=\"1\"><span class=\"block px-4\">Refrigerant<\/span><\/td>\n<td class=\"text-center\">\n<div class=\"px-10 md:px-20 flex items-center justify-center\">type<\/div>\n<\/td>\n<td class=\"text-center will-change\">\n<div class=\"px-10 md:px-20 flex items-center justify-center\">R290<\/div>\n<\/td>\n<\/tr>\n<tr class=\" p-2\">\n<td colspan=\"1\"><span class=\"block px-4\">Sound level<\/span><\/td>\n<td class=\"text-center\">\n<div class=\"px-10 md:px-20 flex items-center justify-center\">dB(A)<\/div>\n<\/td>\n<td class=\"text-center will-change\">\n<div class=\"px-10 md:px-20 flex items-center justify-center\">43<\/div>\n<\/td>\n<\/tr>\n<tr class=\"bg-grey-200\/50 p-2\">\n<td colspan=\"1\"><span class=\"block px-4\">Protection class<\/span><\/td>\n<td class=\"text-center\">\n<div class=\"px-10 md:px-20 flex items-center justify-center\"><\/div>\n<\/td>\n<td class=\"text-center will-change\">\n<div class=\"px-10 md:px-20 flex items-center justify-center\">IP44<\/div>\n<\/td>\n<\/tr>\n<tr class=\" p-2\">\n<td colspan=\"1\"><span class=\"block px-4\">Compressor<\/span><\/td>\n<td class=\"text-center\">\n<div class=\"px-10 md:px-20 flex items-center justify-center\">type<\/div>\n<\/td>\n<td class=\"text-center will-change\">\n<div class=\"px-10 md:px-20 flex items-center justify-center\">Rotary<\/div>\n<\/td>\n<\/tr>\n<tr class=\"bg-grey-200\/50 p-2\">\n<td colspan=\"1\"><span class=\"block px-4\">Tank capacity<\/span><\/td>\n<td class=\"text-center\">\n<div class=\"px-10 md:px-20 flex items-center justify-center\">l<\/div>\n<\/td>\n<td class=\"text-center will-change\">\n<div class=\"px-10 md:px-20 flex items-center justify-center\">8<\/div>\n<\/td>\n<\/tr>\n<tr class=\" p-2\">\n<td colspan=\"1\"><span class=\"block px-4\">Product size (l x w x h)<\/span><\/td>\n<td class=\"text-center\">\n<div class=\"px-10 md:px-20 flex items-center justify-center\">mm<\/div>\n<\/td>\n<td class=\"text-center will-change\">\n<div class=\"px-10 md:px-20 flex items-center justify-center\">330 x 320 x 670<\/div>\n<\/td>\n<\/tr>\n<tr class=\"bg-grey-200\/50 p-2\">\n<td colspan=\"1\"><span class=\"block px-4\">Box size (l x w x h)<\/span><\/td>\n<td class=\"text-center\">\n<div class=\"px-10 md:px-20 flex items-center justify-center\">mm<\/div>\n<\/td>\n<td class=\"text-center will-change\">\n<div class=\"px-10 md:px-20 flex items-center justify-center\">390 x 390 x 720<\/div>\n<\/td>\n<\/tr>\n<tr class=\" p-2\">\n<td colspan=\"1\"><span class=\"block px-4\">Net\/gross weight<\/span><\/td>\n<td class=\"text-center\">\n<div class=\"px-10 md:px-20 flex items-center justify-center\">kg<\/div>\n<\/td>\n<td class=\"text-center will-change\">\n<div class=\"px-10 md:px-20 flex items-center justify-center\">23\/26<\/div>\n<\/td>\n<\/tr>\n<tr class=\"bg-grey-200\/50 p-2\">\n<td colspan=\"1\"><span class=\"block px-4\">Pallet<\/span><\/td>\n<td class=\"text-center\">\n<div class=\"px-10 md:px-20 flex items-center justify-center\">pcs<\/div>\n<\/td>\n<td class=\"text-center will-change\">\n<div class=\"px-10 md:px-20 flex items-center justify-center\">12<\/div>\n<\/td>\n<\/tr>\n<\/tbody>\n<\/table>\n<\/div>\n<\/div>\n<\/div>\n<\/div>\n<\/div>\n<\/section>\n","protected":false},"excerpt":{"rendered":"<p>Kondensasiya n\u0259ml\u0259ndiricil\u0259ri<\/p>\n<figure><img decoding=\"async\" src=\"https:\/\/dantherm-group-cdn.s3.amazonaws.com\/media\/brands\/DG-Banners-Rebranding-HEYLO-to-MASTER-EN.jpg\" alt=\"\" \/><\/figure>\n<p>&nbsp;<\/p>\n<p>Ki\u00e7ik \u00f6l\u00e7\u00fcl\u0259ri v\u0259 \u00e7evik da\u015f\u0131ma konsepsiyas\u0131na g\u00f6r\u0259, kondensasiya qurutma ma\u015f\u0131n\u0131 DT 750 dar vanna ota\u011f\u0131 kimi ki\u00e7ik otaqlar\u0131 qurutmaq \u00fc\u00e7\u00fcn ideald\u0131r. Y\u0131\u011fcam qur\u011fu \u0259sas\u0259n ki\u00e7ik su z\u0259d\u0259l\u0259nm\u0259l\u0259ri v\u0259 yeni tikilil\u0259rd\u0259 qurutma\u011f\u0131 d\u0259st\u0259kl\u0259m\u0259k \u00fc\u00e7\u00fcn istifad\u0259 olunur. \u0130nteqrasiya edilmi\u015f hiqrostat vasit\u0259sil\u0259 n\u0259m \u00e7\u0131xarma performans\u0131na davaml\u0131 olaraq n\u0259zar\u0259t etm\u0259k olar.<\/p>\n<p>B\u00f6y\u00fck da\u015f\u0131ma sap\u0131, yan t\u0259r\u0259fd\u0259 \u0259lav\u0259 tutacaqlar v\u0259 a\u015fa\u011f\u0131 t\u0259r\u0259fd\u0259 ki\u00e7ik rulonlar say\u0259sind\u0259 quruducu tez v\u0259 asanl\u0131qla bir otaqdan dig\u0259rin\u0259 k\u00f6\u00e7\u00fcr\u00fcl\u0259 bil\u0259r. A\u011f\u0131ll\u0131 y\u0131\u011fma konsepsiyas\u0131 bir ne\u00e7\u0259 cihaz\u0131n yer q\u0259na\u0259t ed\u0259n \u015f\u0259kild\u0259 saxlana bil\u0259c\u0259yin\u0259 \u0259min olur.<\/p>\n<p>DT 750-nin tam metal korpusu bir hiss\u0259d\u0259 tez \u00e7\u0131xar\u0131la bil\u0259r v\u0259 qur\u011fu \u00e7ox asanl\u0131qla t\u0259mizl\u0259n\u0259 v\u0259 xidm\u0259t g\u00f6st\u0259r\u0259 bil\u0259r.<\/p>\n<p>Dig\u0259r s\u0259naye kondensasiya n\u0259ml\u0259ndiricil\u0259rin\u0259 bax\u0131n v\u0259 ya \u00e7oxlu t\u0259tbiql\u0259r \u00fc\u00e7\u00fcn uy\u011fun olan tam n\u0259ml\u0259ndiricil\u0259rimiz\u0259 bax\u0131n.<\/p>\n","protected":false},"featured_media":26067,"template":"","meta":[],"product_brand":[],"product_cat":[809,861,885],"product_tag":[],"class_list":{"0":"post-26099","1":"product","2":"type-product","3":"status-publish","4":"has-post-thumbnail","6":"product_cat-hava-nmlndiricisi-kondisioner-az-ventilyasiya-ventilyator","7":"product_cat-nmlndiricilr-nmlndirici-hava","8":"product_cat-nmlndirici-qurutma-nmlndiricilr-az","10":"first","11":"instock","12":"shipping-taxable","13":"purchasable","14":"product-type-simple"},"yoast_head":"<!-- This site is optimized with the Yoast SEO plugin v27.1.1 - https:\/\/yoast.com\/product\/yoast-seo-wordpress\/ -->\n<title>Heylo DT 750 - n\u0259ml\u0259ndirici Kondensasiya n\u0259ml\u0259ndiricil\u0259ri - GeoClimate.ge<\/title>\n<meta name=\"robots\" content=\"index, follow, max-snippet:-1, max-image-preview:large, max-video-preview:-1\" \/>\n<link rel=\"canonical\" href=\"https:\/\/geoclimate.ge\/az\/product\/heylo-dt-750-dehumidifier\/\" \/>\n<meta property=\"og:locale\" content=\"az_AZ\" \/>\n<meta property=\"og:type\" content=\"article\" \/>\n<meta property=\"og:title\" content=\"Heylo DT 750 - n\u0259ml\u0259ndirici Kondensasiya n\u0259ml\u0259ndiricil\u0259ri - GeoClimate.ge\" \/>\n<meta property=\"og:description\" content=\"Kondensasiya n\u0259ml\u0259ndiricil\u0259ri  &nbsp;  Ki\u00e7ik \u00f6l\u00e7\u00fcl\u0259ri v\u0259 \u00e7evik da\u015f\u0131ma konsepsiyas\u0131na g\u00f6r\u0259, kondensasiya qurutma ma\u015f\u0131n\u0131 DT 750 dar vanna ota\u011f\u0131 kimi ki\u00e7ik otaqlar\u0131 qurutmaq \u00fc\u00e7\u00fcn ideald\u0131r. Y\u0131\u011fcam qur\u011fu \u0259sas\u0259n ki\u00e7ik su z\u0259d\u0259l\u0259nm\u0259l\u0259ri v\u0259 yeni tikilil\u0259rd\u0259 qurutma\u011f\u0131 d\u0259st\u0259kl\u0259m\u0259k \u00fc\u00e7\u00fcn istifad\u0259 olunur. \u0130nteqrasiya edilmi\u015f hiqrostat vasit\u0259sil\u0259 n\u0259m \u00e7\u0131xarma performans\u0131na davaml\u0131 olaraq n\u0259zar\u0259t etm\u0259k olar.  B\u00f6y\u00fck da\u015f\u0131ma sap\u0131, yan t\u0259r\u0259fd\u0259 \u0259lav\u0259 tutacaqlar v\u0259 a\u015fa\u011f\u0131 t\u0259r\u0259fd\u0259 ki\u00e7ik rulonlar say\u0259sind\u0259 quruducu tez v\u0259 asanl\u0131qla bir otaqdan dig\u0259rin\u0259 k\u00f6\u00e7\u00fcr\u00fcl\u0259 bil\u0259r. A\u011f\u0131ll\u0131 y\u0131\u011fma konsepsiyas\u0131 bir ne\u00e7\u0259 cihaz\u0131n yer q\u0259na\u0259t ed\u0259n \u015f\u0259kild\u0259 saxlana bil\u0259c\u0259yin\u0259 \u0259min olur.  DT 750-nin tam metal korpusu bir hiss\u0259d\u0259 tez \u00e7\u0131xar\u0131la bil\u0259r v\u0259 qur\u011fu \u00e7ox asanl\u0131qla t\u0259mizl\u0259n\u0259 v\u0259 xidm\u0259t g\u00f6st\u0259r\u0259 bil\u0259r.  Dig\u0259r s\u0259naye kondensasiya n\u0259ml\u0259ndiricil\u0259rin\u0259 bax\u0131n v\u0259 ya \u00e7oxlu t\u0259tbiql\u0259r \u00fc\u00e7\u00fcn uy\u011fun olan tam n\u0259ml\u0259ndiricil\u0259rimiz\u0259 bax\u0131n.\" \/>\n<meta property=\"og:url\" content=\"https:\/\/geoclimate.ge\/az\/product\/heylo-dt-750-dehumidifier\/\" \/>\n<meta property=\"og:site_name\" content=\"GeoClimate.ge\" \/>\n<meta property=\"article:modified_time\" content=\"2025-03-29T06:42:27+00:00\" \/>\n<meta property=\"og:image\" content=\"https:\/\/geoclimate.ge\/wp-content\/uploads\/2025\/03\/Heylo-Luftentfeuchter-DT-750.jpg\" \/>\n\t<meta property=\"og:image:width\" content=\"1000\" \/>\n\t<meta property=\"og:image:height\" content=\"1000\" \/>\n\t<meta property=\"og:image:type\" content=\"image\/jpeg\" \/>\n<meta name=\"twitter:card\" content=\"summary_large_image\" \/>\n<meta name=\"twitter:label1\" content=\"Est. reading time\" \/>\n\t<meta name=\"twitter:data1\" content=\"1 minute\" \/>\n<script type=\"application\/ld+json\" class=\"yoast-schema-graph\">{\"@context\":\"https:\/\/schema.org\",\"@graph\":[{\"@type\":\"WebPage\",\"@id\":\"https:\/\/geoclimate.ge\/az\/product\/heylo-dt-750-dehumidifier\/\",\"url\":\"https:\/\/geoclimate.ge\/az\/product\/heylo-dt-750-dehumidifier\/\",\"name\":\"Heylo DT 750 - n\u0259ml\u0259ndirici Kondensasiya n\u0259ml\u0259ndiricil\u0259ri - GeoClimate.ge\",\"isPartOf\":{\"@id\":\"https:\/\/geoclimate.ge\/#website\"},\"primaryImageOfPage\":{\"@id\":\"https:\/\/geoclimate.ge\/az\/product\/heylo-dt-750-dehumidifier\/#primaryimage\"},\"image\":{\"@id\":\"https:\/\/geoclimate.ge\/az\/product\/heylo-dt-750-dehumidifier\/#primaryimage\"},\"thumbnailUrl\":\"https:\/\/geoclimate.ge\/wp-content\/uploads\/2025\/03\/Heylo-Luftentfeuchter-DT-750.jpg\",\"datePublished\":\"2024-01-22T17:08:06+00:00\",\"dateModified\":\"2025-03-29T06:42:27+00:00\",\"breadcrumb\":{\"@id\":\"https:\/\/geoclimate.ge\/az\/product\/heylo-dt-750-dehumidifier\/#breadcrumb\"},\"inLanguage\":\"az\",\"potentialAction\":[{\"@type\":\"ReadAction\",\"target\":[\"https:\/\/geoclimate.ge\/az\/product\/heylo-dt-750-dehumidifier\/\"]}]},{\"@type\":\"ImageObject\",\"inLanguage\":\"az\",\"@id\":\"https:\/\/geoclimate.ge\/az\/product\/heylo-dt-750-dehumidifier\/#primaryimage\",\"url\":\"https:\/\/geoclimate.ge\/wp-content\/uploads\/2025\/03\/Heylo-Luftentfeuchter-DT-750.jpg\",\"contentUrl\":\"https:\/\/geoclimate.ge\/wp-content\/uploads\/2025\/03\/Heylo-Luftentfeuchter-DT-750.jpg\",\"width\":1000,\"height\":1000},{\"@type\":\"BreadcrumbList\",\"@id\":\"https:\/\/geoclimate.ge\/az\/product\/heylo-dt-750-dehumidifier\/#breadcrumb\",\"itemListElement\":[{\"@type\":\"ListItem\",\"position\":1,\"name\":\"Home\",\"item\":\"https:\/\/geoclimate.ge\/az\/\"},{\"@type\":\"ListItem\",\"position\":2,\"name\":\"M\u0259hsullar\",\"item\":\"https:\/\/geoclimate.ge\/az\/products\/\"},{\"@type\":\"ListItem\",\"position\":3,\"name\":\"Heylo DT 750 &#8211; n\u0259ml\u0259ndirici Kondensasiya n\u0259ml\u0259ndiricil\u0259ri\"}]},{\"@type\":\"WebSite\",\"@id\":\"https:\/\/geoclimate.ge\/#website\",\"url\":\"https:\/\/geoclimate.ge\/\",\"name\":\"GeoClimate\",\"description\":\"\",\"publisher\":{\"@id\":\"https:\/\/geoclimate.ge\/#organization\"},\"potentialAction\":[{\"@type\":\"SearchAction\",\"target\":{\"@type\":\"EntryPoint\",\"urlTemplate\":\"https:\/\/geoclimate.ge\/?s={search_term_string}\"},\"query-input\":{\"@type\":\"PropertyValueSpecification\",\"valueRequired\":true,\"valueName\":\"search_term_string\"}}],\"inLanguage\":\"az\"},{\"@type\":\"Organization\",\"@id\":\"https:\/\/geoclimate.ge\/#organization\",\"name\":\"GeoClimate\",\"url\":\"https:\/\/geoclimate.ge\/\",\"logo\":{\"@type\":\"ImageObject\",\"inLanguage\":\"az\",\"@id\":\"https:\/\/geoclimate.ge\/#\/schema\/logo\/image\/\",\"url\":\"https:\/\/geoclimate.ge\/wp-content\/uploads\/2026\/03\/geoclimate-SEO.png\",\"contentUrl\":\"https:\/\/geoclimate.ge\/wp-content\/uploads\/2026\/03\/geoclimate-SEO.png\",\"width\":1536,\"height\":1024,\"caption\":\"GeoClimate\"},\"image\":{\"@id\":\"https:\/\/geoclimate.ge\/#\/schema\/logo\/image\/\"}}]}<\/script>\n<!-- \/ Yoast SEO plugin. -->","yoast_head_json":{"title":"Heylo DT 750 - n\u0259ml\u0259ndirici Kondensasiya n\u0259ml\u0259ndiricil\u0259ri - GeoClimate.ge","robots":{"index":"index","follow":"follow","max-snippet":"max-snippet:-1","max-image-preview":"max-image-preview:large","max-video-preview":"max-video-preview:-1"},"canonical":"https:\/\/geoclimate.ge\/az\/product\/heylo-dt-750-dehumidifier\/","og_locale":"az_AZ","og_type":"article","og_title":"Heylo DT 750 - n\u0259ml\u0259ndirici Kondensasiya n\u0259ml\u0259ndiricil\u0259ri - GeoClimate.ge","og_description":"Kondensasiya n\u0259ml\u0259ndiricil\u0259ri  &nbsp;  Ki\u00e7ik \u00f6l\u00e7\u00fcl\u0259ri v\u0259 \u00e7evik da\u015f\u0131ma konsepsiyas\u0131na g\u00f6r\u0259, kondensasiya qurutma ma\u015f\u0131n\u0131 DT 750 dar vanna ota\u011f\u0131 kimi ki\u00e7ik otaqlar\u0131 qurutmaq \u00fc\u00e7\u00fcn ideald\u0131r. Y\u0131\u011fcam qur\u011fu \u0259sas\u0259n ki\u00e7ik su z\u0259d\u0259l\u0259nm\u0259l\u0259ri v\u0259 yeni tikilil\u0259rd\u0259 qurutma\u011f\u0131 d\u0259st\u0259kl\u0259m\u0259k \u00fc\u00e7\u00fcn istifad\u0259 olunur. \u0130nteqrasiya edilmi\u015f hiqrostat vasit\u0259sil\u0259 n\u0259m \u00e7\u0131xarma performans\u0131na davaml\u0131 olaraq n\u0259zar\u0259t etm\u0259k olar.  B\u00f6y\u00fck da\u015f\u0131ma sap\u0131, yan t\u0259r\u0259fd\u0259 \u0259lav\u0259 tutacaqlar v\u0259 a\u015fa\u011f\u0131 t\u0259r\u0259fd\u0259 ki\u00e7ik rulonlar say\u0259sind\u0259 quruducu tez v\u0259 asanl\u0131qla bir otaqdan dig\u0259rin\u0259 k\u00f6\u00e7\u00fcr\u00fcl\u0259 bil\u0259r. A\u011f\u0131ll\u0131 y\u0131\u011fma konsepsiyas\u0131 bir ne\u00e7\u0259 cihaz\u0131n yer q\u0259na\u0259t ed\u0259n \u015f\u0259kild\u0259 saxlana bil\u0259c\u0259yin\u0259 \u0259min olur.  DT 750-nin tam metal korpusu bir hiss\u0259d\u0259 tez \u00e7\u0131xar\u0131la bil\u0259r v\u0259 qur\u011fu \u00e7ox asanl\u0131qla t\u0259mizl\u0259n\u0259 v\u0259 xidm\u0259t g\u00f6st\u0259r\u0259 bil\u0259r.  Dig\u0259r s\u0259naye kondensasiya n\u0259ml\u0259ndiricil\u0259rin\u0259 bax\u0131n v\u0259 ya \u00e7oxlu t\u0259tbiql\u0259r \u00fc\u00e7\u00fcn uy\u011fun olan tam n\u0259ml\u0259ndiricil\u0259rimiz\u0259 bax\u0131n.","og_url":"https:\/\/geoclimate.ge\/az\/product\/heylo-dt-750-dehumidifier\/","og_site_name":"GeoClimate.ge","article_modified_time":"2025-03-29T06:42:27+00:00","og_image":[{"width":1000,"height":1000,"url":"https:\/\/geoclimate.ge\/wp-content\/uploads\/2025\/03\/Heylo-Luftentfeuchter-DT-750.jpg","type":"image\/jpeg"}],"twitter_card":"summary_large_image","twitter_misc":{"Est. reading time":"1 minute"},"schema":{"@context":"https:\/\/schema.org","@graph":[{"@type":"WebPage","@id":"https:\/\/geoclimate.ge\/az\/product\/heylo-dt-750-dehumidifier\/","url":"https:\/\/geoclimate.ge\/az\/product\/heylo-dt-750-dehumidifier\/","name":"Heylo DT 750 - n\u0259ml\u0259ndirici Kondensasiya n\u0259ml\u0259ndiricil\u0259ri - GeoClimate.ge","isPartOf":{"@id":"https:\/\/geoclimate.ge\/#website"},"primaryImageOfPage":{"@id":"https:\/\/geoclimate.ge\/az\/product\/heylo-dt-750-dehumidifier\/#primaryimage"},"image":{"@id":"https:\/\/geoclimate.ge\/az\/product\/heylo-dt-750-dehumidifier\/#primaryimage"},"thumbnailUrl":"https:\/\/geoclimate.ge\/wp-content\/uploads\/2025\/03\/Heylo-Luftentfeuchter-DT-750.jpg","datePublished":"2024-01-22T17:08:06+00:00","dateModified":"2025-03-29T06:42:27+00:00","breadcrumb":{"@id":"https:\/\/geoclimate.ge\/az\/product\/heylo-dt-750-dehumidifier\/#breadcrumb"},"inLanguage":"az","potentialAction":[{"@type":"ReadAction","target":["https:\/\/geoclimate.ge\/az\/product\/heylo-dt-750-dehumidifier\/"]}]},{"@type":"ImageObject","inLanguage":"az","@id":"https:\/\/geoclimate.ge\/az\/product\/heylo-dt-750-dehumidifier\/#primaryimage","url":"https:\/\/geoclimate.ge\/wp-content\/uploads\/2025\/03\/Heylo-Luftentfeuchter-DT-750.jpg","contentUrl":"https:\/\/geoclimate.ge\/wp-content\/uploads\/2025\/03\/Heylo-Luftentfeuchter-DT-750.jpg","width":1000,"height":1000},{"@type":"BreadcrumbList","@id":"https:\/\/geoclimate.ge\/az\/product\/heylo-dt-750-dehumidifier\/#breadcrumb","itemListElement":[{"@type":"ListItem","position":1,"name":"Home","item":"https:\/\/geoclimate.ge\/az\/"},{"@type":"ListItem","position":2,"name":"M\u0259hsullar","item":"https:\/\/geoclimate.ge\/az\/products\/"},{"@type":"ListItem","position":3,"name":"Heylo DT 750 &#8211; n\u0259ml\u0259ndirici Kondensasiya n\u0259ml\u0259ndiricil\u0259ri"}]},{"@type":"WebSite","@id":"https:\/\/geoclimate.ge\/#website","url":"https:\/\/geoclimate.ge\/","name":"GeoClimate","description":"","publisher":{"@id":"https:\/\/geoclimate.ge\/#organization"},"potentialAction":[{"@type":"SearchAction","target":{"@type":"EntryPoint","urlTemplate":"https:\/\/geoclimate.ge\/?s={search_term_string}"},"query-input":{"@type":"PropertyValueSpecification","valueRequired":true,"valueName":"search_term_string"}}],"inLanguage":"az"},{"@type":"Organization","@id":"https:\/\/geoclimate.ge\/#organization","name":"GeoClimate","url":"https:\/\/geoclimate.ge\/","logo":{"@type":"ImageObject","inLanguage":"az","@id":"https:\/\/geoclimate.ge\/#\/schema\/logo\/image\/","url":"https:\/\/geoclimate.ge\/wp-content\/uploads\/2026\/03\/geoclimate-SEO.png","contentUrl":"https:\/\/geoclimate.ge\/wp-content\/uploads\/2026\/03\/geoclimate-SEO.png","width":1536,"height":1024,"caption":"GeoClimate"},"image":{"@id":"https:\/\/geoclimate.ge\/#\/schema\/logo\/image\/"}}]}},"_links":{"self":[{"href":"https:\/\/geoclimate.ge\/az\/wp-json\/wp\/v2\/product\/26099","targetHints":{"allow":["GET"]}}],"collection":[{"href":"https:\/\/geoclimate.ge\/az\/wp-json\/wp\/v2\/product"}],"about":[{"href":"https:\/\/geoclimate.ge\/az\/wp-json\/wp\/v2\/types\/product"}],"wp:featuredmedia":[{"embeddable":true,"href":"https:\/\/geoclimate.ge\/az\/wp-json\/wp\/v2\/media\/26067"}],"wp:attachment":[{"href":"https:\/\/geoclimate.ge\/az\/wp-json\/wp\/v2\/media?parent=26099"}],"wp:term":[{"taxonomy":"product_brand","embeddable":true,"href":"https:\/\/geoclimate.ge\/az\/wp-json\/wp\/v2\/product_brand?post=26099"},{"taxonomy":"product_cat","embeddable":true,"href":"https:\/\/geoclimate.ge\/az\/wp-json\/wp\/v2\/product_cat?post=26099"},{"taxonomy":"product_tag","embeddable":true,"href":"https:\/\/geoclimate.ge\/az\/wp-json\/wp\/v2\/product_tag?post=26099"}],"curies":[{"name":"wp","href":"https:\/\/api.w.org\/{rel}","templated":true}]}}