{"id":26484,"date":"2025-04-02T12:10:02","date_gmt":"2025-04-02T08:10:02","guid":{"rendered":"https:\/\/airsystems.ge\/shop\/product\/hdpe-membrane-irrigation-lagoons\/"},"modified":"2025-04-17T18:45:54","modified_gmt":"2025-04-17T14:45:54","slug":"hdpe-membrane-irrigation-lagoons","status":"publish","type":"product","link":"https:\/\/geoclimate.ge\/az\/product\/hdpe-membrane-irrigation-lagoons\/","title":{"rendered":"HDPE MEMBRAN SUVARMA LAQONLARI S\u00fcni g\u00f6l"},"content":{"rendered":"","protected":false},"excerpt":{"rendered":"<p>HDPE GEOMEMBRAN SUVARMA SU LAQUNLARI LDPE, PVC v\u0259 ya EPDM<\/p>\n<p>Bu g\u00fcn k\u0259nd t\u0259s\u0259rr\u00fcfat\u0131nda su ehtiyatlar\u0131 probleminin azald\u0131lmas\u0131 fermerl\u0259rimizin m\u00fch\u00fcm probleml\u0259rind\u0259n biridir. \u0130st\u0259r quraql\u0131q f\u0259sill\u0259r\u0259, ist\u0259rs\u0259 d\u0259 co\u011frafi \u015f\u0259rait\u0259 g\u00f6r\u0259 b\u0259zi k\u0259nd t\u0259s\u0259rr\u00fcfat\u0131 torpaqlar\u0131nda suyun saxlanmas\u0131 \u00f6hd\u0259liy\u0259 \u00e7evrilib. Ki\u00e7ik sah\u0259l\u0259r \u00fc\u00e7\u00fcn h\u0259ll\u0259r tapmaq nisb\u0259t\u0259n asand\u0131r. Ki\u00e7ik tutumlu polad, polietilen, polyester v\u0259 h\u0259tta PVC yast\u0131q tanklar\u0131 istifad\u0259 edil\u0259 bil\u0259r. Ancaq saxlama ehtiyac\u0131 artd\u0131qca, bu tank\/anbar tipl\u0259rinin he\u00e7 biri il\u0259 iqtisadi h\u0259ll\u0259r istehsal etm\u0259k m\u00fcmk\u00fcn deyil.<\/p>\n<p>\u018fn iqtisadi h\u0259ll, h\u0259tta bir \u00e7ox hallarda b\u00f6y\u00fck h\u0259cmd\u0259 suyun saxlanmas\u0131 \u00fc\u00e7\u00fcn yegan\u0259 t\u0259tbiq olunan h\u0259ll torpa\u011f\u0131n qaz\u0131lmas\u0131 v\u0259 ya doldurulmas\u0131 il\u0259 haz\u0131rlanm\u0131\u015f k\u0259nd t\u0259s\u0259rr\u00fcfat\u0131 suvarma g\u00f6lm\u0259\u00e7\u0259l\u0259ridir. \u0130stifad\u0259\u00e7inin saxlama h\u0259cmi su ehtiyatlar\u0131 v\u0259 t\u0259l\u0259b olunan saxlama m\u00fcdd\u0259ti n\u0259z\u0259r\u0259 al\u0131nmaqla m\u00fc\u0259yy\u0259n edilir. \u018fn uy\u011fun hovuz \u00f6l\u00e7\u00fcs\u00fc g\u00f6lm\u0259\u00e7\u0259 \u00fc\u00e7\u00fcn ayr\u0131la bil\u0259n \u0259razinin qiym\u0259tl\u0259ndirilm\u0259si il\u0259 se\u00e7ilir. \u018fsas parametr g\u00f6lm\u0259\u00e7\u0259nin d\u0259rinliyidir. Sifari\u015f\u00e7i \u00fc\u00e7\u00fcn se\u00e7ilmi\u015f \u00f6l\u00e7\u00fcl\u0259r\u0259 g\u00f6r\u0259 g\u00f6lm\u0259\u00e7\u0259nin r\u0259smi haz\u0131rlan\u0131r v\u0259 sifari\u015f\u00e7i bu r\u0259sm\u0259 uy\u011fun olaraq torpaq i\u015fl\u0259rini g\u00f6r\u0259r\u0259k g\u00f6lm\u0259\u00e7\u0259ni izolyasiya t\u0259tbiqi \u00fc\u00e7\u00fcn haz\u0131rlay\u0131r.<\/p>\n<p>\u0130zolyasiya t\u0259tbiqi HDPE, LDPE, PVC v\u0259 ya EPDM geomembrandan istifad\u0259 etm\u0259kl\u0259 h\u0259yata ke\u00e7irilir. \u015eirk\u0259timiz bu sah\u0259d\u0259 10 ild\u0259n art\u0131q t\u0259cr\u00fcb\u0259y\u0259 \u0259saslanaraq \u201cHDPE geomembran\u201da \u00fcst\u00fcnl\u00fck verir.<\/p>\n<p>1-SUVARMA KANALININ \u0130zolasiyas\u0131<\/p>\n<p>2- YANGIN H\u00d6VZ\u018fL\u018fR\u0130<\/p>\n<p>3- NEFT QAZMA H\u00d6VZ\u018fL\u018fR\u0130<\/p>\n<p>4- POL\u0130GON SAH\u018fS\u0130N\u0130N \u0130zolyasiyas\u0131<\/p>\n<p>5- B\u018fZ\u018fK H\u00d6VZ\u018fL\u018fR\u0130N\u0130N \u0130zolyasiya<\/p>\n<p>6- BETON \u00e7\u0259nl\u0259rin izolyasiyas\u0131<\/p>\n<p>7- B\u0130NANIN B\u00d6LG\u018fS\u0130N\u0130N V\u018f DATIN \u0130COLASYASI<\/p>\n<p>8- GEOCELL T\u018fTB\u0130Q\u0130<\/p>\n","protected":false},"featured_media":26472,"template":"","meta":[],"product_brand":[],"product_cat":[1223,798],"product_tag":[],"class_list":{"0":"post-26484","1":"product","2":"type-product","3":"status-publish","4":"has-post-thumbnail","6":"product_cat-hdpe-geomembran-laqun-suvarma-laqunlari","7":"product_cat-water-tanks-az","9":"first","10":"instock","11":"shipping-taxable","12":"product-type-simple"},"yoast_head":"<!-- This site is optimized with the Yoast SEO plugin v27.1.1 - https:\/\/yoast.com\/product\/yoast-seo-wordpress\/ -->\n<title>HDPE MEMBRAN SUVARMA LAQONLARI S\u00fcni g\u00f6l - GeoClimate.ge<\/title>\n<meta name=\"robots\" content=\"index, follow, max-snippet:-1, max-image-preview:large, max-video-preview:-1\" \/>\n<link rel=\"canonical\" href=\"https:\/\/geoclimate.ge\/az\/product\/hdpe-membrane-irrigation-lagoons\/\" \/>\n<meta property=\"og:locale\" content=\"az_AZ\" \/>\n<meta property=\"og:type\" content=\"article\" \/>\n<meta property=\"og:title\" content=\"HDPE MEMBRAN SUVARMA LAQONLARI S\u00fcni g\u00f6l - GeoClimate.ge\" \/>\n<meta property=\"og:description\" content=\"HDPE GEOMEMBRAN SUVARMA SU LAQUNLARI LDPE, PVC v\u0259 ya EPDM  Bu g\u00fcn k\u0259nd t\u0259s\u0259rr\u00fcfat\u0131nda su ehtiyatlar\u0131 probleminin azald\u0131lmas\u0131 fermerl\u0259rimizin m\u00fch\u00fcm probleml\u0259rind\u0259n biridir. \u0130st\u0259r quraql\u0131q f\u0259sill\u0259r\u0259, ist\u0259rs\u0259 d\u0259 co\u011frafi \u015f\u0259rait\u0259 g\u00f6r\u0259 b\u0259zi k\u0259nd t\u0259s\u0259rr\u00fcfat\u0131 torpaqlar\u0131nda suyun saxlanmas\u0131 \u00f6hd\u0259liy\u0259 \u00e7evrilib. Ki\u00e7ik sah\u0259l\u0259r \u00fc\u00e7\u00fcn h\u0259ll\u0259r tapmaq nisb\u0259t\u0259n asand\u0131r. Ki\u00e7ik tutumlu polad, polietilen, polyester v\u0259 h\u0259tta PVC yast\u0131q tanklar\u0131 istifad\u0259 edil\u0259 bil\u0259r. Ancaq saxlama ehtiyac\u0131 artd\u0131qca, bu tank\/anbar tipl\u0259rinin he\u00e7 biri il\u0259 iqtisadi h\u0259ll\u0259r istehsal etm\u0259k m\u00fcmk\u00fcn deyil.  \u018fn iqtisadi h\u0259ll, h\u0259tta bir \u00e7ox hallarda b\u00f6y\u00fck h\u0259cmd\u0259 suyun saxlanmas\u0131 \u00fc\u00e7\u00fcn yegan\u0259 t\u0259tbiq olunan h\u0259ll torpa\u011f\u0131n qaz\u0131lmas\u0131 v\u0259 ya doldurulmas\u0131 il\u0259 haz\u0131rlanm\u0131\u015f k\u0259nd t\u0259s\u0259rr\u00fcfat\u0131 suvarma g\u00f6lm\u0259\u00e7\u0259l\u0259ridir. \u0130stifad\u0259\u00e7inin saxlama h\u0259cmi su ehtiyatlar\u0131 v\u0259 t\u0259l\u0259b olunan saxlama m\u00fcdd\u0259ti n\u0259z\u0259r\u0259 al\u0131nmaqla m\u00fc\u0259yy\u0259n edilir. \u018fn uy\u011fun hovuz \u00f6l\u00e7\u00fcs\u00fc g\u00f6lm\u0259\u00e7\u0259 \u00fc\u00e7\u00fcn ayr\u0131la bil\u0259n \u0259razinin qiym\u0259tl\u0259ndirilm\u0259si il\u0259 se\u00e7ilir. \u018fsas parametr g\u00f6lm\u0259\u00e7\u0259nin d\u0259rinliyidir. Sifari\u015f\u00e7i \u00fc\u00e7\u00fcn se\u00e7ilmi\u015f \u00f6l\u00e7\u00fcl\u0259r\u0259 g\u00f6r\u0259 g\u00f6lm\u0259\u00e7\u0259nin r\u0259smi haz\u0131rlan\u0131r v\u0259 sifari\u015f\u00e7i bu r\u0259sm\u0259 uy\u011fun olaraq torpaq i\u015fl\u0259rini g\u00f6r\u0259r\u0259k g\u00f6lm\u0259\u00e7\u0259ni izolyasiya t\u0259tbiqi \u00fc\u00e7\u00fcn haz\u0131rlay\u0131r.  \u0130zolyasiya t\u0259tbiqi HDPE, LDPE, PVC v\u0259 ya EPDM geomembrandan istifad\u0259 etm\u0259kl\u0259 h\u0259yata ke\u00e7irilir. \u015eirk\u0259timiz bu sah\u0259d\u0259 10 ild\u0259n art\u0131q t\u0259cr\u00fcb\u0259y\u0259 \u0259saslanaraq \u201cHDPE geomembran\u201da \u00fcst\u00fcnl\u00fck verir.  1-SUVARMA KANALININ \u0130zolasiyas\u0131  2- YANGIN H\u00d6VZ\u018fL\u018fR\u0130  3- NEFT QAZMA H\u00d6VZ\u018fL\u018fR\u0130  4- POL\u0130GON SAH\u018fS\u0130N\u0130N \u0130zolyasiyas\u0131  5- B\u018fZ\u018fK H\u00d6VZ\u018fL\u018fR\u0130N\u0130N \u0130zolyasiya  6- BETON \u00e7\u0259nl\u0259rin izolyasiyas\u0131  7- B\u0130NANIN B\u00d6LG\u018fS\u0130N\u0130N V\u018f DATIN \u0130COLASYASI  8- GEOCELL T\u018fTB\u0130Q\u0130\" \/>\n<meta property=\"og:url\" content=\"https:\/\/geoclimate.ge\/az\/product\/hdpe-membrane-irrigation-lagoons\/\" \/>\n<meta property=\"og:site_name\" content=\"GeoClimate.ge\" \/>\n<meta property=\"article:modified_time\" content=\"2025-04-17T14:45:54+00:00\" \/>\n<meta property=\"og:image\" content=\"https:\/\/geoclimate.ge\/wp-content\/uploads\/2025\/04\/Lagoon-12.jpg\" \/>\n\t<meta property=\"og:image:width\" content=\"652\" \/>\n\t<meta property=\"og:image:height\" content=\"233\" \/>\n\t<meta property=\"og:image:type\" content=\"image\/jpeg\" \/>\n<meta name=\"twitter:card\" content=\"summary_large_image\" \/>\n<script type=\"application\/ld+json\" class=\"yoast-schema-graph\">{\"@context\":\"https:\/\/schema.org\",\"@graph\":[{\"@type\":\"WebPage\",\"@id\":\"https:\/\/geoclimate.ge\/az\/product\/hdpe-membrane-irrigation-lagoons\/\",\"url\":\"https:\/\/geoclimate.ge\/az\/product\/hdpe-membrane-irrigation-lagoons\/\",\"name\":\"HDPE MEMBRAN SUVARMA LAQONLARI S\u00fcni g\u00f6l - GeoClimate.ge\",\"isPartOf\":{\"@id\":\"https:\/\/geoclimate.ge\/#website\"},\"primaryImageOfPage\":{\"@id\":\"https:\/\/geoclimate.ge\/az\/product\/hdpe-membrane-irrigation-lagoons\/#primaryimage\"},\"image\":{\"@id\":\"https:\/\/geoclimate.ge\/az\/product\/hdpe-membrane-irrigation-lagoons\/#primaryimage\"},\"thumbnailUrl\":\"https:\/\/geoclimate.ge\/wp-content\/uploads\/2025\/04\/Lagoon-12.jpg\",\"datePublished\":\"2025-04-02T08:10:02+00:00\",\"dateModified\":\"2025-04-17T14:45:54+00:00\",\"breadcrumb\":{\"@id\":\"https:\/\/geoclimate.ge\/az\/product\/hdpe-membrane-irrigation-lagoons\/#breadcrumb\"},\"inLanguage\":\"az\",\"potentialAction\":[{\"@type\":\"ReadAction\",\"target\":[\"https:\/\/geoclimate.ge\/az\/product\/hdpe-membrane-irrigation-lagoons\/\"]}]},{\"@type\":\"ImageObject\",\"inLanguage\":\"az\",\"@id\":\"https:\/\/geoclimate.ge\/az\/product\/hdpe-membrane-irrigation-lagoons\/#primaryimage\",\"url\":\"https:\/\/geoclimate.ge\/wp-content\/uploads\/2025\/04\/Lagoon-12.jpg\",\"contentUrl\":\"https:\/\/geoclimate.ge\/wp-content\/uploads\/2025\/04\/Lagoon-12.jpg\",\"width\":652,\"height\":233},{\"@type\":\"BreadcrumbList\",\"@id\":\"https:\/\/geoclimate.ge\/az\/product\/hdpe-membrane-irrigation-lagoons\/#breadcrumb\",\"itemListElement\":[{\"@type\":\"ListItem\",\"position\":1,\"name\":\"Home\",\"item\":\"https:\/\/geoclimate.ge\/az\/\"},{\"@type\":\"ListItem\",\"position\":2,\"name\":\"M\u0259hsullar\",\"item\":\"https:\/\/geoclimate.ge\/az\/products\/\"},{\"@type\":\"ListItem\",\"position\":3,\"name\":\"HDPE MEMBRAN SUVARMA LAQONLARI S\u00fcni g\u00f6l\"}]},{\"@type\":\"WebSite\",\"@id\":\"https:\/\/geoclimate.ge\/#website\",\"url\":\"https:\/\/geoclimate.ge\/\",\"name\":\"GeoClimate\",\"description\":\"\",\"publisher\":{\"@id\":\"https:\/\/geoclimate.ge\/#organization\"},\"potentialAction\":[{\"@type\":\"SearchAction\",\"target\":{\"@type\":\"EntryPoint\",\"urlTemplate\":\"https:\/\/geoclimate.ge\/?s={search_term_string}\"},\"query-input\":{\"@type\":\"PropertyValueSpecification\",\"valueRequired\":true,\"valueName\":\"search_term_string\"}}],\"inLanguage\":\"az\"},{\"@type\":\"Organization\",\"@id\":\"https:\/\/geoclimate.ge\/#organization\",\"name\":\"GeoClimate\",\"url\":\"https:\/\/geoclimate.ge\/\",\"logo\":{\"@type\":\"ImageObject\",\"inLanguage\":\"az\",\"@id\":\"https:\/\/geoclimate.ge\/#\/schema\/logo\/image\/\",\"url\":\"https:\/\/geoclimate.ge\/wp-content\/uploads\/2026\/03\/geoclimate-SEO.png\",\"contentUrl\":\"https:\/\/geoclimate.ge\/wp-content\/uploads\/2026\/03\/geoclimate-SEO.png\",\"width\":1536,\"height\":1024,\"caption\":\"GeoClimate\"},\"image\":{\"@id\":\"https:\/\/geoclimate.ge\/#\/schema\/logo\/image\/\"}}]}<\/script>\n<!-- \/ Yoast SEO plugin. -->","yoast_head_json":{"title":"HDPE MEMBRAN SUVARMA LAQONLARI S\u00fcni g\u00f6l - GeoClimate.ge","robots":{"index":"index","follow":"follow","max-snippet":"max-snippet:-1","max-image-preview":"max-image-preview:large","max-video-preview":"max-video-preview:-1"},"canonical":"https:\/\/geoclimate.ge\/az\/product\/hdpe-membrane-irrigation-lagoons\/","og_locale":"az_AZ","og_type":"article","og_title":"HDPE MEMBRAN SUVARMA LAQONLARI S\u00fcni g\u00f6l - GeoClimate.ge","og_description":"HDPE GEOMEMBRAN SUVARMA SU LAQUNLARI LDPE, PVC v\u0259 ya EPDM  Bu g\u00fcn k\u0259nd t\u0259s\u0259rr\u00fcfat\u0131nda su ehtiyatlar\u0131 probleminin azald\u0131lmas\u0131 fermerl\u0259rimizin m\u00fch\u00fcm probleml\u0259rind\u0259n biridir. \u0130st\u0259r quraql\u0131q f\u0259sill\u0259r\u0259, ist\u0259rs\u0259 d\u0259 co\u011frafi \u015f\u0259rait\u0259 g\u00f6r\u0259 b\u0259zi k\u0259nd t\u0259s\u0259rr\u00fcfat\u0131 torpaqlar\u0131nda suyun saxlanmas\u0131 \u00f6hd\u0259liy\u0259 \u00e7evrilib. Ki\u00e7ik sah\u0259l\u0259r \u00fc\u00e7\u00fcn h\u0259ll\u0259r tapmaq nisb\u0259t\u0259n asand\u0131r. Ki\u00e7ik tutumlu polad, polietilen, polyester v\u0259 h\u0259tta PVC yast\u0131q tanklar\u0131 istifad\u0259 edil\u0259 bil\u0259r. Ancaq saxlama ehtiyac\u0131 artd\u0131qca, bu tank\/anbar tipl\u0259rinin he\u00e7 biri il\u0259 iqtisadi h\u0259ll\u0259r istehsal etm\u0259k m\u00fcmk\u00fcn deyil.  \u018fn iqtisadi h\u0259ll, h\u0259tta bir \u00e7ox hallarda b\u00f6y\u00fck h\u0259cmd\u0259 suyun saxlanmas\u0131 \u00fc\u00e7\u00fcn yegan\u0259 t\u0259tbiq olunan h\u0259ll torpa\u011f\u0131n qaz\u0131lmas\u0131 v\u0259 ya doldurulmas\u0131 il\u0259 haz\u0131rlanm\u0131\u015f k\u0259nd t\u0259s\u0259rr\u00fcfat\u0131 suvarma g\u00f6lm\u0259\u00e7\u0259l\u0259ridir. \u0130stifad\u0259\u00e7inin saxlama h\u0259cmi su ehtiyatlar\u0131 v\u0259 t\u0259l\u0259b olunan saxlama m\u00fcdd\u0259ti n\u0259z\u0259r\u0259 al\u0131nmaqla m\u00fc\u0259yy\u0259n edilir. \u018fn uy\u011fun hovuz \u00f6l\u00e7\u00fcs\u00fc g\u00f6lm\u0259\u00e7\u0259 \u00fc\u00e7\u00fcn ayr\u0131la bil\u0259n \u0259razinin qiym\u0259tl\u0259ndirilm\u0259si il\u0259 se\u00e7ilir. \u018fsas parametr g\u00f6lm\u0259\u00e7\u0259nin d\u0259rinliyidir. Sifari\u015f\u00e7i \u00fc\u00e7\u00fcn se\u00e7ilmi\u015f \u00f6l\u00e7\u00fcl\u0259r\u0259 g\u00f6r\u0259 g\u00f6lm\u0259\u00e7\u0259nin r\u0259smi haz\u0131rlan\u0131r v\u0259 sifari\u015f\u00e7i bu r\u0259sm\u0259 uy\u011fun olaraq torpaq i\u015fl\u0259rini g\u00f6r\u0259r\u0259k g\u00f6lm\u0259\u00e7\u0259ni izolyasiya t\u0259tbiqi \u00fc\u00e7\u00fcn haz\u0131rlay\u0131r.  \u0130zolyasiya t\u0259tbiqi HDPE, LDPE, PVC v\u0259 ya EPDM geomembrandan istifad\u0259 etm\u0259kl\u0259 h\u0259yata ke\u00e7irilir. \u015eirk\u0259timiz bu sah\u0259d\u0259 10 ild\u0259n art\u0131q t\u0259cr\u00fcb\u0259y\u0259 \u0259saslanaraq \u201cHDPE geomembran\u201da \u00fcst\u00fcnl\u00fck verir.  1-SUVARMA KANALININ \u0130zolasiyas\u0131  2- YANGIN H\u00d6VZ\u018fL\u018fR\u0130  3- NEFT QAZMA H\u00d6VZ\u018fL\u018fR\u0130  4- POL\u0130GON SAH\u018fS\u0130N\u0130N \u0130zolyasiyas\u0131  5- B\u018fZ\u018fK H\u00d6VZ\u018fL\u018fR\u0130N\u0130N \u0130zolyasiya  6- BETON \u00e7\u0259nl\u0259rin izolyasiyas\u0131  7- B\u0130NANIN B\u00d6LG\u018fS\u0130N\u0130N V\u018f DATIN \u0130COLASYASI  8- GEOCELL T\u018fTB\u0130Q\u0130","og_url":"https:\/\/geoclimate.ge\/az\/product\/hdpe-membrane-irrigation-lagoons\/","og_site_name":"GeoClimate.ge","article_modified_time":"2025-04-17T14:45:54+00:00","og_image":[{"width":652,"height":233,"url":"https:\/\/geoclimate.ge\/wp-content\/uploads\/2025\/04\/Lagoon-12.jpg","type":"image\/jpeg"}],"twitter_card":"summary_large_image","schema":{"@context":"https:\/\/schema.org","@graph":[{"@type":"WebPage","@id":"https:\/\/geoclimate.ge\/az\/product\/hdpe-membrane-irrigation-lagoons\/","url":"https:\/\/geoclimate.ge\/az\/product\/hdpe-membrane-irrigation-lagoons\/","name":"HDPE MEMBRAN SUVARMA LAQONLARI S\u00fcni g\u00f6l - GeoClimate.ge","isPartOf":{"@id":"https:\/\/geoclimate.ge\/#website"},"primaryImageOfPage":{"@id":"https:\/\/geoclimate.ge\/az\/product\/hdpe-membrane-irrigation-lagoons\/#primaryimage"},"image":{"@id":"https:\/\/geoclimate.ge\/az\/product\/hdpe-membrane-irrigation-lagoons\/#primaryimage"},"thumbnailUrl":"https:\/\/geoclimate.ge\/wp-content\/uploads\/2025\/04\/Lagoon-12.jpg","datePublished":"2025-04-02T08:10:02+00:00","dateModified":"2025-04-17T14:45:54+00:00","breadcrumb":{"@id":"https:\/\/geoclimate.ge\/az\/product\/hdpe-membrane-irrigation-lagoons\/#breadcrumb"},"inLanguage":"az","potentialAction":[{"@type":"ReadAction","target":["https:\/\/geoclimate.ge\/az\/product\/hdpe-membrane-irrigation-lagoons\/"]}]},{"@type":"ImageObject","inLanguage":"az","@id":"https:\/\/geoclimate.ge\/az\/product\/hdpe-membrane-irrigation-lagoons\/#primaryimage","url":"https:\/\/geoclimate.ge\/wp-content\/uploads\/2025\/04\/Lagoon-12.jpg","contentUrl":"https:\/\/geoclimate.ge\/wp-content\/uploads\/2025\/04\/Lagoon-12.jpg","width":652,"height":233},{"@type":"BreadcrumbList","@id":"https:\/\/geoclimate.ge\/az\/product\/hdpe-membrane-irrigation-lagoons\/#breadcrumb","itemListElement":[{"@type":"ListItem","position":1,"name":"Home","item":"https:\/\/geoclimate.ge\/az\/"},{"@type":"ListItem","position":2,"name":"M\u0259hsullar","item":"https:\/\/geoclimate.ge\/az\/products\/"},{"@type":"ListItem","position":3,"name":"HDPE MEMBRAN SUVARMA LAQONLARI S\u00fcni g\u00f6l"}]},{"@type":"WebSite","@id":"https:\/\/geoclimate.ge\/#website","url":"https:\/\/geoclimate.ge\/","name":"GeoClimate","description":"","publisher":{"@id":"https:\/\/geoclimate.ge\/#organization"},"potentialAction":[{"@type":"SearchAction","target":{"@type":"EntryPoint","urlTemplate":"https:\/\/geoclimate.ge\/?s={search_term_string}"},"query-input":{"@type":"PropertyValueSpecification","valueRequired":true,"valueName":"search_term_string"}}],"inLanguage":"az"},{"@type":"Organization","@id":"https:\/\/geoclimate.ge\/#organization","name":"GeoClimate","url":"https:\/\/geoclimate.ge\/","logo":{"@type":"ImageObject","inLanguage":"az","@id":"https:\/\/geoclimate.ge\/#\/schema\/logo\/image\/","url":"https:\/\/geoclimate.ge\/wp-content\/uploads\/2026\/03\/geoclimate-SEO.png","contentUrl":"https:\/\/geoclimate.ge\/wp-content\/uploads\/2026\/03\/geoclimate-SEO.png","width":1536,"height":1024,"caption":"GeoClimate"},"image":{"@id":"https:\/\/geoclimate.ge\/#\/schema\/logo\/image\/"}}]}},"_links":{"self":[{"href":"https:\/\/geoclimate.ge\/az\/wp-json\/wp\/v2\/product\/26484","targetHints":{"allow":["GET"]}}],"collection":[{"href":"https:\/\/geoclimate.ge\/az\/wp-json\/wp\/v2\/product"}],"about":[{"href":"https:\/\/geoclimate.ge\/az\/wp-json\/wp\/v2\/types\/product"}],"wp:featuredmedia":[{"embeddable":true,"href":"https:\/\/geoclimate.ge\/az\/wp-json\/wp\/v2\/media\/26472"}],"wp:attachment":[{"href":"https:\/\/geoclimate.ge\/az\/wp-json\/wp\/v2\/media?parent=26484"}],"wp:term":[{"taxonomy":"product_brand","embeddable":true,"href":"https:\/\/geoclimate.ge\/az\/wp-json\/wp\/v2\/product_brand?post=26484"},{"taxonomy":"product_cat","embeddable":true,"href":"https:\/\/geoclimate.ge\/az\/wp-json\/wp\/v2\/product_cat?post=26484"},{"taxonomy":"product_tag","embeddable":true,"href":"https:\/\/geoclimate.ge\/az\/wp-json\/wp\/v2\/product_tag?post=26484"}],"curies":[{"name":"wp","href":"https:\/\/api.w.org\/{rel}","templated":true}]}}