{"id":26685,"date":"2024-01-22T20:59:07","date_gmt":"2024-01-22T16:59:07","guid":{"rendered":"https:\/\/airsystems.ge\/shop\/product\/trotec-ttk-175-s-condensation-dehumidifier\/"},"modified":"2025-04-05T12:26:54","modified_gmt":"2025-04-05T08:26:54","slug":"trotec-ttk-175-s-condensation-dehumidifier","status":"publish","type":"product","link":"https:\/\/geoclimate.ge\/az\/product\/trotec-ttk-175-s-condensation-dehumidifier\/","title":{"rendered":"Trotec TTK 175 S \u2013 kondensasiya n\u0259ml\u0259ndiricisi."},"content":{"rendered":"<section class=\"max-w-[1088px] mx-auto w-full px-5 my-10 md:my-12 lg:my-16 xl:my-20 xl:px-0\" data-block=\"bullet-list\">\n<div class=\"md:text-center\">\n<h3 class=\"text-black font-bold text-lg md:text-xl lg:text-2xl\">\u018fsas x\u00fcsusiyy\u0259tl\u0259r.<\/h3>\n<\/div>\n<div class=\"mt-6 md:mt-10\">\n<div class=\"flex flex-wrap\">\n<div class=\"w-full md:w-1\/2 auto-bullets md:pr-16\">\n<ul>\n<li class=\"text-sm md:text-base text-black mt-3 flex items-start\">\n<div class=\"pl-5\">A\u015fa\u011f\u0131 temperaturda bel\u0259 y\u00fcks\u0259k n\u0259ml\u0259ndirm\u0259 performans\u0131.<br \/>\nB\u00fct\u00fcn elektrik komponentl\u0259ri toz v\u0259 n\u0259md\u0259n qorunur.<br \/>\nSad\u0259 v\u0259 saxlamaq asan.<br \/>\nOptimal idar\u0259etm\u0259.<br \/>\nYer\u0259 q\u0259na\u0259t etm\u0259k \u00fc\u00e7\u00fcn portativ v\u0259 y\u0131\u011f\u0131la bil\u0259n.<br \/>\nAvtomatik defrost.<br \/>\nTank dolu olduqda avtomatik s\u00f6nd\u00fcrm\u0259.<br \/>\nAnaloq higrostat.<br \/>\nHortum birl\u0259\u015fdiricisi.<br \/>\n35\u00b0C-d\u0259 avtomatik s\u00f6nd\u00fcrm\u0259.<\/div>\n<\/li>\n<\/ul>\n<\/div>\n<\/div>\n<\/div>\n<\/section>\n<section class=\"max-w-[1088px] mx-auto w-full px-5 my-10 md:my-12 lg:my-16 xl:my-20 xl:px-0\" data-block=\"product-specifications\">\n<div class=\"md:text-center\">\n<h3 class=\"text-black font-bold text-lg md:text-xl lg:text-2xl\"><strong>Product specifications<\/strong><\/h3>\n<\/div>\n<div class=\" md:mt-10\">\n<div class=\"\">\n<div class=\"lg:mt-0 \">\n<div id=\"spec-ttk-175-s\" class=\"prose max-w-full md:overflow-auto\" data-spec-content=\"\">\n<div class=\"spreadsheet-container hidden md:block\">\n<table class=\"w-full table-fixed mb-0\">\n<thead>\n<tr>\n<th class=\"font-bold text-base\"><span class=\"block px-4\">Specifications<\/span><\/th>\n<th class=\"font-bold text-base text-center\"><span class=\"block px-10 md:px-20\">Units<\/span><\/th>\n<th class=\"font-bold text-base text-center will-change\"><span class=\"block px-4\">TTK\u00a0175\u00a0S<\/span><\/th>\n<\/tr>\n<\/thead>\n<tbody>\n<tr class=\"bg-grey-200\/50 p-2\">\n<td colspan=\"1\"><span class=\"block px-4\">Capacity(30\u00b0C\/80% RH)<\/span><\/td>\n<td class=\"text-center\">\n<div class=\"px-10 md:px-20 flex items-center justify-center\">l\/24h<\/div>\n<\/td>\n<td class=\"text-center will-change\">\n<div class=\"px-10 md:px-20 flex items-center justify-center\">40<\/div>\n<\/td>\n<\/tr>\n<tr class=\" p-2\">\n<td colspan=\"1\"><span class=\"block px-4\">Air flow<\/span><\/td>\n<td class=\"text-center\">\n<div class=\"px-10 md:px-20 flex items-center justify-center\">m\u00b3\/h<\/div>\n<\/td>\n<td class=\"text-center will-change\">\n<div class=\"px-10 md:px-20 flex items-center justify-center\">580<\/div>\n<\/td>\n<\/tr>\n<tr class=\"bg-grey-200\/50 p-2\">\n<td colspan=\"1\"><span class=\"block px-4\">Operating temperature range<\/span><\/td>\n<td class=\"text-center\">\n<div class=\"px-10 md:px-20 flex items-center justify-center\">\u00b0C<\/div>\n<\/td>\n<td class=\"text-center will-change\">\n<div class=\"px-10 md:px-20 flex items-center justify-center\">5-32<\/div>\n<\/td>\n<\/tr>\n<tr class=\" p-2\">\n<td colspan=\"1\"><span class=\"block px-4\">Operating humidity range<\/span><\/td>\n<td class=\"text-center\">\n<div class=\"px-10 md:px-20 flex items-center justify-center\">% RH<\/div>\n<\/td>\n<td class=\"text-center will-change\">\n<div class=\"px-10 md:px-20 flex items-center justify-center\">35-90<\/div>\n<\/td>\n<\/tr>\n<tr class=\"bg-grey-200\/50 p-2\">\n<td colspan=\"1\"><span class=\"block px-4\">Power consumption<\/span><\/td>\n<td class=\"text-center\">\n<div class=\"px-10 md:px-20 flex items-center justify-center\">W<\/div>\n<\/td>\n<td class=\"text-center will-change\">\n<div class=\"px-10 md:px-20 flex items-center justify-center\">600<\/div>\n<\/td>\n<\/tr>\n<tr class=\" p-2\">\n<td colspan=\"1\"><span class=\"block px-4\">Power supply<\/span><\/td>\n<td class=\"text-center\">\n<div class=\"px-10 md:px-20 flex items-center justify-center\">V\/Hz<\/div>\n<\/td>\n<td class=\"text-center will-change\">\n<div class=\"px-10 md:px-20 flex items-center justify-center\">220-240\/50<\/div>\n<\/td>\n<\/tr>\n<tr class=\"bg-grey-200\/50 p-2\">\n<td colspan=\"1\"><span class=\"block px-4\">Sound level @1m<\/span><\/td>\n<td class=\"text-center\">\n<div class=\"px-10 md:px-20 flex items-center justify-center\">dB(A)<\/div>\n<\/td>\n<td class=\"text-center will-change\">\n<div class=\"px-10 md:px-20 flex items-center justify-center\">52<\/div>\n<\/td>\n<\/tr>\n<tr class=\" p-2\">\n<td colspan=\"1\"><span class=\"block px-4\">Compressor<\/span><\/td>\n<td class=\"text-center\">\n<div class=\"px-10 md:px-20 flex items-center justify-center\">Type<\/div>\n<\/td>\n<td class=\"text-center will-change\">\n<div class=\"px-10 md:px-20 flex items-center justify-center\">Rotary<\/div>\n<\/td>\n<\/tr>\n<tr class=\"bg-grey-200\/50 p-2\">\n<td colspan=\"1\"><span class=\"block px-4\">Refrigerant<\/span><\/td>\n<td class=\"text-center\">\n<div class=\"px-10 md:px-20 flex items-center justify-center\">Type\/g<\/div>\n<\/td>\n<td class=\"text-center will-change\">\n<div class=\"px-10 md:px-20 flex items-center justify-center\">R290\/150<\/div>\n<\/td>\n<\/tr>\n<tr class=\" p-2\">\n<td colspan=\"1\"><span class=\"block px-4\">Tank capacity<\/span><\/td>\n<td class=\"text-center\">\n<div class=\"px-10 md:px-20 flex items-center justify-center\">l<\/div>\n<\/td>\n<td class=\"text-center will-change\">\n<div class=\"px-10 md:px-20 flex items-center justify-center\">6<\/div>\n<\/td>\n<\/tr>\n<tr class=\"bg-grey-200\/50 p-2\">\n<td colspan=\"1\"><span class=\"block px-4\">Product size (l x w x h)<\/span><\/td>\n<td class=\"text-center\">\n<div class=\"px-10 md:px-20 flex items-center justify-center\">mm<\/div>\n<\/td>\n<td class=\"text-center will-change\">\n<div class=\"px-10 md:px-20 flex items-center justify-center\">390 x 380 x 643<\/div>\n<\/td>\n<\/tr>\n<tr class=\" p-2\">\n<td colspan=\"1\"><span class=\"block px-4\">Weight<\/span><\/td>\n<td class=\"text-center\">\n<div class=\"px-10 md:px-20 flex items-center justify-center\">kg<\/div>\n<\/td>\n<td class=\"text-center will-change\">\n<div class=\"px-10 md:px-20 flex items-center justify-center\">35<\/div>\n<\/td>\n<\/tr>\n<\/tbody>\n<\/table>\n<\/div>\n<\/div>\n<\/div>\n<\/div>\n<\/div>\n<\/section>\n<section class=\"max-w-[1088px] mx-auto w-full px-5 my-10 md:my-12 lg:my-16 xl:my-20 xl:px-0\" data-block=\"link-list\">\n<div class=\"max-w-[1088px] mx-auto\">\n<div class=\"md:text-center\">\n<h3 class=\"text-black font-bold text-lg md:text-xl lg:text-2xl\">Uy\u011fundur:<\/h3>\n<\/div>\n<div class=\"mt-6 max-w-4xl mx-auto\">\n<div class=\"flex flex-wrap md:ml-20\">\n<div class=\"w-full md:w-1\/2 auto-bullets md:pr-16\">\n<ul>\n<li class=\"flex items-center gap-5 text-sm text-black mt-3 md:text-base lg:text-lg\">Ticar\u0259t binalar\u0131.<br \/>\nTikinti.<br \/>\nS\u0259naye, fabrikl\u0259r v\u0259 istehsal.<br \/>\n\u0130stirah\u0259t v\u0259 istirah\u0259t.<br \/>\nH\u0259rbi v\u0259 aerokosmik.<br \/>\nMuzeyl\u0259r v\u0259 qalereyalar.<br \/>\n\u0130car\u0259 \u015firk\u0259tl\u0259ri.<br \/>\nYa\u015fay\u0131\u015f binalar\u0131.<br \/>\nAnbarlar v\u0259 anbarlar.<br \/>\nSu z\u0259r\u0259rinin b\u0259rpas\u0131.<\/li>\n<\/ul>\n<\/div>\n<div class=\"md:text-center\">\n<h3 class=\"text-black font-bold text-lg md:text-xl lg:text-2xl\"><strong>Useful downloads<\/strong><\/h3>\n<\/div>\n<div class=\"mt-6 md:mt-10\">\n<div class=\"flex flex-col md:flex-row md:flex-wrap md:justify-center\">\n<div class=\"mb-4 md:mb-8 w-full md:w-1\/2 md:px-4\">\n<div class=\"p-4 md:p-5 h-full flex md:items-center border border-grey-300\">\n<div class=\"mt-1.5 md:mt-0 w-6 md:w-10\"><a href=\"https:\/\/www.danthermgroup.com\/downloads\/dantherm-group-professional-portable-catalogue\" target=\"_blank\" rel=\"nofollow noindex noopener\"><img decoding=\"async\" class=\"lazyload h-8 md:h-14 w-auto object-contain\" src=\"https:\/\/dantherm-group-cdn.s3.amazonaws.com\/media\/icons\/download-catalog.svg\" alt=\"Download catalog\" height=\"56\" \/><\/a><\/div>\n<div class=\"flex-1 pl-4 md:px-8\">\n<h2 class=\"font-bold text-sm md:text-lg\"><a class=\"underline underline-offset-2 decoration-transparent transition duration-300 ease-linear hover:decoration-black\" href=\"https:\/\/www.danthermgroup.com\/downloads\/dantherm-group-professional-portable-catalogue\" target=\"_blank\" rel=\"nofollow noindex noopener\">Dantherm Group Catalogue \u2013 Professional Portable Solutions<\/a><\/h2>\n<\/div>\n<\/div>\n<\/div>\n<\/div>\n<\/div>\n<\/div>\n<\/div>\n<\/div>\n<\/section>\n","protected":false},"excerpt":{"rendered":"<div class=\"max-w-4xl\">\n<div class=\"text-xl font-bold mt-1 md:mt-2\">\n<p>Professional kommersiya n\u0259ml\u0259ndiricil\u0259ri.<\/p>\n<p>TTK 175 S kommersiya n\u0259ml\u0259ndiricisi t\u0259kmill\u0259\u015fdirilmi\u015f performans v\u0259 davaml\u0131l\u0131q \u00fc\u00e7\u00fcn qabaqc\u0131l h\u0259ll\u0259r t\u0259klif edir. O, elektrik komponentl\u0259rini toz v\u0259 n\u0259md\u0259n qoruyur v\u0259 onu \u00e7\u0259tin m\u00fchitl\u0259r \u00fc\u00e7\u00fcn uy\u011fun edir. Avtomatik isti qaz defrost sistemi il\u0259 a\u015fa\u011f\u0131 temperaturda bel\u0259 i\u015fl\u0259m\u0259y\u0259 davam edir. Onun m\u00f6hk\u0259m vaqon dizayn\u0131, erqonomik qurulu\u015fu v\u0259 b\u00f6y\u00fck t\u0259k\u0259rl\u0259ri tikinti meydan\u00e7alar\u0131nda v\u0259 pill\u0259k\u0259nl\u0259rd\u0259 da\u015f\u0131nmas\u0131n\u0131 asanla\u015fd\u0131r\u0131r. G\u00fccl\u00fc 0,88 kVt f\u0131rlanan kompressor g\u00fcnd\u0259 50 litr\u0259 q\u0259d\u0259r n\u0259m \u00e7\u0131xara bilir. TTK 175 S-\u0259 yer q\u0259na\u0259t ed\u0259n saxlama \u00fc\u00e7\u00fcn y\u0131\u011fma yivl\u0259ri, qoruyucu \u00e7ubuqlar\u0131 olan idar\u0259etm\u0259 paneli v\u0259 optimal performans \u00fc\u00e7\u00fcn m\u00fcxt\u0259lif \u0259m\u0259liyyat x\u00fcsusiyy\u0259tl\u0259ri daxildir.<\/p>\n<p>Dig\u0259r kondensasiya n\u0259ml\u0259ndiricil\u0259rin\u0259 bax\u0131n v\u0259 ya \u00e7oxsayl\u0131 t\u0259tbiql\u0259r \u00fc\u00e7\u00fcn uy\u011fun olan kommersiya n\u0259ml\u0259ndiricil\u0259rimizin tam \u00e7e\u015fidin\u0259 bax\u0131n.<\/p>\n<\/div>\n<\/div>\n","protected":false},"featured_media":26691,"template":"","meta":[],"product_brand":[],"product_cat":[809,861,887],"product_tag":[],"class_list":{"0":"post-26685","1":"product","2":"type-product","3":"status-publish","4":"has-post-thumbnail","6":"product_cat-hava-nmlndiricisi-kondisioner-az-ventilyasiya-ventilyator","7":"product_cat-nmlndiricilr-nmlndirici-hava","8":"product_cat-nmlndirici-nmlndiricilr-qurutma-az-nmlndiricilr","10":"first","11":"instock","12":"shipping-taxable","13":"purchasable","14":"product-type-simple"},"yoast_head":"<!-- This site is optimized with the Yoast SEO plugin v27.1.1 - https:\/\/yoast.com\/product\/yoast-seo-wordpress\/ -->\n<title>Trotec TTK 175 S \u2013 kondensasiya n\u0259ml\u0259ndiricisi. - GeoClimate.ge<\/title>\n<meta name=\"robots\" content=\"index, follow, max-snippet:-1, max-image-preview:large, max-video-preview:-1\" \/>\n<link rel=\"canonical\" href=\"https:\/\/geoclimate.ge\/az\/product\/trotec-ttk-175-s-condensation-dehumidifier\/\" \/>\n<meta property=\"og:locale\" content=\"az_AZ\" \/>\n<meta property=\"og:type\" content=\"article\" \/>\n<meta property=\"og:title\" content=\"Trotec TTK 175 S \u2013 kondensasiya n\u0259ml\u0259ndiricisi. - GeoClimate.ge\" \/>\n<meta property=\"og:description\" content=\"Professional kommersiya n\u0259ml\u0259ndiricil\u0259ri.  TTK 175 S kommersiya n\u0259ml\u0259ndiricisi t\u0259kmill\u0259\u015fdirilmi\u015f performans v\u0259 davaml\u0131l\u0131q \u00fc\u00e7\u00fcn qabaqc\u0131l h\u0259ll\u0259r t\u0259klif edir. O, elektrik komponentl\u0259rini toz v\u0259 n\u0259md\u0259n qoruyur v\u0259 onu \u00e7\u0259tin m\u00fchitl\u0259r \u00fc\u00e7\u00fcn uy\u011fun edir. Avtomatik isti qaz defrost sistemi il\u0259 a\u015fa\u011f\u0131 temperaturda bel\u0259 i\u015fl\u0259m\u0259y\u0259 davam edir. Onun m\u00f6hk\u0259m vaqon dizayn\u0131, erqonomik qurulu\u015fu v\u0259 b\u00f6y\u00fck t\u0259k\u0259rl\u0259ri tikinti meydan\u00e7alar\u0131nda v\u0259 pill\u0259k\u0259nl\u0259rd\u0259 da\u015f\u0131nmas\u0131n\u0131 asanla\u015fd\u0131r\u0131r. G\u00fccl\u00fc 0,88 kVt f\u0131rlanan kompressor g\u00fcnd\u0259 50 litr\u0259 q\u0259d\u0259r n\u0259m \u00e7\u0131xara bilir. TTK 175 S-\u0259 yer q\u0259na\u0259t ed\u0259n saxlama \u00fc\u00e7\u00fcn y\u0131\u011fma yivl\u0259ri, qoruyucu \u00e7ubuqlar\u0131 olan idar\u0259etm\u0259 paneli v\u0259 optimal performans \u00fc\u00e7\u00fcn m\u00fcxt\u0259lif \u0259m\u0259liyyat x\u00fcsusiyy\u0259tl\u0259ri daxildir.  Dig\u0259r kondensasiya n\u0259ml\u0259ndiricil\u0259rin\u0259 bax\u0131n v\u0259 ya \u00e7oxsayl\u0131 t\u0259tbiql\u0259r \u00fc\u00e7\u00fcn uy\u011fun olan kommersiya n\u0259ml\u0259ndiricil\u0259rimizin tam \u00e7e\u015fidin\u0259 bax\u0131n.\" \/>\n<meta property=\"og:url\" content=\"https:\/\/geoclimate.ge\/az\/product\/trotec-ttk-175-s-condensation-dehumidifier\/\" \/>\n<meta property=\"og:site_name\" content=\"GeoClimate.ge\" \/>\n<meta property=\"article:modified_time\" content=\"2025-04-05T08:26:54+00:00\" \/>\n<meta property=\"og:image\" content=\"https:\/\/geoclimate.ge\/wp-content\/uploads\/2024\/01\/Trotec-TTK-175-S-main-right.jpg\" \/>\n\t<meta property=\"og:image:width\" content=\"1000\" \/>\n\t<meta property=\"og:image:height\" content=\"1000\" \/>\n\t<meta property=\"og:image:type\" content=\"image\/jpeg\" \/>\n<meta name=\"twitter:card\" content=\"summary_large_image\" \/>\n<meta name=\"twitter:label1\" content=\"Est. reading time\" \/>\n\t<meta name=\"twitter:data1\" content=\"1 minute\" \/>\n<script type=\"application\/ld+json\" class=\"yoast-schema-graph\">{\"@context\":\"https:\/\/schema.org\",\"@graph\":[{\"@type\":\"WebPage\",\"@id\":\"https:\/\/geoclimate.ge\/az\/product\/trotec-ttk-175-s-condensation-dehumidifier\/\",\"url\":\"https:\/\/geoclimate.ge\/az\/product\/trotec-ttk-175-s-condensation-dehumidifier\/\",\"name\":\"Trotec TTK 175 S \u2013 kondensasiya n\u0259ml\u0259ndiricisi. - GeoClimate.ge\",\"isPartOf\":{\"@id\":\"https:\/\/geoclimate.ge\/#website\"},\"primaryImageOfPage\":{\"@id\":\"https:\/\/geoclimate.ge\/az\/product\/trotec-ttk-175-s-condensation-dehumidifier\/#primaryimage\"},\"image\":{\"@id\":\"https:\/\/geoclimate.ge\/az\/product\/trotec-ttk-175-s-condensation-dehumidifier\/#primaryimage\"},\"thumbnailUrl\":\"https:\/\/geoclimate.ge\/wp-content\/uploads\/2024\/01\/Trotec-TTK-175-S-main-right.jpg\",\"datePublished\":\"2024-01-22T16:59:07+00:00\",\"dateModified\":\"2025-04-05T08:26:54+00:00\",\"breadcrumb\":{\"@id\":\"https:\/\/geoclimate.ge\/az\/product\/trotec-ttk-175-s-condensation-dehumidifier\/#breadcrumb\"},\"inLanguage\":\"az\",\"potentialAction\":[{\"@type\":\"ReadAction\",\"target\":[\"https:\/\/geoclimate.ge\/az\/product\/trotec-ttk-175-s-condensation-dehumidifier\/\"]}]},{\"@type\":\"ImageObject\",\"inLanguage\":\"az\",\"@id\":\"https:\/\/geoclimate.ge\/az\/product\/trotec-ttk-175-s-condensation-dehumidifier\/#primaryimage\",\"url\":\"https:\/\/geoclimate.ge\/wp-content\/uploads\/2024\/01\/Trotec-TTK-175-S-main-right.jpg\",\"contentUrl\":\"https:\/\/geoclimate.ge\/wp-content\/uploads\/2024\/01\/Trotec-TTK-175-S-main-right.jpg\",\"width\":1000,\"height\":1000},{\"@type\":\"BreadcrumbList\",\"@id\":\"https:\/\/geoclimate.ge\/az\/product\/trotec-ttk-175-s-condensation-dehumidifier\/#breadcrumb\",\"itemListElement\":[{\"@type\":\"ListItem\",\"position\":1,\"name\":\"Home\",\"item\":\"https:\/\/geoclimate.ge\/az\/\"},{\"@type\":\"ListItem\",\"position\":2,\"name\":\"M\u0259hsullar\",\"item\":\"https:\/\/geoclimate.ge\/az\/products\/\"},{\"@type\":\"ListItem\",\"position\":3,\"name\":\"Trotec TTK 175 S \u2013 kondensasiya n\u0259ml\u0259ndiricisi.\"}]},{\"@type\":\"WebSite\",\"@id\":\"https:\/\/geoclimate.ge\/#website\",\"url\":\"https:\/\/geoclimate.ge\/\",\"name\":\"GeoClimate\",\"description\":\"\",\"publisher\":{\"@id\":\"https:\/\/geoclimate.ge\/#organization\"},\"potentialAction\":[{\"@type\":\"SearchAction\",\"target\":{\"@type\":\"EntryPoint\",\"urlTemplate\":\"https:\/\/geoclimate.ge\/?s={search_term_string}\"},\"query-input\":{\"@type\":\"PropertyValueSpecification\",\"valueRequired\":true,\"valueName\":\"search_term_string\"}}],\"inLanguage\":\"az\"},{\"@type\":\"Organization\",\"@id\":\"https:\/\/geoclimate.ge\/#organization\",\"name\":\"GeoClimate\",\"url\":\"https:\/\/geoclimate.ge\/\",\"logo\":{\"@type\":\"ImageObject\",\"inLanguage\":\"az\",\"@id\":\"https:\/\/geoclimate.ge\/#\/schema\/logo\/image\/\",\"url\":\"https:\/\/geoclimate.ge\/wp-content\/uploads\/2026\/03\/geoclimate-SEO.png\",\"contentUrl\":\"https:\/\/geoclimate.ge\/wp-content\/uploads\/2026\/03\/geoclimate-SEO.png\",\"width\":1536,\"height\":1024,\"caption\":\"GeoClimate\"},\"image\":{\"@id\":\"https:\/\/geoclimate.ge\/#\/schema\/logo\/image\/\"}}]}<\/script>\n<!-- \/ Yoast SEO plugin. -->","yoast_head_json":{"title":"Trotec TTK 175 S \u2013 kondensasiya n\u0259ml\u0259ndiricisi. - GeoClimate.ge","robots":{"index":"index","follow":"follow","max-snippet":"max-snippet:-1","max-image-preview":"max-image-preview:large","max-video-preview":"max-video-preview:-1"},"canonical":"https:\/\/geoclimate.ge\/az\/product\/trotec-ttk-175-s-condensation-dehumidifier\/","og_locale":"az_AZ","og_type":"article","og_title":"Trotec TTK 175 S \u2013 kondensasiya n\u0259ml\u0259ndiricisi. - GeoClimate.ge","og_description":"Professional kommersiya n\u0259ml\u0259ndiricil\u0259ri.  TTK 175 S kommersiya n\u0259ml\u0259ndiricisi t\u0259kmill\u0259\u015fdirilmi\u015f performans v\u0259 davaml\u0131l\u0131q \u00fc\u00e7\u00fcn qabaqc\u0131l h\u0259ll\u0259r t\u0259klif edir. O, elektrik komponentl\u0259rini toz v\u0259 n\u0259md\u0259n qoruyur v\u0259 onu \u00e7\u0259tin m\u00fchitl\u0259r \u00fc\u00e7\u00fcn uy\u011fun edir. Avtomatik isti qaz defrost sistemi il\u0259 a\u015fa\u011f\u0131 temperaturda bel\u0259 i\u015fl\u0259m\u0259y\u0259 davam edir. Onun m\u00f6hk\u0259m vaqon dizayn\u0131, erqonomik qurulu\u015fu v\u0259 b\u00f6y\u00fck t\u0259k\u0259rl\u0259ri tikinti meydan\u00e7alar\u0131nda v\u0259 pill\u0259k\u0259nl\u0259rd\u0259 da\u015f\u0131nmas\u0131n\u0131 asanla\u015fd\u0131r\u0131r. G\u00fccl\u00fc 0,88 kVt f\u0131rlanan kompressor g\u00fcnd\u0259 50 litr\u0259 q\u0259d\u0259r n\u0259m \u00e7\u0131xara bilir. TTK 175 S-\u0259 yer q\u0259na\u0259t ed\u0259n saxlama \u00fc\u00e7\u00fcn y\u0131\u011fma yivl\u0259ri, qoruyucu \u00e7ubuqlar\u0131 olan idar\u0259etm\u0259 paneli v\u0259 optimal performans \u00fc\u00e7\u00fcn m\u00fcxt\u0259lif \u0259m\u0259liyyat x\u00fcsusiyy\u0259tl\u0259ri daxildir.  Dig\u0259r kondensasiya n\u0259ml\u0259ndiricil\u0259rin\u0259 bax\u0131n v\u0259 ya \u00e7oxsayl\u0131 t\u0259tbiql\u0259r \u00fc\u00e7\u00fcn uy\u011fun olan kommersiya n\u0259ml\u0259ndiricil\u0259rimizin tam \u00e7e\u015fidin\u0259 bax\u0131n.","og_url":"https:\/\/geoclimate.ge\/az\/product\/trotec-ttk-175-s-condensation-dehumidifier\/","og_site_name":"GeoClimate.ge","article_modified_time":"2025-04-05T08:26:54+00:00","og_image":[{"width":1000,"height":1000,"url":"https:\/\/geoclimate.ge\/wp-content\/uploads\/2024\/01\/Trotec-TTK-175-S-main-right.jpg","type":"image\/jpeg"}],"twitter_card":"summary_large_image","twitter_misc":{"Est. reading time":"1 minute"},"schema":{"@context":"https:\/\/schema.org","@graph":[{"@type":"WebPage","@id":"https:\/\/geoclimate.ge\/az\/product\/trotec-ttk-175-s-condensation-dehumidifier\/","url":"https:\/\/geoclimate.ge\/az\/product\/trotec-ttk-175-s-condensation-dehumidifier\/","name":"Trotec TTK 175 S \u2013 kondensasiya n\u0259ml\u0259ndiricisi. - GeoClimate.ge","isPartOf":{"@id":"https:\/\/geoclimate.ge\/#website"},"primaryImageOfPage":{"@id":"https:\/\/geoclimate.ge\/az\/product\/trotec-ttk-175-s-condensation-dehumidifier\/#primaryimage"},"image":{"@id":"https:\/\/geoclimate.ge\/az\/product\/trotec-ttk-175-s-condensation-dehumidifier\/#primaryimage"},"thumbnailUrl":"https:\/\/geoclimate.ge\/wp-content\/uploads\/2024\/01\/Trotec-TTK-175-S-main-right.jpg","datePublished":"2024-01-22T16:59:07+00:00","dateModified":"2025-04-05T08:26:54+00:00","breadcrumb":{"@id":"https:\/\/geoclimate.ge\/az\/product\/trotec-ttk-175-s-condensation-dehumidifier\/#breadcrumb"},"inLanguage":"az","potentialAction":[{"@type":"ReadAction","target":["https:\/\/geoclimate.ge\/az\/product\/trotec-ttk-175-s-condensation-dehumidifier\/"]}]},{"@type":"ImageObject","inLanguage":"az","@id":"https:\/\/geoclimate.ge\/az\/product\/trotec-ttk-175-s-condensation-dehumidifier\/#primaryimage","url":"https:\/\/geoclimate.ge\/wp-content\/uploads\/2024\/01\/Trotec-TTK-175-S-main-right.jpg","contentUrl":"https:\/\/geoclimate.ge\/wp-content\/uploads\/2024\/01\/Trotec-TTK-175-S-main-right.jpg","width":1000,"height":1000},{"@type":"BreadcrumbList","@id":"https:\/\/geoclimate.ge\/az\/product\/trotec-ttk-175-s-condensation-dehumidifier\/#breadcrumb","itemListElement":[{"@type":"ListItem","position":1,"name":"Home","item":"https:\/\/geoclimate.ge\/az\/"},{"@type":"ListItem","position":2,"name":"M\u0259hsullar","item":"https:\/\/geoclimate.ge\/az\/products\/"},{"@type":"ListItem","position":3,"name":"Trotec TTK 175 S \u2013 kondensasiya n\u0259ml\u0259ndiricisi."}]},{"@type":"WebSite","@id":"https:\/\/geoclimate.ge\/#website","url":"https:\/\/geoclimate.ge\/","name":"GeoClimate","description":"","publisher":{"@id":"https:\/\/geoclimate.ge\/#organization"},"potentialAction":[{"@type":"SearchAction","target":{"@type":"EntryPoint","urlTemplate":"https:\/\/geoclimate.ge\/?s={search_term_string}"},"query-input":{"@type":"PropertyValueSpecification","valueRequired":true,"valueName":"search_term_string"}}],"inLanguage":"az"},{"@type":"Organization","@id":"https:\/\/geoclimate.ge\/#organization","name":"GeoClimate","url":"https:\/\/geoclimate.ge\/","logo":{"@type":"ImageObject","inLanguage":"az","@id":"https:\/\/geoclimate.ge\/#\/schema\/logo\/image\/","url":"https:\/\/geoclimate.ge\/wp-content\/uploads\/2026\/03\/geoclimate-SEO.png","contentUrl":"https:\/\/geoclimate.ge\/wp-content\/uploads\/2026\/03\/geoclimate-SEO.png","width":1536,"height":1024,"caption":"GeoClimate"},"image":{"@id":"https:\/\/geoclimate.ge\/#\/schema\/logo\/image\/"}}]}},"_links":{"self":[{"href":"https:\/\/geoclimate.ge\/az\/wp-json\/wp\/v2\/product\/26685","targetHints":{"allow":["GET"]}}],"collection":[{"href":"https:\/\/geoclimate.ge\/az\/wp-json\/wp\/v2\/product"}],"about":[{"href":"https:\/\/geoclimate.ge\/az\/wp-json\/wp\/v2\/types\/product"}],"wp:featuredmedia":[{"embeddable":true,"href":"https:\/\/geoclimate.ge\/az\/wp-json\/wp\/v2\/media\/26691"}],"wp:attachment":[{"href":"https:\/\/geoclimate.ge\/az\/wp-json\/wp\/v2\/media?parent=26685"}],"wp:term":[{"taxonomy":"product_brand","embeddable":true,"href":"https:\/\/geoclimate.ge\/az\/wp-json\/wp\/v2\/product_brand?post=26685"},{"taxonomy":"product_cat","embeddable":true,"href":"https:\/\/geoclimate.ge\/az\/wp-json\/wp\/v2\/product_cat?post=26685"},{"taxonomy":"product_tag","embeddable":true,"href":"https:\/\/geoclimate.ge\/az\/wp-json\/wp\/v2\/product_tag?post=26685"}],"curies":[{"name":"wp","href":"https:\/\/api.w.org\/{rel}","templated":true}]}}