{"id":26824,"date":"2024-01-22T20:57:34","date_gmt":"2024-01-22T16:57:34","guid":{"rendered":"https:\/\/airsystems.ge\/shop\/product\/trotec-ttk-500-condensation-dehumidifier\/"},"modified":"2025-04-05T13:21:54","modified_gmt":"2025-04-05T09:21:54","slug":"trotec-ttk-500-condensation-dehumidifier","status":"publish","type":"product","link":"https:\/\/geoclimate.ge\/az\/product\/trotec-ttk-500-condensation-dehumidifier\/","title":{"rendered":"Trotec TTK 500 &#8211; kondensasiya n\u0259ml\u0259ndiricisi."},"content":{"rendered":"<section class=\"max-w-[1088px] mx-auto w-full px-5 my-10 md:my-12 lg:my-16 xl:my-20 xl:px-0\" data-block=\"bullet-list\">\n<div class=\"md:text-center\">\n<h3 class=\"text-black font-bold text-lg md:text-xl lg:text-2xl\">\u018fsas x\u00fcsusiyy\u0259tl\u0259r.<\/h3>\n<\/div>\n<div class=\"mt-6 md:mt-10\">\n<div class=\"flex flex-wrap\">\n<div class=\"w-full md:w-1\/2 auto-bullets md:pr-16\">\n<ul>\n<li class=\"text-sm md:text-base text-black mt-3 flex items-start\">\n<div class=\"pl-5\">Y\u00fcks\u0259k n\u0259ml\u0259ndirm\u0259 qabiliyy\u0259ti &#8211; h\u0259tta 15 \u00b0 C-d\u0259n a\u015fa\u011f\u0131 temperaturda.<br \/>\nAvtomatik isti qaz defrost sistemi.<br \/>\nYoxlamalar, s\u00fcr\u0259tli t\u0259mizl\u0259m\u0259 v\u0259 texniki qulluq \u00fc\u00e7\u00fcn \u00e7\u0131xar\u0131la bil\u0259n \u015fkaf.<br \/>\nYer\u0259 q\u0259na\u0259t ed\u0259n saxlama \u00fc\u00e7\u00fcn y\u0131\u011f\u0131la bil\u0259r.<br \/>\nYerind\u0259 asan idar\u0259 etm\u0259k \u00fc\u00e7\u00fcn m\u00f6hk\u0259m t\u0259k\u0259rl\u0259r.<br \/>\nAsanl\u0131qla d\u0259yi\u015fdiril\u0259 bil\u0259n v\u0259 yuyula bil\u0259n hava filtri.<br \/>\nXarici higrostat \u00fc\u00e7\u00fcn \u0259laq\u0259.<br \/>\nT\u0259nziml\u0259n\u0259n t\u0259kan tutaca\u011f\u0131.<br \/>\nStandart olaraq i\u015f saat\u0131 say\u011fac\u0131.<br \/>\n\u0130ste\u011fe ba\u011fl\u0131 MID-\u0259 uy\u011fun iki saatl\u0131q v\u0259 enerji say\u011fac\u0131.<br \/>\nPaslanmayan poladda m\u00f6vcuddur.<br \/>\nT\u0259xmin\u0259n otaqlar \u00fc\u00e7\u00fcn uy\u011fundur. 940 m\u00b3.<\/div>\n<\/li>\n<\/ul>\n<\/div>\n<\/div>\n<\/div>\n<\/section>\n<section class=\"max-w-[1088px] mx-auto w-full px-5 my-10 md:my-12 lg:my-16 xl:my-20 xl:px-0\" data-block=\"product-specifications\">\n<div class=\"md:text-center\">\n<h3 class=\"text-black font-bold text-lg md:text-xl lg:text-2xl\"><strong>Product specifications<\/strong><\/h3>\n<\/div>\n<div class=\" md:mt-10\">\n<div class=\"\">\n<div class=\"lg:mt-0 \">\n<div id=\"spec-ttk-500\" class=\"prose max-w-full md:overflow-auto\" data-spec-content=\"\">\n<div class=\"spreadsheet-container hidden md:block\">\n<table class=\"w-full table-fixed mb-0\">\n<thead>\n<tr>\n<th class=\"font-bold text-base\"><span class=\"block px-4\">Specifications<\/span><\/th>\n<th class=\"font-bold text-base text-center\"><span class=\"block px-10 md:px-20\">Units<\/span><\/th>\n<th class=\"font-bold text-base text-center will-change\"><span class=\"block px-4\">TTK\u00a0500<\/span><\/th>\n<\/tr>\n<\/thead>\n<tbody>\n<tr class=\"bg-grey-200\/50 p-2\">\n<td colspan=\"1\"><span class=\"block px-4\">Capacity(30\u00b0C\/80% RH)<\/span><\/td>\n<td class=\"text-center\">\n<div class=\"px-10 md:px-20 flex items-center justify-center\">l\/24h<\/div>\n<\/td>\n<td class=\"text-center will-change\">\n<div class=\"px-10 md:px-20 flex items-center justify-center\">64<\/div>\n<\/td>\n<\/tr>\n<tr class=\" p-2\">\n<td colspan=\"1\"><span class=\"block px-4\">Air flow<\/span><\/td>\n<td class=\"text-center\">\n<div class=\"px-10 md:px-20 flex items-center justify-center\">m\u00b3\/h<\/div>\n<\/td>\n<td class=\"text-center will-change\">\n<div class=\"px-10 md:px-20 flex items-center justify-center\">400<\/div>\n<\/td>\n<\/tr>\n<tr class=\"bg-grey-200\/50 p-2\">\n<td colspan=\"1\"><span class=\"block px-4\">Operating temperature range<\/span><\/td>\n<td class=\"text-center\">\n<div class=\"px-10 md:px-20 flex items-center justify-center\">\u00b0C<\/div>\n<\/td>\n<td class=\"text-center will-change\">\n<div class=\"px-10 md:px-20 flex items-center justify-center\">5-35<\/div>\n<\/td>\n<\/tr>\n<tr class=\" p-2\">\n<td colspan=\"1\"><span class=\"block px-4\">Operating humidity range<\/span><\/td>\n<td class=\"text-center\">\n<div class=\"px-10 md:px-20 flex items-center justify-center\">% RH<\/div>\n<\/td>\n<td class=\"text-center will-change\">\n<div class=\"px-10 md:px-20 flex items-center justify-center\">35-90<\/div>\n<\/td>\n<\/tr>\n<tr class=\"bg-grey-200\/50 p-2\">\n<td colspan=\"1\"><span class=\"block px-4\">Power consumption<\/span><\/td>\n<td class=\"text-center\">\n<div class=\"px-10 md:px-20 flex items-center justify-center\">W<\/div>\n<\/td>\n<td class=\"text-center will-change\">\n<div class=\"px-10 md:px-20 flex items-center justify-center\">1,600<\/div>\n<\/td>\n<\/tr>\n<tr class=\" p-2\">\n<td colspan=\"1\"><span class=\"block px-4\">Power supply<\/span><\/td>\n<td class=\"text-center\">\n<div class=\"px-10 md:px-20 flex items-center justify-center\">V\/Hz<\/div>\n<\/td>\n<td class=\"text-center will-change\">\n<div class=\"px-10 md:px-20 flex items-center justify-center\">220-240\/50<\/div>\n<\/td>\n<\/tr>\n<tr class=\"bg-grey-200\/50 p-2\">\n<td colspan=\"1\"><span class=\"block px-4\">Sound level @3m<\/span><\/td>\n<td class=\"text-center\">\n<div class=\"px-10 md:px-20 flex items-center justify-center\">dB(A)<\/div>\n<\/td>\n<td class=\"text-center will-change\">\n<div class=\"px-10 md:px-20 flex items-center justify-center\">58<\/div>\n<\/td>\n<\/tr>\n<tr class=\" p-2\">\n<td colspan=\"1\"><span class=\"block px-4\">Compressor<\/span><\/td>\n<td class=\"text-center\">\n<div class=\"px-10 md:px-20 flex items-center justify-center\">Type<\/div>\n<\/td>\n<td class=\"text-center will-change\">\n<div class=\"px-10 md:px-20 flex items-center justify-center\">Rotary<\/div>\n<\/td>\n<\/tr>\n<tr class=\"bg-grey-200\/50 p-2\">\n<td colspan=\"1\"><span class=\"block px-4\">Refrigerant<\/span><\/td>\n<td class=\"text-center\">\n<div class=\"px-10 md:px-20 flex items-center justify-center\">Type<\/div>\n<\/td>\n<td class=\"text-center will-change\">\n<div class=\"px-10 md:px-20 flex items-center justify-center\">R454C<\/div>\n<\/td>\n<\/tr>\n<tr class=\" p-2\">\n<td colspan=\"1\"><span class=\"block px-4\">Product size (l x w x h)<\/span><\/td>\n<td class=\"text-center\">\n<div class=\"px-10 md:px-20 flex items-center justify-center\">mm<\/div>\n<\/td>\n<td class=\"text-center will-change\">\n<div class=\"px-10 md:px-20 flex items-center justify-center\">438 x 470 x 870<\/div>\n<\/td>\n<\/tr>\n<tr class=\"bg-grey-200\/50 p-2\">\n<td colspan=\"1\"><span class=\"block px-4\">Weight<\/span><\/td>\n<td class=\"text-center\">\n<div class=\"px-10 md:px-20 flex items-center justify-center\">kg<\/div>\n<\/td>\n<td class=\"text-center will-change\">\n<div class=\"px-10 md:px-20 flex items-center justify-center\">52<\/div>\n<\/td>\n<\/tr>\n<\/tbody>\n<\/table>\n<\/div>\n<\/div>\n<\/div>\n<\/div>\n<\/div>\n<\/section>\n<section class=\"max-w-[1088px] mx-auto w-full px-5 my-10 md:my-12 lg:my-16 xl:my-20 xl:px-0\" data-block=\"link-list\">\n<div class=\"max-w-[1088px] mx-auto\">\n<div class=\"md:text-center\">\n<ul>\n<li><strong>Uy\u011fundur:<\/strong><\/li>\n<\/ul>\n<\/div>\n<div class=\"mt-6 max-w-4xl mx-auto\">\n<div class=\"flex flex-wrap md:ml-20\">\n<div class=\"w-full md:w-1\/2 auto-bullets md:pr-16\">\n<ul>\n<li class=\"flex items-center gap-5 text-sm text-black mt-3 md:text-base lg:text-lg\">Tikinti.<br \/>\n\u0130car\u0259 \u015firk\u0259tl\u0259ri.<br \/>\nSu z\u0259r\u0259rinin b\u0259rpas\u0131.<\/li>\n<\/ul>\n<\/div>\n<\/div>\n<\/div>\n<\/div>\n<\/section>\n<section class=\"max-w-[1088px] mx-auto w-full px-5 my-10 md:my-12 lg:my-16 xl:my-20 xl:px-0\" data-block=\"related-downloads\">\n<div class=\"md:text-center\">\n<h3 class=\"text-black font-bold text-lg md:text-xl lg:text-2xl\"><strong>Useful downloads<\/strong><\/h3>\n<\/div>\n<div class=\"mt-6 md:mt-10\">\n<div class=\"flex flex-col md:flex-row md:flex-wrap md:justify-center\">\n<div class=\"mb-4 md:mb-8 w-full md:w-1\/2 md:px-4\">\n<div class=\"p-4 md:p-5 h-full flex md:items-center border border-grey-300\">\n<div class=\"mt-1.5 md:mt-0 w-6 md:w-10\"><a href=\"https:\/\/www.danthermgroup.com\/downloads\/dantherm-group-professional-portable-catalogue\" target=\"_blank\" rel=\"nofollow noindex noopener\"><img decoding=\"async\" class=\"lazyload h-8 md:h-14 w-auto object-contain\" src=\"https:\/\/dantherm-group-cdn.s3.amazonaws.com\/media\/icons\/download-catalog.svg\" alt=\"Download catalog\" height=\"56\" \/><\/a><\/div>\n<div class=\"flex-1 pl-4 md:px-8\">\n<h2 class=\"font-bold text-sm md:text-lg\"><a class=\"underline underline-offset-2 decoration-transparent transition duration-300 ease-linear hover:decoration-black\" href=\"https:\/\/www.danthermgroup.com\/downloads\/dantherm-group-professional-portable-catalogue\" target=\"_blank\" rel=\"nofollow noindex noopener\">Dantherm Group Catalogue \u2013 Professional Portable Solutions<\/a><\/h2>\n<div class=\"prose text-grey-500 text-sm\">Catalogs<\/div>\n<\/div>\n<\/div>\n<\/div>\n<\/div>\n<\/div>\n<\/section>\n","protected":false},"excerpt":{"rendered":"<div class=\"max-w-4xl\">\n<div class=\"text-xl font-bold mt-1 md:mt-2\">\n<p>Tikinti quruducular\u0131.<\/p>\n<p>TTK 500 kondensasiya n\u0259ml\u0259ndiricisi m\u00f6hk\u0259m metal korpusa malik m\u00f6hk\u0259m qur\u011fudur. \u00c7\u0259tin \u015f\u0259rtl\u0259r\u0259 meydan oxuyan bu y\u00fcks\u0259k performansl\u0131 kondensator qurutma ma\u015f\u0131n\u0131 \u00e7ox y\u00f6nl\u00fc tikinti sah\u0259l\u0259rind\u0259 \u00fcst\u00fcnd\u00fcr. 76 litr\u0259 q\u0259d\u0259r n\u0259m \u00e7\u0131xara bil\u0259n onun avtomatik isti qaz defrost sistemi h\u0259tta soyuq m\u00fchitl\u0259rd\u0259 d\u0259 s\u0259m\u0259r\u0259liliyi t\u0259min edir. H\u0259r\u0259k\u0259tlilik \u00fc\u00e7\u00fcn n\u0259z\u0259rd\u0259 tutulmu\u015f b\u00f6lm\u0259nin istifad\u0259si asanl\u0131\u011f\u0131 \u00fc\u00e7\u00fcn t\u0259nziml\u0259n\u0259n t\u0259kan tutaca\u011f\u0131 var. Etibarl\u0131l\u0131\u011f\u0131n zirv\u0259sini TTK 500 il\u0259 ya\u015fay\u0131n, t\u0259l\u0259bkar meydan\u00e7alarda fasil\u0259siz i\u015fl\u0259m\u0259y\u0259 haz\u0131r olun. Minimum dayanma m\u00fcdd\u0259tini t\u0259min ed\u0259n modul dizayn\u0131 il\u0259 texniki qulluq sad\u0259dir.<\/p>\n<p>Dig\u0259r kondensasiya n\u0259ml\u0259ndiricil\u0259rin\u0259 bax\u0131n v\u0259 ya \u00e7oxsayl\u0131 t\u0259tbiql\u0259r \u00fc\u00e7\u00fcn uy\u011fun olan kommersiya n\u0259ml\u0259ndiricil\u0259rimizin tam \u00e7e\u015fidin\u0259 bax\u0131n.<\/p>\n<\/div>\n<\/div>\n","protected":false},"featured_media":26818,"template":"","meta":[],"product_brand":[],"product_cat":[809,861,885],"product_tag":[],"class_list":{"0":"post-26824","1":"product","2":"type-product","3":"status-publish","4":"has-post-thumbnail","6":"product_cat-hava-nmlndiricisi-kondisioner-az-ventilyasiya-ventilyator","7":"product_cat-nmlndiricilr-nmlndirici-hava","8":"product_cat-nmlndirici-qurutma-nmlndiricilr-az","10":"first","11":"instock","12":"shipping-taxable","13":"purchasable","14":"product-type-simple"},"yoast_head":"<!-- This site is optimized with the Yoast SEO plugin v27.1.1 - https:\/\/yoast.com\/product\/yoast-seo-wordpress\/ -->\n<title>Trotec TTK 500 - kondensasiya n\u0259ml\u0259ndiricisi. - GeoClimate.ge<\/title>\n<meta name=\"robots\" content=\"index, follow, max-snippet:-1, max-image-preview:large, max-video-preview:-1\" \/>\n<link rel=\"canonical\" href=\"https:\/\/geoclimate.ge\/az\/product\/trotec-ttk-500-condensation-dehumidifier\/\" \/>\n<meta property=\"og:locale\" content=\"az_AZ\" \/>\n<meta property=\"og:type\" content=\"article\" \/>\n<meta property=\"og:title\" content=\"Trotec TTK 500 - kondensasiya n\u0259ml\u0259ndiricisi. - GeoClimate.ge\" \/>\n<meta property=\"og:description\" content=\"Tikinti quruducular\u0131.  TTK 500 kondensasiya n\u0259ml\u0259ndiricisi m\u00f6hk\u0259m metal korpusa malik m\u00f6hk\u0259m qur\u011fudur. \u00c7\u0259tin \u015f\u0259rtl\u0259r\u0259 meydan oxuyan bu y\u00fcks\u0259k performansl\u0131 kondensator qurutma ma\u015f\u0131n\u0131 \u00e7ox y\u00f6nl\u00fc tikinti sah\u0259l\u0259rind\u0259 \u00fcst\u00fcnd\u00fcr. 76 litr\u0259 q\u0259d\u0259r n\u0259m \u00e7\u0131xara bil\u0259n onun avtomatik isti qaz defrost sistemi h\u0259tta soyuq m\u00fchitl\u0259rd\u0259 d\u0259 s\u0259m\u0259r\u0259liliyi t\u0259min edir. H\u0259r\u0259k\u0259tlilik \u00fc\u00e7\u00fcn n\u0259z\u0259rd\u0259 tutulmu\u015f b\u00f6lm\u0259nin istifad\u0259si asanl\u0131\u011f\u0131 \u00fc\u00e7\u00fcn t\u0259nziml\u0259n\u0259n t\u0259kan tutaca\u011f\u0131 var. Etibarl\u0131l\u0131\u011f\u0131n zirv\u0259sini TTK 500 il\u0259 ya\u015fay\u0131n, t\u0259l\u0259bkar meydan\u00e7alarda fasil\u0259siz i\u015fl\u0259m\u0259y\u0259 haz\u0131r olun. Minimum dayanma m\u00fcdd\u0259tini t\u0259min ed\u0259n modul dizayn\u0131 il\u0259 texniki qulluq sad\u0259dir.  Dig\u0259r kondensasiya n\u0259ml\u0259ndiricil\u0259rin\u0259 bax\u0131n v\u0259 ya \u00e7oxsayl\u0131 t\u0259tbiql\u0259r \u00fc\u00e7\u00fcn uy\u011fun olan kommersiya n\u0259ml\u0259ndiricil\u0259rimizin tam \u00e7e\u015fidin\u0259 bax\u0131n.\" \/>\n<meta property=\"og:url\" content=\"https:\/\/geoclimate.ge\/az\/product\/trotec-ttk-500-condensation-dehumidifier\/\" \/>\n<meta property=\"og:site_name\" content=\"GeoClimate.ge\" \/>\n<meta property=\"article:modified_time\" content=\"2025-04-05T09:21:54+00:00\" \/>\n<meta property=\"og:image\" content=\"https:\/\/geoclimate.ge\/wp-content\/uploads\/2025\/04\/Trotec-TTK-500-main-right.jpg\" \/>\n\t<meta property=\"og:image:width\" content=\"1000\" \/>\n\t<meta property=\"og:image:height\" content=\"1000\" \/>\n\t<meta property=\"og:image:type\" content=\"image\/jpeg\" \/>\n<meta name=\"twitter:card\" content=\"summary_large_image\" \/>\n<meta name=\"twitter:label1\" content=\"Est. reading time\" \/>\n\t<meta name=\"twitter:data1\" content=\"1 minute\" \/>\n<script type=\"application\/ld+json\" class=\"yoast-schema-graph\">{\"@context\":\"https:\/\/schema.org\",\"@graph\":[{\"@type\":\"WebPage\",\"@id\":\"https:\/\/geoclimate.ge\/az\/product\/trotec-ttk-500-condensation-dehumidifier\/\",\"url\":\"https:\/\/geoclimate.ge\/az\/product\/trotec-ttk-500-condensation-dehumidifier\/\",\"name\":\"Trotec TTK 500 - kondensasiya n\u0259ml\u0259ndiricisi. - GeoClimate.ge\",\"isPartOf\":{\"@id\":\"https:\/\/geoclimate.ge\/#website\"},\"primaryImageOfPage\":{\"@id\":\"https:\/\/geoclimate.ge\/az\/product\/trotec-ttk-500-condensation-dehumidifier\/#primaryimage\"},\"image\":{\"@id\":\"https:\/\/geoclimate.ge\/az\/product\/trotec-ttk-500-condensation-dehumidifier\/#primaryimage\"},\"thumbnailUrl\":\"https:\/\/geoclimate.ge\/wp-content\/uploads\/2025\/04\/Trotec-TTK-500-main-right.jpg\",\"datePublished\":\"2024-01-22T16:57:34+00:00\",\"dateModified\":\"2025-04-05T09:21:54+00:00\",\"breadcrumb\":{\"@id\":\"https:\/\/geoclimate.ge\/az\/product\/trotec-ttk-500-condensation-dehumidifier\/#breadcrumb\"},\"inLanguage\":\"az\",\"potentialAction\":[{\"@type\":\"ReadAction\",\"target\":[\"https:\/\/geoclimate.ge\/az\/product\/trotec-ttk-500-condensation-dehumidifier\/\"]}]},{\"@type\":\"ImageObject\",\"inLanguage\":\"az\",\"@id\":\"https:\/\/geoclimate.ge\/az\/product\/trotec-ttk-500-condensation-dehumidifier\/#primaryimage\",\"url\":\"https:\/\/geoclimate.ge\/wp-content\/uploads\/2025\/04\/Trotec-TTK-500-main-right.jpg\",\"contentUrl\":\"https:\/\/geoclimate.ge\/wp-content\/uploads\/2025\/04\/Trotec-TTK-500-main-right.jpg\",\"width\":1000,\"height\":1000},{\"@type\":\"BreadcrumbList\",\"@id\":\"https:\/\/geoclimate.ge\/az\/product\/trotec-ttk-500-condensation-dehumidifier\/#breadcrumb\",\"itemListElement\":[{\"@type\":\"ListItem\",\"position\":1,\"name\":\"Home\",\"item\":\"https:\/\/geoclimate.ge\/az\/\"},{\"@type\":\"ListItem\",\"position\":2,\"name\":\"M\u0259hsullar\",\"item\":\"https:\/\/geoclimate.ge\/az\/products\/\"},{\"@type\":\"ListItem\",\"position\":3,\"name\":\"Trotec TTK 500 &#8211; kondensasiya n\u0259ml\u0259ndiricisi.\"}]},{\"@type\":\"WebSite\",\"@id\":\"https:\/\/geoclimate.ge\/#website\",\"url\":\"https:\/\/geoclimate.ge\/\",\"name\":\"GeoClimate\",\"description\":\"\",\"publisher\":{\"@id\":\"https:\/\/geoclimate.ge\/#organization\"},\"potentialAction\":[{\"@type\":\"SearchAction\",\"target\":{\"@type\":\"EntryPoint\",\"urlTemplate\":\"https:\/\/geoclimate.ge\/?s={search_term_string}\"},\"query-input\":{\"@type\":\"PropertyValueSpecification\",\"valueRequired\":true,\"valueName\":\"search_term_string\"}}],\"inLanguage\":\"az\"},{\"@type\":\"Organization\",\"@id\":\"https:\/\/geoclimate.ge\/#organization\",\"name\":\"GeoClimate\",\"url\":\"https:\/\/geoclimate.ge\/\",\"logo\":{\"@type\":\"ImageObject\",\"inLanguage\":\"az\",\"@id\":\"https:\/\/geoclimate.ge\/#\/schema\/logo\/image\/\",\"url\":\"https:\/\/geoclimate.ge\/wp-content\/uploads\/2026\/03\/geoclimate-SEO.png\",\"contentUrl\":\"https:\/\/geoclimate.ge\/wp-content\/uploads\/2026\/03\/geoclimate-SEO.png\",\"width\":1536,\"height\":1024,\"caption\":\"GeoClimate\"},\"image\":{\"@id\":\"https:\/\/geoclimate.ge\/#\/schema\/logo\/image\/\"}}]}<\/script>\n<!-- \/ Yoast SEO plugin. -->","yoast_head_json":{"title":"Trotec TTK 500 - kondensasiya n\u0259ml\u0259ndiricisi. - GeoClimate.ge","robots":{"index":"index","follow":"follow","max-snippet":"max-snippet:-1","max-image-preview":"max-image-preview:large","max-video-preview":"max-video-preview:-1"},"canonical":"https:\/\/geoclimate.ge\/az\/product\/trotec-ttk-500-condensation-dehumidifier\/","og_locale":"az_AZ","og_type":"article","og_title":"Trotec TTK 500 - kondensasiya n\u0259ml\u0259ndiricisi. - GeoClimate.ge","og_description":"Tikinti quruducular\u0131.  TTK 500 kondensasiya n\u0259ml\u0259ndiricisi m\u00f6hk\u0259m metal korpusa malik m\u00f6hk\u0259m qur\u011fudur. \u00c7\u0259tin \u015f\u0259rtl\u0259r\u0259 meydan oxuyan bu y\u00fcks\u0259k performansl\u0131 kondensator qurutma ma\u015f\u0131n\u0131 \u00e7ox y\u00f6nl\u00fc tikinti sah\u0259l\u0259rind\u0259 \u00fcst\u00fcnd\u00fcr. 76 litr\u0259 q\u0259d\u0259r n\u0259m \u00e7\u0131xara bil\u0259n onun avtomatik isti qaz defrost sistemi h\u0259tta soyuq m\u00fchitl\u0259rd\u0259 d\u0259 s\u0259m\u0259r\u0259liliyi t\u0259min edir. H\u0259r\u0259k\u0259tlilik \u00fc\u00e7\u00fcn n\u0259z\u0259rd\u0259 tutulmu\u015f b\u00f6lm\u0259nin istifad\u0259si asanl\u0131\u011f\u0131 \u00fc\u00e7\u00fcn t\u0259nziml\u0259n\u0259n t\u0259kan tutaca\u011f\u0131 var. Etibarl\u0131l\u0131\u011f\u0131n zirv\u0259sini TTK 500 il\u0259 ya\u015fay\u0131n, t\u0259l\u0259bkar meydan\u00e7alarda fasil\u0259siz i\u015fl\u0259m\u0259y\u0259 haz\u0131r olun. Minimum dayanma m\u00fcdd\u0259tini t\u0259min ed\u0259n modul dizayn\u0131 il\u0259 texniki qulluq sad\u0259dir.  Dig\u0259r kondensasiya n\u0259ml\u0259ndiricil\u0259rin\u0259 bax\u0131n v\u0259 ya \u00e7oxsayl\u0131 t\u0259tbiql\u0259r \u00fc\u00e7\u00fcn uy\u011fun olan kommersiya n\u0259ml\u0259ndiricil\u0259rimizin tam \u00e7e\u015fidin\u0259 bax\u0131n.","og_url":"https:\/\/geoclimate.ge\/az\/product\/trotec-ttk-500-condensation-dehumidifier\/","og_site_name":"GeoClimate.ge","article_modified_time":"2025-04-05T09:21:54+00:00","og_image":[{"width":1000,"height":1000,"url":"https:\/\/geoclimate.ge\/wp-content\/uploads\/2025\/04\/Trotec-TTK-500-main-right.jpg","type":"image\/jpeg"}],"twitter_card":"summary_large_image","twitter_misc":{"Est. reading time":"1 minute"},"schema":{"@context":"https:\/\/schema.org","@graph":[{"@type":"WebPage","@id":"https:\/\/geoclimate.ge\/az\/product\/trotec-ttk-500-condensation-dehumidifier\/","url":"https:\/\/geoclimate.ge\/az\/product\/trotec-ttk-500-condensation-dehumidifier\/","name":"Trotec TTK 500 - kondensasiya n\u0259ml\u0259ndiricisi. - GeoClimate.ge","isPartOf":{"@id":"https:\/\/geoclimate.ge\/#website"},"primaryImageOfPage":{"@id":"https:\/\/geoclimate.ge\/az\/product\/trotec-ttk-500-condensation-dehumidifier\/#primaryimage"},"image":{"@id":"https:\/\/geoclimate.ge\/az\/product\/trotec-ttk-500-condensation-dehumidifier\/#primaryimage"},"thumbnailUrl":"https:\/\/geoclimate.ge\/wp-content\/uploads\/2025\/04\/Trotec-TTK-500-main-right.jpg","datePublished":"2024-01-22T16:57:34+00:00","dateModified":"2025-04-05T09:21:54+00:00","breadcrumb":{"@id":"https:\/\/geoclimate.ge\/az\/product\/trotec-ttk-500-condensation-dehumidifier\/#breadcrumb"},"inLanguage":"az","potentialAction":[{"@type":"ReadAction","target":["https:\/\/geoclimate.ge\/az\/product\/trotec-ttk-500-condensation-dehumidifier\/"]}]},{"@type":"ImageObject","inLanguage":"az","@id":"https:\/\/geoclimate.ge\/az\/product\/trotec-ttk-500-condensation-dehumidifier\/#primaryimage","url":"https:\/\/geoclimate.ge\/wp-content\/uploads\/2025\/04\/Trotec-TTK-500-main-right.jpg","contentUrl":"https:\/\/geoclimate.ge\/wp-content\/uploads\/2025\/04\/Trotec-TTK-500-main-right.jpg","width":1000,"height":1000},{"@type":"BreadcrumbList","@id":"https:\/\/geoclimate.ge\/az\/product\/trotec-ttk-500-condensation-dehumidifier\/#breadcrumb","itemListElement":[{"@type":"ListItem","position":1,"name":"Home","item":"https:\/\/geoclimate.ge\/az\/"},{"@type":"ListItem","position":2,"name":"M\u0259hsullar","item":"https:\/\/geoclimate.ge\/az\/products\/"},{"@type":"ListItem","position":3,"name":"Trotec TTK 500 &#8211; kondensasiya n\u0259ml\u0259ndiricisi."}]},{"@type":"WebSite","@id":"https:\/\/geoclimate.ge\/#website","url":"https:\/\/geoclimate.ge\/","name":"GeoClimate","description":"","publisher":{"@id":"https:\/\/geoclimate.ge\/#organization"},"potentialAction":[{"@type":"SearchAction","target":{"@type":"EntryPoint","urlTemplate":"https:\/\/geoclimate.ge\/?s={search_term_string}"},"query-input":{"@type":"PropertyValueSpecification","valueRequired":true,"valueName":"search_term_string"}}],"inLanguage":"az"},{"@type":"Organization","@id":"https:\/\/geoclimate.ge\/#organization","name":"GeoClimate","url":"https:\/\/geoclimate.ge\/","logo":{"@type":"ImageObject","inLanguage":"az","@id":"https:\/\/geoclimate.ge\/#\/schema\/logo\/image\/","url":"https:\/\/geoclimate.ge\/wp-content\/uploads\/2026\/03\/geoclimate-SEO.png","contentUrl":"https:\/\/geoclimate.ge\/wp-content\/uploads\/2026\/03\/geoclimate-SEO.png","width":1536,"height":1024,"caption":"GeoClimate"},"image":{"@id":"https:\/\/geoclimate.ge\/#\/schema\/logo\/image\/"}}]}},"_links":{"self":[{"href":"https:\/\/geoclimate.ge\/az\/wp-json\/wp\/v2\/product\/26824","targetHints":{"allow":["GET"]}}],"collection":[{"href":"https:\/\/geoclimate.ge\/az\/wp-json\/wp\/v2\/product"}],"about":[{"href":"https:\/\/geoclimate.ge\/az\/wp-json\/wp\/v2\/types\/product"}],"wp:featuredmedia":[{"embeddable":true,"href":"https:\/\/geoclimate.ge\/az\/wp-json\/wp\/v2\/media\/26818"}],"wp:attachment":[{"href":"https:\/\/geoclimate.ge\/az\/wp-json\/wp\/v2\/media?parent=26824"}],"wp:term":[{"taxonomy":"product_brand","embeddable":true,"href":"https:\/\/geoclimate.ge\/az\/wp-json\/wp\/v2\/product_brand?post=26824"},{"taxonomy":"product_cat","embeddable":true,"href":"https:\/\/geoclimate.ge\/az\/wp-json\/wp\/v2\/product_cat?post=26824"},{"taxonomy":"product_tag","embeddable":true,"href":"https:\/\/geoclimate.ge\/az\/wp-json\/wp\/v2\/product_tag?post=26824"}],"curies":[{"name":"wp","href":"https:\/\/api.w.org\/{rel}","templated":true}]}}