{"id":27271,"date":"2024-01-22T19:57:10","date_gmt":"2024-01-22T15:57:10","guid":{"rendered":"https:\/\/airsystems.ge\/shop\/product\/trotec-ttr-400-desiccant-dehumidifier\/"},"modified":"2025-04-05T17:49:58","modified_gmt":"2025-04-05T13:49:58","slug":"trotec-ttr-400-desiccant-dehumidifier","status":"publish","type":"product","link":"https:\/\/geoclimate.ge\/az\/product\/trotec-ttr-400-desiccant-dehumidifier\/","title":{"rendered":"Trotec TTR 400 \u2013 quruducu n\u0259ml\u0259ndirici"},"content":{"rendered":"<section class=\"max-w-[1088px] mx-auto w-full px-5 my-10 md:my-12 lg:my-16 xl:my-20 xl:px-0\" data-block=\"bullet-list\">\n<div class=\"md:text-center\">\n<div class=\"md:text-center\">\n<h3 class=\"text-black font-bold text-lg md:text-xl lg:text-2xl\">\u018fsas x\u00fcsusiyy\u0259tl\u0259r<\/h3>\n<\/div>\n<div class=\"mt-6 md:mt-10\">\n<div class=\"flex flex-wrap\">\n<div class=\"w-full md:w-1\/2 auto-bullets md:pr-16\">\n<ul>\n<li class=\"text-sm md:text-base text-black mt-3 flex items-start\">\n<div class=\"pl-5\">Quru hava h\u0259cminin d\u0259qiq add\u0131ms\u0131z t\u0259nziml\u0259nm\u0259si \u00fc\u00e7\u00fcn t\u0259kmil monoventik hava h\u0259cminin t\u0259nziml\u0259nm\u0259si sistemi<br \/>\nM\u00fcqayis\u0259 edil\u0259n vahidl\u0259rd\u0259n 30%-\u0259 q\u0259d\u0259r y\u00fcng\u00fcld\u00fcr<br \/>\nMaksimum performans, minimal \u00f6l\u00e7\u00fc v\u0259 \u00e7\u0259ki<br \/>\nBax\u0131m \u00e7ox asand\u0131r<br \/>\n\u00c7ox davaml\u0131 toz \u00f6rt\u00fckl\u00fc polad t\u0259b\u0259q\u0259 konstruksiyas\u0131<br \/>\nY\u00fcng\u00fcl v\u0259 idar\u0259 etm\u0259k asan<br \/>\nY\u0131\u011f\u0131labilir dizayn yer\u0259 q\u0259na\u0259t edir<br \/>\nHava miqdar\u0131n\u0131n elektron t\u0259nziml\u0259nm\u0259si &#8211; sonsuz t\u0259nziml\u0259n\u0259 bil\u0259r<\/div>\n<\/li>\n<\/ul>\n<\/div>\n<\/div>\n<\/div>\n<\/div>\n<\/section>\n<section class=\"max-w-[1088px] mx-auto w-full px-5 my-10 md:my-12 lg:my-16 xl:my-20 xl:px-0\" data-block=\"product-specifications\">\n<div class=\"md:text-center\">\n<h3 class=\"text-black font-bold text-lg md:text-xl lg:text-2xl\"><strong>Product specifications<\/strong><\/h3>\n<\/div>\n<div class=\" md:mt-10\">\n<div class=\"\">\n<div class=\"lg:mt-0 \">\n<div id=\"spec-ttr-400\" class=\"prose max-w-full md:overflow-auto\" data-spec-content=\"\">\n<div class=\"spreadsheet-container hidden md:block\">\n<table class=\"w-full table-fixed mb-0\">\n<thead>\n<tr>\n<th class=\"font-bold text-base\"><span class=\"block px-4\">Specifications<\/span><\/th>\n<th class=\"font-bold text-base text-center\"><span class=\"block px-10 md:px-20\">Units<\/span><\/th>\n<th class=\"font-bold text-base text-center will-change\"><span class=\"block px-4\">TTR\u00a0400<\/span><\/th>\n<\/tr>\n<\/thead>\n<tbody>\n<tr class=\"bg-grey-200\/50 p-2\">\n<td colspan=\"1\"><span class=\"block px-4\">Capacity (20\u00b0C\/60% RH)<\/span><\/td>\n<td class=\"text-center\">\n<div class=\"px-10 md:px-20 flex items-center justify-center\">kg\/h<\/div>\n<\/td>\n<td class=\"text-center will-change\">\n<div class=\"px-10 md:px-20 flex items-center justify-center\">1.2<\/div>\n<\/td>\n<\/tr>\n<tr class=\" p-2\">\n<td colspan=\"1\"><span class=\"block px-4\">Dry air range<\/span><\/td>\n<td class=\"text-center\">\n<div class=\"px-10 md:px-20 flex items-center justify-center\">m\u00b3\/h<\/div>\n<\/td>\n<td class=\"text-center will-change\">\n<div class=\"px-10 md:px-20 flex items-center justify-center\">130 &#8211; 450<\/div>\n<\/td>\n<\/tr>\n<tr class=\"bg-grey-200\/50 p-2\">\n<td colspan=\"1\"><span class=\"block px-4\">Dry air volume nominal<\/span><\/td>\n<td class=\"text-center\">\n<div class=\"px-10 md:px-20 flex items-center justify-center\">m\u00b3\/h<\/div>\n<\/td>\n<td class=\"text-center will-change\">\n<div class=\"px-10 md:px-20 flex items-center justify-center\">350<\/div>\n<\/td>\n<\/tr>\n<tr class=\" p-2\">\n<td colspan=\"1\"><span class=\"block px-4\">Available pressure<\/span><\/td>\n<td class=\"text-center\">\n<div class=\"px-10 md:px-20 flex items-center justify-center\">Pa<\/div>\n<\/td>\n<td class=\"text-center will-change\">\n<div class=\"px-10 md:px-20 flex items-center justify-center\">150<\/div>\n<\/td>\n<\/tr>\n<tr class=\"bg-grey-200\/50 p-2\">\n<td colspan=\"1\"><span class=\"block px-4\">Regeneration air flow<\/span><\/td>\n<td class=\"text-center\">\n<div class=\"px-10 md:px-20 flex items-center justify-center\">m\u00b3\/h<\/div>\n<\/td>\n<td class=\"text-center will-change\">\n<div class=\"px-10 md:px-20 flex items-center justify-center\">50<\/div>\n<\/td>\n<\/tr>\n<tr class=\" p-2\">\n<td colspan=\"1\"><span class=\"block px-4\">Available pressure<\/span><\/td>\n<td class=\"text-center\">\n<div class=\"px-10 md:px-20 flex items-center justify-center\">Pa<\/div>\n<\/td>\n<td class=\"text-center will-change\">\n<div class=\"px-10 md:px-20 flex items-center justify-center\">80<\/div>\n<\/td>\n<\/tr>\n<tr class=\"bg-grey-200\/50 p-2\">\n<td colspan=\"1\"><span class=\"block px-4\">Operating temperature range<\/span><\/td>\n<td class=\"text-center\">\n<div class=\"px-10 md:px-20 flex items-center justify-center\">\u00b0C<\/div>\n<\/td>\n<td class=\"text-center will-change\">\n<div class=\"px-10 md:px-20 flex items-center justify-center\">-15 &#8211; +35<\/div>\n<\/td>\n<\/tr>\n<tr class=\" p-2\">\n<td colspan=\"1\"><span class=\"block px-4\">Operating humidity range<\/span><\/td>\n<td class=\"text-center\">\n<div class=\"px-10 md:px-20 flex items-center justify-center\">% RH<\/div>\n<\/td>\n<td class=\"text-center will-change\">\n<div class=\"px-10 md:px-20 flex items-center justify-center\">0 &#8211; 100<\/div>\n<\/td>\n<\/tr>\n<tr class=\"bg-grey-200\/50 p-2\">\n<td colspan=\"1\"><span class=\"block px-4\">Power supply<\/span><\/td>\n<td class=\"text-center\">\n<div class=\"px-10 md:px-20 flex items-center justify-center\">V\/Hz<\/div>\n<\/td>\n<td class=\"text-center will-change\">\n<div class=\"px-10 md:px-20 flex items-center justify-center\">230\/1ph\/50-60<\/div>\n<\/td>\n<\/tr>\n<tr class=\" p-2\">\n<td colspan=\"1\"><span class=\"block px-4\">Power input total<\/span><\/td>\n<td class=\"text-center\">\n<div class=\"px-10 md:px-20 flex items-center justify-center\">kW<\/div>\n<\/td>\n<td class=\"text-center will-change\">\n<div class=\"px-10 md:px-20 flex items-center justify-center\">1.5<\/div>\n<\/td>\n<\/tr>\n<tr class=\"bg-grey-200\/50 p-2\">\n<td colspan=\"1\"><span class=\"block px-4\">Power input heating<\/span><\/td>\n<td class=\"text-center\">\n<div class=\"px-10 md:px-20 flex items-center justify-center\">kW<\/div>\n<\/td>\n<td class=\"text-center will-change\">\n<div class=\"px-10 md:px-20 flex items-center justify-center\">1.35<\/div>\n<\/td>\n<\/tr>\n<tr class=\" p-2\">\n<td colspan=\"1\"><span class=\"block px-4\">Sound level @1m<\/span><\/td>\n<td class=\"text-center\">\n<div class=\"px-10 md:px-20 flex items-center justify-center\">dB(A)<\/div>\n<\/td>\n<td class=\"text-center will-change\">\n<div class=\"px-10 md:px-20 flex items-center justify-center\">63<\/div>\n<\/td>\n<\/tr>\n<tr class=\"bg-grey-200\/50 p-2\">\n<td colspan=\"1\"><span class=\"block px-4\">Connections dry air outlet<\/span><\/td>\n<td class=\"text-center\">\n<div class=\"px-10 md:px-20 flex items-center justify-center\">\u00d8mm<\/div>\n<\/td>\n<td class=\"text-center will-change\">\n<div class=\"px-10 md:px-20 flex items-center justify-center\">125<\/div>\n<\/td>\n<\/tr>\n<tr class=\" p-2\">\n<td colspan=\"1\"><span class=\"block px-4\">Connections humid air outlet<\/span><\/td>\n<td class=\"text-center\">\n<div class=\"px-10 md:px-20 flex items-center justify-center\">\u00d8mm<\/div>\n<\/td>\n<td class=\"text-center will-change\">\n<div class=\"px-10 md:px-20 flex items-center justify-center\">80<\/div>\n<\/td>\n<\/tr>\n<tr class=\"bg-grey-200\/50 p-2\">\n<td colspan=\"1\"><span class=\"block px-4\">Product size (l x w x h)<\/span><\/td>\n<td class=\"text-center\">\n<div class=\"px-10 md:px-20 flex items-center justify-center\">mm<\/div>\n<\/td>\n<td class=\"text-center will-change\">\n<div class=\"px-10 md:px-20 flex items-center justify-center\">400 x 350 x 405<\/div>\n<\/td>\n<\/tr>\n<tr class=\" p-2\">\n<td colspan=\"1\"><span class=\"block px-4\">Weight<\/span><\/td>\n<td class=\"text-center\">\n<div class=\"px-10 md:px-20 flex items-center justify-center\">kg<\/div>\n<\/td>\n<td class=\"text-center will-change\">\n<div class=\"px-10 md:px-20 flex items-center justify-center\">17<\/div>\n<\/td>\n<\/tr>\n<\/tbody>\n<\/table>\n<\/div>\n<\/div>\n<\/div>\n<\/div>\n<\/div>\n<\/section>\n<section class=\"max-w-[1088px] mx-auto w-full px-5 my-10 md:my-12 lg:my-16 xl:my-20 xl:px-0\" data-block=\"link-list\">\n<div class=\"max-w-[1088px] mx-auto\">\n<div class=\"md:text-center\">\n<ul>\n<li class=\"flex items-center gap-5 text-sm text-black mt-3 md:text-base lg:text-lg\"><strong>\u00fc\u00e7\u00fcn uy\u011fundur<\/strong><\/li>\n<\/ul>\n<\/div>\n<div class=\"mt-6 max-w-4xl mx-auto\">\n<div class=\"flex flex-wrap md:ml-20\">\n<div class=\"w-full md:w-1\/2 auto-bullets md:pr-16\">\n<ul>\n<li class=\"flex items-center gap-5 text-sm text-black mt-3 md:text-base lg:text-lg\">Ticar\u0259t binalar\u0131<br \/>\nTikinti<br \/>\nS\u0259naye, fabrikl\u0259r v\u0259 istehsal<br \/>\nMuzeyl\u0259r v\u0259 qalereyalar<br \/>\n\u0130car\u0259 \u015firk\u0259tl\u0259ri<br \/>\nYa\u015fay\u0131\u015f binalar\u0131<br \/>\nAnbarlar v\u0259 anbarlar<br \/>\nSu z\u0259r\u0259rinin b\u0259rpas\u0131<br \/>\nSu i\u015fl\u0259ri<\/li>\n<\/ul>\n<\/div>\n<\/div>\n<\/div>\n<\/div>\n<\/section>\n<section class=\"max-w-[1088px] mx-auto w-full px-5 my-10 md:my-12 lg:my-16 xl:my-20 xl:px-0\" data-block=\"related-downloads\">\n<div class=\"md:text-center\">\n<h3 class=\"text-black font-bold text-lg md:text-xl lg:text-2xl\"><strong>Useful downloads<\/strong><\/h3>\n<\/div>\n<div class=\"mt-6 md:mt-10\">\n<div class=\"flex flex-col md:flex-row md:flex-wrap md:justify-center\">\n<div class=\"mb-4 md:mb-8 w-full md:w-1\/2 md:px-4\">\n<div class=\"p-4 md:p-5 h-full flex md:items-center border border-grey-300\">\n<div class=\"mt-1.5 md:mt-0 w-6 md:w-10\"><a href=\"https:\/\/www.danthermgroup.com\/uk\/downloads\/dantherm-group-professional-portable-catalogue\" target=\"_blank\" rel=\"nofollow noindex noopener\"><img decoding=\"async\" class=\"lazyload h-8 md:h-14 w-auto object-contain\" src=\"https:\/\/dantherm-group-cdn.s3.amazonaws.com\/media\/icons\/download-catalog.svg\" alt=\"Download catalog\" height=\"56\" \/><\/a><\/div>\n<div class=\"flex-1 pl-4 md:px-8\">\n<h2 class=\"font-bold text-sm md:text-lg\"><a class=\"underline underline-offset-2 decoration-transparent transition duration-300 ease-linear hover:decoration-black\" href=\"https:\/\/www.danthermgroup.com\/uk\/downloads\/dantherm-group-professional-portable-catalogue\" target=\"_blank\" rel=\"nofollow noindex noopener\">Dantherm Group Catalogue \u2013 Professional Portable Solutions<\/a><\/h2>\n<div class=\"prose text-grey-500 text-sm\">Catalogues<\/div>\n<\/div>\n<\/div>\n<\/div>\n<\/div>\n<\/div>\n<\/section>\n","protected":false},"excerpt":{"rendered":"<div class=\"max-w-4xl\">\n<div class=\"text-xl font-bold mt-1 md:mt-2\">\n<p>S\u0259naye n\u0259ml\u0259ndiricisi<\/p>\n<p>TTR 400 s\u0259naye v\u0259 kommersiya t\u0259tbiql\u0259ri \u00fc\u00e7\u00fcn n\u0259z\u0259rd\u0259 tutulmu\u015f y\u00fcks\u0259k tutumlu v\u0259 mobil quruducu n\u0259ml\u0259ndiricidir, m\u0259s. su qur\u011fular\u0131nda v\u0259 nasos stansiyalar\u0131nda korroziya v\u0259 kondensasiyadan qorunmaq \u00fc\u00e7\u00fcn, dayanma zaman\u0131 antikorroziya t\u0259dbirl\u0259ri \u00fc\u00e7\u00fcn, qumlama v\u0259 korroziyadan qorunma i\u015fl\u0259ri \u00fc\u00e7\u00fcn, habel\u0259 tikinti s\u0259nayesind\u0259 t\u0259tbiql\u0259r \u00fc\u00e7\u00fcn. M\u00f6hk\u0259m qurulu\u015fu v\u0259 qabaqc\u0131l texnologiyas\u0131 il\u0259 bu n\u0259ml\u0259ndirici art\u0131q n\u0259mliyi effektiv \u015f\u0259kild\u0259 aradan qald\u0131r\u0131r, tez quruma\u011fa v\u0259 optimal r\u00fctub\u0259t s\u0259viyy\u0259sini saxlama\u011fa imkan verir. Onun istifad\u0259\u00e7i dostu interfeysi v\u0259 intuitiv idar\u0259etm\u0259l\u0259ri asan i\u015fl\u0259m\u0259yi t\u0259min edir, portativ dizayn\u0131 v\u0259 y\u0131\u011fcam \u00f6l\u00e7\u00fcs\u00fc is\u0259 \u00e7evik yerl\u0259\u015fdirm\u0259y\u0259 imkan verir.<\/p>\n<p>Hans\u0131 kommersiya n\u0259ml\u0259ndiricisinin v\u0259 ya s\u0259naye n\u0259ml\u0259ndiricisinin n\u0259z\u0259rd\u0259 tutulan m\u0259qs\u0259diniz\u0259 \u0259n uy\u011fun oldu\u011funu m\u00fczakir\u0259 etm\u0259k \u00fc\u00e7\u00fcn komandam\u0131zla \u0259laq\u0259 saxlay\u0131n.<\/p>\n<\/div>\n<\/div>\n","protected":false},"featured_media":27260,"template":"","meta":[],"product_brand":[],"product_cat":[895,809,861],"product_tag":[],"class_list":{"0":"post-27271","1":"product","2":"type-product","3":"status-publish","4":"has-post-thumbnail","6":"product_cat-adsorbsiya-nmlndirici-quru","7":"product_cat-hava-nmlndiricisi-kondisioner-az-ventilyasiya-ventilyator","8":"product_cat-nmlndiricilr-nmlndirici-hava","10":"first","11":"instock","12":"shipping-taxable","13":"purchasable","14":"product-type-simple"},"yoast_head":"<!-- This site is optimized with the Yoast SEO plugin v27.1.1 - https:\/\/yoast.com\/product\/yoast-seo-wordpress\/ -->\n<title>Trotec TTR 400 \u2013 quruducu n\u0259ml\u0259ndirici - GeoClimate.ge<\/title>\n<meta name=\"robots\" content=\"index, follow, max-snippet:-1, max-image-preview:large, max-video-preview:-1\" \/>\n<link rel=\"canonical\" href=\"https:\/\/geoclimate.ge\/az\/product\/trotec-ttr-400-desiccant-dehumidifier\/\" \/>\n<meta property=\"og:locale\" content=\"az_AZ\" \/>\n<meta property=\"og:type\" content=\"article\" \/>\n<meta property=\"og:title\" content=\"Trotec TTR 400 \u2013 quruducu n\u0259ml\u0259ndirici - GeoClimate.ge\" \/>\n<meta property=\"og:description\" content=\"S\u0259naye n\u0259ml\u0259ndiricisi  TTR 400 s\u0259naye v\u0259 kommersiya t\u0259tbiql\u0259ri \u00fc\u00e7\u00fcn n\u0259z\u0259rd\u0259 tutulmu\u015f y\u00fcks\u0259k tutumlu v\u0259 mobil quruducu n\u0259ml\u0259ndiricidir, m\u0259s. su qur\u011fular\u0131nda v\u0259 nasos stansiyalar\u0131nda korroziya v\u0259 kondensasiyadan qorunmaq \u00fc\u00e7\u00fcn, dayanma zaman\u0131 antikorroziya t\u0259dbirl\u0259ri \u00fc\u00e7\u00fcn, qumlama v\u0259 korroziyadan qorunma i\u015fl\u0259ri \u00fc\u00e7\u00fcn, habel\u0259 tikinti s\u0259nayesind\u0259 t\u0259tbiql\u0259r \u00fc\u00e7\u00fcn. M\u00f6hk\u0259m qurulu\u015fu v\u0259 qabaqc\u0131l texnologiyas\u0131 il\u0259 bu n\u0259ml\u0259ndirici art\u0131q n\u0259mliyi effektiv \u015f\u0259kild\u0259 aradan qald\u0131r\u0131r, tez quruma\u011fa v\u0259 optimal r\u00fctub\u0259t s\u0259viyy\u0259sini saxlama\u011fa imkan verir. Onun istifad\u0259\u00e7i dostu interfeysi v\u0259 intuitiv idar\u0259etm\u0259l\u0259ri asan i\u015fl\u0259m\u0259yi t\u0259min edir, portativ dizayn\u0131 v\u0259 y\u0131\u011fcam \u00f6l\u00e7\u00fcs\u00fc is\u0259 \u00e7evik yerl\u0259\u015fdirm\u0259y\u0259 imkan verir.  Hans\u0131 kommersiya n\u0259ml\u0259ndiricisinin v\u0259 ya s\u0259naye n\u0259ml\u0259ndiricisinin n\u0259z\u0259rd\u0259 tutulan m\u0259qs\u0259diniz\u0259 \u0259n uy\u011fun oldu\u011funu m\u00fczakir\u0259 etm\u0259k \u00fc\u00e7\u00fcn komandam\u0131zla \u0259laq\u0259 saxlay\u0131n.\" \/>\n<meta property=\"og:url\" content=\"https:\/\/geoclimate.ge\/az\/product\/trotec-ttr-400-desiccant-dehumidifier\/\" \/>\n<meta property=\"og:site_name\" content=\"GeoClimate.ge\" \/>\n<meta property=\"article:modified_time\" content=\"2025-04-05T13:49:58+00:00\" \/>\n<meta property=\"og:image\" content=\"https:\/\/geoclimate.ge\/wp-content\/uploads\/2025\/04\/Trotec-TTR-400-perspective-left.jpg\" \/>\n\t<meta property=\"og:image:width\" content=\"1000\" \/>\n\t<meta property=\"og:image:height\" content=\"1000\" \/>\n\t<meta property=\"og:image:type\" content=\"image\/jpeg\" \/>\n<meta name=\"twitter:card\" content=\"summary_large_image\" \/>\n<meta name=\"twitter:label1\" content=\"Est. reading time\" \/>\n\t<meta name=\"twitter:data1\" content=\"1 minute\" \/>\n<script type=\"application\/ld+json\" class=\"yoast-schema-graph\">{\"@context\":\"https:\/\/schema.org\",\"@graph\":[{\"@type\":\"WebPage\",\"@id\":\"https:\/\/geoclimate.ge\/az\/product\/trotec-ttr-400-desiccant-dehumidifier\/\",\"url\":\"https:\/\/geoclimate.ge\/az\/product\/trotec-ttr-400-desiccant-dehumidifier\/\",\"name\":\"Trotec TTR 400 \u2013 quruducu n\u0259ml\u0259ndirici - GeoClimate.ge\",\"isPartOf\":{\"@id\":\"https:\/\/geoclimate.ge\/#website\"},\"primaryImageOfPage\":{\"@id\":\"https:\/\/geoclimate.ge\/az\/product\/trotec-ttr-400-desiccant-dehumidifier\/#primaryimage\"},\"image\":{\"@id\":\"https:\/\/geoclimate.ge\/az\/product\/trotec-ttr-400-desiccant-dehumidifier\/#primaryimage\"},\"thumbnailUrl\":\"https:\/\/geoclimate.ge\/wp-content\/uploads\/2025\/04\/Trotec-TTR-400-perspective-left.jpg\",\"datePublished\":\"2024-01-22T15:57:10+00:00\",\"dateModified\":\"2025-04-05T13:49:58+00:00\",\"breadcrumb\":{\"@id\":\"https:\/\/geoclimate.ge\/az\/product\/trotec-ttr-400-desiccant-dehumidifier\/#breadcrumb\"},\"inLanguage\":\"az\",\"potentialAction\":[{\"@type\":\"ReadAction\",\"target\":[\"https:\/\/geoclimate.ge\/az\/product\/trotec-ttr-400-desiccant-dehumidifier\/\"]}]},{\"@type\":\"ImageObject\",\"inLanguage\":\"az\",\"@id\":\"https:\/\/geoclimate.ge\/az\/product\/trotec-ttr-400-desiccant-dehumidifier\/#primaryimage\",\"url\":\"https:\/\/geoclimate.ge\/wp-content\/uploads\/2025\/04\/Trotec-TTR-400-perspective-left.jpg\",\"contentUrl\":\"https:\/\/geoclimate.ge\/wp-content\/uploads\/2025\/04\/Trotec-TTR-400-perspective-left.jpg\",\"width\":1000,\"height\":1000},{\"@type\":\"BreadcrumbList\",\"@id\":\"https:\/\/geoclimate.ge\/az\/product\/trotec-ttr-400-desiccant-dehumidifier\/#breadcrumb\",\"itemListElement\":[{\"@type\":\"ListItem\",\"position\":1,\"name\":\"Home\",\"item\":\"https:\/\/geoclimate.ge\/az\/\"},{\"@type\":\"ListItem\",\"position\":2,\"name\":\"M\u0259hsullar\",\"item\":\"https:\/\/geoclimate.ge\/az\/products\/\"},{\"@type\":\"ListItem\",\"position\":3,\"name\":\"Trotec TTR 400 \u2013 quruducu n\u0259ml\u0259ndirici\"}]},{\"@type\":\"WebSite\",\"@id\":\"https:\/\/geoclimate.ge\/#website\",\"url\":\"https:\/\/geoclimate.ge\/\",\"name\":\"GeoClimate\",\"description\":\"\",\"publisher\":{\"@id\":\"https:\/\/geoclimate.ge\/#organization\"},\"potentialAction\":[{\"@type\":\"SearchAction\",\"target\":{\"@type\":\"EntryPoint\",\"urlTemplate\":\"https:\/\/geoclimate.ge\/?s={search_term_string}\"},\"query-input\":{\"@type\":\"PropertyValueSpecification\",\"valueRequired\":true,\"valueName\":\"search_term_string\"}}],\"inLanguage\":\"az\"},{\"@type\":\"Organization\",\"@id\":\"https:\/\/geoclimate.ge\/#organization\",\"name\":\"GeoClimate\",\"url\":\"https:\/\/geoclimate.ge\/\",\"logo\":{\"@type\":\"ImageObject\",\"inLanguage\":\"az\",\"@id\":\"https:\/\/geoclimate.ge\/#\/schema\/logo\/image\/\",\"url\":\"https:\/\/geoclimate.ge\/wp-content\/uploads\/2026\/03\/geoclimate-SEO.png\",\"contentUrl\":\"https:\/\/geoclimate.ge\/wp-content\/uploads\/2026\/03\/geoclimate-SEO.png\",\"width\":1536,\"height\":1024,\"caption\":\"GeoClimate\"},\"image\":{\"@id\":\"https:\/\/geoclimate.ge\/#\/schema\/logo\/image\/\"}}]}<\/script>\n<!-- \/ Yoast SEO plugin. -->","yoast_head_json":{"title":"Trotec TTR 400 \u2013 quruducu n\u0259ml\u0259ndirici - GeoClimate.ge","robots":{"index":"index","follow":"follow","max-snippet":"max-snippet:-1","max-image-preview":"max-image-preview:large","max-video-preview":"max-video-preview:-1"},"canonical":"https:\/\/geoclimate.ge\/az\/product\/trotec-ttr-400-desiccant-dehumidifier\/","og_locale":"az_AZ","og_type":"article","og_title":"Trotec TTR 400 \u2013 quruducu n\u0259ml\u0259ndirici - GeoClimate.ge","og_description":"S\u0259naye n\u0259ml\u0259ndiricisi  TTR 400 s\u0259naye v\u0259 kommersiya t\u0259tbiql\u0259ri \u00fc\u00e7\u00fcn n\u0259z\u0259rd\u0259 tutulmu\u015f y\u00fcks\u0259k tutumlu v\u0259 mobil quruducu n\u0259ml\u0259ndiricidir, m\u0259s. su qur\u011fular\u0131nda v\u0259 nasos stansiyalar\u0131nda korroziya v\u0259 kondensasiyadan qorunmaq \u00fc\u00e7\u00fcn, dayanma zaman\u0131 antikorroziya t\u0259dbirl\u0259ri \u00fc\u00e7\u00fcn, qumlama v\u0259 korroziyadan qorunma i\u015fl\u0259ri \u00fc\u00e7\u00fcn, habel\u0259 tikinti s\u0259nayesind\u0259 t\u0259tbiql\u0259r \u00fc\u00e7\u00fcn. M\u00f6hk\u0259m qurulu\u015fu v\u0259 qabaqc\u0131l texnologiyas\u0131 il\u0259 bu n\u0259ml\u0259ndirici art\u0131q n\u0259mliyi effektiv \u015f\u0259kild\u0259 aradan qald\u0131r\u0131r, tez quruma\u011fa v\u0259 optimal r\u00fctub\u0259t s\u0259viyy\u0259sini saxlama\u011fa imkan verir. Onun istifad\u0259\u00e7i dostu interfeysi v\u0259 intuitiv idar\u0259etm\u0259l\u0259ri asan i\u015fl\u0259m\u0259yi t\u0259min edir, portativ dizayn\u0131 v\u0259 y\u0131\u011fcam \u00f6l\u00e7\u00fcs\u00fc is\u0259 \u00e7evik yerl\u0259\u015fdirm\u0259y\u0259 imkan verir.  Hans\u0131 kommersiya n\u0259ml\u0259ndiricisinin v\u0259 ya s\u0259naye n\u0259ml\u0259ndiricisinin n\u0259z\u0259rd\u0259 tutulan m\u0259qs\u0259diniz\u0259 \u0259n uy\u011fun oldu\u011funu m\u00fczakir\u0259 etm\u0259k \u00fc\u00e7\u00fcn komandam\u0131zla \u0259laq\u0259 saxlay\u0131n.","og_url":"https:\/\/geoclimate.ge\/az\/product\/trotec-ttr-400-desiccant-dehumidifier\/","og_site_name":"GeoClimate.ge","article_modified_time":"2025-04-05T13:49:58+00:00","og_image":[{"width":1000,"height":1000,"url":"https:\/\/geoclimate.ge\/wp-content\/uploads\/2025\/04\/Trotec-TTR-400-perspective-left.jpg","type":"image\/jpeg"}],"twitter_card":"summary_large_image","twitter_misc":{"Est. reading time":"1 minute"},"schema":{"@context":"https:\/\/schema.org","@graph":[{"@type":"WebPage","@id":"https:\/\/geoclimate.ge\/az\/product\/trotec-ttr-400-desiccant-dehumidifier\/","url":"https:\/\/geoclimate.ge\/az\/product\/trotec-ttr-400-desiccant-dehumidifier\/","name":"Trotec TTR 400 \u2013 quruducu n\u0259ml\u0259ndirici - GeoClimate.ge","isPartOf":{"@id":"https:\/\/geoclimate.ge\/#website"},"primaryImageOfPage":{"@id":"https:\/\/geoclimate.ge\/az\/product\/trotec-ttr-400-desiccant-dehumidifier\/#primaryimage"},"image":{"@id":"https:\/\/geoclimate.ge\/az\/product\/trotec-ttr-400-desiccant-dehumidifier\/#primaryimage"},"thumbnailUrl":"https:\/\/geoclimate.ge\/wp-content\/uploads\/2025\/04\/Trotec-TTR-400-perspective-left.jpg","datePublished":"2024-01-22T15:57:10+00:00","dateModified":"2025-04-05T13:49:58+00:00","breadcrumb":{"@id":"https:\/\/geoclimate.ge\/az\/product\/trotec-ttr-400-desiccant-dehumidifier\/#breadcrumb"},"inLanguage":"az","potentialAction":[{"@type":"ReadAction","target":["https:\/\/geoclimate.ge\/az\/product\/trotec-ttr-400-desiccant-dehumidifier\/"]}]},{"@type":"ImageObject","inLanguage":"az","@id":"https:\/\/geoclimate.ge\/az\/product\/trotec-ttr-400-desiccant-dehumidifier\/#primaryimage","url":"https:\/\/geoclimate.ge\/wp-content\/uploads\/2025\/04\/Trotec-TTR-400-perspective-left.jpg","contentUrl":"https:\/\/geoclimate.ge\/wp-content\/uploads\/2025\/04\/Trotec-TTR-400-perspective-left.jpg","width":1000,"height":1000},{"@type":"BreadcrumbList","@id":"https:\/\/geoclimate.ge\/az\/product\/trotec-ttr-400-desiccant-dehumidifier\/#breadcrumb","itemListElement":[{"@type":"ListItem","position":1,"name":"Home","item":"https:\/\/geoclimate.ge\/az\/"},{"@type":"ListItem","position":2,"name":"M\u0259hsullar","item":"https:\/\/geoclimate.ge\/az\/products\/"},{"@type":"ListItem","position":3,"name":"Trotec TTR 400 \u2013 quruducu n\u0259ml\u0259ndirici"}]},{"@type":"WebSite","@id":"https:\/\/geoclimate.ge\/#website","url":"https:\/\/geoclimate.ge\/","name":"GeoClimate","description":"","publisher":{"@id":"https:\/\/geoclimate.ge\/#organization"},"potentialAction":[{"@type":"SearchAction","target":{"@type":"EntryPoint","urlTemplate":"https:\/\/geoclimate.ge\/?s={search_term_string}"},"query-input":{"@type":"PropertyValueSpecification","valueRequired":true,"valueName":"search_term_string"}}],"inLanguage":"az"},{"@type":"Organization","@id":"https:\/\/geoclimate.ge\/#organization","name":"GeoClimate","url":"https:\/\/geoclimate.ge\/","logo":{"@type":"ImageObject","inLanguage":"az","@id":"https:\/\/geoclimate.ge\/#\/schema\/logo\/image\/","url":"https:\/\/geoclimate.ge\/wp-content\/uploads\/2026\/03\/geoclimate-SEO.png","contentUrl":"https:\/\/geoclimate.ge\/wp-content\/uploads\/2026\/03\/geoclimate-SEO.png","width":1536,"height":1024,"caption":"GeoClimate"},"image":{"@id":"https:\/\/geoclimate.ge\/#\/schema\/logo\/image\/"}}]}},"_links":{"self":[{"href":"https:\/\/geoclimate.ge\/az\/wp-json\/wp\/v2\/product\/27271","targetHints":{"allow":["GET"]}}],"collection":[{"href":"https:\/\/geoclimate.ge\/az\/wp-json\/wp\/v2\/product"}],"about":[{"href":"https:\/\/geoclimate.ge\/az\/wp-json\/wp\/v2\/types\/product"}],"wp:featuredmedia":[{"embeddable":true,"href":"https:\/\/geoclimate.ge\/az\/wp-json\/wp\/v2\/media\/27260"}],"wp:attachment":[{"href":"https:\/\/geoclimate.ge\/az\/wp-json\/wp\/v2\/media?parent=27271"}],"wp:term":[{"taxonomy":"product_brand","embeddable":true,"href":"https:\/\/geoclimate.ge\/az\/wp-json\/wp\/v2\/product_brand?post=27271"},{"taxonomy":"product_cat","embeddable":true,"href":"https:\/\/geoclimate.ge\/az\/wp-json\/wp\/v2\/product_cat?post=27271"},{"taxonomy":"product_tag","embeddable":true,"href":"https:\/\/geoclimate.ge\/az\/wp-json\/wp\/v2\/product_tag?post=27271"}],"curies":[{"name":"wp","href":"https:\/\/api.w.org\/{rel}","templated":true}]}}