{"id":27463,"date":"2025-04-05T19:31:56","date_gmt":"2025-04-05T15:31:56","guid":{"rendered":"https:\/\/airsystems.ge\/shop\/product\/heylo-powerfilter-1400-air-cleaner\/"},"modified":"2025-04-05T19:42:03","modified_gmt":"2025-04-05T15:42:03","slug":"heylo-powerfilter-1400-air-cleaner","status":"publish","type":"product","link":"https:\/\/geoclimate.ge\/az\/product\/heylo-powerfilter-1400-air-cleaner\/","title":{"rendered":"Heylo PowerFilter 1400 \u2013 hava t\u0259mizl\u0259yicisi"},"content":{"rendered":"<section class=\"max-w-[1088px] mx-auto w-full px-5 my-10 md:my-12 lg:my-16 xl:my-20 xl:px-0\" data-block=\"bullet-list\">\n<div class=\"md:text-center\">\n<h3 class=\"text-black font-bold text-lg md:text-xl lg:text-2xl\">\u018fsas x\u00fcsusiyy\u0259tl\u0259r<\/h3>\n<\/div>\n<div class=\"mt-6 md:mt-10\">\n<div class=\"flex flex-wrap\">\n<div class=\"w-full md:w-1\/2 auto-bullets md:pr-16\">\n<ul>\n<li class=\"text-sm md:text-base text-black mt-3 flex items-start\">\n<div class=\"pl-5\">\n<p>Y\u00fcks\u0259k hava ax\u0131n\u0131, s\u0259ssiz i\u015fl\u0259m\u0259<br \/>\nM\u00fcxt\u0259lif filtr birl\u0259\u015fm\u0259l\u0259ri (F9\/HEPA\/Aktiv karbon v\u0259 s.) v\u0259 filtrin asan d\u0259yi\u015fdirilm\u0259si<br \/>\n2 v\u0259 ya 3 m\u0259rh\u0259l\u0259li filtr sistemi<br \/>\nYer\u0259 q\u0259na\u0259t ed\u0259n, y\u0131\u011f\u0131la bil\u0259n v\u0259 y\u00fcng\u00fcld\u00fcr<br \/>\nFiltr d\u0259yi\u015fdirm\u0259 g\u00f6st\u0259ricisi<br \/>\nMID enerji say\u011fac\u0131 (kWh)<br \/>\nHava ax\u0131n\u0131 sonsuz d\u0259yi\u015fk\u0259ndir<br \/>\nY\u00fcks\u0259k s\u0259m\u0259r\u0259li EC fan motoru<br \/>\nErqonomik da\u015f\u0131ma tutaca\u011f\u0131<br \/>\nX\u00fcsusi filtr kasetin\u0259 g\u00f6r\u0259 a\u015fa\u011f\u0131 toz filtri d\u0259yi\u015fikliyi<br \/>\nM\u00fcxt\u0259lif filtrl\u0259r tez \u0259ld\u0259 edilir v\u0259 asanl\u0131qla d\u0259yi\u015fdiril\u0259 bil\u0259r:<\/p>\n<p>\u00d6n filtr \u2013 EN779 Avropa standart\u0131na uy\u011fun G4 sinifli qaba toz filtri<br \/>\n\u018fvv\u0259lc\u0259d\u0259n filtr &#8211; aktivl\u0259\u015fdirilmi\u015f karbon filtri<br \/>\n\u018fsas filtr \u2013 Avropa standart\u0131 EN779-a uy\u011fun F9 sinifli inc\u0259 toz filtri v\u0259 EN60335-\u0259 uy\u011fun olaraq M toz sinfi<br \/>\n\u018fsas filtr \u2013 EN1822 Avropa standart\u0131na uy\u011fun HEPA H14 v\u0259 EN60335 uy\u011fun olaraq toz sinfi M.<br \/>\n\u018fsas filtr &#8211; aktivl\u0259\u015fdirilmi\u015f karbon filtri<\/p>\n<\/div>\n<\/li>\n<\/ul>\n<\/div>\n<\/div>\n<\/div>\n<\/section>\n<section class=\"max-w-[1088px] mx-auto w-full px-5 my-10 md:my-12 lg:my-16 xl:my-20 xl:px-0\" data-block=\"product-specifications\">\n<div class=\"md:text-center\">\n<h3 class=\"text-black font-bold text-lg md:text-xl lg:text-2xl\"><strong>Product specifications<\/strong><\/h3>\n<\/div>\n<div class=\" md:mt-10\">\n<div class=\"\">\n<div class=\"lg:mt-0 \">\n<div id=\"spec-pf-1400\" class=\"prose max-w-full md:overflow-auto\" data-spec-content=\"\">\n<div class=\"spreadsheet-container hidden md:block\">\n<table class=\"w-full table-fixed mb-0\">\n<thead>\n<tr>\n<th class=\"font-bold text-base\"><span class=\"block px-4\">Specifications<\/span><\/th>\n<th class=\"font-bold text-base text-center\"><span class=\"block px-10 md:px-20\">Units<\/span><\/th>\n<th class=\"font-bold text-base text-center will-change\"><span class=\"block px-4\">PF\u00a01400<\/span><\/th>\n<\/tr>\n<\/thead>\n<tbody>\n<tr class=\"bg-grey-200\/50 p-2\">\n<td colspan=\"1\"><span class=\"block px-4\">Fan air flow rate max.<\/span><\/td>\n<td class=\"text-center\">\n<div class=\"px-10 md:px-20 flex items-center justify-center\">m\u00b3\/h<\/div>\n<\/td>\n<td class=\"text-center will-change\">\n<div class=\"px-10 md:px-20 flex items-center justify-center\">1,010<\/div>\n<\/td>\n<\/tr>\n<tr class=\" p-2\">\n<td colspan=\"1\"><span class=\"block px-4\">Air flow with F9 filter \/M-class\/H14 filter\/H-class<\/span><\/td>\n<td class=\"text-center\">\n<div class=\"px-10 md:px-20 flex items-center justify-center\">m\u00b3\/h<\/div>\n<\/td>\n<td class=\"text-center will-change\">\n<div class=\"px-10 md:px-20 flex items-center justify-center\">890\/697<\/div>\n<\/td>\n<\/tr>\n<tr class=\"bg-grey-200\/50 p-2\">\n<td colspan=\"1\"><span class=\"block px-4\">Min. air flow by saturated filters<\/span><\/td>\n<td class=\"text-center\">\n<div class=\"px-10 md:px-20 flex items-center justify-center\">m\u00b3\/h<\/div>\n<\/td>\n<td class=\"text-center will-change\">\n<div class=\"px-10 md:px-20 flex items-center justify-center\">600<\/div>\n<\/td>\n<\/tr>\n<tr class=\" p-2\">\n<td colspan=\"1\"><span class=\"block px-4\">Power supply<\/span><\/td>\n<td class=\"text-center\">\n<div class=\"px-10 md:px-20 flex items-center justify-center\">V\/Hz<\/div>\n<\/td>\n<td class=\"text-center will-change\">\n<div class=\"px-10 md:px-20 flex items-center justify-center\">230\/1ph\/50-60<\/div>\n<\/td>\n<\/tr>\n<tr class=\"bg-grey-200\/50 p-2\">\n<td colspan=\"1\"><span class=\"block px-4\">Power consumption<\/span><\/td>\n<td class=\"text-center\">\n<div class=\"px-10 md:px-20 flex items-center justify-center\">kW<\/div>\n<\/td>\n<td class=\"text-center will-change\">\n<div class=\"px-10 md:px-20 flex items-center justify-center\">0.175<\/div>\n<\/td>\n<\/tr>\n<tr class=\" p-2\">\n<td colspan=\"1\"><span class=\"block px-4\">Current consumption<\/span><\/td>\n<td class=\"text-center\">\n<div class=\"px-10 md:px-20 flex items-center justify-center\">A<\/div>\n<\/td>\n<td class=\"text-center will-change\">\n<div class=\"px-10 md:px-20 flex items-center justify-center\">1.17<\/div>\n<\/td>\n<\/tr>\n<tr class=\"bg-grey-200\/50 p-2\">\n<td colspan=\"1\"><span class=\"block px-4\">Sound level @3m<\/span><\/td>\n<td class=\"text-center\">\n<div class=\"px-10 md:px-20 flex items-center justify-center\">dB(A)<\/div>\n<\/td>\n<td class=\"text-center will-change\">\n<div class=\"px-10 md:px-20 flex items-center justify-center\">0-61<\/div>\n<\/td>\n<\/tr>\n<tr class=\" p-2\">\n<td colspan=\"1\"><span class=\"block px-4\">Hose inlet\/outlet<\/span><\/td>\n<td class=\"text-center\">\n<div class=\"px-10 md:px-20 flex items-center justify-center\">\u00d8mm<\/div>\n<\/td>\n<td class=\"text-center will-change\">\n<div class=\"px-10 md:px-20 flex items-center justify-center\">205<\/div>\n<\/td>\n<\/tr>\n<tr class=\"bg-grey-200\/50 p-2\">\n<td colspan=\"1\"><span class=\"block px-4\">Product size (l x w x h)<\/span><\/td>\n<td class=\"text-center\">\n<div class=\"px-10 md:px-20 flex items-center justify-center\">mm<\/div>\n<\/td>\n<td class=\"text-center will-change\">\n<div class=\"px-10 md:px-20 flex items-center justify-center\">505 x 420 x 445<\/div>\n<\/td>\n<\/tr>\n<tr class=\" p-2\">\n<td colspan=\"1\"><span class=\"block px-4\">Weight<\/span><\/td>\n<td class=\"text-center\">\n<div class=\"px-10 md:px-20 flex items-center justify-center\">kg<\/div>\n<\/td>\n<td class=\"text-center will-change\">\n<div class=\"px-10 md:px-20 flex items-center justify-center\">16<\/div>\n<\/td>\n<\/tr>\n<\/tbody>\n<\/table>\n<\/div>\n<\/div>\n<\/div>\n<\/div>\n<\/div>\n<\/section>\n<section class=\"max-w-[1088px] mx-auto w-full px-5 my-10 md:my-12 lg:my-16 xl:my-20 xl:px-0\" data-block=\"link-list\">\n<div class=\"max-w-[1088px] mx-auto\">\n<div class=\"md:text-center\">\n<p class=\"text-black font-bold text-lg md:text-xl lg:text-2xl\"><strong>Uy\u011fundur:<\/strong><br \/>\nD\u00fc\u015f\u0259rg\u0259l\u0259r v\u0259 sah\u0259 x\u0259st\u0259xanalar\u0131<br \/>\nTicar\u0259t binalar\u0131<br \/>\nTikinti<br \/>\nT\u0259dbirl\u0259r v\u0259 festivallar<br \/>\nS\u0259naye, fabrikl\u0259r v\u0259 istehsal<br \/>\n\u0130stirah\u0259t v\u0259 istirah\u0259t<br \/>\nH\u0259rbi v\u0259 aerokosmik<br \/>\n\u0130car\u0259 \u015firk\u0259tl\u0259ri<br \/>\nN\u0259qliyyat v\u0259 logistika<\/p>\n<\/div>\n<\/div>\n<\/section>\n","protected":false},"excerpt":{"rendered":"<figure>\n<div class=\"max-w-4xl\">\n<div class=\"text-xl font-bold mt-1 md:mt-2\">Hava t\u0259mizl\u0259yicisi<\/div>\n<\/div>\n<div class=\"grid grid-cols-1 gap-8 md:grid-cols-2 lg:gap-12 xl:gap-20\">\n<div>\n<div class=\"w-full\" data-sticky-sidebar=\"\">\n<div class=\"swiper border border-grey-300 relative swiper-fade swiper-initialized swiper-horizontal swiper-watch-progress swiper-backface-hidden\" data-swipe-product=\"\">\n<div class=\"absolute z-[4] top-0 right-0 pointer-events-none\"><img decoding=\"async\" src=\"https:\/\/dantherm-group-cdn.s3.amazonaws.com\/media\/brands\/DG-Banners-Rebranding-HEYLO-to-MASTER-EN.jpg\" alt=\"\" \/><\/div>\n<\/div>\n<\/div>\n<\/div>\n<\/div>\n<\/figure>\n<p>Kompakt Heylo PowerFilter 1400 hava t\u0259mizl\u0259yicisi tikinti sah\u0259l\u0259rind\u0259 v\u0259 s\u0259nayed\u0259 standartlar\u0131 m\u00fc\u0259yy\u0259n edir. Ki\u00e7ik \u00f6l\u00e7\u00fcl\u0259ri v\u0259 \u00e7ox y\u00fcng\u00fcl \u00e7\u0259kisi say\u0259sind\u0259 ki\u00e7ik otaqlar\u0131n t\u0259miri \u00fc\u00e7\u00fcn x\u00fcsusil\u0259 uy\u011fundur. Erqonomik da\u015f\u0131ma sap\u0131 il\u0259 hava t\u0259mizl\u0259yicisini otaqdan ota\u011fa asanl\u0131qla da\u015f\u0131maq olar.<\/p>\n<p>\u00c7ox asanl\u0131qla d\u0259yi\u015fdiril\u0259 bil\u0259n m\u00fcxt\u0259lif filtrl\u0259r m\u00f6vcuddur (filtrsiz \u00e7atd\u0131r\u0131lma). Kobud toz, inc\u0259 toz v\u0259 ya kif sporlar\u0131 kimi t\u0259hl\u00fck\u0259li hiss\u0259cikl\u0259r? PowerFilter 1400 \u00fc\u00e7\u00fcn he\u00e7 bir problem yoxdur.<\/p>\n<p>Aktivl\u0259\u015fdirilmi\u015f karbon filtri d\u0259 qoxunu aradan qald\u0131rmaq \u00fc\u00e7\u00fcn istifad\u0259 edil\u0259 bil\u0259r. Metal korpusun dizayn\u0131 xidm\u0259t bax\u0131m\u0131ndan \u00e7ox \u0259lveri\u015flidir v\u0259 bel\u0259likl\u0259, hava t\u0259mizl\u0259yicisi tez v\u0259 asanl\u0131qla t\u0259mizl\u0259n\u0259 v\u0259 saxlan\u0131la bil\u0259r.<\/p>\n<p>Qoxunu aradan qald\u0131rmaq \u00fc\u00e7\u00fcn aktivl\u0259\u015fdirilmi\u015f karbon filtri d\u0259 qura\u015fd\u0131r\u0131la bil\u0259r. Metal korpusun strukturuna qulluq etm\u0259k \u00e7ox asand\u0131r v\u0259 bel\u0259likl\u0259 hava filtri tez v\u0259 asanl\u0131qla t\u0259mizl\u0259n\u0259 v\u0259 saxlan\u0131la bil\u0259r. Heylo tozdan m\u00fchafiz\u0259 qap\u0131s\u0131 DCD 3.0 il\u0259 birlikd\u0259 siz DCS-PF 1400 tozdan m\u00fchafiz\u0259 sistemi \u0259ld\u0259 edirsiniz.<\/p>\n","protected":false},"featured_media":27452,"template":"","meta":[],"product_brand":[],"product_cat":[812,809],"product_tag":[],"class_list":{"0":"post-27463","1":"product","2":"type-product","3":"status-publish","4":"has-post-thumbnail","6":"product_cat-hava-tmizlyicisi-tmizlm-toz-filtr","7":"product_cat-hava-nmlndiricisi-kondisioner-az-ventilyasiya-ventilyator","9":"first","10":"instock","11":"shipping-taxable","12":"product-type-simple"},"yoast_head":"<!-- This site is optimized with the Yoast SEO plugin v27.1.1 - https:\/\/yoast.com\/product\/yoast-seo-wordpress\/ -->\n<title>Heylo PowerFilter 1400 \u2013 hava t\u0259mizl\u0259yicisi - GeoClimate.ge<\/title>\n<meta name=\"robots\" content=\"index, follow, max-snippet:-1, max-image-preview:large, max-video-preview:-1\" \/>\n<link rel=\"canonical\" href=\"https:\/\/geoclimate.ge\/az\/product\/heylo-powerfilter-1400-air-cleaner\/\" \/>\n<meta property=\"og:locale\" content=\"az_AZ\" \/>\n<meta property=\"og:type\" content=\"article\" \/>\n<meta property=\"og:title\" content=\"Heylo PowerFilter 1400 \u2013 hava t\u0259mizl\u0259yicisi - GeoClimate.ge\" \/>\n<meta property=\"og:description\" content=\"Hava t\u0259mizl\u0259yicisi           Kompakt Heylo PowerFilter 1400 hava t\u0259mizl\u0259yicisi tikinti sah\u0259l\u0259rind\u0259 v\u0259 s\u0259nayed\u0259 standartlar\u0131 m\u00fc\u0259yy\u0259n edir. Ki\u00e7ik \u00f6l\u00e7\u00fcl\u0259ri v\u0259 \u00e7ox y\u00fcng\u00fcl \u00e7\u0259kisi say\u0259sind\u0259 ki\u00e7ik otaqlar\u0131n t\u0259miri \u00fc\u00e7\u00fcn x\u00fcsusil\u0259 uy\u011fundur. Erqonomik da\u015f\u0131ma sap\u0131 il\u0259 hava t\u0259mizl\u0259yicisini otaqdan ota\u011fa asanl\u0131qla da\u015f\u0131maq olar.  \u00c7ox asanl\u0131qla d\u0259yi\u015fdiril\u0259 bil\u0259n m\u00fcxt\u0259lif filtrl\u0259r m\u00f6vcuddur (filtrsiz \u00e7atd\u0131r\u0131lma). Kobud toz, inc\u0259 toz v\u0259 ya kif sporlar\u0131 kimi t\u0259hl\u00fck\u0259li hiss\u0259cikl\u0259r? PowerFilter 1400 \u00fc\u00e7\u00fcn he\u00e7 bir problem yoxdur.  Aktivl\u0259\u015fdirilmi\u015f karbon filtri d\u0259 qoxunu aradan qald\u0131rmaq \u00fc\u00e7\u00fcn istifad\u0259 edil\u0259 bil\u0259r. Metal korpusun dizayn\u0131 xidm\u0259t bax\u0131m\u0131ndan \u00e7ox \u0259lveri\u015flidir v\u0259 bel\u0259likl\u0259, hava t\u0259mizl\u0259yicisi tez v\u0259 asanl\u0131qla t\u0259mizl\u0259n\u0259 v\u0259 saxlan\u0131la bil\u0259r.  Qoxunu aradan qald\u0131rmaq \u00fc\u00e7\u00fcn aktivl\u0259\u015fdirilmi\u015f karbon filtri d\u0259 qura\u015fd\u0131r\u0131la bil\u0259r. Metal korpusun strukturuna qulluq etm\u0259k \u00e7ox asand\u0131r v\u0259 bel\u0259likl\u0259 hava filtri tez v\u0259 asanl\u0131qla t\u0259mizl\u0259n\u0259 v\u0259 saxlan\u0131la bil\u0259r. Heylo tozdan m\u00fchafiz\u0259 qap\u0131s\u0131 DCD 3.0 il\u0259 birlikd\u0259 siz DCS-PF 1400 tozdan m\u00fchafiz\u0259 sistemi \u0259ld\u0259 edirsiniz.\" \/>\n<meta property=\"og:url\" content=\"https:\/\/geoclimate.ge\/az\/product\/heylo-powerfilter-1400-air-cleaner\/\" \/>\n<meta property=\"og:site_name\" content=\"GeoClimate.ge\" \/>\n<meta property=\"article:modified_time\" content=\"2025-04-05T15:42:03+00:00\" \/>\n<meta property=\"og:image\" content=\"https:\/\/geoclimate.ge\/wp-content\/uploads\/2025\/04\/Heylo-Luftreiniger-PF-1400-Ruckseite.jpg\" \/>\n\t<meta property=\"og:image:width\" content=\"1000\" \/>\n\t<meta property=\"og:image:height\" content=\"1000\" \/>\n\t<meta property=\"og:image:type\" content=\"image\/jpeg\" \/>\n<meta name=\"twitter:card\" content=\"summary_large_image\" \/>\n<meta name=\"twitter:label1\" content=\"Est. reading time\" \/>\n\t<meta name=\"twitter:data1\" content=\"2 minutes\" \/>\n<script type=\"application\/ld+json\" class=\"yoast-schema-graph\">{\"@context\":\"https:\/\/schema.org\",\"@graph\":[{\"@type\":\"WebPage\",\"@id\":\"https:\/\/geoclimate.ge\/az\/product\/heylo-powerfilter-1400-air-cleaner\/\",\"url\":\"https:\/\/geoclimate.ge\/az\/product\/heylo-powerfilter-1400-air-cleaner\/\",\"name\":\"Heylo PowerFilter 1400 \u2013 hava t\u0259mizl\u0259yicisi - GeoClimate.ge\",\"isPartOf\":{\"@id\":\"https:\/\/geoclimate.ge\/#website\"},\"primaryImageOfPage\":{\"@id\":\"https:\/\/geoclimate.ge\/az\/product\/heylo-powerfilter-1400-air-cleaner\/#primaryimage\"},\"image\":{\"@id\":\"https:\/\/geoclimate.ge\/az\/product\/heylo-powerfilter-1400-air-cleaner\/#primaryimage\"},\"thumbnailUrl\":\"https:\/\/geoclimate.ge\/wp-content\/uploads\/2025\/04\/Heylo-Luftreiniger-PF-1400-Ruckseite.jpg\",\"datePublished\":\"2025-04-05T15:31:56+00:00\",\"dateModified\":\"2025-04-05T15:42:03+00:00\",\"breadcrumb\":{\"@id\":\"https:\/\/geoclimate.ge\/az\/product\/heylo-powerfilter-1400-air-cleaner\/#breadcrumb\"},\"inLanguage\":\"az\",\"potentialAction\":[{\"@type\":\"ReadAction\",\"target\":[\"https:\/\/geoclimate.ge\/az\/product\/heylo-powerfilter-1400-air-cleaner\/\"]}]},{\"@type\":\"ImageObject\",\"inLanguage\":\"az\",\"@id\":\"https:\/\/geoclimate.ge\/az\/product\/heylo-powerfilter-1400-air-cleaner\/#primaryimage\",\"url\":\"https:\/\/geoclimate.ge\/wp-content\/uploads\/2025\/04\/Heylo-Luftreiniger-PF-1400-Ruckseite.jpg\",\"contentUrl\":\"https:\/\/geoclimate.ge\/wp-content\/uploads\/2025\/04\/Heylo-Luftreiniger-PF-1400-Ruckseite.jpg\",\"width\":1000,\"height\":1000},{\"@type\":\"BreadcrumbList\",\"@id\":\"https:\/\/geoclimate.ge\/az\/product\/heylo-powerfilter-1400-air-cleaner\/#breadcrumb\",\"itemListElement\":[{\"@type\":\"ListItem\",\"position\":1,\"name\":\"Home\",\"item\":\"https:\/\/geoclimate.ge\/az\/\"},{\"@type\":\"ListItem\",\"position\":2,\"name\":\"M\u0259hsullar\",\"item\":\"https:\/\/geoclimate.ge\/az\/products\/\"},{\"@type\":\"ListItem\",\"position\":3,\"name\":\"Heylo PowerFilter 1400 \u2013 hava t\u0259mizl\u0259yicisi\"}]},{\"@type\":\"WebSite\",\"@id\":\"https:\/\/geoclimate.ge\/#website\",\"url\":\"https:\/\/geoclimate.ge\/\",\"name\":\"GeoClimate\",\"description\":\"\",\"publisher\":{\"@id\":\"https:\/\/geoclimate.ge\/#organization\"},\"potentialAction\":[{\"@type\":\"SearchAction\",\"target\":{\"@type\":\"EntryPoint\",\"urlTemplate\":\"https:\/\/geoclimate.ge\/?s={search_term_string}\"},\"query-input\":{\"@type\":\"PropertyValueSpecification\",\"valueRequired\":true,\"valueName\":\"search_term_string\"}}],\"inLanguage\":\"az\"},{\"@type\":\"Organization\",\"@id\":\"https:\/\/geoclimate.ge\/#organization\",\"name\":\"GeoClimate\",\"url\":\"https:\/\/geoclimate.ge\/\",\"logo\":{\"@type\":\"ImageObject\",\"inLanguage\":\"az\",\"@id\":\"https:\/\/geoclimate.ge\/#\/schema\/logo\/image\/\",\"url\":\"https:\/\/geoclimate.ge\/wp-content\/uploads\/2026\/03\/geoclimate-SEO.png\",\"contentUrl\":\"https:\/\/geoclimate.ge\/wp-content\/uploads\/2026\/03\/geoclimate-SEO.png\",\"width\":1536,\"height\":1024,\"caption\":\"GeoClimate\"},\"image\":{\"@id\":\"https:\/\/geoclimate.ge\/#\/schema\/logo\/image\/\"}}]}<\/script>\n<!-- \/ Yoast SEO plugin. -->","yoast_head_json":{"title":"Heylo PowerFilter 1400 \u2013 hava t\u0259mizl\u0259yicisi - GeoClimate.ge","robots":{"index":"index","follow":"follow","max-snippet":"max-snippet:-1","max-image-preview":"max-image-preview:large","max-video-preview":"max-video-preview:-1"},"canonical":"https:\/\/geoclimate.ge\/az\/product\/heylo-powerfilter-1400-air-cleaner\/","og_locale":"az_AZ","og_type":"article","og_title":"Heylo PowerFilter 1400 \u2013 hava t\u0259mizl\u0259yicisi - GeoClimate.ge","og_description":"Hava t\u0259mizl\u0259yicisi           Kompakt Heylo PowerFilter 1400 hava t\u0259mizl\u0259yicisi tikinti sah\u0259l\u0259rind\u0259 v\u0259 s\u0259nayed\u0259 standartlar\u0131 m\u00fc\u0259yy\u0259n edir. Ki\u00e7ik \u00f6l\u00e7\u00fcl\u0259ri v\u0259 \u00e7ox y\u00fcng\u00fcl \u00e7\u0259kisi say\u0259sind\u0259 ki\u00e7ik otaqlar\u0131n t\u0259miri \u00fc\u00e7\u00fcn x\u00fcsusil\u0259 uy\u011fundur. Erqonomik da\u015f\u0131ma sap\u0131 il\u0259 hava t\u0259mizl\u0259yicisini otaqdan ota\u011fa asanl\u0131qla da\u015f\u0131maq olar.  \u00c7ox asanl\u0131qla d\u0259yi\u015fdiril\u0259 bil\u0259n m\u00fcxt\u0259lif filtrl\u0259r m\u00f6vcuddur (filtrsiz \u00e7atd\u0131r\u0131lma). Kobud toz, inc\u0259 toz v\u0259 ya kif sporlar\u0131 kimi t\u0259hl\u00fck\u0259li hiss\u0259cikl\u0259r? PowerFilter 1400 \u00fc\u00e7\u00fcn he\u00e7 bir problem yoxdur.  Aktivl\u0259\u015fdirilmi\u015f karbon filtri d\u0259 qoxunu aradan qald\u0131rmaq \u00fc\u00e7\u00fcn istifad\u0259 edil\u0259 bil\u0259r. Metal korpusun dizayn\u0131 xidm\u0259t bax\u0131m\u0131ndan \u00e7ox \u0259lveri\u015flidir v\u0259 bel\u0259likl\u0259, hava t\u0259mizl\u0259yicisi tez v\u0259 asanl\u0131qla t\u0259mizl\u0259n\u0259 v\u0259 saxlan\u0131la bil\u0259r.  Qoxunu aradan qald\u0131rmaq \u00fc\u00e7\u00fcn aktivl\u0259\u015fdirilmi\u015f karbon filtri d\u0259 qura\u015fd\u0131r\u0131la bil\u0259r. Metal korpusun strukturuna qulluq etm\u0259k \u00e7ox asand\u0131r v\u0259 bel\u0259likl\u0259 hava filtri tez v\u0259 asanl\u0131qla t\u0259mizl\u0259n\u0259 v\u0259 saxlan\u0131la bil\u0259r. Heylo tozdan m\u00fchafiz\u0259 qap\u0131s\u0131 DCD 3.0 il\u0259 birlikd\u0259 siz DCS-PF 1400 tozdan m\u00fchafiz\u0259 sistemi \u0259ld\u0259 edirsiniz.","og_url":"https:\/\/geoclimate.ge\/az\/product\/heylo-powerfilter-1400-air-cleaner\/","og_site_name":"GeoClimate.ge","article_modified_time":"2025-04-05T15:42:03+00:00","og_image":[{"width":1000,"height":1000,"url":"https:\/\/geoclimate.ge\/wp-content\/uploads\/2025\/04\/Heylo-Luftreiniger-PF-1400-Ruckseite.jpg","type":"image\/jpeg"}],"twitter_card":"summary_large_image","twitter_misc":{"Est. reading time":"2 minutes"},"schema":{"@context":"https:\/\/schema.org","@graph":[{"@type":"WebPage","@id":"https:\/\/geoclimate.ge\/az\/product\/heylo-powerfilter-1400-air-cleaner\/","url":"https:\/\/geoclimate.ge\/az\/product\/heylo-powerfilter-1400-air-cleaner\/","name":"Heylo PowerFilter 1400 \u2013 hava t\u0259mizl\u0259yicisi - GeoClimate.ge","isPartOf":{"@id":"https:\/\/geoclimate.ge\/#website"},"primaryImageOfPage":{"@id":"https:\/\/geoclimate.ge\/az\/product\/heylo-powerfilter-1400-air-cleaner\/#primaryimage"},"image":{"@id":"https:\/\/geoclimate.ge\/az\/product\/heylo-powerfilter-1400-air-cleaner\/#primaryimage"},"thumbnailUrl":"https:\/\/geoclimate.ge\/wp-content\/uploads\/2025\/04\/Heylo-Luftreiniger-PF-1400-Ruckseite.jpg","datePublished":"2025-04-05T15:31:56+00:00","dateModified":"2025-04-05T15:42:03+00:00","breadcrumb":{"@id":"https:\/\/geoclimate.ge\/az\/product\/heylo-powerfilter-1400-air-cleaner\/#breadcrumb"},"inLanguage":"az","potentialAction":[{"@type":"ReadAction","target":["https:\/\/geoclimate.ge\/az\/product\/heylo-powerfilter-1400-air-cleaner\/"]}]},{"@type":"ImageObject","inLanguage":"az","@id":"https:\/\/geoclimate.ge\/az\/product\/heylo-powerfilter-1400-air-cleaner\/#primaryimage","url":"https:\/\/geoclimate.ge\/wp-content\/uploads\/2025\/04\/Heylo-Luftreiniger-PF-1400-Ruckseite.jpg","contentUrl":"https:\/\/geoclimate.ge\/wp-content\/uploads\/2025\/04\/Heylo-Luftreiniger-PF-1400-Ruckseite.jpg","width":1000,"height":1000},{"@type":"BreadcrumbList","@id":"https:\/\/geoclimate.ge\/az\/product\/heylo-powerfilter-1400-air-cleaner\/#breadcrumb","itemListElement":[{"@type":"ListItem","position":1,"name":"Home","item":"https:\/\/geoclimate.ge\/az\/"},{"@type":"ListItem","position":2,"name":"M\u0259hsullar","item":"https:\/\/geoclimate.ge\/az\/products\/"},{"@type":"ListItem","position":3,"name":"Heylo PowerFilter 1400 \u2013 hava t\u0259mizl\u0259yicisi"}]},{"@type":"WebSite","@id":"https:\/\/geoclimate.ge\/#website","url":"https:\/\/geoclimate.ge\/","name":"GeoClimate","description":"","publisher":{"@id":"https:\/\/geoclimate.ge\/#organization"},"potentialAction":[{"@type":"SearchAction","target":{"@type":"EntryPoint","urlTemplate":"https:\/\/geoclimate.ge\/?s={search_term_string}"},"query-input":{"@type":"PropertyValueSpecification","valueRequired":true,"valueName":"search_term_string"}}],"inLanguage":"az"},{"@type":"Organization","@id":"https:\/\/geoclimate.ge\/#organization","name":"GeoClimate","url":"https:\/\/geoclimate.ge\/","logo":{"@type":"ImageObject","inLanguage":"az","@id":"https:\/\/geoclimate.ge\/#\/schema\/logo\/image\/","url":"https:\/\/geoclimate.ge\/wp-content\/uploads\/2026\/03\/geoclimate-SEO.png","contentUrl":"https:\/\/geoclimate.ge\/wp-content\/uploads\/2026\/03\/geoclimate-SEO.png","width":1536,"height":1024,"caption":"GeoClimate"},"image":{"@id":"https:\/\/geoclimate.ge\/#\/schema\/logo\/image\/"}}]}},"_links":{"self":[{"href":"https:\/\/geoclimate.ge\/az\/wp-json\/wp\/v2\/product\/27463","targetHints":{"allow":["GET"]}}],"collection":[{"href":"https:\/\/geoclimate.ge\/az\/wp-json\/wp\/v2\/product"}],"about":[{"href":"https:\/\/geoclimate.ge\/az\/wp-json\/wp\/v2\/types\/product"}],"wp:featuredmedia":[{"embeddable":true,"href":"https:\/\/geoclimate.ge\/az\/wp-json\/wp\/v2\/media\/27452"}],"wp:attachment":[{"href":"https:\/\/geoclimate.ge\/az\/wp-json\/wp\/v2\/media?parent=27463"}],"wp:term":[{"taxonomy":"product_brand","embeddable":true,"href":"https:\/\/geoclimate.ge\/az\/wp-json\/wp\/v2\/product_brand?post=27463"},{"taxonomy":"product_cat","embeddable":true,"href":"https:\/\/geoclimate.ge\/az\/wp-json\/wp\/v2\/product_cat?post=27463"},{"taxonomy":"product_tag","embeddable":true,"href":"https:\/\/geoclimate.ge\/az\/wp-json\/wp\/v2\/product_tag?post=27463"}],"curies":[{"name":"wp","href":"https:\/\/api.w.org\/{rel}","templated":true}]}}