{"id":27508,"date":"2025-04-05T19:48:24","date_gmt":"2025-04-05T15:48:24","guid":{"rendered":"https:\/\/airsystems.ge\/shop\/product\/heylo-powerfilter-3500-air-cleaner\/"},"modified":"2025-04-05T19:57:04","modified_gmt":"2025-04-05T15:57:04","slug":"heylo-powerfilter-3500-air-cleaner","status":"publish","type":"product","link":"https:\/\/geoclimate.ge\/az\/product\/heylo-powerfilter-3500-air-cleaner\/","title":{"rendered":"Heylo PowerFilter 3500 \u2013 hava t\u0259mizl\u0259yicisi"},"content":{"rendered":"<section class=\"max-w-[1088px] mx-auto w-full px-5 my-10 md:my-12 lg:my-16 xl:my-20 xl:px-0\" data-block=\"bullet-list\">\n<div class=\"md:text-center\">\n<h3 class=\"text-black font-bold text-lg md:text-xl lg:text-2xl\">\u018fsas x\u00fcsusiyy\u0259tl\u0259r<\/h3>\n<\/div>\n<div class=\"mt-6 md:mt-10\">\n<div class=\"flex flex-wrap\">\n<div class=\"w-full md:w-1\/2 auto-bullets md:pr-16\">\n<ul>\n<li class=\"text-sm md:text-base text-black mt-3 flex items-start\">\n<div class=\"pl-5\">\n<p>Bir ne\u00e7\u0259 \u015flanq\u0131n birl\u0259\u015fdirilm\u0259si: eyni vaxtda bir ne\u00e7\u0259 i\u015f yerind\u0259 \u00e7evik istifad\u0259<br \/>\nSonsuz d\u0259yi\u015f\u0259n hava ax\u0131n\u0131<br \/>\n3 m\u0259rh\u0259l\u0259li filtr sistemi<br \/>\nMID enerji say\u011fac\u0131 (kWh)<br \/>\nS\u0259rt istifad\u0259 \u00fc\u00e7\u00fcn &#8211; h\u0259m d\u0259 s\u0259nayed\u0259<br \/>\n\u00c7irkl\u0259ndiricil\u0259rd\u0259n istifad\u0259 edildikd\u0259n sonra ba\u011flana bil\u0259r<br \/>\nM\u00f6hk\u0259m metal korpus<br \/>\nSakit v\u0259 \u00e7ox enerjiy\u0259 q\u0259na\u0259t ed\u0259n \u0259m\u0259liyyat<br \/>\nFiltr d\u0259yi\u015fdirm\u0259 g\u00f6st\u0259ricisi<br \/>\n\u0130\u015f saat\u0131 say\u011fac\u0131<br \/>\nO c\u00fcml\u0259d\u0259n 3x \u0259vv\u0259lc\u0259d\u0259n filtr G4<br \/>\nM\u00fcxt\u0259lif filtrl\u0259r tez \u0259ld\u0259 edilir v\u0259 asanl\u0131qla d\u0259yi\u015fdiril\u0259 bil\u0259r:<\/p>\n<p>\u00d6n filtr &#8211; EN779 Avropa standart\u0131na uy\u011fun G4 sinifinin qaba toz filtri<br \/>\n\u018fsas filtr &#8211; Avropa standart\u0131 EN779-a uy\u011fun F9 sinifli inc\u0259 toz filtri v\u0259 EN60335-\u0259 uy\u011fun olaraq M toz sinfi<br \/>\n\u018fsas filtr &#8211; EN1822 Avropa standart\u0131na uy\u011fun HEPA H14 v\u0259 EN60335 uy\u011fun olaraq toz sinfi M.<br \/>\n\u018fsas filtr &#8211; aktivl\u0259\u015fdirilmi\u015f karbon filtri<\/p>\n<\/div>\n<\/li>\n<\/ul>\n<\/div>\n<\/div>\n<\/div>\n<\/section>\n<section class=\"max-w-[1088px] mx-auto w-full px-5 my-10 md:my-12 lg:my-16 xl:my-20 xl:px-0\" data-block=\"product-specifications\">\n<div class=\"md:text-center\">\n<h3 class=\"text-black font-bold text-lg md:text-xl lg:text-2xl\"><strong>Product specifications<\/strong><\/h3>\n<\/div>\n<div class=\" md:mt-10\">\n<div class=\"\">\n<div class=\"lg:mt-0 \">\n<div id=\"spec-pf-3500\" class=\"prose max-w-full md:overflow-auto\" data-spec-content=\"\">\n<div class=\"spreadsheet-container hidden md:block\">\n<table class=\"w-full table-fixed mb-0\">\n<thead>\n<tr>\n<th class=\"font-bold text-base\"><span class=\"block px-4\">Specifications<\/span><\/th>\n<th class=\"font-bold text-base text-center\"><span class=\"block px-10 md:px-20\">Units<\/span><\/th>\n<th class=\"font-bold text-base text-center will-change\"><span class=\"block px-4\">PF\u00a03500<\/span><\/th>\n<\/tr>\n<\/thead>\n<tbody>\n<tr class=\"bg-grey-200\/50 p-2\">\n<td colspan=\"1\"><span class=\"block px-4\">Fan air flow rate max.<\/span><\/td>\n<td class=\"text-center\">\n<div class=\"px-10 md:px-20 flex items-center justify-center\">m\u00b3\/h<\/div>\n<\/td>\n<td class=\"text-center will-change\">\n<div class=\"px-10 md:px-20 flex items-center justify-center\">3,100<\/div>\n<\/td>\n<\/tr>\n<tr class=\" p-2\">\n<td colspan=\"1\"><span class=\"block px-4\">Air flow with F9 filter \/M-class\/H14 filter\/H-class<\/span><\/td>\n<td class=\"text-center\">\n<div class=\"px-10 md:px-20 flex items-center justify-center\">m\u00b3\/h<\/div>\n<\/td>\n<td class=\"text-center will-change\">\n<div class=\"px-10 md:px-20 flex items-center justify-center\">2,795\/2,420<\/div>\n<\/td>\n<\/tr>\n<tr class=\"bg-grey-200\/50 p-2\">\n<td colspan=\"1\"><span class=\"block px-4\">Min. air flow by saturated filters<\/span><\/td>\n<td class=\"text-center\">\n<div class=\"px-10 md:px-20 flex items-center justify-center\">m\u00b3\/h<\/div>\n<\/td>\n<td class=\"text-center will-change\">\n<div class=\"px-10 md:px-20 flex items-center justify-center\">1,700<\/div>\n<\/td>\n<\/tr>\n<tr class=\" p-2\">\n<td colspan=\"1\"><span class=\"block px-4\">Power supply<\/span><\/td>\n<td class=\"text-center\">\n<div class=\"px-10 md:px-20 flex items-center justify-center\">V\/Hz<\/div>\n<\/td>\n<td class=\"text-center will-change\">\n<div class=\"px-10 md:px-20 flex items-center justify-center\">230\/1ph\/50-60<\/div>\n<\/td>\n<\/tr>\n<tr class=\"bg-grey-200\/50 p-2\">\n<td colspan=\"1\"><span class=\"block px-4\">Power consumption<\/span><\/td>\n<td class=\"text-center\">\n<div class=\"px-10 md:px-20 flex items-center justify-center\">kW<\/div>\n<\/td>\n<td class=\"text-center will-change\">\n<div class=\"px-10 md:px-20 flex items-center justify-center\">0.48<\/div>\n<\/td>\n<\/tr>\n<tr class=\" p-2\">\n<td colspan=\"1\"><span class=\"block px-4\">Current consumption<\/span><\/td>\n<td class=\"text-center\">\n<div class=\"px-10 md:px-20 flex items-center justify-center\">A<\/div>\n<\/td>\n<td class=\"text-center will-change\">\n<div class=\"px-10 md:px-20 flex items-center justify-center\">2.5<\/div>\n<\/td>\n<\/tr>\n<tr class=\"bg-grey-200\/50 p-2\">\n<td colspan=\"1\"><span class=\"block px-4\">Sound level @3m<\/span><\/td>\n<td class=\"text-center\">\n<div class=\"px-10 md:px-20 flex items-center justify-center\">dB(A)<\/div>\n<\/td>\n<td class=\"text-center will-change\">\n<div class=\"px-10 md:px-20 flex items-center justify-center\">0-70<\/div>\n<\/td>\n<\/tr>\n<tr class=\" p-2\">\n<td colspan=\"1\"><span class=\"block px-4\">Hose inlet\/outlet<\/span><\/td>\n<td class=\"text-center\">\n<div class=\"px-10 md:px-20 flex items-center justify-center\">\u00d8mm<\/div>\n<\/td>\n<td class=\"text-center will-change\">\n<div class=\"px-10 md:px-20 flex items-center justify-center\">205<\/div>\n<\/td>\n<\/tr>\n<tr class=\"bg-grey-200\/50 p-2\">\n<td colspan=\"1\"><span class=\"block px-4\">Product size (l x w x h)<\/span><\/td>\n<td class=\"text-center\">\n<div class=\"px-10 md:px-20 flex items-center justify-center\">mm<\/div>\n<\/td>\n<td class=\"text-center will-change\">\n<div class=\"px-10 md:px-20 flex items-center justify-center\">710 x 460 x 1010<\/div>\n<\/td>\n<\/tr>\n<tr class=\" p-2\">\n<td colspan=\"1\"><span class=\"block px-4\">Weight<\/span><\/td>\n<td class=\"text-center\">\n<div class=\"px-10 md:px-20 flex items-center justify-center\">kg<\/div>\n<\/td>\n<td class=\"text-center will-change\">\n<div class=\"px-10 md:px-20 flex items-center justify-center\">48<\/div>\n<\/td>\n<\/tr>\n<\/tbody>\n<\/table>\n<\/div>\n<\/div>\n<\/div>\n<\/div>\n<\/div>\n<\/section>\n<section class=\"max-w-[1088px] mx-auto w-full px-5 my-10 md:my-12 lg:my-16 xl:my-20 xl:px-0\" data-block=\"link-list\">\n<div class=\"max-w-[1088px] mx-auto\">\n<div class=\"md:text-center\">\n<ul>\n<li class=\"flex items-center gap-5 text-sm text-black mt-3 md:text-base lg:text-lg\"><strong>Uy\u011fundur:<\/strong><\/li>\n<\/ul>\n<\/div>\n<div class=\"mt-6 max-w-4xl mx-auto\">\n<div class=\"flex flex-wrap md:ml-20\">\n<div class=\"w-full md:w-1\/2 auto-bullets md:pr-16\">\n<ul>\n<li class=\"flex items-center gap-5 text-sm text-black mt-3 md:text-base lg:text-lg\">D\u00fc\u015f\u0259rg\u0259l\u0259r v\u0259 sah\u0259 x\u0259st\u0259xanalar\u0131<br \/>\nTicar\u0259t binalar\u0131<br \/>\nTikinti<br \/>\nT\u0259dbirl\u0259r v\u0259 festivallar<br \/>\nS\u0259naye, fabrik v\u0259 istehsal<br \/>\n\u0130stirah\u0259t v\u0259 istirah\u0259t<br \/>\nH\u0259rbi v\u0259 aerokosmik<br \/>\n\u0130car\u0259 \u015firk\u0259tl\u0259ri<br \/>\nN\u0259qliyyat v\u0259 logistika<\/li>\n<\/ul>\n<\/div>\n<\/div>\n<\/div>\n<\/div>\n<\/section>\n","protected":false},"excerpt":{"rendered":"<figure>\n<div class=\"max-w-4xl\">\n<div class=\"text-xl font-bold mt-1 md:mt-2\">Hava t\u0259mizl\u0259yicisi<\/div>\n<\/div>\n<\/figure>\n<figure><img decoding=\"async\" src=\"https:\/\/dantherm-group-cdn.s3.amazonaws.com\/media\/brands\/DG-Banners-Rebranding-HEYLO-to-MASTER-EN.jpg\" alt=\"\" \/><\/figure>\n<p>Binalar\u0131n b\u0259rpas\u0131 zaman\u0131 v\u0259 ya s\u0259naye i\u015fl\u0259ri zaman\u0131 z\u0259r\u0259rli hiss\u0259cikl\u0259r (toz, kif sporlar\u0131 v\u0259 s.) tez-tez i\u015f yerind\u0259 v\u0259 ya qalan binada yay\u0131ld\u0131qda insanlara t\u0259hl\u00fck\u0259 yaradan hiss\u0259cikl\u0259r ayr\u0131l\u0131r.<\/p>\n<p>Y\u00fcks\u0259k performansl\u0131 t\u0259mizl\u0259yici PF 3500 z\u0259r\u0259rli madd\u0259l\u0259rin binan\u0131n dig\u0259r hiss\u0259l\u0259rin\u0259 daxil olmamas\u0131 \u00fc\u00e7\u00fcn d\u0259rhal m\u0259nb\u0259d\u0259n \u00e7\u0131xar\u0131lmas\u0131n\u0131 t\u0259min edir.<\/p>\n<p>Y\u00fcks\u0259k performansl\u0131 t\u0259mizl\u0259yici PowerFilter PF 3500 s\u0259naye \u00fc\u00e7\u00fcn d\u0259 havan\u0131n t\u0259mizl\u0259nm\u0259si \u00fc\u00e7\u00fcn ideal qur\u011fudur. Bir ne\u00e7\u0259 \u015flanq\u0131 birl\u0259\u015fdir\u0259r\u0259k, h\u0259tta m\u00fcxt\u0259lif i\u015f yerl\u0259rind\u0259 d\u0259 toz filtri v\u0259 tozun \u00e7\u0131xar\u0131lmas\u0131 eyni vaxtda h\u0259yata ke\u00e7iril\u0259 bil\u0259r.<\/p>\n","protected":false},"featured_media":27503,"template":"","meta":[],"product_brand":[],"product_cat":[812,809],"product_tag":[],"class_list":{"0":"post-27508","1":"product","2":"type-product","3":"status-publish","4":"has-post-thumbnail","6":"product_cat-hava-tmizlyicisi-tmizlm-toz-filtr","7":"product_cat-hava-nmlndiricisi-kondisioner-az-ventilyasiya-ventilyator","9":"first","10":"instock","11":"shipping-taxable","12":"product-type-simple"},"yoast_head":"<!-- This site is optimized with the Yoast SEO plugin v27.1.1 - https:\/\/yoast.com\/product\/yoast-seo-wordpress\/ -->\n<title>Heylo PowerFilter 3500 \u2013 hava t\u0259mizl\u0259yicisi - GeoClimate.ge<\/title>\n<meta name=\"robots\" content=\"index, follow, max-snippet:-1, max-image-preview:large, max-video-preview:-1\" \/>\n<link rel=\"canonical\" href=\"https:\/\/geoclimate.ge\/az\/product\/heylo-powerfilter-3500-air-cleaner\/\" \/>\n<meta property=\"og:locale\" content=\"az_AZ\" \/>\n<meta property=\"og:type\" content=\"article\" \/>\n<meta property=\"og:title\" content=\"Heylo PowerFilter 3500 \u2013 hava t\u0259mizl\u0259yicisi - GeoClimate.ge\" \/>\n<meta property=\"og:description\" content=\"Hava t\u0259mizl\u0259yicisi   Binalar\u0131n b\u0259rpas\u0131 zaman\u0131 v\u0259 ya s\u0259naye i\u015fl\u0259ri zaman\u0131 z\u0259r\u0259rli hiss\u0259cikl\u0259r (toz, kif sporlar\u0131 v\u0259 s.) tez-tez i\u015f yerind\u0259 v\u0259 ya qalan binada yay\u0131ld\u0131qda insanlara t\u0259hl\u00fck\u0259 yaradan hiss\u0259cikl\u0259r ayr\u0131l\u0131r.  Y\u00fcks\u0259k performansl\u0131 t\u0259mizl\u0259yici PF 3500 z\u0259r\u0259rli madd\u0259l\u0259rin binan\u0131n dig\u0259r hiss\u0259l\u0259rin\u0259 daxil olmamas\u0131 \u00fc\u00e7\u00fcn d\u0259rhal m\u0259nb\u0259d\u0259n \u00e7\u0131xar\u0131lmas\u0131n\u0131 t\u0259min edir.  Y\u00fcks\u0259k performansl\u0131 t\u0259mizl\u0259yici PowerFilter PF 3500 s\u0259naye \u00fc\u00e7\u00fcn d\u0259 havan\u0131n t\u0259mizl\u0259nm\u0259si \u00fc\u00e7\u00fcn ideal qur\u011fudur. Bir ne\u00e7\u0259 \u015flanq\u0131 birl\u0259\u015fdir\u0259r\u0259k, h\u0259tta m\u00fcxt\u0259lif i\u015f yerl\u0259rind\u0259 d\u0259 toz filtri v\u0259 tozun \u00e7\u0131xar\u0131lmas\u0131 eyni vaxtda h\u0259yata ke\u00e7iril\u0259 bil\u0259r.\" \/>\n<meta property=\"og:url\" content=\"https:\/\/geoclimate.ge\/az\/product\/heylo-powerfilter-3500-air-cleaner\/\" \/>\n<meta property=\"og:site_name\" content=\"GeoClimate.ge\" \/>\n<meta property=\"article:modified_time\" content=\"2025-04-05T15:57:04+00:00\" \/>\n<meta property=\"og:image\" content=\"https:\/\/geoclimate.ge\/wp-content\/uploads\/2025\/04\/Heylo-Luftreiniger-PF-3500.jpg\" \/>\n\t<meta property=\"og:image:width\" content=\"1000\" \/>\n\t<meta property=\"og:image:height\" content=\"1000\" \/>\n\t<meta property=\"og:image:type\" content=\"image\/jpeg\" \/>\n<meta name=\"twitter:card\" content=\"summary_large_image\" \/>\n<meta name=\"twitter:label1\" content=\"Est. reading time\" \/>\n\t<meta name=\"twitter:data1\" content=\"1 minute\" \/>\n<script type=\"application\/ld+json\" class=\"yoast-schema-graph\">{\"@context\":\"https:\/\/schema.org\",\"@graph\":[{\"@type\":\"WebPage\",\"@id\":\"https:\/\/geoclimate.ge\/az\/product\/heylo-powerfilter-3500-air-cleaner\/\",\"url\":\"https:\/\/geoclimate.ge\/az\/product\/heylo-powerfilter-3500-air-cleaner\/\",\"name\":\"Heylo PowerFilter 3500 \u2013 hava t\u0259mizl\u0259yicisi - GeoClimate.ge\",\"isPartOf\":{\"@id\":\"https:\/\/geoclimate.ge\/#website\"},\"primaryImageOfPage\":{\"@id\":\"https:\/\/geoclimate.ge\/az\/product\/heylo-powerfilter-3500-air-cleaner\/#primaryimage\"},\"image\":{\"@id\":\"https:\/\/geoclimate.ge\/az\/product\/heylo-powerfilter-3500-air-cleaner\/#primaryimage\"},\"thumbnailUrl\":\"https:\/\/geoclimate.ge\/wp-content\/uploads\/2025\/04\/Heylo-Luftreiniger-PF-3500.jpg\",\"datePublished\":\"2025-04-05T15:48:24+00:00\",\"dateModified\":\"2025-04-05T15:57:04+00:00\",\"breadcrumb\":{\"@id\":\"https:\/\/geoclimate.ge\/az\/product\/heylo-powerfilter-3500-air-cleaner\/#breadcrumb\"},\"inLanguage\":\"az\",\"potentialAction\":[{\"@type\":\"ReadAction\",\"target\":[\"https:\/\/geoclimate.ge\/az\/product\/heylo-powerfilter-3500-air-cleaner\/\"]}]},{\"@type\":\"ImageObject\",\"inLanguage\":\"az\",\"@id\":\"https:\/\/geoclimate.ge\/az\/product\/heylo-powerfilter-3500-air-cleaner\/#primaryimage\",\"url\":\"https:\/\/geoclimate.ge\/wp-content\/uploads\/2025\/04\/Heylo-Luftreiniger-PF-3500.jpg\",\"contentUrl\":\"https:\/\/geoclimate.ge\/wp-content\/uploads\/2025\/04\/Heylo-Luftreiniger-PF-3500.jpg\",\"width\":1000,\"height\":1000},{\"@type\":\"BreadcrumbList\",\"@id\":\"https:\/\/geoclimate.ge\/az\/product\/heylo-powerfilter-3500-air-cleaner\/#breadcrumb\",\"itemListElement\":[{\"@type\":\"ListItem\",\"position\":1,\"name\":\"Home\",\"item\":\"https:\/\/geoclimate.ge\/az\/\"},{\"@type\":\"ListItem\",\"position\":2,\"name\":\"M\u0259hsullar\",\"item\":\"https:\/\/geoclimate.ge\/az\/products\/\"},{\"@type\":\"ListItem\",\"position\":3,\"name\":\"Heylo PowerFilter 3500 \u2013 hava t\u0259mizl\u0259yicisi\"}]},{\"@type\":\"WebSite\",\"@id\":\"https:\/\/geoclimate.ge\/#website\",\"url\":\"https:\/\/geoclimate.ge\/\",\"name\":\"GeoClimate\",\"description\":\"\",\"publisher\":{\"@id\":\"https:\/\/geoclimate.ge\/#organization\"},\"potentialAction\":[{\"@type\":\"SearchAction\",\"target\":{\"@type\":\"EntryPoint\",\"urlTemplate\":\"https:\/\/geoclimate.ge\/?s={search_term_string}\"},\"query-input\":{\"@type\":\"PropertyValueSpecification\",\"valueRequired\":true,\"valueName\":\"search_term_string\"}}],\"inLanguage\":\"az\"},{\"@type\":\"Organization\",\"@id\":\"https:\/\/geoclimate.ge\/#organization\",\"name\":\"GeoClimate\",\"url\":\"https:\/\/geoclimate.ge\/\",\"logo\":{\"@type\":\"ImageObject\",\"inLanguage\":\"az\",\"@id\":\"https:\/\/geoclimate.ge\/#\/schema\/logo\/image\/\",\"url\":\"https:\/\/geoclimate.ge\/wp-content\/uploads\/2026\/03\/geoclimate-SEO.png\",\"contentUrl\":\"https:\/\/geoclimate.ge\/wp-content\/uploads\/2026\/03\/geoclimate-SEO.png\",\"width\":1536,\"height\":1024,\"caption\":\"GeoClimate\"},\"image\":{\"@id\":\"https:\/\/geoclimate.ge\/#\/schema\/logo\/image\/\"}}]}<\/script>\n<!-- \/ Yoast SEO plugin. -->","yoast_head_json":{"title":"Heylo PowerFilter 3500 \u2013 hava t\u0259mizl\u0259yicisi - GeoClimate.ge","robots":{"index":"index","follow":"follow","max-snippet":"max-snippet:-1","max-image-preview":"max-image-preview:large","max-video-preview":"max-video-preview:-1"},"canonical":"https:\/\/geoclimate.ge\/az\/product\/heylo-powerfilter-3500-air-cleaner\/","og_locale":"az_AZ","og_type":"article","og_title":"Heylo PowerFilter 3500 \u2013 hava t\u0259mizl\u0259yicisi - GeoClimate.ge","og_description":"Hava t\u0259mizl\u0259yicisi   Binalar\u0131n b\u0259rpas\u0131 zaman\u0131 v\u0259 ya s\u0259naye i\u015fl\u0259ri zaman\u0131 z\u0259r\u0259rli hiss\u0259cikl\u0259r (toz, kif sporlar\u0131 v\u0259 s.) tez-tez i\u015f yerind\u0259 v\u0259 ya qalan binada yay\u0131ld\u0131qda insanlara t\u0259hl\u00fck\u0259 yaradan hiss\u0259cikl\u0259r ayr\u0131l\u0131r.  Y\u00fcks\u0259k performansl\u0131 t\u0259mizl\u0259yici PF 3500 z\u0259r\u0259rli madd\u0259l\u0259rin binan\u0131n dig\u0259r hiss\u0259l\u0259rin\u0259 daxil olmamas\u0131 \u00fc\u00e7\u00fcn d\u0259rhal m\u0259nb\u0259d\u0259n \u00e7\u0131xar\u0131lmas\u0131n\u0131 t\u0259min edir.  Y\u00fcks\u0259k performansl\u0131 t\u0259mizl\u0259yici PowerFilter PF 3500 s\u0259naye \u00fc\u00e7\u00fcn d\u0259 havan\u0131n t\u0259mizl\u0259nm\u0259si \u00fc\u00e7\u00fcn ideal qur\u011fudur. Bir ne\u00e7\u0259 \u015flanq\u0131 birl\u0259\u015fdir\u0259r\u0259k, h\u0259tta m\u00fcxt\u0259lif i\u015f yerl\u0259rind\u0259 d\u0259 toz filtri v\u0259 tozun \u00e7\u0131xar\u0131lmas\u0131 eyni vaxtda h\u0259yata ke\u00e7iril\u0259 bil\u0259r.","og_url":"https:\/\/geoclimate.ge\/az\/product\/heylo-powerfilter-3500-air-cleaner\/","og_site_name":"GeoClimate.ge","article_modified_time":"2025-04-05T15:57:04+00:00","og_image":[{"width":1000,"height":1000,"url":"https:\/\/geoclimate.ge\/wp-content\/uploads\/2025\/04\/Heylo-Luftreiniger-PF-3500.jpg","type":"image\/jpeg"}],"twitter_card":"summary_large_image","twitter_misc":{"Est. reading time":"1 minute"},"schema":{"@context":"https:\/\/schema.org","@graph":[{"@type":"WebPage","@id":"https:\/\/geoclimate.ge\/az\/product\/heylo-powerfilter-3500-air-cleaner\/","url":"https:\/\/geoclimate.ge\/az\/product\/heylo-powerfilter-3500-air-cleaner\/","name":"Heylo PowerFilter 3500 \u2013 hava t\u0259mizl\u0259yicisi - GeoClimate.ge","isPartOf":{"@id":"https:\/\/geoclimate.ge\/#website"},"primaryImageOfPage":{"@id":"https:\/\/geoclimate.ge\/az\/product\/heylo-powerfilter-3500-air-cleaner\/#primaryimage"},"image":{"@id":"https:\/\/geoclimate.ge\/az\/product\/heylo-powerfilter-3500-air-cleaner\/#primaryimage"},"thumbnailUrl":"https:\/\/geoclimate.ge\/wp-content\/uploads\/2025\/04\/Heylo-Luftreiniger-PF-3500.jpg","datePublished":"2025-04-05T15:48:24+00:00","dateModified":"2025-04-05T15:57:04+00:00","breadcrumb":{"@id":"https:\/\/geoclimate.ge\/az\/product\/heylo-powerfilter-3500-air-cleaner\/#breadcrumb"},"inLanguage":"az","potentialAction":[{"@type":"ReadAction","target":["https:\/\/geoclimate.ge\/az\/product\/heylo-powerfilter-3500-air-cleaner\/"]}]},{"@type":"ImageObject","inLanguage":"az","@id":"https:\/\/geoclimate.ge\/az\/product\/heylo-powerfilter-3500-air-cleaner\/#primaryimage","url":"https:\/\/geoclimate.ge\/wp-content\/uploads\/2025\/04\/Heylo-Luftreiniger-PF-3500.jpg","contentUrl":"https:\/\/geoclimate.ge\/wp-content\/uploads\/2025\/04\/Heylo-Luftreiniger-PF-3500.jpg","width":1000,"height":1000},{"@type":"BreadcrumbList","@id":"https:\/\/geoclimate.ge\/az\/product\/heylo-powerfilter-3500-air-cleaner\/#breadcrumb","itemListElement":[{"@type":"ListItem","position":1,"name":"Home","item":"https:\/\/geoclimate.ge\/az\/"},{"@type":"ListItem","position":2,"name":"M\u0259hsullar","item":"https:\/\/geoclimate.ge\/az\/products\/"},{"@type":"ListItem","position":3,"name":"Heylo PowerFilter 3500 \u2013 hava t\u0259mizl\u0259yicisi"}]},{"@type":"WebSite","@id":"https:\/\/geoclimate.ge\/#website","url":"https:\/\/geoclimate.ge\/","name":"GeoClimate","description":"","publisher":{"@id":"https:\/\/geoclimate.ge\/#organization"},"potentialAction":[{"@type":"SearchAction","target":{"@type":"EntryPoint","urlTemplate":"https:\/\/geoclimate.ge\/?s={search_term_string}"},"query-input":{"@type":"PropertyValueSpecification","valueRequired":true,"valueName":"search_term_string"}}],"inLanguage":"az"},{"@type":"Organization","@id":"https:\/\/geoclimate.ge\/#organization","name":"GeoClimate","url":"https:\/\/geoclimate.ge\/","logo":{"@type":"ImageObject","inLanguage":"az","@id":"https:\/\/geoclimate.ge\/#\/schema\/logo\/image\/","url":"https:\/\/geoclimate.ge\/wp-content\/uploads\/2026\/03\/geoclimate-SEO.png","contentUrl":"https:\/\/geoclimate.ge\/wp-content\/uploads\/2026\/03\/geoclimate-SEO.png","width":1536,"height":1024,"caption":"GeoClimate"},"image":{"@id":"https:\/\/geoclimate.ge\/#\/schema\/logo\/image\/"}}]}},"_links":{"self":[{"href":"https:\/\/geoclimate.ge\/az\/wp-json\/wp\/v2\/product\/27508","targetHints":{"allow":["GET"]}}],"collection":[{"href":"https:\/\/geoclimate.ge\/az\/wp-json\/wp\/v2\/product"}],"about":[{"href":"https:\/\/geoclimate.ge\/az\/wp-json\/wp\/v2\/types\/product"}],"wp:featuredmedia":[{"embeddable":true,"href":"https:\/\/geoclimate.ge\/az\/wp-json\/wp\/v2\/media\/27503"}],"wp:attachment":[{"href":"https:\/\/geoclimate.ge\/az\/wp-json\/wp\/v2\/media?parent=27508"}],"wp:term":[{"taxonomy":"product_brand","embeddable":true,"href":"https:\/\/geoclimate.ge\/az\/wp-json\/wp\/v2\/product_brand?post=27508"},{"taxonomy":"product_cat","embeddable":true,"href":"https:\/\/geoclimate.ge\/az\/wp-json\/wp\/v2\/product_cat?post=27508"},{"taxonomy":"product_tag","embeddable":true,"href":"https:\/\/geoclimate.ge\/az\/wp-json\/wp\/v2\/product_tag?post=27508"}],"curies":[{"name":"wp","href":"https:\/\/api.w.org\/{rel}","templated":true}]}}