{"id":27575,"date":"2024-01-25T22:33:24","date_gmt":"2024-01-25T18:33:24","guid":{"rendered":"https:\/\/airsystems.ge\/shop\/product\/heylo-pv-3000-combi-dust-extraction\/"},"modified":"2025-04-05T21:24:36","modified_gmt":"2025-04-05T17:24:36","slug":"heylo-pv-3000-combi-dust-extraction","status":"publish","type":"product","link":"https:\/\/geoclimate.ge\/az\/product\/heylo-pv-3000-combi-dust-extraction\/","title":{"rendered":"Heylo PV 3000 Kombi \u2013 toz \u00e7\u0131xarma Tikinti tozsoran"},"content":{"rendered":"<section class=\"max-w-[1088px] mx-auto w-full px-5 my-10 md:my-12 lg:my-16 xl:my-20 xl:px-0\" data-block=\"bullet-list\">\n<div class=\"md:text-center\">\n<h3 class=\"text-black font-bold text-lg md:text-xl lg:text-2xl\">\u018fsas x\u00fcsusiyy\u0259tl\u0259r<\/h3>\n<\/div>\n<div class=\"mt-6 md:mt-10\">\n<div class=\"flex flex-wrap\">\n<div class=\"w-full md:w-1\/2 auto-bullets md:pr-16\">\n<ul>\n<li class=\"text-sm md:text-base text-black mt-3 flex items-start\">\n<div class=\"pl-5\">Toz torbalar\u0131 vasit\u0259sil\u0259 toz \u00e7\u0131xarma (M sinif)<br \/>\nM\u00f6hk\u0259m m\u0259nzil<br \/>\nA\u015fa\u011f\u0131 enerji istehlak\u0131<br \/>\nY\u00fcng\u00fcl v\u0259 idar\u0259 etm\u0259k asand\u0131r<br \/>\nTez v\u0259 asan y\u0131\u011f\u0131l\u0131r<br \/>\nPraktik tutacaq say\u0259sind\u0259 asan da\u015f\u0131nma<br \/>\nHava \u015flanqlar\u0131 giri\u015f t\u0259r\u0259find\u0259 birl\u0259\u015fdiril\u0259 bil\u0259r<br \/>\nKombi d\u0259sti a\u015fa\u011f\u0131dak\u0131lardan ibar\u0259tdir: PowerVent qur\u011fusu, toz torbas\u0131 v\u0259 b\u0259rkidici s\u0131xac<\/div>\n<\/li>\n<\/ul>\n<\/div>\n<\/div>\n<\/div>\n<\/section>\n<section class=\"max-w-[1088px] mx-auto w-full px-5 my-10 md:my-12 lg:my-16 xl:my-20 xl:px-0\" data-block=\"product-specifications\">\n<div class=\"md:text-center\">\n<h3 class=\"text-black font-bold text-lg md:text-xl lg:text-2xl\"><strong>Product specifications<\/strong><\/h3>\n<\/div>\n<div class=\" md:mt-10\">\n<div class=\"\">\n<div class=\"lg:mt-0 \">\n<div id=\"spec-pv-3000-kombi\" class=\"prose max-w-full md:overflow-auto\" data-spec-content=\"\">\n<div class=\"spreadsheet-container hidden md:block\">\n<table class=\"w-full table-fixed mb-0\">\n<thead>\n<tr>\n<th class=\"font-bold text-base\"><span class=\"block px-4\">Specifications<\/span><\/th>\n<th class=\"font-bold text-base text-center\"><span class=\"block px-10 md:px-20\">Units<\/span><\/th>\n<th class=\"font-bold text-base text-center will-change\"><span class=\"block px-4\">PV\u00a03000\u00a0Kombi<\/span><\/th>\n<\/tr>\n<\/thead>\n<tbody>\n<tr class=\"bg-grey-200\/50 p-2\">\n<td colspan=\"1\"><span class=\"block px-4\">Air flow<\/span><\/td>\n<td class=\"text-center\">\n<div class=\"px-10 md:px-20 flex items-center justify-center\">m\u00b3\/h<\/div>\n<\/td>\n<td class=\"text-center will-change\">\n<div class=\"px-10 md:px-20 flex items-center justify-center\">3,102<\/div>\n<\/td>\n<\/tr>\n<tr class=\" p-2\">\n<td colspan=\"1\"><span class=\"block px-4\">Power supply<\/span><\/td>\n<td class=\"text-center\">\n<div class=\"px-10 md:px-20 flex items-center justify-center\">V\/Hz<\/div>\n<\/td>\n<td class=\"text-center will-change\">\n<div class=\"px-10 md:px-20 flex items-center justify-center\">230\/1ph\/50<\/div>\n<\/td>\n<\/tr>\n<tr class=\"bg-grey-200\/50 p-2\">\n<td colspan=\"1\"><span class=\"block px-4\">Power consumption<\/span><\/td>\n<td class=\"text-center\">\n<div class=\"px-10 md:px-20 flex items-center justify-center\">kW<\/div>\n<\/td>\n<td class=\"text-center will-change\">\n<div class=\"px-10 md:px-20 flex items-center justify-center\">0.62<\/div>\n<\/td>\n<\/tr>\n<tr class=\" p-2\">\n<td colspan=\"1\"><span class=\"block px-4\">Rated current<\/span><\/td>\n<td class=\"text-center\">\n<div class=\"px-10 md:px-20 flex items-center justify-center\">A<\/div>\n<\/td>\n<td class=\"text-center will-change\">\n<div class=\"px-10 md:px-20 flex items-center justify-center\">2.89<\/div>\n<\/td>\n<\/tr>\n<tr class=\"bg-grey-200\/50 p-2\">\n<td colspan=\"1\"><span class=\"block px-4\">Sound level @3m<\/span><\/td>\n<td class=\"text-center\">\n<div class=\"px-10 md:px-20 flex items-center justify-center\">dB(A)<\/div>\n<\/td>\n<td class=\"text-center will-change\">\n<div class=\"px-10 md:px-20 flex items-center justify-center\">78<\/div>\n<\/td>\n<\/tr>\n<tr class=\" p-2\">\n<td colspan=\"1\"><span class=\"block px-4\">Dust bag<\/span><\/td>\n<td class=\"text-center\">\n<div class=\"px-10 md:px-20 flex items-center justify-center\">\u00d8mm<\/div>\n<\/td>\n<td class=\"text-center will-change\">\n<div class=\"px-10 md:px-20 flex items-center justify-center\">305<\/div>\n<\/td>\n<\/tr>\n<tr class=\"bg-grey-200\/50 p-2\">\n<td colspan=\"1\"><span class=\"block px-4\">Dust bag lentgth max.<\/span><\/td>\n<td class=\"text-center\">\n<div class=\"px-10 md:px-20 flex items-center justify-center\">m<\/div>\n<\/td>\n<td class=\"text-center will-change\">\n<div class=\"px-10 md:px-20 flex items-center justify-center\">3.5<\/div>\n<\/td>\n<\/tr>\n<tr class=\" p-2\">\n<td colspan=\"1\"><span class=\"block px-4\">Product size (l x w x h)<\/span><\/td>\n<td class=\"text-center\">\n<div class=\"px-10 md:px-20 flex items-center justify-center\">mm<\/div>\n<\/td>\n<td class=\"text-center will-change\">\n<div class=\"px-10 md:px-20 flex items-center justify-center\">520 x 400 x 530<\/div>\n<\/td>\n<\/tr>\n<tr class=\"bg-grey-200\/50 p-2\">\n<td colspan=\"1\"><span class=\"block px-4\">Weight<\/span><\/td>\n<td class=\"text-center\">\n<div class=\"px-10 md:px-20 flex items-center justify-center\">kg<\/div>\n<\/td>\n<td class=\"text-center will-change\">\n<div class=\"px-10 md:px-20 flex items-center justify-center\">17.5<\/div>\n<\/td>\n<\/tr>\n<\/tbody>\n<\/table>\n<\/div>\n<\/div>\n<\/div>\n<\/div>\n<\/div>\n<\/section>\n<section class=\"max-w-[1088px] mx-auto w-full px-5 my-10 md:my-12 lg:my-16 xl:my-20 xl:px-0\" data-block=\"link-list\">\n<div class=\"max-w-[1088px] mx-auto\">\n<div class=\"md:text-center\">\n<p class=\"text-black font-bold text-lg md:text-xl lg:text-2xl\"><strong>Uy\u011fundur:<\/strong><br \/>\nTicar\u0259t binalar\u0131<br \/>\nTikinti<br \/>\nS\u0259naye, fabrikl\u0259r v\u0259 istehsal<br \/>\n\u0130car\u0259 \u015firk\u0259tl\u0259ri<br \/>\nSu z\u0259r\u0259rinin b\u0259rpas\u0131<\/p>\n<\/div>\n<\/div>\n<\/section>\n","protected":false},"excerpt":{"rendered":"<div class=\"max-w-4xl\">\n<div class=\"text-xl font-bold mt-1 md:mt-2\">Toz \u00e7\u0131xarmaq \u00fc\u00e7\u00fcn toz torbas\u0131 olan eksenel ventilyator<\/div>\n<\/div>\n<div class=\"grid grid-cols-1 gap-8 md:grid-cols-2 lg:gap-12 xl:gap-20\">\n<div class=\"w-full lg:sticky\" data-sticky-sidebar=\"\">\n<div class=\"swiper border border-grey-300 relative swiper-fade swiper-initialized swiper-horizontal swiper-watch-progress swiper-backface-hidden\" data-swipe-product=\"\">\n<div class=\"absolute z-[4] top-0 right-0 pointer-events-none\">\n<figure><img decoding=\"async\" src=\"https:\/\/dantherm-group-cdn.s3.amazonaws.com\/media\/brands\/DG-Banners-Rebranding-HEYLO-to-MASTER-EN.jpg\" alt=\"\" \/><\/figure>\n<p>Eksenel fan PowerVent 3000 havan\u0131 y\u00fcks\u0259k t\u0259zyiql\u0259 birl\u0259\u015fdirir v\u0259 ventilyasiya il\u0259 yana\u015f\u0131, toz \u00e7\u0131xarmaq \u00fc\u00e7\u00fcn x\u00fcsusil\u0259 uy\u011fundur. M-sinif toz torbalar\u0131n\u0131 bo\u015falma t\u0259r\u0259find\u0259 birl\u0259\u015fdir\u0259r\u0259k, m\u00fcxt\u0259lif i\u015f sah\u0259l\u0259rinin tikinti sah\u0259l\u0259rind\u0259 narahatedici toz v\u0259 kir hiss\u0259cikl\u0259ri \u00e7\u0131xar\u0131la bil\u0259r.<\/p>\n<p>Uzunlu\u011fu 45 m-\u0259 q\u0259d\u0259r olan hava \u015flanqlar\u0131 havaland\u0131rma v\u0259 ya qurutma s\u00fcr\u0259tl\u0259ndirilm\u0259si \u00fc\u00e7\u00fcn birl\u0259\u015fdiril\u0259 bil\u0259r. Bu yolla t\u0259miz havan\u0131 \u0259n uzaq otaqlara da\u015f\u0131maq v\u0259 oradan k\u00f6hn\u0259 havan\u0131 \u00e7\u0131xarmaq olar.<\/p>\n<p>Hava t\u0259mizl\u0259yici kombi suvaq v\u0259 k\u0259sm\u0259 i\u015fl\u0259ri, da\u015flama, mi\u015farlama v\u0259 kir\u0259mitl\u0259m\u0259 i\u015fl\u0259ri, el\u0259c\u0259 d\u0259 r\u0259ngl\u0259m\u0259 i\u015fl\u0259ri zaman\u0131 toz \u00e7\u0131xarmaq \u00fc\u00e7\u00fcn, h\u0259m\u00e7inin hava \u015flanqlar\u0131n\u0131 birl\u0259\u015fdir\u0259r\u0259k \u015faft v\u0259 ya konteynerin ventilyasiyas\u0131 \u00fc\u00e7\u00fcn v\u0259 x\u00fcsusil\u0259 d\u0259 bo\u015f yerl\u0259rin qurumas\u0131n\u0131n s\u00fcr\u0259tl\u0259ndirilm\u0259si \u00fc\u00e7\u00fcn uy\u011fundur.<\/p>\n<\/div>\n<\/div>\n<\/div>\n<\/div>\n","protected":false},"featured_media":27570,"template":"","meta":[],"product_brand":[],"product_cat":[812,809],"product_tag":[],"class_list":{"0":"post-27575","1":"product","2":"type-product","3":"status-publish","4":"has-post-thumbnail","6":"product_cat-hava-tmizlyicisi-tmizlm-toz-filtr","7":"product_cat-hava-nmlndiricisi-kondisioner-az-ventilyasiya-ventilyator","9":"first","10":"instock","11":"shipping-taxable","12":"product-type-simple"},"yoast_head":"<!-- This site is optimized with the Yoast SEO plugin v27.1.1 - https:\/\/yoast.com\/product\/yoast-seo-wordpress\/ -->\n<title>Heylo PV 3000 Kombi \u2013 toz \u00e7\u0131xarma Tikinti tozsoran - GeoClimate.ge<\/title>\n<meta name=\"robots\" content=\"index, follow, max-snippet:-1, max-image-preview:large, max-video-preview:-1\" \/>\n<link rel=\"canonical\" href=\"https:\/\/geoclimate.ge\/az\/product\/heylo-pv-3000-combi-dust-extraction\/\" \/>\n<meta property=\"og:locale\" content=\"az_AZ\" \/>\n<meta property=\"og:type\" content=\"article\" \/>\n<meta property=\"og:title\" content=\"Heylo PV 3000 Kombi \u2013 toz \u00e7\u0131xarma Tikinti tozsoran - GeoClimate.ge\" \/>\n<meta property=\"og:description\" content=\"Toz \u00e7\u0131xarmaq \u00fc\u00e7\u00fcn toz torbas\u0131 olan eksenel ventilyator       Eksenel fan PowerVent 3000 havan\u0131 y\u00fcks\u0259k t\u0259zyiql\u0259 birl\u0259\u015fdirir v\u0259 ventilyasiya il\u0259 yana\u015f\u0131, toz \u00e7\u0131xarmaq \u00fc\u00e7\u00fcn x\u00fcsusil\u0259 uy\u011fundur. M-sinif toz torbalar\u0131n\u0131 bo\u015falma t\u0259r\u0259find\u0259 birl\u0259\u015fdir\u0259r\u0259k, m\u00fcxt\u0259lif i\u015f sah\u0259l\u0259rinin tikinti sah\u0259l\u0259rind\u0259 narahatedici toz v\u0259 kir hiss\u0259cikl\u0259ri \u00e7\u0131xar\u0131la bil\u0259r.  Uzunlu\u011fu 45 m-\u0259 q\u0259d\u0259r olan hava \u015flanqlar\u0131 havaland\u0131rma v\u0259 ya qurutma s\u00fcr\u0259tl\u0259ndirilm\u0259si \u00fc\u00e7\u00fcn birl\u0259\u015fdiril\u0259 bil\u0259r. Bu yolla t\u0259miz havan\u0131 \u0259n uzaq otaqlara da\u015f\u0131maq v\u0259 oradan k\u00f6hn\u0259 havan\u0131 \u00e7\u0131xarmaq olar.  Hava t\u0259mizl\u0259yici kombi suvaq v\u0259 k\u0259sm\u0259 i\u015fl\u0259ri, da\u015flama, mi\u015farlama v\u0259 kir\u0259mitl\u0259m\u0259 i\u015fl\u0259ri, el\u0259c\u0259 d\u0259 r\u0259ngl\u0259m\u0259 i\u015fl\u0259ri zaman\u0131 toz \u00e7\u0131xarmaq \u00fc\u00e7\u00fcn, h\u0259m\u00e7inin hava \u015flanqlar\u0131n\u0131 birl\u0259\u015fdir\u0259r\u0259k \u015faft v\u0259 ya konteynerin ventilyasiyas\u0131 \u00fc\u00e7\u00fcn v\u0259 x\u00fcsusil\u0259 d\u0259 bo\u015f yerl\u0259rin qurumas\u0131n\u0131n s\u00fcr\u0259tl\u0259ndirilm\u0259si \u00fc\u00e7\u00fcn uy\u011fundur.\" \/>\n<meta property=\"og:url\" content=\"https:\/\/geoclimate.ge\/az\/product\/heylo-pv-3000-combi-dust-extraction\/\" \/>\n<meta property=\"og:site_name\" content=\"GeoClimate.ge\" \/>\n<meta property=\"article:modified_time\" content=\"2025-04-05T17:24:36+00:00\" \/>\n<meta property=\"og:image\" content=\"https:\/\/geoclimate.ge\/wp-content\/uploads\/2025\/04\/Heylo-Ventilator-PV-3000-Kombi.jpg\" \/>\n\t<meta property=\"og:image:width\" content=\"1000\" \/>\n\t<meta property=\"og:image:height\" content=\"1000\" \/>\n\t<meta property=\"og:image:type\" content=\"image\/jpeg\" \/>\n<meta name=\"twitter:card\" content=\"summary_large_image\" \/>\n<meta name=\"twitter:label1\" content=\"Est. reading time\" \/>\n\t<meta name=\"twitter:data1\" content=\"1 minute\" \/>\n<script type=\"application\/ld+json\" class=\"yoast-schema-graph\">{\"@context\":\"https:\/\/schema.org\",\"@graph\":[{\"@type\":\"WebPage\",\"@id\":\"https:\/\/geoclimate.ge\/az\/product\/heylo-pv-3000-combi-dust-extraction\/\",\"url\":\"https:\/\/geoclimate.ge\/az\/product\/heylo-pv-3000-combi-dust-extraction\/\",\"name\":\"Heylo PV 3000 Kombi \u2013 toz \u00e7\u0131xarma Tikinti tozsoran - GeoClimate.ge\",\"isPartOf\":{\"@id\":\"https:\/\/geoclimate.ge\/#website\"},\"primaryImageOfPage\":{\"@id\":\"https:\/\/geoclimate.ge\/az\/product\/heylo-pv-3000-combi-dust-extraction\/#primaryimage\"},\"image\":{\"@id\":\"https:\/\/geoclimate.ge\/az\/product\/heylo-pv-3000-combi-dust-extraction\/#primaryimage\"},\"thumbnailUrl\":\"https:\/\/geoclimate.ge\/wp-content\/uploads\/2025\/04\/Heylo-Ventilator-PV-3000-Kombi.jpg\",\"datePublished\":\"2024-01-25T18:33:24+00:00\",\"dateModified\":\"2025-04-05T17:24:36+00:00\",\"breadcrumb\":{\"@id\":\"https:\/\/geoclimate.ge\/az\/product\/heylo-pv-3000-combi-dust-extraction\/#breadcrumb\"},\"inLanguage\":\"az\",\"potentialAction\":[{\"@type\":\"ReadAction\",\"target\":[\"https:\/\/geoclimate.ge\/az\/product\/heylo-pv-3000-combi-dust-extraction\/\"]}]},{\"@type\":\"ImageObject\",\"inLanguage\":\"az\",\"@id\":\"https:\/\/geoclimate.ge\/az\/product\/heylo-pv-3000-combi-dust-extraction\/#primaryimage\",\"url\":\"https:\/\/geoclimate.ge\/wp-content\/uploads\/2025\/04\/Heylo-Ventilator-PV-3000-Kombi.jpg\",\"contentUrl\":\"https:\/\/geoclimate.ge\/wp-content\/uploads\/2025\/04\/Heylo-Ventilator-PV-3000-Kombi.jpg\",\"width\":1000,\"height\":1000},{\"@type\":\"BreadcrumbList\",\"@id\":\"https:\/\/geoclimate.ge\/az\/product\/heylo-pv-3000-combi-dust-extraction\/#breadcrumb\",\"itemListElement\":[{\"@type\":\"ListItem\",\"position\":1,\"name\":\"Home\",\"item\":\"https:\/\/geoclimate.ge\/az\/\"},{\"@type\":\"ListItem\",\"position\":2,\"name\":\"M\u0259hsullar\",\"item\":\"https:\/\/geoclimate.ge\/az\/products\/\"},{\"@type\":\"ListItem\",\"position\":3,\"name\":\"Heylo PV 3000 Kombi \u2013 toz \u00e7\u0131xarma Tikinti tozsoran\"}]},{\"@type\":\"WebSite\",\"@id\":\"https:\/\/geoclimate.ge\/#website\",\"url\":\"https:\/\/geoclimate.ge\/\",\"name\":\"GeoClimate\",\"description\":\"\",\"publisher\":{\"@id\":\"https:\/\/geoclimate.ge\/#organization\"},\"potentialAction\":[{\"@type\":\"SearchAction\",\"target\":{\"@type\":\"EntryPoint\",\"urlTemplate\":\"https:\/\/geoclimate.ge\/?s={search_term_string}\"},\"query-input\":{\"@type\":\"PropertyValueSpecification\",\"valueRequired\":true,\"valueName\":\"search_term_string\"}}],\"inLanguage\":\"az\"},{\"@type\":\"Organization\",\"@id\":\"https:\/\/geoclimate.ge\/#organization\",\"name\":\"GeoClimate\",\"url\":\"https:\/\/geoclimate.ge\/\",\"logo\":{\"@type\":\"ImageObject\",\"inLanguage\":\"az\",\"@id\":\"https:\/\/geoclimate.ge\/#\/schema\/logo\/image\/\",\"url\":\"https:\/\/geoclimate.ge\/wp-content\/uploads\/2026\/03\/geoclimate-SEO.png\",\"contentUrl\":\"https:\/\/geoclimate.ge\/wp-content\/uploads\/2026\/03\/geoclimate-SEO.png\",\"width\":1536,\"height\":1024,\"caption\":\"GeoClimate\"},\"image\":{\"@id\":\"https:\/\/geoclimate.ge\/#\/schema\/logo\/image\/\"}}]}<\/script>\n<!-- \/ Yoast SEO plugin. -->","yoast_head_json":{"title":"Heylo PV 3000 Kombi \u2013 toz \u00e7\u0131xarma Tikinti tozsoran - GeoClimate.ge","robots":{"index":"index","follow":"follow","max-snippet":"max-snippet:-1","max-image-preview":"max-image-preview:large","max-video-preview":"max-video-preview:-1"},"canonical":"https:\/\/geoclimate.ge\/az\/product\/heylo-pv-3000-combi-dust-extraction\/","og_locale":"az_AZ","og_type":"article","og_title":"Heylo PV 3000 Kombi \u2013 toz \u00e7\u0131xarma Tikinti tozsoran - GeoClimate.ge","og_description":"Toz \u00e7\u0131xarmaq \u00fc\u00e7\u00fcn toz torbas\u0131 olan eksenel ventilyator       Eksenel fan PowerVent 3000 havan\u0131 y\u00fcks\u0259k t\u0259zyiql\u0259 birl\u0259\u015fdirir v\u0259 ventilyasiya il\u0259 yana\u015f\u0131, toz \u00e7\u0131xarmaq \u00fc\u00e7\u00fcn x\u00fcsusil\u0259 uy\u011fundur. M-sinif toz torbalar\u0131n\u0131 bo\u015falma t\u0259r\u0259find\u0259 birl\u0259\u015fdir\u0259r\u0259k, m\u00fcxt\u0259lif i\u015f sah\u0259l\u0259rinin tikinti sah\u0259l\u0259rind\u0259 narahatedici toz v\u0259 kir hiss\u0259cikl\u0259ri \u00e7\u0131xar\u0131la bil\u0259r.  Uzunlu\u011fu 45 m-\u0259 q\u0259d\u0259r olan hava \u015flanqlar\u0131 havaland\u0131rma v\u0259 ya qurutma s\u00fcr\u0259tl\u0259ndirilm\u0259si \u00fc\u00e7\u00fcn birl\u0259\u015fdiril\u0259 bil\u0259r. Bu yolla t\u0259miz havan\u0131 \u0259n uzaq otaqlara da\u015f\u0131maq v\u0259 oradan k\u00f6hn\u0259 havan\u0131 \u00e7\u0131xarmaq olar.  Hava t\u0259mizl\u0259yici kombi suvaq v\u0259 k\u0259sm\u0259 i\u015fl\u0259ri, da\u015flama, mi\u015farlama v\u0259 kir\u0259mitl\u0259m\u0259 i\u015fl\u0259ri, el\u0259c\u0259 d\u0259 r\u0259ngl\u0259m\u0259 i\u015fl\u0259ri zaman\u0131 toz \u00e7\u0131xarmaq \u00fc\u00e7\u00fcn, h\u0259m\u00e7inin hava \u015flanqlar\u0131n\u0131 birl\u0259\u015fdir\u0259r\u0259k \u015faft v\u0259 ya konteynerin ventilyasiyas\u0131 \u00fc\u00e7\u00fcn v\u0259 x\u00fcsusil\u0259 d\u0259 bo\u015f yerl\u0259rin qurumas\u0131n\u0131n s\u00fcr\u0259tl\u0259ndirilm\u0259si \u00fc\u00e7\u00fcn uy\u011fundur.","og_url":"https:\/\/geoclimate.ge\/az\/product\/heylo-pv-3000-combi-dust-extraction\/","og_site_name":"GeoClimate.ge","article_modified_time":"2025-04-05T17:24:36+00:00","og_image":[{"width":1000,"height":1000,"url":"https:\/\/geoclimate.ge\/wp-content\/uploads\/2025\/04\/Heylo-Ventilator-PV-3000-Kombi.jpg","type":"image\/jpeg"}],"twitter_card":"summary_large_image","twitter_misc":{"Est. reading time":"1 minute"},"schema":{"@context":"https:\/\/schema.org","@graph":[{"@type":"WebPage","@id":"https:\/\/geoclimate.ge\/az\/product\/heylo-pv-3000-combi-dust-extraction\/","url":"https:\/\/geoclimate.ge\/az\/product\/heylo-pv-3000-combi-dust-extraction\/","name":"Heylo PV 3000 Kombi \u2013 toz \u00e7\u0131xarma Tikinti tozsoran - GeoClimate.ge","isPartOf":{"@id":"https:\/\/geoclimate.ge\/#website"},"primaryImageOfPage":{"@id":"https:\/\/geoclimate.ge\/az\/product\/heylo-pv-3000-combi-dust-extraction\/#primaryimage"},"image":{"@id":"https:\/\/geoclimate.ge\/az\/product\/heylo-pv-3000-combi-dust-extraction\/#primaryimage"},"thumbnailUrl":"https:\/\/geoclimate.ge\/wp-content\/uploads\/2025\/04\/Heylo-Ventilator-PV-3000-Kombi.jpg","datePublished":"2024-01-25T18:33:24+00:00","dateModified":"2025-04-05T17:24:36+00:00","breadcrumb":{"@id":"https:\/\/geoclimate.ge\/az\/product\/heylo-pv-3000-combi-dust-extraction\/#breadcrumb"},"inLanguage":"az","potentialAction":[{"@type":"ReadAction","target":["https:\/\/geoclimate.ge\/az\/product\/heylo-pv-3000-combi-dust-extraction\/"]}]},{"@type":"ImageObject","inLanguage":"az","@id":"https:\/\/geoclimate.ge\/az\/product\/heylo-pv-3000-combi-dust-extraction\/#primaryimage","url":"https:\/\/geoclimate.ge\/wp-content\/uploads\/2025\/04\/Heylo-Ventilator-PV-3000-Kombi.jpg","contentUrl":"https:\/\/geoclimate.ge\/wp-content\/uploads\/2025\/04\/Heylo-Ventilator-PV-3000-Kombi.jpg","width":1000,"height":1000},{"@type":"BreadcrumbList","@id":"https:\/\/geoclimate.ge\/az\/product\/heylo-pv-3000-combi-dust-extraction\/#breadcrumb","itemListElement":[{"@type":"ListItem","position":1,"name":"Home","item":"https:\/\/geoclimate.ge\/az\/"},{"@type":"ListItem","position":2,"name":"M\u0259hsullar","item":"https:\/\/geoclimate.ge\/az\/products\/"},{"@type":"ListItem","position":3,"name":"Heylo PV 3000 Kombi \u2013 toz \u00e7\u0131xarma Tikinti tozsoran"}]},{"@type":"WebSite","@id":"https:\/\/geoclimate.ge\/#website","url":"https:\/\/geoclimate.ge\/","name":"GeoClimate","description":"","publisher":{"@id":"https:\/\/geoclimate.ge\/#organization"},"potentialAction":[{"@type":"SearchAction","target":{"@type":"EntryPoint","urlTemplate":"https:\/\/geoclimate.ge\/?s={search_term_string}"},"query-input":{"@type":"PropertyValueSpecification","valueRequired":true,"valueName":"search_term_string"}}],"inLanguage":"az"},{"@type":"Organization","@id":"https:\/\/geoclimate.ge\/#organization","name":"GeoClimate","url":"https:\/\/geoclimate.ge\/","logo":{"@type":"ImageObject","inLanguage":"az","@id":"https:\/\/geoclimate.ge\/#\/schema\/logo\/image\/","url":"https:\/\/geoclimate.ge\/wp-content\/uploads\/2026\/03\/geoclimate-SEO.png","contentUrl":"https:\/\/geoclimate.ge\/wp-content\/uploads\/2026\/03\/geoclimate-SEO.png","width":1536,"height":1024,"caption":"GeoClimate"},"image":{"@id":"https:\/\/geoclimate.ge\/#\/schema\/logo\/image\/"}}]}},"_links":{"self":[{"href":"https:\/\/geoclimate.ge\/az\/wp-json\/wp\/v2\/product\/27575","targetHints":{"allow":["GET"]}}],"collection":[{"href":"https:\/\/geoclimate.ge\/az\/wp-json\/wp\/v2\/product"}],"about":[{"href":"https:\/\/geoclimate.ge\/az\/wp-json\/wp\/v2\/types\/product"}],"wp:featuredmedia":[{"embeddable":true,"href":"https:\/\/geoclimate.ge\/az\/wp-json\/wp\/v2\/media\/27570"}],"wp:attachment":[{"href":"https:\/\/geoclimate.ge\/az\/wp-json\/wp\/v2\/media?parent=27575"}],"wp:term":[{"taxonomy":"product_brand","embeddable":true,"href":"https:\/\/geoclimate.ge\/az\/wp-json\/wp\/v2\/product_brand?post=27575"},{"taxonomy":"product_cat","embeddable":true,"href":"https:\/\/geoclimate.ge\/az\/wp-json\/wp\/v2\/product_cat?post=27575"},{"taxonomy":"product_tag","embeddable":true,"href":"https:\/\/geoclimate.ge\/az\/wp-json\/wp\/v2\/product_tag?post=27575"}],"curies":[{"name":"wp","href":"https:\/\/api.w.org\/{rel}","templated":true}]}}