{"id":27863,"date":"2024-01-25T22:26:00","date_gmt":"2024-01-25T18:26:00","guid":{"rendered":"https:\/\/airsystems.ge\/shop\/product\/heylo-venus-pump-spray-bottle\/"},"modified":"2025-04-06T01:05:10","modified_gmt":"2025-04-05T21:05:10","slug":"heylo-venus-pump-spray-bottle","status":"publish","type":"product","link":"https:\/\/geoclimate.ge\/az\/product\/heylo-venus-pump-spray-bottle\/","title":{"rendered":"Heylo VENUS &#8211; nasos sprey \u015f\u00fc\u015f\u0259si"},"content":{"rendered":"<section class=\"max-w-[1088px] mx-auto w-full px-5 my-10 md:my-12 lg:my-16 xl:my-20 xl:px-0\" data-block=\"bullet-list\">\n<div class=\"md:text-center\">\n<h3 class=\"text-black font-bold text-lg md:text-xl lg:text-2xl\">\u018fsas x\u00fcsusiyy\u0259tl\u0259r<\/h3>\n<\/div>\n<div class=\"mt-6 md:mt-10\">\n<div class=\"flex flex-wrap\">\n<div class=\"w-full md:w-1\/2 auto-bullets md:pr-16\">\n<ul>\n<li class=\"text-sm md:text-base text-black mt-3 flex items-start\">\n<div class=\"pl-5\">T\u0259hl\u00fck\u0259sizlik klapanl\u0131 nasos sprey \u015f\u00fc\u015f\u0259si<br \/>\nB\u00fct\u00fcn Heylo dezinfeksiyaedicil\u0259ri v\u0259 qoxu aradan qald\u0131ran vasit\u0259l\u0259r \u00fc\u00e7\u00fcn uy\u011fundur<br \/>\nViton rezin m\u00f6h\u00fcrl\u0259<\/div>\n<\/li>\n<\/ul>\n<\/div>\n<\/div>\n<\/div>\n<\/section>\n<section class=\"max-w-[1088px] mx-auto w-full px-5 my-10 md:my-12 lg:my-16 xl:my-20 xl:px-0\" data-block=\"product-specifications\">\n<div class=\"md:text-center\">\n<h3 class=\"text-black font-bold text-lg md:text-xl lg:text-2xl\"><strong>Product specifications<\/strong><\/h3>\n<\/div>\n<div class=\" md:mt-10\">\n<div class=\"\">\n<div class=\"lg:mt-0 \">\n<div id=\"spec-venus\" class=\"prose max-w-full md:overflow-auto\" data-spec-content=\"\">\n<div class=\"spreadsheet-container hidden md:block\">\n<table class=\"w-full table-fixed mb-0\">\n<thead>\n<tr>\n<th class=\"font-bold text-base\"><span class=\"block px-4\">Specifications<\/span><\/th>\n<th class=\"font-bold text-base text-center\"><span class=\"block px-10 md:px-20\">Units<\/span><\/th>\n<th class=\"font-bold text-base text-center will-change\"><span class=\"block px-4\">Venus<\/span><\/th>\n<\/tr>\n<\/thead>\n<tbody>\n<tr class=\"bg-grey-200\/50 p-2\">\n<td colspan=\"1\"><span class=\"block px-4\">Tank capacity<\/span><\/td>\n<td class=\"text-center\">\n<div class=\"px-10 md:px-20 flex items-center justify-center\">l<\/div>\n<\/td>\n<td class=\"text-center will-change\">\n<div class=\"px-10 md:px-20 flex items-center justify-center\">1.5<\/div>\n<\/td>\n<\/tr>\n<tr class=\" p-2\">\n<td colspan=\"1\"><span class=\"block px-4\">Product size (l x w x h)<\/span><\/td>\n<td class=\"text-center\">\n<div class=\"px-10 md:px-20 flex items-center justify-center\">\u00d8mm<\/div>\n<\/td>\n<td class=\"text-center will-change\">\n<div class=\"px-10 md:px-20 flex items-center justify-center\">125 x 340<\/div>\n<\/td>\n<\/tr>\n<tr class=\"bg-grey-200\/50 p-2\">\n<td colspan=\"1\"><span class=\"block px-4\">Net weight<\/span><\/td>\n<td class=\"text-center\">\n<div class=\"px-10 md:px-20 flex items-center justify-center\">kg<\/div>\n<\/td>\n<td class=\"text-center will-change\">\n<div class=\"px-10 md:px-20 flex items-center justify-center\">0.5<\/div>\n<\/td>\n<\/tr>\n<\/tbody>\n<\/table>\n<\/div>\n<\/div>\n<\/div>\n<\/div>\n<\/div>\n<\/section>\n<section class=\"max-w-[1088px] mx-auto w-full px-5 my-10 md:my-12 lg:my-16 xl:my-20 xl:px-0\" data-block=\"link-list\">\n<div class=\"max-w-[1088px] mx-auto\">\n<div class=\"md:text-center\">\n<ul>\n<li class=\"flex items-center gap-5 text-sm text-black mt-3 md:text-base lg:text-lg\"><strong>Uy\u011fundur:<\/strong><\/li>\n<\/ul>\n<\/div>\n<div class=\"mt-6 max-w-4xl mx-auto\">\n<div class=\"flex flex-wrap md:ml-20\">\n<div class=\"w-full md:w-1\/2 auto-bullets md:pr-16\">\n<ul>\n<li class=\"flex items-center gap-5 text-sm text-black mt-3 md:text-base lg:text-lg\">K\u0259nd t\u0259s\u0259rr\u00fcfat\u0131<br \/>\nTicar\u0259t binalar\u0131<br \/>\nTikinti<br \/>\nS\u0259naye, fabrikl\u0259r v\u0259 istehsal<br \/>\nSu z\u0259r\u0259rinin b\u0259rpas\u0131<\/li>\n<\/ul>\n<\/div>\n<\/div>\n<\/div>\n<\/div>\n<\/section>\n","protected":false},"excerpt":{"rendered":"<div class=\"max-w-4xl\">\n<div class=\"text-xl font-bold mt-1 md:mt-2\">\u018fl t\u0259zyiqli \u00e7il\u0259yici<\/div>\n<\/div>\n<div class=\"grid grid-cols-1 gap-8 md:grid-cols-2 lg:gap-12 xl:gap-20\">\n<div class=\"w-full lg:sticky\" data-sticky-sidebar=\"\">\n<div class=\"swiper border border-grey-300 relative swiper-fade swiper-initialized swiper-horizontal swiper-watch-progress swiper-backface-hidden\" data-swipe-product=\"\">\n<div class=\"absolute z-[4] top-0 right-0 pointer-events-none\">\n<figure><img decoding=\"async\" src=\"https:\/\/dantherm-group-cdn.s3.amazonaws.com\/media\/brands\/DG-Banners-Rebranding-HEYLO-to-MASTER-EN.jpg\" alt=\"\" \/><\/figure>\n<p>Venus pompal\u0131 sprey \u015f\u00fc\u015f\u0259si aktiv madd\u0259nin b\u0259rab\u0259r \u015f\u0259kild\u0259 t\u0259tbiqi \u00fc\u00e7\u00fcn inteqrasiya olunmu\u015f hava nasosu olan \u0259l il\u0259 idar\u0259 olunan \u00e7il\u0259yicidir. O, daxili t\u0259hl\u00fck\u0259sizlik klapan\u0131na, daxili filtr\u0259 v\u0259 t\u0259nziml\u0259n\u0259n sprey ba\u015fl\u0131\u011f\u0131na malikdir. Viton rezin m\u00f6h\u00fcr kimy\u0259vi madd\u0259l\u0259r\u0259 davaml\u0131d\u0131r.<\/p>\n<\/div>\n<\/div>\n<\/div>\n<\/div>\n","protected":false},"featured_media":27858,"template":"","meta":[],"product_brand":[],"product_cat":[812,809,971],"product_tag":[],"class_list":{"0":"post-27863","1":"product","2":"type-product","3":"status-publish","4":"has-post-thumbnail","6":"product_cat-hava-tmizlyicisi-tmizlm-toz-filtr","7":"product_cat-hava-nmlndiricisi-kondisioner-az-ventilyasiya-ventilyator","8":"product_cat-disinfection","10":"first","11":"instock","12":"shipping-taxable","13":"product-type-simple"},"yoast_head":"<!-- This site is optimized with the Yoast SEO plugin v27.1.1 - https:\/\/yoast.com\/product\/yoast-seo-wordpress\/ -->\n<title>Heylo VENUS - nasos sprey \u015f\u00fc\u015f\u0259si - GeoClimate.ge<\/title>\n<meta name=\"robots\" content=\"index, follow, max-snippet:-1, max-image-preview:large, max-video-preview:-1\" \/>\n<link rel=\"canonical\" href=\"https:\/\/geoclimate.ge\/az\/product\/heylo-venus-pump-spray-bottle\/\" \/>\n<meta property=\"og:locale\" content=\"az_AZ\" \/>\n<meta property=\"og:type\" content=\"article\" \/>\n<meta property=\"og:title\" content=\"Heylo VENUS - nasos sprey \u015f\u00fc\u015f\u0259si - GeoClimate.ge\" \/>\n<meta property=\"og:description\" content=\"\u018fl t\u0259zyiqli \u00e7il\u0259yici       Venus pompal\u0131 sprey \u015f\u00fc\u015f\u0259si aktiv madd\u0259nin b\u0259rab\u0259r \u015f\u0259kild\u0259 t\u0259tbiqi \u00fc\u00e7\u00fcn inteqrasiya olunmu\u015f hava nasosu olan \u0259l il\u0259 idar\u0259 olunan \u00e7il\u0259yicidir. O, daxili t\u0259hl\u00fck\u0259sizlik klapan\u0131na, daxili filtr\u0259 v\u0259 t\u0259nziml\u0259n\u0259n sprey ba\u015fl\u0131\u011f\u0131na malikdir. Viton rezin m\u00f6h\u00fcr kimy\u0259vi madd\u0259l\u0259r\u0259 davaml\u0131d\u0131r.\" \/>\n<meta property=\"og:url\" content=\"https:\/\/geoclimate.ge\/az\/product\/heylo-venus-pump-spray-bottle\/\" \/>\n<meta property=\"og:site_name\" content=\"GeoClimate.ge\" \/>\n<meta property=\"article:modified_time\" content=\"2025-04-05T21:05:10+00:00\" \/>\n<meta property=\"og:image\" content=\"https:\/\/geoclimate.ge\/wp-content\/uploads\/2025\/04\/Heylo-Venus-Pumpspruhflasche.jpg\" \/>\n\t<meta property=\"og:image:width\" content=\"1000\" \/>\n\t<meta property=\"og:image:height\" content=\"1000\" \/>\n\t<meta property=\"og:image:type\" content=\"image\/jpeg\" \/>\n<meta name=\"twitter:card\" content=\"summary_large_image\" \/>\n<script type=\"application\/ld+json\" class=\"yoast-schema-graph\">{\"@context\":\"https:\/\/schema.org\",\"@graph\":[{\"@type\":\"WebPage\",\"@id\":\"https:\/\/geoclimate.ge\/az\/product\/heylo-venus-pump-spray-bottle\/\",\"url\":\"https:\/\/geoclimate.ge\/az\/product\/heylo-venus-pump-spray-bottle\/\",\"name\":\"Heylo VENUS - nasos sprey \u015f\u00fc\u015f\u0259si - GeoClimate.ge\",\"isPartOf\":{\"@id\":\"https:\/\/geoclimate.ge\/#website\"},\"primaryImageOfPage\":{\"@id\":\"https:\/\/geoclimate.ge\/az\/product\/heylo-venus-pump-spray-bottle\/#primaryimage\"},\"image\":{\"@id\":\"https:\/\/geoclimate.ge\/az\/product\/heylo-venus-pump-spray-bottle\/#primaryimage\"},\"thumbnailUrl\":\"https:\/\/geoclimate.ge\/wp-content\/uploads\/2025\/04\/Heylo-Venus-Pumpspruhflasche.jpg\",\"datePublished\":\"2024-01-25T18:26:00+00:00\",\"dateModified\":\"2025-04-05T21:05:10+00:00\",\"breadcrumb\":{\"@id\":\"https:\/\/geoclimate.ge\/az\/product\/heylo-venus-pump-spray-bottle\/#breadcrumb\"},\"inLanguage\":\"az\",\"potentialAction\":[{\"@type\":\"ReadAction\",\"target\":[\"https:\/\/geoclimate.ge\/az\/product\/heylo-venus-pump-spray-bottle\/\"]}]},{\"@type\":\"ImageObject\",\"inLanguage\":\"az\",\"@id\":\"https:\/\/geoclimate.ge\/az\/product\/heylo-venus-pump-spray-bottle\/#primaryimage\",\"url\":\"https:\/\/geoclimate.ge\/wp-content\/uploads\/2025\/04\/Heylo-Venus-Pumpspruhflasche.jpg\",\"contentUrl\":\"https:\/\/geoclimate.ge\/wp-content\/uploads\/2025\/04\/Heylo-Venus-Pumpspruhflasche.jpg\",\"width\":1000,\"height\":1000},{\"@type\":\"BreadcrumbList\",\"@id\":\"https:\/\/geoclimate.ge\/az\/product\/heylo-venus-pump-spray-bottle\/#breadcrumb\",\"itemListElement\":[{\"@type\":\"ListItem\",\"position\":1,\"name\":\"Home\",\"item\":\"https:\/\/geoclimate.ge\/az\/\"},{\"@type\":\"ListItem\",\"position\":2,\"name\":\"M\u0259hsullar\",\"item\":\"https:\/\/geoclimate.ge\/az\/products\/\"},{\"@type\":\"ListItem\",\"position\":3,\"name\":\"Heylo VENUS &#8211; nasos sprey \u015f\u00fc\u015f\u0259si\"}]},{\"@type\":\"WebSite\",\"@id\":\"https:\/\/geoclimate.ge\/#website\",\"url\":\"https:\/\/geoclimate.ge\/\",\"name\":\"GeoClimate\",\"description\":\"\",\"publisher\":{\"@id\":\"https:\/\/geoclimate.ge\/#organization\"},\"potentialAction\":[{\"@type\":\"SearchAction\",\"target\":{\"@type\":\"EntryPoint\",\"urlTemplate\":\"https:\/\/geoclimate.ge\/?s={search_term_string}\"},\"query-input\":{\"@type\":\"PropertyValueSpecification\",\"valueRequired\":true,\"valueName\":\"search_term_string\"}}],\"inLanguage\":\"az\"},{\"@type\":\"Organization\",\"@id\":\"https:\/\/geoclimate.ge\/#organization\",\"name\":\"GeoClimate\",\"url\":\"https:\/\/geoclimate.ge\/\",\"logo\":{\"@type\":\"ImageObject\",\"inLanguage\":\"az\",\"@id\":\"https:\/\/geoclimate.ge\/#\/schema\/logo\/image\/\",\"url\":\"https:\/\/geoclimate.ge\/wp-content\/uploads\/2026\/03\/geoclimate-SEO.png\",\"contentUrl\":\"https:\/\/geoclimate.ge\/wp-content\/uploads\/2026\/03\/geoclimate-SEO.png\",\"width\":1536,\"height\":1024,\"caption\":\"GeoClimate\"},\"image\":{\"@id\":\"https:\/\/geoclimate.ge\/#\/schema\/logo\/image\/\"}}]}<\/script>\n<!-- \/ Yoast SEO plugin. -->","yoast_head_json":{"title":"Heylo VENUS - nasos sprey \u015f\u00fc\u015f\u0259si - GeoClimate.ge","robots":{"index":"index","follow":"follow","max-snippet":"max-snippet:-1","max-image-preview":"max-image-preview:large","max-video-preview":"max-video-preview:-1"},"canonical":"https:\/\/geoclimate.ge\/az\/product\/heylo-venus-pump-spray-bottle\/","og_locale":"az_AZ","og_type":"article","og_title":"Heylo VENUS - nasos sprey \u015f\u00fc\u015f\u0259si - GeoClimate.ge","og_description":"\u018fl t\u0259zyiqli \u00e7il\u0259yici       Venus pompal\u0131 sprey \u015f\u00fc\u015f\u0259si aktiv madd\u0259nin b\u0259rab\u0259r \u015f\u0259kild\u0259 t\u0259tbiqi \u00fc\u00e7\u00fcn inteqrasiya olunmu\u015f hava nasosu olan \u0259l il\u0259 idar\u0259 olunan \u00e7il\u0259yicidir. O, daxili t\u0259hl\u00fck\u0259sizlik klapan\u0131na, daxili filtr\u0259 v\u0259 t\u0259nziml\u0259n\u0259n sprey ba\u015fl\u0131\u011f\u0131na malikdir. Viton rezin m\u00f6h\u00fcr kimy\u0259vi madd\u0259l\u0259r\u0259 davaml\u0131d\u0131r.","og_url":"https:\/\/geoclimate.ge\/az\/product\/heylo-venus-pump-spray-bottle\/","og_site_name":"GeoClimate.ge","article_modified_time":"2025-04-05T21:05:10+00:00","og_image":[{"width":1000,"height":1000,"url":"https:\/\/geoclimate.ge\/wp-content\/uploads\/2025\/04\/Heylo-Venus-Pumpspruhflasche.jpg","type":"image\/jpeg"}],"twitter_card":"summary_large_image","schema":{"@context":"https:\/\/schema.org","@graph":[{"@type":"WebPage","@id":"https:\/\/geoclimate.ge\/az\/product\/heylo-venus-pump-spray-bottle\/","url":"https:\/\/geoclimate.ge\/az\/product\/heylo-venus-pump-spray-bottle\/","name":"Heylo VENUS - nasos sprey \u015f\u00fc\u015f\u0259si - GeoClimate.ge","isPartOf":{"@id":"https:\/\/geoclimate.ge\/#website"},"primaryImageOfPage":{"@id":"https:\/\/geoclimate.ge\/az\/product\/heylo-venus-pump-spray-bottle\/#primaryimage"},"image":{"@id":"https:\/\/geoclimate.ge\/az\/product\/heylo-venus-pump-spray-bottle\/#primaryimage"},"thumbnailUrl":"https:\/\/geoclimate.ge\/wp-content\/uploads\/2025\/04\/Heylo-Venus-Pumpspruhflasche.jpg","datePublished":"2024-01-25T18:26:00+00:00","dateModified":"2025-04-05T21:05:10+00:00","breadcrumb":{"@id":"https:\/\/geoclimate.ge\/az\/product\/heylo-venus-pump-spray-bottle\/#breadcrumb"},"inLanguage":"az","potentialAction":[{"@type":"ReadAction","target":["https:\/\/geoclimate.ge\/az\/product\/heylo-venus-pump-spray-bottle\/"]}]},{"@type":"ImageObject","inLanguage":"az","@id":"https:\/\/geoclimate.ge\/az\/product\/heylo-venus-pump-spray-bottle\/#primaryimage","url":"https:\/\/geoclimate.ge\/wp-content\/uploads\/2025\/04\/Heylo-Venus-Pumpspruhflasche.jpg","contentUrl":"https:\/\/geoclimate.ge\/wp-content\/uploads\/2025\/04\/Heylo-Venus-Pumpspruhflasche.jpg","width":1000,"height":1000},{"@type":"BreadcrumbList","@id":"https:\/\/geoclimate.ge\/az\/product\/heylo-venus-pump-spray-bottle\/#breadcrumb","itemListElement":[{"@type":"ListItem","position":1,"name":"Home","item":"https:\/\/geoclimate.ge\/az\/"},{"@type":"ListItem","position":2,"name":"M\u0259hsullar","item":"https:\/\/geoclimate.ge\/az\/products\/"},{"@type":"ListItem","position":3,"name":"Heylo VENUS &#8211; nasos sprey \u015f\u00fc\u015f\u0259si"}]},{"@type":"WebSite","@id":"https:\/\/geoclimate.ge\/#website","url":"https:\/\/geoclimate.ge\/","name":"GeoClimate","description":"","publisher":{"@id":"https:\/\/geoclimate.ge\/#organization"},"potentialAction":[{"@type":"SearchAction","target":{"@type":"EntryPoint","urlTemplate":"https:\/\/geoclimate.ge\/?s={search_term_string}"},"query-input":{"@type":"PropertyValueSpecification","valueRequired":true,"valueName":"search_term_string"}}],"inLanguage":"az"},{"@type":"Organization","@id":"https:\/\/geoclimate.ge\/#organization","name":"GeoClimate","url":"https:\/\/geoclimate.ge\/","logo":{"@type":"ImageObject","inLanguage":"az","@id":"https:\/\/geoclimate.ge\/#\/schema\/logo\/image\/","url":"https:\/\/geoclimate.ge\/wp-content\/uploads\/2026\/03\/geoclimate-SEO.png","contentUrl":"https:\/\/geoclimate.ge\/wp-content\/uploads\/2026\/03\/geoclimate-SEO.png","width":1536,"height":1024,"caption":"GeoClimate"},"image":{"@id":"https:\/\/geoclimate.ge\/#\/schema\/logo\/image\/"}}]}},"_links":{"self":[{"href":"https:\/\/geoclimate.ge\/az\/wp-json\/wp\/v2\/product\/27863","targetHints":{"allow":["GET"]}}],"collection":[{"href":"https:\/\/geoclimate.ge\/az\/wp-json\/wp\/v2\/product"}],"about":[{"href":"https:\/\/geoclimate.ge\/az\/wp-json\/wp\/v2\/types\/product"}],"wp:featuredmedia":[{"embeddable":true,"href":"https:\/\/geoclimate.ge\/az\/wp-json\/wp\/v2\/media\/27858"}],"wp:attachment":[{"href":"https:\/\/geoclimate.ge\/az\/wp-json\/wp\/v2\/media?parent=27863"}],"wp:term":[{"taxonomy":"product_brand","embeddable":true,"href":"https:\/\/geoclimate.ge\/az\/wp-json\/wp\/v2\/product_brand?post=27863"},{"taxonomy":"product_cat","embeddable":true,"href":"https:\/\/geoclimate.ge\/az\/wp-json\/wp\/v2\/product_cat?post=27863"},{"taxonomy":"product_tag","embeddable":true,"href":"https:\/\/geoclimate.ge\/az\/wp-json\/wp\/v2\/product_tag?post=27863"}],"curies":[{"name":"wp","href":"https:\/\/api.w.org\/{rel}","templated":true}]}}