{"id":27896,"date":"2024-01-22T22:41:03","date_gmt":"2024-01-22T18:41:03","guid":{"rendered":"https:\/\/airsystems.ge\/shop\/product\/heylo-fd-4000-axial-ventilator\/"},"modified":"2025-04-06T18:39:17","modified_gmt":"2025-04-06T14:39:17","slug":"heylo-fd-4000-axial-ventilator","status":"publish","type":"product","link":"https:\/\/geoclimate.ge\/az\/product\/heylo-fd-4000-axial-ventilator\/","title":{"rendered":"Heylo FD 4000 \u2013 eksenel ventilyator"},"content":{"rendered":"<section class=\"max-w-[1088px] mx-auto w-full px-5 my-10 md:my-12 lg:my-16 xl:my-20 xl:px-0\" data-block=\"bullet-list\">\n<div class=\"md:text-center\">\n<h3 class=\"text-black font-bold text-lg md:text-xl lg:text-2xl\">\u018fsas x\u00fcsusiyy\u0259tl\u0259r<\/h3>\n<\/div>\n<div class=\"mt-6 md:mt-10\">\n<div class=\"flex flex-wrap\">\n<div class=\"w-full md:w-1\/2 auto-bullets md:pr-16\">\n<ul>\n<li class=\"text-sm md:text-base text-black mt-3 flex items-start\">\n<div class=\"pl-5\">\n<p>Bir cihazda 6 funksiya: xal\u00e7a qurutma ma\u015f\u0131n\u0131, divar qurutma ma\u015f\u0131n\u0131, tavan qurutma ma\u015f\u0131n\u0131, d\u00f6\u015f\u0259m\u0259 qurutma ma\u015f\u0131n\u0131, otaqlar\u0131n soyudulmas\u0131\/ventilyasiyas\u0131 \u00fc\u00e7\u00fcn g\u00fcc ventilyatorlar\u0131 v\u0259 qurutma prosesini tikinti quruducusu il\u0259 d\u0259st\u0259kl\u0259y\u0259n kombifan<br \/>\nDivarlardan, tavandan v\u0259 d\u00f6\u015f\u0259m\u0259d\u0259n n\u0259min tez \u00e7\u0131xar\u0131lmas\u0131<br \/>\n\u018flveri\u015fli v\u0259 da\u015f\u0131nmas\u0131 asan<br \/>\nSon d\u0259r\u0259c\u0259 a\u015fa\u011f\u0131 enerji istehlak\u0131<br \/>\nSonsuz idar\u0259 olunan hava ax\u0131n\u0131 s\u00fcr\u0259ti<br \/>\nM\u00f6hk\u0259m plastik korpus, son d\u0259r\u0259c\u0259 davaml\u0131d\u0131r<br \/>\nY\u00fcks\u0259k keyfiyy\u0259tli TPI bilyal\u0131 rulman<br \/>\nKalibrl\u0259nmi\u015f MID enerji say\u011fac\u0131 (kWh)<br \/>\nR\u00fctub\u0259tin z\u0259d\u0259l\u0259nm\u0259sinin b\u0259rpas\u0131 \u00fc\u00e7\u00fcn bina quruducular\u0131 il\u0259 birlikd\u0259 effektiv h\u0259ll<br \/>\nFD 4000-in y\u00fcks\u0259k s\u0259m\u0259r\u0259liliyi say\u0259sind\u0259 i\u015fl\u0259r tez bir zamanda tamamlana bil\u0259r. Bundan \u0259lav\u0259, Heylo tikinti quruducusu il\u0259 performans\u0131 art\u0131ran kombinasiyada siz b\u00fct\u00fcn tikinti sektoru v\u0259 r\u00fctub\u0259tin z\u0259d\u0259l\u0259nm\u0259si \u00fc\u00e7\u00fcn effektiv g\u00fcc kombinasiyas\u0131na sahibsiniz. Bundan \u0259lav\u0259, fan i\u015f s\u0259thl\u0259rinin, ma\u015f\u0131nlar\u0131n v\u0259 m\u00fch\u0259rrikl\u0259rin m\u0259qs\u0259dy\u00f6nl\u00fc \u015f\u0259kild\u0259 soyudulmas\u0131\/ventilyasiyas\u0131 \u00fc\u00e7\u00fcn istifad\u0259 edil\u0259 bil\u0259r.<\/p>\n<p>Ventilyator tez y\u0131\u011f\u0131l\u0131r v\u0259 m\u00fcxt\u0259lif qura\u015fd\u0131rma m\u00f6vqel\u0259rin\u0259 g\u00f6r\u0259 \u00e7ox \u00e7evik \u015f\u0259kild\u0259 istifad\u0259 edil\u0259 bil\u0259r. Y\u00fcks\u0259k qorunma sinfin\u0259 g\u00f6r\u0259 ventilyator x\u00fcsusil\u0259 tikinti sah\u0259l\u0259rind\u0259 a\u011f\u0131r y\u00fckl\u0259rd\u0259 istifad\u0259 \u00fc\u00e7\u00fcn \u0259lveri\u015flidir. Add\u0131ms\u0131z idar\u0259etm\u0259 say\u0259sind\u0259 cihaz t\u0259l\u0259bl\u0259rd\u0259n as\u0131l\u0131 olaraq \u00e7ox s\u0259ssiz v\u0259 ya \u00e7ox g\u00fccl\u00fc i\u015fl\u0259yir.<\/p>\n<p>N\u0259ml\u0259ndirici v\u0259 ventilyatoru birl\u0259\u015fdir\u0259r\u0259k qurutma prosesini 50%-\u0259 q\u0259d\u0259r azaltmaq olar!<\/p>\n<\/div>\n<\/li>\n<\/ul>\n<\/div>\n<\/div>\n<\/div>\n<\/section>\n<section class=\"max-w-[1088px] mx-auto w-full px-5 my-10 md:my-12 lg:my-16 xl:my-20 xl:px-0\" data-block=\"product-specifications\">\n<div class=\"md:text-center\">\n<h3 class=\"text-black font-bold text-lg md:text-xl lg:text-2xl\"><strong>Product specifications<\/strong><\/h3>\n<\/div>\n<div class=\" md:mt-10\">\n<div class=\"\">\n<div class=\"lg:mt-0 \">\n<div id=\"spec-fd-4000\" class=\"prose max-w-full md:overflow-auto\" data-spec-content=\"\">\n<div class=\"spreadsheet-container hidden md:block\">\n<table class=\"w-full table-fixed mb-0\">\n<thead>\n<tr>\n<th class=\"font-bold text-base\"><span class=\"block px-4\">Specifications<\/span><\/th>\n<th class=\"font-bold text-base text-center\"><span class=\"block px-10 md:px-20\">Units<\/span><\/th>\n<th class=\"font-bold text-base text-center will-change\"><span class=\"block px-4\">FD\u00a04000<\/span><\/th>\n<\/tr>\n<\/thead>\n<tbody>\n<tr class=\"bg-grey-200\/50 p-2\">\n<td colspan=\"1\"><span class=\"block px-4\">Air flow<\/span><\/td>\n<td class=\"text-center\">\n<div class=\"px-10 md:px-20 flex items-center justify-center\">m\u00b3\/h<\/div>\n<\/td>\n<td class=\"text-center will-change\">\n<div class=\"px-10 md:px-20 flex items-center justify-center\">3,687<\/div>\n<\/td>\n<\/tr>\n<tr class=\" p-2\">\n<td colspan=\"1\"><span class=\"block px-4\">Air pressure<\/span><\/td>\n<td class=\"text-center\">\n<div class=\"px-10 md:px-20 flex items-center justify-center\">Pa<\/div>\n<\/td>\n<td class=\"text-center will-change\">\n<div class=\"px-10 md:px-20 flex items-center justify-center\">113<\/div>\n<\/td>\n<\/tr>\n<tr class=\"bg-grey-200\/50 p-2\">\n<td colspan=\"1\"><span class=\"block px-4\">Fan type<\/span><\/td>\n<td class=\"text-center\">\n<div class=\"px-10 md:px-20 flex items-center justify-center\">Type<\/div>\n<\/td>\n<td class=\"text-center will-change\">\n<div class=\"px-10 md:px-20 flex items-center justify-center\">Axial<\/div>\n<\/td>\n<\/tr>\n<tr class=\" p-2\">\n<td colspan=\"1\"><span class=\"block px-4\">Fan speed<\/span><\/td>\n<td class=\"text-center\">\n<div class=\"px-10 md:px-20 flex items-center justify-center\"><\/div>\n<\/td>\n<td class=\"text-center will-change\">\n<div class=\"px-10 md:px-20 flex items-center justify-center\">Variable<\/div>\n<\/td>\n<\/tr>\n<tr class=\"bg-grey-200\/50 p-2\">\n<td colspan=\"1\"><span class=\"block px-4\">Power consumption<\/span><\/td>\n<td class=\"text-center\">\n<div class=\"px-10 md:px-20 flex items-center justify-center\">W<\/div>\n<\/td>\n<td class=\"text-center will-change\">\n<div class=\"px-10 md:px-20 flex items-center justify-center\">194<\/div>\n<\/td>\n<\/tr>\n<tr class=\" p-2\">\n<td colspan=\"1\"><span class=\"block px-4\">Power supply<\/span><\/td>\n<td class=\"text-center\">\n<div class=\"px-10 md:px-20 flex items-center justify-center\">V\/Hz<\/div>\n<\/td>\n<td class=\"text-center will-change\">\n<div class=\"px-10 md:px-20 flex items-center justify-center\">230\/1ph\/50<\/div>\n<\/td>\n<\/tr>\n<tr class=\"bg-grey-200\/50 p-2\">\n<td colspan=\"1\"><span class=\"block px-4\">Protection class<\/span><\/td>\n<td class=\"text-center\">\n<div class=\"px-10 md:px-20 flex items-center justify-center\"><\/div>\n<\/td>\n<td class=\"text-center will-change\">\n<div class=\"px-10 md:px-20 flex items-center justify-center\">IP44<\/div>\n<\/td>\n<\/tr>\n<tr class=\" p-2\">\n<td colspan=\"1\"><span class=\"block px-4\">Product size (l x w x h)<\/span><\/td>\n<td class=\"text-center\">\n<div class=\"px-10 md:px-20 flex items-center justify-center\">mm<\/div>\n<\/td>\n<td class=\"text-center will-change\">\n<div class=\"px-10 md:px-20 flex items-center justify-center\">665 x 520 x 500<\/div>\n<\/td>\n<\/tr>\n<tr class=\"bg-grey-200\/50 p-2\">\n<td colspan=\"1\"><span class=\"block px-4\">Box size (l x w x h)<\/span><\/td>\n<td class=\"text-center\">\n<div class=\"px-10 md:px-20 flex items-center justify-center\">mm<\/div>\n<\/td>\n<td class=\"text-center will-change\">\n<div class=\"px-10 md:px-20 flex items-center justify-center\">540 x 670 x 580<\/div>\n<\/td>\n<\/tr>\n<tr class=\" p-2\">\n<td colspan=\"1\"><span class=\"block px-4\">Net\/gross weight<\/span><\/td>\n<td class=\"text-center\">\n<div class=\"px-10 md:px-20 flex items-center justify-center\">kg<\/div>\n<\/td>\n<td class=\"text-center will-change\">\n<div class=\"px-10 md:px-20 flex items-center justify-center\">13.5\/15<\/div>\n<\/td>\n<\/tr>\n<tr class=\"bg-grey-200\/50 p-2\">\n<td colspan=\"1\"><span class=\"block px-4\">Pallet<\/span><\/td>\n<td class=\"text-center\">\n<div class=\"px-10 md:px-20 flex items-center justify-center\">pcs<\/div>\n<\/td>\n<td class=\"text-center will-change\">\n<div class=\"px-10 md:px-20 flex items-center justify-center\">12<\/div>\n<\/td>\n<\/tr>\n<\/tbody>\n<\/table>\n<\/div>\n<\/div>\n<\/div>\n<\/div>\n<\/div>\n<\/section>\n<section class=\"max-w-[1088px] mx-auto w-full px-5 my-10 md:my-12 lg:my-16 xl:my-20 xl:px-0\" data-block=\"link-list\">\n<div class=\"max-w-[1088px] mx-auto\">\n<div class=\"md:text-center\">\n<ul>\n<li class=\"flex items-center gap-5 text-sm text-black mt-3 md:text-base lg:text-lg\"><strong>Uy\u011fundur:<\/strong><\/li>\n<\/ul>\n<\/div>\n<div class=\"mt-6 max-w-4xl mx-auto\">\n<div class=\"flex flex-wrap md:ml-20\">\n<div class=\"w-full md:w-1\/2 auto-bullets md:pr-16\">\n<ul>\n<li class=\"flex items-center gap-5 text-sm text-black mt-3 md:text-base lg:text-lg\">Ticar\u0259t binalar\u0131<br \/>\nTikinti<br \/>\nS\u0259naye, fabrikl\u0259r v\u0259 istehsal<br \/>\n\u0130car\u0259 \u015firk\u0259tl\u0259ri<br \/>\nSu z\u0259r\u0259rinin b\u0259rpas\u0131<\/li>\n<\/ul>\n<\/div>\n<\/div>\n<\/div>\n<\/div>\n<\/section>\n<section class=\"max-w-[1088px] mx-auto w-full px-5 my-10 md:my-12 lg:my-16 xl:my-20 xl:px-0\" data-block=\"related-downloads\"><\/section>\n","protected":false},"excerpt":{"rendered":"<div class=\"max-w-4xl\">\n<div class=\"text-xl font-bold mt-1 md:mt-2\">Hava ax\u0131n\u0131 s\u00fcr\u0259ti 3687 m\u00b3\/saat olan eksenel ventilyator<\/div>\n<\/div>\n<div class=\"grid grid-cols-1 gap-8 md:grid-cols-2 lg:gap-12 xl:gap-20\">\n<div class=\"w-full lg:sticky\" data-sticky-sidebar=\"\">\n<div class=\"swiper border border-grey-300 relative swiper-fade swiper-initialized swiper-horizontal swiper-watch-progress swiper-backface-hidden\" data-swipe-product=\"\">\n<div class=\"absolute z-[4] top-0 right-0 pointer-events-none\"><img decoding=\"async\" src=\"https:\/\/dantherm-group-cdn.s3.amazonaws.com\/media\/brands\/DG-Banners-Rebranding-HEYLO-to-MASTER-EN.jpg\" alt=\"\" \/><\/div>\n<div>\n<p>Su z\u0259d\u0259l\u0259ndikd\u0259n sonra otaqlar\u0131n v\u0259 divar s\u0259thl\u0259rinin ventilyasiyas\u0131 v\u0259 tez qurudulmas\u0131 \u00fc\u00e7\u00fcn eksenel \u00fcfleyici. Qurutma m\u00fcdd\u0259ti q\u0131sal\u0131r. S\u0259nayed\u0259, el\u0259c\u0259 d\u0259 m\u00fcasir usta v\u0259 xidm\u0259t t\u0259minat\u00e7\u0131s\u0131 \u00fc\u00e7\u00fcn ideal i\u015f al\u0259tidir.<\/p>\n<p>Rahat v\u0259 da\u015f\u0131nmas\u0131 asan ventilyatorla bir yerd\u0259 alt\u0131 cihaz\u0131n\u0131z var: xal\u00e7a quruducusu, divar quruducusu, tavan quruducusu, d\u00f6\u015f\u0259m\u0259 quruducusu, otaqlar\u0131n soyudulmas\u0131 v\u0259 ya havaland\u0131r\u0131lmas\u0131 \u00fc\u00e7\u00fcn g\u00fcc ventilyatoru v\u0259 kondensasiya quruducusu il\u0259 qurutma prosesini d\u0259st\u0259kl\u0259m\u0259k \u00fc\u00e7\u00fcn kombin\u0259 edilmi\u015f fan.<\/p>\n<\/div>\n<\/div>\n<\/div>\n<\/div>\n","protected":false},"featured_media":27891,"template":"","meta":[],"product_brand":[],"product_cat":[809,992,967],"product_tag":[],"class_list":{"0":"post-27896","1":"product","2":"type-product","3":"status-publish","4":"has-post-thumbnail","6":"product_cat-hava-nmlndiricisi-kondisioner-az-ventilyasiya-ventilyator","7":"product_cat-peskar-ufleyiciler-hava-sirkulyatorlari-ventilyator","8":"product_cat-ventilyasiya-az-ventilyator-havalandirma-eksenel-radial","10":"first","11":"instock","12":"shipping-taxable","13":"product-type-simple"},"yoast_head":"<!-- This site is optimized with the Yoast SEO plugin v27.1.1 - https:\/\/yoast.com\/product\/yoast-seo-wordpress\/ -->\n<title>Heylo FD 4000 \u2013 eksenel ventilyator - GeoClimate.ge<\/title>\n<meta name=\"robots\" content=\"index, follow, max-snippet:-1, max-image-preview:large, max-video-preview:-1\" \/>\n<link rel=\"canonical\" href=\"https:\/\/geoclimate.ge\/az\/product\/heylo-fd-4000-axial-ventilator\/\" \/>\n<meta property=\"og:locale\" content=\"az_AZ\" \/>\n<meta property=\"og:type\" content=\"article\" \/>\n<meta property=\"og:title\" content=\"Heylo FD 4000 \u2013 eksenel ventilyator - GeoClimate.ge\" \/>\n<meta property=\"og:description\" content=\"Hava ax\u0131n\u0131 s\u00fcr\u0259ti 3687 m\u00b3\/saat olan eksenel ventilyator        Su z\u0259d\u0259l\u0259ndikd\u0259n sonra otaqlar\u0131n v\u0259 divar s\u0259thl\u0259rinin ventilyasiyas\u0131 v\u0259 tez qurudulmas\u0131 \u00fc\u00e7\u00fcn eksenel \u00fcfleyici. Qurutma m\u00fcdd\u0259ti q\u0131sal\u0131r. S\u0259nayed\u0259, el\u0259c\u0259 d\u0259 m\u00fcasir usta v\u0259 xidm\u0259t t\u0259minat\u00e7\u0131s\u0131 \u00fc\u00e7\u00fcn ideal i\u015f al\u0259tidir.  Rahat v\u0259 da\u015f\u0131nmas\u0131 asan ventilyatorla bir yerd\u0259 alt\u0131 cihaz\u0131n\u0131z var: xal\u00e7a quruducusu, divar quruducusu, tavan quruducusu, d\u00f6\u015f\u0259m\u0259 quruducusu, otaqlar\u0131n soyudulmas\u0131 v\u0259 ya havaland\u0131r\u0131lmas\u0131 \u00fc\u00e7\u00fcn g\u00fcc ventilyatoru v\u0259 kondensasiya quruducusu il\u0259 qurutma prosesini d\u0259st\u0259kl\u0259m\u0259k \u00fc\u00e7\u00fcn kombin\u0259 edilmi\u015f fan.\" \/>\n<meta property=\"og:url\" content=\"https:\/\/geoclimate.ge\/az\/product\/heylo-fd-4000-axial-ventilator\/\" \/>\n<meta property=\"og:site_name\" content=\"GeoClimate.ge\" \/>\n<meta property=\"article:modified_time\" content=\"2025-04-06T14:39:17+00:00\" \/>\n<meta property=\"og:image\" content=\"https:\/\/geoclimate.ge\/wp-content\/uploads\/2025\/04\/Heylo-Ventilator-FD-4000_2f36eb961623f37d75fa298e9bd01544.webp\" \/>\n\t<meta property=\"og:image:width\" content=\"500\" \/>\n\t<meta property=\"og:image:height\" content=\"500\" \/>\n\t<meta property=\"og:image:type\" content=\"image\/webp\" \/>\n<meta name=\"twitter:card\" content=\"summary_large_image\" \/>\n<meta name=\"twitter:label1\" content=\"Est. reading time\" \/>\n\t<meta name=\"twitter:data1\" content=\"2 minutes\" \/>\n<script type=\"application\/ld+json\" class=\"yoast-schema-graph\">{\"@context\":\"https:\/\/schema.org\",\"@graph\":[{\"@type\":\"WebPage\",\"@id\":\"https:\/\/geoclimate.ge\/az\/product\/heylo-fd-4000-axial-ventilator\/\",\"url\":\"https:\/\/geoclimate.ge\/az\/product\/heylo-fd-4000-axial-ventilator\/\",\"name\":\"Heylo FD 4000 \u2013 eksenel ventilyator - GeoClimate.ge\",\"isPartOf\":{\"@id\":\"https:\/\/geoclimate.ge\/#website\"},\"primaryImageOfPage\":{\"@id\":\"https:\/\/geoclimate.ge\/az\/product\/heylo-fd-4000-axial-ventilator\/#primaryimage\"},\"image\":{\"@id\":\"https:\/\/geoclimate.ge\/az\/product\/heylo-fd-4000-axial-ventilator\/#primaryimage\"},\"thumbnailUrl\":\"https:\/\/geoclimate.ge\/wp-content\/uploads\/2025\/04\/Heylo-Ventilator-FD-4000_2f36eb961623f37d75fa298e9bd01544.webp\",\"datePublished\":\"2024-01-22T18:41:03+00:00\",\"dateModified\":\"2025-04-06T14:39:17+00:00\",\"breadcrumb\":{\"@id\":\"https:\/\/geoclimate.ge\/az\/product\/heylo-fd-4000-axial-ventilator\/#breadcrumb\"},\"inLanguage\":\"az\",\"potentialAction\":[{\"@type\":\"ReadAction\",\"target\":[\"https:\/\/geoclimate.ge\/az\/product\/heylo-fd-4000-axial-ventilator\/\"]}]},{\"@type\":\"ImageObject\",\"inLanguage\":\"az\",\"@id\":\"https:\/\/geoclimate.ge\/az\/product\/heylo-fd-4000-axial-ventilator\/#primaryimage\",\"url\":\"https:\/\/geoclimate.ge\/wp-content\/uploads\/2025\/04\/Heylo-Ventilator-FD-4000_2f36eb961623f37d75fa298e9bd01544.webp\",\"contentUrl\":\"https:\/\/geoclimate.ge\/wp-content\/uploads\/2025\/04\/Heylo-Ventilator-FD-4000_2f36eb961623f37d75fa298e9bd01544.webp\",\"width\":500,\"height\":500},{\"@type\":\"BreadcrumbList\",\"@id\":\"https:\/\/geoclimate.ge\/az\/product\/heylo-fd-4000-axial-ventilator\/#breadcrumb\",\"itemListElement\":[{\"@type\":\"ListItem\",\"position\":1,\"name\":\"Home\",\"item\":\"https:\/\/geoclimate.ge\/az\/\"},{\"@type\":\"ListItem\",\"position\":2,\"name\":\"M\u0259hsullar\",\"item\":\"https:\/\/geoclimate.ge\/az\/products\/\"},{\"@type\":\"ListItem\",\"position\":3,\"name\":\"Heylo FD 4000 \u2013 eksenel ventilyator\"}]},{\"@type\":\"WebSite\",\"@id\":\"https:\/\/geoclimate.ge\/#website\",\"url\":\"https:\/\/geoclimate.ge\/\",\"name\":\"GeoClimate\",\"description\":\"\",\"publisher\":{\"@id\":\"https:\/\/geoclimate.ge\/#organization\"},\"potentialAction\":[{\"@type\":\"SearchAction\",\"target\":{\"@type\":\"EntryPoint\",\"urlTemplate\":\"https:\/\/geoclimate.ge\/?s={search_term_string}\"},\"query-input\":{\"@type\":\"PropertyValueSpecification\",\"valueRequired\":true,\"valueName\":\"search_term_string\"}}],\"inLanguage\":\"az\"},{\"@type\":\"Organization\",\"@id\":\"https:\/\/geoclimate.ge\/#organization\",\"name\":\"GeoClimate\",\"url\":\"https:\/\/geoclimate.ge\/\",\"logo\":{\"@type\":\"ImageObject\",\"inLanguage\":\"az\",\"@id\":\"https:\/\/geoclimate.ge\/#\/schema\/logo\/image\/\",\"url\":\"https:\/\/geoclimate.ge\/wp-content\/uploads\/2026\/03\/geoclimate-SEO.png\",\"contentUrl\":\"https:\/\/geoclimate.ge\/wp-content\/uploads\/2026\/03\/geoclimate-SEO.png\",\"width\":1536,\"height\":1024,\"caption\":\"GeoClimate\"},\"image\":{\"@id\":\"https:\/\/geoclimate.ge\/#\/schema\/logo\/image\/\"}}]}<\/script>\n<!-- \/ Yoast SEO plugin. -->","yoast_head_json":{"title":"Heylo FD 4000 \u2013 eksenel ventilyator - GeoClimate.ge","robots":{"index":"index","follow":"follow","max-snippet":"max-snippet:-1","max-image-preview":"max-image-preview:large","max-video-preview":"max-video-preview:-1"},"canonical":"https:\/\/geoclimate.ge\/az\/product\/heylo-fd-4000-axial-ventilator\/","og_locale":"az_AZ","og_type":"article","og_title":"Heylo FD 4000 \u2013 eksenel ventilyator - GeoClimate.ge","og_description":"Hava ax\u0131n\u0131 s\u00fcr\u0259ti 3687 m\u00b3\/saat olan eksenel ventilyator        Su z\u0259d\u0259l\u0259ndikd\u0259n sonra otaqlar\u0131n v\u0259 divar s\u0259thl\u0259rinin ventilyasiyas\u0131 v\u0259 tez qurudulmas\u0131 \u00fc\u00e7\u00fcn eksenel \u00fcfleyici. Qurutma m\u00fcdd\u0259ti q\u0131sal\u0131r. S\u0259nayed\u0259, el\u0259c\u0259 d\u0259 m\u00fcasir usta v\u0259 xidm\u0259t t\u0259minat\u00e7\u0131s\u0131 \u00fc\u00e7\u00fcn ideal i\u015f al\u0259tidir.  Rahat v\u0259 da\u015f\u0131nmas\u0131 asan ventilyatorla bir yerd\u0259 alt\u0131 cihaz\u0131n\u0131z var: xal\u00e7a quruducusu, divar quruducusu, tavan quruducusu, d\u00f6\u015f\u0259m\u0259 quruducusu, otaqlar\u0131n soyudulmas\u0131 v\u0259 ya havaland\u0131r\u0131lmas\u0131 \u00fc\u00e7\u00fcn g\u00fcc ventilyatoru v\u0259 kondensasiya quruducusu il\u0259 qurutma prosesini d\u0259st\u0259kl\u0259m\u0259k \u00fc\u00e7\u00fcn kombin\u0259 edilmi\u015f fan.","og_url":"https:\/\/geoclimate.ge\/az\/product\/heylo-fd-4000-axial-ventilator\/","og_site_name":"GeoClimate.ge","article_modified_time":"2025-04-06T14:39:17+00:00","og_image":[{"width":500,"height":500,"url":"https:\/\/geoclimate.ge\/wp-content\/uploads\/2025\/04\/Heylo-Ventilator-FD-4000_2f36eb961623f37d75fa298e9bd01544.webp","type":"image\/webp"}],"twitter_card":"summary_large_image","twitter_misc":{"Est. reading time":"2 minutes"},"schema":{"@context":"https:\/\/schema.org","@graph":[{"@type":"WebPage","@id":"https:\/\/geoclimate.ge\/az\/product\/heylo-fd-4000-axial-ventilator\/","url":"https:\/\/geoclimate.ge\/az\/product\/heylo-fd-4000-axial-ventilator\/","name":"Heylo FD 4000 \u2013 eksenel ventilyator - GeoClimate.ge","isPartOf":{"@id":"https:\/\/geoclimate.ge\/#website"},"primaryImageOfPage":{"@id":"https:\/\/geoclimate.ge\/az\/product\/heylo-fd-4000-axial-ventilator\/#primaryimage"},"image":{"@id":"https:\/\/geoclimate.ge\/az\/product\/heylo-fd-4000-axial-ventilator\/#primaryimage"},"thumbnailUrl":"https:\/\/geoclimate.ge\/wp-content\/uploads\/2025\/04\/Heylo-Ventilator-FD-4000_2f36eb961623f37d75fa298e9bd01544.webp","datePublished":"2024-01-22T18:41:03+00:00","dateModified":"2025-04-06T14:39:17+00:00","breadcrumb":{"@id":"https:\/\/geoclimate.ge\/az\/product\/heylo-fd-4000-axial-ventilator\/#breadcrumb"},"inLanguage":"az","potentialAction":[{"@type":"ReadAction","target":["https:\/\/geoclimate.ge\/az\/product\/heylo-fd-4000-axial-ventilator\/"]}]},{"@type":"ImageObject","inLanguage":"az","@id":"https:\/\/geoclimate.ge\/az\/product\/heylo-fd-4000-axial-ventilator\/#primaryimage","url":"https:\/\/geoclimate.ge\/wp-content\/uploads\/2025\/04\/Heylo-Ventilator-FD-4000_2f36eb961623f37d75fa298e9bd01544.webp","contentUrl":"https:\/\/geoclimate.ge\/wp-content\/uploads\/2025\/04\/Heylo-Ventilator-FD-4000_2f36eb961623f37d75fa298e9bd01544.webp","width":500,"height":500},{"@type":"BreadcrumbList","@id":"https:\/\/geoclimate.ge\/az\/product\/heylo-fd-4000-axial-ventilator\/#breadcrumb","itemListElement":[{"@type":"ListItem","position":1,"name":"Home","item":"https:\/\/geoclimate.ge\/az\/"},{"@type":"ListItem","position":2,"name":"M\u0259hsullar","item":"https:\/\/geoclimate.ge\/az\/products\/"},{"@type":"ListItem","position":3,"name":"Heylo FD 4000 \u2013 eksenel ventilyator"}]},{"@type":"WebSite","@id":"https:\/\/geoclimate.ge\/#website","url":"https:\/\/geoclimate.ge\/","name":"GeoClimate","description":"","publisher":{"@id":"https:\/\/geoclimate.ge\/#organization"},"potentialAction":[{"@type":"SearchAction","target":{"@type":"EntryPoint","urlTemplate":"https:\/\/geoclimate.ge\/?s={search_term_string}"},"query-input":{"@type":"PropertyValueSpecification","valueRequired":true,"valueName":"search_term_string"}}],"inLanguage":"az"},{"@type":"Organization","@id":"https:\/\/geoclimate.ge\/#organization","name":"GeoClimate","url":"https:\/\/geoclimate.ge\/","logo":{"@type":"ImageObject","inLanguage":"az","@id":"https:\/\/geoclimate.ge\/#\/schema\/logo\/image\/","url":"https:\/\/geoclimate.ge\/wp-content\/uploads\/2026\/03\/geoclimate-SEO.png","contentUrl":"https:\/\/geoclimate.ge\/wp-content\/uploads\/2026\/03\/geoclimate-SEO.png","width":1536,"height":1024,"caption":"GeoClimate"},"image":{"@id":"https:\/\/geoclimate.ge\/#\/schema\/logo\/image\/"}}]}},"_links":{"self":[{"href":"https:\/\/geoclimate.ge\/az\/wp-json\/wp\/v2\/product\/27896","targetHints":{"allow":["GET"]}}],"collection":[{"href":"https:\/\/geoclimate.ge\/az\/wp-json\/wp\/v2\/product"}],"about":[{"href":"https:\/\/geoclimate.ge\/az\/wp-json\/wp\/v2\/types\/product"}],"wp:featuredmedia":[{"embeddable":true,"href":"https:\/\/geoclimate.ge\/az\/wp-json\/wp\/v2\/media\/27891"}],"wp:attachment":[{"href":"https:\/\/geoclimate.ge\/az\/wp-json\/wp\/v2\/media?parent=27896"}],"wp:term":[{"taxonomy":"product_brand","embeddable":true,"href":"https:\/\/geoclimate.ge\/az\/wp-json\/wp\/v2\/product_brand?post=27896"},{"taxonomy":"product_cat","embeddable":true,"href":"https:\/\/geoclimate.ge\/az\/wp-json\/wp\/v2\/product_cat?post=27896"},{"taxonomy":"product_tag","embeddable":true,"href":"https:\/\/geoclimate.ge\/az\/wp-json\/wp\/v2\/product_tag?post=27896"}],"curies":[{"name":"wp","href":"https:\/\/api.w.org\/{rel}","templated":true}]}}