{"id":27953,"date":"2025-04-06T19:10:54","date_gmt":"2025-04-06T15:10:54","guid":{"rendered":"https:\/\/airsystems.ge\/shop\/product\/trotec-ttw-100000-professional-axial-fan\/"},"modified":"2025-04-06T19:28:48","modified_gmt":"2025-04-06T15:28:48","slug":"trotec-ttw-100000-professional-axial-fan","status":"publish","type":"product","link":"https:\/\/geoclimate.ge\/az\/product\/trotec-ttw-100000-professional-axial-fan\/","title":{"rendered":"Trotec TTW 100000 \u2013 pe\u015f\u0259kar eksenel fan"},"content":{"rendered":"<section class=\"max-w-[1088px] mx-auto w-full px-5 my-10 md:my-12 lg:my-16 xl:my-20 xl:px-0\" data-block=\"bullet-list\">\n<div class=\"md:text-center\">\n<h3 class=\"text-black font-bold text-lg md:text-xl lg:text-2xl\">\u018fsas x\u00fcsusiyy\u0259tl\u0259r<\/h3>\n<\/div>\n<div class=\"mt-6 md:mt-10\">\n<div class=\"flex flex-wrap\">\n<div class=\"w-full md:w-1\/2 auto-bullets md:pr-16\">\n<ul>\n<li class=\"text-sm md:text-base text-black mt-3 flex items-start\">\n<div class=\"pl-5\">Son d\u0259r\u0259c\u0259 m\u00f6hk\u0259m tikinti, icar\u0259 \u00fc\u00e7\u00fcn ideald\u0131r<br \/>\nHava ax\u0131n\u0131n\u0131n davaml\u0131 olaraq t\u0259nziml\u0259n\u0259n meyl a\u00e7\u0131s\u0131<br \/>\nSonsuz d\u0259yi\u015f\u0259n hava h\u0259cmi<br \/>\nIP55 reytinqli (&#8220;s\u0131\u00e7ramaya davaml\u0131&#8221;)<br \/>\nT\u0259hl\u00fck\u0259siz i\u015fl\u0259m\u0259 v\u0259 saxlama \u00fc\u00e7\u00fcn kilidl\u0259n\u0259 bil\u0259n \u015fkaf<br \/>\nPartlay\u0131\u015fa davaml\u0131 versiya kimi d\u0259 m\u00f6vcuddur<\/div>\n<\/li>\n<\/ul>\n<\/div>\n<\/div>\n<\/div>\n<\/section>\n<section class=\"max-w-[1088px] mx-auto w-full px-5 my-10 md:my-12 lg:my-16 xl:my-20 xl:px-0\" data-block=\"product-specifications\">\n<div class=\"md:text-center\">\n<h3 class=\"text-black font-bold text-lg md:text-xl lg:text-2xl\"><strong>Product specifications<\/strong><\/h3>\n<\/div>\n<div class=\" md:mt-10\">\n<div class=\"\">\n<div class=\"lg:mt-0 \">\n<div id=\"spec-ttw-100000\" class=\"prose max-w-full md:overflow-auto\" data-spec-content=\"\">\n<div class=\"spreadsheet-container hidden md:block\">\n<table class=\"w-full table-fixed mb-0\">\n<thead>\n<tr>\n<th class=\"font-bold text-base\"><span class=\"block px-4\">Specifications<\/span><\/th>\n<th class=\"font-bold text-base text-center\"><span class=\"block px-10 md:px-20\">Units<\/span><\/th>\n<th class=\"font-bold text-base text-center will-change\"><span class=\"block px-4\">TTW\u00a0100000<\/span><\/th>\n<\/tr>\n<\/thead>\n<tbody>\n<tr class=\"bg-grey-200\/50 p-2\">\n<td colspan=\"1\"><span class=\"block px-4\">Air volume freely blowing max.<\/span><\/td>\n<td class=\"text-center\">\n<div class=\"px-10 md:px-20 flex items-center justify-center\">m\u00b3\/h<\/div>\n<\/td>\n<td class=\"text-center will-change\">\n<div class=\"px-10 md:px-20 flex items-center justify-center\">109,000<\/div>\n<\/td>\n<\/tr>\n<tr class=\" p-2\">\n<td colspan=\"1\"><span class=\"block px-4\">Air current<\/span><\/td>\n<td class=\"text-center\">\n<div class=\"px-10 md:px-20 flex items-center justify-center\"><\/div>\n<\/td>\n<td class=\"text-center will-change\">\n<div class=\"px-10 md:px-20 flex items-center justify-center\">blowing out<\/div>\n<\/td>\n<\/tr>\n<tr class=\"bg-grey-200\/50 p-2\">\n<td colspan=\"1\"><span class=\"block px-4\">Air discharge speed<\/span><\/td>\n<td class=\"text-center\">\n<div class=\"px-10 md:px-20 flex items-center justify-center\">km\/h<\/div>\n<\/td>\n<td class=\"text-center will-change\">\n<div class=\"px-10 md:px-20 flex items-center justify-center\">24.6\/88.56<\/div>\n<\/td>\n<\/tr>\n<tr class=\" p-2\">\n<td colspan=\"1\"><span class=\"block px-4\">Discharge distance outside\/inside<\/span><\/td>\n<td class=\"text-center\">\n<div class=\"px-10 md:px-20 flex items-center justify-center\">m<\/div>\n<\/td>\n<td class=\"text-center will-change\">\n<div class=\"px-10 md:px-20 flex items-center justify-center\">120\/400<\/div>\n<\/td>\n<\/tr>\n<tr class=\"bg-grey-200\/50 p-2\">\n<td colspan=\"1\"><span class=\"block px-4\">Fan stages<\/span><\/td>\n<td class=\"text-center\">\n<div class=\"px-10 md:px-20 flex items-center justify-center\"><\/div>\n<\/td>\n<td class=\"text-center will-change\">\n<div class=\"px-10 md:px-20 flex items-center justify-center\">infinitely variable<\/div>\n<\/td>\n<\/tr>\n<tr class=\" p-2\">\n<td colspan=\"1\"><span class=\"block px-4\">Air pressure max.<\/span><\/td>\n<td class=\"text-center\">\n<div class=\"px-10 md:px-20 flex items-center justify-center\">Pa<\/div>\n<\/td>\n<td class=\"text-center will-change\">\n<div class=\"px-10 md:px-20 flex items-center justify-center\">600<\/div>\n<\/td>\n<\/tr>\n<tr class=\"bg-grey-200\/50 p-2\">\n<td colspan=\"1\"><span class=\"block px-4\">Max. transport medium temperature<\/span><\/td>\n<td class=\"text-center\">\n<div class=\"px-10 md:px-20 flex items-center justify-center\">\u00b0C<\/div>\n<\/td>\n<td class=\"text-center will-change\">\n<div class=\"px-10 md:px-20 flex items-center justify-center\">40<\/div>\n<\/td>\n<\/tr>\n<tr class=\" p-2\">\n<td colspan=\"1\"><span class=\"block px-4\">Power supply<\/span><\/td>\n<td class=\"text-center\">\n<div class=\"px-10 md:px-20 flex items-center justify-center\">V\/Hz<\/div>\n<\/td>\n<td class=\"text-center will-change\">\n<div class=\"px-10 md:px-20 flex items-center justify-center\">400\/50<\/div>\n<\/td>\n<\/tr>\n<tr class=\"bg-grey-200\/50 p-2\">\n<td colspan=\"1\"><span class=\"block px-4\">Power input<\/span><\/td>\n<td class=\"text-center\">\n<div class=\"px-10 md:px-20 flex items-center justify-center\">kW<\/div>\n<\/td>\n<td class=\"text-center will-change\">\n<div class=\"px-10 md:px-20 flex items-center justify-center\">22<\/div>\n<\/td>\n<\/tr>\n<tr class=\" p-2\">\n<td colspan=\"1\"><span class=\"block px-4\">Necessary fuse<\/span><\/td>\n<td class=\"text-center\">\n<div class=\"px-10 md:px-20 flex items-center justify-center\">A<\/div>\n<\/td>\n<td class=\"text-center will-change\">\n<div class=\"px-10 md:px-20 flex items-center justify-center\">63<\/div>\n<\/td>\n<\/tr>\n<tr class=\"bg-grey-200\/50 p-2\">\n<td colspan=\"1\"><span class=\"block px-4\">Protection class<\/span><\/td>\n<td class=\"text-center\">\n<div class=\"px-10 md:px-20 flex items-center justify-center\"><\/div>\n<\/td>\n<td class=\"text-center will-change\">\n<div class=\"px-10 md:px-20 flex items-center justify-center\">IP55<\/div>\n<\/td>\n<\/tr>\n<tr class=\" p-2\">\n<td colspan=\"1\"><span class=\"block px-4\">Explosion protection<\/span><\/td>\n<td class=\"text-center\">\n<div class=\"px-10 md:px-20 flex items-center justify-center\"><\/div>\n<\/td>\n<td class=\"text-center will-change\">\n<div class=\"px-10 md:px-20 flex items-center justify-center\">&#8211;<\/div>\n<\/td>\n<\/tr>\n<tr class=\"bg-grey-200\/50 p-2\">\n<td colspan=\"1\"><span class=\"block px-4\">Sound level @3m<\/span><\/td>\n<td class=\"text-center\">\n<div class=\"px-10 md:px-20 flex items-center justify-center\">dB(A)<\/div>\n<\/td>\n<td class=\"text-center will-change\">\n<div class=\"px-10 md:px-20 flex items-center justify-center\">88<\/div>\n<\/td>\n<\/tr>\n<tr class=\" p-2\">\n<td colspan=\"1\"><span class=\"block px-4\">Product size (l x w x h)<\/span><\/td>\n<td class=\"text-center\">\n<div class=\"px-10 md:px-20 flex items-center justify-center\">mm<\/div>\n<\/td>\n<td class=\"text-center will-change\">\n<div class=\"px-10 md:px-20 flex items-center justify-center\">1830 x 1620 x 2180<\/div>\n<\/td>\n<\/tr>\n<tr class=\"bg-grey-200\/50 p-2\">\n<td colspan=\"1\"><span class=\"block px-4\">Weight<\/span><\/td>\n<td class=\"text-center\">\n<div class=\"px-10 md:px-20 flex items-center justify-center\">kg<\/div>\n<\/td>\n<td class=\"text-center will-change\">\n<div class=\"px-10 md:px-20 flex items-center justify-center\">790<\/div>\n<\/td>\n<\/tr>\n<\/tbody>\n<\/table>\n<\/div>\n<\/div>\n<\/div>\n<\/div>\n<\/div>\n<\/section>\n<section class=\"max-w-[1088px] mx-auto w-full px-5 my-10 md:my-12 lg:my-16 xl:my-20 xl:px-0\" data-block=\"link-list\">\n<div class=\"max-w-[1088px] mx-auto\">\n<div class=\"md:text-center\">\n<p class=\"text-black font-bold text-lg md:text-xl lg:text-2xl\"><strong>Uy\u011fundur:<\/strong><br \/>\nT\u0259dbirl\u0259r v\u0259 festivallar<br \/>\n\u0130car\u0259 \u015firk\u0259tl\u0259ri<\/p>\n<\/div>\n<\/div>\n<\/section>\n","protected":false},"excerpt":{"rendered":"<div class=\"max-w-4xl\">\n<div class=\"text-xl font-bold mt-1 md:mt-2\">Uber-k\u00fcl\u0259k ma\u015f\u0131nlar\u0131<\/div>\n<\/div>\n<div class=\"grid grid-cols-1 gap-8 md:grid-cols-2 lg:gap-12 xl:gap-20\">\n<div class=\"w-full lg:sticky\" data-sticky-sidebar=\"\">\n<div class=\"swiper border border-grey-300 relative swiper-fade swiper-initialized swiper-horizontal swiper-watch-progress swiper-backface-hidden\" data-swipe-product=\"\">\n<div><\/div>\n<div class=\"absolute z-[4] top-0 right-0 pointer-events-none\">Almaniya istehsal\u0131 olan y\u00fcks\u0259k s\u0259viyy\u0259li cihaz olan TTW 100000 k\u00fcl\u0259k ma\u015f\u0131n\u0131 m\u00f6hk\u0259m da\u015f\u0131ma \u00e7\u0259r\u00e7iv\u0259sin\u0259, y\u00fcks\u0259k keyfiyy\u0259tli mexaniki v\u0259 elektron komponentl\u0259r\u0259 malikdir v\u0259 onu dem\u0259k olar ki, pozulmaz edir. Ma\u015f\u0131n icar\u0259si \u015firk\u0259tl\u0259ri, s\u0259nayel\u0259r v\u0259 \u0259yl\u0259nc\u0259l\u0259r \u00fc\u00e7\u00fcn ideal olan onun standart tezlik \u00e7eviricisi b\u00f6y\u00fck m\u0259hsulun d\u0259qiq v\u0259 davaml\u0131 t\u0259nziml\u0259nm\u0259sini t\u0259min edir. IP55 il\u0259 qorunur, h\u0259m daxili, h\u0259m d\u0259 a\u00e7\u0131q havada istifad\u0259 \u00fc\u00e7\u00fcn rahatl\u0131q t\u0259klif edir. Bundan \u0259lav\u0259, k\u00fcl\u0259k ma\u015f\u0131n\u0131, h\u0259tta y\u00fcks\u0259k divar v\u0259 ya tavan sah\u0259l\u0259ri \u00fc\u00e7\u00fcn uy\u011fun olan, h\u0259d\u0259fl\u0259nmi\u015f hava ax\u0131n\u0131 \u00fc\u00e7\u00fcn t\u0259nziml\u0259n\u0259n meyl cihaz\u0131 il\u0259 g\u0259lir. Pe\u015f\u0259kar keyfiyy\u0259ti v\u0259 d\u0259yi\u015fk\u0259n hava h\u0259cmi il\u0259 \u00f6y\u00fcn\u0259n bu g\u00fcc m\u0259rk\u0259zi partlay\u0131\u015fa davaml\u0131 versiya kimi m\u00f6vcuddur v\u0259 onu m\u00fcxt\u0259lif t\u0259tbiql\u0259r \u00fc\u00e7\u00fcn praktik se\u00e7im edir. Texniki x\u00fcsusiyy\u0259tl\u0259r\u0259 109.000 m\u00b3\/saata q\u0259d\u0259r hava ax\u0131n\u0131, \u00fcf\u00fcr\u00fcc\u00fc s\u00fcr\u0259tl\u0259r v\u0259 580 kq \u00e7\u0259ki daxildir.<\/div>\n<\/div>\n<\/div>\n<\/div>\n","protected":false},"featured_media":27942,"template":"","meta":[],"product_brand":[],"product_cat":[809,990,967],"product_tag":[],"class_list":{"0":"post-27953","1":"product","2":"type-product","3":"status-publish","4":"has-post-thumbnail","6":"product_cat-hava-nmlndiricisi-kondisioner-az-ventilyasiya-ventilyator","7":"product_cat-ventilyatorlar-peskar-az","8":"product_cat-ventilyasiya-az-ventilyator-havalandirma-eksenel-radial","10":"first","11":"instock","12":"shipping-taxable","13":"purchasable","14":"product-type-simple"},"yoast_head":"<!-- This site is optimized with the Yoast SEO plugin v27.1.1 - https:\/\/yoast.com\/product\/yoast-seo-wordpress\/ -->\n<title>Trotec TTW 100000 \u2013 pe\u015f\u0259kar eksenel fan - GeoClimate.ge<\/title>\n<meta name=\"robots\" content=\"index, follow, max-snippet:-1, max-image-preview:large, max-video-preview:-1\" \/>\n<link rel=\"canonical\" href=\"https:\/\/geoclimate.ge\/az\/product\/trotec-ttw-100000-professional-axial-fan\/\" \/>\n<meta property=\"og:locale\" content=\"az_AZ\" \/>\n<meta property=\"og:type\" content=\"article\" \/>\n<meta property=\"og:title\" content=\"Trotec TTW 100000 \u2013 pe\u015f\u0259kar eksenel fan - GeoClimate.ge\" \/>\n<meta property=\"og:description\" content=\"Uber-k\u00fcl\u0259k ma\u015f\u0131nlar\u0131      Almaniya istehsal\u0131 olan y\u00fcks\u0259k s\u0259viyy\u0259li cihaz olan TTW 100000 k\u00fcl\u0259k ma\u015f\u0131n\u0131 m\u00f6hk\u0259m da\u015f\u0131ma \u00e7\u0259r\u00e7iv\u0259sin\u0259, y\u00fcks\u0259k keyfiyy\u0259tli mexaniki v\u0259 elektron komponentl\u0259r\u0259 malikdir v\u0259 onu dem\u0259k olar ki, pozulmaz edir. Ma\u015f\u0131n icar\u0259si \u015firk\u0259tl\u0259ri, s\u0259nayel\u0259r v\u0259 \u0259yl\u0259nc\u0259l\u0259r \u00fc\u00e7\u00fcn ideal olan onun standart tezlik \u00e7eviricisi b\u00f6y\u00fck m\u0259hsulun d\u0259qiq v\u0259 davaml\u0131 t\u0259nziml\u0259nm\u0259sini t\u0259min edir. IP55 il\u0259 qorunur, h\u0259m daxili, h\u0259m d\u0259 a\u00e7\u0131q havada istifad\u0259 \u00fc\u00e7\u00fcn rahatl\u0131q t\u0259klif edir. Bundan \u0259lav\u0259, k\u00fcl\u0259k ma\u015f\u0131n\u0131, h\u0259tta y\u00fcks\u0259k divar v\u0259 ya tavan sah\u0259l\u0259ri \u00fc\u00e7\u00fcn uy\u011fun olan, h\u0259d\u0259fl\u0259nmi\u015f hava ax\u0131n\u0131 \u00fc\u00e7\u00fcn t\u0259nziml\u0259n\u0259n meyl cihaz\u0131 il\u0259 g\u0259lir. Pe\u015f\u0259kar keyfiyy\u0259ti v\u0259 d\u0259yi\u015fk\u0259n hava h\u0259cmi il\u0259 \u00f6y\u00fcn\u0259n bu g\u00fcc m\u0259rk\u0259zi partlay\u0131\u015fa davaml\u0131 versiya kimi m\u00f6vcuddur v\u0259 onu m\u00fcxt\u0259lif t\u0259tbiql\u0259r \u00fc\u00e7\u00fcn praktik se\u00e7im edir. Texniki x\u00fcsusiyy\u0259tl\u0259r\u0259 109.000 m\u00b3\/saata q\u0259d\u0259r hava ax\u0131n\u0131, \u00fcf\u00fcr\u00fcc\u00fc s\u00fcr\u0259tl\u0259r v\u0259 580 kq \u00e7\u0259ki daxildir.\" \/>\n<meta property=\"og:url\" content=\"https:\/\/geoclimate.ge\/az\/product\/trotec-ttw-100000-professional-axial-fan\/\" \/>\n<meta property=\"og:site_name\" content=\"GeoClimate.ge\" \/>\n<meta property=\"article:modified_time\" content=\"2025-04-06T15:28:48+00:00\" \/>\n<meta property=\"og:image\" content=\"https:\/\/geoclimate.ge\/wp-content\/uploads\/2025\/04\/Trotec-TTW-100000-main-right.jpg\" \/>\n\t<meta property=\"og:image:width\" content=\"1000\" \/>\n\t<meta property=\"og:image:height\" content=\"1000\" \/>\n\t<meta property=\"og:image:type\" content=\"image\/jpeg\" \/>\n<meta name=\"twitter:card\" content=\"summary_large_image\" \/>\n<meta name=\"twitter:label1\" content=\"Est. reading time\" \/>\n\t<meta name=\"twitter:data1\" content=\"1 minute\" \/>\n<script type=\"application\/ld+json\" class=\"yoast-schema-graph\">{\"@context\":\"https:\/\/schema.org\",\"@graph\":[{\"@type\":\"WebPage\",\"@id\":\"https:\/\/geoclimate.ge\/az\/product\/trotec-ttw-100000-professional-axial-fan\/\",\"url\":\"https:\/\/geoclimate.ge\/az\/product\/trotec-ttw-100000-professional-axial-fan\/\",\"name\":\"Trotec TTW 100000 \u2013 pe\u015f\u0259kar eksenel fan - GeoClimate.ge\",\"isPartOf\":{\"@id\":\"https:\/\/geoclimate.ge\/#website\"},\"primaryImageOfPage\":{\"@id\":\"https:\/\/geoclimate.ge\/az\/product\/trotec-ttw-100000-professional-axial-fan\/#primaryimage\"},\"image\":{\"@id\":\"https:\/\/geoclimate.ge\/az\/product\/trotec-ttw-100000-professional-axial-fan\/#primaryimage\"},\"thumbnailUrl\":\"https:\/\/geoclimate.ge\/wp-content\/uploads\/2025\/04\/Trotec-TTW-100000-main-right.jpg\",\"datePublished\":\"2025-04-06T15:10:54+00:00\",\"dateModified\":\"2025-04-06T15:28:48+00:00\",\"breadcrumb\":{\"@id\":\"https:\/\/geoclimate.ge\/az\/product\/trotec-ttw-100000-professional-axial-fan\/#breadcrumb\"},\"inLanguage\":\"az\",\"potentialAction\":[{\"@type\":\"ReadAction\",\"target\":[\"https:\/\/geoclimate.ge\/az\/product\/trotec-ttw-100000-professional-axial-fan\/\"]}]},{\"@type\":\"ImageObject\",\"inLanguage\":\"az\",\"@id\":\"https:\/\/geoclimate.ge\/az\/product\/trotec-ttw-100000-professional-axial-fan\/#primaryimage\",\"url\":\"https:\/\/geoclimate.ge\/wp-content\/uploads\/2025\/04\/Trotec-TTW-100000-main-right.jpg\",\"contentUrl\":\"https:\/\/geoclimate.ge\/wp-content\/uploads\/2025\/04\/Trotec-TTW-100000-main-right.jpg\",\"width\":1000,\"height\":1000},{\"@type\":\"BreadcrumbList\",\"@id\":\"https:\/\/geoclimate.ge\/az\/product\/trotec-ttw-100000-professional-axial-fan\/#breadcrumb\",\"itemListElement\":[{\"@type\":\"ListItem\",\"position\":1,\"name\":\"Home\",\"item\":\"https:\/\/geoclimate.ge\/az\/\"},{\"@type\":\"ListItem\",\"position\":2,\"name\":\"M\u0259hsullar\",\"item\":\"https:\/\/geoclimate.ge\/az\/products\/\"},{\"@type\":\"ListItem\",\"position\":3,\"name\":\"Trotec TTW 100000 \u2013 pe\u015f\u0259kar eksenel fan\"}]},{\"@type\":\"WebSite\",\"@id\":\"https:\/\/geoclimate.ge\/#website\",\"url\":\"https:\/\/geoclimate.ge\/\",\"name\":\"GeoClimate\",\"description\":\"\",\"publisher\":{\"@id\":\"https:\/\/geoclimate.ge\/#organization\"},\"potentialAction\":[{\"@type\":\"SearchAction\",\"target\":{\"@type\":\"EntryPoint\",\"urlTemplate\":\"https:\/\/geoclimate.ge\/?s={search_term_string}\"},\"query-input\":{\"@type\":\"PropertyValueSpecification\",\"valueRequired\":true,\"valueName\":\"search_term_string\"}}],\"inLanguage\":\"az\"},{\"@type\":\"Organization\",\"@id\":\"https:\/\/geoclimate.ge\/#organization\",\"name\":\"GeoClimate\",\"url\":\"https:\/\/geoclimate.ge\/\",\"logo\":{\"@type\":\"ImageObject\",\"inLanguage\":\"az\",\"@id\":\"https:\/\/geoclimate.ge\/#\/schema\/logo\/image\/\",\"url\":\"https:\/\/geoclimate.ge\/wp-content\/uploads\/2026\/03\/geoclimate-SEO.png\",\"contentUrl\":\"https:\/\/geoclimate.ge\/wp-content\/uploads\/2026\/03\/geoclimate-SEO.png\",\"width\":1536,\"height\":1024,\"caption\":\"GeoClimate\"},\"image\":{\"@id\":\"https:\/\/geoclimate.ge\/#\/schema\/logo\/image\/\"}}]}<\/script>\n<!-- \/ Yoast SEO plugin. -->","yoast_head_json":{"title":"Trotec TTW 100000 \u2013 pe\u015f\u0259kar eksenel fan - GeoClimate.ge","robots":{"index":"index","follow":"follow","max-snippet":"max-snippet:-1","max-image-preview":"max-image-preview:large","max-video-preview":"max-video-preview:-1"},"canonical":"https:\/\/geoclimate.ge\/az\/product\/trotec-ttw-100000-professional-axial-fan\/","og_locale":"az_AZ","og_type":"article","og_title":"Trotec TTW 100000 \u2013 pe\u015f\u0259kar eksenel fan - GeoClimate.ge","og_description":"Uber-k\u00fcl\u0259k ma\u015f\u0131nlar\u0131      Almaniya istehsal\u0131 olan y\u00fcks\u0259k s\u0259viyy\u0259li cihaz olan TTW 100000 k\u00fcl\u0259k ma\u015f\u0131n\u0131 m\u00f6hk\u0259m da\u015f\u0131ma \u00e7\u0259r\u00e7iv\u0259sin\u0259, y\u00fcks\u0259k keyfiyy\u0259tli mexaniki v\u0259 elektron komponentl\u0259r\u0259 malikdir v\u0259 onu dem\u0259k olar ki, pozulmaz edir. Ma\u015f\u0131n icar\u0259si \u015firk\u0259tl\u0259ri, s\u0259nayel\u0259r v\u0259 \u0259yl\u0259nc\u0259l\u0259r \u00fc\u00e7\u00fcn ideal olan onun standart tezlik \u00e7eviricisi b\u00f6y\u00fck m\u0259hsulun d\u0259qiq v\u0259 davaml\u0131 t\u0259nziml\u0259nm\u0259sini t\u0259min edir. IP55 il\u0259 qorunur, h\u0259m daxili, h\u0259m d\u0259 a\u00e7\u0131q havada istifad\u0259 \u00fc\u00e7\u00fcn rahatl\u0131q t\u0259klif edir. Bundan \u0259lav\u0259, k\u00fcl\u0259k ma\u015f\u0131n\u0131, h\u0259tta y\u00fcks\u0259k divar v\u0259 ya tavan sah\u0259l\u0259ri \u00fc\u00e7\u00fcn uy\u011fun olan, h\u0259d\u0259fl\u0259nmi\u015f hava ax\u0131n\u0131 \u00fc\u00e7\u00fcn t\u0259nziml\u0259n\u0259n meyl cihaz\u0131 il\u0259 g\u0259lir. Pe\u015f\u0259kar keyfiyy\u0259ti v\u0259 d\u0259yi\u015fk\u0259n hava h\u0259cmi il\u0259 \u00f6y\u00fcn\u0259n bu g\u00fcc m\u0259rk\u0259zi partlay\u0131\u015fa davaml\u0131 versiya kimi m\u00f6vcuddur v\u0259 onu m\u00fcxt\u0259lif t\u0259tbiql\u0259r \u00fc\u00e7\u00fcn praktik se\u00e7im edir. Texniki x\u00fcsusiyy\u0259tl\u0259r\u0259 109.000 m\u00b3\/saata q\u0259d\u0259r hava ax\u0131n\u0131, \u00fcf\u00fcr\u00fcc\u00fc s\u00fcr\u0259tl\u0259r v\u0259 580 kq \u00e7\u0259ki daxildir.","og_url":"https:\/\/geoclimate.ge\/az\/product\/trotec-ttw-100000-professional-axial-fan\/","og_site_name":"GeoClimate.ge","article_modified_time":"2025-04-06T15:28:48+00:00","og_image":[{"width":1000,"height":1000,"url":"https:\/\/geoclimate.ge\/wp-content\/uploads\/2025\/04\/Trotec-TTW-100000-main-right.jpg","type":"image\/jpeg"}],"twitter_card":"summary_large_image","twitter_misc":{"Est. reading time":"1 minute"},"schema":{"@context":"https:\/\/schema.org","@graph":[{"@type":"WebPage","@id":"https:\/\/geoclimate.ge\/az\/product\/trotec-ttw-100000-professional-axial-fan\/","url":"https:\/\/geoclimate.ge\/az\/product\/trotec-ttw-100000-professional-axial-fan\/","name":"Trotec TTW 100000 \u2013 pe\u015f\u0259kar eksenel fan - GeoClimate.ge","isPartOf":{"@id":"https:\/\/geoclimate.ge\/#website"},"primaryImageOfPage":{"@id":"https:\/\/geoclimate.ge\/az\/product\/trotec-ttw-100000-professional-axial-fan\/#primaryimage"},"image":{"@id":"https:\/\/geoclimate.ge\/az\/product\/trotec-ttw-100000-professional-axial-fan\/#primaryimage"},"thumbnailUrl":"https:\/\/geoclimate.ge\/wp-content\/uploads\/2025\/04\/Trotec-TTW-100000-main-right.jpg","datePublished":"2025-04-06T15:10:54+00:00","dateModified":"2025-04-06T15:28:48+00:00","breadcrumb":{"@id":"https:\/\/geoclimate.ge\/az\/product\/trotec-ttw-100000-professional-axial-fan\/#breadcrumb"},"inLanguage":"az","potentialAction":[{"@type":"ReadAction","target":["https:\/\/geoclimate.ge\/az\/product\/trotec-ttw-100000-professional-axial-fan\/"]}]},{"@type":"ImageObject","inLanguage":"az","@id":"https:\/\/geoclimate.ge\/az\/product\/trotec-ttw-100000-professional-axial-fan\/#primaryimage","url":"https:\/\/geoclimate.ge\/wp-content\/uploads\/2025\/04\/Trotec-TTW-100000-main-right.jpg","contentUrl":"https:\/\/geoclimate.ge\/wp-content\/uploads\/2025\/04\/Trotec-TTW-100000-main-right.jpg","width":1000,"height":1000},{"@type":"BreadcrumbList","@id":"https:\/\/geoclimate.ge\/az\/product\/trotec-ttw-100000-professional-axial-fan\/#breadcrumb","itemListElement":[{"@type":"ListItem","position":1,"name":"Home","item":"https:\/\/geoclimate.ge\/az\/"},{"@type":"ListItem","position":2,"name":"M\u0259hsullar","item":"https:\/\/geoclimate.ge\/az\/products\/"},{"@type":"ListItem","position":3,"name":"Trotec TTW 100000 \u2013 pe\u015f\u0259kar eksenel fan"}]},{"@type":"WebSite","@id":"https:\/\/geoclimate.ge\/#website","url":"https:\/\/geoclimate.ge\/","name":"GeoClimate","description":"","publisher":{"@id":"https:\/\/geoclimate.ge\/#organization"},"potentialAction":[{"@type":"SearchAction","target":{"@type":"EntryPoint","urlTemplate":"https:\/\/geoclimate.ge\/?s={search_term_string}"},"query-input":{"@type":"PropertyValueSpecification","valueRequired":true,"valueName":"search_term_string"}}],"inLanguage":"az"},{"@type":"Organization","@id":"https:\/\/geoclimate.ge\/#organization","name":"GeoClimate","url":"https:\/\/geoclimate.ge\/","logo":{"@type":"ImageObject","inLanguage":"az","@id":"https:\/\/geoclimate.ge\/#\/schema\/logo\/image\/","url":"https:\/\/geoclimate.ge\/wp-content\/uploads\/2026\/03\/geoclimate-SEO.png","contentUrl":"https:\/\/geoclimate.ge\/wp-content\/uploads\/2026\/03\/geoclimate-SEO.png","width":1536,"height":1024,"caption":"GeoClimate"},"image":{"@id":"https:\/\/geoclimate.ge\/#\/schema\/logo\/image\/"}}]}},"_links":{"self":[{"href":"https:\/\/geoclimate.ge\/az\/wp-json\/wp\/v2\/product\/27953","targetHints":{"allow":["GET"]}}],"collection":[{"href":"https:\/\/geoclimate.ge\/az\/wp-json\/wp\/v2\/product"}],"about":[{"href":"https:\/\/geoclimate.ge\/az\/wp-json\/wp\/v2\/types\/product"}],"wp:featuredmedia":[{"embeddable":true,"href":"https:\/\/geoclimate.ge\/az\/wp-json\/wp\/v2\/media\/27942"}],"wp:attachment":[{"href":"https:\/\/geoclimate.ge\/az\/wp-json\/wp\/v2\/media?parent=27953"}],"wp:term":[{"taxonomy":"product_brand","embeddable":true,"href":"https:\/\/geoclimate.ge\/az\/wp-json\/wp\/v2\/product_brand?post=27953"},{"taxonomy":"product_cat","embeddable":true,"href":"https:\/\/geoclimate.ge\/az\/wp-json\/wp\/v2\/product_cat?post=27953"},{"taxonomy":"product_tag","embeddable":true,"href":"https:\/\/geoclimate.ge\/az\/wp-json\/wp\/v2\/product_tag?post=27953"}],"curies":[{"name":"wp","href":"https:\/\/api.w.org\/{rel}","templated":true}]}}