{"id":28225,"date":"2025-04-06T22:23:14","date_gmt":"2025-04-06T18:23:14","guid":{"rendered":"https:\/\/airsystems.ge\/shop\/product\/trotec-tfv-300-ex-radial-fan\/"},"modified":"2025-04-06T22:35:17","modified_gmt":"2025-04-06T18:35:17","slug":"trotec-tfv-300-ex-radial-fan","status":"publish","type":"product","link":"https:\/\/geoclimate.ge\/az\/product\/trotec-tfv-300-ex-radial-fan\/","title":{"rendered":"Trotec TFV 300 Ex \u2013 Partlay\u0131\u015fdan m\u00fchafiz\u0259 zonalar\u0131 \u00fc\u00e7\u00fcn radial fanatlar radial fan"},"content":{"rendered":"<section class=\"max-w-[1088px] mx-auto w-full px-5 my-10 md:my-12 lg:my-16 xl:my-20 xl:px-0\" data-block=\"bullet-list\">\n<div class=\"md:text-center\">\n<h3 class=\"text-black font-bold text-lg md:text-xl lg:text-2xl\">\u018fsas x\u00fcsusiyy\u0259tl\u0259r<\/h3>\n<\/div>\n<div class=\"mt-6 md:mt-10\">\n<div class=\"flex flex-wrap\">\n<div class=\"w-full md:w-1\/2 auto-bullets md:pr-16\">\n<ul>\n<li class=\"text-sm md:text-base text-black mt-3 flex items-start\">\n<div class=\"pl-5\">Sa\u011flam y\u00fcks\u0259k keyfiyy\u0259tli radial fan<br \/>\nPartlay\u0131\u015f qrupu II, kateqoriya 3G, temperatur sinfi 4<br \/>\nFan motoru \u0259sas hava ax\u0131n\u0131ndan k\u0259narda yerl\u0259\u015fdirilir<br \/>\nSuq\u0259buledici v\u0259 egzoz kanallar\u0131na qo\u015fula bil\u0259r<br \/>\nSabit x\u00fcsusiyy\u0259tl\u0259r v\u0259 daim y\u00fcks\u0259k t\u0259zyiq<br \/>\nPartlay\u0131\u015f qrupu II, kateqoriya 2G (zona 1), kateqoriya 2D (zona 21) v\u0259 3D kateqoriyas\u0131 (zona 2) \u00fc\u00e7\u00fcn iste\u011fe ba\u011fl\u0131 olaraq m\u00f6vcuddur.<\/div>\n<\/li>\n<\/ul>\n<\/div>\n<\/div>\n<\/div>\n<\/section>\n<section class=\"max-w-[1088px] mx-auto w-full px-5 my-10 md:my-12 lg:my-16 xl:my-20 xl:px-0\" data-block=\"product-specifications\">\n<div class=\"md:text-center\">\n<h3 class=\"text-black font-bold text-lg md:text-xl lg:text-2xl\"><strong>Product specifications<\/strong><\/h3>\n<\/div>\n<div class=\" md:mt-10\">\n<div class=\"\">\n<div class=\"lg:mt-0 \">\n<div id=\"spec-tfv-300-ex\" class=\"prose max-w-full md:overflow-auto\" data-spec-content=\"\">\n<div class=\"spreadsheet-container hidden md:block\">\n<table class=\"w-full table-fixed mb-0\">\n<thead>\n<tr>\n<th class=\"font-bold text-base\"><span class=\"block px-4\">Specifications<\/span><\/th>\n<th class=\"font-bold text-base text-center\"><span class=\"block px-10 md:px-20\">Units<\/span><\/th>\n<th class=\"font-bold text-base text-center will-change\"><span class=\"block px-4\">TFV\u00a0300\u00a0Ex<\/span><\/th>\n<\/tr>\n<\/thead>\n<tbody>\n<tr class=\"bg-grey-200\/50 p-2\">\n<td colspan=\"1\"><span class=\"block px-4\">Air volume freely blowing max.<\/span><\/td>\n<td class=\"text-center\">\n<div class=\"px-10 md:px-20 flex items-center justify-center\">m\u00b3\/h<\/div>\n<\/td>\n<td class=\"text-center will-change\">\n<div class=\"px-10 md:px-20 flex items-center justify-center\">7,000<\/div>\n<\/td>\n<\/tr>\n<tr class=\" p-2\">\n<td colspan=\"1\"><span class=\"block px-4\">Air flow<\/span><\/td>\n<td class=\"text-center\">\n<div class=\"px-10 md:px-20 flex items-center justify-center\"><\/div>\n<\/td>\n<td class=\"text-center will-change\">\n<div class=\"px-10 md:px-20 flex items-center justify-center\">blowing out \/ sucking in<\/div>\n<\/td>\n<\/tr>\n<tr class=\"bg-grey-200\/50 p-2\">\n<td colspan=\"1\"><span class=\"block px-4\">Air discharge speed<\/span><\/td>\n<td class=\"text-center\">\n<div class=\"px-10 md:px-20 flex items-center justify-center\">m\/s (km\/h)<\/div>\n<\/td>\n<td class=\"text-center will-change\">\n<div class=\"px-10 md:px-20 flex items-center justify-center\">27\/97.2<\/div>\n<\/td>\n<\/tr>\n<tr class=\" p-2\">\n<td colspan=\"1\"><span class=\"block px-4\">Fan stages<\/span><\/td>\n<td class=\"text-center\">\n<div class=\"px-10 md:px-20 flex items-center justify-center\"><\/div>\n<\/td>\n<td class=\"text-center will-change\">\n<div class=\"px-10 md:px-20 flex items-center justify-center\">1<\/div>\n<\/td>\n<\/tr>\n<tr class=\"bg-grey-200\/50 p-2\">\n<td colspan=\"1\"><span class=\"block px-4\">Air pressure max.<\/span><\/td>\n<td class=\"text-center\">\n<div class=\"px-10 md:px-20 flex items-center justify-center\">Pa<\/div>\n<\/td>\n<td class=\"text-center will-change\">\n<div class=\"px-10 md:px-20 flex items-center justify-center\">2,800<\/div>\n<\/td>\n<\/tr>\n<tr class=\" p-2\">\n<td colspan=\"1\"><span class=\"block px-4\">Max. transport medium temperature<\/span><\/td>\n<td class=\"text-center\">\n<div class=\"px-10 md:px-20 flex items-center justify-center\">\u00b0C<\/div>\n<\/td>\n<td class=\"text-center will-change\">\n<div class=\"px-10 md:px-20 flex items-center justify-center\">60<\/div>\n<\/td>\n<\/tr>\n<tr class=\"bg-grey-200\/50 p-2\">\n<td colspan=\"1\"><span class=\"block px-4\">Power supply<\/span><\/td>\n<td class=\"text-center\">\n<div class=\"px-10 md:px-20 flex items-center justify-center\">V\/Hz<\/div>\n<\/td>\n<td class=\"text-center will-change\">\n<div class=\"px-10 md:px-20 flex items-center justify-center\">400\/50<\/div>\n<\/td>\n<\/tr>\n<tr class=\" p-2\">\n<td colspan=\"1\"><span class=\"block px-4\">Power input<\/span><\/td>\n<td class=\"text-center\">\n<div class=\"px-10 md:px-20 flex items-center justify-center\">kW<\/div>\n<\/td>\n<td class=\"text-center will-change\">\n<div class=\"px-10 md:px-20 flex items-center justify-center\">4<\/div>\n<\/td>\n<\/tr>\n<tr class=\"bg-grey-200\/50 p-2\">\n<td colspan=\"1\"><span class=\"block px-4\">Necessary fuse<\/span><\/td>\n<td class=\"text-center\">\n<div class=\"px-10 md:px-20 flex items-center justify-center\">A<\/div>\n<\/td>\n<td class=\"text-center will-change\">\n<div class=\"px-10 md:px-20 flex items-center justify-center\">16<\/div>\n<\/td>\n<\/tr>\n<tr class=\" p-2\">\n<td colspan=\"1\"><span class=\"block px-4\">Explosion protection<\/span><\/td>\n<td class=\"text-center\">\n<div class=\"px-10 md:px-20 flex items-center justify-center\"><\/div>\n<\/td>\n<td class=\"text-center will-change\">\n<div class=\"px-10 md:px-20 flex items-center justify-center\">2\/ II3G, T4<\/div>\n<\/td>\n<\/tr>\n<tr class=\"bg-grey-200\/50 p-2\">\n<td colspan=\"1\"><span class=\"block px-4\">Type of protection<\/span><\/td>\n<td class=\"text-center\">\n<div class=\"px-10 md:px-20 flex items-center justify-center\"><\/div>\n<\/td>\n<td class=\"text-center will-change\">\n<div class=\"px-10 md:px-20 flex items-center justify-center\">IP55<\/div>\n<\/td>\n<\/tr>\n<tr class=\" p-2\">\n<td colspan=\"1\"><span class=\"block px-4\">Sound level @3m<\/span><\/td>\n<td class=\"text-center\">\n<div class=\"px-10 md:px-20 flex items-center justify-center\">dB(A)<\/div>\n<\/td>\n<td class=\"text-center will-change\">\n<div class=\"px-10 md:px-20 flex items-center justify-center\">71<\/div>\n<\/td>\n<\/tr>\n<tr class=\"bg-grey-200\/50 p-2\">\n<td colspan=\"1\"><span class=\"block px-4\">Product size (l x w x h)<\/span><\/td>\n<td class=\"text-center\">\n<div class=\"px-10 md:px-20 flex items-center justify-center\">mm<\/div>\n<\/td>\n<td class=\"text-center will-change\">\n<div class=\"px-10 md:px-20 flex items-center justify-center\">1000 x 700 x 830<\/div>\n<\/td>\n<\/tr>\n<tr class=\" p-2\">\n<td colspan=\"1\"><span class=\"block px-4\">Weight<\/span><\/td>\n<td class=\"text-center\">\n<div class=\"px-10 md:px-20 flex items-center justify-center\">kg<\/div>\n<\/td>\n<td class=\"text-center will-change\">\n<div class=\"px-10 md:px-20 flex items-center justify-center\">150<\/div>\n<\/td>\n<\/tr>\n<\/tbody>\n<\/table>\n<\/div>\n<\/div>\n<\/div>\n<\/div>\n<\/div>\n<\/section>\n<section class=\"max-w-[1088px] mx-auto w-full px-5 my-10 md:my-12 lg:my-16 xl:my-20 xl:px-0\" data-block=\"link-list\">\n<div class=\"max-w-[1088px] mx-auto\">\n<div class=\"md:text-center\">\n<ul>\n<li class=\"flex items-center gap-5 text-sm text-black mt-3 md:text-base lg:text-lg\"><strong>Uy\u011fundur:<\/strong><\/li>\n<\/ul>\n<\/div>\n<div class=\"mt-6 max-w-4xl mx-auto\">\n<div class=\"flex flex-wrap md:ml-20\">\n<div class=\"w-full md:w-1\/2 auto-bullets md:pr-16\">\n<ul>\n<li class=\"flex items-center gap-5 text-sm text-black mt-3 md:text-base lg:text-lg\">K\u0259nd t\u0259s\u0259rr\u00fcfat\u0131<br \/>\nTikinti<br \/>\nT\u0259dbirl\u0259r v\u0259 festivallar<br \/>\nS\u0259naye, fabrikl\u0259r v\u0259 istehsal<br \/>\n\u0130car\u0259 \u015firk\u0259tl\u0259ri<br \/>\nAnbarlar v\u0259 anbarlar<br \/>\nSu z\u0259r\u0259rinin b\u0259rpas\u0131<\/li>\n<\/ul>\n<\/div>\n<\/div>\n<\/div>\n<\/div>\n<\/section>\n","protected":false},"excerpt":{"rendered":"<div class=\"max-w-4xl\">\n<div class=\"text-xl font-bold mt-1 md:mt-2\">\n<p>Partlay\u0131\u015fdan m\u00fchafiz\u0259 zonalar\u0131 \u00fc\u00e7\u00fcn radial fanatlar<\/p>\n<p>TFV 300 Ex t\u0259hl\u00fck\u0259li m\u00fchitl\u0259rd\u0259 istifad\u0259 \u00fc\u00e7\u00fcn n\u0259z\u0259rd\u0259 tutulmu\u015f g\u00fccl\u00fc partlay\u0131\u015fa davaml\u0131 radial fand\u0131r. 5000 m\u00b3\/saata q\u0259d\u0259r hava ax\u0131n\u0131 s\u00fcr\u0259ti il\u0259 partlay\u0131\u015f riski olan \u0259razil\u0259rd\u0259 geni\u015f yerl\u0259ri havaland\u0131rmaq \u00fc\u00e7\u00fcn ideald\u0131r. Fan davaml\u0131 polad konstruksiyaya v\u0259 partlay\u0131c\u0131 m\u00fchitl\u0259rd\u0259 istifad\u0259 \u00fc\u00e7\u00fcn sertifikatla\u015fd\u0131r\u0131lm\u0131\u015f y\u00fcks\u0259k performansl\u0131 motora malikdir. O, h\u0259m\u00e7inin rahat da\u015f\u0131ma sap\u0131na malikdir v\u0259 asanl\u0131qla da\u015f\u0131n\u0131b qura\u015fd\u0131r\u0131la bil\u0259r. T\u0259sirli performans\u0131 v\u0259 partlay\u0131\u015fa davaml\u0131 dizayn\u0131 il\u0259 TFV 300 Ex t\u0259hl\u00fck\u0259li \u015f\u0259raitl\u0259rd\u0259 t\u0259l\u0259b olunan havaland\u0131rma i\u015fl\u0259ri \u00fc\u00e7\u00fcn \u0259la se\u00e7imdir.<\/p>\n<\/div>\n<\/div>\n","protected":false},"featured_media":28208,"template":"","meta":[],"product_brand":[],"product_cat":[809,1152,967],"product_tag":[],"class_list":{"0":"post-28225","1":"product","2":"type-product","3":"status-publish","4":"has-post-thumbnail","6":"product_cat-hava-nmlndiricisi-kondisioner-az-ventilyasiya-ventilyator","7":"product_cat-radial-partlayisdan-fanatlar-ventilyator","8":"product_cat-ventilyasiya-az-ventilyator-havalandirma-eksenel-radial","10":"first","11":"instock","12":"shipping-taxable","13":"purchasable","14":"product-type-simple"},"yoast_head":"<!-- This site is optimized with the Yoast SEO plugin v27.1.1 - https:\/\/yoast.com\/product\/yoast-seo-wordpress\/ -->\n<title>Trotec TFV 300 Ex \u2013 Partlay\u0131\u015fdan m\u00fchafiz\u0259 zonalar\u0131 \u00fc\u00e7\u00fcn radial fanatlar radial fan - GeoClimate.ge<\/title>\n<meta name=\"robots\" content=\"index, follow, max-snippet:-1, max-image-preview:large, max-video-preview:-1\" \/>\n<link rel=\"canonical\" href=\"https:\/\/geoclimate.ge\/az\/product\/trotec-tfv-300-ex-radial-fan\/\" \/>\n<meta property=\"og:locale\" content=\"az_AZ\" \/>\n<meta property=\"og:type\" content=\"article\" \/>\n<meta property=\"og:title\" content=\"Trotec TFV 300 Ex \u2013 Partlay\u0131\u015fdan m\u00fchafiz\u0259 zonalar\u0131 \u00fc\u00e7\u00fcn radial fanatlar radial fan - GeoClimate.ge\" \/>\n<meta property=\"og:description\" content=\"Partlay\u0131\u015fdan m\u00fchafiz\u0259 zonalar\u0131 \u00fc\u00e7\u00fcn radial fanatlar  TFV 300 Ex t\u0259hl\u00fck\u0259li m\u00fchitl\u0259rd\u0259 istifad\u0259 \u00fc\u00e7\u00fcn n\u0259z\u0259rd\u0259 tutulmu\u015f g\u00fccl\u00fc partlay\u0131\u015fa davaml\u0131 radial fand\u0131r. 5000 m\u00b3\/saata q\u0259d\u0259r hava ax\u0131n\u0131 s\u00fcr\u0259ti il\u0259 partlay\u0131\u015f riski olan \u0259razil\u0259rd\u0259 geni\u015f yerl\u0259ri havaland\u0131rmaq \u00fc\u00e7\u00fcn ideald\u0131r. Fan davaml\u0131 polad konstruksiyaya v\u0259 partlay\u0131c\u0131 m\u00fchitl\u0259rd\u0259 istifad\u0259 \u00fc\u00e7\u00fcn sertifikatla\u015fd\u0131r\u0131lm\u0131\u015f y\u00fcks\u0259k performansl\u0131 motora malikdir. O, h\u0259m\u00e7inin rahat da\u015f\u0131ma sap\u0131na malikdir v\u0259 asanl\u0131qla da\u015f\u0131n\u0131b qura\u015fd\u0131r\u0131la bil\u0259r. T\u0259sirli performans\u0131 v\u0259 partlay\u0131\u015fa davaml\u0131 dizayn\u0131 il\u0259 TFV 300 Ex t\u0259hl\u00fck\u0259li \u015f\u0259raitl\u0259rd\u0259 t\u0259l\u0259b olunan havaland\u0131rma i\u015fl\u0259ri \u00fc\u00e7\u00fcn \u0259la se\u00e7imdir.\" \/>\n<meta property=\"og:url\" content=\"https:\/\/geoclimate.ge\/az\/product\/trotec-tfv-300-ex-radial-fan\/\" \/>\n<meta property=\"og:site_name\" content=\"GeoClimate.ge\" \/>\n<meta property=\"article:modified_time\" content=\"2025-04-06T18:35:17+00:00\" \/>\n<meta property=\"og:image\" content=\"https:\/\/geoclimate.ge\/wp-content\/uploads\/2025\/04\/Trotec-TFV-300-EX-main-right.jpg\" \/>\n\t<meta property=\"og:image:width\" content=\"1000\" \/>\n\t<meta property=\"og:image:height\" content=\"1000\" \/>\n\t<meta property=\"og:image:type\" content=\"image\/jpeg\" \/>\n<meta name=\"twitter:card\" content=\"summary_large_image\" \/>\n<meta name=\"twitter:label1\" content=\"Est. reading time\" \/>\n\t<meta name=\"twitter:data1\" content=\"1 minute\" \/>\n<script type=\"application\/ld+json\" class=\"yoast-schema-graph\">{\"@context\":\"https:\/\/schema.org\",\"@graph\":[{\"@type\":\"WebPage\",\"@id\":\"https:\/\/geoclimate.ge\/az\/product\/trotec-tfv-300-ex-radial-fan\/\",\"url\":\"https:\/\/geoclimate.ge\/az\/product\/trotec-tfv-300-ex-radial-fan\/\",\"name\":\"Trotec TFV 300 Ex \u2013 Partlay\u0131\u015fdan m\u00fchafiz\u0259 zonalar\u0131 \u00fc\u00e7\u00fcn radial fanatlar radial fan - GeoClimate.ge\",\"isPartOf\":{\"@id\":\"https:\/\/geoclimate.ge\/#website\"},\"primaryImageOfPage\":{\"@id\":\"https:\/\/geoclimate.ge\/az\/product\/trotec-tfv-300-ex-radial-fan\/#primaryimage\"},\"image\":{\"@id\":\"https:\/\/geoclimate.ge\/az\/product\/trotec-tfv-300-ex-radial-fan\/#primaryimage\"},\"thumbnailUrl\":\"https:\/\/geoclimate.ge\/wp-content\/uploads\/2025\/04\/Trotec-TFV-300-EX-main-right.jpg\",\"datePublished\":\"2025-04-06T18:23:14+00:00\",\"dateModified\":\"2025-04-06T18:35:17+00:00\",\"breadcrumb\":{\"@id\":\"https:\/\/geoclimate.ge\/az\/product\/trotec-tfv-300-ex-radial-fan\/#breadcrumb\"},\"inLanguage\":\"az\",\"potentialAction\":[{\"@type\":\"ReadAction\",\"target\":[\"https:\/\/geoclimate.ge\/az\/product\/trotec-tfv-300-ex-radial-fan\/\"]}]},{\"@type\":\"ImageObject\",\"inLanguage\":\"az\",\"@id\":\"https:\/\/geoclimate.ge\/az\/product\/trotec-tfv-300-ex-radial-fan\/#primaryimage\",\"url\":\"https:\/\/geoclimate.ge\/wp-content\/uploads\/2025\/04\/Trotec-TFV-300-EX-main-right.jpg\",\"contentUrl\":\"https:\/\/geoclimate.ge\/wp-content\/uploads\/2025\/04\/Trotec-TFV-300-EX-main-right.jpg\",\"width\":1000,\"height\":1000},{\"@type\":\"BreadcrumbList\",\"@id\":\"https:\/\/geoclimate.ge\/az\/product\/trotec-tfv-300-ex-radial-fan\/#breadcrumb\",\"itemListElement\":[{\"@type\":\"ListItem\",\"position\":1,\"name\":\"Home\",\"item\":\"https:\/\/geoclimate.ge\/az\/\"},{\"@type\":\"ListItem\",\"position\":2,\"name\":\"M\u0259hsullar\",\"item\":\"https:\/\/geoclimate.ge\/az\/products\/\"},{\"@type\":\"ListItem\",\"position\":3,\"name\":\"Trotec TFV 300 Ex \u2013 Partlay\u0131\u015fdan m\u00fchafiz\u0259 zonalar\u0131 \u00fc\u00e7\u00fcn radial fanatlar radial fan\"}]},{\"@type\":\"WebSite\",\"@id\":\"https:\/\/geoclimate.ge\/#website\",\"url\":\"https:\/\/geoclimate.ge\/\",\"name\":\"GeoClimate\",\"description\":\"\",\"publisher\":{\"@id\":\"https:\/\/geoclimate.ge\/#organization\"},\"potentialAction\":[{\"@type\":\"SearchAction\",\"target\":{\"@type\":\"EntryPoint\",\"urlTemplate\":\"https:\/\/geoclimate.ge\/?s={search_term_string}\"},\"query-input\":{\"@type\":\"PropertyValueSpecification\",\"valueRequired\":true,\"valueName\":\"search_term_string\"}}],\"inLanguage\":\"az\"},{\"@type\":\"Organization\",\"@id\":\"https:\/\/geoclimate.ge\/#organization\",\"name\":\"GeoClimate\",\"url\":\"https:\/\/geoclimate.ge\/\",\"logo\":{\"@type\":\"ImageObject\",\"inLanguage\":\"az\",\"@id\":\"https:\/\/geoclimate.ge\/#\/schema\/logo\/image\/\",\"url\":\"https:\/\/geoclimate.ge\/wp-content\/uploads\/2026\/03\/geoclimate-SEO.png\",\"contentUrl\":\"https:\/\/geoclimate.ge\/wp-content\/uploads\/2026\/03\/geoclimate-SEO.png\",\"width\":1536,\"height\":1024,\"caption\":\"GeoClimate\"},\"image\":{\"@id\":\"https:\/\/geoclimate.ge\/#\/schema\/logo\/image\/\"}}]}<\/script>\n<!-- \/ Yoast SEO plugin. -->","yoast_head_json":{"title":"Trotec TFV 300 Ex \u2013 Partlay\u0131\u015fdan m\u00fchafiz\u0259 zonalar\u0131 \u00fc\u00e7\u00fcn radial fanatlar radial fan - GeoClimate.ge","robots":{"index":"index","follow":"follow","max-snippet":"max-snippet:-1","max-image-preview":"max-image-preview:large","max-video-preview":"max-video-preview:-1"},"canonical":"https:\/\/geoclimate.ge\/az\/product\/trotec-tfv-300-ex-radial-fan\/","og_locale":"az_AZ","og_type":"article","og_title":"Trotec TFV 300 Ex \u2013 Partlay\u0131\u015fdan m\u00fchafiz\u0259 zonalar\u0131 \u00fc\u00e7\u00fcn radial fanatlar radial fan - GeoClimate.ge","og_description":"Partlay\u0131\u015fdan m\u00fchafiz\u0259 zonalar\u0131 \u00fc\u00e7\u00fcn radial fanatlar  TFV 300 Ex t\u0259hl\u00fck\u0259li m\u00fchitl\u0259rd\u0259 istifad\u0259 \u00fc\u00e7\u00fcn n\u0259z\u0259rd\u0259 tutulmu\u015f g\u00fccl\u00fc partlay\u0131\u015fa davaml\u0131 radial fand\u0131r. 5000 m\u00b3\/saata q\u0259d\u0259r hava ax\u0131n\u0131 s\u00fcr\u0259ti il\u0259 partlay\u0131\u015f riski olan \u0259razil\u0259rd\u0259 geni\u015f yerl\u0259ri havaland\u0131rmaq \u00fc\u00e7\u00fcn ideald\u0131r. Fan davaml\u0131 polad konstruksiyaya v\u0259 partlay\u0131c\u0131 m\u00fchitl\u0259rd\u0259 istifad\u0259 \u00fc\u00e7\u00fcn sertifikatla\u015fd\u0131r\u0131lm\u0131\u015f y\u00fcks\u0259k performansl\u0131 motora malikdir. O, h\u0259m\u00e7inin rahat da\u015f\u0131ma sap\u0131na malikdir v\u0259 asanl\u0131qla da\u015f\u0131n\u0131b qura\u015fd\u0131r\u0131la bil\u0259r. T\u0259sirli performans\u0131 v\u0259 partlay\u0131\u015fa davaml\u0131 dizayn\u0131 il\u0259 TFV 300 Ex t\u0259hl\u00fck\u0259li \u015f\u0259raitl\u0259rd\u0259 t\u0259l\u0259b olunan havaland\u0131rma i\u015fl\u0259ri \u00fc\u00e7\u00fcn \u0259la se\u00e7imdir.","og_url":"https:\/\/geoclimate.ge\/az\/product\/trotec-tfv-300-ex-radial-fan\/","og_site_name":"GeoClimate.ge","article_modified_time":"2025-04-06T18:35:17+00:00","og_image":[{"width":1000,"height":1000,"url":"https:\/\/geoclimate.ge\/wp-content\/uploads\/2025\/04\/Trotec-TFV-300-EX-main-right.jpg","type":"image\/jpeg"}],"twitter_card":"summary_large_image","twitter_misc":{"Est. reading time":"1 minute"},"schema":{"@context":"https:\/\/schema.org","@graph":[{"@type":"WebPage","@id":"https:\/\/geoclimate.ge\/az\/product\/trotec-tfv-300-ex-radial-fan\/","url":"https:\/\/geoclimate.ge\/az\/product\/trotec-tfv-300-ex-radial-fan\/","name":"Trotec TFV 300 Ex \u2013 Partlay\u0131\u015fdan m\u00fchafiz\u0259 zonalar\u0131 \u00fc\u00e7\u00fcn radial fanatlar radial fan - GeoClimate.ge","isPartOf":{"@id":"https:\/\/geoclimate.ge\/#website"},"primaryImageOfPage":{"@id":"https:\/\/geoclimate.ge\/az\/product\/trotec-tfv-300-ex-radial-fan\/#primaryimage"},"image":{"@id":"https:\/\/geoclimate.ge\/az\/product\/trotec-tfv-300-ex-radial-fan\/#primaryimage"},"thumbnailUrl":"https:\/\/geoclimate.ge\/wp-content\/uploads\/2025\/04\/Trotec-TFV-300-EX-main-right.jpg","datePublished":"2025-04-06T18:23:14+00:00","dateModified":"2025-04-06T18:35:17+00:00","breadcrumb":{"@id":"https:\/\/geoclimate.ge\/az\/product\/trotec-tfv-300-ex-radial-fan\/#breadcrumb"},"inLanguage":"az","potentialAction":[{"@type":"ReadAction","target":["https:\/\/geoclimate.ge\/az\/product\/trotec-tfv-300-ex-radial-fan\/"]}]},{"@type":"ImageObject","inLanguage":"az","@id":"https:\/\/geoclimate.ge\/az\/product\/trotec-tfv-300-ex-radial-fan\/#primaryimage","url":"https:\/\/geoclimate.ge\/wp-content\/uploads\/2025\/04\/Trotec-TFV-300-EX-main-right.jpg","contentUrl":"https:\/\/geoclimate.ge\/wp-content\/uploads\/2025\/04\/Trotec-TFV-300-EX-main-right.jpg","width":1000,"height":1000},{"@type":"BreadcrumbList","@id":"https:\/\/geoclimate.ge\/az\/product\/trotec-tfv-300-ex-radial-fan\/#breadcrumb","itemListElement":[{"@type":"ListItem","position":1,"name":"Home","item":"https:\/\/geoclimate.ge\/az\/"},{"@type":"ListItem","position":2,"name":"M\u0259hsullar","item":"https:\/\/geoclimate.ge\/az\/products\/"},{"@type":"ListItem","position":3,"name":"Trotec TFV 300 Ex \u2013 Partlay\u0131\u015fdan m\u00fchafiz\u0259 zonalar\u0131 \u00fc\u00e7\u00fcn radial fanatlar radial fan"}]},{"@type":"WebSite","@id":"https:\/\/geoclimate.ge\/#website","url":"https:\/\/geoclimate.ge\/","name":"GeoClimate","description":"","publisher":{"@id":"https:\/\/geoclimate.ge\/#organization"},"potentialAction":[{"@type":"SearchAction","target":{"@type":"EntryPoint","urlTemplate":"https:\/\/geoclimate.ge\/?s={search_term_string}"},"query-input":{"@type":"PropertyValueSpecification","valueRequired":true,"valueName":"search_term_string"}}],"inLanguage":"az"},{"@type":"Organization","@id":"https:\/\/geoclimate.ge\/#organization","name":"GeoClimate","url":"https:\/\/geoclimate.ge\/","logo":{"@type":"ImageObject","inLanguage":"az","@id":"https:\/\/geoclimate.ge\/#\/schema\/logo\/image\/","url":"https:\/\/geoclimate.ge\/wp-content\/uploads\/2026\/03\/geoclimate-SEO.png","contentUrl":"https:\/\/geoclimate.ge\/wp-content\/uploads\/2026\/03\/geoclimate-SEO.png","width":1536,"height":1024,"caption":"GeoClimate"},"image":{"@id":"https:\/\/geoclimate.ge\/#\/schema\/logo\/image\/"}}]}},"_links":{"self":[{"href":"https:\/\/geoclimate.ge\/az\/wp-json\/wp\/v2\/product\/28225","targetHints":{"allow":["GET"]}}],"collection":[{"href":"https:\/\/geoclimate.ge\/az\/wp-json\/wp\/v2\/product"}],"about":[{"href":"https:\/\/geoclimate.ge\/az\/wp-json\/wp\/v2\/types\/product"}],"wp:featuredmedia":[{"embeddable":true,"href":"https:\/\/geoclimate.ge\/az\/wp-json\/wp\/v2\/media\/28208"}],"wp:attachment":[{"href":"https:\/\/geoclimate.ge\/az\/wp-json\/wp\/v2\/media?parent=28225"}],"wp:term":[{"taxonomy":"product_brand","embeddable":true,"href":"https:\/\/geoclimate.ge\/az\/wp-json\/wp\/v2\/product_brand?post=28225"},{"taxonomy":"product_cat","embeddable":true,"href":"https:\/\/geoclimate.ge\/az\/wp-json\/wp\/v2\/product_cat?post=28225"},{"taxonomy":"product_tag","embeddable":true,"href":"https:\/\/geoclimate.ge\/az\/wp-json\/wp\/v2\/product_tag?post=28225"}],"curies":[{"name":"wp","href":"https:\/\/api.w.org\/{rel}","templated":true}]}}