{"id":28461,"date":"2025-04-07T16:14:54","date_gmt":"2025-04-07T12:14:54","guid":{"rendered":"https:\/\/airsystems.ge\/shop\/product\/ub-20xx-ex-proof-ventilator\/"},"modified":"2025-04-07T16:49:22","modified_gmt":"2025-04-07T12:49:22","slug":"ub-20xx-ex-proof-ventilator","status":"publish","type":"product","link":"https:\/\/geoclimate.ge\/az\/product\/ub-20xx-ex-proof-ventilator\/","title":{"rendered":"UB 20xx \u2013 partlay\u0131\u015fa davaml\u0131 ventilyator \u015eaftlar\u0131n havaland\u0131r\u0131lmas\u0131"},"content":{"rendered":"<section class=\"max-w-[1088px] mx-auto w-full px-5 my-10 md:my-12 lg:my-16 xl:my-20 xl:px-0\" data-block=\"bullet-list\">\n<div class=\"md:text-center\">\n<h3 class=\"text-black font-bold text-lg md:text-xl lg:text-2xl\">\u018fsas x\u00fcsusiyy\u0259tl\u0259r<\/h3>\n<\/div>\n<div class=\"mt-6 md:mt-10\">\n<div class=\"flex flex-wrap\">\n<div class=\"w-full md:w-1\/2 auto-bullets md:pr-16\">\n<ul>\n<li class=\"text-sm md:text-base text-black mt-3 flex items-start\">\n<div class=\"pl-5\">ATEX partlay\u0131\u015fa davaml\u0131 ventilyator<br \/>\nA\u011f\u0131r i\u015f \u015f\u0259raiti \u00fc\u00e7\u00fcn<br \/>\nPC\/ABS antistatik korpus, havaya davaml\u0131, alov gecikdirici v\u0259 kimy\u0259vi madd\u0259l\u0259r\u0259 davaml\u0131d\u0131r<br \/>\nY\u00fcks\u0259k hava ax\u0131n\u0131<br \/>\nRahat tutacaqla asan da\u015f\u0131nma<br \/>\n\u00c7evik bir boru ba\u011flamaq imkan\u0131<br \/>\nToz v\u0259 suya qar\u015f\u0131 effektiv qorunma<br \/>\nFan\u0131n q\u0131\u011f\u0131lc\u0131m yaratma riski minimum olan t\u0259hl\u00fck\u0259li qazlar\u0131 t\u0259hl\u00fck\u0259siz \u015f\u0259kild\u0259 \u00fcf\u00fcr\u00fcn v\u0259 ya burax\u0131n<br \/>\nAtex sertifikat\u0131: II 2 G Ex db eb IIB T6 Gb, II 2 G Ex IIB T6 Gb, Zona 1+2<\/div>\n<\/li>\n<\/ul>\n<\/div>\n<\/div>\n<\/div>\n<\/section>\n<section class=\"max-w-[1088px] mx-auto w-full my-10 md:my-12 lg:my-16 xl:my-20\" data-block=\"content-block\">\n<div class=\"max-w-[1088px] mx-auto\">\n<div class=\"flex flex-col items-center gap-6 px-5 w-full md:grid md:grid-cols-12 md:items-stretch xl:px-0\" data-content-block=\"container\">\n<div class=\"relative flex flex-col gap-5 w-full md:col-span-12 md:col-start-1 sm:items-start sm:text-left order-first md:order-none\" data-content-block=\"column\">\n<div class=\"prose text-pretty max-w-full text-left text-black prose-p:text-black prose-headings:mt-6 prose-headings:mb-3 md:prose-headings:text-lg prose-a:text-current prose-a:transition prose-a:ease-linear prose-a:duration-300\" data-content-block=\"text\">\n<p><strong>Potensial partlay\u0131c\u0131 m\u00fchitl\u0259rd\u0259 x\u00fcsusi x\u00fcsusiyy\u0259tl\u0259r<\/strong><\/p>\n<p>Qura\u015fd\u0131rma \u015f\u0259rtl\u0259rin\u0259 v\u0259 m\u00fcxt\u0259lif t\u0259hl\u00fck\u0259li \u0259razil\u0259r\u0259 riay\u0259t edilm\u0259lidir; qur\u011funu yaln\u0131z partlay\u0131\u015fdan qorunan elektrik rozetkalar\u0131na birl\u0259\u015fdirin; z\u0259ruri hallarda torpaq antistatik \u015flanqlar.<\/p>\n<h3>partlay\u0131c\u0131 atmosferl\u0259r \u00fc\u00e7\u00fcn ventilyatorlar<\/h3>\n<p>ATEX t\u0259sdiqi olan ventilyatorlar Zona 1 v\u0259 2-d\u0259 i\u015fl\u0259dil\u0259 bil\u0259r.<\/p>\n<p>Zona 1 hava v\u0259 al\u0131\u015fan qazlar\u0131n, buxarlar\u0131n v\u0259 ya duman\u0131n qar\u0131\u015f\u0131\u011f\u0131ndan ibar\u0259t t\u0259hl\u00fck\u0259li partlay\u0131c\u0131 atmosferin b\u0259z\u0259n normal i\u015f \u015f\u0259raitind\u0259 yarana bil\u0259c\u0259yi \u0259razidir. Avadanl\u0131q IIB madd\u0259 qrupu \u00fc\u00e7\u00fcn t\u0259sdiq edilmi\u015fdir. IIB qrupu \u00fc\u00e7\u00fcn tipik qaz alovlanma enerjisi 60 &#8211; 180 mJ olan etilendir.<\/p>\n<h3>\u015eaftlar\u0131n havaland\u0131r\u0131lmas\u0131<\/h3>\n<p>\u015eaftlarda v\u0259 kanal sisteml\u0259rind\u0259 m\u00f6vcud t\u0259bii ventilyasiya \u015faftlar\u0131n yeri v\u0259 ya onlar\u0131n qapaq x\u00fcsusiyy\u0259tl\u0259ri kimi yerli \u015f\u0259rait\u0259 g\u00f6r\u0259 kifay\u0259t deyils\u0259, \u0259lav\u0259 texniki ventilyasiya t\u0259dbirl\u0259rin\u0259 ehtiyac yaran\u0131r. X\u00fcsusil\u0259 isti temperaturlarda, lyukdak\u0131 hava \u0259trafdak\u0131ndan daha soyuq olduqda, \u00e7ox vaxt kifay\u0259t q\u0259d\u0259r havaland\u0131rma t\u0259min etm\u0259k m\u00fcmk\u00fcn olmur. H\u0259tta lyuk qapaqlar\u0131n\u0131n m\u00fcv\u0259qq\u0259ti a\u00e7\u0131lmas\u0131 optimal havaland\u0131rma \u00fc\u00e7\u00fcn h\u0259mi\u015f\u0259 kifay\u0259t etmir.<\/p>\n<p>M\u0259s\u0259l\u0259n, kanalizasiya \u015faftlar\u0131nda \u00e7irkli qazlar havadak\u0131 oksigeni s\u0131x\u0131\u015fd\u0131r\u0131b \u00e7\u0131xara bil\u0259r v\u0259 bununla da kanalizasiya i\u015f\u00e7il\u0259rinin hu\u015funu itirm\u0259sin\u0259 s\u0259b\u0259b ola bil\u0259r. Bu, m\u0259qs\u0259dy\u00f6nl\u00fc texniki ventilyasiya v\u0259 g\u00fccl\u00fc fanatlarla aradan qald\u0131r\u0131la bil\u0259r. Daha sonra t\u0259miz hava birba\u015fa i\u015f yerin\u0259 \u00e7at\u0131r v\u0259 pis havan\u0131n yaratd\u0131\u011f\u0131 sa\u011flaml\u0131q pozuntular\u0131n\u0131n qar\u015f\u0131s\u0131n\u0131 al\u0131r.<\/p>\n<p>Kifay\u0259t q\u0259d\u0259r texniki ventilyasiya o zaman \u0259ld\u0259 edilir ki, m\u0259s\u0259l\u0259n, kanallarda h\u0259r m\u00b2 kanal k\u0259siyi \u00fc\u00e7\u00fcn \u0259n az\u0131 600 m\u00b3\/saat hava ax\u0131n\u0131 t\u0259min edilir.<\/p>\n<\/div>\n<\/div>\n<\/div>\n<\/div>\n<\/section>\n<section class=\"max-w-[1088px] mx-auto w-full px-5 my-10 md:my-12 lg:my-16 xl:my-20 xl:px-0\" data-block=\"product-specifications\">\n<div class=\"md:text-center\">\n<h3 class=\"text-black font-bold text-lg md:text-xl lg:text-2xl\"><strong>Product specifications<\/strong><\/h3>\n<\/div>\n<div class=\" md:mt-10\">\n<div class=\"\">\n<div class=\"lg:mt-0 \">\n<div id=\"spec-ub-20xx\" class=\"prose max-w-full md:overflow-auto\" data-spec-content=\"\">\n<div class=\"spreadsheet-container hidden md:block\">\n<table class=\"w-full table-fixed mb-0\">\n<thead>\n<tr>\n<th class=\"font-bold text-base\"><span class=\"block px-4\">Specifications<\/span><\/th>\n<th class=\"font-bold text-base text-center\"><span class=\"block px-10 md:px-20\">Units<\/span><\/th>\n<th class=\"font-bold text-base text-center will-change\"><span class=\"block px-4\">UB\u00a020xx<\/span><\/th>\n<\/tr>\n<\/thead>\n<tbody>\n<tr class=\"bg-grey-200\/50 p-2\">\n<td colspan=\"1\"><span class=\"block px-4\">Air flow<\/span><\/td>\n<td class=\"text-center\">\n<div class=\"px-10 md:px-20 flex items-center justify-center\">m\u00b3\/h<\/div>\n<\/td>\n<td class=\"text-center will-change\">\n<div class=\"px-10 md:px-20 flex items-center justify-center\">1,392<\/div>\n<\/td>\n<\/tr>\n<tr class=\" p-2\">\n<td colspan=\"1\"><span class=\"block px-4\">Air pressure<\/span><\/td>\n<td class=\"text-center\">\n<div class=\"px-10 md:px-20 flex items-center justify-center\">Pa<\/div>\n<\/td>\n<td class=\"text-center will-change\">\n<div class=\"px-10 md:px-20 flex items-center justify-center\">195<\/div>\n<\/td>\n<\/tr>\n<tr class=\"bg-grey-200\/50 p-2\">\n<td colspan=\"1\"><span class=\"block px-4\">Fan<\/span><\/td>\n<td class=\"text-center\">\n<div class=\"px-10 md:px-20 flex items-center justify-center\">type<\/div>\n<\/td>\n<td class=\"text-center will-change\">\n<div class=\"px-10 md:px-20 flex items-center justify-center\">Axial<\/div>\n<\/td>\n<\/tr>\n<tr class=\" p-2\">\n<td colspan=\"1\"><span class=\"block px-4\">Fan speed<\/span><\/td>\n<td class=\"text-center\">\n<div class=\"px-10 md:px-20 flex items-center justify-center\"><\/div>\n<\/td>\n<td class=\"text-center will-change\">\n<div class=\"px-10 md:px-20 flex items-center justify-center\">1<\/div>\n<\/td>\n<\/tr>\n<tr class=\"bg-grey-200\/50 p-2\">\n<td colspan=\"1\"><span class=\"block px-4\">Power consumption<\/span><\/td>\n<td class=\"text-center\">\n<div class=\"px-10 md:px-20 flex items-center justify-center\">W<\/div>\n<\/td>\n<td class=\"text-center will-change\">\n<div class=\"px-10 md:px-20 flex items-center justify-center\">250<\/div>\n<\/td>\n<\/tr>\n<tr class=\" p-2\">\n<td colspan=\"1\"><span class=\"block px-4\">Power supply<\/span><\/td>\n<td class=\"text-center\">\n<div class=\"px-10 md:px-20 flex items-center justify-center\">V\/Hz<\/div>\n<\/td>\n<td class=\"text-center will-change\">\n<div class=\"px-10 md:px-20 flex items-center justify-center\">230\/1ph\/50<\/div>\n<\/td>\n<\/tr>\n<tr class=\"bg-grey-200\/50 p-2\">\n<td colspan=\"1\"><span class=\"block px-4\">Sound level<\/span><\/td>\n<td class=\"text-center\">\n<div class=\"px-10 md:px-20 flex items-center justify-center\">dB(A)<\/div>\n<\/td>\n<td class=\"text-center will-change\">\n<div class=\"px-10 md:px-20 flex items-center justify-center\">74<\/div>\n<\/td>\n<\/tr>\n<tr class=\" p-2\">\n<td colspan=\"1\"><span class=\"block px-4\">Flex rube diametre<\/span><\/td>\n<td class=\"text-center\">\n<div class=\"px-10 md:px-20 flex items-center justify-center\">\u00d8mm<\/div>\n<\/td>\n<td class=\"text-center will-change\">\n<div class=\"px-10 md:px-20 flex items-center justify-center\">205<\/div>\n<\/td>\n<\/tr>\n<tr class=\"bg-grey-200\/50 p-2\">\n<td colspan=\"1\"><span class=\"block px-4\">Protection class<\/span><\/td>\n<td class=\"text-center\">\n<div class=\"px-10 md:px-20 flex items-center justify-center\"><\/div>\n<\/td>\n<td class=\"text-center will-change\">\n<div class=\"px-10 md:px-20 flex items-center justify-center\">IP55<\/div>\n<\/td>\n<\/tr>\n<tr class=\" p-2\">\n<td colspan=\"1\"><span class=\"block px-4\">Product size (l x w x h)<\/span><\/td>\n<td class=\"text-center\">\n<div class=\"px-10 md:px-20 flex items-center justify-center\">mm<\/div>\n<\/td>\n<td class=\"text-center will-change\">\n<div class=\"px-10 md:px-20 flex items-center justify-center\">330 x 305 x 355<\/div>\n<\/td>\n<\/tr>\n<tr class=\"bg-grey-200\/50 p-2\">\n<td colspan=\"1\"><span class=\"block px-4\">Box size (l x w x h)<\/span><\/td>\n<td class=\"text-center\">\n<div class=\"px-10 md:px-20 flex items-center justify-center\">mm<\/div>\n<\/td>\n<td class=\"text-center will-change\">\n<div class=\"px-10 md:px-20 flex items-center justify-center\">450 x 400 x 530<\/div>\n<\/td>\n<\/tr>\n<tr class=\" p-2\">\n<td colspan=\"1\"><span class=\"block px-4\">Net\/gross weight<\/span><\/td>\n<td class=\"text-center\">\n<div class=\"px-10 md:px-20 flex items-center justify-center\">kg<\/div>\n<\/td>\n<td class=\"text-center will-change\">\n<div class=\"px-10 md:px-20 flex items-center justify-center\">8.2\/15<\/div>\n<\/td>\n<\/tr>\n<tr class=\"bg-grey-200\/50 p-2\">\n<td colspan=\"1\"><span class=\"block px-4\">Pallet<\/span><\/td>\n<td class=\"text-center\">\n<div class=\"px-10 md:px-20 flex items-center justify-center\">pcs<\/div>\n<\/td>\n<td class=\"text-center will-change\">\n<div class=\"px-10 md:px-20 flex items-center justify-center\">8<\/div>\n<\/td>\n<\/tr>\n<\/tbody>\n<\/table>\n<\/div>\n<\/div>\n<\/div>\n<\/div>\n<\/div>\n<\/section>\n<section class=\"max-w-[1088px] mx-auto w-full px-5 my-10 md:my-12 lg:my-16 xl:my-20 xl:px-0\" data-block=\"link-list\">\n<div class=\"max-w-[1088px] mx-auto\">\n<div class=\"md:text-center\">\n<ul>\n<li class=\"flex items-center gap-5 text-sm text-black mt-3 md:text-base lg:text-lg\"><strong>\u00fc\u00e7\u00fcn uy\u011fundur<\/strong><\/li>\n<\/ul>\n<\/div>\n<div class=\"mt-6 max-w-4xl mx-auto\">\n<div class=\"flex flex-wrap md:ml-20\">\n<div class=\"w-full md:w-1\/2 auto-bullets md:pr-16\">\n<ul>\n<li class=\"flex items-center gap-5 text-sm text-black mt-3 md:text-base lg:text-lg\">Ticar\u0259t binalar\u0131<br \/>\nS\u0259naye, fabrik v\u0259 istehsal<br \/>\n\u0130car\u0259 \u015firk\u0259tl\u0259ri<\/li>\n<\/ul>\n<\/div>\n<\/div>\n<\/div>\n<\/div>\n<\/section>\n","protected":false},"excerpt":{"rendered":"<div class=\"max-w-4xl\">\n<div class=\"text-xl font-bold mt-1 md:mt-2\">\n<p>Eksenel ventilyator partlay\u0131\u015fa davaml\u0131d\u0131r<\/p>\n<p>Potensial partlay\u0131c\u0131 m\u00fchitl\u0259rd\u0259 n\u0259qliyyat ventilyatoru Efi 75xx d\u00fczg\u00fcn se\u00e7imdir. T\u0259hl\u00fck\u0259li qazlar\u0131 t\u0259hl\u00fck\u0259siz v\u0259 tez \u00e7\u0131xar\u0131rlar.<\/p>\n<p>Korpus m\u00f6hk\u0259m ABS karbon plastikd\u0259n haz\u0131rlanm\u0131\u015fd\u0131r, g\u0259rginliyi yer\u0259 ke\u00e7ir v\u0259 bel\u0259likl\u0259, statik y\u00fckl\u0259rin v\u0259 bu s\u0259b\u0259bd\u0259n t\u0259hl\u00fck\u0259li q\u0131\u011f\u0131lc\u0131mlar\u0131n qar\u015f\u0131s\u0131n\u0131 al\u0131r. Korpus v\u0259 motorun m\u00f6h\u00fcrl\u0259nm\u0259si IP65 y\u00fcks\u0259k m\u00fchafiz\u0259 sinfin\u0259 uy\u011fundur v\u0259 toz v\u0259 suya qar\u015f\u0131 effektiv qorunma t\u0259klif edir. Antistatik \u015flanqlar t\u0259hl\u00fck\u0259siz i\u015fl\u0259m\u0259yi t\u0259min edir.<\/p>\n<p>ATEX: motor\/korpus: II 2 G Ex db eb IIB T6 Gb, II 2 G Ex IIB T6 Gb, Zona 1+2<\/p>\n<\/div>\n<\/div>\n","protected":false},"featured_media":28456,"template":"","meta":[],"product_brand":[],"product_cat":[809,1158,967],"product_tag":[],"class_list":{"0":"post-28461","1":"product","2":"type-product","3":"status-publish","4":"has-post-thumbnail","6":"product_cat-hava-nmlndiricisi-kondisioner-az-ventilyasiya-ventilyator","7":"product_cat-partlayisa-davamli-eksenel-ventilyator-az","8":"product_cat-ventilyasiya-az-ventilyator-havalandirma-eksenel-radial","10":"first","11":"instock","12":"shipping-taxable","13":"purchasable","14":"product-type-simple"},"yoast_head":"<!-- This site is optimized with the Yoast SEO plugin v27.1.1 - https:\/\/yoast.com\/product\/yoast-seo-wordpress\/ -->\n<title>UB 20xx \u2013 partlay\u0131\u015fa davaml\u0131 ventilyator \u015eaftlar\u0131n havaland\u0131r\u0131lmas\u0131 - GeoClimate.ge<\/title>\n<meta name=\"robots\" content=\"index, follow, max-snippet:-1, max-image-preview:large, max-video-preview:-1\" \/>\n<link rel=\"canonical\" href=\"https:\/\/geoclimate.ge\/az\/product\/ub-20xx-ex-proof-ventilator\/\" \/>\n<meta property=\"og:locale\" content=\"az_AZ\" \/>\n<meta property=\"og:type\" content=\"article\" \/>\n<meta property=\"og:title\" content=\"UB 20xx \u2013 partlay\u0131\u015fa davaml\u0131 ventilyator \u015eaftlar\u0131n havaland\u0131r\u0131lmas\u0131 - GeoClimate.ge\" \/>\n<meta property=\"og:description\" content=\"Eksenel ventilyator partlay\u0131\u015fa davaml\u0131d\u0131r  Potensial partlay\u0131c\u0131 m\u00fchitl\u0259rd\u0259 n\u0259qliyyat ventilyatoru Efi 75xx d\u00fczg\u00fcn se\u00e7imdir. T\u0259hl\u00fck\u0259li qazlar\u0131 t\u0259hl\u00fck\u0259siz v\u0259 tez \u00e7\u0131xar\u0131rlar.  Korpus m\u00f6hk\u0259m ABS karbon plastikd\u0259n haz\u0131rlanm\u0131\u015fd\u0131r, g\u0259rginliyi yer\u0259 ke\u00e7ir v\u0259 bel\u0259likl\u0259, statik y\u00fckl\u0259rin v\u0259 bu s\u0259b\u0259bd\u0259n t\u0259hl\u00fck\u0259li q\u0131\u011f\u0131lc\u0131mlar\u0131n qar\u015f\u0131s\u0131n\u0131 al\u0131r. Korpus v\u0259 motorun m\u00f6h\u00fcrl\u0259nm\u0259si IP65 y\u00fcks\u0259k m\u00fchafiz\u0259 sinfin\u0259 uy\u011fundur v\u0259 toz v\u0259 suya qar\u015f\u0131 effektiv qorunma t\u0259klif edir. Antistatik \u015flanqlar t\u0259hl\u00fck\u0259siz i\u015fl\u0259m\u0259yi t\u0259min edir.  ATEX: motor\/korpus: II 2 G Ex db eb IIB T6 Gb, II 2 G Ex IIB T6 Gb, Zona 1+2\" \/>\n<meta property=\"og:url\" content=\"https:\/\/geoclimate.ge\/az\/product\/ub-20xx-ex-proof-ventilator\/\" \/>\n<meta property=\"og:site_name\" content=\"GeoClimate.ge\" \/>\n<meta property=\"article:modified_time\" content=\"2025-04-07T12:49:22+00:00\" \/>\n<meta property=\"og:image\" content=\"https:\/\/geoclimate.ge\/wp-content\/uploads\/2025\/04\/Ventilator-UB20xx.jpg\" \/>\n\t<meta property=\"og:image:width\" content=\"1000\" \/>\n\t<meta property=\"og:image:height\" content=\"1000\" \/>\n\t<meta property=\"og:image:type\" content=\"image\/jpeg\" \/>\n<meta name=\"twitter:card\" content=\"summary_large_image\" \/>\n<meta name=\"twitter:label1\" content=\"Est. reading time\" \/>\n\t<meta name=\"twitter:data1\" content=\"3 minutes\" \/>\n<script type=\"application\/ld+json\" class=\"yoast-schema-graph\">{\"@context\":\"https:\/\/schema.org\",\"@graph\":[{\"@type\":\"WebPage\",\"@id\":\"https:\/\/geoclimate.ge\/az\/product\/ub-20xx-ex-proof-ventilator\/\",\"url\":\"https:\/\/geoclimate.ge\/az\/product\/ub-20xx-ex-proof-ventilator\/\",\"name\":\"UB 20xx \u2013 partlay\u0131\u015fa davaml\u0131 ventilyator \u015eaftlar\u0131n havaland\u0131r\u0131lmas\u0131 - GeoClimate.ge\",\"isPartOf\":{\"@id\":\"https:\/\/geoclimate.ge\/#website\"},\"primaryImageOfPage\":{\"@id\":\"https:\/\/geoclimate.ge\/az\/product\/ub-20xx-ex-proof-ventilator\/#primaryimage\"},\"image\":{\"@id\":\"https:\/\/geoclimate.ge\/az\/product\/ub-20xx-ex-proof-ventilator\/#primaryimage\"},\"thumbnailUrl\":\"https:\/\/geoclimate.ge\/wp-content\/uploads\/2025\/04\/Ventilator-UB20xx.jpg\",\"datePublished\":\"2025-04-07T12:14:54+00:00\",\"dateModified\":\"2025-04-07T12:49:22+00:00\",\"breadcrumb\":{\"@id\":\"https:\/\/geoclimate.ge\/az\/product\/ub-20xx-ex-proof-ventilator\/#breadcrumb\"},\"inLanguage\":\"az\",\"potentialAction\":[{\"@type\":\"ReadAction\",\"target\":[\"https:\/\/geoclimate.ge\/az\/product\/ub-20xx-ex-proof-ventilator\/\"]}]},{\"@type\":\"ImageObject\",\"inLanguage\":\"az\",\"@id\":\"https:\/\/geoclimate.ge\/az\/product\/ub-20xx-ex-proof-ventilator\/#primaryimage\",\"url\":\"https:\/\/geoclimate.ge\/wp-content\/uploads\/2025\/04\/Ventilator-UB20xx.jpg\",\"contentUrl\":\"https:\/\/geoclimate.ge\/wp-content\/uploads\/2025\/04\/Ventilator-UB20xx.jpg\",\"width\":1000,\"height\":1000},{\"@type\":\"BreadcrumbList\",\"@id\":\"https:\/\/geoclimate.ge\/az\/product\/ub-20xx-ex-proof-ventilator\/#breadcrumb\",\"itemListElement\":[{\"@type\":\"ListItem\",\"position\":1,\"name\":\"Home\",\"item\":\"https:\/\/geoclimate.ge\/az\/\"},{\"@type\":\"ListItem\",\"position\":2,\"name\":\"M\u0259hsullar\",\"item\":\"https:\/\/geoclimate.ge\/az\/products\/\"},{\"@type\":\"ListItem\",\"position\":3,\"name\":\"UB 20xx \u2013 partlay\u0131\u015fa davaml\u0131 ventilyator \u015eaftlar\u0131n havaland\u0131r\u0131lmas\u0131\"}]},{\"@type\":\"WebSite\",\"@id\":\"https:\/\/geoclimate.ge\/#website\",\"url\":\"https:\/\/geoclimate.ge\/\",\"name\":\"GeoClimate\",\"description\":\"\",\"publisher\":{\"@id\":\"https:\/\/geoclimate.ge\/#organization\"},\"potentialAction\":[{\"@type\":\"SearchAction\",\"target\":{\"@type\":\"EntryPoint\",\"urlTemplate\":\"https:\/\/geoclimate.ge\/?s={search_term_string}\"},\"query-input\":{\"@type\":\"PropertyValueSpecification\",\"valueRequired\":true,\"valueName\":\"search_term_string\"}}],\"inLanguage\":\"az\"},{\"@type\":\"Organization\",\"@id\":\"https:\/\/geoclimate.ge\/#organization\",\"name\":\"GeoClimate\",\"url\":\"https:\/\/geoclimate.ge\/\",\"logo\":{\"@type\":\"ImageObject\",\"inLanguage\":\"az\",\"@id\":\"https:\/\/geoclimate.ge\/#\/schema\/logo\/image\/\",\"url\":\"https:\/\/geoclimate.ge\/wp-content\/uploads\/2026\/03\/geoclimate-SEO.png\",\"contentUrl\":\"https:\/\/geoclimate.ge\/wp-content\/uploads\/2026\/03\/geoclimate-SEO.png\",\"width\":1536,\"height\":1024,\"caption\":\"GeoClimate\"},\"image\":{\"@id\":\"https:\/\/geoclimate.ge\/#\/schema\/logo\/image\/\"}}]}<\/script>\n<!-- \/ Yoast SEO plugin. -->","yoast_head_json":{"title":"UB 20xx \u2013 partlay\u0131\u015fa davaml\u0131 ventilyator \u015eaftlar\u0131n havaland\u0131r\u0131lmas\u0131 - GeoClimate.ge","robots":{"index":"index","follow":"follow","max-snippet":"max-snippet:-1","max-image-preview":"max-image-preview:large","max-video-preview":"max-video-preview:-1"},"canonical":"https:\/\/geoclimate.ge\/az\/product\/ub-20xx-ex-proof-ventilator\/","og_locale":"az_AZ","og_type":"article","og_title":"UB 20xx \u2013 partlay\u0131\u015fa davaml\u0131 ventilyator \u015eaftlar\u0131n havaland\u0131r\u0131lmas\u0131 - GeoClimate.ge","og_description":"Eksenel ventilyator partlay\u0131\u015fa davaml\u0131d\u0131r  Potensial partlay\u0131c\u0131 m\u00fchitl\u0259rd\u0259 n\u0259qliyyat ventilyatoru Efi 75xx d\u00fczg\u00fcn se\u00e7imdir. T\u0259hl\u00fck\u0259li qazlar\u0131 t\u0259hl\u00fck\u0259siz v\u0259 tez \u00e7\u0131xar\u0131rlar.  Korpus m\u00f6hk\u0259m ABS karbon plastikd\u0259n haz\u0131rlanm\u0131\u015fd\u0131r, g\u0259rginliyi yer\u0259 ke\u00e7ir v\u0259 bel\u0259likl\u0259, statik y\u00fckl\u0259rin v\u0259 bu s\u0259b\u0259bd\u0259n t\u0259hl\u00fck\u0259li q\u0131\u011f\u0131lc\u0131mlar\u0131n qar\u015f\u0131s\u0131n\u0131 al\u0131r. Korpus v\u0259 motorun m\u00f6h\u00fcrl\u0259nm\u0259si IP65 y\u00fcks\u0259k m\u00fchafiz\u0259 sinfin\u0259 uy\u011fundur v\u0259 toz v\u0259 suya qar\u015f\u0131 effektiv qorunma t\u0259klif edir. Antistatik \u015flanqlar t\u0259hl\u00fck\u0259siz i\u015fl\u0259m\u0259yi t\u0259min edir.  ATEX: motor\/korpus: II 2 G Ex db eb IIB T6 Gb, II 2 G Ex IIB T6 Gb, Zona 1+2","og_url":"https:\/\/geoclimate.ge\/az\/product\/ub-20xx-ex-proof-ventilator\/","og_site_name":"GeoClimate.ge","article_modified_time":"2025-04-07T12:49:22+00:00","og_image":[{"width":1000,"height":1000,"url":"https:\/\/geoclimate.ge\/wp-content\/uploads\/2025\/04\/Ventilator-UB20xx.jpg","type":"image\/jpeg"}],"twitter_card":"summary_large_image","twitter_misc":{"Est. reading time":"3 minutes"},"schema":{"@context":"https:\/\/schema.org","@graph":[{"@type":"WebPage","@id":"https:\/\/geoclimate.ge\/az\/product\/ub-20xx-ex-proof-ventilator\/","url":"https:\/\/geoclimate.ge\/az\/product\/ub-20xx-ex-proof-ventilator\/","name":"UB 20xx \u2013 partlay\u0131\u015fa davaml\u0131 ventilyator \u015eaftlar\u0131n havaland\u0131r\u0131lmas\u0131 - GeoClimate.ge","isPartOf":{"@id":"https:\/\/geoclimate.ge\/#website"},"primaryImageOfPage":{"@id":"https:\/\/geoclimate.ge\/az\/product\/ub-20xx-ex-proof-ventilator\/#primaryimage"},"image":{"@id":"https:\/\/geoclimate.ge\/az\/product\/ub-20xx-ex-proof-ventilator\/#primaryimage"},"thumbnailUrl":"https:\/\/geoclimate.ge\/wp-content\/uploads\/2025\/04\/Ventilator-UB20xx.jpg","datePublished":"2025-04-07T12:14:54+00:00","dateModified":"2025-04-07T12:49:22+00:00","breadcrumb":{"@id":"https:\/\/geoclimate.ge\/az\/product\/ub-20xx-ex-proof-ventilator\/#breadcrumb"},"inLanguage":"az","potentialAction":[{"@type":"ReadAction","target":["https:\/\/geoclimate.ge\/az\/product\/ub-20xx-ex-proof-ventilator\/"]}]},{"@type":"ImageObject","inLanguage":"az","@id":"https:\/\/geoclimate.ge\/az\/product\/ub-20xx-ex-proof-ventilator\/#primaryimage","url":"https:\/\/geoclimate.ge\/wp-content\/uploads\/2025\/04\/Ventilator-UB20xx.jpg","contentUrl":"https:\/\/geoclimate.ge\/wp-content\/uploads\/2025\/04\/Ventilator-UB20xx.jpg","width":1000,"height":1000},{"@type":"BreadcrumbList","@id":"https:\/\/geoclimate.ge\/az\/product\/ub-20xx-ex-proof-ventilator\/#breadcrumb","itemListElement":[{"@type":"ListItem","position":1,"name":"Home","item":"https:\/\/geoclimate.ge\/az\/"},{"@type":"ListItem","position":2,"name":"M\u0259hsullar","item":"https:\/\/geoclimate.ge\/az\/products\/"},{"@type":"ListItem","position":3,"name":"UB 20xx \u2013 partlay\u0131\u015fa davaml\u0131 ventilyator \u015eaftlar\u0131n havaland\u0131r\u0131lmas\u0131"}]},{"@type":"WebSite","@id":"https:\/\/geoclimate.ge\/#website","url":"https:\/\/geoclimate.ge\/","name":"GeoClimate","description":"","publisher":{"@id":"https:\/\/geoclimate.ge\/#organization"},"potentialAction":[{"@type":"SearchAction","target":{"@type":"EntryPoint","urlTemplate":"https:\/\/geoclimate.ge\/?s={search_term_string}"},"query-input":{"@type":"PropertyValueSpecification","valueRequired":true,"valueName":"search_term_string"}}],"inLanguage":"az"},{"@type":"Organization","@id":"https:\/\/geoclimate.ge\/#organization","name":"GeoClimate","url":"https:\/\/geoclimate.ge\/","logo":{"@type":"ImageObject","inLanguage":"az","@id":"https:\/\/geoclimate.ge\/#\/schema\/logo\/image\/","url":"https:\/\/geoclimate.ge\/wp-content\/uploads\/2026\/03\/geoclimate-SEO.png","contentUrl":"https:\/\/geoclimate.ge\/wp-content\/uploads\/2026\/03\/geoclimate-SEO.png","width":1536,"height":1024,"caption":"GeoClimate"},"image":{"@id":"https:\/\/geoclimate.ge\/#\/schema\/logo\/image\/"}}]}},"_links":{"self":[{"href":"https:\/\/geoclimate.ge\/az\/wp-json\/wp\/v2\/product\/28461","targetHints":{"allow":["GET"]}}],"collection":[{"href":"https:\/\/geoclimate.ge\/az\/wp-json\/wp\/v2\/product"}],"about":[{"href":"https:\/\/geoclimate.ge\/az\/wp-json\/wp\/v2\/types\/product"}],"wp:featuredmedia":[{"embeddable":true,"href":"https:\/\/geoclimate.ge\/az\/wp-json\/wp\/v2\/media\/28456"}],"wp:attachment":[{"href":"https:\/\/geoclimate.ge\/az\/wp-json\/wp\/v2\/media?parent=28461"}],"wp:term":[{"taxonomy":"product_brand","embeddable":true,"href":"https:\/\/geoclimate.ge\/az\/wp-json\/wp\/v2\/product_brand?post=28461"},{"taxonomy":"product_cat","embeddable":true,"href":"https:\/\/geoclimate.ge\/az\/wp-json\/wp\/v2\/product_cat?post=28461"},{"taxonomy":"product_tag","embeddable":true,"href":"https:\/\/geoclimate.ge\/az\/wp-json\/wp\/v2\/product_tag?post=28461"}],"curies":[{"name":"wp","href":"https:\/\/api.w.org\/{rel}","templated":true}]}}