{"id":28802,"date":"2025-04-09T20:39:03","date_gmt":"2025-04-09T16:39:03","guid":{"rendered":"https:\/\/airsystems.ge\/shop\/product\/trotec-tac-xt-18-multi-air-handler\/"},"modified":"2025-04-09T20:49:37","modified_gmt":"2025-04-09T16:49:37","slug":"trotec-tac-xt-18-multi-air-handler","status":"publish","type":"product","link":"https:\/\/geoclimate.ge\/az\/product\/trotec-tac-xt-18-multi-air-handler\/","title":{"rendered":"Trotec TAC XT 18 \u2013 \u00e7oxlu kondisioner"},"content":{"rendered":"<section class=\"max-w-[1088px] mx-auto w-full px-5 my-10 md:my-12 lg:my-16 xl:my-20 xl:px-0\" data-block=\"bullet-list\">\n<div class=\"md:text-center\">\n<h3 class=\"text-black font-bold text-lg md:text-xl lg:text-2xl\">\u018fsas x\u00fcsusiyy\u0259tl\u0259r<\/h3>\n<\/div>\n<div class=\"mt-6 md:mt-10\">\n<div class=\"flex flex-wrap\">\n<div class=\"w-full md:w-1\/2 auto-bullets md:pr-16\">\n<ul>\n<li class=\"text-sm md:text-base text-black mt-3 flex items-start\">\n<div class=\"pl-5\">HEPA havan\u0131n t\u0259mizl\u0259nm\u0259si, otaqlar\u0131n, s\u0259thl\u0259rin v\u0259 avadanl\u0131qlar\u0131n istilikl\u0259 dezinfeksiyas\u0131, z\u0259r\u0259rvericil\u0259r\u0259 qar\u015f\u0131 pe\u015f\u0259kar m\u00fcbariz\u0259 v\u0259 y\u00fcks\u0259k performansl\u0131 havan\u0131n t\u0259mizl\u0259nm\u0259si v\u0259 virus filtrasiyas\u0131 il\u0259 v\u0259 ya olmayan otaqlar\u0131n tam avtomatik q\u0131zd\u0131r\u0131lmas\u0131 \u00fc\u00e7\u00fcn unikal 4-\u00fc 1-d\u0259 cihaz.<br \/>\nOtaq v\u0259 ya s\u0259thin h\u0259d\u0259f temperaturu 0-dan maks. 75\u00b0C (ota\u011f\u0131n istil\u0259\u015fm\u0259si, dezinfeksiya v\u0259 ya dezinfeksiya \u00fc\u00e7\u00fcn)<br \/>\n\u0130deal balansla\u015fd\u0131r\u0131lm\u0131\u015f sistem komponentl\u0259ri m\u00fcxt\u0259lif t\u0259tbiql\u0259r \u00fc\u00e7\u00fcn h\u0259ll yolu t\u0259qdim edir<br \/>\n10 d\u0259qiq\u0259d\u0259n 16 saata q\u0259d\u0259r t\u0259nziml\u0259n\u0259n m\u00fcalic\u0259 d\u00f6vr\u00fc<br \/>\nProqramla\u015fd\u0131r\u0131la bil\u0259n sensor ekran<br \/>\nUSB vasit\u0259sil\u0259 idar\u0259etm\u0259 proqram\u0131n\u0131 yenil\u0259yin<br \/>\nFiltr d\u0259yi\u015fdirilm\u0259si \u00fc\u00e7\u00fcn g\u00f6st\u0259rici<br \/>\nPaslanmayan poladda m\u00f6vcuddur<\/div>\n<\/li>\n<\/ul>\n<\/div>\n<\/div>\n<\/div>\n<\/section>\n<section class=\"max-w-[1088px] mx-auto w-full px-5 my-10 md:my-12 lg:my-16 xl:my-20 xl:px-0\" data-block=\"product-specifications\">\n<div class=\"md:text-center\">\n<h3 class=\"text-black font-bold text-lg md:text-xl lg:text-2xl\"><strong>Product specifications<\/strong><\/h3>\n<\/div>\n<div class=\" md:mt-10\">\n<div class=\"\">\n<div class=\"lg:mt-0 \">\n<div id=\"spec-tac-xt-18\" class=\"prose max-w-full md:overflow-auto\" data-spec-content=\"\">\n<div class=\"spreadsheet-container hidden md:block\">\n<table class=\"w-full table-fixed mb-0\">\n<thead>\n<tr>\n<th class=\"font-bold text-base\"><span class=\"block px-4\">Specifications<\/span><\/th>\n<th class=\"font-bold text-base text-center\"><span class=\"block px-10 md:px-20\">Units<\/span><\/th>\n<th class=\"font-bold text-base text-center will-change\"><span class=\"block px-4\">TAC\u00a0XT\u00a018<\/span><\/th>\n<\/tr>\n<\/thead>\n<tbody>\n<tr class=\"bg-grey-200\/50 p-2\">\n<td colspan=\"1\"><span class=\"block px-4\">Heating power<\/span><\/td>\n<td class=\"text-center\">\n<div class=\"px-10 md:px-20 flex items-center justify-center\">kW<\/div>\n<\/td>\n<td class=\"text-center will-change\">\n<div class=\"px-10 md:px-20 flex items-center justify-center\">18<\/div>\n<\/td>\n<\/tr>\n<tr class=\" p-2\">\n<td colspan=\"1\"><span class=\"block px-4\">Max. air outlet temperature<\/span><\/td>\n<td class=\"text-center\">\n<div class=\"px-10 md:px-20 flex items-center justify-center\">\u00b0C<\/div>\n<\/td>\n<td class=\"text-center will-change\">\n<div class=\"px-10 md:px-20 flex items-center justify-center\">95<\/div>\n<\/td>\n<\/tr>\n<tr class=\"bg-grey-200\/50 p-2\">\n<td colspan=\"1\"><span class=\"block px-4\">Fan<\/span><\/td>\n<td class=\"text-center\">\n<div class=\"px-10 md:px-20 flex items-center justify-center\"><\/div>\n<\/td>\n<td class=\"text-center will-change\">\n<div class=\"px-10 md:px-20 flex items-center justify-center\">Radial<\/div>\n<\/td>\n<\/tr>\n<tr class=\" p-2\">\n<td colspan=\"1\"><span class=\"block px-4\">Sound values ISO 11203<\/span><\/td>\n<td class=\"text-center\">\n<div class=\"px-10 md:px-20 flex items-center justify-center\">dB(A)<\/div>\n<\/td>\n<td class=\"text-center will-change\">\n<div class=\"px-10 md:px-20 flex items-center justify-center\">35-59<\/div>\n<\/td>\n<\/tr>\n<tr class=\"bg-grey-200\/50 p-2\">\n<td colspan=\"1\"><span class=\"block px-4\">Air flow without\/with H14 filter<\/span><\/td>\n<td class=\"text-center\">\n<div class=\"px-10 md:px-20 flex items-center justify-center\">m\u00b3\/h<\/div>\n<\/td>\n<td class=\"text-center will-change\">\n<div class=\"px-10 md:px-20 flex items-center justify-center\">2,500\/1,200<\/div>\n<\/td>\n<\/tr>\n<tr class=\" p-2\">\n<td colspan=\"1\"><span class=\"block px-4\">Power supply<\/span><\/td>\n<td class=\"text-center\">\n<div class=\"px-10 md:px-20 flex items-center justify-center\">V\/Hz<\/div>\n<\/td>\n<td class=\"text-center will-change\">\n<div class=\"px-10 md:px-20 flex items-center justify-center\">2 x 380-480\/3ph\/50-60<\/div>\n<\/td>\n<\/tr>\n<tr class=\"bg-grey-200\/50 p-2\">\n<td colspan=\"1\"><span class=\"block px-4\">Electric power<\/span><\/td>\n<td class=\"text-center\">\n<div class=\"px-10 md:px-20 flex items-center justify-center\">kW<\/div>\n<\/td>\n<td class=\"text-center will-change\">\n<div class=\"px-10 md:px-20 flex items-center justify-center\">18<\/div>\n<\/td>\n<\/tr>\n<tr class=\" p-2\">\n<td colspan=\"1\"><span class=\"block px-4\">Connection plug<\/span><\/td>\n<td class=\"text-center\">\n<div class=\"px-10 md:px-20 flex items-center justify-center\">A<\/div>\n<\/td>\n<td class=\"text-center will-change\">\n<div class=\"px-10 md:px-20 flex items-center justify-center\">2 x CEE 16 A<\/div>\n<\/td>\n<\/tr>\n<tr class=\"bg-grey-200\/50 p-2\">\n<td colspan=\"1\"><span class=\"block px-4\">Rated current<\/span><\/td>\n<td class=\"text-center\">\n<div class=\"px-10 md:px-20 flex items-center justify-center\">A<\/div>\n<\/td>\n<td class=\"text-center will-change\">\n<div class=\"px-10 md:px-20 flex items-center justify-center\">32<\/div>\n<\/td>\n<\/tr>\n<tr class=\" p-2\">\n<td colspan=\"1\"><span class=\"block px-4\">Product size (l x w x h)<\/span><\/td>\n<td class=\"text-center\">\n<div class=\"px-10 md:px-20 flex items-center justify-center\">mm<\/div>\n<\/td>\n<td class=\"text-center will-change\">\n<div class=\"px-10 md:px-20 flex items-center justify-center\">690 x 630 x 1300<\/div>\n<\/td>\n<\/tr>\n<tr class=\"bg-grey-200\/50 p-2\">\n<td colspan=\"1\"><span class=\"block px-4\">Product size (FlowExtender) (l x w x h)<\/span><\/td>\n<td class=\"text-center\">\n<div class=\"px-10 md:px-20 flex items-center justify-center\">mm<\/div>\n<\/td>\n<td class=\"text-center will-change\">\n<div class=\"px-10 md:px-20 flex items-center justify-center\">690 x 630 x 2300<\/div>\n<\/td>\n<\/tr>\n<tr class=\" p-2\">\n<td colspan=\"1\"><span class=\"block px-4\">Weight<\/span><\/td>\n<td class=\"text-center\">\n<div class=\"px-10 md:px-20 flex items-center justify-center\">kg<\/div>\n<\/td>\n<td class=\"text-center will-change\">\n<div class=\"px-10 md:px-20 flex items-center justify-center\">93.1<\/div>\n<\/td>\n<\/tr>\n<\/tbody>\n<\/table>\n<\/div>\n<\/div>\n<\/div>\n<\/div>\n<\/div>\n<\/section>\n<section class=\"max-w-[1088px] mx-auto w-full px-5 my-10 md:my-12 lg:my-16 xl:my-20 xl:px-0\" data-block=\"link-list\">\n<div class=\"max-w-[1088px] mx-auto\">\n<div class=\"md:text-center\">\n<ul>\n<li class=\"flex items-center gap-5 text-sm text-black mt-3 md:text-base lg:text-lg\"><strong>Uy\u011fundur:<\/strong><\/li>\n<\/ul>\n<\/div>\n<div class=\"mt-6 max-w-4xl mx-auto\">\n<div class=\"flex flex-wrap md:ml-20\">\n<div class=\"w-full md:w-1\/2 auto-bullets md:pr-16\">\n<ul>\n<li class=\"flex items-center gap-5 text-sm text-black mt-3 md:text-base lg:text-lg\">K\u0259nd t\u0259s\u0259rr\u00fcfat\u0131<br \/>\nTicar\u0259t binalar\u0131<br \/>\nN\u0259qliyyat v\u0259 logistika<\/li>\n<\/ul>\n<\/div>\n<\/div>\n<\/div>\n<\/div>\n<\/section>\n","protected":false},"excerpt":{"rendered":"<div class=\"max-w-4xl\">\n<div class=\"text-xl font-bold mt-1 md:mt-2\">\n<p>\u00c7oxlu hava idar\u0259edicil\u0259ri<\/p>\n<p>TAC XT 18 pe\u015f\u0259kar y\u00fcks\u0259k performansl\u0131 otaq isitm\u0259, H14 HEPA havan\u0131n t\u0259mizl\u0259nm\u0259si, termal dezinfeksiya v\u0259 istilik dezinfeksiyas\u0131 \u00fc\u00e7\u00fcn n\u0259z\u0259rd\u0259 tutulmu\u015f \u00e7ox y\u00f6nl\u00fc v\u0259 mobil multi kondisionerdir. Y\u0131\u011fcam v\u0259 mobil dizayn\u0131 v\u0259 18 kVt istilik tutumu il\u0259 bu ham\u0131s\u0131 bir yerd\u0259 cihaz y\u00fcks\u0259k performansl\u0131 havan\u0131n t\u0259mizl\u0259nm\u0259si, otaqlar\u0131n q\u0131zd\u0131r\u0131lmas\u0131, termal dezinfeksiya v\u0259 istilikl\u0259 z\u0259r\u0259rsizl\u0259\u015fdirilm\u0259si daxil olmaqla m\u00fcxt\u0259lif v\u0259zif\u0259l\u0259ri yerin\u0259 yetir\u0259 bil\u0259r. Sensorlu ekran v\u0259 avtomatik idar\u0259etm\u0259 sistemi il\u0259 t\u0259chiz edilmi\u015f, m\u00fcxt\u0259lif inteqrasiya olunmu\u015f t\u0259tbiq proqramlar\u0131 il\u0259 t\u0259chiz edilmi\u015fdir. TAC XT 18 h\u0259m\u00e7inin viruslar\u0131n \u00e7\u0131xar\u0131lmas\u0131 \u00fc\u00e7\u00fcn \u0259lav\u0259 H14 HEPA filtrasiyas\u0131n\u0131 v\u0259 t\u0259kmill\u0259\u015fdirilmi\u015f filtr gigiyenas\u0131 \u00fc\u00e7\u00fcn avtomatik filtr b\u0259rpas\u0131n\u0131 t\u0259klif edir. Onun m\u00f6hk\u0259m v\u0259 mobil dizayn\u0131 m\u00fcxt\u0259lif yerl\u0259rd\u0259 asan qura\u015fd\u0131rma v\u0259 istifad\u0259y\u0259 imkan verir.<\/p>\n<p>T\u0259l\u0259b olunan t\u0259tbiql\u0259riniz\u0259 cavab verm\u0259k \u00fc\u00e7\u00fcn b\u00fct\u00fcn istilik dezinfeksiya q\u0131zd\u0131r\u0131c\u0131lar\u0131m\u0131za v\u0259 dig\u0259r n\u00f6v mobil v\u0259 portativ q\u0131zd\u0131r\u0131c\u0131lar\u0131m\u0131za bax\u0131n.<\/p>\n<\/div>\n<\/div>\n","protected":false},"featured_media":28785,"template":"","meta":[],"product_brand":[],"product_cat":[812,809],"product_tag":[],"class_list":{"0":"post-28802","1":"product","2":"type-product","3":"status-publish","4":"has-post-thumbnail","6":"product_cat-hava-tmizlyicisi-tmizlm-toz-filtr","7":"product_cat-hava-nmlndiricisi-kondisioner-az-ventilyasiya-ventilyator","9":"first","10":"instock","11":"shipping-taxable","12":"product-type-simple"},"yoast_head":"<!-- This site is optimized with the Yoast SEO plugin v27.1.1 - https:\/\/yoast.com\/product\/yoast-seo-wordpress\/ -->\n<title>Trotec TAC XT 18 \u2013 \u00e7oxlu kondisioner - GeoClimate.ge<\/title>\n<meta name=\"robots\" content=\"index, follow, max-snippet:-1, max-image-preview:large, max-video-preview:-1\" \/>\n<link rel=\"canonical\" href=\"https:\/\/geoclimate.ge\/az\/product\/trotec-tac-xt-18-multi-air-handler\/\" \/>\n<meta property=\"og:locale\" content=\"az_AZ\" \/>\n<meta property=\"og:type\" content=\"article\" \/>\n<meta property=\"og:title\" content=\"Trotec TAC XT 18 \u2013 \u00e7oxlu kondisioner - GeoClimate.ge\" \/>\n<meta property=\"og:description\" content=\"\u00c7oxlu hava idar\u0259edicil\u0259ri  TAC XT 18 pe\u015f\u0259kar y\u00fcks\u0259k performansl\u0131 otaq isitm\u0259, H14 HEPA havan\u0131n t\u0259mizl\u0259nm\u0259si, termal dezinfeksiya v\u0259 istilik dezinfeksiyas\u0131 \u00fc\u00e7\u00fcn n\u0259z\u0259rd\u0259 tutulmu\u015f \u00e7ox y\u00f6nl\u00fc v\u0259 mobil multi kondisionerdir. Y\u0131\u011fcam v\u0259 mobil dizayn\u0131 v\u0259 18 kVt istilik tutumu il\u0259 bu ham\u0131s\u0131 bir yerd\u0259 cihaz y\u00fcks\u0259k performansl\u0131 havan\u0131n t\u0259mizl\u0259nm\u0259si, otaqlar\u0131n q\u0131zd\u0131r\u0131lmas\u0131, termal dezinfeksiya v\u0259 istilikl\u0259 z\u0259r\u0259rsizl\u0259\u015fdirilm\u0259si daxil olmaqla m\u00fcxt\u0259lif v\u0259zif\u0259l\u0259ri yerin\u0259 yetir\u0259 bil\u0259r. Sensorlu ekran v\u0259 avtomatik idar\u0259etm\u0259 sistemi il\u0259 t\u0259chiz edilmi\u015f, m\u00fcxt\u0259lif inteqrasiya olunmu\u015f t\u0259tbiq proqramlar\u0131 il\u0259 t\u0259chiz edilmi\u015fdir. TAC XT 18 h\u0259m\u00e7inin viruslar\u0131n \u00e7\u0131xar\u0131lmas\u0131 \u00fc\u00e7\u00fcn \u0259lav\u0259 H14 HEPA filtrasiyas\u0131n\u0131 v\u0259 t\u0259kmill\u0259\u015fdirilmi\u015f filtr gigiyenas\u0131 \u00fc\u00e7\u00fcn avtomatik filtr b\u0259rpas\u0131n\u0131 t\u0259klif edir. Onun m\u00f6hk\u0259m v\u0259 mobil dizayn\u0131 m\u00fcxt\u0259lif yerl\u0259rd\u0259 asan qura\u015fd\u0131rma v\u0259 istifad\u0259y\u0259 imkan verir.  T\u0259l\u0259b olunan t\u0259tbiql\u0259riniz\u0259 cavab verm\u0259k \u00fc\u00e7\u00fcn b\u00fct\u00fcn istilik dezinfeksiya q\u0131zd\u0131r\u0131c\u0131lar\u0131m\u0131za v\u0259 dig\u0259r n\u00f6v mobil v\u0259 portativ q\u0131zd\u0131r\u0131c\u0131lar\u0131m\u0131za bax\u0131n.\" \/>\n<meta property=\"og:url\" content=\"https:\/\/geoclimate.ge\/az\/product\/trotec-tac-xt-18-multi-air-handler\/\" \/>\n<meta property=\"og:site_name\" content=\"GeoClimate.ge\" \/>\n<meta property=\"article:modified_time\" content=\"2025-04-09T16:49:37+00:00\" \/>\n<meta property=\"og:image\" content=\"https:\/\/geoclimate.ge\/wp-content\/uploads\/2025\/04\/Trotec-TAC-XT-18-main-right.jpg\" \/>\n\t<meta property=\"og:image:width\" content=\"1000\" \/>\n\t<meta property=\"og:image:height\" content=\"1000\" \/>\n\t<meta property=\"og:image:type\" content=\"image\/jpeg\" \/>\n<meta name=\"twitter:card\" content=\"summary_large_image\" \/>\n<meta name=\"twitter:label1\" content=\"Est. reading time\" \/>\n\t<meta name=\"twitter:data1\" content=\"1 minute\" \/>\n<script type=\"application\/ld+json\" class=\"yoast-schema-graph\">{\"@context\":\"https:\/\/schema.org\",\"@graph\":[{\"@type\":\"WebPage\",\"@id\":\"https:\/\/geoclimate.ge\/az\/product\/trotec-tac-xt-18-multi-air-handler\/\",\"url\":\"https:\/\/geoclimate.ge\/az\/product\/trotec-tac-xt-18-multi-air-handler\/\",\"name\":\"Trotec TAC XT 18 \u2013 \u00e7oxlu kondisioner - GeoClimate.ge\",\"isPartOf\":{\"@id\":\"https:\/\/geoclimate.ge\/#website\"},\"primaryImageOfPage\":{\"@id\":\"https:\/\/geoclimate.ge\/az\/product\/trotec-tac-xt-18-multi-air-handler\/#primaryimage\"},\"image\":{\"@id\":\"https:\/\/geoclimate.ge\/az\/product\/trotec-tac-xt-18-multi-air-handler\/#primaryimage\"},\"thumbnailUrl\":\"https:\/\/geoclimate.ge\/wp-content\/uploads\/2025\/04\/Trotec-TAC-XT-18-main-right.jpg\",\"datePublished\":\"2025-04-09T16:39:03+00:00\",\"dateModified\":\"2025-04-09T16:49:37+00:00\",\"breadcrumb\":{\"@id\":\"https:\/\/geoclimate.ge\/az\/product\/trotec-tac-xt-18-multi-air-handler\/#breadcrumb\"},\"inLanguage\":\"az\",\"potentialAction\":[{\"@type\":\"ReadAction\",\"target\":[\"https:\/\/geoclimate.ge\/az\/product\/trotec-tac-xt-18-multi-air-handler\/\"]}]},{\"@type\":\"ImageObject\",\"inLanguage\":\"az\",\"@id\":\"https:\/\/geoclimate.ge\/az\/product\/trotec-tac-xt-18-multi-air-handler\/#primaryimage\",\"url\":\"https:\/\/geoclimate.ge\/wp-content\/uploads\/2025\/04\/Trotec-TAC-XT-18-main-right.jpg\",\"contentUrl\":\"https:\/\/geoclimate.ge\/wp-content\/uploads\/2025\/04\/Trotec-TAC-XT-18-main-right.jpg\",\"width\":1000,\"height\":1000},{\"@type\":\"BreadcrumbList\",\"@id\":\"https:\/\/geoclimate.ge\/az\/product\/trotec-tac-xt-18-multi-air-handler\/#breadcrumb\",\"itemListElement\":[{\"@type\":\"ListItem\",\"position\":1,\"name\":\"Home\",\"item\":\"https:\/\/geoclimate.ge\/az\/\"},{\"@type\":\"ListItem\",\"position\":2,\"name\":\"M\u0259hsullar\",\"item\":\"https:\/\/geoclimate.ge\/az\/products\/\"},{\"@type\":\"ListItem\",\"position\":3,\"name\":\"Trotec TAC XT 18 \u2013 \u00e7oxlu kondisioner\"}]},{\"@type\":\"WebSite\",\"@id\":\"https:\/\/geoclimate.ge\/#website\",\"url\":\"https:\/\/geoclimate.ge\/\",\"name\":\"GeoClimate\",\"description\":\"\",\"publisher\":{\"@id\":\"https:\/\/geoclimate.ge\/#organization\"},\"potentialAction\":[{\"@type\":\"SearchAction\",\"target\":{\"@type\":\"EntryPoint\",\"urlTemplate\":\"https:\/\/geoclimate.ge\/?s={search_term_string}\"},\"query-input\":{\"@type\":\"PropertyValueSpecification\",\"valueRequired\":true,\"valueName\":\"search_term_string\"}}],\"inLanguage\":\"az\"},{\"@type\":\"Organization\",\"@id\":\"https:\/\/geoclimate.ge\/#organization\",\"name\":\"GeoClimate\",\"url\":\"https:\/\/geoclimate.ge\/\",\"logo\":{\"@type\":\"ImageObject\",\"inLanguage\":\"az\",\"@id\":\"https:\/\/geoclimate.ge\/#\/schema\/logo\/image\/\",\"url\":\"https:\/\/geoclimate.ge\/wp-content\/uploads\/2026\/03\/geoclimate-SEO.png\",\"contentUrl\":\"https:\/\/geoclimate.ge\/wp-content\/uploads\/2026\/03\/geoclimate-SEO.png\",\"width\":1536,\"height\":1024,\"caption\":\"GeoClimate\"},\"image\":{\"@id\":\"https:\/\/geoclimate.ge\/#\/schema\/logo\/image\/\"}}]}<\/script>\n<!-- \/ Yoast SEO plugin. -->","yoast_head_json":{"title":"Trotec TAC XT 18 \u2013 \u00e7oxlu kondisioner - GeoClimate.ge","robots":{"index":"index","follow":"follow","max-snippet":"max-snippet:-1","max-image-preview":"max-image-preview:large","max-video-preview":"max-video-preview:-1"},"canonical":"https:\/\/geoclimate.ge\/az\/product\/trotec-tac-xt-18-multi-air-handler\/","og_locale":"az_AZ","og_type":"article","og_title":"Trotec TAC XT 18 \u2013 \u00e7oxlu kondisioner - GeoClimate.ge","og_description":"\u00c7oxlu hava idar\u0259edicil\u0259ri  TAC XT 18 pe\u015f\u0259kar y\u00fcks\u0259k performansl\u0131 otaq isitm\u0259, H14 HEPA havan\u0131n t\u0259mizl\u0259nm\u0259si, termal dezinfeksiya v\u0259 istilik dezinfeksiyas\u0131 \u00fc\u00e7\u00fcn n\u0259z\u0259rd\u0259 tutulmu\u015f \u00e7ox y\u00f6nl\u00fc v\u0259 mobil multi kondisionerdir. Y\u0131\u011fcam v\u0259 mobil dizayn\u0131 v\u0259 18 kVt istilik tutumu il\u0259 bu ham\u0131s\u0131 bir yerd\u0259 cihaz y\u00fcks\u0259k performansl\u0131 havan\u0131n t\u0259mizl\u0259nm\u0259si, otaqlar\u0131n q\u0131zd\u0131r\u0131lmas\u0131, termal dezinfeksiya v\u0259 istilikl\u0259 z\u0259r\u0259rsizl\u0259\u015fdirilm\u0259si daxil olmaqla m\u00fcxt\u0259lif v\u0259zif\u0259l\u0259ri yerin\u0259 yetir\u0259 bil\u0259r. Sensorlu ekran v\u0259 avtomatik idar\u0259etm\u0259 sistemi il\u0259 t\u0259chiz edilmi\u015f, m\u00fcxt\u0259lif inteqrasiya olunmu\u015f t\u0259tbiq proqramlar\u0131 il\u0259 t\u0259chiz edilmi\u015fdir. TAC XT 18 h\u0259m\u00e7inin viruslar\u0131n \u00e7\u0131xar\u0131lmas\u0131 \u00fc\u00e7\u00fcn \u0259lav\u0259 H14 HEPA filtrasiyas\u0131n\u0131 v\u0259 t\u0259kmill\u0259\u015fdirilmi\u015f filtr gigiyenas\u0131 \u00fc\u00e7\u00fcn avtomatik filtr b\u0259rpas\u0131n\u0131 t\u0259klif edir. Onun m\u00f6hk\u0259m v\u0259 mobil dizayn\u0131 m\u00fcxt\u0259lif yerl\u0259rd\u0259 asan qura\u015fd\u0131rma v\u0259 istifad\u0259y\u0259 imkan verir.  T\u0259l\u0259b olunan t\u0259tbiql\u0259riniz\u0259 cavab verm\u0259k \u00fc\u00e7\u00fcn b\u00fct\u00fcn istilik dezinfeksiya q\u0131zd\u0131r\u0131c\u0131lar\u0131m\u0131za v\u0259 dig\u0259r n\u00f6v mobil v\u0259 portativ q\u0131zd\u0131r\u0131c\u0131lar\u0131m\u0131za bax\u0131n.","og_url":"https:\/\/geoclimate.ge\/az\/product\/trotec-tac-xt-18-multi-air-handler\/","og_site_name":"GeoClimate.ge","article_modified_time":"2025-04-09T16:49:37+00:00","og_image":[{"width":1000,"height":1000,"url":"https:\/\/geoclimate.ge\/wp-content\/uploads\/2025\/04\/Trotec-TAC-XT-18-main-right.jpg","type":"image\/jpeg"}],"twitter_card":"summary_large_image","twitter_misc":{"Est. reading time":"1 minute"},"schema":{"@context":"https:\/\/schema.org","@graph":[{"@type":"WebPage","@id":"https:\/\/geoclimate.ge\/az\/product\/trotec-tac-xt-18-multi-air-handler\/","url":"https:\/\/geoclimate.ge\/az\/product\/trotec-tac-xt-18-multi-air-handler\/","name":"Trotec TAC XT 18 \u2013 \u00e7oxlu kondisioner - GeoClimate.ge","isPartOf":{"@id":"https:\/\/geoclimate.ge\/#website"},"primaryImageOfPage":{"@id":"https:\/\/geoclimate.ge\/az\/product\/trotec-tac-xt-18-multi-air-handler\/#primaryimage"},"image":{"@id":"https:\/\/geoclimate.ge\/az\/product\/trotec-tac-xt-18-multi-air-handler\/#primaryimage"},"thumbnailUrl":"https:\/\/geoclimate.ge\/wp-content\/uploads\/2025\/04\/Trotec-TAC-XT-18-main-right.jpg","datePublished":"2025-04-09T16:39:03+00:00","dateModified":"2025-04-09T16:49:37+00:00","breadcrumb":{"@id":"https:\/\/geoclimate.ge\/az\/product\/trotec-tac-xt-18-multi-air-handler\/#breadcrumb"},"inLanguage":"az","potentialAction":[{"@type":"ReadAction","target":["https:\/\/geoclimate.ge\/az\/product\/trotec-tac-xt-18-multi-air-handler\/"]}]},{"@type":"ImageObject","inLanguage":"az","@id":"https:\/\/geoclimate.ge\/az\/product\/trotec-tac-xt-18-multi-air-handler\/#primaryimage","url":"https:\/\/geoclimate.ge\/wp-content\/uploads\/2025\/04\/Trotec-TAC-XT-18-main-right.jpg","contentUrl":"https:\/\/geoclimate.ge\/wp-content\/uploads\/2025\/04\/Trotec-TAC-XT-18-main-right.jpg","width":1000,"height":1000},{"@type":"BreadcrumbList","@id":"https:\/\/geoclimate.ge\/az\/product\/trotec-tac-xt-18-multi-air-handler\/#breadcrumb","itemListElement":[{"@type":"ListItem","position":1,"name":"Home","item":"https:\/\/geoclimate.ge\/az\/"},{"@type":"ListItem","position":2,"name":"M\u0259hsullar","item":"https:\/\/geoclimate.ge\/az\/products\/"},{"@type":"ListItem","position":3,"name":"Trotec TAC XT 18 \u2013 \u00e7oxlu kondisioner"}]},{"@type":"WebSite","@id":"https:\/\/geoclimate.ge\/#website","url":"https:\/\/geoclimate.ge\/","name":"GeoClimate","description":"","publisher":{"@id":"https:\/\/geoclimate.ge\/#organization"},"potentialAction":[{"@type":"SearchAction","target":{"@type":"EntryPoint","urlTemplate":"https:\/\/geoclimate.ge\/?s={search_term_string}"},"query-input":{"@type":"PropertyValueSpecification","valueRequired":true,"valueName":"search_term_string"}}],"inLanguage":"az"},{"@type":"Organization","@id":"https:\/\/geoclimate.ge\/#organization","name":"GeoClimate","url":"https:\/\/geoclimate.ge\/","logo":{"@type":"ImageObject","inLanguage":"az","@id":"https:\/\/geoclimate.ge\/#\/schema\/logo\/image\/","url":"https:\/\/geoclimate.ge\/wp-content\/uploads\/2026\/03\/geoclimate-SEO.png","contentUrl":"https:\/\/geoclimate.ge\/wp-content\/uploads\/2026\/03\/geoclimate-SEO.png","width":1536,"height":1024,"caption":"GeoClimate"},"image":{"@id":"https:\/\/geoclimate.ge\/#\/schema\/logo\/image\/"}}]}},"_links":{"self":[{"href":"https:\/\/geoclimate.ge\/az\/wp-json\/wp\/v2\/product\/28802","targetHints":{"allow":["GET"]}}],"collection":[{"href":"https:\/\/geoclimate.ge\/az\/wp-json\/wp\/v2\/product"}],"about":[{"href":"https:\/\/geoclimate.ge\/az\/wp-json\/wp\/v2\/types\/product"}],"wp:featuredmedia":[{"embeddable":true,"href":"https:\/\/geoclimate.ge\/az\/wp-json\/wp\/v2\/media\/28785"}],"wp:attachment":[{"href":"https:\/\/geoclimate.ge\/az\/wp-json\/wp\/v2\/media?parent=28802"}],"wp:term":[{"taxonomy":"product_brand","embeddable":true,"href":"https:\/\/geoclimate.ge\/az\/wp-json\/wp\/v2\/product_brand?post=28802"},{"taxonomy":"product_cat","embeddable":true,"href":"https:\/\/geoclimate.ge\/az\/wp-json\/wp\/v2\/product_cat?post=28802"},{"taxonomy":"product_tag","embeddable":true,"href":"https:\/\/geoclimate.ge\/az\/wp-json\/wp\/v2\/product_tag?post=28802"}],"curies":[{"name":"wp","href":"https:\/\/api.w.org\/{rel}","templated":true}]}}