{"id":29324,"date":"2025-04-12T13:27:55","date_gmt":"2025-04-12T09:27:55","guid":{"rendered":"https:\/\/airsystems.ge\/shop\/product\/dantherm-cdf-10-condensation-dehumidifier\/"},"modified":"2025-04-12T13:52:01","modified_gmt":"2025-04-12T09:52:01","slug":"dantherm-cdf-10-condensation-dehumidifier","status":"publish","type":"product","link":"https:\/\/geoclimate.ge\/az\/product\/dantherm-cdf-10-condensation-dehumidifier\/","title":{"rendered":"Dantherm CDF 10 \u2013 kondensasiya n\u0259ml\u0259ndiricisi"},"content":{"rendered":"<section class=\"max-w-[1088px] mx-auto w-full px-5 my-10 md:my-12 lg:my-16 xl:my-20 xl:px-0\" data-block=\"bullet-list\">\n<div class=\"md:text-center\">\n<h3 class=\"text-black font-bold text-lg md:text-xl lg:text-2xl\">\u018fsas x\u00fcsusiyy\u0259tl\u0259r<\/h3>\n<\/div>\n<div class=\"mt-6 md:mt-10\">\n<div class=\"flex flex-wrap\">\n<div class=\"w-full md:w-1\/2 auto-bullets md:pr-16\">\n<ul>\n<li class=\"text-sm md:text-base text-black mt-3 flex items-start\">\n<div class=\"pl-5\">G\u00fccl\u00fc v\u0259 m\u00f6hk\u0259m tozla \u00f6rt\u00fclm\u00fc\u015f isti sinkl\u0259nmi\u015f t\u0259b\u0259q\u0259 metal \u015fkaf\u0131n i\u00e7in\u0259 qura\u015fd\u0131r\u0131lm\u0131\u015fd\u0131r<br \/>\nBuxarland\u0131r\u0131c\u0131 v\u0259 kondensator rulonlar\u0131 y\u00fcks\u0259k korroziyaya davaml\u0131l\u0131q \u00fc\u00e7\u00fcn epoksi \u00f6rt\u00fckl\u00fcd\u00fcr<br \/>\nKondensat \u00e7\u0131x\u0131\u015f\u0131 CDF n\u0259ml\u0259ndiricisinin a\u015fa\u011f\u0131 hiss\u0259sind\u0259 yerl\u0259\u015fir. \u00c7\u0131x\u0131\u015f \u015flanq\u0131 su \u015flanq\u0131na qo\u015fula bil\u0259r<br \/>\n\u00d6n qapaqdan asanl\u0131qla \u0259ld\u0259 edil\u0259 bil\u0259n yuyula bil\u0259n hava filtrl\u0259ri<br \/>\nPistonlu kompressor<br \/>\nEksenel fan<br \/>\nElektron idar\u0259etm\u0259 v\u0259 istifad\u0259\u00e7i dostu ekran paneli<br \/>\nAktiv, t\u0259l\u0259batla idar\u0259 olunan defrost<br \/>\nA\u011f v\u0259 boz r\u0259ngl\u0259rd\u0259 m\u00f6vcuddur<\/div>\n<\/li>\n<\/ul>\n<\/div>\n<\/div>\n<\/div>\n<\/section>\n<section class=\"max-w-[1088px] mx-auto w-full my-10 md:my-12 lg:my-16 xl:my-20\" data-block=\"content-block\">\n<div class=\"max-w-[1088px] mx-auto\">\n<div class=\"flex flex-col items-center gap-6 px-5 w-full md:grid md:grid-cols-12 md:items-stretch xl:px-0\" data-content-block=\"container\">\n<div class=\"relative flex flex-col gap-5 w-full md:col-span-12 md:col-start-1 sm:items-start sm:text-left order-first md:order-none\" data-content-block=\"column\">\n<div class=\"prose text-pretty max-w-full text-left text-black prose-p:text-black prose-headings:mt-6 prose-headings:mb-3 md:prose-headings:text-lg prose-a:text-current prose-a:transition prose-a:ease-linear prose-a:duration-300\" data-content-block=\"text\">\n<p>CDF 10 kondensasiya prinsipin\u0259 uy\u011fun i\u015fl\u0259yir. Bir fan r\u00fctub\u0259tli havan\u0131 n\u0259ml\u0259ndiriciy\u0259 v\u0259 buxarland\u0131r\u0131c\u0131 bobin vasit\u0259sil\u0259 \u00e7\u0259kir. Buxarland\u0131r\u0131c\u0131dan ke\u00e7\u0259rk\u0259n hava \u015feh n\u00f6qt\u0259si temperaturundan a\u015fa\u011f\u0131ya q\u0259d\u0259r soyudulur v\u0259 t\u0259rkibind\u0259ki su buxar\u0131 suya qat\u0131la\u015fd\u0131r\u0131l\u0131r, damc\u0131 qab\u0131na d\u00fc\u015f\u00fcr v\u0259 sonra damc\u0131 qab\u0131ndan drenaja apar\u0131l\u0131r. Soyuq, quru hava daha sonra kondensatorun \u00fcz\u0259rind\u0259n \u00f6t\u00fcr\u00fcl\u00fcr, orada yenid\u0259n q\u0131zd\u0131r\u0131l\u0131r v\u0259 qur\u011fudan t\u0259qrib\u0259n bir temperaturda ayr\u0131l\u0131r. giri\u015fd\u0259n 5\u00b0C y\u00fcks\u0259kdir.<\/p>\n<p><strong>Elektron n\u0259zar\u0259t<\/strong><\/p>\n<p>CDF 10 daxili higrostata malikdir v\u0259 elektron idar\u0259etm\u0259 il\u0259 tam avtomatikdir. Higrostat \u00f6n panelin arxas\u0131na yerl\u0259\u015fdirilir v\u0259 t\u0259l\u0259b olunan nisbi r\u00fctub\u0259t s\u0259viyy\u0259si qeyd olunan \u00f6n paneli \u00e7\u0131xarmaqla t\u0259nziml\u0259n\u0259 bil\u0259r. \u00c7atd\u0131r\u0131lma zaman\u0131 CDF 10 t\u0259qrib\u0259n t\u0259yin olunur. 60% RH.<\/p>\n<p>CDF 10 cihaz\u0131n yan t\u0259r\u0259find\u0259ki \u0259sas g\u00fcc a\u00e7ar\u0131 il\u0259 yand\u0131r\u0131la v\u0259 s\u00f6nd\u00fcr\u00fcl\u0259 bil\u0259r. Kompressor i\u015fl\u0259y\u0259rk\u0259n \u00f6n paneld\u0259 ya\u015f\u0131l LED yan\u0131r.<\/p>\n<p>CDF 10 su qab\u0131 il\u0259 istifad\u0259 edil\u0259rs\u0259, su \u00e7\u0259ni dolu olduqda avtomatik olaraq s\u00f6n\u00fcr. Su \u00e7\u0259ninin bo\u015fald\u0131lmas\u0131n\u0131 t\u0259l\u0259b etdikd\u0259 \u00f6n paneld\u0259ki LED q\u0131rm\u0131z\u0131ya \u00e7evril\u0259c\u0259k.<\/p>\n<p><strong>Dondurma<\/strong><\/p>\n<p>Elektron idar\u0259etm\u0259y\u0259 aktiv, t\u0259l\u0259batla idar\u0259 olunan defrost daxildir. Buxarland\u0131r\u0131c\u0131 bobin \u00fcz\u0259rind\u0259ki sensor buxarland\u0131r\u0131c\u0131n\u0131n yaln\u0131z laz\u0131m olduqda \u0259rim\u0259sini t\u0259min edir. Buxarland\u0131r\u0131c\u0131 rulon kondensatordan yan ke\u00e7\u0259r\u0259k birba\u015fa buxarland\u0131r\u0131c\u0131ya qidalanaraq isti soyuducu vasit\u0259si il\u0259 defrost edilir.<\/p>\n<p>Temperatur 3\u00b0C-d\u0259n a\u015fa\u011f\u0131 olduqda CDF 10 avtomatik olaraq s\u00f6n\u00fcr. Otaq temperaturu 3\u00b0C-d\u0259n yuxar\u0131 qalxd\u0131qda yenid\u0259n i\u015f\u0259 sal\u0131n\u0131r.<\/p>\n<\/div>\n<\/div>\n<\/div>\n<\/div>\n<\/section>\n<section class=\"max-w-[1088px] mx-auto w-full px-5 my-10 md:my-12 lg:my-16 xl:my-20 xl:px-0\" data-block=\"product-specifications\">\n<div class=\"md:text-center\">\n<h3 class=\"text-black font-bold text-lg md:text-xl lg:text-2xl\"><strong>Product specifications<\/strong><\/h3>\n<\/div>\n<div class=\" md:mt-10\">\n<div class=\"\">\n<div class=\"lg:mt-0 \">\n<div id=\"spec-cdf-10\" class=\"prose max-w-full md:overflow-auto\" data-spec-content=\"\">\n<div class=\"spreadsheet-container hidden md:block\">\n<table class=\"w-full table-fixed mb-0\">\n<thead>\n<tr>\n<th class=\"font-bold text-base\"><span class=\"block px-4\">Specifications<\/span><\/th>\n<th class=\"font-bold text-base text-center\"><span class=\"block px-10 md:px-20\">Units<\/span><\/th>\n<th class=\"font-bold text-base text-center will-change\"><span class=\"block px-4\">CDF\u00a010<\/span><\/th>\n<\/tr>\n<\/thead>\n<tbody>\n<tr class=\"bg-grey-200\/50 p-2\">\n<td colspan=\"1\"><span class=\"block px-4\">Operating temperature range<\/span><\/td>\n<td class=\"text-center\">\n<div class=\"px-10 md:px-20 flex items-center justify-center\">\u00b0C<\/div>\n<\/td>\n<td class=\"text-center will-change\">\n<div class=\"px-10 md:px-20 flex items-center justify-center\">3-30<\/div>\n<\/td>\n<\/tr>\n<tr class=\" p-2\">\n<td colspan=\"1\"><span class=\"block px-4\">Operating humidity range<\/span><\/td>\n<td class=\"text-center\">\n<div class=\"px-10 md:px-20 flex items-center justify-center\">% RH<\/div>\n<\/td>\n<td class=\"text-center will-change\">\n<div class=\"px-10 md:px-20 flex items-center justify-center\">40-100<\/div>\n<\/td>\n<\/tr>\n<tr class=\"bg-grey-200\/50 p-2\">\n<td colspan=\"1\"><span class=\"block px-4\">Dehumidification @ 30\u00b0C\/60% RH<\/span><\/td>\n<td class=\"text-center\">\n<div class=\"px-10 md:px-20 flex items-center justify-center\">l\/24h<\/div>\n<\/td>\n<td class=\"text-center will-change\">\n<div class=\"px-10 md:px-20 flex items-center justify-center\">7.5<\/div>\n<\/td>\n<\/tr>\n<tr class=\" p-2\">\n<td colspan=\"1\"><span class=\"block px-4\">Air flow<\/span><\/td>\n<td class=\"text-center\">\n<div class=\"px-10 md:px-20 flex items-center justify-center\">m\u00b3\/h<\/div>\n<\/td>\n<td class=\"text-center will-change\">\n<div class=\"px-10 md:px-20 flex items-center justify-center\">220<\/div>\n<\/td>\n<\/tr>\n<tr class=\"bg-grey-200\/50 p-2\">\n<td colspan=\"1\"><span class=\"block px-4\">Power supply<\/span><\/td>\n<td class=\"text-center\">\n<div class=\"px-10 md:px-20 flex items-center justify-center\">V\/Hz<\/div>\n<\/td>\n<td class=\"text-center will-change\">\n<div class=\"px-10 md:px-20 flex items-center justify-center\">230\/1ph\/50<\/div>\n<\/td>\n<\/tr>\n<tr class=\" p-2\">\n<td colspan=\"1\"><span class=\"block px-4\">Max. power consumption<\/span><\/td>\n<td class=\"text-center\">\n<div class=\"px-10 md:px-20 flex items-center justify-center\">kW<\/div>\n<\/td>\n<td class=\"text-center will-change\">\n<div class=\"px-10 md:px-20 flex items-center justify-center\">0.3<\/div>\n<\/td>\n<\/tr>\n<tr class=\"bg-grey-200\/50 p-2\">\n<td colspan=\"1\"><span class=\"block px-4\">Sound pressure level @ 1m<\/span><\/td>\n<td class=\"text-center\">\n<div class=\"px-10 md:px-20 flex items-center justify-center\">dB(A)<\/div>\n<\/td>\n<td class=\"text-center will-change\">\n<div class=\"px-10 md:px-20 flex items-center justify-center\">46<\/div>\n<\/td>\n<\/tr>\n<tr class=\" p-2\">\n<td colspan=\"1\"><span class=\"block px-4\">R134a gas weight\/CO\u2082 equivalent<\/span><\/td>\n<td class=\"text-center\">\n<div class=\"px-10 md:px-20 flex items-center justify-center\"><\/div>\n<\/td>\n<td class=\"text-center will-change\">\n<div class=\"px-10 md:px-20 flex items-center justify-center\">0.19\/0.27<\/div>\n<\/td>\n<\/tr>\n<tr class=\"bg-grey-200\/50 p-2\">\n<td colspan=\"1\"><span class=\"block px-4\">Water container capacity<\/span><\/td>\n<td class=\"text-center\">\n<div class=\"px-10 md:px-20 flex items-center justify-center\">l<\/div>\n<\/td>\n<td class=\"text-center will-change\">\n<div class=\"px-10 md:px-20 flex items-center justify-center\">5.5<\/div>\n<\/td>\n<\/tr>\n<tr class=\" p-2\">\n<td colspan=\"1\"><span class=\"block px-4\">Product size (w x d x h)<\/span><\/td>\n<td class=\"text-center\">\n<div class=\"px-10 md:px-20 flex items-center justify-center\">mm<\/div>\n<\/td>\n<td class=\"text-center will-change\">\n<div class=\"px-10 md:px-20 flex items-center justify-center\">535 x 240 x 600<\/div>\n<\/td>\n<\/tr>\n<tr class=\"bg-grey-200\/50 p-2\">\n<td colspan=\"1\"><span class=\"block px-4\">Weight<\/span><\/td>\n<td class=\"text-center\">\n<div class=\"px-10 md:px-20 flex items-center justify-center\">kg<\/div>\n<\/td>\n<td class=\"text-center will-change\">\n<div class=\"px-10 md:px-20 flex items-center justify-center\">28<\/div>\n<\/td>\n<\/tr>\n<\/tbody>\n<\/table>\n<\/div>\n<\/div>\n<\/div>\n<\/div>\n<\/div>\n<\/section>\n<section class=\"max-w-[1088px] mx-auto w-full px-5 my-10 md:my-12 lg:my-16 xl:my-20 xl:px-0\" data-block=\"link-list\">\n<div class=\"max-w-[1088px] mx-auto\">\n<div class=\"md:text-center\">\n<ul>\n<li class=\"flex items-center gap-5 text-sm text-black mt-3 md:text-base lg:text-lg\"><strong>Uy\u011fundur:<\/strong><\/li>\n<\/ul>\n<\/div>\n<div class=\"mt-6 max-w-4xl mx-auto\">\n<div class=\"flex flex-wrap md:ml-20\">\n<div class=\"w-full md:w-1\/2 auto-bullets md:pr-16\">\n<ul>\n<li class=\"flex items-center gap-5 text-sm text-black mt-3 md:text-base lg:text-lg\">Arxivl\u0259r v\u0259 m\u00fchafiz\u0259<br \/>\nKlassik avtomobil anbar\u0131<br \/>\nTicar\u0259t binalar\u0131<br \/>\nM\u0259lumat m\u0259rk\u0259zl\u0259ri v\u0259 telekommunikasiyalar<br \/>\nT\u0259cili yard\u0131m xidm\u0259tl\u0259ri<br \/>\nQida v\u0259 i\u00e7ki<br \/>\n\u0130rs saytlar\u0131<br \/>\nS\u0259naye, fabrikl\u0259r v\u0259 istehsal<br \/>\n\u0130stirah\u0259t v\u0259 istirah\u0259t<br \/>\nH\u0259rbi v\u0259 aerokosmik<br \/>\nMuzeyl\u0259r v\u0259 qalereyalar<br \/>\n\u018fcza\u00e7\u0131l\u0131q v\u0259 elmi<br \/>\nYa\u015fay\u0131\u015f binalar\u0131<br \/>\nAnbarlar v\u0259 anbarlar<br \/>\nSu i\u015fl\u0259ri<\/li>\n<\/ul>\n<div class=\"mt-1.5 md:mt-0 w-6 md:w-10\"><a href=\"https:\/\/www.danthermgroup.com\/downloads\/dantherm-cdf-10-manual\" target=\"_blank\" rel=\"nofollow noindex noopener\"><img decoding=\"async\" class=\"lazyload h-8 md:h-14 w-auto object-contain\" src=\"https:\/\/dantherm-group-cdn.s3.amazonaws.com\/media\/icons\/download-manual.svg\" alt=\"Download manual\" height=\"56\" \/><\/a><\/div>\n<div class=\"flex-1 pl-4 md:px-8\">\n<h2 class=\"font-bold text-sm md:text-lg\"><a class=\"underline underline-offset-2 decoration-transparent transition duration-300 ease-linear hover:decoration-black\" href=\"https:\/\/www.danthermgroup.com\/downloads\/dantherm-cdf-10-manual\" target=\"_blank\" rel=\"nofollow noindex noopener\">Dantherm CDF 10 service manual<\/a><\/h2>\n<div class=\"prose text-grey-500 text-sm\">Manuals<\/div>\n<\/div>\n<\/div>\n<\/div>\n<\/div>\n<\/div>\n<\/section>\n","protected":false},"excerpt":{"rendered":"<div class=\"max-w-4xl\">\n<div class=\"text-xl font-bold mt-1 md:mt-2\">\n<p>Divara qura\u015fd\u0131r\u0131lm\u0131\u015f n\u0259ml\u0259ndiricil\u0259r<\/p>\n<p>CDF n\u0259ml\u0259ndirici a\u015fa\u011f\u0131 temperaturda saxlan\u0131lan mebel v\u0259 avadanl\u0131qlar\u0131 qorumaq \u00fc\u00e7\u00fcn ideald\u0131r. Elektron idar\u0259etm\u0259 v\u0259 qura\u015fd\u0131r\u0131lm\u0131\u015f, t\u0259nziml\u0259n\u0259n higrostat il\u0259 tam avtomatik olan qur\u011fu cari i\u015f v\u0259ziyy\u0259tini g\u00f6st\u0259r\u0259n LED displey\u0259 malikdir.<\/p>\n<p>Aktiv defrost elektron idar\u0259etm\u0259y\u0259 daxil edilmi\u015fdir. CDF 10 n\u0259ml\u0259ndiricisi 3\u00b0C-\u0259 q\u0259d\u0259r olan temperaturlarda i\u015fl\u0259yir, burada elektron idar\u0259etm\u0259 n\u0259ml\u0259ndiricini s\u00f6nd\u00fcr\u00fcr.<\/p>\n<p>Dig\u0259r s\u0259naye kondensasiya n\u0259ml\u0259ndiricil\u0259rin\u0259 bax\u0131n v\u0259 ya \u00e7oxlu t\u0259tbiql\u0259r \u00fc\u00e7\u00fcn uy\u011fun olan tam n\u0259ml\u0259ndiricil\u0259rimiz\u0259 bax\u0131n.<\/p>\n<\/div>\n<\/div>\n","protected":false},"featured_media":29319,"template":"","meta":[],"product_brand":[],"product_cat":[809,861,889],"product_tag":[],"class_list":{"0":"post-29324","1":"product","2":"type-product","3":"status-publish","4":"has-post-thumbnail","6":"product_cat-hava-nmlndiricisi-kondisioner-az-ventilyasiya-ventilyator","7":"product_cat-nmlndiricilr-nmlndirici-hava","8":"product_cat-nmlndiricilr-dehumidifiers-kondensasiya-qurutma-quru","10":"first","11":"instock","12":"sale","13":"shipping-taxable","14":"purchasable","15":"product-type-simple"},"yoast_head":"<!-- This site is optimized with the Yoast SEO plugin v27.1.1 - https:\/\/yoast.com\/product\/yoast-seo-wordpress\/ -->\n<title>Dantherm CDF 10 \u2013 kondensasiya n\u0259ml\u0259ndiricisi - GeoClimate.ge<\/title>\n<meta name=\"robots\" content=\"index, follow, max-snippet:-1, max-image-preview:large, max-video-preview:-1\" \/>\n<link rel=\"canonical\" href=\"https:\/\/geoclimate.ge\/az\/product\/dantherm-cdf-10-condensation-dehumidifier\/\" \/>\n<meta property=\"og:locale\" content=\"az_AZ\" \/>\n<meta property=\"og:type\" content=\"article\" \/>\n<meta property=\"og:title\" content=\"Dantherm CDF 10 \u2013 kondensasiya n\u0259ml\u0259ndiricisi - GeoClimate.ge\" \/>\n<meta property=\"og:description\" content=\"Divara qura\u015fd\u0131r\u0131lm\u0131\u015f n\u0259ml\u0259ndiricil\u0259r  CDF n\u0259ml\u0259ndirici a\u015fa\u011f\u0131 temperaturda saxlan\u0131lan mebel v\u0259 avadanl\u0131qlar\u0131 qorumaq \u00fc\u00e7\u00fcn ideald\u0131r. Elektron idar\u0259etm\u0259 v\u0259 qura\u015fd\u0131r\u0131lm\u0131\u015f, t\u0259nziml\u0259n\u0259n higrostat il\u0259 tam avtomatik olan qur\u011fu cari i\u015f v\u0259ziyy\u0259tini g\u00f6st\u0259r\u0259n LED displey\u0259 malikdir.  Aktiv defrost elektron idar\u0259etm\u0259y\u0259 daxil edilmi\u015fdir. CDF 10 n\u0259ml\u0259ndiricisi 3\u00b0C-\u0259 q\u0259d\u0259r olan temperaturlarda i\u015fl\u0259yir, burada elektron idar\u0259etm\u0259 n\u0259ml\u0259ndiricini s\u00f6nd\u00fcr\u00fcr.  Dig\u0259r s\u0259naye kondensasiya n\u0259ml\u0259ndiricil\u0259rin\u0259 bax\u0131n v\u0259 ya \u00e7oxlu t\u0259tbiql\u0259r \u00fc\u00e7\u00fcn uy\u011fun olan tam n\u0259ml\u0259ndiricil\u0259rimiz\u0259 bax\u0131n.\" \/>\n<meta property=\"og:url\" content=\"https:\/\/geoclimate.ge\/az\/product\/dantherm-cdf-10-condensation-dehumidifier\/\" \/>\n<meta property=\"og:site_name\" content=\"GeoClimate.ge\" \/>\n<meta property=\"article:modified_time\" content=\"2025-04-12T09:52:01+00:00\" \/>\n<meta property=\"og:image\" content=\"https:\/\/geoclimate.ge\/wp-content\/uploads\/2025\/04\/Dantherm-CDF-10.jpg\" \/>\n\t<meta property=\"og:image:width\" content=\"1000\" \/>\n\t<meta property=\"og:image:height\" content=\"1000\" \/>\n\t<meta property=\"og:image:type\" content=\"image\/jpeg\" \/>\n<meta name=\"twitter:card\" content=\"summary_large_image\" \/>\n<meta name=\"twitter:label1\" content=\"Est. reading time\" \/>\n\t<meta name=\"twitter:data1\" content=\"3 minutes\" \/>\n<script type=\"application\/ld+json\" class=\"yoast-schema-graph\">{\"@context\":\"https:\/\/schema.org\",\"@graph\":[{\"@type\":\"WebPage\",\"@id\":\"https:\/\/geoclimate.ge\/az\/product\/dantherm-cdf-10-condensation-dehumidifier\/\",\"url\":\"https:\/\/geoclimate.ge\/az\/product\/dantherm-cdf-10-condensation-dehumidifier\/\",\"name\":\"Dantherm CDF 10 \u2013 kondensasiya n\u0259ml\u0259ndiricisi - GeoClimate.ge\",\"isPartOf\":{\"@id\":\"https:\/\/geoclimate.ge\/#website\"},\"primaryImageOfPage\":{\"@id\":\"https:\/\/geoclimate.ge\/az\/product\/dantherm-cdf-10-condensation-dehumidifier\/#primaryimage\"},\"image\":{\"@id\":\"https:\/\/geoclimate.ge\/az\/product\/dantherm-cdf-10-condensation-dehumidifier\/#primaryimage\"},\"thumbnailUrl\":\"https:\/\/geoclimate.ge\/wp-content\/uploads\/2025\/04\/Dantherm-CDF-10.jpg\",\"datePublished\":\"2025-04-12T09:27:55+00:00\",\"dateModified\":\"2025-04-12T09:52:01+00:00\",\"breadcrumb\":{\"@id\":\"https:\/\/geoclimate.ge\/az\/product\/dantherm-cdf-10-condensation-dehumidifier\/#breadcrumb\"},\"inLanguage\":\"az\",\"potentialAction\":[{\"@type\":\"ReadAction\",\"target\":[\"https:\/\/geoclimate.ge\/az\/product\/dantherm-cdf-10-condensation-dehumidifier\/\"]}]},{\"@type\":\"ImageObject\",\"inLanguage\":\"az\",\"@id\":\"https:\/\/geoclimate.ge\/az\/product\/dantherm-cdf-10-condensation-dehumidifier\/#primaryimage\",\"url\":\"https:\/\/geoclimate.ge\/wp-content\/uploads\/2025\/04\/Dantherm-CDF-10.jpg\",\"contentUrl\":\"https:\/\/geoclimate.ge\/wp-content\/uploads\/2025\/04\/Dantherm-CDF-10.jpg\",\"width\":1000,\"height\":1000},{\"@type\":\"BreadcrumbList\",\"@id\":\"https:\/\/geoclimate.ge\/az\/product\/dantherm-cdf-10-condensation-dehumidifier\/#breadcrumb\",\"itemListElement\":[{\"@type\":\"ListItem\",\"position\":1,\"name\":\"Home\",\"item\":\"https:\/\/geoclimate.ge\/az\/\"},{\"@type\":\"ListItem\",\"position\":2,\"name\":\"M\u0259hsullar\",\"item\":\"https:\/\/geoclimate.ge\/az\/products\/\"},{\"@type\":\"ListItem\",\"position\":3,\"name\":\"Dantherm CDF 10 \u2013 kondensasiya n\u0259ml\u0259ndiricisi\"}]},{\"@type\":\"WebSite\",\"@id\":\"https:\/\/geoclimate.ge\/#website\",\"url\":\"https:\/\/geoclimate.ge\/\",\"name\":\"GeoClimate\",\"description\":\"\",\"publisher\":{\"@id\":\"https:\/\/geoclimate.ge\/#organization\"},\"potentialAction\":[{\"@type\":\"SearchAction\",\"target\":{\"@type\":\"EntryPoint\",\"urlTemplate\":\"https:\/\/geoclimate.ge\/?s={search_term_string}\"},\"query-input\":{\"@type\":\"PropertyValueSpecification\",\"valueRequired\":true,\"valueName\":\"search_term_string\"}}],\"inLanguage\":\"az\"},{\"@type\":\"Organization\",\"@id\":\"https:\/\/geoclimate.ge\/#organization\",\"name\":\"GeoClimate\",\"url\":\"https:\/\/geoclimate.ge\/\",\"logo\":{\"@type\":\"ImageObject\",\"inLanguage\":\"az\",\"@id\":\"https:\/\/geoclimate.ge\/#\/schema\/logo\/image\/\",\"url\":\"https:\/\/geoclimate.ge\/wp-content\/uploads\/2026\/03\/geoclimate-SEO.png\",\"contentUrl\":\"https:\/\/geoclimate.ge\/wp-content\/uploads\/2026\/03\/geoclimate-SEO.png\",\"width\":1536,\"height\":1024,\"caption\":\"GeoClimate\"},\"image\":{\"@id\":\"https:\/\/geoclimate.ge\/#\/schema\/logo\/image\/\"}}]}<\/script>\n<!-- \/ Yoast SEO plugin. -->","yoast_head_json":{"title":"Dantherm CDF 10 \u2013 kondensasiya n\u0259ml\u0259ndiricisi - GeoClimate.ge","robots":{"index":"index","follow":"follow","max-snippet":"max-snippet:-1","max-image-preview":"max-image-preview:large","max-video-preview":"max-video-preview:-1"},"canonical":"https:\/\/geoclimate.ge\/az\/product\/dantherm-cdf-10-condensation-dehumidifier\/","og_locale":"az_AZ","og_type":"article","og_title":"Dantherm CDF 10 \u2013 kondensasiya n\u0259ml\u0259ndiricisi - GeoClimate.ge","og_description":"Divara qura\u015fd\u0131r\u0131lm\u0131\u015f n\u0259ml\u0259ndiricil\u0259r  CDF n\u0259ml\u0259ndirici a\u015fa\u011f\u0131 temperaturda saxlan\u0131lan mebel v\u0259 avadanl\u0131qlar\u0131 qorumaq \u00fc\u00e7\u00fcn ideald\u0131r. Elektron idar\u0259etm\u0259 v\u0259 qura\u015fd\u0131r\u0131lm\u0131\u015f, t\u0259nziml\u0259n\u0259n higrostat il\u0259 tam avtomatik olan qur\u011fu cari i\u015f v\u0259ziyy\u0259tini g\u00f6st\u0259r\u0259n LED displey\u0259 malikdir.  Aktiv defrost elektron idar\u0259etm\u0259y\u0259 daxil edilmi\u015fdir. CDF 10 n\u0259ml\u0259ndiricisi 3\u00b0C-\u0259 q\u0259d\u0259r olan temperaturlarda i\u015fl\u0259yir, burada elektron idar\u0259etm\u0259 n\u0259ml\u0259ndiricini s\u00f6nd\u00fcr\u00fcr.  Dig\u0259r s\u0259naye kondensasiya n\u0259ml\u0259ndiricil\u0259rin\u0259 bax\u0131n v\u0259 ya \u00e7oxlu t\u0259tbiql\u0259r \u00fc\u00e7\u00fcn uy\u011fun olan tam n\u0259ml\u0259ndiricil\u0259rimiz\u0259 bax\u0131n.","og_url":"https:\/\/geoclimate.ge\/az\/product\/dantherm-cdf-10-condensation-dehumidifier\/","og_site_name":"GeoClimate.ge","article_modified_time":"2025-04-12T09:52:01+00:00","og_image":[{"width":1000,"height":1000,"url":"https:\/\/geoclimate.ge\/wp-content\/uploads\/2025\/04\/Dantherm-CDF-10.jpg","type":"image\/jpeg"}],"twitter_card":"summary_large_image","twitter_misc":{"Est. reading time":"3 minutes"},"schema":{"@context":"https:\/\/schema.org","@graph":[{"@type":"WebPage","@id":"https:\/\/geoclimate.ge\/az\/product\/dantherm-cdf-10-condensation-dehumidifier\/","url":"https:\/\/geoclimate.ge\/az\/product\/dantherm-cdf-10-condensation-dehumidifier\/","name":"Dantherm CDF 10 \u2013 kondensasiya n\u0259ml\u0259ndiricisi - GeoClimate.ge","isPartOf":{"@id":"https:\/\/geoclimate.ge\/#website"},"primaryImageOfPage":{"@id":"https:\/\/geoclimate.ge\/az\/product\/dantherm-cdf-10-condensation-dehumidifier\/#primaryimage"},"image":{"@id":"https:\/\/geoclimate.ge\/az\/product\/dantherm-cdf-10-condensation-dehumidifier\/#primaryimage"},"thumbnailUrl":"https:\/\/geoclimate.ge\/wp-content\/uploads\/2025\/04\/Dantherm-CDF-10.jpg","datePublished":"2025-04-12T09:27:55+00:00","dateModified":"2025-04-12T09:52:01+00:00","breadcrumb":{"@id":"https:\/\/geoclimate.ge\/az\/product\/dantherm-cdf-10-condensation-dehumidifier\/#breadcrumb"},"inLanguage":"az","potentialAction":[{"@type":"ReadAction","target":["https:\/\/geoclimate.ge\/az\/product\/dantherm-cdf-10-condensation-dehumidifier\/"]}]},{"@type":"ImageObject","inLanguage":"az","@id":"https:\/\/geoclimate.ge\/az\/product\/dantherm-cdf-10-condensation-dehumidifier\/#primaryimage","url":"https:\/\/geoclimate.ge\/wp-content\/uploads\/2025\/04\/Dantherm-CDF-10.jpg","contentUrl":"https:\/\/geoclimate.ge\/wp-content\/uploads\/2025\/04\/Dantherm-CDF-10.jpg","width":1000,"height":1000},{"@type":"BreadcrumbList","@id":"https:\/\/geoclimate.ge\/az\/product\/dantherm-cdf-10-condensation-dehumidifier\/#breadcrumb","itemListElement":[{"@type":"ListItem","position":1,"name":"Home","item":"https:\/\/geoclimate.ge\/az\/"},{"@type":"ListItem","position":2,"name":"M\u0259hsullar","item":"https:\/\/geoclimate.ge\/az\/products\/"},{"@type":"ListItem","position":3,"name":"Dantherm CDF 10 \u2013 kondensasiya n\u0259ml\u0259ndiricisi"}]},{"@type":"WebSite","@id":"https:\/\/geoclimate.ge\/#website","url":"https:\/\/geoclimate.ge\/","name":"GeoClimate","description":"","publisher":{"@id":"https:\/\/geoclimate.ge\/#organization"},"potentialAction":[{"@type":"SearchAction","target":{"@type":"EntryPoint","urlTemplate":"https:\/\/geoclimate.ge\/?s={search_term_string}"},"query-input":{"@type":"PropertyValueSpecification","valueRequired":true,"valueName":"search_term_string"}}],"inLanguage":"az"},{"@type":"Organization","@id":"https:\/\/geoclimate.ge\/#organization","name":"GeoClimate","url":"https:\/\/geoclimate.ge\/","logo":{"@type":"ImageObject","inLanguage":"az","@id":"https:\/\/geoclimate.ge\/#\/schema\/logo\/image\/","url":"https:\/\/geoclimate.ge\/wp-content\/uploads\/2026\/03\/geoclimate-SEO.png","contentUrl":"https:\/\/geoclimate.ge\/wp-content\/uploads\/2026\/03\/geoclimate-SEO.png","width":1536,"height":1024,"caption":"GeoClimate"},"image":{"@id":"https:\/\/geoclimate.ge\/#\/schema\/logo\/image\/"}}]}},"_links":{"self":[{"href":"https:\/\/geoclimate.ge\/az\/wp-json\/wp\/v2\/product\/29324","targetHints":{"allow":["GET"]}}],"collection":[{"href":"https:\/\/geoclimate.ge\/az\/wp-json\/wp\/v2\/product"}],"about":[{"href":"https:\/\/geoclimate.ge\/az\/wp-json\/wp\/v2\/types\/product"}],"wp:featuredmedia":[{"embeddable":true,"href":"https:\/\/geoclimate.ge\/az\/wp-json\/wp\/v2\/media\/29319"}],"wp:attachment":[{"href":"https:\/\/geoclimate.ge\/az\/wp-json\/wp\/v2\/media?parent=29324"}],"wp:term":[{"taxonomy":"product_brand","embeddable":true,"href":"https:\/\/geoclimate.ge\/az\/wp-json\/wp\/v2\/product_brand?post=29324"},{"taxonomy":"product_cat","embeddable":true,"href":"https:\/\/geoclimate.ge\/az\/wp-json\/wp\/v2\/product_cat?post=29324"},{"taxonomy":"product_tag","embeddable":true,"href":"https:\/\/geoclimate.ge\/az\/wp-json\/wp\/v2\/product_tag?post=29324"}],"curies":[{"name":"wp","href":"https:\/\/api.w.org\/{rel}","templated":true}]}}