{"id":29541,"date":"2025-04-12T17:02:58","date_gmt":"2025-04-12T13:02:58","guid":{"rendered":"https:\/\/airsystems.ge\/shop\/product\/dantherm-ttr-2800-desiccant-dehumidifier\/"},"modified":"2025-04-12T17:12:37","modified_gmt":"2025-04-12T13:12:37","slug":"dantherm-ttr-2800-desiccant-dehumidifier","status":"publish","type":"product","link":"https:\/\/geoclimate.ge\/az\/product\/dantherm-ttr-2800-desiccant-dehumidifier\/","title":{"rendered":"Dantherm TTR 2800 \u2013 quruducu n\u0259ml\u0259ndirici"},"content":{"rendered":"<section class=\"max-w-[1088px] mx-auto w-full px-5 my-10 md:my-12 lg:my-16 xl:my-20 xl:px-0\" data-block=\"bullet-list\">\n<div class=\"md:text-center\">\n<h3 class=\"text-black font-bold text-lg md:text-xl lg:text-2xl\">\u018fsas x\u00fcsusiyy\u0259tl\u0259r<\/h3>\n<\/div>\n<div class=\"mt-6 md:mt-10\">\n<div class=\"flex flex-wrap\">\n<div class=\"w-full md:w-1\/2 auto-bullets md:pr-16\">\n<ul>\n<li class=\"text-sm md:text-base text-black mt-3 flex items-start\">\n<div class=\"pl-5\">M\u00f6hk\u0259m paslanmayan polad korpus<br \/>\nProses v\u0259 regenerasiya havas\u0131 \u00fc\u00e7\u00fcn ayr\u0131ca Z-line filtrl\u0259ri kimi inteqrasiya olunmu\u015f G4 ekvivalent hava filtrl\u0259ri<br \/>\nX\u0259b\u0259rdarl\u0131q i\u015f\u0131\u011f\u0131 il\u0259 filtr monitorinqi<br \/>\nRotorun f\u0131rlanmas\u0131na n\u0259zar\u0259t<br \/>\nBax\u0131m\/filtr d\u0259yi\u015fikliyi, nasazl\u0131q, \u0259m\u0259liyyat ON\/OFF \u00fc\u00e7\u00fcn potensials\u0131z siqnal kontaktlar\u0131<br \/>\nProses v\u0259 regenerasiya havas\u0131 \u00fc\u00e7\u00fcn ayr\u0131ca korpusa inteqrasiya olunmu\u015f mexaniki s\u00fcr\u0259t t\u0259nziml\u0259nm\u0259si il\u0259 birba\u015fa idar\u0259 olunan y\u00fcks\u0259k performansl\u0131 EC fanatlar\u0131 (\u0259lav\u0259 t\u0259nziml\u0259yici klapan t\u0259l\u0259b olunmur)<br \/>\n\u0130stiliyin b\u0259rpas\u0131 v\u0259 avtomatik t\u0259nziml\u0259n\u0259n rotor m\u00f6h\u00fcr d\u0259sti \u00fc\u00e7\u00fcn daxili t\u0259mizl\u0259m\u0259 sektoru il\u0259 silisium gel sorbsiya rotoru<br \/>\nT\u0259hl\u00fck\u0259siz temperatur m\u0259hdudla\u015fd\u0131r\u0131c\u0131lar\u0131 v\u0259 diferensial t\u0259zyiq a\u00e7ar\u0131 il\u0259 t\u0259chiz edilmi\u015f, yar\u0131mke\u00e7irici rele(l\u0259r) vasit\u0259sil\u0259 idar\u0259 olunan boruvari q\u0131zd\u0131r\u0131c\u0131 elementl\u0259rd\u0259n ibar\u0259t elektrik regenerasiya hava q\u0131zd\u0131r\u0131c\u0131s\u0131<br \/>\nTemperaturla idar\u0259 olunan y\u0131x\u0131lma m\u00fcdd\u0259ti<\/div>\n<\/li>\n<\/ul>\n<\/div>\n<\/div>\n<\/div>\n<\/section>\n<section class=\"max-w-[1088px] mx-auto w-full px-5 my-10 md:my-12 lg:my-16 xl:my-20 xl:px-0\" data-block=\"product-specifications\">\n<div class=\"md:text-center\">\n<h3 class=\"text-black font-bold text-lg md:text-xl lg:text-2xl\"><strong>Product specifications<\/strong><\/h3>\n<\/div>\n<div class=\" md:mt-10\">\n<div class=\"\">\n<div class=\"lg:mt-0 \">\n<div id=\"spec-ttr-2800\" class=\"prose max-w-full md:overflow-auto\" data-spec-content=\"\">\n<div class=\"spreadsheet-container hidden md:block\">\n<table class=\"w-full table-fixed mb-0\">\n<thead>\n<tr>\n<th class=\"font-bold text-base\"><span class=\"block px-4\">Specifications<\/span><\/th>\n<th class=\"font-bold text-base text-center\"><span class=\"block px-10 md:px-20\">Units<\/span><\/th>\n<th class=\"font-bold text-base text-center will-change\"><span class=\"block px-4\">TTR\u00a02800<\/span><\/th>\n<\/tr>\n<\/thead>\n<tbody>\n<tr class=\"bg-grey-200\/50 p-2\">\n<td colspan=\"1\"><span class=\"block px-4\">Dehumidification capacity @ 20\u00b0C\/60% RH<\/span><\/td>\n<td class=\"text-center\">\n<div class=\"px-10 md:px-20 flex items-center justify-center\">kg\/h<\/div>\n<\/td>\n<td class=\"text-center will-change\">\n<div class=\"px-10 md:px-20 flex items-center justify-center\">15.7<\/div>\n<\/td>\n<\/tr>\n<tr class=\" p-2\">\n<td colspan=\"1\"><span class=\"block px-4\">Dry air flow free-blowing<\/span><\/td>\n<td class=\"text-center\">\n<div class=\"px-10 md:px-20 flex items-center justify-center\">m\u00b3\/h<\/div>\n<\/td>\n<td class=\"text-center will-change\">\n<div class=\"px-10 md:px-20 flex items-center justify-center\">3,150<\/div>\n<\/td>\n<\/tr>\n<tr class=\"bg-grey-200\/50 p-2\">\n<td colspan=\"1\"><span class=\"block px-4\">Dry air flow nominal<\/span><\/td>\n<td class=\"text-center\">\n<div class=\"px-10 md:px-20 flex items-center justify-center\">m\u00b3\/h<\/div>\n<\/td>\n<td class=\"text-center will-change\">\n<div class=\"px-10 md:px-20 flex items-center justify-center\">2,800<\/div>\n<\/td>\n<\/tr>\n<tr class=\" p-2\">\n<td colspan=\"1\"><span class=\"block px-4\">Available pressure<\/span><\/td>\n<td class=\"text-center\">\n<div class=\"px-10 md:px-20 flex items-center justify-center\">Pa<\/div>\n<\/td>\n<td class=\"text-center will-change\">\n<div class=\"px-10 md:px-20 flex items-center justify-center\">300<\/div>\n<\/td>\n<\/tr>\n<tr class=\"bg-grey-200\/50 p-2\">\n<td colspan=\"1\"><span class=\"block px-4\">Regeneration air flow<\/span><\/td>\n<td class=\"text-center\">\n<div class=\"px-10 md:px-20 flex items-center justify-center\">m\u00b3\/h<\/div>\n<\/td>\n<td class=\"text-center will-change\">\n<div class=\"px-10 md:px-20 flex items-center justify-center\">570<\/div>\n<\/td>\n<\/tr>\n<tr class=\" p-2\">\n<td colspan=\"1\"><span class=\"block px-4\">Available pressure<\/span><\/td>\n<td class=\"text-center\">\n<div class=\"px-10 md:px-20 flex items-center justify-center\">Pa<\/div>\n<\/td>\n<td class=\"text-center will-change\">\n<div class=\"px-10 md:px-20 flex items-center justify-center\">300<\/div>\n<\/td>\n<\/tr>\n<tr class=\"bg-grey-200\/50 p-2\">\n<td colspan=\"1\"><span class=\"block px-4\">Operating temperature range<\/span><\/td>\n<td class=\"text-center\">\n<div class=\"px-10 md:px-20 flex items-center justify-center\">\u00b0C<\/div>\n<\/td>\n<td class=\"text-center will-change\">\n<div class=\"px-10 md:px-20 flex items-center justify-center\">-20 to 40<\/div>\n<\/td>\n<\/tr>\n<tr class=\" p-2\">\n<td colspan=\"1\"><span class=\"block px-4\">Heating<\/span><\/td>\n<td class=\"text-center\">\n<div class=\"px-10 md:px-20 flex items-center justify-center\">kW<\/div>\n<\/td>\n<td class=\"text-center will-change\">\n<div class=\"px-10 md:px-20 flex items-center justify-center\">18.9<\/div>\n<\/td>\n<\/tr>\n<tr class=\"bg-grey-200\/50 p-2\">\n<td colspan=\"1\"><span class=\"block px-4\">Power consumption<\/span><\/td>\n<td class=\"text-center\">\n<div class=\"px-10 md:px-20 flex items-center justify-center\">kW<\/div>\n<\/td>\n<td class=\"text-center will-change\">\n<div class=\"px-10 md:px-20 flex items-center justify-center\">21.6<\/div>\n<\/td>\n<\/tr>\n<tr class=\" p-2\">\n<td colspan=\"1\"><span class=\"block px-4\">Power supply<\/span><\/td>\n<td class=\"text-center\">\n<div class=\"px-10 md:px-20 flex items-center justify-center\">V\/Hz<\/div>\n<\/td>\n<td class=\"text-center will-change\">\n<div class=\"px-10 md:px-20 flex items-center justify-center\">380-480\/3ph\/50-60+PE<\/div>\n<\/td>\n<\/tr>\n<tr class=\"bg-grey-200\/50 p-2\">\n<td colspan=\"1\"><span class=\"block px-4\">Electrical connection<\/span><\/td>\n<td class=\"text-center\">\n<div class=\"px-10 md:px-20 flex items-center justify-center\">A<\/div>\n<\/td>\n<td class=\"text-center will-change\">\n<div class=\"px-10 md:px-20 flex items-center justify-center\">32<\/div>\n<\/td>\n<\/tr>\n<tr class=\" p-2\">\n<td colspan=\"1\"><span class=\"block px-4\">Nominal current consumption<\/span><\/td>\n<td class=\"text-center\">\n<div class=\"px-10 md:px-20 flex items-center justify-center\">A<\/div>\n<\/td>\n<td class=\"text-center will-change\">\n<div class=\"px-10 md:px-20 flex items-center justify-center\">31.7<\/div>\n<\/td>\n<\/tr>\n<tr class=\"bg-grey-200\/50 p-2\">\n<td colspan=\"1\"><span class=\"block px-4\">Product size (l x w x h)<\/span><\/td>\n<td class=\"text-center\">\n<div class=\"px-10 md:px-20 flex items-center justify-center\">mm<\/div>\n<\/td>\n<td class=\"text-center will-change\">\n<div class=\"px-10 md:px-20 flex items-center justify-center\">1348 x 769 x 1323<\/div>\n<\/td>\n<\/tr>\n<tr class=\" p-2\">\n<td colspan=\"1\"><span class=\"block px-4\">Weight<\/span><\/td>\n<td class=\"text-center\">\n<div class=\"px-10 md:px-20 flex items-center justify-center\">kg<\/div>\n<\/td>\n<td class=\"text-center will-change\">\n<div class=\"px-10 md:px-20 flex items-center justify-center\">250<\/div>\n<\/td>\n<\/tr>\n<tr class=\"bg-grey-200\/50 p-2\">\n<td colspan=\"1\"><span class=\"block px-4\">Connections dry air input\/output<\/span><\/td>\n<td class=\"text-center\">\n<div class=\"px-10 md:px-20 flex items-center justify-center\">\u00d8mm<\/div>\n<\/td>\n<td class=\"text-center will-change\">\n<div class=\"px-10 md:px-20 flex items-center justify-center\">315\/315<\/div>\n<\/td>\n<\/tr>\n<tr class=\" p-2\">\n<td colspan=\"1\"><span class=\"block px-4\">Connections regeneration air input\/output<\/span><\/td>\n<td class=\"text-center\">\n<div class=\"px-10 md:px-20 flex items-center justify-center\">\u00d8mm<\/div>\n<\/td>\n<td class=\"text-center will-change\">\n<div class=\"px-10 md:px-20 flex items-center justify-center\">200\/200<\/div>\n<\/td>\n<\/tr>\n<\/tbody>\n<\/table>\n<\/div>\n<\/div>\n<\/div>\n<\/div>\n<\/div>\n<\/section>\n<section class=\"max-w-[1088px] mx-auto w-full px-5 my-10 md:my-12 lg:my-16 xl:my-20 xl:px-0\" data-block=\"link-list\">\n<div class=\"max-w-[1088px] mx-auto\">\n<div class=\"md:text-center\">\n<ul>\n<li class=\"flex items-center gap-5 text-sm text-black mt-3 md:text-base lg:text-lg\"><strong>Uy\u011fundur:<\/strong><\/li>\n<\/ul>\n<\/div>\n<div class=\"mt-6 max-w-4xl mx-auto\">\n<div class=\"flex flex-wrap md:ml-20\">\n<div class=\"w-full md:w-1\/2 auto-bullets md:pr-16\">\n<ul>\n<li class=\"flex items-center gap-5 text-sm text-black mt-3 md:text-base lg:text-lg\">K\u0259nd t\u0259s\u0259rr\u00fcfat\u0131<br \/>\nArxivl\u0259r v\u0259 m\u00fchafiz\u0259<br \/>\nTicar\u0259t binalar\u0131<br \/>\nM\u0259lumat m\u0259rk\u0259zl\u0259ri v\u0259 telekommunikasiyalar<br \/>\nQida v\u0259 i\u00e7ki<br \/>\n\u0130rs saytlar\u0131<br \/>\nS\u0259naye, fabrikl\u0259r v\u0259 istehsal<br \/>\n\u0130stirah\u0259t v\u0259 istirah\u0259t<br \/>\nH\u0259rbi v\u0259 aerokosmik<br \/>\nMuzeyl\u0259r v\u0259 qalereyalar<br \/>\n\u018fcza\u00e7\u0131l\u0131q v\u0259 elmi<br \/>\nN\u0259qliyyat v\u0259 logistika<br \/>\nAnbarlar v\u0259 anbarlar<br \/>\nSu z\u0259r\u0259rinin b\u0259rpas\u0131<br \/>\nSu i\u015fl\u0259ri<\/li>\n<\/ul>\n<\/div>\n<\/div>\n<\/div>\n<\/div>\n<\/section>\n","protected":false},"excerpt":{"rendered":"<div class=\"max-w-4xl\">\n<div class=\"text-xl font-bold mt-1 md:mt-2\">\n<p>S\u0259naye n\u0259ml\u0259ndiricisi<\/p>\n<p>TTR 2800 s\u0259naye quruducu n\u0259ml\u0259ndirici, h\u0259tta a\u015fa\u011f\u0131 \u015feh n\u00f6qt\u0259l\u0259ri olan soyuq m\u00fchit \u015f\u0259raitind\u0259 bel\u0259, g\u00fcnd\u0259 t\u0259xmin\u0259n 400 kq n\u0259m t\u0259mizl\u0259m\u0259 performans\u0131n\u0131 idar\u0259 ed\u0259 bil\u0259r. Bu, onu m\u0259hsullar\u0131, ma\u015f\u0131nlar\u0131, inventarlar\u0131 v\u0259 binalar\u0131 korroziyadan, kondensasiyadan v\u0259 ya kif \u0259m\u0259l\u0259 g\u0259lm\u0259sind\u0259n qorumaq \u00fc\u00e7\u00fcn s\u0259naye, da\u015f\u0131ma v\u0259 ya kommunal \u015firk\u0259tl\u0259rd\u0259 m\u00fcxt\u0259lif hava v\u0259 qaz\u0131n n\u0259ml\u0259ndirilm\u0259si i\u015fl\u0259ri \u00fc\u00e7\u00fcn ideal h\u0259ll edir. TTR 2800 standart paslanmayan polad korpusa v\u0259 IP44 qoruma il\u0259 elektrik idar\u0259etm\u0259 qutusuna malikdir, bu da onu korroziyaya davaml\u0131 edir v\u0259 a\u015fa\u011f\u0131 temperaturda v\u0259 ya material\u0131n g\u0259rginliyi \u015f\u0259raitind\u0259, o c\u00fcml\u0259d\u0259n gigiyenaya h\u0259ssas \u0259razil\u0259rd\u0259 quru saxlamaq v\u0259 ya quru hava yaratmaq \u00fc\u00e7\u00fcn uy\u011fundur.<\/p>\n<p>Hans\u0131 adsorbsiya n\u0259ml\u0259ndiricisinin v\u0259 ya kommersiya n\u0259ml\u0259ndiricisinin n\u0259z\u0259rd\u0259 tutulan m\u0259qs\u0259d \u00fc\u00e7\u00fcn \u0259n uy\u011fun oldu\u011funu m\u00fczakir\u0259 etm\u0259k \u00fc\u00e7\u00fcn komandam\u0131zla \u0259laq\u0259 saxlay\u0131n.<\/p>\n<\/div>\n<\/div>\n","protected":false},"featured_media":29536,"template":"","meta":[],"product_brand":[],"product_cat":[895,809,861],"product_tag":[],"class_list":{"0":"post-29541","1":"product","2":"type-product","3":"status-publish","4":"has-post-thumbnail","6":"product_cat-adsorbsiya-nmlndirici-quru","7":"product_cat-hava-nmlndiricisi-kondisioner-az-ventilyasiya-ventilyator","8":"product_cat-nmlndiricilr-nmlndirici-hava","10":"first","11":"instock","12":"shipping-taxable","13":"purchasable","14":"product-type-simple"},"yoast_head":"<!-- This site is optimized with the Yoast SEO plugin v27.1.1 - https:\/\/yoast.com\/product\/yoast-seo-wordpress\/ -->\n<title>Dantherm TTR 2800 \u2013 quruducu n\u0259ml\u0259ndirici - GeoClimate.ge<\/title>\n<meta name=\"robots\" content=\"index, follow, max-snippet:-1, max-image-preview:large, max-video-preview:-1\" \/>\n<link rel=\"canonical\" href=\"https:\/\/geoclimate.ge\/az\/product\/dantherm-ttr-2800-desiccant-dehumidifier\/\" \/>\n<meta property=\"og:locale\" content=\"az_AZ\" \/>\n<meta property=\"og:type\" content=\"article\" \/>\n<meta property=\"og:title\" content=\"Dantherm TTR 2800 \u2013 quruducu n\u0259ml\u0259ndirici - GeoClimate.ge\" \/>\n<meta property=\"og:description\" content=\"S\u0259naye n\u0259ml\u0259ndiricisi  TTR 2800 s\u0259naye quruducu n\u0259ml\u0259ndirici, h\u0259tta a\u015fa\u011f\u0131 \u015feh n\u00f6qt\u0259l\u0259ri olan soyuq m\u00fchit \u015f\u0259raitind\u0259 bel\u0259, g\u00fcnd\u0259 t\u0259xmin\u0259n 400 kq n\u0259m t\u0259mizl\u0259m\u0259 performans\u0131n\u0131 idar\u0259 ed\u0259 bil\u0259r. Bu, onu m\u0259hsullar\u0131, ma\u015f\u0131nlar\u0131, inventarlar\u0131 v\u0259 binalar\u0131 korroziyadan, kondensasiyadan v\u0259 ya kif \u0259m\u0259l\u0259 g\u0259lm\u0259sind\u0259n qorumaq \u00fc\u00e7\u00fcn s\u0259naye, da\u015f\u0131ma v\u0259 ya kommunal \u015firk\u0259tl\u0259rd\u0259 m\u00fcxt\u0259lif hava v\u0259 qaz\u0131n n\u0259ml\u0259ndirilm\u0259si i\u015fl\u0259ri \u00fc\u00e7\u00fcn ideal h\u0259ll edir. TTR 2800 standart paslanmayan polad korpusa v\u0259 IP44 qoruma il\u0259 elektrik idar\u0259etm\u0259 qutusuna malikdir, bu da onu korroziyaya davaml\u0131 edir v\u0259 a\u015fa\u011f\u0131 temperaturda v\u0259 ya material\u0131n g\u0259rginliyi \u015f\u0259raitind\u0259, o c\u00fcml\u0259d\u0259n gigiyenaya h\u0259ssas \u0259razil\u0259rd\u0259 quru saxlamaq v\u0259 ya quru hava yaratmaq \u00fc\u00e7\u00fcn uy\u011fundur.  Hans\u0131 adsorbsiya n\u0259ml\u0259ndiricisinin v\u0259 ya kommersiya n\u0259ml\u0259ndiricisinin n\u0259z\u0259rd\u0259 tutulan m\u0259qs\u0259d \u00fc\u00e7\u00fcn \u0259n uy\u011fun oldu\u011funu m\u00fczakir\u0259 etm\u0259k \u00fc\u00e7\u00fcn komandam\u0131zla \u0259laq\u0259 saxlay\u0131n.\" \/>\n<meta property=\"og:url\" content=\"https:\/\/geoclimate.ge\/az\/product\/dantherm-ttr-2800-desiccant-dehumidifier\/\" \/>\n<meta property=\"og:site_name\" content=\"GeoClimate.ge\" \/>\n<meta property=\"article:modified_time\" content=\"2025-04-12T13:12:37+00:00\" \/>\n<meta property=\"og:image\" content=\"https:\/\/geoclimate.ge\/wp-content\/uploads\/2025\/04\/Dantherm-TTR-2800-main-right.jpg\" \/>\n\t<meta property=\"og:image:width\" content=\"1000\" \/>\n\t<meta property=\"og:image:height\" content=\"1000\" \/>\n\t<meta property=\"og:image:type\" content=\"image\/jpeg\" \/>\n<meta name=\"twitter:card\" content=\"summary_large_image\" \/>\n<meta name=\"twitter:label1\" content=\"Est. reading time\" \/>\n\t<meta name=\"twitter:data1\" content=\"2 minutes\" \/>\n<script type=\"application\/ld+json\" class=\"yoast-schema-graph\">{\"@context\":\"https:\/\/schema.org\",\"@graph\":[{\"@type\":\"WebPage\",\"@id\":\"https:\/\/geoclimate.ge\/az\/product\/dantherm-ttr-2800-desiccant-dehumidifier\/\",\"url\":\"https:\/\/geoclimate.ge\/az\/product\/dantherm-ttr-2800-desiccant-dehumidifier\/\",\"name\":\"Dantherm TTR 2800 \u2013 quruducu n\u0259ml\u0259ndirici - GeoClimate.ge\",\"isPartOf\":{\"@id\":\"https:\/\/geoclimate.ge\/#website\"},\"primaryImageOfPage\":{\"@id\":\"https:\/\/geoclimate.ge\/az\/product\/dantherm-ttr-2800-desiccant-dehumidifier\/#primaryimage\"},\"image\":{\"@id\":\"https:\/\/geoclimate.ge\/az\/product\/dantherm-ttr-2800-desiccant-dehumidifier\/#primaryimage\"},\"thumbnailUrl\":\"https:\/\/geoclimate.ge\/wp-content\/uploads\/2025\/04\/Dantherm-TTR-2800-main-right.jpg\",\"datePublished\":\"2025-04-12T13:02:58+00:00\",\"dateModified\":\"2025-04-12T13:12:37+00:00\",\"breadcrumb\":{\"@id\":\"https:\/\/geoclimate.ge\/az\/product\/dantherm-ttr-2800-desiccant-dehumidifier\/#breadcrumb\"},\"inLanguage\":\"az\",\"potentialAction\":[{\"@type\":\"ReadAction\",\"target\":[\"https:\/\/geoclimate.ge\/az\/product\/dantherm-ttr-2800-desiccant-dehumidifier\/\"]}]},{\"@type\":\"ImageObject\",\"inLanguage\":\"az\",\"@id\":\"https:\/\/geoclimate.ge\/az\/product\/dantherm-ttr-2800-desiccant-dehumidifier\/#primaryimage\",\"url\":\"https:\/\/geoclimate.ge\/wp-content\/uploads\/2025\/04\/Dantherm-TTR-2800-main-right.jpg\",\"contentUrl\":\"https:\/\/geoclimate.ge\/wp-content\/uploads\/2025\/04\/Dantherm-TTR-2800-main-right.jpg\",\"width\":1000,\"height\":1000},{\"@type\":\"BreadcrumbList\",\"@id\":\"https:\/\/geoclimate.ge\/az\/product\/dantherm-ttr-2800-desiccant-dehumidifier\/#breadcrumb\",\"itemListElement\":[{\"@type\":\"ListItem\",\"position\":1,\"name\":\"Home\",\"item\":\"https:\/\/geoclimate.ge\/az\/\"},{\"@type\":\"ListItem\",\"position\":2,\"name\":\"M\u0259hsullar\",\"item\":\"https:\/\/geoclimate.ge\/az\/products\/\"},{\"@type\":\"ListItem\",\"position\":3,\"name\":\"Dantherm TTR 2800 \u2013 quruducu n\u0259ml\u0259ndirici\"}]},{\"@type\":\"WebSite\",\"@id\":\"https:\/\/geoclimate.ge\/#website\",\"url\":\"https:\/\/geoclimate.ge\/\",\"name\":\"GeoClimate\",\"description\":\"\",\"publisher\":{\"@id\":\"https:\/\/geoclimate.ge\/#organization\"},\"potentialAction\":[{\"@type\":\"SearchAction\",\"target\":{\"@type\":\"EntryPoint\",\"urlTemplate\":\"https:\/\/geoclimate.ge\/?s={search_term_string}\"},\"query-input\":{\"@type\":\"PropertyValueSpecification\",\"valueRequired\":true,\"valueName\":\"search_term_string\"}}],\"inLanguage\":\"az\"},{\"@type\":\"Organization\",\"@id\":\"https:\/\/geoclimate.ge\/#organization\",\"name\":\"GeoClimate\",\"url\":\"https:\/\/geoclimate.ge\/\",\"logo\":{\"@type\":\"ImageObject\",\"inLanguage\":\"az\",\"@id\":\"https:\/\/geoclimate.ge\/#\/schema\/logo\/image\/\",\"url\":\"https:\/\/geoclimate.ge\/wp-content\/uploads\/2026\/03\/geoclimate-SEO.png\",\"contentUrl\":\"https:\/\/geoclimate.ge\/wp-content\/uploads\/2026\/03\/geoclimate-SEO.png\",\"width\":1536,\"height\":1024,\"caption\":\"GeoClimate\"},\"image\":{\"@id\":\"https:\/\/geoclimate.ge\/#\/schema\/logo\/image\/\"}}]}<\/script>\n<!-- \/ Yoast SEO plugin. -->","yoast_head_json":{"title":"Dantherm TTR 2800 \u2013 quruducu n\u0259ml\u0259ndirici - GeoClimate.ge","robots":{"index":"index","follow":"follow","max-snippet":"max-snippet:-1","max-image-preview":"max-image-preview:large","max-video-preview":"max-video-preview:-1"},"canonical":"https:\/\/geoclimate.ge\/az\/product\/dantherm-ttr-2800-desiccant-dehumidifier\/","og_locale":"az_AZ","og_type":"article","og_title":"Dantherm TTR 2800 \u2013 quruducu n\u0259ml\u0259ndirici - GeoClimate.ge","og_description":"S\u0259naye n\u0259ml\u0259ndiricisi  TTR 2800 s\u0259naye quruducu n\u0259ml\u0259ndirici, h\u0259tta a\u015fa\u011f\u0131 \u015feh n\u00f6qt\u0259l\u0259ri olan soyuq m\u00fchit \u015f\u0259raitind\u0259 bel\u0259, g\u00fcnd\u0259 t\u0259xmin\u0259n 400 kq n\u0259m t\u0259mizl\u0259m\u0259 performans\u0131n\u0131 idar\u0259 ed\u0259 bil\u0259r. Bu, onu m\u0259hsullar\u0131, ma\u015f\u0131nlar\u0131, inventarlar\u0131 v\u0259 binalar\u0131 korroziyadan, kondensasiyadan v\u0259 ya kif \u0259m\u0259l\u0259 g\u0259lm\u0259sind\u0259n qorumaq \u00fc\u00e7\u00fcn s\u0259naye, da\u015f\u0131ma v\u0259 ya kommunal \u015firk\u0259tl\u0259rd\u0259 m\u00fcxt\u0259lif hava v\u0259 qaz\u0131n n\u0259ml\u0259ndirilm\u0259si i\u015fl\u0259ri \u00fc\u00e7\u00fcn ideal h\u0259ll edir. TTR 2800 standart paslanmayan polad korpusa v\u0259 IP44 qoruma il\u0259 elektrik idar\u0259etm\u0259 qutusuna malikdir, bu da onu korroziyaya davaml\u0131 edir v\u0259 a\u015fa\u011f\u0131 temperaturda v\u0259 ya material\u0131n g\u0259rginliyi \u015f\u0259raitind\u0259, o c\u00fcml\u0259d\u0259n gigiyenaya h\u0259ssas \u0259razil\u0259rd\u0259 quru saxlamaq v\u0259 ya quru hava yaratmaq \u00fc\u00e7\u00fcn uy\u011fundur.  Hans\u0131 adsorbsiya n\u0259ml\u0259ndiricisinin v\u0259 ya kommersiya n\u0259ml\u0259ndiricisinin n\u0259z\u0259rd\u0259 tutulan m\u0259qs\u0259d \u00fc\u00e7\u00fcn \u0259n uy\u011fun oldu\u011funu m\u00fczakir\u0259 etm\u0259k \u00fc\u00e7\u00fcn komandam\u0131zla \u0259laq\u0259 saxlay\u0131n.","og_url":"https:\/\/geoclimate.ge\/az\/product\/dantherm-ttr-2800-desiccant-dehumidifier\/","og_site_name":"GeoClimate.ge","article_modified_time":"2025-04-12T13:12:37+00:00","og_image":[{"width":1000,"height":1000,"url":"https:\/\/geoclimate.ge\/wp-content\/uploads\/2025\/04\/Dantherm-TTR-2800-main-right.jpg","type":"image\/jpeg"}],"twitter_card":"summary_large_image","twitter_misc":{"Est. reading time":"2 minutes"},"schema":{"@context":"https:\/\/schema.org","@graph":[{"@type":"WebPage","@id":"https:\/\/geoclimate.ge\/az\/product\/dantherm-ttr-2800-desiccant-dehumidifier\/","url":"https:\/\/geoclimate.ge\/az\/product\/dantherm-ttr-2800-desiccant-dehumidifier\/","name":"Dantherm TTR 2800 \u2013 quruducu n\u0259ml\u0259ndirici - GeoClimate.ge","isPartOf":{"@id":"https:\/\/geoclimate.ge\/#website"},"primaryImageOfPage":{"@id":"https:\/\/geoclimate.ge\/az\/product\/dantherm-ttr-2800-desiccant-dehumidifier\/#primaryimage"},"image":{"@id":"https:\/\/geoclimate.ge\/az\/product\/dantherm-ttr-2800-desiccant-dehumidifier\/#primaryimage"},"thumbnailUrl":"https:\/\/geoclimate.ge\/wp-content\/uploads\/2025\/04\/Dantherm-TTR-2800-main-right.jpg","datePublished":"2025-04-12T13:02:58+00:00","dateModified":"2025-04-12T13:12:37+00:00","breadcrumb":{"@id":"https:\/\/geoclimate.ge\/az\/product\/dantherm-ttr-2800-desiccant-dehumidifier\/#breadcrumb"},"inLanguage":"az","potentialAction":[{"@type":"ReadAction","target":["https:\/\/geoclimate.ge\/az\/product\/dantherm-ttr-2800-desiccant-dehumidifier\/"]}]},{"@type":"ImageObject","inLanguage":"az","@id":"https:\/\/geoclimate.ge\/az\/product\/dantherm-ttr-2800-desiccant-dehumidifier\/#primaryimage","url":"https:\/\/geoclimate.ge\/wp-content\/uploads\/2025\/04\/Dantherm-TTR-2800-main-right.jpg","contentUrl":"https:\/\/geoclimate.ge\/wp-content\/uploads\/2025\/04\/Dantherm-TTR-2800-main-right.jpg","width":1000,"height":1000},{"@type":"BreadcrumbList","@id":"https:\/\/geoclimate.ge\/az\/product\/dantherm-ttr-2800-desiccant-dehumidifier\/#breadcrumb","itemListElement":[{"@type":"ListItem","position":1,"name":"Home","item":"https:\/\/geoclimate.ge\/az\/"},{"@type":"ListItem","position":2,"name":"M\u0259hsullar","item":"https:\/\/geoclimate.ge\/az\/products\/"},{"@type":"ListItem","position":3,"name":"Dantherm TTR 2800 \u2013 quruducu n\u0259ml\u0259ndirici"}]},{"@type":"WebSite","@id":"https:\/\/geoclimate.ge\/#website","url":"https:\/\/geoclimate.ge\/","name":"GeoClimate","description":"","publisher":{"@id":"https:\/\/geoclimate.ge\/#organization"},"potentialAction":[{"@type":"SearchAction","target":{"@type":"EntryPoint","urlTemplate":"https:\/\/geoclimate.ge\/?s={search_term_string}"},"query-input":{"@type":"PropertyValueSpecification","valueRequired":true,"valueName":"search_term_string"}}],"inLanguage":"az"},{"@type":"Organization","@id":"https:\/\/geoclimate.ge\/#organization","name":"GeoClimate","url":"https:\/\/geoclimate.ge\/","logo":{"@type":"ImageObject","inLanguage":"az","@id":"https:\/\/geoclimate.ge\/#\/schema\/logo\/image\/","url":"https:\/\/geoclimate.ge\/wp-content\/uploads\/2026\/03\/geoclimate-SEO.png","contentUrl":"https:\/\/geoclimate.ge\/wp-content\/uploads\/2026\/03\/geoclimate-SEO.png","width":1536,"height":1024,"caption":"GeoClimate"},"image":{"@id":"https:\/\/geoclimate.ge\/#\/schema\/logo\/image\/"}}]}},"_links":{"self":[{"href":"https:\/\/geoclimate.ge\/az\/wp-json\/wp\/v2\/product\/29541","targetHints":{"allow":["GET"]}}],"collection":[{"href":"https:\/\/geoclimate.ge\/az\/wp-json\/wp\/v2\/product"}],"about":[{"href":"https:\/\/geoclimate.ge\/az\/wp-json\/wp\/v2\/types\/product"}],"wp:featuredmedia":[{"embeddable":true,"href":"https:\/\/geoclimate.ge\/az\/wp-json\/wp\/v2\/media\/29536"}],"wp:attachment":[{"href":"https:\/\/geoclimate.ge\/az\/wp-json\/wp\/v2\/media?parent=29541"}],"wp:term":[{"taxonomy":"product_brand","embeddable":true,"href":"https:\/\/geoclimate.ge\/az\/wp-json\/wp\/v2\/product_brand?post=29541"},{"taxonomy":"product_cat","embeddable":true,"href":"https:\/\/geoclimate.ge\/az\/wp-json\/wp\/v2\/product_cat?post=29541"},{"taxonomy":"product_tag","embeddable":true,"href":"https:\/\/geoclimate.ge\/az\/wp-json\/wp\/v2\/product_tag?post=29541"}],"curies":[{"name":"wp","href":"https:\/\/api.w.org\/{rel}","templated":true}]}}