{"id":29742,"date":"2025-04-12T22:53:33","date_gmt":"2025-04-12T18:53:33","guid":{"rendered":"https:\/\/airsystems.ge\/shop\/product\/trotec-zerozon-200-oxygen-regenerator\/"},"modified":"2025-04-12T22:59:43","modified_gmt":"2025-04-12T18:59:43","slug":"trotec-zerozon-200-oxygen-regenerator","status":"publish","type":"product","link":"https:\/\/geoclimate.ge\/az\/product\/trotec-zerozon-200-oxygen-regenerator\/","title":{"rendered":"Trotec Zerozon 200 \u2013 oksigen regeneratoru"},"content":{"rendered":"<section class=\"max-w-[1088px] mx-auto w-full px-5 my-10 md:my-12 lg:my-16 xl:my-20 xl:px-0\" data-block=\"bullet-list\">\n<div class=\"md:text-center\">\n<h3 class=\"text-black font-bold text-lg md:text-xl lg:text-2xl\">\u018fsas x\u00fcsusiyy\u0259tl\u0259r<\/h3>\n<\/div>\n<div class=\"mt-6 md:mt-10\">\n<div class=\"flex flex-wrap\">\n<div class=\"w-full md:w-1\/2 auto-bullets md:pr-16\">\n<ul>\n<li class=\"text-sm md:text-base text-black mt-3 flex items-start\">\n<div class=\"pl-5\">\n<p>Ozonun m\u0259hv edilm\u0259si prosesini 30 d\u0259f\u0259y\u0259 q\u0259d\u0259r s\u00fcr\u0259tl\u0259ndir\u0259n oksigen regeneratoru<br \/>\n\u0130nteqrasiya edilmi\u015f enerji t\u0259chizat\u0131 v\u0259 idar\u0259etm\u0259 paneli<br \/>\nB\u00fct\u00fcn Airozon\u00ae ozon dezinfektorlar\u0131na qo\u015fula v\u0259 idar\u0259 edil\u0259 bil\u0259r<br \/>\nBa\u011f\u0131ms\u0131z \u0259m\u0259liyyat m\u00fcmk\u00fcnd\u00fcr<br \/>\nFleece \u00f6rt\u00fckl\u00fc kataliz filtrl\u0259ri ozonun s\u00fcr\u0259tli par\u00e7alanmas\u0131n\u0131 t\u0259min edir<br \/>\nY\u0131\u011fcam da\u015f\u0131nma v\u0259 saxlama \u00fc\u00e7\u00fcn \u00e7oxlu y\u0131\u011f\u0131la bil\u0259n dizayn (Airozon 20000 il\u0259 uy\u011fundur).<\/p>\n<p>&nbsp;<\/p>\n<\/div>\n<\/li>\n<\/ul>\n<\/div>\n<\/div>\n<\/div>\n<\/section>\n<section class=\"max-w-[1088px] mx-auto w-full px-5 my-10 md:my-12 lg:my-16 xl:my-20 xl:px-0\" data-block=\"product-specifications\">\n<div class=\"md:text-center\">\n<h3 class=\"text-black font-bold text-lg md:text-xl lg:text-2xl\"><strong>Product specifications<\/strong><\/h3>\n<\/div>\n<div class=\" md:mt-10\">\n<div class=\"\">\n<div class=\"lg:mt-0 \">\n<div id=\"spec-zerozon-200\" class=\"prose max-w-full md:overflow-auto\" data-spec-content=\"\">\n<div class=\"spreadsheet-container hidden md:block\">\n<table class=\"w-full table-fixed mb-0\">\n<thead>\n<tr>\n<th class=\"font-bold text-base\"><span class=\"block px-4\">Specifications<\/span><\/th>\n<th class=\"font-bold text-base text-center\"><span class=\"block px-10 md:px-20\">Units<\/span><\/th>\n<th class=\"font-bold text-base text-center will-change\"><span class=\"block px-4\">Zerozon\u00a0200<\/span><\/th>\n<\/tr>\n<\/thead>\n<tbody>\n<tr class=\"bg-grey-200\/50 p-2\">\n<td colspan=\"1\"><span class=\"block px-4\">Air flow rate max.<\/span><\/td>\n<td class=\"text-center\">\n<div class=\"px-10 md:px-20 flex items-center justify-center\">m\u00b3\/h<\/div>\n<\/td>\n<td class=\"text-center will-change\">\n<div class=\"px-10 md:px-20 flex items-center justify-center\">680<\/div>\n<\/td>\n<\/tr>\n<tr class=\" p-2\">\n<td colspan=\"1\"><span class=\"block px-4\">Power supply<\/span><\/td>\n<td class=\"text-center\">\n<div class=\"px-10 md:px-20 flex items-center justify-center\">V\/Hz<\/div>\n<\/td>\n<td class=\"text-center will-change\">\n<div class=\"px-10 md:px-20 flex items-center justify-center\">220-240\/1ph\/50-60<\/div>\n<\/td>\n<\/tr>\n<tr class=\"bg-grey-200\/50 p-2\">\n<td colspan=\"1\"><span class=\"block px-4\">Power input max.<\/span><\/td>\n<td class=\"text-center\">\n<div class=\"px-10 md:px-20 flex items-center justify-center\">W<\/div>\n<\/td>\n<td class=\"text-center will-change\">\n<div class=\"px-10 md:px-20 flex items-center justify-center\">175<\/div>\n<\/td>\n<\/tr>\n<tr class=\" p-2\">\n<td colspan=\"1\"><span class=\"block px-4\">Current consumption<\/span><\/td>\n<td class=\"text-center\">\n<div class=\"px-10 md:px-20 flex items-center justify-center\">A<\/div>\n<\/td>\n<td class=\"text-center will-change\">\n<div class=\"px-10 md:px-20 flex items-center justify-center\">0.8<\/div>\n<\/td>\n<\/tr>\n<tr class=\"bg-grey-200\/50 p-2\">\n<td colspan=\"1\"><span class=\"block px-4\">Sound level @1m<\/span><\/td>\n<td class=\"text-center\">\n<div class=\"px-10 md:px-20 flex items-center justify-center\">dB(A)<\/div>\n<\/td>\n<td class=\"text-center will-change\">\n<div class=\"px-10 md:px-20 flex items-center justify-center\">62<\/div>\n<\/td>\n<\/tr>\n<tr class=\" p-2\">\n<td colspan=\"1\"><span class=\"block px-4\">Product size (l x w x h)<\/span><\/td>\n<td class=\"text-center\">\n<div class=\"px-10 md:px-20 flex items-center justify-center\">mm<\/div>\n<\/td>\n<td class=\"text-center will-change\">\n<div class=\"px-10 md:px-20 flex items-center justify-center\">547 x 370 x 400<\/div>\n<\/td>\n<\/tr>\n<tr class=\"bg-grey-200\/50 p-2\">\n<td colspan=\"1\"><span class=\"block px-4\">Weight<\/span><\/td>\n<td class=\"text-center\">\n<div class=\"px-10 md:px-20 flex items-center justify-center\">kg<\/div>\n<\/td>\n<td class=\"text-center will-change\">\n<div class=\"px-10 md:px-20 flex items-center justify-center\">15<\/div>\n<\/td>\n<\/tr>\n<\/tbody>\n<\/table>\n<\/div>\n<\/div>\n<\/div>\n<\/div>\n<\/div>\n<\/section>\n<section class=\"max-w-[1088px] mx-auto w-full px-5 my-10 md:my-12 lg:my-16 xl:my-20 xl:px-0\" data-block=\"link-list\">\n<div class=\"max-w-[1088px] mx-auto\">\n<div class=\"md:text-center\">\n<ul>\n<li class=\"flex items-center gap-5 text-sm text-black mt-3 md:text-base lg:text-lg\"><strong>Uy\u011fundur:<\/strong><\/li>\n<\/ul>\n<\/div>\n<div class=\"mt-6 max-w-4xl mx-auto\">\n<div class=\"flex flex-wrap md:ml-20\">\n<div class=\"w-full md:w-1\/2 auto-bullets md:pr-16\">\n<ul>\n<li class=\"flex items-center gap-5 text-sm text-black mt-3 md:text-base lg:text-lg\">Ticar\u0259t binalar\u0131<br \/>\n\u0130stirah\u0259t v\u0259 istirah\u0259t<br \/>\n\u0130car\u0259 \u015firk\u0259tl\u0259ri<br \/>\nYa\u015fay\u0131\u015f binalar\u0131<br \/>\nSu z\u0259r\u0259rinin b\u0259rpas\u0131<\/li>\n<\/ul>\n<\/div>\n<\/div>\n<\/div>\n<\/div>\n<\/section>\n","protected":false},"excerpt":{"rendered":"<div class=\"max-w-4xl\">\n<div class=\"text-xl font-bold mt-1 md:mt-2\">\n<p>Oksigen regeneratorlar\u0131<\/p>\n<p>Trotec Zerozon 200 etibarl\u0131 v\u0259 s\u0259rf\u0259li oksigen m\u0259nb\u0259yini t\u0259min etm\u0259k \u00fc\u00e7\u00fcn n\u0259z\u0259rd\u0259 tutulmu\u015f y\u00fcks\u0259k keyfiyy\u0259tli oksigen regeneratorudur. O, sabit v\u0259 davaml\u0131 oksigen t\u0259dar\u00fck\u00fcn\u00fc t\u0259min etm\u0259k \u00fc\u00e7\u00fcn qabaqc\u0131l texnologiya v\u0259 y\u00fcks\u0259k keyfiyy\u0259tli komponentl\u0259r\u0259 malikdir. 200l\/d\u0259q-\u0259 q\u0259d\u0259r ax\u0131n s\u00fcr\u0259ti il\u0259 Zerozon 200 tibbi, s\u0259naye v\u0259 laboratoriya istifad\u0259si daxil olmaqla geni\u015f t\u0259tbiql\u0259r \u00fc\u00e7\u00fcn uy\u011fundur. O, h\u0259m\u00e7inin istifad\u0259\u00e7i dostu dizayna malikdir v\u0259 idar\u0259 etm\u0259k v\u0259 saxlamaq asand\u0131r. Etibarl\u0131 performans\u0131 v\u0259 qabaqc\u0131l x\u00fcsusiyy\u0259tl\u0259ri il\u0259 Zerozon 200 etibarl\u0131 oksigen t\u0259chizat\u0131 \u00fc\u00e7\u00fcn \u0259la se\u00e7imdir.<\/p>\n<\/div>\n<\/div>\n","protected":false},"featured_media":29725,"template":"","meta":[],"product_brand":[],"product_cat":[809,971],"product_tag":[],"class_list":{"0":"post-29742","1":"product","2":"type-product","3":"status-publish","4":"has-post-thumbnail","6":"product_cat-hava-nmlndiricisi-kondisioner-az-ventilyasiya-ventilyator","7":"product_cat-disinfection","9":"first","10":"instock","11":"shipping-taxable","12":"purchasable","13":"product-type-simple"},"yoast_head":"<!-- This site is optimized with the Yoast SEO plugin v27.1.1 - https:\/\/yoast.com\/product\/yoast-seo-wordpress\/ -->\n<title>Trotec Zerozon 200 \u2013 oksigen regeneratoru - GeoClimate.ge<\/title>\n<meta name=\"robots\" content=\"index, follow, max-snippet:-1, max-image-preview:large, max-video-preview:-1\" \/>\n<link rel=\"canonical\" href=\"https:\/\/geoclimate.ge\/az\/product\/trotec-zerozon-200-oxygen-regenerator\/\" \/>\n<meta property=\"og:locale\" content=\"az_AZ\" \/>\n<meta property=\"og:type\" content=\"article\" \/>\n<meta property=\"og:title\" content=\"Trotec Zerozon 200 \u2013 oksigen regeneratoru - GeoClimate.ge\" \/>\n<meta property=\"og:description\" content=\"Oksigen regeneratorlar\u0131  Trotec Zerozon 200 etibarl\u0131 v\u0259 s\u0259rf\u0259li oksigen m\u0259nb\u0259yini t\u0259min etm\u0259k \u00fc\u00e7\u00fcn n\u0259z\u0259rd\u0259 tutulmu\u015f y\u00fcks\u0259k keyfiyy\u0259tli oksigen regeneratorudur. O, sabit v\u0259 davaml\u0131 oksigen t\u0259dar\u00fck\u00fcn\u00fc t\u0259min etm\u0259k \u00fc\u00e7\u00fcn qabaqc\u0131l texnologiya v\u0259 y\u00fcks\u0259k keyfiyy\u0259tli komponentl\u0259r\u0259 malikdir. 200l\/d\u0259q-\u0259 q\u0259d\u0259r ax\u0131n s\u00fcr\u0259ti il\u0259 Zerozon 200 tibbi, s\u0259naye v\u0259 laboratoriya istifad\u0259si daxil olmaqla geni\u015f t\u0259tbiql\u0259r \u00fc\u00e7\u00fcn uy\u011fundur. O, h\u0259m\u00e7inin istifad\u0259\u00e7i dostu dizayna malikdir v\u0259 idar\u0259 etm\u0259k v\u0259 saxlamaq asand\u0131r. Etibarl\u0131 performans\u0131 v\u0259 qabaqc\u0131l x\u00fcsusiyy\u0259tl\u0259ri il\u0259 Zerozon 200 etibarl\u0131 oksigen t\u0259chizat\u0131 \u00fc\u00e7\u00fcn \u0259la se\u00e7imdir.\" \/>\n<meta property=\"og:url\" content=\"https:\/\/geoclimate.ge\/az\/product\/trotec-zerozon-200-oxygen-regenerator\/\" \/>\n<meta property=\"og:site_name\" content=\"GeoClimate.ge\" \/>\n<meta property=\"article:modified_time\" content=\"2025-04-12T18:59:43+00:00\" \/>\n<meta property=\"og:image\" content=\"https:\/\/geoclimate.ge\/wp-content\/uploads\/2025\/04\/Trotec-Zerozon-200-main-leftt.jpg\" \/>\n\t<meta property=\"og:image:width\" content=\"1000\" \/>\n\t<meta property=\"og:image:height\" content=\"1000\" \/>\n\t<meta property=\"og:image:type\" content=\"image\/jpeg\" \/>\n<meta name=\"twitter:card\" content=\"summary_large_image\" \/>\n<meta name=\"twitter:label1\" content=\"Est. reading time\" \/>\n\t<meta name=\"twitter:data1\" content=\"1 minute\" \/>\n<script type=\"application\/ld+json\" class=\"yoast-schema-graph\">{\"@context\":\"https:\/\/schema.org\",\"@graph\":[{\"@type\":\"WebPage\",\"@id\":\"https:\/\/geoclimate.ge\/az\/product\/trotec-zerozon-200-oxygen-regenerator\/\",\"url\":\"https:\/\/geoclimate.ge\/az\/product\/trotec-zerozon-200-oxygen-regenerator\/\",\"name\":\"Trotec Zerozon 200 \u2013 oksigen regeneratoru - GeoClimate.ge\",\"isPartOf\":{\"@id\":\"https:\/\/geoclimate.ge\/#website\"},\"primaryImageOfPage\":{\"@id\":\"https:\/\/geoclimate.ge\/az\/product\/trotec-zerozon-200-oxygen-regenerator\/#primaryimage\"},\"image\":{\"@id\":\"https:\/\/geoclimate.ge\/az\/product\/trotec-zerozon-200-oxygen-regenerator\/#primaryimage\"},\"thumbnailUrl\":\"https:\/\/geoclimate.ge\/wp-content\/uploads\/2025\/04\/Trotec-Zerozon-200-main-leftt.jpg\",\"datePublished\":\"2025-04-12T18:53:33+00:00\",\"dateModified\":\"2025-04-12T18:59:43+00:00\",\"breadcrumb\":{\"@id\":\"https:\/\/geoclimate.ge\/az\/product\/trotec-zerozon-200-oxygen-regenerator\/#breadcrumb\"},\"inLanguage\":\"az\",\"potentialAction\":[{\"@type\":\"ReadAction\",\"target\":[\"https:\/\/geoclimate.ge\/az\/product\/trotec-zerozon-200-oxygen-regenerator\/\"]}]},{\"@type\":\"ImageObject\",\"inLanguage\":\"az\",\"@id\":\"https:\/\/geoclimate.ge\/az\/product\/trotec-zerozon-200-oxygen-regenerator\/#primaryimage\",\"url\":\"https:\/\/geoclimate.ge\/wp-content\/uploads\/2025\/04\/Trotec-Zerozon-200-main-leftt.jpg\",\"contentUrl\":\"https:\/\/geoclimate.ge\/wp-content\/uploads\/2025\/04\/Trotec-Zerozon-200-main-leftt.jpg\",\"width\":1000,\"height\":1000},{\"@type\":\"BreadcrumbList\",\"@id\":\"https:\/\/geoclimate.ge\/az\/product\/trotec-zerozon-200-oxygen-regenerator\/#breadcrumb\",\"itemListElement\":[{\"@type\":\"ListItem\",\"position\":1,\"name\":\"Home\",\"item\":\"https:\/\/geoclimate.ge\/az\/\"},{\"@type\":\"ListItem\",\"position\":2,\"name\":\"M\u0259hsullar\",\"item\":\"https:\/\/geoclimate.ge\/az\/products\/\"},{\"@type\":\"ListItem\",\"position\":3,\"name\":\"Trotec Zerozon 200 \u2013 oksigen regeneratoru\"}]},{\"@type\":\"WebSite\",\"@id\":\"https:\/\/geoclimate.ge\/#website\",\"url\":\"https:\/\/geoclimate.ge\/\",\"name\":\"GeoClimate\",\"description\":\"\",\"publisher\":{\"@id\":\"https:\/\/geoclimate.ge\/#organization\"},\"potentialAction\":[{\"@type\":\"SearchAction\",\"target\":{\"@type\":\"EntryPoint\",\"urlTemplate\":\"https:\/\/geoclimate.ge\/?s={search_term_string}\"},\"query-input\":{\"@type\":\"PropertyValueSpecification\",\"valueRequired\":true,\"valueName\":\"search_term_string\"}}],\"inLanguage\":\"az\"},{\"@type\":\"Organization\",\"@id\":\"https:\/\/geoclimate.ge\/#organization\",\"name\":\"GeoClimate\",\"url\":\"https:\/\/geoclimate.ge\/\",\"logo\":{\"@type\":\"ImageObject\",\"inLanguage\":\"az\",\"@id\":\"https:\/\/geoclimate.ge\/#\/schema\/logo\/image\/\",\"url\":\"https:\/\/geoclimate.ge\/wp-content\/uploads\/2026\/03\/geoclimate-SEO.png\",\"contentUrl\":\"https:\/\/geoclimate.ge\/wp-content\/uploads\/2026\/03\/geoclimate-SEO.png\",\"width\":1536,\"height\":1024,\"caption\":\"GeoClimate\"},\"image\":{\"@id\":\"https:\/\/geoclimate.ge\/#\/schema\/logo\/image\/\"}}]}<\/script>\n<!-- \/ Yoast SEO plugin. -->","yoast_head_json":{"title":"Trotec Zerozon 200 \u2013 oksigen regeneratoru - GeoClimate.ge","robots":{"index":"index","follow":"follow","max-snippet":"max-snippet:-1","max-image-preview":"max-image-preview:large","max-video-preview":"max-video-preview:-1"},"canonical":"https:\/\/geoclimate.ge\/az\/product\/trotec-zerozon-200-oxygen-regenerator\/","og_locale":"az_AZ","og_type":"article","og_title":"Trotec Zerozon 200 \u2013 oksigen regeneratoru - GeoClimate.ge","og_description":"Oksigen regeneratorlar\u0131  Trotec Zerozon 200 etibarl\u0131 v\u0259 s\u0259rf\u0259li oksigen m\u0259nb\u0259yini t\u0259min etm\u0259k \u00fc\u00e7\u00fcn n\u0259z\u0259rd\u0259 tutulmu\u015f y\u00fcks\u0259k keyfiyy\u0259tli oksigen regeneratorudur. O, sabit v\u0259 davaml\u0131 oksigen t\u0259dar\u00fck\u00fcn\u00fc t\u0259min etm\u0259k \u00fc\u00e7\u00fcn qabaqc\u0131l texnologiya v\u0259 y\u00fcks\u0259k keyfiyy\u0259tli komponentl\u0259r\u0259 malikdir. 200l\/d\u0259q-\u0259 q\u0259d\u0259r ax\u0131n s\u00fcr\u0259ti il\u0259 Zerozon 200 tibbi, s\u0259naye v\u0259 laboratoriya istifad\u0259si daxil olmaqla geni\u015f t\u0259tbiql\u0259r \u00fc\u00e7\u00fcn uy\u011fundur. O, h\u0259m\u00e7inin istifad\u0259\u00e7i dostu dizayna malikdir v\u0259 idar\u0259 etm\u0259k v\u0259 saxlamaq asand\u0131r. Etibarl\u0131 performans\u0131 v\u0259 qabaqc\u0131l x\u00fcsusiyy\u0259tl\u0259ri il\u0259 Zerozon 200 etibarl\u0131 oksigen t\u0259chizat\u0131 \u00fc\u00e7\u00fcn \u0259la se\u00e7imdir.","og_url":"https:\/\/geoclimate.ge\/az\/product\/trotec-zerozon-200-oxygen-regenerator\/","og_site_name":"GeoClimate.ge","article_modified_time":"2025-04-12T18:59:43+00:00","og_image":[{"width":1000,"height":1000,"url":"https:\/\/geoclimate.ge\/wp-content\/uploads\/2025\/04\/Trotec-Zerozon-200-main-leftt.jpg","type":"image\/jpeg"}],"twitter_card":"summary_large_image","twitter_misc":{"Est. reading time":"1 minute"},"schema":{"@context":"https:\/\/schema.org","@graph":[{"@type":"WebPage","@id":"https:\/\/geoclimate.ge\/az\/product\/trotec-zerozon-200-oxygen-regenerator\/","url":"https:\/\/geoclimate.ge\/az\/product\/trotec-zerozon-200-oxygen-regenerator\/","name":"Trotec Zerozon 200 \u2013 oksigen regeneratoru - GeoClimate.ge","isPartOf":{"@id":"https:\/\/geoclimate.ge\/#website"},"primaryImageOfPage":{"@id":"https:\/\/geoclimate.ge\/az\/product\/trotec-zerozon-200-oxygen-regenerator\/#primaryimage"},"image":{"@id":"https:\/\/geoclimate.ge\/az\/product\/trotec-zerozon-200-oxygen-regenerator\/#primaryimage"},"thumbnailUrl":"https:\/\/geoclimate.ge\/wp-content\/uploads\/2025\/04\/Trotec-Zerozon-200-main-leftt.jpg","datePublished":"2025-04-12T18:53:33+00:00","dateModified":"2025-04-12T18:59:43+00:00","breadcrumb":{"@id":"https:\/\/geoclimate.ge\/az\/product\/trotec-zerozon-200-oxygen-regenerator\/#breadcrumb"},"inLanguage":"az","potentialAction":[{"@type":"ReadAction","target":["https:\/\/geoclimate.ge\/az\/product\/trotec-zerozon-200-oxygen-regenerator\/"]}]},{"@type":"ImageObject","inLanguage":"az","@id":"https:\/\/geoclimate.ge\/az\/product\/trotec-zerozon-200-oxygen-regenerator\/#primaryimage","url":"https:\/\/geoclimate.ge\/wp-content\/uploads\/2025\/04\/Trotec-Zerozon-200-main-leftt.jpg","contentUrl":"https:\/\/geoclimate.ge\/wp-content\/uploads\/2025\/04\/Trotec-Zerozon-200-main-leftt.jpg","width":1000,"height":1000},{"@type":"BreadcrumbList","@id":"https:\/\/geoclimate.ge\/az\/product\/trotec-zerozon-200-oxygen-regenerator\/#breadcrumb","itemListElement":[{"@type":"ListItem","position":1,"name":"Home","item":"https:\/\/geoclimate.ge\/az\/"},{"@type":"ListItem","position":2,"name":"M\u0259hsullar","item":"https:\/\/geoclimate.ge\/az\/products\/"},{"@type":"ListItem","position":3,"name":"Trotec Zerozon 200 \u2013 oksigen regeneratoru"}]},{"@type":"WebSite","@id":"https:\/\/geoclimate.ge\/#website","url":"https:\/\/geoclimate.ge\/","name":"GeoClimate","description":"","publisher":{"@id":"https:\/\/geoclimate.ge\/#organization"},"potentialAction":[{"@type":"SearchAction","target":{"@type":"EntryPoint","urlTemplate":"https:\/\/geoclimate.ge\/?s={search_term_string}"},"query-input":{"@type":"PropertyValueSpecification","valueRequired":true,"valueName":"search_term_string"}}],"inLanguage":"az"},{"@type":"Organization","@id":"https:\/\/geoclimate.ge\/#organization","name":"GeoClimate","url":"https:\/\/geoclimate.ge\/","logo":{"@type":"ImageObject","inLanguage":"az","@id":"https:\/\/geoclimate.ge\/#\/schema\/logo\/image\/","url":"https:\/\/geoclimate.ge\/wp-content\/uploads\/2026\/03\/geoclimate-SEO.png","contentUrl":"https:\/\/geoclimate.ge\/wp-content\/uploads\/2026\/03\/geoclimate-SEO.png","width":1536,"height":1024,"caption":"GeoClimate"},"image":{"@id":"https:\/\/geoclimate.ge\/#\/schema\/logo\/image\/"}}]}},"_links":{"self":[{"href":"https:\/\/geoclimate.ge\/az\/wp-json\/wp\/v2\/product\/29742","targetHints":{"allow":["GET"]}}],"collection":[{"href":"https:\/\/geoclimate.ge\/az\/wp-json\/wp\/v2\/product"}],"about":[{"href":"https:\/\/geoclimate.ge\/az\/wp-json\/wp\/v2\/types\/product"}],"wp:featuredmedia":[{"embeddable":true,"href":"https:\/\/geoclimate.ge\/az\/wp-json\/wp\/v2\/media\/29725"}],"wp:attachment":[{"href":"https:\/\/geoclimate.ge\/az\/wp-json\/wp\/v2\/media?parent=29742"}],"wp:term":[{"taxonomy":"product_brand","embeddable":true,"href":"https:\/\/geoclimate.ge\/az\/wp-json\/wp\/v2\/product_brand?post=29742"},{"taxonomy":"product_cat","embeddable":true,"href":"https:\/\/geoclimate.ge\/az\/wp-json\/wp\/v2\/product_cat?post=29742"},{"taxonomy":"product_tag","embeddable":true,"href":"https:\/\/geoclimate.ge\/az\/wp-json\/wp\/v2\/product_tag?post=29742"}],"curies":[{"name":"wp","href":"https:\/\/api.w.org\/{rel}","templated":true}]}}