{"id":29807,"date":"2025-04-15T09:40:16","date_gmt":"2025-04-15T05:40:16","guid":{"rendered":"https:\/\/airsystems.ge\/shop\/product\/floor-standing-air-conditioner\/"},"modified":"2025-04-15T10:15:26","modified_gmt":"2025-04-15T06:15:26","slug":"floor-standing-air-conditioner","status":"publish","type":"product","link":"https:\/\/geoclimate.ge\/az\/product\/floor-standing-air-conditioner\/","title":{"rendered":"D\u00f6\u015f\u0259m\u0259 Kondisioneri Sabit istilik nasosu"},"content":{"rendered":"<h2>Floor Standing Air Conditioner<\/h2>\n","protected":false},"excerpt":{"rendered":"<p>\u018fsas X\u00fcsusiyy\u0259tl\u0259r<br \/>\n\u2022 36.000-d\u0259n 58.000 Btu\/saat tutumlu 3 model.<br \/>\n\u2022 R410 \u018ftraf m\u00fchit\u0259 uy\u011fun soyuducu.<br \/>\n\u2022 M\u00fcasir v\u0259 y\u0131\u011fcam dizayn.<br \/>\n\u2022 S\u0259m\u0259r\u0259li Soyutma v\u0259 \u0130stilik.<br \/>\n\u2022 52 Deg C-\u0259 q\u0259d\u0259r y\u00fcks\u0259k m\u00fchit \u0259m\u0259liyyat\u0131.<br \/>\n\u2022 Daxili \/ \u00c7\u00f6l \u00fc\u00e7\u00fcn q\u0131z\u0131l \u00f6rt\u00fckl\u00fc \u00fczg\u0259cl\u0259r.<br \/>\n\u2022 Avtomatik yenid\u0259n ba\u015flad\u0131n v\u0259 Self Diaqnoz.<br \/>\n\u2022 Yuxu rejimi.<br \/>\n\u2022 24 saat A\u00e7ma\/S\u00f6nd\u00fcrm\u0259 taymeri.<br \/>\n\u2022 Yuyula bil\u0259n Hava Filtri.<\/p>\n","protected":false},"featured_media":29796,"template":"","meta":[],"product_brand":[],"product_cat":[1194,801],"product_tag":[],"class_list":{"0":"post-29807","1":"product","2":"type-product","3":"status-publish","4":"has-post-thumbnail","6":"product_cat-dosm-kondisioneri-air-conditioner-az","7":"product_cat-air-conditioner-az","9":"first","10":"instock","11":"shipping-taxable","12":"product-type-simple"},"yoast_head":"<!-- This site is optimized with the Yoast SEO plugin v27.1.1 - https:\/\/yoast.com\/product\/yoast-seo-wordpress\/ -->\n<title>D\u00f6\u015f\u0259m\u0259 Kondisioneri Sabit istilik nasosu - GeoClimate.ge<\/title>\n<meta name=\"robots\" content=\"index, follow, max-snippet:-1, max-image-preview:large, max-video-preview:-1\" \/>\n<link rel=\"canonical\" href=\"https:\/\/geoclimate.ge\/az\/product\/floor-standing-air-conditioner\/\" \/>\n<meta property=\"og:locale\" content=\"az_AZ\" \/>\n<meta property=\"og:type\" content=\"article\" \/>\n<meta property=\"og:title\" content=\"D\u00f6\u015f\u0259m\u0259 Kondisioneri Sabit istilik nasosu - GeoClimate.ge\" \/>\n<meta property=\"og:description\" content=\"\u018fsas X\u00fcsusiyy\u0259tl\u0259r \u2022 36.000-d\u0259n 58.000 Btu\/saat tutumlu 3 model. \u2022 R410 \u018ftraf m\u00fchit\u0259 uy\u011fun soyuducu. \u2022 M\u00fcasir v\u0259 y\u0131\u011fcam dizayn. \u2022 S\u0259m\u0259r\u0259li Soyutma v\u0259 \u0130stilik. \u2022 52 Deg C-\u0259 q\u0259d\u0259r y\u00fcks\u0259k m\u00fchit \u0259m\u0259liyyat\u0131. \u2022 Daxili \/ \u00c7\u00f6l \u00fc\u00e7\u00fcn q\u0131z\u0131l \u00f6rt\u00fckl\u00fc \u00fczg\u0259cl\u0259r. \u2022 Avtomatik yenid\u0259n ba\u015flad\u0131n v\u0259 Self Diaqnoz. \u2022 Yuxu rejimi. \u2022 24 saat A\u00e7ma\/S\u00f6nd\u00fcrm\u0259 taymeri. \u2022 Yuyula bil\u0259n Hava Filtri.\" \/>\n<meta property=\"og:url\" content=\"https:\/\/geoclimate.ge\/az\/product\/floor-standing-air-conditioner\/\" \/>\n<meta property=\"og:site_name\" content=\"GeoClimate.ge\" \/>\n<meta property=\"article:modified_time\" content=\"2025-04-15T06:15:26+00:00\" \/>\n<meta property=\"og:image\" content=\"https:\/\/geoclimate.ge\/wp-content\/uploads\/2025\/04\/product_image_grid_12b65e52e0cb560c3eea35b024464c81.jpg\" \/>\n\t<meta property=\"og:image:width\" content=\"548\" \/>\n\t<meta property=\"og:image:height\" content=\"428\" \/>\n\t<meta property=\"og:image:type\" content=\"image\/jpeg\" \/>\n<meta name=\"twitter:card\" content=\"summary_large_image\" \/>\n<script type=\"application\/ld+json\" class=\"yoast-schema-graph\">{\"@context\":\"https:\/\/schema.org\",\"@graph\":[{\"@type\":\"WebPage\",\"@id\":\"https:\/\/geoclimate.ge\/az\/product\/floor-standing-air-conditioner\/\",\"url\":\"https:\/\/geoclimate.ge\/az\/product\/floor-standing-air-conditioner\/\",\"name\":\"D\u00f6\u015f\u0259m\u0259 Kondisioneri Sabit istilik nasosu - GeoClimate.ge\",\"isPartOf\":{\"@id\":\"https:\/\/geoclimate.ge\/#website\"},\"primaryImageOfPage\":{\"@id\":\"https:\/\/geoclimate.ge\/az\/product\/floor-standing-air-conditioner\/#primaryimage\"},\"image\":{\"@id\":\"https:\/\/geoclimate.ge\/az\/product\/floor-standing-air-conditioner\/#primaryimage\"},\"thumbnailUrl\":\"https:\/\/geoclimate.ge\/wp-content\/uploads\/2025\/04\/product_image_grid_12b65e52e0cb560c3eea35b024464c81.jpg\",\"datePublished\":\"2025-04-15T05:40:16+00:00\",\"dateModified\":\"2025-04-15T06:15:26+00:00\",\"breadcrumb\":{\"@id\":\"https:\/\/geoclimate.ge\/az\/product\/floor-standing-air-conditioner\/#breadcrumb\"},\"inLanguage\":\"az\",\"potentialAction\":[{\"@type\":\"ReadAction\",\"target\":[\"https:\/\/geoclimate.ge\/az\/product\/floor-standing-air-conditioner\/\"]}]},{\"@type\":\"ImageObject\",\"inLanguage\":\"az\",\"@id\":\"https:\/\/geoclimate.ge\/az\/product\/floor-standing-air-conditioner\/#primaryimage\",\"url\":\"https:\/\/geoclimate.ge\/wp-content\/uploads\/2025\/04\/product_image_grid_12b65e52e0cb560c3eea35b024464c81.jpg\",\"contentUrl\":\"https:\/\/geoclimate.ge\/wp-content\/uploads\/2025\/04\/product_image_grid_12b65e52e0cb560c3eea35b024464c81.jpg\",\"width\":548,\"height\":428},{\"@type\":\"BreadcrumbList\",\"@id\":\"https:\/\/geoclimate.ge\/az\/product\/floor-standing-air-conditioner\/#breadcrumb\",\"itemListElement\":[{\"@type\":\"ListItem\",\"position\":1,\"name\":\"Home\",\"item\":\"https:\/\/geoclimate.ge\/az\/\"},{\"@type\":\"ListItem\",\"position\":2,\"name\":\"M\u0259hsullar\",\"item\":\"https:\/\/geoclimate.ge\/az\/products\/\"},{\"@type\":\"ListItem\",\"position\":3,\"name\":\"D\u00f6\u015f\u0259m\u0259 Kondisioneri Sabit istilik nasosu\"}]},{\"@type\":\"WebSite\",\"@id\":\"https:\/\/geoclimate.ge\/#website\",\"url\":\"https:\/\/geoclimate.ge\/\",\"name\":\"GeoClimate\",\"description\":\"\",\"publisher\":{\"@id\":\"https:\/\/geoclimate.ge\/#organization\"},\"potentialAction\":[{\"@type\":\"SearchAction\",\"target\":{\"@type\":\"EntryPoint\",\"urlTemplate\":\"https:\/\/geoclimate.ge\/?s={search_term_string}\"},\"query-input\":{\"@type\":\"PropertyValueSpecification\",\"valueRequired\":true,\"valueName\":\"search_term_string\"}}],\"inLanguage\":\"az\"},{\"@type\":\"Organization\",\"@id\":\"https:\/\/geoclimate.ge\/#organization\",\"name\":\"GeoClimate\",\"url\":\"https:\/\/geoclimate.ge\/\",\"logo\":{\"@type\":\"ImageObject\",\"inLanguage\":\"az\",\"@id\":\"https:\/\/geoclimate.ge\/#\/schema\/logo\/image\/\",\"url\":\"https:\/\/geoclimate.ge\/wp-content\/uploads\/2026\/03\/geoclimate-SEO.png\",\"contentUrl\":\"https:\/\/geoclimate.ge\/wp-content\/uploads\/2026\/03\/geoclimate-SEO.png\",\"width\":1536,\"height\":1024,\"caption\":\"GeoClimate\"},\"image\":{\"@id\":\"https:\/\/geoclimate.ge\/#\/schema\/logo\/image\/\"}}]}<\/script>\n<!-- \/ Yoast SEO plugin. -->","yoast_head_json":{"title":"D\u00f6\u015f\u0259m\u0259 Kondisioneri Sabit istilik nasosu - GeoClimate.ge","robots":{"index":"index","follow":"follow","max-snippet":"max-snippet:-1","max-image-preview":"max-image-preview:large","max-video-preview":"max-video-preview:-1"},"canonical":"https:\/\/geoclimate.ge\/az\/product\/floor-standing-air-conditioner\/","og_locale":"az_AZ","og_type":"article","og_title":"D\u00f6\u015f\u0259m\u0259 Kondisioneri Sabit istilik nasosu - GeoClimate.ge","og_description":"\u018fsas X\u00fcsusiyy\u0259tl\u0259r \u2022 36.000-d\u0259n 58.000 Btu\/saat tutumlu 3 model. \u2022 R410 \u018ftraf m\u00fchit\u0259 uy\u011fun soyuducu. \u2022 M\u00fcasir v\u0259 y\u0131\u011fcam dizayn. \u2022 S\u0259m\u0259r\u0259li Soyutma v\u0259 \u0130stilik. \u2022 52 Deg C-\u0259 q\u0259d\u0259r y\u00fcks\u0259k m\u00fchit \u0259m\u0259liyyat\u0131. \u2022 Daxili \/ \u00c7\u00f6l \u00fc\u00e7\u00fcn q\u0131z\u0131l \u00f6rt\u00fckl\u00fc \u00fczg\u0259cl\u0259r. \u2022 Avtomatik yenid\u0259n ba\u015flad\u0131n v\u0259 Self Diaqnoz. \u2022 Yuxu rejimi. \u2022 24 saat A\u00e7ma\/S\u00f6nd\u00fcrm\u0259 taymeri. \u2022 Yuyula bil\u0259n Hava Filtri.","og_url":"https:\/\/geoclimate.ge\/az\/product\/floor-standing-air-conditioner\/","og_site_name":"GeoClimate.ge","article_modified_time":"2025-04-15T06:15:26+00:00","og_image":[{"width":548,"height":428,"url":"https:\/\/geoclimate.ge\/wp-content\/uploads\/2025\/04\/product_image_grid_12b65e52e0cb560c3eea35b024464c81.jpg","type":"image\/jpeg"}],"twitter_card":"summary_large_image","schema":{"@context":"https:\/\/schema.org","@graph":[{"@type":"WebPage","@id":"https:\/\/geoclimate.ge\/az\/product\/floor-standing-air-conditioner\/","url":"https:\/\/geoclimate.ge\/az\/product\/floor-standing-air-conditioner\/","name":"D\u00f6\u015f\u0259m\u0259 Kondisioneri Sabit istilik nasosu - GeoClimate.ge","isPartOf":{"@id":"https:\/\/geoclimate.ge\/#website"},"primaryImageOfPage":{"@id":"https:\/\/geoclimate.ge\/az\/product\/floor-standing-air-conditioner\/#primaryimage"},"image":{"@id":"https:\/\/geoclimate.ge\/az\/product\/floor-standing-air-conditioner\/#primaryimage"},"thumbnailUrl":"https:\/\/geoclimate.ge\/wp-content\/uploads\/2025\/04\/product_image_grid_12b65e52e0cb560c3eea35b024464c81.jpg","datePublished":"2025-04-15T05:40:16+00:00","dateModified":"2025-04-15T06:15:26+00:00","breadcrumb":{"@id":"https:\/\/geoclimate.ge\/az\/product\/floor-standing-air-conditioner\/#breadcrumb"},"inLanguage":"az","potentialAction":[{"@type":"ReadAction","target":["https:\/\/geoclimate.ge\/az\/product\/floor-standing-air-conditioner\/"]}]},{"@type":"ImageObject","inLanguage":"az","@id":"https:\/\/geoclimate.ge\/az\/product\/floor-standing-air-conditioner\/#primaryimage","url":"https:\/\/geoclimate.ge\/wp-content\/uploads\/2025\/04\/product_image_grid_12b65e52e0cb560c3eea35b024464c81.jpg","contentUrl":"https:\/\/geoclimate.ge\/wp-content\/uploads\/2025\/04\/product_image_grid_12b65e52e0cb560c3eea35b024464c81.jpg","width":548,"height":428},{"@type":"BreadcrumbList","@id":"https:\/\/geoclimate.ge\/az\/product\/floor-standing-air-conditioner\/#breadcrumb","itemListElement":[{"@type":"ListItem","position":1,"name":"Home","item":"https:\/\/geoclimate.ge\/az\/"},{"@type":"ListItem","position":2,"name":"M\u0259hsullar","item":"https:\/\/geoclimate.ge\/az\/products\/"},{"@type":"ListItem","position":3,"name":"D\u00f6\u015f\u0259m\u0259 Kondisioneri Sabit istilik nasosu"}]},{"@type":"WebSite","@id":"https:\/\/geoclimate.ge\/#website","url":"https:\/\/geoclimate.ge\/","name":"GeoClimate","description":"","publisher":{"@id":"https:\/\/geoclimate.ge\/#organization"},"potentialAction":[{"@type":"SearchAction","target":{"@type":"EntryPoint","urlTemplate":"https:\/\/geoclimate.ge\/?s={search_term_string}"},"query-input":{"@type":"PropertyValueSpecification","valueRequired":true,"valueName":"search_term_string"}}],"inLanguage":"az"},{"@type":"Organization","@id":"https:\/\/geoclimate.ge\/#organization","name":"GeoClimate","url":"https:\/\/geoclimate.ge\/","logo":{"@type":"ImageObject","inLanguage":"az","@id":"https:\/\/geoclimate.ge\/#\/schema\/logo\/image\/","url":"https:\/\/geoclimate.ge\/wp-content\/uploads\/2026\/03\/geoclimate-SEO.png","contentUrl":"https:\/\/geoclimate.ge\/wp-content\/uploads\/2026\/03\/geoclimate-SEO.png","width":1536,"height":1024,"caption":"GeoClimate"},"image":{"@id":"https:\/\/geoclimate.ge\/#\/schema\/logo\/image\/"}}]}},"_links":{"self":[{"href":"https:\/\/geoclimate.ge\/az\/wp-json\/wp\/v2\/product\/29807","targetHints":{"allow":["GET"]}}],"collection":[{"href":"https:\/\/geoclimate.ge\/az\/wp-json\/wp\/v2\/product"}],"about":[{"href":"https:\/\/geoclimate.ge\/az\/wp-json\/wp\/v2\/types\/product"}],"wp:featuredmedia":[{"embeddable":true,"href":"https:\/\/geoclimate.ge\/az\/wp-json\/wp\/v2\/media\/29796"}],"wp:attachment":[{"href":"https:\/\/geoclimate.ge\/az\/wp-json\/wp\/v2\/media?parent=29807"}],"wp:term":[{"taxonomy":"product_brand","embeddable":true,"href":"https:\/\/geoclimate.ge\/az\/wp-json\/wp\/v2\/product_brand?post=29807"},{"taxonomy":"product_cat","embeddable":true,"href":"https:\/\/geoclimate.ge\/az\/wp-json\/wp\/v2\/product_cat?post=29807"},{"taxonomy":"product_tag","embeddable":true,"href":"https:\/\/geoclimate.ge\/az\/wp-json\/wp\/v2\/product_tag?post=29807"}],"curies":[{"name":"wp","href":"https:\/\/api.w.org\/{rel}","templated":true}]}}