{"id":29860,"date":"2025-04-17T13:33:05","date_gmt":"2025-04-17T09:33:05","guid":{"rendered":"https:\/\/airsystems.ge\/shop\/product\/bladder-pillow-tanks-collapsible-water-storage-systems-with-reinforced-pvc-liner\/"},"modified":"2025-04-17T15:25:40","modified_gmt":"2025-04-17T11:25:40","slug":"bladder-pillow-tanks-collapsible-water-storage-systems-with-reinforced-pvc-liner","status":"publish","type":"product","link":"https:\/\/geoclimate.ge\/az\/product\/bladder-pillow-tanks-collapsible-water-storage-systems-with-reinforced-pvc-liner\/","title":{"rendered":"Sidik kis\u0259si (yast\u0131q) \u00e7\u0259nl\u0259ri g\u00fccl\u0259ndirilmi\u015f PVC astarl\u0131 qatlana bil\u0259n su anbar sisteml\u0259ridir Su anbar\u0131"},"content":{"rendered":"<p>X\u00fcsusiyy\u0259tl\u0259r<br \/>\n\u0130\u00e7m\u0259li, suvarma suyu v\u0259 ya\u011f \u00fc\u00e7\u00fcn uy\u011fundur<br \/>\nSaxlama \u00fc\u00e7\u00fcn. Bakteriyalar\u0131n b\u00f6y\u00fcm\u0259sini mane\u0259 t\u00f6r\u0259dir v\u0259<br \/>\nYosunlar\u0131n \u0259m\u0259l\u0259 g\u0259lm\u0259si.<\/p>\n<p>Saxlan\u0131lan mayenin keyfiyy\u0259tini qoruyur. Davaml\u0131<br \/>\n-30 \u00b0C il\u0259 70 \u00b0C aras\u0131nda.<\/p>\n<p>\u00dcst\u00fcnl\u00fckl\u0259r<br \/>\nQatlana bil\u0259n v\u0259 y\u00fcng\u00fcl, da\u015f\u0131nmas\u0131 asan.<br \/>\n\u00c7ox s\u00fcr\u0259tli qura\u015fd\u0131rma vaxt\u0131. \u00c7\u0259r\u00e7iv\u0259 laz\u0131m deyil<br \/>\nV\u0259 ya montaj \u00fc\u00e7\u00fcn hiss\u0259l\u0259r. Beton t\u0259m\u0259l yoxdur<br \/>\nBu laz\u0131m deyil.<\/p>\n<p>Aksesuarlar<br \/>\nGiri\u015f v\u0259 \u00e7\u0131x\u0131\u015f<br \/>\nKlapanlar il\u0259. K\u00fcncl\u0259r<br \/>\nYerin b\u0259rkidilm\u0259si.<br \/>\nYataq layneri v\u0259 ya<br \/>\nGeotekstil..<\/p>\n","protected":false},"excerpt":{"rendered":"<p>\u201cEtibarl\u0131 v\u0259 sad\u0259 h\u0259ll yolu\u201d<\/p>\n<p>Sidik kis\u0259si \u00e7\u0259nl\u0259ri ticar\u0259t \u00fc\u00e7\u00fcn ideal saxlama h\u0259ll\u0259ri t\u0259klif edir,<br \/>\nS\u0259naye, d\u0259niz, ya\u015fay\u0131\u015f, k\u0259nd t\u0259s\u0259rr\u00fcfat\u0131 v\u0259 h\u0259rbi t\u0259tbiql\u0259rin geni\u015f spektri<br \/>\nSpektr \u00fc\u00e7\u00fcn. S\u00fcr\u0259tli saxlama h\u0259ll\u0259rin\u0259 ehtiyac duyulan v\u0259ziyy\u0259tl\u0259rd\u0259 ixtisasla\u015fm\u0131\u015fd\u0131r<br \/>\n\u0130stifad\u0259si z\u0259ruridir. Sidik kis\u0259si tanklar\u0131 a\u011f\u0131r astarlardan haz\u0131rlan\u0131r<br \/>\nKimy\u0259vi meydana g\u0259tir\u0259n PVC \u00f6rt\u00fckl\u00fc polyester lifli par\u00e7alarla istehsal olunur<br \/>\nA\u015f\u0131nmaya davaml\u0131, ultrab\u0259n\u00f6v\u015f\u0259yi \u015f\u00fcalara davaml\u0131 material. \u0130\u00e7m\u0259li su<br \/>\nSaxlama \u00fc\u00e7\u00fcn qida d\u0259r\u0259c\u0259li laynerl\u0259r m\u00f6vcuddur. Bu b\u00f6lm\u0259l\u0259r q\u0131sa v\u0259 idar\u0259 ed\u0259 bil\u0259r<br \/>\nUzunm\u00fcdd\u0259tli saxlama. Bundan \u0259lav\u0259, vahid (tank) asanl\u0131qla k\u00f6\u00e7\u00fcr\u00fcl\u0259 bil\u0259r.<\/p>\n<p>M\u00f6vcud h\u0259cml\u0259r<br \/>\n100.000 litr\u0259 q\u0259d\u0259r\u2026<br \/>\nQ\u0131sa istehsal m\u00fcdd\u0259ti, s\u00fcr\u0259tli \u00e7atd\u0131r\u0131lma. Davaml\u0131 v\u0259 uzun\u00f6m\u00fcrl\u00fc m\u0259hsul.<\/p>\n","protected":false},"featured_media":29830,"template":"","meta":[],"product_brand":[],"product_cat":[798],"product_tag":[],"class_list":{"0":"post-29860","1":"product","2":"type-product","3":"status-publish","4":"has-post-thumbnail","6":"product_cat-water-tanks-az","8":"first","9":"instock","10":"shipping-taxable","11":"product-type-simple"},"yoast_head":"<!-- This site is optimized with the Yoast SEO plugin v27.1.1 - https:\/\/yoast.com\/product\/yoast-seo-wordpress\/ -->\n<title>Sidik kis\u0259si (yast\u0131q) \u00e7\u0259nl\u0259ri g\u00fccl\u0259ndirilmi\u015f PVC astarl\u0131 qatlana bil\u0259n su anbar sisteml\u0259ridir Su anbar\u0131 - GeoClimate.ge<\/title>\n<meta name=\"robots\" content=\"index, follow, max-snippet:-1, max-image-preview:large, max-video-preview:-1\" \/>\n<link rel=\"canonical\" href=\"https:\/\/geoclimate.ge\/az\/product\/bladder-pillow-tanks-collapsible-water-storage-systems-with-reinforced-pvc-liner\/\" \/>\n<meta property=\"og:locale\" content=\"az_AZ\" \/>\n<meta property=\"og:type\" content=\"article\" \/>\n<meta property=\"og:title\" content=\"Sidik kis\u0259si (yast\u0131q) \u00e7\u0259nl\u0259ri g\u00fccl\u0259ndirilmi\u015f PVC astarl\u0131 qatlana bil\u0259n su anbar sisteml\u0259ridir Su anbar\u0131 - GeoClimate.ge\" \/>\n<meta property=\"og:description\" content=\"\u201cEtibarl\u0131 v\u0259 sad\u0259 h\u0259ll yolu\u201d  Sidik kis\u0259si \u00e7\u0259nl\u0259ri ticar\u0259t \u00fc\u00e7\u00fcn ideal saxlama h\u0259ll\u0259ri t\u0259klif edir, S\u0259naye, d\u0259niz, ya\u015fay\u0131\u015f, k\u0259nd t\u0259s\u0259rr\u00fcfat\u0131 v\u0259 h\u0259rbi t\u0259tbiql\u0259rin geni\u015f spektri Spektr \u00fc\u00e7\u00fcn. S\u00fcr\u0259tli saxlama h\u0259ll\u0259rin\u0259 ehtiyac duyulan v\u0259ziyy\u0259tl\u0259rd\u0259 ixtisasla\u015fm\u0131\u015fd\u0131r \u0130stifad\u0259si z\u0259ruridir. Sidik kis\u0259si tanklar\u0131 a\u011f\u0131r astarlardan haz\u0131rlan\u0131r Kimy\u0259vi meydana g\u0259tir\u0259n PVC \u00f6rt\u00fckl\u00fc polyester lifli par\u00e7alarla istehsal olunur A\u015f\u0131nmaya davaml\u0131, ultrab\u0259n\u00f6v\u015f\u0259yi \u015f\u00fcalara davaml\u0131 material. \u0130\u00e7m\u0259li su Saxlama \u00fc\u00e7\u00fcn qida d\u0259r\u0259c\u0259li laynerl\u0259r m\u00f6vcuddur. Bu b\u00f6lm\u0259l\u0259r q\u0131sa v\u0259 idar\u0259 ed\u0259 bil\u0259r Uzunm\u00fcdd\u0259tli saxlama. Bundan \u0259lav\u0259, vahid (tank) asanl\u0131qla k\u00f6\u00e7\u00fcr\u00fcl\u0259 bil\u0259r.  M\u00f6vcud h\u0259cml\u0259r 100.000 litr\u0259 q\u0259d\u0259r\u2026 Q\u0131sa istehsal m\u00fcdd\u0259ti, s\u00fcr\u0259tli \u00e7atd\u0131r\u0131lma. Davaml\u0131 v\u0259 uzun\u00f6m\u00fcrl\u00fc m\u0259hsul.\" \/>\n<meta property=\"og:url\" content=\"https:\/\/geoclimate.ge\/az\/product\/bladder-pillow-tanks-collapsible-water-storage-systems-with-reinforced-pvc-liner\/\" \/>\n<meta property=\"og:site_name\" content=\"GeoClimate.ge\" \/>\n<meta property=\"article:modified_time\" content=\"2025-04-17T11:25:40+00:00\" \/>\n<meta property=\"og:image\" content=\"https:\/\/geoclimate.ge\/wp-content\/uploads\/2025\/04\/1.png\" \/>\n\t<meta property=\"og:image:width\" content=\"1087\" \/>\n\t<meta property=\"og:image:height\" content=\"653\" \/>\n\t<meta property=\"og:image:type\" content=\"image\/png\" \/>\n<meta name=\"twitter:card\" content=\"summary_large_image\" \/>\n<meta name=\"twitter:label1\" content=\"Est. reading time\" \/>\n\t<meta name=\"twitter:data1\" content=\"1 minute\" \/>\n<script type=\"application\/ld+json\" class=\"yoast-schema-graph\">{\"@context\":\"https:\/\/schema.org\",\"@graph\":[{\"@type\":\"WebPage\",\"@id\":\"https:\/\/geoclimate.ge\/az\/product\/bladder-pillow-tanks-collapsible-water-storage-systems-with-reinforced-pvc-liner\/\",\"url\":\"https:\/\/geoclimate.ge\/az\/product\/bladder-pillow-tanks-collapsible-water-storage-systems-with-reinforced-pvc-liner\/\",\"name\":\"Sidik kis\u0259si (yast\u0131q) \u00e7\u0259nl\u0259ri g\u00fccl\u0259ndirilmi\u015f PVC astarl\u0131 qatlana bil\u0259n su anbar sisteml\u0259ridir Su anbar\u0131 - GeoClimate.ge\",\"isPartOf\":{\"@id\":\"https:\/\/geoclimate.ge\/#website\"},\"primaryImageOfPage\":{\"@id\":\"https:\/\/geoclimate.ge\/az\/product\/bladder-pillow-tanks-collapsible-water-storage-systems-with-reinforced-pvc-liner\/#primaryimage\"},\"image\":{\"@id\":\"https:\/\/geoclimate.ge\/az\/product\/bladder-pillow-tanks-collapsible-water-storage-systems-with-reinforced-pvc-liner\/#primaryimage\"},\"thumbnailUrl\":\"https:\/\/geoclimate.ge\/wp-content\/uploads\/2025\/04\/1.png\",\"datePublished\":\"2025-04-17T09:33:05+00:00\",\"dateModified\":\"2025-04-17T11:25:40+00:00\",\"breadcrumb\":{\"@id\":\"https:\/\/geoclimate.ge\/az\/product\/bladder-pillow-tanks-collapsible-water-storage-systems-with-reinforced-pvc-liner\/#breadcrumb\"},\"inLanguage\":\"az\",\"potentialAction\":[{\"@type\":\"ReadAction\",\"target\":[\"https:\/\/geoclimate.ge\/az\/product\/bladder-pillow-tanks-collapsible-water-storage-systems-with-reinforced-pvc-liner\/\"]}]},{\"@type\":\"ImageObject\",\"inLanguage\":\"az\",\"@id\":\"https:\/\/geoclimate.ge\/az\/product\/bladder-pillow-tanks-collapsible-water-storage-systems-with-reinforced-pvc-liner\/#primaryimage\",\"url\":\"https:\/\/geoclimate.ge\/wp-content\/uploads\/2025\/04\/1.png\",\"contentUrl\":\"https:\/\/geoclimate.ge\/wp-content\/uploads\/2025\/04\/1.png\",\"width\":1087,\"height\":653},{\"@type\":\"BreadcrumbList\",\"@id\":\"https:\/\/geoclimate.ge\/az\/product\/bladder-pillow-tanks-collapsible-water-storage-systems-with-reinforced-pvc-liner\/#breadcrumb\",\"itemListElement\":[{\"@type\":\"ListItem\",\"position\":1,\"name\":\"Home\",\"item\":\"https:\/\/geoclimate.ge\/az\/\"},{\"@type\":\"ListItem\",\"position\":2,\"name\":\"M\u0259hsullar\",\"item\":\"https:\/\/geoclimate.ge\/az\/products\/\"},{\"@type\":\"ListItem\",\"position\":3,\"name\":\"Sidik kis\u0259si (yast\u0131q) \u00e7\u0259nl\u0259ri g\u00fccl\u0259ndirilmi\u015f PVC astarl\u0131 qatlana bil\u0259n su anbar sisteml\u0259ridir Su anbar\u0131\"}]},{\"@type\":\"WebSite\",\"@id\":\"https:\/\/geoclimate.ge\/#website\",\"url\":\"https:\/\/geoclimate.ge\/\",\"name\":\"GeoClimate\",\"description\":\"\",\"publisher\":{\"@id\":\"https:\/\/geoclimate.ge\/#organization\"},\"potentialAction\":[{\"@type\":\"SearchAction\",\"target\":{\"@type\":\"EntryPoint\",\"urlTemplate\":\"https:\/\/geoclimate.ge\/?s={search_term_string}\"},\"query-input\":{\"@type\":\"PropertyValueSpecification\",\"valueRequired\":true,\"valueName\":\"search_term_string\"}}],\"inLanguage\":\"az\"},{\"@type\":\"Organization\",\"@id\":\"https:\/\/geoclimate.ge\/#organization\",\"name\":\"GeoClimate\",\"url\":\"https:\/\/geoclimate.ge\/\",\"logo\":{\"@type\":\"ImageObject\",\"inLanguage\":\"az\",\"@id\":\"https:\/\/geoclimate.ge\/#\/schema\/logo\/image\/\",\"url\":\"https:\/\/geoclimate.ge\/wp-content\/uploads\/2026\/03\/geoclimate-SEO.png\",\"contentUrl\":\"https:\/\/geoclimate.ge\/wp-content\/uploads\/2026\/03\/geoclimate-SEO.png\",\"width\":1536,\"height\":1024,\"caption\":\"GeoClimate\"},\"image\":{\"@id\":\"https:\/\/geoclimate.ge\/#\/schema\/logo\/image\/\"}}]}<\/script>\n<!-- \/ Yoast SEO plugin. -->","yoast_head_json":{"title":"Sidik kis\u0259si (yast\u0131q) \u00e7\u0259nl\u0259ri g\u00fccl\u0259ndirilmi\u015f PVC astarl\u0131 qatlana bil\u0259n su anbar sisteml\u0259ridir Su anbar\u0131 - GeoClimate.ge","robots":{"index":"index","follow":"follow","max-snippet":"max-snippet:-1","max-image-preview":"max-image-preview:large","max-video-preview":"max-video-preview:-1"},"canonical":"https:\/\/geoclimate.ge\/az\/product\/bladder-pillow-tanks-collapsible-water-storage-systems-with-reinforced-pvc-liner\/","og_locale":"az_AZ","og_type":"article","og_title":"Sidik kis\u0259si (yast\u0131q) \u00e7\u0259nl\u0259ri g\u00fccl\u0259ndirilmi\u015f PVC astarl\u0131 qatlana bil\u0259n su anbar sisteml\u0259ridir Su anbar\u0131 - GeoClimate.ge","og_description":"\u201cEtibarl\u0131 v\u0259 sad\u0259 h\u0259ll yolu\u201d  Sidik kis\u0259si \u00e7\u0259nl\u0259ri ticar\u0259t \u00fc\u00e7\u00fcn ideal saxlama h\u0259ll\u0259ri t\u0259klif edir, S\u0259naye, d\u0259niz, ya\u015fay\u0131\u015f, k\u0259nd t\u0259s\u0259rr\u00fcfat\u0131 v\u0259 h\u0259rbi t\u0259tbiql\u0259rin geni\u015f spektri Spektr \u00fc\u00e7\u00fcn. S\u00fcr\u0259tli saxlama h\u0259ll\u0259rin\u0259 ehtiyac duyulan v\u0259ziyy\u0259tl\u0259rd\u0259 ixtisasla\u015fm\u0131\u015fd\u0131r \u0130stifad\u0259si z\u0259ruridir. Sidik kis\u0259si tanklar\u0131 a\u011f\u0131r astarlardan haz\u0131rlan\u0131r Kimy\u0259vi meydana g\u0259tir\u0259n PVC \u00f6rt\u00fckl\u00fc polyester lifli par\u00e7alarla istehsal olunur A\u015f\u0131nmaya davaml\u0131, ultrab\u0259n\u00f6v\u015f\u0259yi \u015f\u00fcalara davaml\u0131 material. \u0130\u00e7m\u0259li su Saxlama \u00fc\u00e7\u00fcn qida d\u0259r\u0259c\u0259li laynerl\u0259r m\u00f6vcuddur. Bu b\u00f6lm\u0259l\u0259r q\u0131sa v\u0259 idar\u0259 ed\u0259 bil\u0259r Uzunm\u00fcdd\u0259tli saxlama. Bundan \u0259lav\u0259, vahid (tank) asanl\u0131qla k\u00f6\u00e7\u00fcr\u00fcl\u0259 bil\u0259r.  M\u00f6vcud h\u0259cml\u0259r 100.000 litr\u0259 q\u0259d\u0259r\u2026 Q\u0131sa istehsal m\u00fcdd\u0259ti, s\u00fcr\u0259tli \u00e7atd\u0131r\u0131lma. Davaml\u0131 v\u0259 uzun\u00f6m\u00fcrl\u00fc m\u0259hsul.","og_url":"https:\/\/geoclimate.ge\/az\/product\/bladder-pillow-tanks-collapsible-water-storage-systems-with-reinforced-pvc-liner\/","og_site_name":"GeoClimate.ge","article_modified_time":"2025-04-17T11:25:40+00:00","og_image":[{"width":1087,"height":653,"url":"https:\/\/geoclimate.ge\/wp-content\/uploads\/2025\/04\/1.png","type":"image\/png"}],"twitter_card":"summary_large_image","twitter_misc":{"Est. reading time":"1 minute"},"schema":{"@context":"https:\/\/schema.org","@graph":[{"@type":"WebPage","@id":"https:\/\/geoclimate.ge\/az\/product\/bladder-pillow-tanks-collapsible-water-storage-systems-with-reinforced-pvc-liner\/","url":"https:\/\/geoclimate.ge\/az\/product\/bladder-pillow-tanks-collapsible-water-storage-systems-with-reinforced-pvc-liner\/","name":"Sidik kis\u0259si (yast\u0131q) \u00e7\u0259nl\u0259ri g\u00fccl\u0259ndirilmi\u015f PVC astarl\u0131 qatlana bil\u0259n su anbar sisteml\u0259ridir Su anbar\u0131 - GeoClimate.ge","isPartOf":{"@id":"https:\/\/geoclimate.ge\/#website"},"primaryImageOfPage":{"@id":"https:\/\/geoclimate.ge\/az\/product\/bladder-pillow-tanks-collapsible-water-storage-systems-with-reinforced-pvc-liner\/#primaryimage"},"image":{"@id":"https:\/\/geoclimate.ge\/az\/product\/bladder-pillow-tanks-collapsible-water-storage-systems-with-reinforced-pvc-liner\/#primaryimage"},"thumbnailUrl":"https:\/\/geoclimate.ge\/wp-content\/uploads\/2025\/04\/1.png","datePublished":"2025-04-17T09:33:05+00:00","dateModified":"2025-04-17T11:25:40+00:00","breadcrumb":{"@id":"https:\/\/geoclimate.ge\/az\/product\/bladder-pillow-tanks-collapsible-water-storage-systems-with-reinforced-pvc-liner\/#breadcrumb"},"inLanguage":"az","potentialAction":[{"@type":"ReadAction","target":["https:\/\/geoclimate.ge\/az\/product\/bladder-pillow-tanks-collapsible-water-storage-systems-with-reinforced-pvc-liner\/"]}]},{"@type":"ImageObject","inLanguage":"az","@id":"https:\/\/geoclimate.ge\/az\/product\/bladder-pillow-tanks-collapsible-water-storage-systems-with-reinforced-pvc-liner\/#primaryimage","url":"https:\/\/geoclimate.ge\/wp-content\/uploads\/2025\/04\/1.png","contentUrl":"https:\/\/geoclimate.ge\/wp-content\/uploads\/2025\/04\/1.png","width":1087,"height":653},{"@type":"BreadcrumbList","@id":"https:\/\/geoclimate.ge\/az\/product\/bladder-pillow-tanks-collapsible-water-storage-systems-with-reinforced-pvc-liner\/#breadcrumb","itemListElement":[{"@type":"ListItem","position":1,"name":"Home","item":"https:\/\/geoclimate.ge\/az\/"},{"@type":"ListItem","position":2,"name":"M\u0259hsullar","item":"https:\/\/geoclimate.ge\/az\/products\/"},{"@type":"ListItem","position":3,"name":"Sidik kis\u0259si (yast\u0131q) \u00e7\u0259nl\u0259ri g\u00fccl\u0259ndirilmi\u015f PVC astarl\u0131 qatlana bil\u0259n su anbar sisteml\u0259ridir Su anbar\u0131"}]},{"@type":"WebSite","@id":"https:\/\/geoclimate.ge\/#website","url":"https:\/\/geoclimate.ge\/","name":"GeoClimate","description":"","publisher":{"@id":"https:\/\/geoclimate.ge\/#organization"},"potentialAction":[{"@type":"SearchAction","target":{"@type":"EntryPoint","urlTemplate":"https:\/\/geoclimate.ge\/?s={search_term_string}"},"query-input":{"@type":"PropertyValueSpecification","valueRequired":true,"valueName":"search_term_string"}}],"inLanguage":"az"},{"@type":"Organization","@id":"https:\/\/geoclimate.ge\/#organization","name":"GeoClimate","url":"https:\/\/geoclimate.ge\/","logo":{"@type":"ImageObject","inLanguage":"az","@id":"https:\/\/geoclimate.ge\/#\/schema\/logo\/image\/","url":"https:\/\/geoclimate.ge\/wp-content\/uploads\/2026\/03\/geoclimate-SEO.png","contentUrl":"https:\/\/geoclimate.ge\/wp-content\/uploads\/2026\/03\/geoclimate-SEO.png","width":1536,"height":1024,"caption":"GeoClimate"},"image":{"@id":"https:\/\/geoclimate.ge\/#\/schema\/logo\/image\/"}}]}},"_links":{"self":[{"href":"https:\/\/geoclimate.ge\/az\/wp-json\/wp\/v2\/product\/29860","targetHints":{"allow":["GET"]}}],"collection":[{"href":"https:\/\/geoclimate.ge\/az\/wp-json\/wp\/v2\/product"}],"about":[{"href":"https:\/\/geoclimate.ge\/az\/wp-json\/wp\/v2\/types\/product"}],"wp:featuredmedia":[{"embeddable":true,"href":"https:\/\/geoclimate.ge\/az\/wp-json\/wp\/v2\/media\/29830"}],"wp:attachment":[{"href":"https:\/\/geoclimate.ge\/az\/wp-json\/wp\/v2\/media?parent=29860"}],"wp:term":[{"taxonomy":"product_brand","embeddable":true,"href":"https:\/\/geoclimate.ge\/az\/wp-json\/wp\/v2\/product_brand?post=29860"},{"taxonomy":"product_cat","embeddable":true,"href":"https:\/\/geoclimate.ge\/az\/wp-json\/wp\/v2\/product_cat?post=29860"},{"taxonomy":"product_tag","embeddable":true,"href":"https:\/\/geoclimate.ge\/az\/wp-json\/wp\/v2\/product_tag?post=29860"}],"curies":[{"name":"wp","href":"https:\/\/api.w.org\/{rel}","templated":true}]}}