{"id":29911,"date":"2025-04-19T22:35:06","date_gmt":"2025-04-19T18:35:06","guid":{"rendered":"https:\/\/airsystems.ge\/shop\/product\/rah-mc-vs-kh-ke-air-cooled-chillers-for-outdoor-installation-equipped-with-inverter-screw-compressors-axial-fans-and-microchannel-condensing-coils\/"},"modified":"2025-04-20T00:30:27","modified_gmt":"2025-04-19T20:30:27","slug":"rah-mc-vs-kh-ke-air-cooled-chillers-for-outdoor-installation-equipped-with-inverter-screw-compressors-axial-fans-and-microchannel-condensing-coils","status":"publish","type":"product","link":"https:\/\/geoclimate.ge\/az\/product\/rah-mc-vs-kh-ke-air-cooled-chillers-for-outdoor-installation-equipped-with-inverter-screw-compressors-axial-fans-and-microchannel-condensing-coils\/","title":{"rendered":"RAH MC VS Kh\/Ke hava soyudulmu\u015f"},"content":{"rendered":"<p>Soyutma g\u00fcc\u00fc 306 kVt-dan 1555 KV-a q\u0259d\u0259r<\/p>\n<p>Bu seriyan\u0131n hava il\u0259 soyudulmu\u015f soyuducular\u0131 a\u00e7\u0131q havada qura\u015fd\u0131rma \u00fc\u00e7\u00fcn uy\u011fundur v\u0259 x\u00fcsusil\u0259 s\u0259naye t\u0259tbiql\u0259ri v\u0259 ya kondisioner sisteml\u0259ri \u00fc\u00e7\u00fcn istifad\u0259 olunan maye m\u0259hlullar\u0131n soyudulmas\u0131 \u00fc\u00e7\u00fcn uy\u011fundur, burada \u0259la performans v\u0259 a\u015fa\u011f\u0131 \u0259traf m\u00fchit\u0259 t\u0259sir t\u0259min etm\u0259k laz\u0131md\u0131r.<\/p>\n<p>Ma\u015f\u0131nlar EN378 Avropa standartlar\u0131na v\u0259 onun yenil\u0259m\u0259l\u0259rin\u0259 uy\u011fun olaraq xarici qur\u011fular kimi dizayn edilib v\u0259 (A\u0130) 2016\/2281-LOT21 Qaydas\u0131 il\u0259 m\u00fc\u0259yy\u0259n edilmi\u015f m\u00f6vs\u00fcmi s\u0259m\u0259r\u0259lilik t\u0259l\u0259bl\u0259rin\u0259 cavab ver\u0259 bilir.<br \/>\nBu seriyan\u0131n qur\u011fular\u0131 daxili \u00e7evirici say\u0259sind\u0259 h\u0259yata ke\u00e7iril\u0259n h\u0259r biri soyutma qabiliyy\u0259tin\u0259 davaml\u0131 n\u0259zar\u0259ti olan iki vintli kompressorla t\u0259chiz edilmi\u015fdir. H\u0259r bir kompressor vahid tam m\u00fcst\u0259qil d\u00f6vr\u0259 \u00fcz\u0259rind\u0259 i\u015fl\u0259yir v\u0259 bununla da maksimum etibarl\u0131l\u0131\u011f\u0131 t\u0259min edir.<\/p>\n<p>B\u00fct\u00fcn qur\u011fular x\u00fcsusi keyfiyy\u0259t prosedurlar\u0131na riay\u0259t etm\u0259kl\u0259 tamamil\u0259 zavodda y\u0131\u011f\u0131l\u0131r v\u0259 s\u0131naqdan ke\u00e7irilir. Bundan \u0259lav\u0259, onlar tamamil\u0259 hidravlik, soyuducu v\u0259 elektrikl\u0259 ba\u011fl\u0131d\u0131r, bu da saytda bir d\u0259f\u0259 tez qura\u015fd\u0131rmaya imkan verir. S\u0131naqdan \u0259vv\u0259l, h\u0259r bir qur\u011funun soyutma sxeml\u0259ri t\u0259zyiq s\u0131zd\u0131rmazl\u0131\u011f\u0131 testin\u0259 m\u0259ruz qal\u0131r v\u0259 sonra soyuducu v\u0259 donmayan ya\u011fla doldurulur. Buna g\u00f6r\u0259 d\u0259, saytda bir d\u0259f\u0259, aqreqatlar yaln\u0131z yerl\u0259\u015fdirilm\u0259li v\u0259 elektrik v\u0259 hidravlik olaraq birl\u0259\u015fdirilm\u0259lidir.<br \/>\nS\u0259ssizl\u0259\u015fdirilmi\u015f versiyada s\u0259s s\u0259viyy\u0259sinin azalmas\u0131na daha geni\u015f s\u0259thl\u0259r\u0259 malik soyuducu\/hava d\u0259yi\u015fdiricil\u0259ri v\u0259 daha y\u00fcks\u0259k qal\u0131nl\u0131\u011fa malik s\u0259s ke\u00e7irm\u0259y\u0259n materialla izolyasiya edilmi\u015f kompressor \u015fkaf\u0131 say\u0259sind\u0259 nail olunur.<\/p>\n","protected":false},"excerpt":{"rendered":"<p>Cooling capacity from 306 kW to 1555 Kw<\/p>\n<p>The air-cooled chillers of this series are suitable for outdoor installation and are particularly suitable for cooling liquid solutions, used for industrial applications or air conditioning systems, in which it is necessary to ensure excellent performance and low environmental impact.<\/p>\n<p>The machines are designed as outdoor units in compliance with European standards EN378 and its updates and are able to meet the seasonal efficiency requirements established by Regulation (EU) 2016\/2281-LOT21.<br \/>\nThe units of this series are equipped with two screw compressors, each with a continuous control of the cooling capacity, realized thanks to an in-built inverter. Each compressor operates on a single totally independent circuit, thus ensuring the maximum reliability.<\/p>\n<p>All the units are totally factory assembled and tested, following specific quality procedures. Besides, they are totally hydraulic, cooling and electrical connected, permitting a quick installation once on site. Before the test, the cooling circuits of each unit are subject to a pressure tightness test and then charged with Refrigerant and non-freezing oil. Therefore, once on site, the units must be only positioned and electrically and hydraulically connected.<br \/>\nThe reduction of the sound level in the silenced version is reached thanks to refrigerant\/air exchangers with wider surfaces and a compressor cabinet insulated with higher thickness soundproof material.<\/p>\n","protected":false},"featured_media":29906,"template":"","meta":[],"product_brand":[],"product_cat":[1238,1232],"product_tag":[],"class_list":{"0":"post-29911","1":"product","2":"type-product","3":"status-publish","4":"has-post-thumbnail","6":"product_cat-soyudulmus-hava-cooled-chiller-il-az","7":"product_cat-chiller-hava-soyudulmus-az","9":"first","10":"instock","11":"shipping-taxable","12":"product-type-simple"},"yoast_head":"<!-- This site is optimized with the Yoast SEO plugin v27.1.1 - https:\/\/yoast.com\/product\/yoast-seo-wordpress\/ -->\n<title>RAH MC VS Kh\/Ke hava soyudulmu\u015f - GeoClimate.ge<\/title>\n<meta name=\"robots\" content=\"index, follow, max-snippet:-1, max-image-preview:large, max-video-preview:-1\" \/>\n<link rel=\"canonical\" href=\"https:\/\/geoclimate.ge\/az\/product\/rah-mc-vs-kh-ke-air-cooled-chillers-for-outdoor-installation-equipped-with-inverter-screw-compressors-axial-fans-and-microchannel-condensing-coils\/\" \/>\n<meta property=\"og:locale\" content=\"az_AZ\" \/>\n<meta property=\"og:type\" content=\"article\" \/>\n<meta property=\"og:title\" content=\"RAH MC VS Kh\/Ke hava soyudulmu\u015f - GeoClimate.ge\" \/>\n<meta property=\"og:description\" content=\"Cooling capacity from 306 kW to 1555 Kw  The air-cooled chillers of this series are suitable for outdoor installation and are particularly suitable for cooling liquid solutions, used for industrial applications or air conditioning systems, in which it is necessary to ensure excellent performance and low environmental impact.  The machines are designed as outdoor units in compliance with European standards EN378 and its updates and are able to meet the seasonal efficiency requirements established by Regulation (EU) 2016\/2281-LOT21. The units of this series are equipped with two screw compressors, each with a continuous control of the cooling capacity, realized thanks to an in-built inverter. Each compressor operates on a single totally independent circuit, thus ensuring the maximum reliability.  All the units are totally factory assembled and tested, following specific quality procedures. Besides, they are totally hydraulic, cooling and electrical connected, permitting a quick installation once on site. Before the test, the cooling circuits of each unit are subject to a pressure tightness test and then charged with Refrigerant and non-freezing oil. Therefore, once on site, the units must be only positioned and electrically and hydraulically connected. The reduction of the sound level in the silenced version is reached thanks to refrigerant\/air exchangers with wider surfaces and a compressor cabinet insulated with higher thickness soundproof material.\" \/>\n<meta property=\"og:url\" content=\"https:\/\/geoclimate.ge\/az\/product\/rah-mc-vs-kh-ke-air-cooled-chillers-for-outdoor-installation-equipped-with-inverter-screw-compressors-axial-fans-and-microchannel-condensing-coils\/\" \/>\n<meta property=\"og:site_name\" content=\"GeoClimate.ge\" \/>\n<meta property=\"article:modified_time\" content=\"2025-04-19T20:30:27+00:00\" \/>\n<meta property=\"og:image\" content=\"https:\/\/geoclimate.ge\/wp-content\/uploads\/2025\/04\/RAH-MC-VS-Ka-Ke-Kh-qguekvxfng7b6wl9b3meafpblobwsoh2z8wwisjt5y.png\" \/>\n\t<meta property=\"og:image:width\" content=\"700\" \/>\n\t<meta property=\"og:image:height\" content=\"599\" \/>\n\t<meta property=\"og:image:type\" content=\"image\/png\" \/>\n<meta name=\"twitter:card\" content=\"summary_large_image\" \/>\n<meta name=\"twitter:label1\" content=\"Est. reading time\" \/>\n\t<meta name=\"twitter:data1\" content=\"2 minutes\" \/>\n<script type=\"application\/ld+json\" class=\"yoast-schema-graph\">{\"@context\":\"https:\/\/schema.org\",\"@graph\":[{\"@type\":\"WebPage\",\"@id\":\"https:\/\/geoclimate.ge\/az\/product\/rah-mc-vs-kh-ke-air-cooled-chillers-for-outdoor-installation-equipped-with-inverter-screw-compressors-axial-fans-and-microchannel-condensing-coils\/\",\"url\":\"https:\/\/geoclimate.ge\/az\/product\/rah-mc-vs-kh-ke-air-cooled-chillers-for-outdoor-installation-equipped-with-inverter-screw-compressors-axial-fans-and-microchannel-condensing-coils\/\",\"name\":\"RAH MC VS Kh\/Ke hava soyudulmu\u015f - GeoClimate.ge\",\"isPartOf\":{\"@id\":\"https:\/\/geoclimate.ge\/#website\"},\"primaryImageOfPage\":{\"@id\":\"https:\/\/geoclimate.ge\/az\/product\/rah-mc-vs-kh-ke-air-cooled-chillers-for-outdoor-installation-equipped-with-inverter-screw-compressors-axial-fans-and-microchannel-condensing-coils\/#primaryimage\"},\"image\":{\"@id\":\"https:\/\/geoclimate.ge\/az\/product\/rah-mc-vs-kh-ke-air-cooled-chillers-for-outdoor-installation-equipped-with-inverter-screw-compressors-axial-fans-and-microchannel-condensing-coils\/#primaryimage\"},\"thumbnailUrl\":\"https:\/\/geoclimate.ge\/wp-content\/uploads\/2025\/04\/RAH-MC-VS-Ka-Ke-Kh-qguekvxfng7b6wl9b3meafpblobwsoh2z8wwisjt5y.png\",\"datePublished\":\"2025-04-19T18:35:06+00:00\",\"dateModified\":\"2025-04-19T20:30:27+00:00\",\"breadcrumb\":{\"@id\":\"https:\/\/geoclimate.ge\/az\/product\/rah-mc-vs-kh-ke-air-cooled-chillers-for-outdoor-installation-equipped-with-inverter-screw-compressors-axial-fans-and-microchannel-condensing-coils\/#breadcrumb\"},\"inLanguage\":\"az\",\"potentialAction\":[{\"@type\":\"ReadAction\",\"target\":[\"https:\/\/geoclimate.ge\/az\/product\/rah-mc-vs-kh-ke-air-cooled-chillers-for-outdoor-installation-equipped-with-inverter-screw-compressors-axial-fans-and-microchannel-condensing-coils\/\"]}]},{\"@type\":\"ImageObject\",\"inLanguage\":\"az\",\"@id\":\"https:\/\/geoclimate.ge\/az\/product\/rah-mc-vs-kh-ke-air-cooled-chillers-for-outdoor-installation-equipped-with-inverter-screw-compressors-axial-fans-and-microchannel-condensing-coils\/#primaryimage\",\"url\":\"https:\/\/geoclimate.ge\/wp-content\/uploads\/2025\/04\/RAH-MC-VS-Ka-Ke-Kh-qguekvxfng7b6wl9b3meafpblobwsoh2z8wwisjt5y.png\",\"contentUrl\":\"https:\/\/geoclimate.ge\/wp-content\/uploads\/2025\/04\/RAH-MC-VS-Ka-Ke-Kh-qguekvxfng7b6wl9b3meafpblobwsoh2z8wwisjt5y.png\",\"width\":700,\"height\":599},{\"@type\":\"BreadcrumbList\",\"@id\":\"https:\/\/geoclimate.ge\/az\/product\/rah-mc-vs-kh-ke-air-cooled-chillers-for-outdoor-installation-equipped-with-inverter-screw-compressors-axial-fans-and-microchannel-condensing-coils\/#breadcrumb\",\"itemListElement\":[{\"@type\":\"ListItem\",\"position\":1,\"name\":\"Home\",\"item\":\"https:\/\/geoclimate.ge\/az\/\"},{\"@type\":\"ListItem\",\"position\":2,\"name\":\"M\u0259hsullar\",\"item\":\"https:\/\/geoclimate.ge\/az\/products\/\"},{\"@type\":\"ListItem\",\"position\":3,\"name\":\"RAH MC VS Kh\/Ke hava soyudulmu\u015f\"}]},{\"@type\":\"WebSite\",\"@id\":\"https:\/\/geoclimate.ge\/#website\",\"url\":\"https:\/\/geoclimate.ge\/\",\"name\":\"GeoClimate\",\"description\":\"\",\"publisher\":{\"@id\":\"https:\/\/geoclimate.ge\/#organization\"},\"potentialAction\":[{\"@type\":\"SearchAction\",\"target\":{\"@type\":\"EntryPoint\",\"urlTemplate\":\"https:\/\/geoclimate.ge\/?s={search_term_string}\"},\"query-input\":{\"@type\":\"PropertyValueSpecification\",\"valueRequired\":true,\"valueName\":\"search_term_string\"}}],\"inLanguage\":\"az\"},{\"@type\":\"Organization\",\"@id\":\"https:\/\/geoclimate.ge\/#organization\",\"name\":\"GeoClimate\",\"url\":\"https:\/\/geoclimate.ge\/\",\"logo\":{\"@type\":\"ImageObject\",\"inLanguage\":\"az\",\"@id\":\"https:\/\/geoclimate.ge\/#\/schema\/logo\/image\/\",\"url\":\"https:\/\/geoclimate.ge\/wp-content\/uploads\/2026\/03\/geoclimate-SEO.png\",\"contentUrl\":\"https:\/\/geoclimate.ge\/wp-content\/uploads\/2026\/03\/geoclimate-SEO.png\",\"width\":1536,\"height\":1024,\"caption\":\"GeoClimate\"},\"image\":{\"@id\":\"https:\/\/geoclimate.ge\/#\/schema\/logo\/image\/\"}}]}<\/script>\n<!-- \/ Yoast SEO plugin. -->","yoast_head_json":{"title":"RAH MC VS Kh\/Ke hava soyudulmu\u015f - GeoClimate.ge","robots":{"index":"index","follow":"follow","max-snippet":"max-snippet:-1","max-image-preview":"max-image-preview:large","max-video-preview":"max-video-preview:-1"},"canonical":"https:\/\/geoclimate.ge\/az\/product\/rah-mc-vs-kh-ke-air-cooled-chillers-for-outdoor-installation-equipped-with-inverter-screw-compressors-axial-fans-and-microchannel-condensing-coils\/","og_locale":"az_AZ","og_type":"article","og_title":"RAH MC VS Kh\/Ke hava soyudulmu\u015f - GeoClimate.ge","og_description":"Cooling capacity from 306 kW to 1555 Kw  The air-cooled chillers of this series are suitable for outdoor installation and are particularly suitable for cooling liquid solutions, used for industrial applications or air conditioning systems, in which it is necessary to ensure excellent performance and low environmental impact.  The machines are designed as outdoor units in compliance with European standards EN378 and its updates and are able to meet the seasonal efficiency requirements established by Regulation (EU) 2016\/2281-LOT21. The units of this series are equipped with two screw compressors, each with a continuous control of the cooling capacity, realized thanks to an in-built inverter. Each compressor operates on a single totally independent circuit, thus ensuring the maximum reliability.  All the units are totally factory assembled and tested, following specific quality procedures. Besides, they are totally hydraulic, cooling and electrical connected, permitting a quick installation once on site. Before the test, the cooling circuits of each unit are subject to a pressure tightness test and then charged with Refrigerant and non-freezing oil. Therefore, once on site, the units must be only positioned and electrically and hydraulically connected. The reduction of the sound level in the silenced version is reached thanks to refrigerant\/air exchangers with wider surfaces and a compressor cabinet insulated with higher thickness soundproof material.","og_url":"https:\/\/geoclimate.ge\/az\/product\/rah-mc-vs-kh-ke-air-cooled-chillers-for-outdoor-installation-equipped-with-inverter-screw-compressors-axial-fans-and-microchannel-condensing-coils\/","og_site_name":"GeoClimate.ge","article_modified_time":"2025-04-19T20:30:27+00:00","og_image":[{"width":700,"height":599,"url":"https:\/\/geoclimate.ge\/wp-content\/uploads\/2025\/04\/RAH-MC-VS-Ka-Ke-Kh-qguekvxfng7b6wl9b3meafpblobwsoh2z8wwisjt5y.png","type":"image\/png"}],"twitter_card":"summary_large_image","twitter_misc":{"Est. reading time":"2 minutes"},"schema":{"@context":"https:\/\/schema.org","@graph":[{"@type":"WebPage","@id":"https:\/\/geoclimate.ge\/az\/product\/rah-mc-vs-kh-ke-air-cooled-chillers-for-outdoor-installation-equipped-with-inverter-screw-compressors-axial-fans-and-microchannel-condensing-coils\/","url":"https:\/\/geoclimate.ge\/az\/product\/rah-mc-vs-kh-ke-air-cooled-chillers-for-outdoor-installation-equipped-with-inverter-screw-compressors-axial-fans-and-microchannel-condensing-coils\/","name":"RAH MC VS Kh\/Ke hava soyudulmu\u015f - GeoClimate.ge","isPartOf":{"@id":"https:\/\/geoclimate.ge\/#website"},"primaryImageOfPage":{"@id":"https:\/\/geoclimate.ge\/az\/product\/rah-mc-vs-kh-ke-air-cooled-chillers-for-outdoor-installation-equipped-with-inverter-screw-compressors-axial-fans-and-microchannel-condensing-coils\/#primaryimage"},"image":{"@id":"https:\/\/geoclimate.ge\/az\/product\/rah-mc-vs-kh-ke-air-cooled-chillers-for-outdoor-installation-equipped-with-inverter-screw-compressors-axial-fans-and-microchannel-condensing-coils\/#primaryimage"},"thumbnailUrl":"https:\/\/geoclimate.ge\/wp-content\/uploads\/2025\/04\/RAH-MC-VS-Ka-Ke-Kh-qguekvxfng7b6wl9b3meafpblobwsoh2z8wwisjt5y.png","datePublished":"2025-04-19T18:35:06+00:00","dateModified":"2025-04-19T20:30:27+00:00","breadcrumb":{"@id":"https:\/\/geoclimate.ge\/az\/product\/rah-mc-vs-kh-ke-air-cooled-chillers-for-outdoor-installation-equipped-with-inverter-screw-compressors-axial-fans-and-microchannel-condensing-coils\/#breadcrumb"},"inLanguage":"az","potentialAction":[{"@type":"ReadAction","target":["https:\/\/geoclimate.ge\/az\/product\/rah-mc-vs-kh-ke-air-cooled-chillers-for-outdoor-installation-equipped-with-inverter-screw-compressors-axial-fans-and-microchannel-condensing-coils\/"]}]},{"@type":"ImageObject","inLanguage":"az","@id":"https:\/\/geoclimate.ge\/az\/product\/rah-mc-vs-kh-ke-air-cooled-chillers-for-outdoor-installation-equipped-with-inverter-screw-compressors-axial-fans-and-microchannel-condensing-coils\/#primaryimage","url":"https:\/\/geoclimate.ge\/wp-content\/uploads\/2025\/04\/RAH-MC-VS-Ka-Ke-Kh-qguekvxfng7b6wl9b3meafpblobwsoh2z8wwisjt5y.png","contentUrl":"https:\/\/geoclimate.ge\/wp-content\/uploads\/2025\/04\/RAH-MC-VS-Ka-Ke-Kh-qguekvxfng7b6wl9b3meafpblobwsoh2z8wwisjt5y.png","width":700,"height":599},{"@type":"BreadcrumbList","@id":"https:\/\/geoclimate.ge\/az\/product\/rah-mc-vs-kh-ke-air-cooled-chillers-for-outdoor-installation-equipped-with-inverter-screw-compressors-axial-fans-and-microchannel-condensing-coils\/#breadcrumb","itemListElement":[{"@type":"ListItem","position":1,"name":"Home","item":"https:\/\/geoclimate.ge\/az\/"},{"@type":"ListItem","position":2,"name":"M\u0259hsullar","item":"https:\/\/geoclimate.ge\/az\/products\/"},{"@type":"ListItem","position":3,"name":"RAH MC VS Kh\/Ke hava soyudulmu\u015f"}]},{"@type":"WebSite","@id":"https:\/\/geoclimate.ge\/#website","url":"https:\/\/geoclimate.ge\/","name":"GeoClimate","description":"","publisher":{"@id":"https:\/\/geoclimate.ge\/#organization"},"potentialAction":[{"@type":"SearchAction","target":{"@type":"EntryPoint","urlTemplate":"https:\/\/geoclimate.ge\/?s={search_term_string}"},"query-input":{"@type":"PropertyValueSpecification","valueRequired":true,"valueName":"search_term_string"}}],"inLanguage":"az"},{"@type":"Organization","@id":"https:\/\/geoclimate.ge\/#organization","name":"GeoClimate","url":"https:\/\/geoclimate.ge\/","logo":{"@type":"ImageObject","inLanguage":"az","@id":"https:\/\/geoclimate.ge\/#\/schema\/logo\/image\/","url":"https:\/\/geoclimate.ge\/wp-content\/uploads\/2026\/03\/geoclimate-SEO.png","contentUrl":"https:\/\/geoclimate.ge\/wp-content\/uploads\/2026\/03\/geoclimate-SEO.png","width":1536,"height":1024,"caption":"GeoClimate"},"image":{"@id":"https:\/\/geoclimate.ge\/#\/schema\/logo\/image\/"}}]}},"_links":{"self":[{"href":"https:\/\/geoclimate.ge\/az\/wp-json\/wp\/v2\/product\/29911","targetHints":{"allow":["GET"]}}],"collection":[{"href":"https:\/\/geoclimate.ge\/az\/wp-json\/wp\/v2\/product"}],"about":[{"href":"https:\/\/geoclimate.ge\/az\/wp-json\/wp\/v2\/types\/product"}],"wp:featuredmedia":[{"embeddable":true,"href":"https:\/\/geoclimate.ge\/az\/wp-json\/wp\/v2\/media\/29906"}],"wp:attachment":[{"href":"https:\/\/geoclimate.ge\/az\/wp-json\/wp\/v2\/media?parent=29911"}],"wp:term":[{"taxonomy":"product_brand","embeddable":true,"href":"https:\/\/geoclimate.ge\/az\/wp-json\/wp\/v2\/product_brand?post=29911"},{"taxonomy":"product_cat","embeddable":true,"href":"https:\/\/geoclimate.ge\/az\/wp-json\/wp\/v2\/product_cat?post=29911"},{"taxonomy":"product_tag","embeddable":true,"href":"https:\/\/geoclimate.ge\/az\/wp-json\/wp\/v2\/product_tag?post=29911"}],"curies":[{"name":"wp","href":"https:\/\/api.w.org\/{rel}","templated":true}]}}