{"id":29969,"date":"2025-04-20T01:08:32","date_gmt":"2025-04-19T21:08:32","guid":{"rendered":"https:\/\/airsystems.ge\/shop\/product\/rwc-ke-kh-water-cooled-chillers-water-condensed-for-indoor-installation-equipped-with-brushless-oil-free-turbocor-compressors\/"},"modified":"2025-04-20T01:18:30","modified_gmt":"2025-04-19T21:18:30","slug":"rwc-ke-kh-water-cooled-chillers-water-condensed-for-indoor-installation-equipped-with-brushless-oil-free-turbocor-compressors","status":"publish","type":"product","link":"https:\/\/geoclimate.ge\/az\/product\/rwc-ke-kh-water-cooled-chillers-water-condensed-for-indoor-installation-equipped-with-brushless-oil-free-turbocor-compressors\/","title":{"rendered":"RWC Ke\/Kh Su il\u0259 soyudulmu\u015f soyuducu"},"content":{"rendered":"","protected":false},"excerpt":{"rendered":"<p><strong>Soyutma g\u00fcc\u00fc<\/strong> 210 kVt-dan 1800 kVt-a q\u0259d\u0259r<\/p>\n<p>RWC seriyas\u0131n\u0131n monoblok su il\u0259 soyudulmu\u015f soyuducular\u0131 xarici qura\u015fd\u0131rma \u00fc\u00e7\u00fcn uy\u011fundur v\u0259 x\u00fcsusil\u0259 kondisioner v\u0259 s\u0259naye texnoloji qur\u011fular\u0131nda maye soyutma \u00fc\u00e7\u00fcn n\u0259z\u0259rd\u0259 tutulub, burada qism\u0259n y\u00fckl\u0259nm\u0259l\u0259rd\u0259 y\u00fcks\u0259k s\u0259m\u0259r\u0259lilik, sakitlik v\u0259 uzun \u00f6m\u00fcr t\u0259min edilm\u0259lidir.<\/p>\n<p>B\u00f6lm\u0259l\u0259r maqnit levitasiya m\u0259rk\u0259zd\u0259nqa\u00e7ma kompressorlar\u0131 v\u0259 su basm\u0131\u015f qab\u0131q v\u0259 boru buxarland\u0131r\u0131c\u0131s\u0131 il\u0259 t\u0259chiz edilmi\u015fdir. Maqnit levitasiya texnologiyas\u0131 o dem\u0259kdir ki, kompressorda mexaniki s\u00fcrt\u00fcnm\u0259 yoxdur, ya\u011fs\u0131z soyuducu d\u00f6vr\u0259l\u0259r\u0259 imkan verir.<\/p>\n<p>B\u00fct\u00fcn qur\u011fular tamamil\u0259 zavodda y\u0131\u011f\u0131l\u0131r v\u0259 x\u00fcsusi keyfiyy\u0259t prosedurlar\u0131ndan sonra s\u0131naqdan ke\u00e7irilir. Onlar h\u0259m\u00e7inin tamamil\u0259 hidravlik v\u0259 elektrikl\u0259 ba\u011fl\u0131d\u0131rlar, buna g\u00f6r\u0259 d\u0259 yerind\u0259 olduqda onlar\u0131 tez bir zamanda qura\u015fd\u0131rmaq olar. Son s\u0131naqdan \u0259vv\u0259l soyutma d\u00f6vr\u0259l\u0259ri t\u0259zyiq s\u0131zd\u0131rmazl\u0131\u011f\u0131 yoxlan\u0131l\u0131r v\u0259 soyuducu il\u0259 doldurulur. Buna g\u00f6r\u0259 d\u0259, saytda bir d\u0259f\u0259, aqreqatlar yaln\u0131z yerl\u0259\u015fdirilm\u0259li v\u0259 hidravlik v\u0259 elektrikl\u0259 birl\u0259\u015fdirilm\u0259lidir.<\/p>\n","protected":false},"featured_media":29964,"template":"","meta":[],"product_brand":[],"product_cat":[1232,875,1244],"product_tag":[],"class_list":{"0":"post-29969","1":"product","2":"type-product","3":"status-publish","4":"has-post-thumbnail","6":"product_cat-chiller-hava-soyudulmus-az","7":"product_cat-snaye-az-kondisionerlr","8":"product_cat-soyuducu-vintli-soyudulan-az","10":"first","11":"instock","12":"shipping-taxable","13":"product-type-simple"},"yoast_head":"<!-- This site is optimized with the Yoast SEO plugin v27.1.1 - https:\/\/yoast.com\/product\/yoast-seo-wordpress\/ -->\n<title>RWC Ke\/Kh Su il\u0259 soyudulmu\u015f soyuducu - GeoClimate.ge<\/title>\n<meta name=\"robots\" content=\"index, follow, max-snippet:-1, max-image-preview:large, max-video-preview:-1\" \/>\n<link rel=\"canonical\" href=\"https:\/\/geoclimate.ge\/az\/product\/rwc-ke-kh-water-cooled-chillers-water-condensed-for-indoor-installation-equipped-with-brushless-oil-free-turbocor-compressors\/\" \/>\n<meta property=\"og:locale\" content=\"az_AZ\" \/>\n<meta property=\"og:type\" content=\"article\" \/>\n<meta property=\"og:title\" content=\"RWC Ke\/Kh Su il\u0259 soyudulmu\u015f soyuducu - GeoClimate.ge\" \/>\n<meta property=\"og:description\" content=\"Soyutma g\u00fcc\u00fc 210 kVt-dan 1800 kVt-a q\u0259d\u0259r  RWC seriyas\u0131n\u0131n monoblok su il\u0259 soyudulmu\u015f soyuducular\u0131 xarici qura\u015fd\u0131rma \u00fc\u00e7\u00fcn uy\u011fundur v\u0259 x\u00fcsusil\u0259 kondisioner v\u0259 s\u0259naye texnoloji qur\u011fular\u0131nda maye soyutma \u00fc\u00e7\u00fcn n\u0259z\u0259rd\u0259 tutulub, burada qism\u0259n y\u00fckl\u0259nm\u0259l\u0259rd\u0259 y\u00fcks\u0259k s\u0259m\u0259r\u0259lilik, sakitlik v\u0259 uzun \u00f6m\u00fcr t\u0259min edilm\u0259lidir.  B\u00f6lm\u0259l\u0259r maqnit levitasiya m\u0259rk\u0259zd\u0259nqa\u00e7ma kompressorlar\u0131 v\u0259 su basm\u0131\u015f qab\u0131q v\u0259 boru buxarland\u0131r\u0131c\u0131s\u0131 il\u0259 t\u0259chiz edilmi\u015fdir. Maqnit levitasiya texnologiyas\u0131 o dem\u0259kdir ki, kompressorda mexaniki s\u00fcrt\u00fcnm\u0259 yoxdur, ya\u011fs\u0131z soyuducu d\u00f6vr\u0259l\u0259r\u0259 imkan verir.  B\u00fct\u00fcn qur\u011fular tamamil\u0259 zavodda y\u0131\u011f\u0131l\u0131r v\u0259 x\u00fcsusi keyfiyy\u0259t prosedurlar\u0131ndan sonra s\u0131naqdan ke\u00e7irilir. Onlar h\u0259m\u00e7inin tamamil\u0259 hidravlik v\u0259 elektrikl\u0259 ba\u011fl\u0131d\u0131rlar, buna g\u00f6r\u0259 d\u0259 yerind\u0259 olduqda onlar\u0131 tez bir zamanda qura\u015fd\u0131rmaq olar. Son s\u0131naqdan \u0259vv\u0259l soyutma d\u00f6vr\u0259l\u0259ri t\u0259zyiq s\u0131zd\u0131rmazl\u0131\u011f\u0131 yoxlan\u0131l\u0131r v\u0259 soyuducu il\u0259 doldurulur. Buna g\u00f6r\u0259 d\u0259, saytda bir d\u0259f\u0259, aqreqatlar yaln\u0131z yerl\u0259\u015fdirilm\u0259li v\u0259 hidravlik v\u0259 elektrikl\u0259 birl\u0259\u015fdirilm\u0259lidir.\" \/>\n<meta property=\"og:url\" content=\"https:\/\/geoclimate.ge\/az\/product\/rwc-ke-kh-water-cooled-chillers-water-condensed-for-indoor-installation-equipped-with-brushless-oil-free-turbocor-compressors\/\" \/>\n<meta property=\"og:site_name\" content=\"GeoClimate.ge\" \/>\n<meta property=\"article:modified_time\" content=\"2025-04-19T21:18:30+00:00\" \/>\n<meta property=\"og:image\" content=\"https:\/\/geoclimate.ge\/wp-content\/uploads\/2025\/04\/RWC-Ke-Kh-1-qguj7b8ppg0yteuji1eerftdzo1hnf66iz5tghsfhi.png\" \/>\n\t<meta property=\"og:image:width\" content=\"700\" \/>\n\t<meta property=\"og:image:height\" content=\"599\" \/>\n\t<meta property=\"og:image:type\" content=\"image\/png\" \/>\n<meta name=\"twitter:card\" content=\"summary_large_image\" \/>\n<script type=\"application\/ld+json\" class=\"yoast-schema-graph\">{\"@context\":\"https:\/\/schema.org\",\"@graph\":[{\"@type\":\"WebPage\",\"@id\":\"https:\/\/geoclimate.ge\/az\/product\/rwc-ke-kh-water-cooled-chillers-water-condensed-for-indoor-installation-equipped-with-brushless-oil-free-turbocor-compressors\/\",\"url\":\"https:\/\/geoclimate.ge\/az\/product\/rwc-ke-kh-water-cooled-chillers-water-condensed-for-indoor-installation-equipped-with-brushless-oil-free-turbocor-compressors\/\",\"name\":\"RWC Ke\/Kh Su il\u0259 soyudulmu\u015f soyuducu - GeoClimate.ge\",\"isPartOf\":{\"@id\":\"https:\/\/geoclimate.ge\/#website\"},\"primaryImageOfPage\":{\"@id\":\"https:\/\/geoclimate.ge\/az\/product\/rwc-ke-kh-water-cooled-chillers-water-condensed-for-indoor-installation-equipped-with-brushless-oil-free-turbocor-compressors\/#primaryimage\"},\"image\":{\"@id\":\"https:\/\/geoclimate.ge\/az\/product\/rwc-ke-kh-water-cooled-chillers-water-condensed-for-indoor-installation-equipped-with-brushless-oil-free-turbocor-compressors\/#primaryimage\"},\"thumbnailUrl\":\"https:\/\/geoclimate.ge\/wp-content\/uploads\/2025\/04\/RWC-Ke-Kh-1-qguj7b8ppg0yteuji1eerftdzo1hnf66iz5tghsfhi.png\",\"datePublished\":\"2025-04-19T21:08:32+00:00\",\"dateModified\":\"2025-04-19T21:18:30+00:00\",\"breadcrumb\":{\"@id\":\"https:\/\/geoclimate.ge\/az\/product\/rwc-ke-kh-water-cooled-chillers-water-condensed-for-indoor-installation-equipped-with-brushless-oil-free-turbocor-compressors\/#breadcrumb\"},\"inLanguage\":\"az\",\"potentialAction\":[{\"@type\":\"ReadAction\",\"target\":[\"https:\/\/geoclimate.ge\/az\/product\/rwc-ke-kh-water-cooled-chillers-water-condensed-for-indoor-installation-equipped-with-brushless-oil-free-turbocor-compressors\/\"]}]},{\"@type\":\"ImageObject\",\"inLanguage\":\"az\",\"@id\":\"https:\/\/geoclimate.ge\/az\/product\/rwc-ke-kh-water-cooled-chillers-water-condensed-for-indoor-installation-equipped-with-brushless-oil-free-turbocor-compressors\/#primaryimage\",\"url\":\"https:\/\/geoclimate.ge\/wp-content\/uploads\/2025\/04\/RWC-Ke-Kh-1-qguj7b8ppg0yteuji1eerftdzo1hnf66iz5tghsfhi.png\",\"contentUrl\":\"https:\/\/geoclimate.ge\/wp-content\/uploads\/2025\/04\/RWC-Ke-Kh-1-qguj7b8ppg0yteuji1eerftdzo1hnf66iz5tghsfhi.png\",\"width\":700,\"height\":599},{\"@type\":\"BreadcrumbList\",\"@id\":\"https:\/\/geoclimate.ge\/az\/product\/rwc-ke-kh-water-cooled-chillers-water-condensed-for-indoor-installation-equipped-with-brushless-oil-free-turbocor-compressors\/#breadcrumb\",\"itemListElement\":[{\"@type\":\"ListItem\",\"position\":1,\"name\":\"Home\",\"item\":\"https:\/\/geoclimate.ge\/az\/\"},{\"@type\":\"ListItem\",\"position\":2,\"name\":\"M\u0259hsullar\",\"item\":\"https:\/\/geoclimate.ge\/az\/products\/\"},{\"@type\":\"ListItem\",\"position\":3,\"name\":\"RWC Ke\/Kh Su il\u0259 soyudulmu\u015f soyuducu\"}]},{\"@type\":\"WebSite\",\"@id\":\"https:\/\/geoclimate.ge\/#website\",\"url\":\"https:\/\/geoclimate.ge\/\",\"name\":\"GeoClimate\",\"description\":\"\",\"publisher\":{\"@id\":\"https:\/\/geoclimate.ge\/#organization\"},\"potentialAction\":[{\"@type\":\"SearchAction\",\"target\":{\"@type\":\"EntryPoint\",\"urlTemplate\":\"https:\/\/geoclimate.ge\/?s={search_term_string}\"},\"query-input\":{\"@type\":\"PropertyValueSpecification\",\"valueRequired\":true,\"valueName\":\"search_term_string\"}}],\"inLanguage\":\"az\"},{\"@type\":\"Organization\",\"@id\":\"https:\/\/geoclimate.ge\/#organization\",\"name\":\"GeoClimate\",\"url\":\"https:\/\/geoclimate.ge\/\",\"logo\":{\"@type\":\"ImageObject\",\"inLanguage\":\"az\",\"@id\":\"https:\/\/geoclimate.ge\/#\/schema\/logo\/image\/\",\"url\":\"https:\/\/geoclimate.ge\/wp-content\/uploads\/2026\/03\/geoclimate-SEO.png\",\"contentUrl\":\"https:\/\/geoclimate.ge\/wp-content\/uploads\/2026\/03\/geoclimate-SEO.png\",\"width\":1536,\"height\":1024,\"caption\":\"GeoClimate\"},\"image\":{\"@id\":\"https:\/\/geoclimate.ge\/#\/schema\/logo\/image\/\"}}]}<\/script>\n<!-- \/ Yoast SEO plugin. -->","yoast_head_json":{"title":"RWC Ke\/Kh Su il\u0259 soyudulmu\u015f soyuducu - GeoClimate.ge","robots":{"index":"index","follow":"follow","max-snippet":"max-snippet:-1","max-image-preview":"max-image-preview:large","max-video-preview":"max-video-preview:-1"},"canonical":"https:\/\/geoclimate.ge\/az\/product\/rwc-ke-kh-water-cooled-chillers-water-condensed-for-indoor-installation-equipped-with-brushless-oil-free-turbocor-compressors\/","og_locale":"az_AZ","og_type":"article","og_title":"RWC Ke\/Kh Su il\u0259 soyudulmu\u015f soyuducu - GeoClimate.ge","og_description":"Soyutma g\u00fcc\u00fc 210 kVt-dan 1800 kVt-a q\u0259d\u0259r  RWC seriyas\u0131n\u0131n monoblok su il\u0259 soyudulmu\u015f soyuducular\u0131 xarici qura\u015fd\u0131rma \u00fc\u00e7\u00fcn uy\u011fundur v\u0259 x\u00fcsusil\u0259 kondisioner v\u0259 s\u0259naye texnoloji qur\u011fular\u0131nda maye soyutma \u00fc\u00e7\u00fcn n\u0259z\u0259rd\u0259 tutulub, burada qism\u0259n y\u00fckl\u0259nm\u0259l\u0259rd\u0259 y\u00fcks\u0259k s\u0259m\u0259r\u0259lilik, sakitlik v\u0259 uzun \u00f6m\u00fcr t\u0259min edilm\u0259lidir.  B\u00f6lm\u0259l\u0259r maqnit levitasiya m\u0259rk\u0259zd\u0259nqa\u00e7ma kompressorlar\u0131 v\u0259 su basm\u0131\u015f qab\u0131q v\u0259 boru buxarland\u0131r\u0131c\u0131s\u0131 il\u0259 t\u0259chiz edilmi\u015fdir. Maqnit levitasiya texnologiyas\u0131 o dem\u0259kdir ki, kompressorda mexaniki s\u00fcrt\u00fcnm\u0259 yoxdur, ya\u011fs\u0131z soyuducu d\u00f6vr\u0259l\u0259r\u0259 imkan verir.  B\u00fct\u00fcn qur\u011fular tamamil\u0259 zavodda y\u0131\u011f\u0131l\u0131r v\u0259 x\u00fcsusi keyfiyy\u0259t prosedurlar\u0131ndan sonra s\u0131naqdan ke\u00e7irilir. Onlar h\u0259m\u00e7inin tamamil\u0259 hidravlik v\u0259 elektrikl\u0259 ba\u011fl\u0131d\u0131rlar, buna g\u00f6r\u0259 d\u0259 yerind\u0259 olduqda onlar\u0131 tez bir zamanda qura\u015fd\u0131rmaq olar. Son s\u0131naqdan \u0259vv\u0259l soyutma d\u00f6vr\u0259l\u0259ri t\u0259zyiq s\u0131zd\u0131rmazl\u0131\u011f\u0131 yoxlan\u0131l\u0131r v\u0259 soyuducu il\u0259 doldurulur. Buna g\u00f6r\u0259 d\u0259, saytda bir d\u0259f\u0259, aqreqatlar yaln\u0131z yerl\u0259\u015fdirilm\u0259li v\u0259 hidravlik v\u0259 elektrikl\u0259 birl\u0259\u015fdirilm\u0259lidir.","og_url":"https:\/\/geoclimate.ge\/az\/product\/rwc-ke-kh-water-cooled-chillers-water-condensed-for-indoor-installation-equipped-with-brushless-oil-free-turbocor-compressors\/","og_site_name":"GeoClimate.ge","article_modified_time":"2025-04-19T21:18:30+00:00","og_image":[{"width":700,"height":599,"url":"https:\/\/geoclimate.ge\/wp-content\/uploads\/2025\/04\/RWC-Ke-Kh-1-qguj7b8ppg0yteuji1eerftdzo1hnf66iz5tghsfhi.png","type":"image\/png"}],"twitter_card":"summary_large_image","schema":{"@context":"https:\/\/schema.org","@graph":[{"@type":"WebPage","@id":"https:\/\/geoclimate.ge\/az\/product\/rwc-ke-kh-water-cooled-chillers-water-condensed-for-indoor-installation-equipped-with-brushless-oil-free-turbocor-compressors\/","url":"https:\/\/geoclimate.ge\/az\/product\/rwc-ke-kh-water-cooled-chillers-water-condensed-for-indoor-installation-equipped-with-brushless-oil-free-turbocor-compressors\/","name":"RWC Ke\/Kh Su il\u0259 soyudulmu\u015f soyuducu - GeoClimate.ge","isPartOf":{"@id":"https:\/\/geoclimate.ge\/#website"},"primaryImageOfPage":{"@id":"https:\/\/geoclimate.ge\/az\/product\/rwc-ke-kh-water-cooled-chillers-water-condensed-for-indoor-installation-equipped-with-brushless-oil-free-turbocor-compressors\/#primaryimage"},"image":{"@id":"https:\/\/geoclimate.ge\/az\/product\/rwc-ke-kh-water-cooled-chillers-water-condensed-for-indoor-installation-equipped-with-brushless-oil-free-turbocor-compressors\/#primaryimage"},"thumbnailUrl":"https:\/\/geoclimate.ge\/wp-content\/uploads\/2025\/04\/RWC-Ke-Kh-1-qguj7b8ppg0yteuji1eerftdzo1hnf66iz5tghsfhi.png","datePublished":"2025-04-19T21:08:32+00:00","dateModified":"2025-04-19T21:18:30+00:00","breadcrumb":{"@id":"https:\/\/geoclimate.ge\/az\/product\/rwc-ke-kh-water-cooled-chillers-water-condensed-for-indoor-installation-equipped-with-brushless-oil-free-turbocor-compressors\/#breadcrumb"},"inLanguage":"az","potentialAction":[{"@type":"ReadAction","target":["https:\/\/geoclimate.ge\/az\/product\/rwc-ke-kh-water-cooled-chillers-water-condensed-for-indoor-installation-equipped-with-brushless-oil-free-turbocor-compressors\/"]}]},{"@type":"ImageObject","inLanguage":"az","@id":"https:\/\/geoclimate.ge\/az\/product\/rwc-ke-kh-water-cooled-chillers-water-condensed-for-indoor-installation-equipped-with-brushless-oil-free-turbocor-compressors\/#primaryimage","url":"https:\/\/geoclimate.ge\/wp-content\/uploads\/2025\/04\/RWC-Ke-Kh-1-qguj7b8ppg0yteuji1eerftdzo1hnf66iz5tghsfhi.png","contentUrl":"https:\/\/geoclimate.ge\/wp-content\/uploads\/2025\/04\/RWC-Ke-Kh-1-qguj7b8ppg0yteuji1eerftdzo1hnf66iz5tghsfhi.png","width":700,"height":599},{"@type":"BreadcrumbList","@id":"https:\/\/geoclimate.ge\/az\/product\/rwc-ke-kh-water-cooled-chillers-water-condensed-for-indoor-installation-equipped-with-brushless-oil-free-turbocor-compressors\/#breadcrumb","itemListElement":[{"@type":"ListItem","position":1,"name":"Home","item":"https:\/\/geoclimate.ge\/az\/"},{"@type":"ListItem","position":2,"name":"M\u0259hsullar","item":"https:\/\/geoclimate.ge\/az\/products\/"},{"@type":"ListItem","position":3,"name":"RWC Ke\/Kh Su il\u0259 soyudulmu\u015f soyuducu"}]},{"@type":"WebSite","@id":"https:\/\/geoclimate.ge\/#website","url":"https:\/\/geoclimate.ge\/","name":"GeoClimate","description":"","publisher":{"@id":"https:\/\/geoclimate.ge\/#organization"},"potentialAction":[{"@type":"SearchAction","target":{"@type":"EntryPoint","urlTemplate":"https:\/\/geoclimate.ge\/?s={search_term_string}"},"query-input":{"@type":"PropertyValueSpecification","valueRequired":true,"valueName":"search_term_string"}}],"inLanguage":"az"},{"@type":"Organization","@id":"https:\/\/geoclimate.ge\/#organization","name":"GeoClimate","url":"https:\/\/geoclimate.ge\/","logo":{"@type":"ImageObject","inLanguage":"az","@id":"https:\/\/geoclimate.ge\/#\/schema\/logo\/image\/","url":"https:\/\/geoclimate.ge\/wp-content\/uploads\/2026\/03\/geoclimate-SEO.png","contentUrl":"https:\/\/geoclimate.ge\/wp-content\/uploads\/2026\/03\/geoclimate-SEO.png","width":1536,"height":1024,"caption":"GeoClimate"},"image":{"@id":"https:\/\/geoclimate.ge\/#\/schema\/logo\/image\/"}}]}},"_links":{"self":[{"href":"https:\/\/geoclimate.ge\/az\/wp-json\/wp\/v2\/product\/29969","targetHints":{"allow":["GET"]}}],"collection":[{"href":"https:\/\/geoclimate.ge\/az\/wp-json\/wp\/v2\/product"}],"about":[{"href":"https:\/\/geoclimate.ge\/az\/wp-json\/wp\/v2\/types\/product"}],"wp:featuredmedia":[{"embeddable":true,"href":"https:\/\/geoclimate.ge\/az\/wp-json\/wp\/v2\/media\/29964"}],"wp:attachment":[{"href":"https:\/\/geoclimate.ge\/az\/wp-json\/wp\/v2\/media?parent=29969"}],"wp:term":[{"taxonomy":"product_brand","embeddable":true,"href":"https:\/\/geoclimate.ge\/az\/wp-json\/wp\/v2\/product_brand?post=29969"},{"taxonomy":"product_cat","embeddable":true,"href":"https:\/\/geoclimate.ge\/az\/wp-json\/wp\/v2\/product_cat?post=29969"},{"taxonomy":"product_tag","embeddable":true,"href":"https:\/\/geoclimate.ge\/az\/wp-json\/wp\/v2\/product_tag?post=29969"}],"curies":[{"name":"wp","href":"https:\/\/api.w.org\/{rel}","templated":true}]}}