{"id":29983,"date":"2025-04-20T01:36:18","date_gmt":"2025-04-19T21:36:18","guid":{"rendered":"https:\/\/airsystems.ge\/shop\/product\/rtc-rth-rooftop-monoblock-units-chiller-or-reversible-heat-pumps-executions\/"},"modified":"2025-04-20T02:05:18","modified_gmt":"2025-04-19T22:05:18","slug":"rtc-rth-rooftop-monoblock-units-chiller-or-reversible-heat-pumps-executions","status":"publish","type":"product","link":"https:\/\/geoclimate.ge\/az\/product\/rtc-rth-rooftop-monoblock-units-chiller-or-reversible-heat-pumps-executions\/","title":{"rendered":"RTC\/RTH Paketli Kondisioner Rooftop Monoblock"},"content":{"rendered":"","protected":false},"excerpt":{"rendered":"<p>15 kVt-dan 350 KV-a q\u0259d\u0259r soyutma g\u00fcc\u00fc<br \/>\n2000 m3\/saatdan 5600 m3\/saata q\u0259d\u0259r hava ax\u0131n\u0131<\/p>\n<p>M\u0259hsul konfiqurasiyalar\u0131n\u0131 h\u0259r bir layih\u0259y\u0259 uy\u011funla\u015fd\u0131rmaq \u00fc\u00e7\u00fcn x\u00fcsusi olaraq uy\u011funla\u015fd\u0131rma\u011fa imkan ver\u0259n y\u00fcks\u0259k \u00e7evik tikinti konsepsiyas\u0131. Onlar x\u00fcsusil\u0259 b\u00f6y\u00fck \u0259hali s\u0131xl\u0131\u011f\u0131 olan binalarda y\u00fcks\u0259k SHR il\u0259 temperatur n\u0259zar\u0259tinin t\u0259l\u0259b olundu\u011fu t\u0259tbiql\u0259r \u00fc\u00e7\u00fcn n\u0259z\u0259rd\u0259 tutulmu\u015fdur. B\u00f6lm\u0259l\u0259r istilik b\u0259rpas\u0131 v\u0259 s\u0259rb\u0259st soyutma funksiyalar\u0131n\u0131 \u00f6z\u00fcnd\u0259 birl\u0259\u015fdirir v\u0259 bu x\u00fcsusiyy\u0259tl\u0259r y\u00fcks\u0259k keyfiyy\u0259tli komponentl\u0259r v\u0259 idar\u0259etm\u0259 elementl\u0259ri il\u0259 birlikd\u0259 \u0259m\u0259liyyatda y\u00fcks\u0259k effektivliy\u0259 s\u0259b\u0259b olur. \u0130stiliyin b\u0259rpas\u0131 n\u0259tic\u0259sind\u0259 yaranan m\u0259i\u015f\u0259t isti suyu il\u0259 \u0130T SOYUTMA v\u0259 WELLNESS \u00fc\u00e7\u00fcn x\u00fcsusi konfiqurasiyalar, opsiya olaraq 100% t\u0259miz hava qur\u011fusu da m\u00f6vcuddur. B\u00fct\u00fcn m\u00f6vcud konfiqurasiyalar (UE) 2016\/2281 Qaydalar\u0131nda m\u00fc\u0259yy\u0259n edilmi\u015f layih\u0259 t\u0259l\u0259bl\u0259rin\u0259 v\u0259 m\u00f6vs\u00fcmi s\u0259m\u0259r\u0259liliy\u0259 cavab verir.<\/p>\n","protected":false},"featured_media":29978,"template":"","meta":[],"product_brand":[],"product_cat":[1250,875],"product_tag":[],"class_list":{"0":"post-29983","1":"product","2":"type-product","3":"status-publish","4":"has-post-thumbnail","6":"product_cat-paketli-kondisioner-rooftop-az","7":"product_cat-snaye-az-kondisionerlr","9":"first","10":"instock","11":"shipping-taxable","12":"product-type-simple"},"yoast_head":"<!-- This site is optimized with the Yoast SEO plugin v27.1.1 - https:\/\/yoast.com\/product\/yoast-seo-wordpress\/ -->\n<title>RTC\/RTH Paketli Kondisioner Rooftop Monoblock - GeoClimate.ge<\/title>\n<meta name=\"robots\" content=\"index, follow, max-snippet:-1, max-image-preview:large, max-video-preview:-1\" \/>\n<link rel=\"canonical\" href=\"https:\/\/geoclimate.ge\/az\/product\/rtc-rth-rooftop-monoblock-units-chiller-or-reversible-heat-pumps-executions\/\" \/>\n<meta property=\"og:locale\" content=\"az_AZ\" \/>\n<meta property=\"og:type\" content=\"article\" \/>\n<meta property=\"og:title\" content=\"RTC\/RTH Paketli Kondisioner Rooftop Monoblock - GeoClimate.ge\" \/>\n<meta property=\"og:description\" content=\"15 kVt-dan 350 KV-a q\u0259d\u0259r soyutma g\u00fcc\u00fc 2000 m3\/saatdan 5600 m3\/saata q\u0259d\u0259r hava ax\u0131n\u0131  M\u0259hsul konfiqurasiyalar\u0131n\u0131 h\u0259r bir layih\u0259y\u0259 uy\u011funla\u015fd\u0131rmaq \u00fc\u00e7\u00fcn x\u00fcsusi olaraq uy\u011funla\u015fd\u0131rma\u011fa imkan ver\u0259n y\u00fcks\u0259k \u00e7evik tikinti konsepsiyas\u0131. Onlar x\u00fcsusil\u0259 b\u00f6y\u00fck \u0259hali s\u0131xl\u0131\u011f\u0131 olan binalarda y\u00fcks\u0259k SHR il\u0259 temperatur n\u0259zar\u0259tinin t\u0259l\u0259b olundu\u011fu t\u0259tbiql\u0259r \u00fc\u00e7\u00fcn n\u0259z\u0259rd\u0259 tutulmu\u015fdur. B\u00f6lm\u0259l\u0259r istilik b\u0259rpas\u0131 v\u0259 s\u0259rb\u0259st soyutma funksiyalar\u0131n\u0131 \u00f6z\u00fcnd\u0259 birl\u0259\u015fdirir v\u0259 bu x\u00fcsusiyy\u0259tl\u0259r y\u00fcks\u0259k keyfiyy\u0259tli komponentl\u0259r v\u0259 idar\u0259etm\u0259 elementl\u0259ri il\u0259 birlikd\u0259 \u0259m\u0259liyyatda y\u00fcks\u0259k effektivliy\u0259 s\u0259b\u0259b olur. \u0130stiliyin b\u0259rpas\u0131 n\u0259tic\u0259sind\u0259 yaranan m\u0259i\u015f\u0259t isti suyu il\u0259 \u0130T SOYUTMA v\u0259 WELLNESS \u00fc\u00e7\u00fcn x\u00fcsusi konfiqurasiyalar, opsiya olaraq 100% t\u0259miz hava qur\u011fusu da m\u00f6vcuddur. B\u00fct\u00fcn m\u00f6vcud konfiqurasiyalar (UE) 2016\/2281 Qaydalar\u0131nda m\u00fc\u0259yy\u0259n edilmi\u015f layih\u0259 t\u0259l\u0259bl\u0259rin\u0259 v\u0259 m\u00f6vs\u00fcmi s\u0259m\u0259r\u0259liliy\u0259 cavab verir.\" \/>\n<meta property=\"og:url\" content=\"https:\/\/geoclimate.ge\/az\/product\/rtc-rth-rooftop-monoblock-units-chiller-or-reversible-heat-pumps-executions\/\" \/>\n<meta property=\"og:site_name\" content=\"GeoClimate.ge\" \/>\n<meta property=\"article:modified_time\" content=\"2025-04-19T22:05:18+00:00\" \/>\n<meta property=\"og:image\" content=\"https:\/\/geoclimate.ge\/wp-content\/uploads\/2025\/04\/RTC-RTH-qh2zxfzcyobus8rvp7jgtccay69nqotneqes9rfcgc.png\" \/>\n\t<meta property=\"og:image:width\" content=\"780\" \/>\n\t<meta property=\"og:image:height\" content=\"430\" \/>\n\t<meta property=\"og:image:type\" content=\"image\/png\" \/>\n<meta name=\"twitter:card\" content=\"summary_large_image\" \/>\n<script type=\"application\/ld+json\" class=\"yoast-schema-graph\">{\"@context\":\"https:\/\/schema.org\",\"@graph\":[{\"@type\":\"WebPage\",\"@id\":\"https:\/\/geoclimate.ge\/az\/product\/rtc-rth-rooftop-monoblock-units-chiller-or-reversible-heat-pumps-executions\/\",\"url\":\"https:\/\/geoclimate.ge\/az\/product\/rtc-rth-rooftop-monoblock-units-chiller-or-reversible-heat-pumps-executions\/\",\"name\":\"RTC\/RTH Paketli Kondisioner Rooftop Monoblock - GeoClimate.ge\",\"isPartOf\":{\"@id\":\"https:\/\/geoclimate.ge\/#website\"},\"primaryImageOfPage\":{\"@id\":\"https:\/\/geoclimate.ge\/az\/product\/rtc-rth-rooftop-monoblock-units-chiller-or-reversible-heat-pumps-executions\/#primaryimage\"},\"image\":{\"@id\":\"https:\/\/geoclimate.ge\/az\/product\/rtc-rth-rooftop-monoblock-units-chiller-or-reversible-heat-pumps-executions\/#primaryimage\"},\"thumbnailUrl\":\"https:\/\/geoclimate.ge\/wp-content\/uploads\/2025\/04\/RTC-RTH-qh2zxfzcyobus8rvp7jgtccay69nqotneqes9rfcgc.png\",\"datePublished\":\"2025-04-19T21:36:18+00:00\",\"dateModified\":\"2025-04-19T22:05:18+00:00\",\"breadcrumb\":{\"@id\":\"https:\/\/geoclimate.ge\/az\/product\/rtc-rth-rooftop-monoblock-units-chiller-or-reversible-heat-pumps-executions\/#breadcrumb\"},\"inLanguage\":\"az\",\"potentialAction\":[{\"@type\":\"ReadAction\",\"target\":[\"https:\/\/geoclimate.ge\/az\/product\/rtc-rth-rooftop-monoblock-units-chiller-or-reversible-heat-pumps-executions\/\"]}]},{\"@type\":\"ImageObject\",\"inLanguage\":\"az\",\"@id\":\"https:\/\/geoclimate.ge\/az\/product\/rtc-rth-rooftop-monoblock-units-chiller-or-reversible-heat-pumps-executions\/#primaryimage\",\"url\":\"https:\/\/geoclimate.ge\/wp-content\/uploads\/2025\/04\/RTC-RTH-qh2zxfzcyobus8rvp7jgtccay69nqotneqes9rfcgc.png\",\"contentUrl\":\"https:\/\/geoclimate.ge\/wp-content\/uploads\/2025\/04\/RTC-RTH-qh2zxfzcyobus8rvp7jgtccay69nqotneqes9rfcgc.png\",\"width\":780,\"height\":430},{\"@type\":\"BreadcrumbList\",\"@id\":\"https:\/\/geoclimate.ge\/az\/product\/rtc-rth-rooftop-monoblock-units-chiller-or-reversible-heat-pumps-executions\/#breadcrumb\",\"itemListElement\":[{\"@type\":\"ListItem\",\"position\":1,\"name\":\"Home\",\"item\":\"https:\/\/geoclimate.ge\/az\/\"},{\"@type\":\"ListItem\",\"position\":2,\"name\":\"M\u0259hsullar\",\"item\":\"https:\/\/geoclimate.ge\/az\/products\/\"},{\"@type\":\"ListItem\",\"position\":3,\"name\":\"RTC\/RTH Paketli Kondisioner Rooftop Monoblock\"}]},{\"@type\":\"WebSite\",\"@id\":\"https:\/\/geoclimate.ge\/#website\",\"url\":\"https:\/\/geoclimate.ge\/\",\"name\":\"GeoClimate\",\"description\":\"\",\"publisher\":{\"@id\":\"https:\/\/geoclimate.ge\/#organization\"},\"potentialAction\":[{\"@type\":\"SearchAction\",\"target\":{\"@type\":\"EntryPoint\",\"urlTemplate\":\"https:\/\/geoclimate.ge\/?s={search_term_string}\"},\"query-input\":{\"@type\":\"PropertyValueSpecification\",\"valueRequired\":true,\"valueName\":\"search_term_string\"}}],\"inLanguage\":\"az\"},{\"@type\":\"Organization\",\"@id\":\"https:\/\/geoclimate.ge\/#organization\",\"name\":\"GeoClimate\",\"url\":\"https:\/\/geoclimate.ge\/\",\"logo\":{\"@type\":\"ImageObject\",\"inLanguage\":\"az\",\"@id\":\"https:\/\/geoclimate.ge\/#\/schema\/logo\/image\/\",\"url\":\"https:\/\/geoclimate.ge\/wp-content\/uploads\/2026\/03\/geoclimate-SEO.png\",\"contentUrl\":\"https:\/\/geoclimate.ge\/wp-content\/uploads\/2026\/03\/geoclimate-SEO.png\",\"width\":1536,\"height\":1024,\"caption\":\"GeoClimate\"},\"image\":{\"@id\":\"https:\/\/geoclimate.ge\/#\/schema\/logo\/image\/\"}}]}<\/script>\n<!-- \/ Yoast SEO plugin. -->","yoast_head_json":{"title":"RTC\/RTH Paketli Kondisioner Rooftop Monoblock - GeoClimate.ge","robots":{"index":"index","follow":"follow","max-snippet":"max-snippet:-1","max-image-preview":"max-image-preview:large","max-video-preview":"max-video-preview:-1"},"canonical":"https:\/\/geoclimate.ge\/az\/product\/rtc-rth-rooftop-monoblock-units-chiller-or-reversible-heat-pumps-executions\/","og_locale":"az_AZ","og_type":"article","og_title":"RTC\/RTH Paketli Kondisioner Rooftop Monoblock - GeoClimate.ge","og_description":"15 kVt-dan 350 KV-a q\u0259d\u0259r soyutma g\u00fcc\u00fc 2000 m3\/saatdan 5600 m3\/saata q\u0259d\u0259r hava ax\u0131n\u0131  M\u0259hsul konfiqurasiyalar\u0131n\u0131 h\u0259r bir layih\u0259y\u0259 uy\u011funla\u015fd\u0131rmaq \u00fc\u00e7\u00fcn x\u00fcsusi olaraq uy\u011funla\u015fd\u0131rma\u011fa imkan ver\u0259n y\u00fcks\u0259k \u00e7evik tikinti konsepsiyas\u0131. Onlar x\u00fcsusil\u0259 b\u00f6y\u00fck \u0259hali s\u0131xl\u0131\u011f\u0131 olan binalarda y\u00fcks\u0259k SHR il\u0259 temperatur n\u0259zar\u0259tinin t\u0259l\u0259b olundu\u011fu t\u0259tbiql\u0259r \u00fc\u00e7\u00fcn n\u0259z\u0259rd\u0259 tutulmu\u015fdur. B\u00f6lm\u0259l\u0259r istilik b\u0259rpas\u0131 v\u0259 s\u0259rb\u0259st soyutma funksiyalar\u0131n\u0131 \u00f6z\u00fcnd\u0259 birl\u0259\u015fdirir v\u0259 bu x\u00fcsusiyy\u0259tl\u0259r y\u00fcks\u0259k keyfiyy\u0259tli komponentl\u0259r v\u0259 idar\u0259etm\u0259 elementl\u0259ri il\u0259 birlikd\u0259 \u0259m\u0259liyyatda y\u00fcks\u0259k effektivliy\u0259 s\u0259b\u0259b olur. \u0130stiliyin b\u0259rpas\u0131 n\u0259tic\u0259sind\u0259 yaranan m\u0259i\u015f\u0259t isti suyu il\u0259 \u0130T SOYUTMA v\u0259 WELLNESS \u00fc\u00e7\u00fcn x\u00fcsusi konfiqurasiyalar, opsiya olaraq 100% t\u0259miz hava qur\u011fusu da m\u00f6vcuddur. B\u00fct\u00fcn m\u00f6vcud konfiqurasiyalar (UE) 2016\/2281 Qaydalar\u0131nda m\u00fc\u0259yy\u0259n edilmi\u015f layih\u0259 t\u0259l\u0259bl\u0259rin\u0259 v\u0259 m\u00f6vs\u00fcmi s\u0259m\u0259r\u0259liliy\u0259 cavab verir.","og_url":"https:\/\/geoclimate.ge\/az\/product\/rtc-rth-rooftop-monoblock-units-chiller-or-reversible-heat-pumps-executions\/","og_site_name":"GeoClimate.ge","article_modified_time":"2025-04-19T22:05:18+00:00","og_image":[{"width":780,"height":430,"url":"https:\/\/geoclimate.ge\/wp-content\/uploads\/2025\/04\/RTC-RTH-qh2zxfzcyobus8rvp7jgtccay69nqotneqes9rfcgc.png","type":"image\/png"}],"twitter_card":"summary_large_image","schema":{"@context":"https:\/\/schema.org","@graph":[{"@type":"WebPage","@id":"https:\/\/geoclimate.ge\/az\/product\/rtc-rth-rooftop-monoblock-units-chiller-or-reversible-heat-pumps-executions\/","url":"https:\/\/geoclimate.ge\/az\/product\/rtc-rth-rooftop-monoblock-units-chiller-or-reversible-heat-pumps-executions\/","name":"RTC\/RTH Paketli Kondisioner Rooftop Monoblock - GeoClimate.ge","isPartOf":{"@id":"https:\/\/geoclimate.ge\/#website"},"primaryImageOfPage":{"@id":"https:\/\/geoclimate.ge\/az\/product\/rtc-rth-rooftop-monoblock-units-chiller-or-reversible-heat-pumps-executions\/#primaryimage"},"image":{"@id":"https:\/\/geoclimate.ge\/az\/product\/rtc-rth-rooftop-monoblock-units-chiller-or-reversible-heat-pumps-executions\/#primaryimage"},"thumbnailUrl":"https:\/\/geoclimate.ge\/wp-content\/uploads\/2025\/04\/RTC-RTH-qh2zxfzcyobus8rvp7jgtccay69nqotneqes9rfcgc.png","datePublished":"2025-04-19T21:36:18+00:00","dateModified":"2025-04-19T22:05:18+00:00","breadcrumb":{"@id":"https:\/\/geoclimate.ge\/az\/product\/rtc-rth-rooftop-monoblock-units-chiller-or-reversible-heat-pumps-executions\/#breadcrumb"},"inLanguage":"az","potentialAction":[{"@type":"ReadAction","target":["https:\/\/geoclimate.ge\/az\/product\/rtc-rth-rooftop-monoblock-units-chiller-or-reversible-heat-pumps-executions\/"]}]},{"@type":"ImageObject","inLanguage":"az","@id":"https:\/\/geoclimate.ge\/az\/product\/rtc-rth-rooftop-monoblock-units-chiller-or-reversible-heat-pumps-executions\/#primaryimage","url":"https:\/\/geoclimate.ge\/wp-content\/uploads\/2025\/04\/RTC-RTH-qh2zxfzcyobus8rvp7jgtccay69nqotneqes9rfcgc.png","contentUrl":"https:\/\/geoclimate.ge\/wp-content\/uploads\/2025\/04\/RTC-RTH-qh2zxfzcyobus8rvp7jgtccay69nqotneqes9rfcgc.png","width":780,"height":430},{"@type":"BreadcrumbList","@id":"https:\/\/geoclimate.ge\/az\/product\/rtc-rth-rooftop-monoblock-units-chiller-or-reversible-heat-pumps-executions\/#breadcrumb","itemListElement":[{"@type":"ListItem","position":1,"name":"Home","item":"https:\/\/geoclimate.ge\/az\/"},{"@type":"ListItem","position":2,"name":"M\u0259hsullar","item":"https:\/\/geoclimate.ge\/az\/products\/"},{"@type":"ListItem","position":3,"name":"RTC\/RTH Paketli Kondisioner Rooftop Monoblock"}]},{"@type":"WebSite","@id":"https:\/\/geoclimate.ge\/#website","url":"https:\/\/geoclimate.ge\/","name":"GeoClimate","description":"","publisher":{"@id":"https:\/\/geoclimate.ge\/#organization"},"potentialAction":[{"@type":"SearchAction","target":{"@type":"EntryPoint","urlTemplate":"https:\/\/geoclimate.ge\/?s={search_term_string}"},"query-input":{"@type":"PropertyValueSpecification","valueRequired":true,"valueName":"search_term_string"}}],"inLanguage":"az"},{"@type":"Organization","@id":"https:\/\/geoclimate.ge\/#organization","name":"GeoClimate","url":"https:\/\/geoclimate.ge\/","logo":{"@type":"ImageObject","inLanguage":"az","@id":"https:\/\/geoclimate.ge\/#\/schema\/logo\/image\/","url":"https:\/\/geoclimate.ge\/wp-content\/uploads\/2026\/03\/geoclimate-SEO.png","contentUrl":"https:\/\/geoclimate.ge\/wp-content\/uploads\/2026\/03\/geoclimate-SEO.png","width":1536,"height":1024,"caption":"GeoClimate"},"image":{"@id":"https:\/\/geoclimate.ge\/#\/schema\/logo\/image\/"}}]}},"_links":{"self":[{"href":"https:\/\/geoclimate.ge\/az\/wp-json\/wp\/v2\/product\/29983","targetHints":{"allow":["GET"]}}],"collection":[{"href":"https:\/\/geoclimate.ge\/az\/wp-json\/wp\/v2\/product"}],"about":[{"href":"https:\/\/geoclimate.ge\/az\/wp-json\/wp\/v2\/types\/product"}],"wp:featuredmedia":[{"embeddable":true,"href":"https:\/\/geoclimate.ge\/az\/wp-json\/wp\/v2\/media\/29978"}],"wp:attachment":[{"href":"https:\/\/geoclimate.ge\/az\/wp-json\/wp\/v2\/media?parent=29983"}],"wp:term":[{"taxonomy":"product_brand","embeddable":true,"href":"https:\/\/geoclimate.ge\/az\/wp-json\/wp\/v2\/product_brand?post=29983"},{"taxonomy":"product_cat","embeddable":true,"href":"https:\/\/geoclimate.ge\/az\/wp-json\/wp\/v2\/product_cat?post=29983"},{"taxonomy":"product_tag","embeddable":true,"href":"https:\/\/geoclimate.ge\/az\/wp-json\/wp\/v2\/product_tag?post=29983"}],"curies":[{"name":"wp","href":"https:\/\/api.w.org\/{rel}","templated":true}]}}