{"id":30001,"date":"2025-04-20T13:57:46","date_gmt":"2025-04-20T09:57:46","guid":{"rendered":"https:\/\/airsystems.ge\/shop\/product\/water-cooled-close-control-unit-wul-extended-version\/"},"modified":"2025-04-20T20:51:36","modified_gmt":"2025-04-20T16:51:36","slug":"water-cooled-close-control-unit-wul-extended-version","status":"publish","type":"product","link":"https:\/\/geoclimate.ge\/az\/product\/water-cooled-close-control-unit-wul-extended-version\/","title":{"rendered":"Su il\u0259 soyudulmu\u015f yax\u0131n idar\u0259etm\u0259 bloku WUL: Geni\u015fl\u0259ndirilmi\u015f Versiya"},"content":{"rendered":"","protected":false},"excerpt":{"rendered":"<div class=\"elementor-element elementor-element-f80f489 elementor-widget elementor-widget-heading\" data-id=\"f80f489\" data-element_type=\"widget\" data-widget_type=\"heading.default\">\n<div class=\"elementor-widget-container\">\n<div class=\"elementor-heading-title elementor-size-default\">\n<p>Soyutma g\u00fcc\u00fc 60 KVt-dan 216 kVt-a q\u0259d\u0259r<\/p>\n<p>Yaln\u0131z \u015faquli qura\u015fd\u0131rma v\u0259 soyutma \u00fc\u00e7\u00fcn kondisionerl\u0259ri ba\u011flay\u0131n, istilik elementi, iste\u011fe ba\u011fl\u0131 n\u0259ml\u0259ndirici v\u0259 d\u0259qiq temperatur v\u0259 r\u00fctub\u0259t\u0259 n\u0259zar\u0259t \u00fc\u00e7\u00fcn n\u0259ml\u0259ndirici vasit\u0259sil\u0259 iste\u011fe ba\u011fl\u0131 q\u0131zd\u0131r\u0131n. X\u00fcsusil\u0259 serverl\u0259rd\u0259 v\u0259 \u0130T otaqlar\u0131nda v\u0259 \u00fcmumiyy\u0259tl\u0259 b\u00fct\u00fcn texnoloji t\u0259tbiql\u0259rd\u0259 d\u0259qiq kondisioner \u00fc\u00e7\u00fcn uy\u011fundur.<br \/>\nB\u00f6lm\u0259l\u0259r iki moduldan ibar\u0259tdir: birincisi ad\u0259t\u0259n d\u00f6\u015f\u0259m\u0259nin \u00fcst\u00fcnd\u0259 yerl\u0259\u015f\u0259n istilik d\u0259yi\u015fdiricisini, ikincisi is\u0259 EC inverter fanatlar\u0131n\u0131n qura\u015fd\u0131r\u0131ld\u0131\u011f\u0131 yerdir. A\u015fa\u011f\u0131 ax\u0131n hava t\u0259chizat\u0131.<br \/>\nBu qur\u011fular modulyasiya ed\u0259n 2 yollu klapan v\u0259 servomotorla t\u0259chiz edilmi\u015fdir. Cihaz xarici soyuducuya qo\u015fulmal\u0131d\u0131r.<\/p>\n<p>AKSESUARLAR<\/p>\n<p>\u2022 Uzaqdan istifad\u0259\u00e7i terminal\u0131<br \/>\n\u2022 Elektrikli isitm\u0259 bobini<br \/>\n\u2022 N\u0259ml\u0259ndirici<br \/>\n\u2022 Rezin montajlarla vibrasiya izolyasiya \u00e7\u0259r\u00e7iv\u0259si<br \/>\n\u2022 \u0130nterfeys elektron l\u00f6vh\u0259si<br \/>\n\u2022 Hava paylay\u0131c\u0131 plenum<br \/>\n\u2022 Kondensasiya nasosunun ax\u0131d\u0131lmas\u0131<br \/>\n\u2022 TCP\/IP Protokolu \u00fc\u00e7\u00fcn interfeys kart\u0131<br \/>\n\u2022 Uzun i\u015f, modbus, bacnet<br \/>\n\u2022 Sensor ekran qrafik terminal\u0131<br \/>\n\u2022 Standartdan f\u0259rqli enerji t\u0259chizat\u0131<\/p>\n<\/div>\n<\/div>\n<\/div>\n","protected":false},"featured_media":29996,"template":"","meta":[],"product_brand":[],"product_cat":[1259,1262],"product_tag":[],"class_list":{"0":"post-30001","1":"product","2":"type-product","3":"status-publish","4":"has-post-thumbnail","6":"product_cat-hssas-kondisioner-crac-crah","7":"product_cat-hssas-kondisioner-crah-az","9":"first","10":"instock","11":"shipping-taxable","12":"product-type-simple"},"yoast_head":"<!-- This site is optimized with the Yoast SEO plugin v27.1.1 - https:\/\/yoast.com\/product\/yoast-seo-wordpress\/ -->\n<title>Su il\u0259 soyudulmu\u015f yax\u0131n idar\u0259etm\u0259 bloku WUL: Geni\u015fl\u0259ndirilmi\u015f Versiya - GeoClimate.ge<\/title>\n<meta name=\"robots\" content=\"index, follow, max-snippet:-1, max-image-preview:large, max-video-preview:-1\" \/>\n<link rel=\"canonical\" href=\"https:\/\/geoclimate.ge\/az\/product\/water-cooled-close-control-unit-wul-extended-version\/\" \/>\n<meta property=\"og:locale\" content=\"az_AZ\" \/>\n<meta property=\"og:type\" content=\"article\" \/>\n<meta property=\"og:title\" content=\"Su il\u0259 soyudulmu\u015f yax\u0131n idar\u0259etm\u0259 bloku WUL: Geni\u015fl\u0259ndirilmi\u015f Versiya - GeoClimate.ge\" \/>\n<meta property=\"og:description\" content=\"Soyutma g\u00fcc\u00fc 60 KVt-dan 216 kVt-a q\u0259d\u0259r  Yaln\u0131z \u015faquli qura\u015fd\u0131rma v\u0259 soyutma \u00fc\u00e7\u00fcn kondisionerl\u0259ri ba\u011flay\u0131n, istilik elementi, iste\u011fe ba\u011fl\u0131 n\u0259ml\u0259ndirici v\u0259 d\u0259qiq temperatur v\u0259 r\u00fctub\u0259t\u0259 n\u0259zar\u0259t \u00fc\u00e7\u00fcn n\u0259ml\u0259ndirici vasit\u0259sil\u0259 iste\u011fe ba\u011fl\u0131 q\u0131zd\u0131r\u0131n. X\u00fcsusil\u0259 serverl\u0259rd\u0259 v\u0259 \u0130T otaqlar\u0131nda v\u0259 \u00fcmumiyy\u0259tl\u0259 b\u00fct\u00fcn texnoloji t\u0259tbiql\u0259rd\u0259 d\u0259qiq kondisioner \u00fc\u00e7\u00fcn uy\u011fundur. B\u00f6lm\u0259l\u0259r iki moduldan ibar\u0259tdir: birincisi ad\u0259t\u0259n d\u00f6\u015f\u0259m\u0259nin \u00fcst\u00fcnd\u0259 yerl\u0259\u015f\u0259n istilik d\u0259yi\u015fdiricisini, ikincisi is\u0259 EC inverter fanatlar\u0131n\u0131n qura\u015fd\u0131r\u0131ld\u0131\u011f\u0131 yerdir. A\u015fa\u011f\u0131 ax\u0131n hava t\u0259chizat\u0131. Bu qur\u011fular modulyasiya ed\u0259n 2 yollu klapan v\u0259 servomotorla t\u0259chiz edilmi\u015fdir. Cihaz xarici soyuducuya qo\u015fulmal\u0131d\u0131r.  AKSESUARLAR  \u2022 Uzaqdan istifad\u0259\u00e7i terminal\u0131 \u2022 Elektrikli isitm\u0259 bobini \u2022 N\u0259ml\u0259ndirici \u2022 Rezin montajlarla vibrasiya izolyasiya \u00e7\u0259r\u00e7iv\u0259si \u2022 \u0130nterfeys elektron l\u00f6vh\u0259si \u2022 Hava paylay\u0131c\u0131 plenum \u2022 Kondensasiya nasosunun ax\u0131d\u0131lmas\u0131 \u2022 TCP\/IP Protokolu \u00fc\u00e7\u00fcn interfeys kart\u0131 \u2022 Uzun i\u015f, modbus, bacnet \u2022 Sensor ekran qrafik terminal\u0131 \u2022 Standartdan f\u0259rqli enerji t\u0259chizat\u0131\" \/>\n<meta property=\"og:url\" content=\"https:\/\/geoclimate.ge\/az\/product\/water-cooled-close-control-unit-wul-extended-version\/\" \/>\n<meta property=\"og:site_name\" content=\"GeoClimate.ge\" \/>\n<meta property=\"article:modified_time\" content=\"2025-04-20T16:51:36+00:00\" \/>\n<meta property=\"og:image\" content=\"https:\/\/geoclimate.ge\/wp-content\/uploads\/2025\/04\/WUL-1-qjepilo7dgse77kc5h2fusxknaeobh9rnkb3d8b6mw.png\" \/>\n\t<meta property=\"og:image:width\" content=\"700\" \/>\n\t<meta property=\"og:image:height\" content=\"700\" \/>\n\t<meta property=\"og:image:type\" content=\"image\/png\" \/>\n<meta name=\"twitter:card\" content=\"summary_large_image\" \/>\n<script type=\"application\/ld+json\" class=\"yoast-schema-graph\">{\"@context\":\"https:\/\/schema.org\",\"@graph\":[{\"@type\":\"WebPage\",\"@id\":\"https:\/\/geoclimate.ge\/az\/product\/water-cooled-close-control-unit-wul-extended-version\/\",\"url\":\"https:\/\/geoclimate.ge\/az\/product\/water-cooled-close-control-unit-wul-extended-version\/\",\"name\":\"Su il\u0259 soyudulmu\u015f yax\u0131n idar\u0259etm\u0259 bloku WUL: Geni\u015fl\u0259ndirilmi\u015f Versiya - GeoClimate.ge\",\"isPartOf\":{\"@id\":\"https:\/\/geoclimate.ge\/#website\"},\"primaryImageOfPage\":{\"@id\":\"https:\/\/geoclimate.ge\/az\/product\/water-cooled-close-control-unit-wul-extended-version\/#primaryimage\"},\"image\":{\"@id\":\"https:\/\/geoclimate.ge\/az\/product\/water-cooled-close-control-unit-wul-extended-version\/#primaryimage\"},\"thumbnailUrl\":\"https:\/\/geoclimate.ge\/wp-content\/uploads\/2025\/04\/WUL-1-qjepilo7dgse77kc5h2fusxknaeobh9rnkb3d8b6mw.png\",\"datePublished\":\"2025-04-20T09:57:46+00:00\",\"dateModified\":\"2025-04-20T16:51:36+00:00\",\"breadcrumb\":{\"@id\":\"https:\/\/geoclimate.ge\/az\/product\/water-cooled-close-control-unit-wul-extended-version\/#breadcrumb\"},\"inLanguage\":\"az\",\"potentialAction\":[{\"@type\":\"ReadAction\",\"target\":[\"https:\/\/geoclimate.ge\/az\/product\/water-cooled-close-control-unit-wul-extended-version\/\"]}]},{\"@type\":\"ImageObject\",\"inLanguage\":\"az\",\"@id\":\"https:\/\/geoclimate.ge\/az\/product\/water-cooled-close-control-unit-wul-extended-version\/#primaryimage\",\"url\":\"https:\/\/geoclimate.ge\/wp-content\/uploads\/2025\/04\/WUL-1-qjepilo7dgse77kc5h2fusxknaeobh9rnkb3d8b6mw.png\",\"contentUrl\":\"https:\/\/geoclimate.ge\/wp-content\/uploads\/2025\/04\/WUL-1-qjepilo7dgse77kc5h2fusxknaeobh9rnkb3d8b6mw.png\",\"width\":700,\"height\":700},{\"@type\":\"BreadcrumbList\",\"@id\":\"https:\/\/geoclimate.ge\/az\/product\/water-cooled-close-control-unit-wul-extended-version\/#breadcrumb\",\"itemListElement\":[{\"@type\":\"ListItem\",\"position\":1,\"name\":\"Home\",\"item\":\"https:\/\/geoclimate.ge\/az\/\"},{\"@type\":\"ListItem\",\"position\":2,\"name\":\"M\u0259hsullar\",\"item\":\"https:\/\/geoclimate.ge\/az\/products\/\"},{\"@type\":\"ListItem\",\"position\":3,\"name\":\"Su il\u0259 soyudulmu\u015f yax\u0131n idar\u0259etm\u0259 bloku WUL: Geni\u015fl\u0259ndirilmi\u015f Versiya\"}]},{\"@type\":\"WebSite\",\"@id\":\"https:\/\/geoclimate.ge\/#website\",\"url\":\"https:\/\/geoclimate.ge\/\",\"name\":\"GeoClimate\",\"description\":\"\",\"publisher\":{\"@id\":\"https:\/\/geoclimate.ge\/#organization\"},\"potentialAction\":[{\"@type\":\"SearchAction\",\"target\":{\"@type\":\"EntryPoint\",\"urlTemplate\":\"https:\/\/geoclimate.ge\/?s={search_term_string}\"},\"query-input\":{\"@type\":\"PropertyValueSpecification\",\"valueRequired\":true,\"valueName\":\"search_term_string\"}}],\"inLanguage\":\"az\"},{\"@type\":\"Organization\",\"@id\":\"https:\/\/geoclimate.ge\/#organization\",\"name\":\"GeoClimate\",\"url\":\"https:\/\/geoclimate.ge\/\",\"logo\":{\"@type\":\"ImageObject\",\"inLanguage\":\"az\",\"@id\":\"https:\/\/geoclimate.ge\/#\/schema\/logo\/image\/\",\"url\":\"https:\/\/geoclimate.ge\/wp-content\/uploads\/2026\/03\/geoclimate-SEO.png\",\"contentUrl\":\"https:\/\/geoclimate.ge\/wp-content\/uploads\/2026\/03\/geoclimate-SEO.png\",\"width\":1536,\"height\":1024,\"caption\":\"GeoClimate\"},\"image\":{\"@id\":\"https:\/\/geoclimate.ge\/#\/schema\/logo\/image\/\"}}]}<\/script>\n<!-- \/ Yoast SEO plugin. -->","yoast_head_json":{"title":"Su il\u0259 soyudulmu\u015f yax\u0131n idar\u0259etm\u0259 bloku WUL: Geni\u015fl\u0259ndirilmi\u015f Versiya - GeoClimate.ge","robots":{"index":"index","follow":"follow","max-snippet":"max-snippet:-1","max-image-preview":"max-image-preview:large","max-video-preview":"max-video-preview:-1"},"canonical":"https:\/\/geoclimate.ge\/az\/product\/water-cooled-close-control-unit-wul-extended-version\/","og_locale":"az_AZ","og_type":"article","og_title":"Su il\u0259 soyudulmu\u015f yax\u0131n idar\u0259etm\u0259 bloku WUL: Geni\u015fl\u0259ndirilmi\u015f Versiya - GeoClimate.ge","og_description":"Soyutma g\u00fcc\u00fc 60 KVt-dan 216 kVt-a q\u0259d\u0259r  Yaln\u0131z \u015faquli qura\u015fd\u0131rma v\u0259 soyutma \u00fc\u00e7\u00fcn kondisionerl\u0259ri ba\u011flay\u0131n, istilik elementi, iste\u011fe ba\u011fl\u0131 n\u0259ml\u0259ndirici v\u0259 d\u0259qiq temperatur v\u0259 r\u00fctub\u0259t\u0259 n\u0259zar\u0259t \u00fc\u00e7\u00fcn n\u0259ml\u0259ndirici vasit\u0259sil\u0259 iste\u011fe ba\u011fl\u0131 q\u0131zd\u0131r\u0131n. X\u00fcsusil\u0259 serverl\u0259rd\u0259 v\u0259 \u0130T otaqlar\u0131nda v\u0259 \u00fcmumiyy\u0259tl\u0259 b\u00fct\u00fcn texnoloji t\u0259tbiql\u0259rd\u0259 d\u0259qiq kondisioner \u00fc\u00e7\u00fcn uy\u011fundur. B\u00f6lm\u0259l\u0259r iki moduldan ibar\u0259tdir: birincisi ad\u0259t\u0259n d\u00f6\u015f\u0259m\u0259nin \u00fcst\u00fcnd\u0259 yerl\u0259\u015f\u0259n istilik d\u0259yi\u015fdiricisini, ikincisi is\u0259 EC inverter fanatlar\u0131n\u0131n qura\u015fd\u0131r\u0131ld\u0131\u011f\u0131 yerdir. A\u015fa\u011f\u0131 ax\u0131n hava t\u0259chizat\u0131. Bu qur\u011fular modulyasiya ed\u0259n 2 yollu klapan v\u0259 servomotorla t\u0259chiz edilmi\u015fdir. Cihaz xarici soyuducuya qo\u015fulmal\u0131d\u0131r.  AKSESUARLAR  \u2022 Uzaqdan istifad\u0259\u00e7i terminal\u0131 \u2022 Elektrikli isitm\u0259 bobini \u2022 N\u0259ml\u0259ndirici \u2022 Rezin montajlarla vibrasiya izolyasiya \u00e7\u0259r\u00e7iv\u0259si \u2022 \u0130nterfeys elektron l\u00f6vh\u0259si \u2022 Hava paylay\u0131c\u0131 plenum \u2022 Kondensasiya nasosunun ax\u0131d\u0131lmas\u0131 \u2022 TCP\/IP Protokolu \u00fc\u00e7\u00fcn interfeys kart\u0131 \u2022 Uzun i\u015f, modbus, bacnet \u2022 Sensor ekran qrafik terminal\u0131 \u2022 Standartdan f\u0259rqli enerji t\u0259chizat\u0131","og_url":"https:\/\/geoclimate.ge\/az\/product\/water-cooled-close-control-unit-wul-extended-version\/","og_site_name":"GeoClimate.ge","article_modified_time":"2025-04-20T16:51:36+00:00","og_image":[{"width":700,"height":700,"url":"https:\/\/geoclimate.ge\/wp-content\/uploads\/2025\/04\/WUL-1-qjepilo7dgse77kc5h2fusxknaeobh9rnkb3d8b6mw.png","type":"image\/png"}],"twitter_card":"summary_large_image","schema":{"@context":"https:\/\/schema.org","@graph":[{"@type":"WebPage","@id":"https:\/\/geoclimate.ge\/az\/product\/water-cooled-close-control-unit-wul-extended-version\/","url":"https:\/\/geoclimate.ge\/az\/product\/water-cooled-close-control-unit-wul-extended-version\/","name":"Su il\u0259 soyudulmu\u015f yax\u0131n idar\u0259etm\u0259 bloku WUL: Geni\u015fl\u0259ndirilmi\u015f Versiya - GeoClimate.ge","isPartOf":{"@id":"https:\/\/geoclimate.ge\/#website"},"primaryImageOfPage":{"@id":"https:\/\/geoclimate.ge\/az\/product\/water-cooled-close-control-unit-wul-extended-version\/#primaryimage"},"image":{"@id":"https:\/\/geoclimate.ge\/az\/product\/water-cooled-close-control-unit-wul-extended-version\/#primaryimage"},"thumbnailUrl":"https:\/\/geoclimate.ge\/wp-content\/uploads\/2025\/04\/WUL-1-qjepilo7dgse77kc5h2fusxknaeobh9rnkb3d8b6mw.png","datePublished":"2025-04-20T09:57:46+00:00","dateModified":"2025-04-20T16:51:36+00:00","breadcrumb":{"@id":"https:\/\/geoclimate.ge\/az\/product\/water-cooled-close-control-unit-wul-extended-version\/#breadcrumb"},"inLanguage":"az","potentialAction":[{"@type":"ReadAction","target":["https:\/\/geoclimate.ge\/az\/product\/water-cooled-close-control-unit-wul-extended-version\/"]}]},{"@type":"ImageObject","inLanguage":"az","@id":"https:\/\/geoclimate.ge\/az\/product\/water-cooled-close-control-unit-wul-extended-version\/#primaryimage","url":"https:\/\/geoclimate.ge\/wp-content\/uploads\/2025\/04\/WUL-1-qjepilo7dgse77kc5h2fusxknaeobh9rnkb3d8b6mw.png","contentUrl":"https:\/\/geoclimate.ge\/wp-content\/uploads\/2025\/04\/WUL-1-qjepilo7dgse77kc5h2fusxknaeobh9rnkb3d8b6mw.png","width":700,"height":700},{"@type":"BreadcrumbList","@id":"https:\/\/geoclimate.ge\/az\/product\/water-cooled-close-control-unit-wul-extended-version\/#breadcrumb","itemListElement":[{"@type":"ListItem","position":1,"name":"Home","item":"https:\/\/geoclimate.ge\/az\/"},{"@type":"ListItem","position":2,"name":"M\u0259hsullar","item":"https:\/\/geoclimate.ge\/az\/products\/"},{"@type":"ListItem","position":3,"name":"Su il\u0259 soyudulmu\u015f yax\u0131n idar\u0259etm\u0259 bloku WUL: Geni\u015fl\u0259ndirilmi\u015f Versiya"}]},{"@type":"WebSite","@id":"https:\/\/geoclimate.ge\/#website","url":"https:\/\/geoclimate.ge\/","name":"GeoClimate","description":"","publisher":{"@id":"https:\/\/geoclimate.ge\/#organization"},"potentialAction":[{"@type":"SearchAction","target":{"@type":"EntryPoint","urlTemplate":"https:\/\/geoclimate.ge\/?s={search_term_string}"},"query-input":{"@type":"PropertyValueSpecification","valueRequired":true,"valueName":"search_term_string"}}],"inLanguage":"az"},{"@type":"Organization","@id":"https:\/\/geoclimate.ge\/#organization","name":"GeoClimate","url":"https:\/\/geoclimate.ge\/","logo":{"@type":"ImageObject","inLanguage":"az","@id":"https:\/\/geoclimate.ge\/#\/schema\/logo\/image\/","url":"https:\/\/geoclimate.ge\/wp-content\/uploads\/2026\/03\/geoclimate-SEO.png","contentUrl":"https:\/\/geoclimate.ge\/wp-content\/uploads\/2026\/03\/geoclimate-SEO.png","width":1536,"height":1024,"caption":"GeoClimate"},"image":{"@id":"https:\/\/geoclimate.ge\/#\/schema\/logo\/image\/"}}]}},"_links":{"self":[{"href":"https:\/\/geoclimate.ge\/az\/wp-json\/wp\/v2\/product\/30001","targetHints":{"allow":["GET"]}}],"collection":[{"href":"https:\/\/geoclimate.ge\/az\/wp-json\/wp\/v2\/product"}],"about":[{"href":"https:\/\/geoclimate.ge\/az\/wp-json\/wp\/v2\/types\/product"}],"wp:featuredmedia":[{"embeddable":true,"href":"https:\/\/geoclimate.ge\/az\/wp-json\/wp\/v2\/media\/29996"}],"wp:attachment":[{"href":"https:\/\/geoclimate.ge\/az\/wp-json\/wp\/v2\/media?parent=30001"}],"wp:term":[{"taxonomy":"product_brand","embeddable":true,"href":"https:\/\/geoclimate.ge\/az\/wp-json\/wp\/v2\/product_brand?post=30001"},{"taxonomy":"product_cat","embeddable":true,"href":"https:\/\/geoclimate.ge\/az\/wp-json\/wp\/v2\/product_cat?post=30001"},{"taxonomy":"product_tag","embeddable":true,"href":"https:\/\/geoclimate.ge\/az\/wp-json\/wp\/v2\/product_tag?post=30001"}],"curies":[{"name":"wp","href":"https:\/\/api.w.org\/{rel}","templated":true}]}}