{"id":30014,"date":"2025-04-20T20:32:17","date_gmt":"2025-04-20T16:32:17","guid":{"rendered":"https:\/\/airsystems.ge\/shop\/product\/rce-rce-s-external-condensing-for-precision-air-conditioning-units\/"},"modified":"2025-04-20T20:40:58","modified_gmt":"2025-04-20T16:40:58","slug":"rce-rce-s-external-condensing-for-precision-air-conditioning-units","status":"publish","type":"product","link":"https:\/\/geoclimate.ge\/az\/product\/rce-rce-s-external-condensing-for-precision-air-conditioning-units\/","title":{"rendered":"RCE \/ RCE-S d\u0259qiq kondisionerl\u0259r \u00fc\u00e7\u00fcn a\u00e7\u0131q havada kondensasiya"},"content":{"rendered":"<p>X\u00fcsusiyy\u0259tl\u0259r Bir-birin\u0259 \u00e7ox yax\u0131n olan x\u00fcsusi konfiqurasiyaya malik olan istilik d\u0259yi\u015fdiricisi, daxili yivl\u0259ri olan x\u00fcsusi y\u00fcks\u0259k s\u0259m\u0259r\u0259li borular\u0131n istifad\u0259si say\u0259sind\u0259 istilik m\u00fcbadil\u0259sinin i\u015fini optimalla\u015fd\u0131ran v\u0259 art\u0131ran. Yeni RCE-RCES uzaqdan kondansat\u00f6rl\u0259r \u00fczg\u0259c s\u0259thind\u0259 toz v\u0259 \u00e7irkl\u0259nm\u0259nin \u00e7\u00f6km\u0259sini t\u0259dric\u0259n l\u0259ngid\u0259n, istilik m\u00fcbadil\u0259si s\u0259thini t\u0259miz saxlayan v\u0259 maksimum s\u0259m\u0259r\u0259liliyi saxlayan v\u0259 korroziyaya qar\u015f\u0131 \u0259lav\u0259 m\u00fcqavim\u0259t ver\u0259n x\u00fcsusi Nanocoating m\u00fchafiz\u0259si il\u0259 t\u0259chiz oluna bil\u0259r. B\u00fct\u00fcn modell\u0259r standart, susdurulmu\u015f v\u0259 super s\u0259ssiz versiyalarda m\u00f6vcuddur.<\/p>\n<p>AKSESUARLAR<\/p>\n<p>\u2022 -40\u00b0C-y\u0259 q\u0259d\u0259r i\u015fl\u0259m\u0259<\/p>\n<p>\u2022 Fan s\u00fcr\u0259tinin t\u0259nziml\u0259nm\u0259si<\/p>\n<p>\u2022 Mis\/mis batareya<\/p>\n<p>\u2022 Elektron ke\u00e7idli motorlu eksenel fanatlar (EC)<\/p>\n","protected":false},"excerpt":{"rendered":"<p>d\u0259qiq kondisionerl\u0259r \u00fc\u00e7\u00fcn a\u00e7\u0131q havada kondensasiya qur\u011fular\u0131. Xarici qura\u015fd\u0131rma \u00fc\u00e7\u00fcn eksenel tipli ventilyatorlar\u0131 olan uzaqdan kondensatorlar. Kondensatorlar m\u00fcvafiq ayaqlardan istifad\u0259 etm\u0259kl\u0259 ya \u015faquli v\u0259ziyy\u0259td\u0259 (\u00fcf\u00fcqi hava ax\u0131n\u0131) v\u0259 ya \u00fcf\u00fcqi v\u0259ziyy\u0259td\u0259 (\u015faquli hava ax\u0131n\u0131) qura\u015fd\u0131r\u0131la bil\u0259r. \u00c7ox a\u015fa\u011f\u0131 s\u0259s-k\u00fcyl\u00fc, t\u0259nziml\u0259n\u0259n s\u00fcr\u0259t ventilyatorlar\u0131 akustik emissiyalar\u0131n m\u0259rk\u0259zi rol oynad\u0131\u011f\u0131 layih\u0259l\u0259r \u00fc\u00e7\u00fcn \u0259lad\u0131r.<\/p>\n","protected":false},"featured_media":30009,"template":"","meta":[],"product_brand":[],"product_cat":[1259,1268,875],"product_tag":[],"class_list":{"0":"post-30014","1":"product","2":"type-product","3":"status-publish","4":"has-post-thumbnail","6":"product_cat-hssas-kondisioner-crac-crah","7":"product_cat-precision-kondisioner-crac-az","8":"product_cat-snaye-az-kondisionerlr","10":"first","11":"instock","12":"shipping-taxable","13":"product-type-simple"},"yoast_head":"<!-- This site is optimized with the Yoast SEO plugin v27.1.1 - https:\/\/yoast.com\/product\/yoast-seo-wordpress\/ -->\n<title>RCE \/ RCE-S d\u0259qiq kondisionerl\u0259r \u00fc\u00e7\u00fcn a\u00e7\u0131q havada kondensasiya - GeoClimate.ge<\/title>\n<meta name=\"robots\" content=\"index, follow, max-snippet:-1, max-image-preview:large, max-video-preview:-1\" \/>\n<link rel=\"canonical\" href=\"https:\/\/geoclimate.ge\/az\/product\/rce-rce-s-external-condensing-for-precision-air-conditioning-units\/\" \/>\n<meta property=\"og:locale\" content=\"az_AZ\" \/>\n<meta property=\"og:type\" content=\"article\" \/>\n<meta property=\"og:title\" content=\"RCE \/ RCE-S d\u0259qiq kondisionerl\u0259r \u00fc\u00e7\u00fcn a\u00e7\u0131q havada kondensasiya - GeoClimate.ge\" \/>\n<meta property=\"og:description\" content=\"d\u0259qiq kondisionerl\u0259r \u00fc\u00e7\u00fcn a\u00e7\u0131q havada kondensasiya qur\u011fular\u0131. Xarici qura\u015fd\u0131rma \u00fc\u00e7\u00fcn eksenel tipli ventilyatorlar\u0131 olan uzaqdan kondensatorlar. Kondensatorlar m\u00fcvafiq ayaqlardan istifad\u0259 etm\u0259kl\u0259 ya \u015faquli v\u0259ziyy\u0259td\u0259 (\u00fcf\u00fcqi hava ax\u0131n\u0131) v\u0259 ya \u00fcf\u00fcqi v\u0259ziyy\u0259td\u0259 (\u015faquli hava ax\u0131n\u0131) qura\u015fd\u0131r\u0131la bil\u0259r. \u00c7ox a\u015fa\u011f\u0131 s\u0259s-k\u00fcyl\u00fc, t\u0259nziml\u0259n\u0259n s\u00fcr\u0259t ventilyatorlar\u0131 akustik emissiyalar\u0131n m\u0259rk\u0259zi rol oynad\u0131\u011f\u0131 layih\u0259l\u0259r \u00fc\u00e7\u00fcn \u0259lad\u0131r.\" \/>\n<meta property=\"og:url\" content=\"https:\/\/geoclimate.ge\/az\/product\/rce-rce-s-external-condensing-for-precision-air-conditioning-units\/\" \/>\n<meta property=\"og:site_name\" content=\"GeoClimate.ge\" \/>\n<meta property=\"article:modified_time\" content=\"2025-04-20T16:40:58+00:00\" \/>\n<meta property=\"og:image\" content=\"https:\/\/geoclimate.ge\/wp-content\/uploads\/2025\/04\/RCE_no-logo-1-scaled-1.jpg\" \/>\n\t<meta property=\"og:image:width\" content=\"2560\" \/>\n\t<meta property=\"og:image:height\" content=\"1129\" \/>\n\t<meta property=\"og:image:type\" content=\"image\/jpeg\" \/>\n<meta name=\"twitter:card\" content=\"summary_large_image\" \/>\n<meta name=\"twitter:label1\" content=\"Est. reading time\" \/>\n\t<meta name=\"twitter:data1\" content=\"1 minute\" \/>\n<script type=\"application\/ld+json\" class=\"yoast-schema-graph\">{\"@context\":\"https:\/\/schema.org\",\"@graph\":[{\"@type\":\"WebPage\",\"@id\":\"https:\/\/geoclimate.ge\/az\/product\/rce-rce-s-external-condensing-for-precision-air-conditioning-units\/\",\"url\":\"https:\/\/geoclimate.ge\/az\/product\/rce-rce-s-external-condensing-for-precision-air-conditioning-units\/\",\"name\":\"RCE \/ RCE-S d\u0259qiq kondisionerl\u0259r \u00fc\u00e7\u00fcn a\u00e7\u0131q havada kondensasiya - GeoClimate.ge\",\"isPartOf\":{\"@id\":\"https:\/\/geoclimate.ge\/#website\"},\"primaryImageOfPage\":{\"@id\":\"https:\/\/geoclimate.ge\/az\/product\/rce-rce-s-external-condensing-for-precision-air-conditioning-units\/#primaryimage\"},\"image\":{\"@id\":\"https:\/\/geoclimate.ge\/az\/product\/rce-rce-s-external-condensing-for-precision-air-conditioning-units\/#primaryimage\"},\"thumbnailUrl\":\"https:\/\/geoclimate.ge\/wp-content\/uploads\/2025\/04\/RCE_no-logo-1-scaled-1.jpg\",\"datePublished\":\"2025-04-20T16:32:17+00:00\",\"dateModified\":\"2025-04-20T16:40:58+00:00\",\"breadcrumb\":{\"@id\":\"https:\/\/geoclimate.ge\/az\/product\/rce-rce-s-external-condensing-for-precision-air-conditioning-units\/#breadcrumb\"},\"inLanguage\":\"az\",\"potentialAction\":[{\"@type\":\"ReadAction\",\"target\":[\"https:\/\/geoclimate.ge\/az\/product\/rce-rce-s-external-condensing-for-precision-air-conditioning-units\/\"]}]},{\"@type\":\"ImageObject\",\"inLanguage\":\"az\",\"@id\":\"https:\/\/geoclimate.ge\/az\/product\/rce-rce-s-external-condensing-for-precision-air-conditioning-units\/#primaryimage\",\"url\":\"https:\/\/geoclimate.ge\/wp-content\/uploads\/2025\/04\/RCE_no-logo-1-scaled-1.jpg\",\"contentUrl\":\"https:\/\/geoclimate.ge\/wp-content\/uploads\/2025\/04\/RCE_no-logo-1-scaled-1.jpg\",\"width\":2560,\"height\":1129},{\"@type\":\"BreadcrumbList\",\"@id\":\"https:\/\/geoclimate.ge\/az\/product\/rce-rce-s-external-condensing-for-precision-air-conditioning-units\/#breadcrumb\",\"itemListElement\":[{\"@type\":\"ListItem\",\"position\":1,\"name\":\"Home\",\"item\":\"https:\/\/geoclimate.ge\/az\/\"},{\"@type\":\"ListItem\",\"position\":2,\"name\":\"M\u0259hsullar\",\"item\":\"https:\/\/geoclimate.ge\/az\/products\/\"},{\"@type\":\"ListItem\",\"position\":3,\"name\":\"RCE \/ RCE-S d\u0259qiq kondisionerl\u0259r \u00fc\u00e7\u00fcn a\u00e7\u0131q havada kondensasiya\"}]},{\"@type\":\"WebSite\",\"@id\":\"https:\/\/geoclimate.ge\/#website\",\"url\":\"https:\/\/geoclimate.ge\/\",\"name\":\"GeoClimate\",\"description\":\"\",\"publisher\":{\"@id\":\"https:\/\/geoclimate.ge\/#organization\"},\"potentialAction\":[{\"@type\":\"SearchAction\",\"target\":{\"@type\":\"EntryPoint\",\"urlTemplate\":\"https:\/\/geoclimate.ge\/?s={search_term_string}\"},\"query-input\":{\"@type\":\"PropertyValueSpecification\",\"valueRequired\":true,\"valueName\":\"search_term_string\"}}],\"inLanguage\":\"az\"},{\"@type\":\"Organization\",\"@id\":\"https:\/\/geoclimate.ge\/#organization\",\"name\":\"GeoClimate\",\"url\":\"https:\/\/geoclimate.ge\/\",\"logo\":{\"@type\":\"ImageObject\",\"inLanguage\":\"az\",\"@id\":\"https:\/\/geoclimate.ge\/#\/schema\/logo\/image\/\",\"url\":\"https:\/\/geoclimate.ge\/wp-content\/uploads\/2026\/03\/geoclimate-SEO.png\",\"contentUrl\":\"https:\/\/geoclimate.ge\/wp-content\/uploads\/2026\/03\/geoclimate-SEO.png\",\"width\":1536,\"height\":1024,\"caption\":\"GeoClimate\"},\"image\":{\"@id\":\"https:\/\/geoclimate.ge\/#\/schema\/logo\/image\/\"}}]}<\/script>\n<!-- \/ Yoast SEO plugin. -->","yoast_head_json":{"title":"RCE \/ RCE-S d\u0259qiq kondisionerl\u0259r \u00fc\u00e7\u00fcn a\u00e7\u0131q havada kondensasiya - GeoClimate.ge","robots":{"index":"index","follow":"follow","max-snippet":"max-snippet:-1","max-image-preview":"max-image-preview:large","max-video-preview":"max-video-preview:-1"},"canonical":"https:\/\/geoclimate.ge\/az\/product\/rce-rce-s-external-condensing-for-precision-air-conditioning-units\/","og_locale":"az_AZ","og_type":"article","og_title":"RCE \/ RCE-S d\u0259qiq kondisionerl\u0259r \u00fc\u00e7\u00fcn a\u00e7\u0131q havada kondensasiya - GeoClimate.ge","og_description":"d\u0259qiq kondisionerl\u0259r \u00fc\u00e7\u00fcn a\u00e7\u0131q havada kondensasiya qur\u011fular\u0131. Xarici qura\u015fd\u0131rma \u00fc\u00e7\u00fcn eksenel tipli ventilyatorlar\u0131 olan uzaqdan kondensatorlar. Kondensatorlar m\u00fcvafiq ayaqlardan istifad\u0259 etm\u0259kl\u0259 ya \u015faquli v\u0259ziyy\u0259td\u0259 (\u00fcf\u00fcqi hava ax\u0131n\u0131) v\u0259 ya \u00fcf\u00fcqi v\u0259ziyy\u0259td\u0259 (\u015faquli hava ax\u0131n\u0131) qura\u015fd\u0131r\u0131la bil\u0259r. \u00c7ox a\u015fa\u011f\u0131 s\u0259s-k\u00fcyl\u00fc, t\u0259nziml\u0259n\u0259n s\u00fcr\u0259t ventilyatorlar\u0131 akustik emissiyalar\u0131n m\u0259rk\u0259zi rol oynad\u0131\u011f\u0131 layih\u0259l\u0259r \u00fc\u00e7\u00fcn \u0259lad\u0131r.","og_url":"https:\/\/geoclimate.ge\/az\/product\/rce-rce-s-external-condensing-for-precision-air-conditioning-units\/","og_site_name":"GeoClimate.ge","article_modified_time":"2025-04-20T16:40:58+00:00","og_image":[{"width":2560,"height":1129,"url":"https:\/\/geoclimate.ge\/wp-content\/uploads\/2025\/04\/RCE_no-logo-1-scaled-1.jpg","type":"image\/jpeg"}],"twitter_card":"summary_large_image","twitter_misc":{"Est. reading time":"1 minute"},"schema":{"@context":"https:\/\/schema.org","@graph":[{"@type":"WebPage","@id":"https:\/\/geoclimate.ge\/az\/product\/rce-rce-s-external-condensing-for-precision-air-conditioning-units\/","url":"https:\/\/geoclimate.ge\/az\/product\/rce-rce-s-external-condensing-for-precision-air-conditioning-units\/","name":"RCE \/ RCE-S d\u0259qiq kondisionerl\u0259r \u00fc\u00e7\u00fcn a\u00e7\u0131q havada kondensasiya - GeoClimate.ge","isPartOf":{"@id":"https:\/\/geoclimate.ge\/#website"},"primaryImageOfPage":{"@id":"https:\/\/geoclimate.ge\/az\/product\/rce-rce-s-external-condensing-for-precision-air-conditioning-units\/#primaryimage"},"image":{"@id":"https:\/\/geoclimate.ge\/az\/product\/rce-rce-s-external-condensing-for-precision-air-conditioning-units\/#primaryimage"},"thumbnailUrl":"https:\/\/geoclimate.ge\/wp-content\/uploads\/2025\/04\/RCE_no-logo-1-scaled-1.jpg","datePublished":"2025-04-20T16:32:17+00:00","dateModified":"2025-04-20T16:40:58+00:00","breadcrumb":{"@id":"https:\/\/geoclimate.ge\/az\/product\/rce-rce-s-external-condensing-for-precision-air-conditioning-units\/#breadcrumb"},"inLanguage":"az","potentialAction":[{"@type":"ReadAction","target":["https:\/\/geoclimate.ge\/az\/product\/rce-rce-s-external-condensing-for-precision-air-conditioning-units\/"]}]},{"@type":"ImageObject","inLanguage":"az","@id":"https:\/\/geoclimate.ge\/az\/product\/rce-rce-s-external-condensing-for-precision-air-conditioning-units\/#primaryimage","url":"https:\/\/geoclimate.ge\/wp-content\/uploads\/2025\/04\/RCE_no-logo-1-scaled-1.jpg","contentUrl":"https:\/\/geoclimate.ge\/wp-content\/uploads\/2025\/04\/RCE_no-logo-1-scaled-1.jpg","width":2560,"height":1129},{"@type":"BreadcrumbList","@id":"https:\/\/geoclimate.ge\/az\/product\/rce-rce-s-external-condensing-for-precision-air-conditioning-units\/#breadcrumb","itemListElement":[{"@type":"ListItem","position":1,"name":"Home","item":"https:\/\/geoclimate.ge\/az\/"},{"@type":"ListItem","position":2,"name":"M\u0259hsullar","item":"https:\/\/geoclimate.ge\/az\/products\/"},{"@type":"ListItem","position":3,"name":"RCE \/ RCE-S d\u0259qiq kondisionerl\u0259r \u00fc\u00e7\u00fcn a\u00e7\u0131q havada kondensasiya"}]},{"@type":"WebSite","@id":"https:\/\/geoclimate.ge\/#website","url":"https:\/\/geoclimate.ge\/","name":"GeoClimate","description":"","publisher":{"@id":"https:\/\/geoclimate.ge\/#organization"},"potentialAction":[{"@type":"SearchAction","target":{"@type":"EntryPoint","urlTemplate":"https:\/\/geoclimate.ge\/?s={search_term_string}"},"query-input":{"@type":"PropertyValueSpecification","valueRequired":true,"valueName":"search_term_string"}}],"inLanguage":"az"},{"@type":"Organization","@id":"https:\/\/geoclimate.ge\/#organization","name":"GeoClimate","url":"https:\/\/geoclimate.ge\/","logo":{"@type":"ImageObject","inLanguage":"az","@id":"https:\/\/geoclimate.ge\/#\/schema\/logo\/image\/","url":"https:\/\/geoclimate.ge\/wp-content\/uploads\/2026\/03\/geoclimate-SEO.png","contentUrl":"https:\/\/geoclimate.ge\/wp-content\/uploads\/2026\/03\/geoclimate-SEO.png","width":1536,"height":1024,"caption":"GeoClimate"},"image":{"@id":"https:\/\/geoclimate.ge\/#\/schema\/logo\/image\/"}}]}},"_links":{"self":[{"href":"https:\/\/geoclimate.ge\/az\/wp-json\/wp\/v2\/product\/30014","targetHints":{"allow":["GET"]}}],"collection":[{"href":"https:\/\/geoclimate.ge\/az\/wp-json\/wp\/v2\/product"}],"about":[{"href":"https:\/\/geoclimate.ge\/az\/wp-json\/wp\/v2\/types\/product"}],"wp:featuredmedia":[{"embeddable":true,"href":"https:\/\/geoclimate.ge\/az\/wp-json\/wp\/v2\/media\/30009"}],"wp:attachment":[{"href":"https:\/\/geoclimate.ge\/az\/wp-json\/wp\/v2\/media?parent=30014"}],"wp:term":[{"taxonomy":"product_brand","embeddable":true,"href":"https:\/\/geoclimate.ge\/az\/wp-json\/wp\/v2\/product_brand?post=30014"},{"taxonomy":"product_cat","embeddable":true,"href":"https:\/\/geoclimate.ge\/az\/wp-json\/wp\/v2\/product_cat?post=30014"},{"taxonomy":"product_tag","embeddable":true,"href":"https:\/\/geoclimate.ge\/az\/wp-json\/wp\/v2\/product_tag?post=30014"}],"curies":[{"name":"wp","href":"https:\/\/api.w.org\/{rel}","templated":true}]}}