{"id":30043,"date":"2025-04-20T21:03:10","date_gmt":"2025-04-20T17:03:10","guid":{"rendered":"https:\/\/airsystems.ge\/shop\/product\/dxi-hf-direct-expansion-close-control-unit-water-cooled-with-additional-freecooling-coil-and-inverter-compressor\/"},"modified":"2025-04-20T21:08:48","modified_gmt":"2025-04-20T17:08:48","slug":"dxi-hf-direct-expansion-close-control-unit-water-cooled-with-additional-freecooling-coil-and-inverter-compressor","status":"publish","type":"product","link":"https:\/\/geoclimate.ge\/az\/product\/dxi-hf-direct-expansion-close-control-unit-water-cooled-with-additional-freecooling-coil-and-inverter-compressor\/","title":{"rendered":"DXi.HF \u018flav\u0259 s\u0259rb\u0259st soyuducu rulon v\u0259 \u00e7evirici kompressor il\u0259 soyudulmu\u015f birba\u015fa geni\u015fl\u0259ndirm\u0259 yax\u0131n idar\u0259etm\u0259 bloku"},"content":{"rendered":"","protected":false},"excerpt":{"rendered":"<p>Yaln\u0131z \u015faquli qur\u011fular v\u0259 soyutma \u00fc\u00e7\u00fcn n\u0259zar\u0259t kondisionerl\u0259rini ba\u011flay\u0131n, istilik elementi, iste\u011fe ba\u011fl\u0131 n\u0259ml\u0259ndirici v\u0259 d\u0259qiq temperatur v\u0259 r\u00fctub\u0259t\u0259 n\u0259zar\u0259t \u00fc\u00e7\u00fcn n\u0259ml\u0259ndirici vasit\u0259sil\u0259 iste\u011fe ba\u011fl\u0131 q\u0131zd\u0131r\u0131n. X\u00fcsusil\u0259 serverl\u0259rd\u0259 v\u0259 \u0130T otaqlar\u0131nda v\u0259 \u00fcmumilikd\u0259 b\u00fct\u00fcn texnoloji t\u0259tbiql\u0259rd\u0259 d\u0259qiq kondisioner \u00fc\u00e7\u00fcn uy\u011fundur.<br \/>\n\u0130NVERTER kompressorlu birba\u015fa geni\u015fl\u0259ndirm\u0259 PULSUZ SOYUTMA qur\u011fusu su il\u0259 soyudulur v\u0259 o, uzaq quru soyuducuya qo\u015fulmal\u0131d\u0131r. \u0130NVERTER kompressoru effektiv termal y\u00fck\u0259 g\u00f6r\u0259 soyutma tutumunun modulyasiyas\u0131na imkan verir. Bu h\u0259ll y\u00fcks\u0259k qism\u0259n y\u00fckl\u0259ri olan t\u0259tbiql\u0259r \u00fc\u00e7\u00fcn uy\u011fundur v\u0259 ba\u015flan\u011f\u0131c c\u0259r\u0259yan\u0131n\u0131 azaltmaqla enerji giri\u015fini optimalla\u015fd\u0131r\u0131r. Qur\u011fu h\u0259m\u00e7inin elektron geni\u015fl\u0259ndirici klapan, EC \u0130NVERTER fanatlar\u0131, kondensator v\u0259 \u0259lav\u0259 S\u0259rb\u0259st soyuducu rulonla t\u0259chiz edilmi\u015fdir.<\/p>\n","protected":false},"featured_media":30038,"template":"","meta":[],"product_brand":[],"product_cat":[1259,1262,875],"product_tag":[],"class_list":{"0":"post-30043","1":"product","2":"type-product","3":"status-publish","4":"has-post-thumbnail","6":"product_cat-hssas-kondisioner-crac-crah","7":"product_cat-hssas-kondisioner-crah-az","8":"product_cat-snaye-az-kondisionerlr","10":"first","11":"instock","12":"shipping-taxable","13":"product-type-simple"},"yoast_head":"<!-- This site is optimized with the Yoast SEO plugin v27.1.1 - https:\/\/yoast.com\/product\/yoast-seo-wordpress\/ -->\n<title>DXi.HF \u018flav\u0259 s\u0259rb\u0259st soyuducu rulon v\u0259 \u00e7evirici kompressor il\u0259 soyudulmu\u015f birba\u015fa geni\u015fl\u0259ndirm\u0259 yax\u0131n idar\u0259etm\u0259 bloku - GeoClimate.ge<\/title>\n<meta name=\"robots\" content=\"index, follow, max-snippet:-1, max-image-preview:large, max-video-preview:-1\" \/>\n<link rel=\"canonical\" href=\"https:\/\/geoclimate.ge\/az\/product\/dxi-hf-direct-expansion-close-control-unit-water-cooled-with-additional-freecooling-coil-and-inverter-compressor\/\" \/>\n<meta property=\"og:locale\" content=\"az_AZ\" \/>\n<meta property=\"og:type\" content=\"article\" \/>\n<meta property=\"og:title\" content=\"DXi.HF \u018flav\u0259 s\u0259rb\u0259st soyuducu rulon v\u0259 \u00e7evirici kompressor il\u0259 soyudulmu\u015f birba\u015fa geni\u015fl\u0259ndirm\u0259 yax\u0131n idar\u0259etm\u0259 bloku - GeoClimate.ge\" \/>\n<meta property=\"og:description\" content=\"Yaln\u0131z \u015faquli qur\u011fular v\u0259 soyutma \u00fc\u00e7\u00fcn n\u0259zar\u0259t kondisionerl\u0259rini ba\u011flay\u0131n, istilik elementi, iste\u011fe ba\u011fl\u0131 n\u0259ml\u0259ndirici v\u0259 d\u0259qiq temperatur v\u0259 r\u00fctub\u0259t\u0259 n\u0259zar\u0259t \u00fc\u00e7\u00fcn n\u0259ml\u0259ndirici vasit\u0259sil\u0259 iste\u011fe ba\u011fl\u0131 q\u0131zd\u0131r\u0131n. X\u00fcsusil\u0259 serverl\u0259rd\u0259 v\u0259 \u0130T otaqlar\u0131nda v\u0259 \u00fcmumilikd\u0259 b\u00fct\u00fcn texnoloji t\u0259tbiql\u0259rd\u0259 d\u0259qiq kondisioner \u00fc\u00e7\u00fcn uy\u011fundur. \u0130NVERTER kompressorlu birba\u015fa geni\u015fl\u0259ndirm\u0259 PULSUZ SOYUTMA qur\u011fusu su il\u0259 soyudulur v\u0259 o, uzaq quru soyuducuya qo\u015fulmal\u0131d\u0131r. \u0130NVERTER kompressoru effektiv termal y\u00fck\u0259 g\u00f6r\u0259 soyutma tutumunun modulyasiyas\u0131na imkan verir. Bu h\u0259ll y\u00fcks\u0259k qism\u0259n y\u00fckl\u0259ri olan t\u0259tbiql\u0259r \u00fc\u00e7\u00fcn uy\u011fundur v\u0259 ba\u015flan\u011f\u0131c c\u0259r\u0259yan\u0131n\u0131 azaltmaqla enerji giri\u015fini optimalla\u015fd\u0131r\u0131r. Qur\u011fu h\u0259m\u00e7inin elektron geni\u015fl\u0259ndirici klapan, EC \u0130NVERTER fanatlar\u0131, kondensator v\u0259 \u0259lav\u0259 S\u0259rb\u0259st soyuducu rulonla t\u0259chiz edilmi\u015fdir.\" \/>\n<meta property=\"og:url\" content=\"https:\/\/geoclimate.ge\/az\/product\/dxi-hf-direct-expansion-close-control-unit-water-cooled-with-additional-freecooling-coil-and-inverter-compressor\/\" \/>\n<meta property=\"og:site_name\" content=\"GeoClimate.ge\" \/>\n<meta property=\"article:modified_time\" content=\"2025-04-20T17:08:48+00:00\" \/>\n<meta property=\"og:image\" content=\"https:\/\/geoclimate.ge\/wp-content\/uploads\/2025\/04\/DXA-qh4ucv134jnc80daakorl9l7qlykalm6l6bnv22dq8-1.png\" \/>\n\t<meta property=\"og:image:width\" content=\"345\" \/>\n\t<meta property=\"og:image:height\" content=\"540\" \/>\n\t<meta property=\"og:image:type\" content=\"image\/png\" \/>\n<meta name=\"twitter:card\" content=\"summary_large_image\" \/>\n<script type=\"application\/ld+json\" class=\"yoast-schema-graph\">{\"@context\":\"https:\/\/schema.org\",\"@graph\":[{\"@type\":\"WebPage\",\"@id\":\"https:\/\/geoclimate.ge\/az\/product\/dxi-hf-direct-expansion-close-control-unit-water-cooled-with-additional-freecooling-coil-and-inverter-compressor\/\",\"url\":\"https:\/\/geoclimate.ge\/az\/product\/dxi-hf-direct-expansion-close-control-unit-water-cooled-with-additional-freecooling-coil-and-inverter-compressor\/\",\"name\":\"DXi.HF \u018flav\u0259 s\u0259rb\u0259st soyuducu rulon v\u0259 \u00e7evirici kompressor il\u0259 soyudulmu\u015f birba\u015fa geni\u015fl\u0259ndirm\u0259 yax\u0131n idar\u0259etm\u0259 bloku - GeoClimate.ge\",\"isPartOf\":{\"@id\":\"https:\/\/geoclimate.ge\/#website\"},\"primaryImageOfPage\":{\"@id\":\"https:\/\/geoclimate.ge\/az\/product\/dxi-hf-direct-expansion-close-control-unit-water-cooled-with-additional-freecooling-coil-and-inverter-compressor\/#primaryimage\"},\"image\":{\"@id\":\"https:\/\/geoclimate.ge\/az\/product\/dxi-hf-direct-expansion-close-control-unit-water-cooled-with-additional-freecooling-coil-and-inverter-compressor\/#primaryimage\"},\"thumbnailUrl\":\"https:\/\/geoclimate.ge\/wp-content\/uploads\/2025\/04\/DXA-qh4ucv134jnc80daakorl9l7qlykalm6l6bnv22dq8-1.png\",\"datePublished\":\"2025-04-20T17:03:10+00:00\",\"dateModified\":\"2025-04-20T17:08:48+00:00\",\"breadcrumb\":{\"@id\":\"https:\/\/geoclimate.ge\/az\/product\/dxi-hf-direct-expansion-close-control-unit-water-cooled-with-additional-freecooling-coil-and-inverter-compressor\/#breadcrumb\"},\"inLanguage\":\"az\",\"potentialAction\":[{\"@type\":\"ReadAction\",\"target\":[\"https:\/\/geoclimate.ge\/az\/product\/dxi-hf-direct-expansion-close-control-unit-water-cooled-with-additional-freecooling-coil-and-inverter-compressor\/\"]}]},{\"@type\":\"ImageObject\",\"inLanguage\":\"az\",\"@id\":\"https:\/\/geoclimate.ge\/az\/product\/dxi-hf-direct-expansion-close-control-unit-water-cooled-with-additional-freecooling-coil-and-inverter-compressor\/#primaryimage\",\"url\":\"https:\/\/geoclimate.ge\/wp-content\/uploads\/2025\/04\/DXA-qh4ucv134jnc80daakorl9l7qlykalm6l6bnv22dq8-1.png\",\"contentUrl\":\"https:\/\/geoclimate.ge\/wp-content\/uploads\/2025\/04\/DXA-qh4ucv134jnc80daakorl9l7qlykalm6l6bnv22dq8-1.png\",\"width\":345,\"height\":540},{\"@type\":\"BreadcrumbList\",\"@id\":\"https:\/\/geoclimate.ge\/az\/product\/dxi-hf-direct-expansion-close-control-unit-water-cooled-with-additional-freecooling-coil-and-inverter-compressor\/#breadcrumb\",\"itemListElement\":[{\"@type\":\"ListItem\",\"position\":1,\"name\":\"Home\",\"item\":\"https:\/\/geoclimate.ge\/az\/\"},{\"@type\":\"ListItem\",\"position\":2,\"name\":\"M\u0259hsullar\",\"item\":\"https:\/\/geoclimate.ge\/az\/products\/\"},{\"@type\":\"ListItem\",\"position\":3,\"name\":\"DXi.HF \u018flav\u0259 s\u0259rb\u0259st soyuducu rulon v\u0259 \u00e7evirici kompressor il\u0259 soyudulmu\u015f birba\u015fa geni\u015fl\u0259ndirm\u0259 yax\u0131n idar\u0259etm\u0259 bloku\"}]},{\"@type\":\"WebSite\",\"@id\":\"https:\/\/geoclimate.ge\/#website\",\"url\":\"https:\/\/geoclimate.ge\/\",\"name\":\"GeoClimate\",\"description\":\"\",\"publisher\":{\"@id\":\"https:\/\/geoclimate.ge\/#organization\"},\"potentialAction\":[{\"@type\":\"SearchAction\",\"target\":{\"@type\":\"EntryPoint\",\"urlTemplate\":\"https:\/\/geoclimate.ge\/?s={search_term_string}\"},\"query-input\":{\"@type\":\"PropertyValueSpecification\",\"valueRequired\":true,\"valueName\":\"search_term_string\"}}],\"inLanguage\":\"az\"},{\"@type\":\"Organization\",\"@id\":\"https:\/\/geoclimate.ge\/#organization\",\"name\":\"GeoClimate\",\"url\":\"https:\/\/geoclimate.ge\/\",\"logo\":{\"@type\":\"ImageObject\",\"inLanguage\":\"az\",\"@id\":\"https:\/\/geoclimate.ge\/#\/schema\/logo\/image\/\",\"url\":\"https:\/\/geoclimate.ge\/wp-content\/uploads\/2026\/03\/geoclimate-SEO.png\",\"contentUrl\":\"https:\/\/geoclimate.ge\/wp-content\/uploads\/2026\/03\/geoclimate-SEO.png\",\"width\":1536,\"height\":1024,\"caption\":\"GeoClimate\"},\"image\":{\"@id\":\"https:\/\/geoclimate.ge\/#\/schema\/logo\/image\/\"}}]}<\/script>\n<!-- \/ Yoast SEO plugin. -->","yoast_head_json":{"title":"DXi.HF \u018flav\u0259 s\u0259rb\u0259st soyuducu rulon v\u0259 \u00e7evirici kompressor il\u0259 soyudulmu\u015f birba\u015fa geni\u015fl\u0259ndirm\u0259 yax\u0131n idar\u0259etm\u0259 bloku - GeoClimate.ge","robots":{"index":"index","follow":"follow","max-snippet":"max-snippet:-1","max-image-preview":"max-image-preview:large","max-video-preview":"max-video-preview:-1"},"canonical":"https:\/\/geoclimate.ge\/az\/product\/dxi-hf-direct-expansion-close-control-unit-water-cooled-with-additional-freecooling-coil-and-inverter-compressor\/","og_locale":"az_AZ","og_type":"article","og_title":"DXi.HF \u018flav\u0259 s\u0259rb\u0259st soyuducu rulon v\u0259 \u00e7evirici kompressor il\u0259 soyudulmu\u015f birba\u015fa geni\u015fl\u0259ndirm\u0259 yax\u0131n idar\u0259etm\u0259 bloku - GeoClimate.ge","og_description":"Yaln\u0131z \u015faquli qur\u011fular v\u0259 soyutma \u00fc\u00e7\u00fcn n\u0259zar\u0259t kondisionerl\u0259rini ba\u011flay\u0131n, istilik elementi, iste\u011fe ba\u011fl\u0131 n\u0259ml\u0259ndirici v\u0259 d\u0259qiq temperatur v\u0259 r\u00fctub\u0259t\u0259 n\u0259zar\u0259t \u00fc\u00e7\u00fcn n\u0259ml\u0259ndirici vasit\u0259sil\u0259 iste\u011fe ba\u011fl\u0131 q\u0131zd\u0131r\u0131n. X\u00fcsusil\u0259 serverl\u0259rd\u0259 v\u0259 \u0130T otaqlar\u0131nda v\u0259 \u00fcmumilikd\u0259 b\u00fct\u00fcn texnoloji t\u0259tbiql\u0259rd\u0259 d\u0259qiq kondisioner \u00fc\u00e7\u00fcn uy\u011fundur. \u0130NVERTER kompressorlu birba\u015fa geni\u015fl\u0259ndirm\u0259 PULSUZ SOYUTMA qur\u011fusu su il\u0259 soyudulur v\u0259 o, uzaq quru soyuducuya qo\u015fulmal\u0131d\u0131r. \u0130NVERTER kompressoru effektiv termal y\u00fck\u0259 g\u00f6r\u0259 soyutma tutumunun modulyasiyas\u0131na imkan verir. Bu h\u0259ll y\u00fcks\u0259k qism\u0259n y\u00fckl\u0259ri olan t\u0259tbiql\u0259r \u00fc\u00e7\u00fcn uy\u011fundur v\u0259 ba\u015flan\u011f\u0131c c\u0259r\u0259yan\u0131n\u0131 azaltmaqla enerji giri\u015fini optimalla\u015fd\u0131r\u0131r. Qur\u011fu h\u0259m\u00e7inin elektron geni\u015fl\u0259ndirici klapan, EC \u0130NVERTER fanatlar\u0131, kondensator v\u0259 \u0259lav\u0259 S\u0259rb\u0259st soyuducu rulonla t\u0259chiz edilmi\u015fdir.","og_url":"https:\/\/geoclimate.ge\/az\/product\/dxi-hf-direct-expansion-close-control-unit-water-cooled-with-additional-freecooling-coil-and-inverter-compressor\/","og_site_name":"GeoClimate.ge","article_modified_time":"2025-04-20T17:08:48+00:00","og_image":[{"width":345,"height":540,"url":"https:\/\/geoclimate.ge\/wp-content\/uploads\/2025\/04\/DXA-qh4ucv134jnc80daakorl9l7qlykalm6l6bnv22dq8-1.png","type":"image\/png"}],"twitter_card":"summary_large_image","schema":{"@context":"https:\/\/schema.org","@graph":[{"@type":"WebPage","@id":"https:\/\/geoclimate.ge\/az\/product\/dxi-hf-direct-expansion-close-control-unit-water-cooled-with-additional-freecooling-coil-and-inverter-compressor\/","url":"https:\/\/geoclimate.ge\/az\/product\/dxi-hf-direct-expansion-close-control-unit-water-cooled-with-additional-freecooling-coil-and-inverter-compressor\/","name":"DXi.HF \u018flav\u0259 s\u0259rb\u0259st soyuducu rulon v\u0259 \u00e7evirici kompressor il\u0259 soyudulmu\u015f birba\u015fa geni\u015fl\u0259ndirm\u0259 yax\u0131n idar\u0259etm\u0259 bloku - GeoClimate.ge","isPartOf":{"@id":"https:\/\/geoclimate.ge\/#website"},"primaryImageOfPage":{"@id":"https:\/\/geoclimate.ge\/az\/product\/dxi-hf-direct-expansion-close-control-unit-water-cooled-with-additional-freecooling-coil-and-inverter-compressor\/#primaryimage"},"image":{"@id":"https:\/\/geoclimate.ge\/az\/product\/dxi-hf-direct-expansion-close-control-unit-water-cooled-with-additional-freecooling-coil-and-inverter-compressor\/#primaryimage"},"thumbnailUrl":"https:\/\/geoclimate.ge\/wp-content\/uploads\/2025\/04\/DXA-qh4ucv134jnc80daakorl9l7qlykalm6l6bnv22dq8-1.png","datePublished":"2025-04-20T17:03:10+00:00","dateModified":"2025-04-20T17:08:48+00:00","breadcrumb":{"@id":"https:\/\/geoclimate.ge\/az\/product\/dxi-hf-direct-expansion-close-control-unit-water-cooled-with-additional-freecooling-coil-and-inverter-compressor\/#breadcrumb"},"inLanguage":"az","potentialAction":[{"@type":"ReadAction","target":["https:\/\/geoclimate.ge\/az\/product\/dxi-hf-direct-expansion-close-control-unit-water-cooled-with-additional-freecooling-coil-and-inverter-compressor\/"]}]},{"@type":"ImageObject","inLanguage":"az","@id":"https:\/\/geoclimate.ge\/az\/product\/dxi-hf-direct-expansion-close-control-unit-water-cooled-with-additional-freecooling-coil-and-inverter-compressor\/#primaryimage","url":"https:\/\/geoclimate.ge\/wp-content\/uploads\/2025\/04\/DXA-qh4ucv134jnc80daakorl9l7qlykalm6l6bnv22dq8-1.png","contentUrl":"https:\/\/geoclimate.ge\/wp-content\/uploads\/2025\/04\/DXA-qh4ucv134jnc80daakorl9l7qlykalm6l6bnv22dq8-1.png","width":345,"height":540},{"@type":"BreadcrumbList","@id":"https:\/\/geoclimate.ge\/az\/product\/dxi-hf-direct-expansion-close-control-unit-water-cooled-with-additional-freecooling-coil-and-inverter-compressor\/#breadcrumb","itemListElement":[{"@type":"ListItem","position":1,"name":"Home","item":"https:\/\/geoclimate.ge\/az\/"},{"@type":"ListItem","position":2,"name":"M\u0259hsullar","item":"https:\/\/geoclimate.ge\/az\/products\/"},{"@type":"ListItem","position":3,"name":"DXi.HF \u018flav\u0259 s\u0259rb\u0259st soyuducu rulon v\u0259 \u00e7evirici kompressor il\u0259 soyudulmu\u015f birba\u015fa geni\u015fl\u0259ndirm\u0259 yax\u0131n idar\u0259etm\u0259 bloku"}]},{"@type":"WebSite","@id":"https:\/\/geoclimate.ge\/#website","url":"https:\/\/geoclimate.ge\/","name":"GeoClimate","description":"","publisher":{"@id":"https:\/\/geoclimate.ge\/#organization"},"potentialAction":[{"@type":"SearchAction","target":{"@type":"EntryPoint","urlTemplate":"https:\/\/geoclimate.ge\/?s={search_term_string}"},"query-input":{"@type":"PropertyValueSpecification","valueRequired":true,"valueName":"search_term_string"}}],"inLanguage":"az"},{"@type":"Organization","@id":"https:\/\/geoclimate.ge\/#organization","name":"GeoClimate","url":"https:\/\/geoclimate.ge\/","logo":{"@type":"ImageObject","inLanguage":"az","@id":"https:\/\/geoclimate.ge\/#\/schema\/logo\/image\/","url":"https:\/\/geoclimate.ge\/wp-content\/uploads\/2026\/03\/geoclimate-SEO.png","contentUrl":"https:\/\/geoclimate.ge\/wp-content\/uploads\/2026\/03\/geoclimate-SEO.png","width":1536,"height":1024,"caption":"GeoClimate"},"image":{"@id":"https:\/\/geoclimate.ge\/#\/schema\/logo\/image\/"}}]}},"_links":{"self":[{"href":"https:\/\/geoclimate.ge\/az\/wp-json\/wp\/v2\/product\/30043","targetHints":{"allow":["GET"]}}],"collection":[{"href":"https:\/\/geoclimate.ge\/az\/wp-json\/wp\/v2\/product"}],"about":[{"href":"https:\/\/geoclimate.ge\/az\/wp-json\/wp\/v2\/types\/product"}],"wp:featuredmedia":[{"embeddable":true,"href":"https:\/\/geoclimate.ge\/az\/wp-json\/wp\/v2\/media\/30038"}],"wp:attachment":[{"href":"https:\/\/geoclimate.ge\/az\/wp-json\/wp\/v2\/media?parent=30043"}],"wp:term":[{"taxonomy":"product_brand","embeddable":true,"href":"https:\/\/geoclimate.ge\/az\/wp-json\/wp\/v2\/product_brand?post=30043"},{"taxonomy":"product_cat","embeddable":true,"href":"https:\/\/geoclimate.ge\/az\/wp-json\/wp\/v2\/product_cat?post=30043"},{"taxonomy":"product_tag","embeddable":true,"href":"https:\/\/geoclimate.ge\/az\/wp-json\/wp\/v2\/product_tag?post=30043"}],"curies":[{"name":"wp","href":"https:\/\/api.w.org\/{rel}","templated":true}]}}