{"id":30143,"date":"2025-04-21T00:03:30","date_gmt":"2025-04-20T20:03:30","guid":{"rendered":"https:\/\/airsystems.ge\/shop\/product\/ae-sr_dp-split-system-air-conditioner-for-telecommunications-ceiling-mounting-horizontal-flow-without-free-cooling-20c-45c\/"},"modified":"2025-04-21T00:13:38","modified_gmt":"2025-04-20T20:13:38","slug":"ae-sr_dp-split-system-air-conditioner-for-telecommunications-ceiling-mounting-horizontal-flow-without-free-cooling-20c-45c","status":"publish","type":"product","link":"https:\/\/geoclimate.ge\/az\/product\/ae-sr_dp-split-system-air-conditioner-for-telecommunications-ceiling-mounting-horizontal-flow-without-free-cooling-20c-45c\/","title":{"rendered":"AE SR_DP Telekommunikasiya \u00fc\u00e7\u00fcn split sistemli kondisioner Tavan montaj\u0131 &#8211; \u00fcf\u00fcqi ax\u0131n &#8211; pulsuz soyutma olmadan -20\u00b0C +45\u00b0C"},"content":{"rendered":"<div class=\"elementor-element elementor-element-391e72ec elementor-widget elementor-widget-theme-post-content\" data-id=\"391e72ec\" data-element_type=\"widget\" data-widget_type=\"theme-post-content.default\">\n<div class=\"elementor-widget-container\">\n<p><strong>Texniki x\u00fcsusiyy\u0259tl\u0259r:<\/strong><br \/>\n\u2022 \u018fsas \u00e7\u0259r\u00e7iv\u0259 poladdan v\u0259 al\u00fcminium panell\u0259rd\u0259n ibar\u0259t xarici blok<br \/>\n\u2022 Mainframe il\u0259 daxili blok v\u0259 al\u00fcminium panell\u0259r<br \/>\n\u2022 Y\u00fcks\u0259k korroziyaya davaml\u0131d\u0131r<br \/>\n\u2022 Enerji t\u0259chizat\u0131 olmad\u0131qda avtomatik yenid\u0259n i\u015f\u0259 sal\u0131n<br \/>\n\u2022 EC buxarlanma b\u00f6lm\u0259sinin ventilyatorlar\u0131<br \/>\n\u2022 Kondensasiya b\u00f6lm\u0259sinin ventilyatorlar\u0131 kondensasiya t\u0259zyiqin\u0259 uy\u011fun olaraq d\u0259yi\u015f\u0259n s\u00fcr\u0259t\u0259 malikdir<br \/>\n\u2022 Elektron termostatik klapan<br \/>\n\u2022 48Vdc hava emal\u0131 b\u00f6lm\u0259si<\/p>\n<p><strong>Aksesuarlar:<\/strong><br \/>\n\u2022 Divar\/d\u00f6\u015f\u0259m\u0259 b\u0259rkitm\u0259 d\u0259sti UE (vibrasiya damperl\u0259ri il\u0259)<br \/>\n\u2022 \u0130stilik m\u00fcqavim\u0259ti<br \/>\n\u2022 RS232\/485 interfeys l\u00f6vh\u0259si<br \/>\n\u2022 Ethernet interfeys l\u00f6vh\u0259si<br \/>\n\u2022 SNMP v\u0259 Veb interfeys l\u00f6vh\u0259si<br \/>\n\u2022 R\u00fctub\u0259t\u0259 n\u0259zar\u0259t (n\u0259ml\u0259nm\u0259 h\u0259ddi 40%RH@30\u00b0C)<\/p>\n<\/div>\n<\/div>\n<div class=\"elementor-element elementor-element-427e8a79 e-flex e-con-boxed e-con e-child\" data-id=\"427e8a79\" data-element_type=\"container\">\n<div class=\"e-con-inner\">\n<div class=\"elementor-element elementor-element-6e19ed90 hidebutton mc-bl elementor-align-left elementor-widget elementor-widget-button\" data-id=\"6e19ed90\" data-element_type=\"widget\" data-widget_type=\"button.default\">\n<div class=\"elementor-widget-container\">\n<div class=\"elementor-button-wrapper\"><a class=\"elementor-button elementor-button-link elementor-size-sm\" href=\"https:\/\/www.enextechnologies.com\/wp-content\/uploads\/2024\/08\/B_AE__SR_DP-ENG-A4-Rev.4.pdf\" target=\"_blank\" rel=\"noopener\"><span class=\"elementor-button-content-wrapper\"><span class=\"elementor-button-text\">BROCHURE AE_SR_DP<\/span><\/span><\/a><\/div>\n<\/div>\n<\/div>\n<div class=\"elementor-element elementor-element-13f5f820 hidebutton mc-bl elementor-align-left elementor-widget elementor-widget-button\" data-id=\"13f5f820\" data-element_type=\"widget\" data-widget_type=\"button.default\">\n<div class=\"elementor-widget-container\">\n<div class=\"elementor-button-wrapper\"><a class=\"elementor-button elementor-button-link elementor-size-sm\" href=\"https:\/\/www.enextechnologies.com\/wp-content\/uploads\/2024\/08\/B_AE__SR_DP_inverter-ENG-.pdf\" target=\"_blank\" rel=\"noopener\"><span class=\"elementor-button-content-wrapper\"><span class=\"elementor-button-text\">BROCHURE AE_SR_DP INVERTER<\/span><\/span><\/a><\/div>\n<\/div>\n<\/div>\n<\/div>\n<\/div>\n","protected":false},"excerpt":{"rendered":"<p>2,0 kVt-dan 10,2 kVt-a q\u0259d\u0259r<\/p>\n<p>Split kondisionerl\u0259r hava il\u0259 soyudulmu\u015f tip, otaq daxilind\u0259 qura\u015fd\u0131rma \u00fc\u00e7\u00fcn ideallar, radio baza stansiyas\u0131 v\u0259 m\u0259lumatlar\u0131n emal\u0131 m\u0259rk\u0259zi \u00fc\u00e7\u00fcn s\u0131\u011f\u0131nacaq.<br \/>\nTemperaturun t\u0259nziml\u0259nm\u0259sin\u0259 \u0130nverter texnologiyas\u0131 vasit\u0259sil\u0259 kondisionerin soyutma qabiliyy\u0259tinin d\u0259yi\u015fm\u0259si (kompressorun f\u0131rlanma s\u00fcr\u0259tinin d\u0259yi\u015fm\u0259si) vasit\u0259sil\u0259 nail olmaq olar.<br \/>\nDaxili b\u00f6lm\u0259nin hava ax\u0131n\u0131 \u015faquli (yer d\u0259yi\u015fdirm\u0259) v\u0259 ya \u00fcf\u00fcqi (\u015f\u0259rti) \u015f\u0259kild\u0259 \u00e7atd\u0131r\u0131la bil\u0259r.<br \/>\nP Series kondisionerl\u0259ri daxili n\u0259zar\u0259t\u00e7i v\u0259 temperatur v\u0259 t\u0259zyiq zondlar\u0131 il\u0259 t\u0259chiz olunub ki, bunlar m\u00fcst\u0259qil v\u0259 ya \u0259laq\u0259l\u0259ndirilmi\u015f \u201csoyutma sistemi\u201d \u0259ld\u0259 etm\u0259y\u0259 imkan verir, b\u00fct\u00fcn idar\u0259etm\u0259 v\u0259 kondisioner funksiyalar\u0131n\u0131n tam ixtisar\u0131n\u0131 t\u0259min edir.<br \/>\nP Series \u0259mrl\u0259ri v\u0259 idar\u0259etm\u0259l\u0259ri idar\u0259 etm\u0259k \u00fc\u00e7\u00fcn uzaq interfeys istifad\u0259\u00e7i paneli il\u0259 t\u0259chiz edilmi\u015fdir.<\/p>\n","protected":false},"featured_media":30138,"template":"","meta":[],"product_brand":[],"product_cat":[1288],"product_tag":[],"class_list":{"0":"post-30143","1":"product","2":"type-product","3":"status-publish","4":"has-post-thumbnail","6":"product_cat-pulsuz-soyutma-olmadan-telekommunikasiya-ucun-split-sistemli-kondisioner","8":"first","9":"instock","10":"shipping-taxable","11":"product-type-simple"},"yoast_head":"<!-- This site is optimized with the Yoast SEO plugin v27.1.1 - https:\/\/yoast.com\/product\/yoast-seo-wordpress\/ -->\n<title>AE SR_DP Telekommunikasiya \u00fc\u00e7\u00fcn split sistemli kondisioner Tavan montaj\u0131 - \u00fcf\u00fcqi ax\u0131n - pulsuz soyutma olmadan -20\u00b0C +45\u00b0C - GeoClimate.ge<\/title>\n<meta name=\"robots\" content=\"index, follow, max-snippet:-1, max-image-preview:large, max-video-preview:-1\" \/>\n<link rel=\"canonical\" href=\"https:\/\/geoclimate.ge\/az\/product\/ae-sr_dp-split-system-air-conditioner-for-telecommunications-ceiling-mounting-horizontal-flow-without-free-cooling-20c-45c\/\" \/>\n<meta property=\"og:locale\" content=\"az_AZ\" \/>\n<meta property=\"og:type\" content=\"article\" \/>\n<meta property=\"og:title\" content=\"AE SR_DP Telekommunikasiya \u00fc\u00e7\u00fcn split sistemli kondisioner Tavan montaj\u0131 - \u00fcf\u00fcqi ax\u0131n - pulsuz soyutma olmadan -20\u00b0C +45\u00b0C - GeoClimate.ge\" \/>\n<meta property=\"og:description\" content=\"2,0 kVt-dan 10,2 kVt-a q\u0259d\u0259r  Split kondisionerl\u0259r hava il\u0259 soyudulmu\u015f tip, otaq daxilind\u0259 qura\u015fd\u0131rma \u00fc\u00e7\u00fcn ideallar, radio baza stansiyas\u0131 v\u0259 m\u0259lumatlar\u0131n emal\u0131 m\u0259rk\u0259zi \u00fc\u00e7\u00fcn s\u0131\u011f\u0131nacaq. Temperaturun t\u0259nziml\u0259nm\u0259sin\u0259 \u0130nverter texnologiyas\u0131 vasit\u0259sil\u0259 kondisionerin soyutma qabiliyy\u0259tinin d\u0259yi\u015fm\u0259si (kompressorun f\u0131rlanma s\u00fcr\u0259tinin d\u0259yi\u015fm\u0259si) vasit\u0259sil\u0259 nail olmaq olar. Daxili b\u00f6lm\u0259nin hava ax\u0131n\u0131 \u015faquli (yer d\u0259yi\u015fdirm\u0259) v\u0259 ya \u00fcf\u00fcqi (\u015f\u0259rti) \u015f\u0259kild\u0259 \u00e7atd\u0131r\u0131la bil\u0259r. P Series kondisionerl\u0259ri daxili n\u0259zar\u0259t\u00e7i v\u0259 temperatur v\u0259 t\u0259zyiq zondlar\u0131 il\u0259 t\u0259chiz olunub ki, bunlar m\u00fcst\u0259qil v\u0259 ya \u0259laq\u0259l\u0259ndirilmi\u015f \u201csoyutma sistemi\u201d \u0259ld\u0259 etm\u0259y\u0259 imkan verir, b\u00fct\u00fcn idar\u0259etm\u0259 v\u0259 kondisioner funksiyalar\u0131n\u0131n tam ixtisar\u0131n\u0131 t\u0259min edir. P Series \u0259mrl\u0259ri v\u0259 idar\u0259etm\u0259l\u0259ri idar\u0259 etm\u0259k \u00fc\u00e7\u00fcn uzaq interfeys istifad\u0259\u00e7i paneli il\u0259 t\u0259chiz edilmi\u015fdir.\" \/>\n<meta property=\"og:url\" content=\"https:\/\/geoclimate.ge\/az\/product\/ae-sr_dp-split-system-air-conditioner-for-telecommunications-ceiling-mounting-horizontal-flow-without-free-cooling-20c-45c\/\" \/>\n<meta property=\"og:site_name\" content=\"GeoClimate.ge\" \/>\n<meta property=\"article:modified_time\" content=\"2025-04-20T20:13:38+00:00\" \/>\n<meta property=\"og:image\" content=\"https:\/\/geoclimate.ge\/wp-content\/uploads\/2025\/04\/split-unita-esterna-10-kw_2.982_parete.png\" \/>\n\t<meta property=\"og:image:width\" content=\"2560\" \/>\n\t<meta property=\"og:image:height\" content=\"1920\" \/>\n\t<meta property=\"og:image:type\" content=\"image\/png\" \/>\n<meta name=\"twitter:card\" content=\"summary_large_image\" \/>\n<meta name=\"twitter:label1\" content=\"Est. reading time\" \/>\n\t<meta name=\"twitter:data1\" content=\"1 minute\" \/>\n<script type=\"application\/ld+json\" class=\"yoast-schema-graph\">{\"@context\":\"https:\/\/schema.org\",\"@graph\":[{\"@type\":\"WebPage\",\"@id\":\"https:\/\/geoclimate.ge\/az\/product\/ae-sr_dp-split-system-air-conditioner-for-telecommunications-ceiling-mounting-horizontal-flow-without-free-cooling-20c-45c\/\",\"url\":\"https:\/\/geoclimate.ge\/az\/product\/ae-sr_dp-split-system-air-conditioner-for-telecommunications-ceiling-mounting-horizontal-flow-without-free-cooling-20c-45c\/\",\"name\":\"AE SR_DP Telekommunikasiya \u00fc\u00e7\u00fcn split sistemli kondisioner Tavan montaj\u0131 - \u00fcf\u00fcqi ax\u0131n - pulsuz soyutma olmadan -20\u00b0C +45\u00b0C - GeoClimate.ge\",\"isPartOf\":{\"@id\":\"https:\/\/geoclimate.ge\/#website\"},\"primaryImageOfPage\":{\"@id\":\"https:\/\/geoclimate.ge\/az\/product\/ae-sr_dp-split-system-air-conditioner-for-telecommunications-ceiling-mounting-horizontal-flow-without-free-cooling-20c-45c\/#primaryimage\"},\"image\":{\"@id\":\"https:\/\/geoclimate.ge\/az\/product\/ae-sr_dp-split-system-air-conditioner-for-telecommunications-ceiling-mounting-horizontal-flow-without-free-cooling-20c-45c\/#primaryimage\"},\"thumbnailUrl\":\"https:\/\/geoclimate.ge\/wp-content\/uploads\/2025\/04\/split-unita-esterna-10-kw_2.982_parete.png\",\"datePublished\":\"2025-04-20T20:03:30+00:00\",\"dateModified\":\"2025-04-20T20:13:38+00:00\",\"breadcrumb\":{\"@id\":\"https:\/\/geoclimate.ge\/az\/product\/ae-sr_dp-split-system-air-conditioner-for-telecommunications-ceiling-mounting-horizontal-flow-without-free-cooling-20c-45c\/#breadcrumb\"},\"inLanguage\":\"az\",\"potentialAction\":[{\"@type\":\"ReadAction\",\"target\":[\"https:\/\/geoclimate.ge\/az\/product\/ae-sr_dp-split-system-air-conditioner-for-telecommunications-ceiling-mounting-horizontal-flow-without-free-cooling-20c-45c\/\"]}]},{\"@type\":\"ImageObject\",\"inLanguage\":\"az\",\"@id\":\"https:\/\/geoclimate.ge\/az\/product\/ae-sr_dp-split-system-air-conditioner-for-telecommunications-ceiling-mounting-horizontal-flow-without-free-cooling-20c-45c\/#primaryimage\",\"url\":\"https:\/\/geoclimate.ge\/wp-content\/uploads\/2025\/04\/split-unita-esterna-10-kw_2.982_parete.png\",\"contentUrl\":\"https:\/\/geoclimate.ge\/wp-content\/uploads\/2025\/04\/split-unita-esterna-10-kw_2.982_parete.png\",\"width\":2560,\"height\":1920},{\"@type\":\"BreadcrumbList\",\"@id\":\"https:\/\/geoclimate.ge\/az\/product\/ae-sr_dp-split-system-air-conditioner-for-telecommunications-ceiling-mounting-horizontal-flow-without-free-cooling-20c-45c\/#breadcrumb\",\"itemListElement\":[{\"@type\":\"ListItem\",\"position\":1,\"name\":\"Home\",\"item\":\"https:\/\/geoclimate.ge\/az\/\"},{\"@type\":\"ListItem\",\"position\":2,\"name\":\"M\u0259hsullar\",\"item\":\"https:\/\/geoclimate.ge\/az\/products\/\"},{\"@type\":\"ListItem\",\"position\":3,\"name\":\"AE SR_DP Telekommunikasiya \u00fc\u00e7\u00fcn split sistemli kondisioner Tavan montaj\u0131 &#8211; \u00fcf\u00fcqi ax\u0131n &#8211; pulsuz soyutma olmadan -20\u00b0C +45\u00b0C\"}]},{\"@type\":\"WebSite\",\"@id\":\"https:\/\/geoclimate.ge\/#website\",\"url\":\"https:\/\/geoclimate.ge\/\",\"name\":\"GeoClimate\",\"description\":\"\",\"publisher\":{\"@id\":\"https:\/\/geoclimate.ge\/#organization\"},\"potentialAction\":[{\"@type\":\"SearchAction\",\"target\":{\"@type\":\"EntryPoint\",\"urlTemplate\":\"https:\/\/geoclimate.ge\/?s={search_term_string}\"},\"query-input\":{\"@type\":\"PropertyValueSpecification\",\"valueRequired\":true,\"valueName\":\"search_term_string\"}}],\"inLanguage\":\"az\"},{\"@type\":\"Organization\",\"@id\":\"https:\/\/geoclimate.ge\/#organization\",\"name\":\"GeoClimate\",\"url\":\"https:\/\/geoclimate.ge\/\",\"logo\":{\"@type\":\"ImageObject\",\"inLanguage\":\"az\",\"@id\":\"https:\/\/geoclimate.ge\/#\/schema\/logo\/image\/\",\"url\":\"https:\/\/geoclimate.ge\/wp-content\/uploads\/2026\/03\/geoclimate-SEO.png\",\"contentUrl\":\"https:\/\/geoclimate.ge\/wp-content\/uploads\/2026\/03\/geoclimate-SEO.png\",\"width\":1536,\"height\":1024,\"caption\":\"GeoClimate\"},\"image\":{\"@id\":\"https:\/\/geoclimate.ge\/#\/schema\/logo\/image\/\"}}]}<\/script>\n<!-- \/ Yoast SEO plugin. -->","yoast_head_json":{"title":"AE SR_DP Telekommunikasiya \u00fc\u00e7\u00fcn split sistemli kondisioner Tavan montaj\u0131 - \u00fcf\u00fcqi ax\u0131n - pulsuz soyutma olmadan -20\u00b0C +45\u00b0C - GeoClimate.ge","robots":{"index":"index","follow":"follow","max-snippet":"max-snippet:-1","max-image-preview":"max-image-preview:large","max-video-preview":"max-video-preview:-1"},"canonical":"https:\/\/geoclimate.ge\/az\/product\/ae-sr_dp-split-system-air-conditioner-for-telecommunications-ceiling-mounting-horizontal-flow-without-free-cooling-20c-45c\/","og_locale":"az_AZ","og_type":"article","og_title":"AE SR_DP Telekommunikasiya \u00fc\u00e7\u00fcn split sistemli kondisioner Tavan montaj\u0131 - \u00fcf\u00fcqi ax\u0131n - pulsuz soyutma olmadan -20\u00b0C +45\u00b0C - GeoClimate.ge","og_description":"2,0 kVt-dan 10,2 kVt-a q\u0259d\u0259r  Split kondisionerl\u0259r hava il\u0259 soyudulmu\u015f tip, otaq daxilind\u0259 qura\u015fd\u0131rma \u00fc\u00e7\u00fcn ideallar, radio baza stansiyas\u0131 v\u0259 m\u0259lumatlar\u0131n emal\u0131 m\u0259rk\u0259zi \u00fc\u00e7\u00fcn s\u0131\u011f\u0131nacaq. Temperaturun t\u0259nziml\u0259nm\u0259sin\u0259 \u0130nverter texnologiyas\u0131 vasit\u0259sil\u0259 kondisionerin soyutma qabiliyy\u0259tinin d\u0259yi\u015fm\u0259si (kompressorun f\u0131rlanma s\u00fcr\u0259tinin d\u0259yi\u015fm\u0259si) vasit\u0259sil\u0259 nail olmaq olar. Daxili b\u00f6lm\u0259nin hava ax\u0131n\u0131 \u015faquli (yer d\u0259yi\u015fdirm\u0259) v\u0259 ya \u00fcf\u00fcqi (\u015f\u0259rti) \u015f\u0259kild\u0259 \u00e7atd\u0131r\u0131la bil\u0259r. P Series kondisionerl\u0259ri daxili n\u0259zar\u0259t\u00e7i v\u0259 temperatur v\u0259 t\u0259zyiq zondlar\u0131 il\u0259 t\u0259chiz olunub ki, bunlar m\u00fcst\u0259qil v\u0259 ya \u0259laq\u0259l\u0259ndirilmi\u015f \u201csoyutma sistemi\u201d \u0259ld\u0259 etm\u0259y\u0259 imkan verir, b\u00fct\u00fcn idar\u0259etm\u0259 v\u0259 kondisioner funksiyalar\u0131n\u0131n tam ixtisar\u0131n\u0131 t\u0259min edir. P Series \u0259mrl\u0259ri v\u0259 idar\u0259etm\u0259l\u0259ri idar\u0259 etm\u0259k \u00fc\u00e7\u00fcn uzaq interfeys istifad\u0259\u00e7i paneli il\u0259 t\u0259chiz edilmi\u015fdir.","og_url":"https:\/\/geoclimate.ge\/az\/product\/ae-sr_dp-split-system-air-conditioner-for-telecommunications-ceiling-mounting-horizontal-flow-without-free-cooling-20c-45c\/","og_site_name":"GeoClimate.ge","article_modified_time":"2025-04-20T20:13:38+00:00","og_image":[{"width":2560,"height":1920,"url":"https:\/\/geoclimate.ge\/wp-content\/uploads\/2025\/04\/split-unita-esterna-10-kw_2.982_parete.png","type":"image\/png"}],"twitter_card":"summary_large_image","twitter_misc":{"Est. reading time":"1 minute"},"schema":{"@context":"https:\/\/schema.org","@graph":[{"@type":"WebPage","@id":"https:\/\/geoclimate.ge\/az\/product\/ae-sr_dp-split-system-air-conditioner-for-telecommunications-ceiling-mounting-horizontal-flow-without-free-cooling-20c-45c\/","url":"https:\/\/geoclimate.ge\/az\/product\/ae-sr_dp-split-system-air-conditioner-for-telecommunications-ceiling-mounting-horizontal-flow-without-free-cooling-20c-45c\/","name":"AE SR_DP Telekommunikasiya \u00fc\u00e7\u00fcn split sistemli kondisioner Tavan montaj\u0131 - \u00fcf\u00fcqi ax\u0131n - pulsuz soyutma olmadan -20\u00b0C +45\u00b0C - GeoClimate.ge","isPartOf":{"@id":"https:\/\/geoclimate.ge\/#website"},"primaryImageOfPage":{"@id":"https:\/\/geoclimate.ge\/az\/product\/ae-sr_dp-split-system-air-conditioner-for-telecommunications-ceiling-mounting-horizontal-flow-without-free-cooling-20c-45c\/#primaryimage"},"image":{"@id":"https:\/\/geoclimate.ge\/az\/product\/ae-sr_dp-split-system-air-conditioner-for-telecommunications-ceiling-mounting-horizontal-flow-without-free-cooling-20c-45c\/#primaryimage"},"thumbnailUrl":"https:\/\/geoclimate.ge\/wp-content\/uploads\/2025\/04\/split-unita-esterna-10-kw_2.982_parete.png","datePublished":"2025-04-20T20:03:30+00:00","dateModified":"2025-04-20T20:13:38+00:00","breadcrumb":{"@id":"https:\/\/geoclimate.ge\/az\/product\/ae-sr_dp-split-system-air-conditioner-for-telecommunications-ceiling-mounting-horizontal-flow-without-free-cooling-20c-45c\/#breadcrumb"},"inLanguage":"az","potentialAction":[{"@type":"ReadAction","target":["https:\/\/geoclimate.ge\/az\/product\/ae-sr_dp-split-system-air-conditioner-for-telecommunications-ceiling-mounting-horizontal-flow-without-free-cooling-20c-45c\/"]}]},{"@type":"ImageObject","inLanguage":"az","@id":"https:\/\/geoclimate.ge\/az\/product\/ae-sr_dp-split-system-air-conditioner-for-telecommunications-ceiling-mounting-horizontal-flow-without-free-cooling-20c-45c\/#primaryimage","url":"https:\/\/geoclimate.ge\/wp-content\/uploads\/2025\/04\/split-unita-esterna-10-kw_2.982_parete.png","contentUrl":"https:\/\/geoclimate.ge\/wp-content\/uploads\/2025\/04\/split-unita-esterna-10-kw_2.982_parete.png","width":2560,"height":1920},{"@type":"BreadcrumbList","@id":"https:\/\/geoclimate.ge\/az\/product\/ae-sr_dp-split-system-air-conditioner-for-telecommunications-ceiling-mounting-horizontal-flow-without-free-cooling-20c-45c\/#breadcrumb","itemListElement":[{"@type":"ListItem","position":1,"name":"Home","item":"https:\/\/geoclimate.ge\/az\/"},{"@type":"ListItem","position":2,"name":"M\u0259hsullar","item":"https:\/\/geoclimate.ge\/az\/products\/"},{"@type":"ListItem","position":3,"name":"AE SR_DP Telekommunikasiya \u00fc\u00e7\u00fcn split sistemli kondisioner Tavan montaj\u0131 &#8211; \u00fcf\u00fcqi ax\u0131n &#8211; pulsuz soyutma olmadan -20\u00b0C +45\u00b0C"}]},{"@type":"WebSite","@id":"https:\/\/geoclimate.ge\/#website","url":"https:\/\/geoclimate.ge\/","name":"GeoClimate","description":"","publisher":{"@id":"https:\/\/geoclimate.ge\/#organization"},"potentialAction":[{"@type":"SearchAction","target":{"@type":"EntryPoint","urlTemplate":"https:\/\/geoclimate.ge\/?s={search_term_string}"},"query-input":{"@type":"PropertyValueSpecification","valueRequired":true,"valueName":"search_term_string"}}],"inLanguage":"az"},{"@type":"Organization","@id":"https:\/\/geoclimate.ge\/#organization","name":"GeoClimate","url":"https:\/\/geoclimate.ge\/","logo":{"@type":"ImageObject","inLanguage":"az","@id":"https:\/\/geoclimate.ge\/#\/schema\/logo\/image\/","url":"https:\/\/geoclimate.ge\/wp-content\/uploads\/2026\/03\/geoclimate-SEO.png","contentUrl":"https:\/\/geoclimate.ge\/wp-content\/uploads\/2026\/03\/geoclimate-SEO.png","width":1536,"height":1024,"caption":"GeoClimate"},"image":{"@id":"https:\/\/geoclimate.ge\/#\/schema\/logo\/image\/"}}]}},"_links":{"self":[{"href":"https:\/\/geoclimate.ge\/az\/wp-json\/wp\/v2\/product\/30143","targetHints":{"allow":["GET"]}}],"collection":[{"href":"https:\/\/geoclimate.ge\/az\/wp-json\/wp\/v2\/product"}],"about":[{"href":"https:\/\/geoclimate.ge\/az\/wp-json\/wp\/v2\/types\/product"}],"wp:featuredmedia":[{"embeddable":true,"href":"https:\/\/geoclimate.ge\/az\/wp-json\/wp\/v2\/media\/30138"}],"wp:attachment":[{"href":"https:\/\/geoclimate.ge\/az\/wp-json\/wp\/v2\/media?parent=30143"}],"wp:term":[{"taxonomy":"product_brand","embeddable":true,"href":"https:\/\/geoclimate.ge\/az\/wp-json\/wp\/v2\/product_brand?post=30143"},{"taxonomy":"product_cat","embeddable":true,"href":"https:\/\/geoclimate.ge\/az\/wp-json\/wp\/v2\/product_cat?post=30143"},{"taxonomy":"product_tag","embeddable":true,"href":"https:\/\/geoclimate.ge\/az\/wp-json\/wp\/v2\/product_tag?post=30143"}],"curies":[{"name":"wp","href":"https:\/\/api.w.org\/{rel}","templated":true}]}}