{"id":30189,"date":"2025-04-21T12:55:06","date_gmt":"2025-04-21T08:55:06","guid":{"rendered":"https:\/\/airsystems.ge\/shop\/product\/sf_dpv-split-system-air-conditioner-for-telecommunications-wall-mounting-with-free-cooling-20c-45c\/"},"modified":"2025-04-21T12:59:11","modified_gmt":"2025-04-21T08:59:11","slug":"sf_dpv-split-system-air-conditioner-for-telecommunications-wall-mounting-with-free-cooling-20c-45c","status":"publish","type":"product","link":"https:\/\/geoclimate.ge\/az\/product\/sf_dpv-split-system-air-conditioner-for-telecommunications-wall-mounting-with-free-cooling-20c-45c\/","title":{"rendered":"SF_DPV Telekommunikasiya \u00fc\u00e7\u00fcn split sistemli kondisioner Divar montaj\u0131 &#8211; pulsuz soyutma il\u0259 -20\u00b0C +45\u00b0C"},"content":{"rendered":"<div class=\"elementor-element elementor-element-391e72ec elementor-widget elementor-widget-theme-post-content\" data-id=\"391e72ec\" data-element_type=\"widget\" data-widget_type=\"theme-post-content.default\">\n<div class=\"elementor-widget-container\">\n<p><strong>TEXN\u0130K\u0130 X\u00dcSUS\u0130YY\u018fTL\u018fR<\/strong><\/p>\n<p>Boyal\u0131 poladdan haz\u0131rlanm\u0131\u015f \u0259sas \u00e7\u0259r\u00e7iv\u0259 il\u0259 xarici blok<br \/>\nAl\u00fcminiumdan haz\u0131rlanm\u0131\u015f \u0259sas \u00e7\u0259r\u00e7iv\u0259 v\u0259 panell\u0259ri olan daxili blok<br \/>\nY\u00fcks\u0259k korroziyaya davaml\u0131d\u0131r<br \/>\nAl\u00fcminium-al\u00fcminium mikrokanall\u0131 kondensator batareyas\u0131<br \/>\nEnerji t\u0259chizat\u0131 olmad\u0131qda avtomatik yenid\u0259n i\u015f\u0259 sal\u0131n<br \/>\nEC buxarlanma b\u00f6lm\u0259sinin fanatlar\u0131<br \/>\nKondensasiya b\u00f6lm\u0259sinin fanatlar\u0131 kondensasiya t\u0259zyiqin\u0259 uy\u011fun olaraq d\u0259yi\u015f\u0259n s\u00fcr\u0259t\u0259 malikdirl\u0259r<br \/>\nElektron termostatik klapan<br \/>\n48Vdc hava emal\u0131 b\u00f6lm\u0259si<\/p>\n<p><strong>AKSESUARLAR<\/strong><\/p>\n<p>Divar\/d\u00f6\u015f\u0259m\u0259 b\u0259rkitm\u0259 d\u0259sti UE(1) (vibrasiya damperl\u0259ri il\u0259)<br \/>\n\u0130stilik m\u00fcqavim\u0259ti<br \/>\nRS232\/485 interfeys l\u00f6vh\u0259si<br \/>\nEthernet interfeys l\u00f6vh\u0259si<br \/>\nSNMP v\u0259 Veb interfeys l\u00f6vh\u0259si<br \/>\nR\u00fctub\u0259t\u0259 n\u0259zar\u0259t (n\u0259ml\u0259nm\u0259 h\u0259ddi 40%RH@30\u00b0C)(1)= Xarici blok<\/p>\n<\/div>\n<\/div>\n<div class=\"elementor-element elementor-element-427e8a79 e-flex e-con-boxed e-con e-child\" data-id=\"427e8a79\" data-element_type=\"container\">\n<div class=\"e-con-inner\">\n<div class=\"elementor-element elementor-element-6e19ed90 hidebutton mc-bl elementor-align-left elementor-widget elementor-widget-button\" data-id=\"6e19ed90\" data-element_type=\"widget\" data-widget_type=\"button.default\">\n<div class=\"elementor-widget-container\">\n<div class=\"elementor-button-wrapper\"><a class=\"elementor-button elementor-button-link elementor-size-sm\" href=\"https:\/\/www.enextechnologies.com\/wp-content\/uploads\/2024\/08\/B_AE__SR_DPV-ENG-A4-Rev.4-1.pdf\" target=\"_blank\" rel=\"noopener\"><span class=\"elementor-button-content-wrapper\"><span class=\"elementor-button-text\">BROCHURE AE_SR_DPV<\/span><\/span><\/a><\/div>\n<\/div>\n<\/div>\n<div class=\"elementor-element elementor-element-13f5f820 hidebutton mc-bl elementor-align-left elementor-widget elementor-widget-button\" data-id=\"13f5f820\" data-element_type=\"widget\" data-widget_type=\"button.default\">\n<div class=\"elementor-widget-container\">\n<div class=\"elementor-button-wrapper\"><a class=\"elementor-button elementor-button-link elementor-size-sm\" href=\"https:\/\/www.enextechnologies.com\/wp-content\/uploads\/2024\/08\/B_AE__SR_DPV_inverter-ENG-1-1.pdf\" target=\"_blank\" rel=\"noopener\"><span class=\"elementor-button-content-wrapper\"><span class=\"elementor-button-text\">BROCHURE AE_SR_DPV INVERTER<\/span><\/span><\/a><\/div>\n<\/div>\n<\/div>\n<\/div>\n<\/div>\n","protected":false},"excerpt":{"rendered":"<p>6,3 kVt-dan 17,2 kVt-a q\u0259d\u0259r<\/p>\n<p>Split kondisionerl\u0259r hava il\u0259 soyudulmu\u015f tipdir, otaq daxilind\u0259 qura\u015fd\u0131rma \u00fc\u00e7\u00fcn uy\u011fundur, radio baza stansiyas\u0131 \u00fc\u00e7\u00fcn s\u0131\u011f\u0131nacaq v\u0259 m\u0259lumatlar\u0131n emal\u0131 m\u0259rk\u0259zi.<\/p>\n<p>Daxili blok divara qura\u015fd\u0131r\u0131lma x\u00fcsusiyy\u0259tin\u0259 malikdir.<\/p>\n<p>Kondisionerl\u0259r daxili n\u0259zar\u0259t\u00e7i v\u0259 temperatur v\u0259 t\u0259zyiq zondlar\u0131 il\u0259 t\u0259chiz olunmu\u015fdur ki, bu da m\u00fcst\u0259qil v\u0259 ya \u0259laq\u0259l\u0259ndirilmi\u015f \u201csoyutma sistemi\u201d \u0259ld\u0259 etm\u0259y\u0259 imkan verir, b\u00fct\u00fcn idar\u0259etm\u0259 v\u0259 kondisioner funksiyalar\u0131n\u0131n tam ixtisar\u0131n\u0131 t\u0259min edir.<\/p>\n<p>Kondisionerl\u0259r \u0259mrl\u0259ri v\u0259 idar\u0259etm\u0259l\u0259ri idar\u0259 etm\u0259k \u00fc\u00e7\u00fcn uzaqdan interfeys istifad\u0259\u00e7i paneli il\u0259 t\u0259chiz olunub, ay\u0131r\u0131c\u0131larla tamamlan\u0131r, h\u0259ddind\u0259n art\u0131q c\u0259r\u0259yandan daxili elektrik m\u00fchafiz\u0259si il\u0259 t\u0259min edilir.<\/p>\n","protected":false},"featured_media":30184,"template":"","meta":[],"product_brand":[],"product_cat":[1281,875,1276],"product_tag":[],"class_list":{"0":"post-30189","1":"product","2":"type-product","3":"status-publish","4":"has-post-thumbnail","6":"product_cat-kondisioner-split-telekommunikasiya-free-cooling","7":"product_cat-snaye-az-kondisionerlr","8":"product_cat-split-kondisioner-telekommunikasiya-ucun-sistemli","10":"first","11":"instock","12":"shipping-taxable","13":"product-type-simple"},"yoast_head":"<!-- This site is optimized with the Yoast SEO plugin v27.1.1 - https:\/\/yoast.com\/product\/yoast-seo-wordpress\/ -->\n<title>SF_DPV Telekommunikasiya \u00fc\u00e7\u00fcn split sistemli kondisioner Divar montaj\u0131 - pulsuz soyutma il\u0259 -20\u00b0C +45\u00b0C - GeoClimate.ge<\/title>\n<meta name=\"robots\" content=\"index, follow, max-snippet:-1, max-image-preview:large, max-video-preview:-1\" \/>\n<link rel=\"canonical\" href=\"https:\/\/geoclimate.ge\/az\/product\/sf_dpv-split-system-air-conditioner-for-telecommunications-wall-mounting-with-free-cooling-20c-45c\/\" \/>\n<meta property=\"og:locale\" content=\"az_AZ\" \/>\n<meta property=\"og:type\" content=\"article\" \/>\n<meta property=\"og:title\" content=\"SF_DPV Telekommunikasiya \u00fc\u00e7\u00fcn split sistemli kondisioner Divar montaj\u0131 - pulsuz soyutma il\u0259 -20\u00b0C +45\u00b0C - GeoClimate.ge\" \/>\n<meta property=\"og:description\" content=\"6,3 kVt-dan 17,2 kVt-a q\u0259d\u0259r  Split kondisionerl\u0259r hava il\u0259 soyudulmu\u015f tipdir, otaq daxilind\u0259 qura\u015fd\u0131rma \u00fc\u00e7\u00fcn uy\u011fundur, radio baza stansiyas\u0131 \u00fc\u00e7\u00fcn s\u0131\u011f\u0131nacaq v\u0259 m\u0259lumatlar\u0131n emal\u0131 m\u0259rk\u0259zi.  Daxili blok divara qura\u015fd\u0131r\u0131lma x\u00fcsusiyy\u0259tin\u0259 malikdir.  Kondisionerl\u0259r daxili n\u0259zar\u0259t\u00e7i v\u0259 temperatur v\u0259 t\u0259zyiq zondlar\u0131 il\u0259 t\u0259chiz olunmu\u015fdur ki, bu da m\u00fcst\u0259qil v\u0259 ya \u0259laq\u0259l\u0259ndirilmi\u015f \u201csoyutma sistemi\u201d \u0259ld\u0259 etm\u0259y\u0259 imkan verir, b\u00fct\u00fcn idar\u0259etm\u0259 v\u0259 kondisioner funksiyalar\u0131n\u0131n tam ixtisar\u0131n\u0131 t\u0259min edir.  Kondisionerl\u0259r \u0259mrl\u0259ri v\u0259 idar\u0259etm\u0259l\u0259ri idar\u0259 etm\u0259k \u00fc\u00e7\u00fcn uzaqdan interfeys istifad\u0259\u00e7i paneli il\u0259 t\u0259chiz olunub, ay\u0131r\u0131c\u0131larla tamamlan\u0131r, h\u0259ddind\u0259n art\u0131q c\u0259r\u0259yandan daxili elektrik m\u00fchafiz\u0259si il\u0259 t\u0259min edilir.\" \/>\n<meta property=\"og:url\" content=\"https:\/\/geoclimate.ge\/az\/product\/sf_dpv-split-system-air-conditioner-for-telecommunications-wall-mounting-with-free-cooling-20c-45c\/\" \/>\n<meta property=\"og:site_name\" content=\"GeoClimate.ge\" \/>\n<meta property=\"article:modified_time\" content=\"2025-04-21T08:59:11+00:00\" \/>\n<meta property=\"og:image\" content=\"https:\/\/geoclimate.ge\/wp-content\/uploads\/2025\/04\/split-unita-esterna-10-kw_2.982.png\" \/>\n\t<meta property=\"og:image:width\" content=\"2560\" \/>\n\t<meta property=\"og:image:height\" content=\"1920\" \/>\n\t<meta property=\"og:image:type\" content=\"image\/png\" \/>\n<meta name=\"twitter:card\" content=\"summary_large_image\" \/>\n<meta name=\"twitter:label1\" content=\"Est. reading time\" \/>\n\t<meta name=\"twitter:data1\" content=\"1 minute\" \/>\n<script type=\"application\/ld+json\" class=\"yoast-schema-graph\">{\"@context\":\"https:\/\/schema.org\",\"@graph\":[{\"@type\":\"WebPage\",\"@id\":\"https:\/\/geoclimate.ge\/az\/product\/sf_dpv-split-system-air-conditioner-for-telecommunications-wall-mounting-with-free-cooling-20c-45c\/\",\"url\":\"https:\/\/geoclimate.ge\/az\/product\/sf_dpv-split-system-air-conditioner-for-telecommunications-wall-mounting-with-free-cooling-20c-45c\/\",\"name\":\"SF_DPV Telekommunikasiya \u00fc\u00e7\u00fcn split sistemli kondisioner Divar montaj\u0131 - pulsuz soyutma il\u0259 -20\u00b0C +45\u00b0C - GeoClimate.ge\",\"isPartOf\":{\"@id\":\"https:\/\/geoclimate.ge\/#website\"},\"primaryImageOfPage\":{\"@id\":\"https:\/\/geoclimate.ge\/az\/product\/sf_dpv-split-system-air-conditioner-for-telecommunications-wall-mounting-with-free-cooling-20c-45c\/#primaryimage\"},\"image\":{\"@id\":\"https:\/\/geoclimate.ge\/az\/product\/sf_dpv-split-system-air-conditioner-for-telecommunications-wall-mounting-with-free-cooling-20c-45c\/#primaryimage\"},\"thumbnailUrl\":\"https:\/\/geoclimate.ge\/wp-content\/uploads\/2025\/04\/split-unita-esterna-10-kw_2.982.png\",\"datePublished\":\"2025-04-21T08:55:06+00:00\",\"dateModified\":\"2025-04-21T08:59:11+00:00\",\"breadcrumb\":{\"@id\":\"https:\/\/geoclimate.ge\/az\/product\/sf_dpv-split-system-air-conditioner-for-telecommunications-wall-mounting-with-free-cooling-20c-45c\/#breadcrumb\"},\"inLanguage\":\"az\",\"potentialAction\":[{\"@type\":\"ReadAction\",\"target\":[\"https:\/\/geoclimate.ge\/az\/product\/sf_dpv-split-system-air-conditioner-for-telecommunications-wall-mounting-with-free-cooling-20c-45c\/\"]}]},{\"@type\":\"ImageObject\",\"inLanguage\":\"az\",\"@id\":\"https:\/\/geoclimate.ge\/az\/product\/sf_dpv-split-system-air-conditioner-for-telecommunications-wall-mounting-with-free-cooling-20c-45c\/#primaryimage\",\"url\":\"https:\/\/geoclimate.ge\/wp-content\/uploads\/2025\/04\/split-unita-esterna-10-kw_2.982.png\",\"contentUrl\":\"https:\/\/geoclimate.ge\/wp-content\/uploads\/2025\/04\/split-unita-esterna-10-kw_2.982.png\",\"width\":2560,\"height\":1920},{\"@type\":\"BreadcrumbList\",\"@id\":\"https:\/\/geoclimate.ge\/az\/product\/sf_dpv-split-system-air-conditioner-for-telecommunications-wall-mounting-with-free-cooling-20c-45c\/#breadcrumb\",\"itemListElement\":[{\"@type\":\"ListItem\",\"position\":1,\"name\":\"Home\",\"item\":\"https:\/\/geoclimate.ge\/az\/\"},{\"@type\":\"ListItem\",\"position\":2,\"name\":\"M\u0259hsullar\",\"item\":\"https:\/\/geoclimate.ge\/az\/products\/\"},{\"@type\":\"ListItem\",\"position\":3,\"name\":\"SF_DPV Telekommunikasiya \u00fc\u00e7\u00fcn split sistemli kondisioner Divar montaj\u0131 &#8211; pulsuz soyutma il\u0259 -20\u00b0C +45\u00b0C\"}]},{\"@type\":\"WebSite\",\"@id\":\"https:\/\/geoclimate.ge\/#website\",\"url\":\"https:\/\/geoclimate.ge\/\",\"name\":\"GeoClimate\",\"description\":\"\",\"publisher\":{\"@id\":\"https:\/\/geoclimate.ge\/#organization\"},\"potentialAction\":[{\"@type\":\"SearchAction\",\"target\":{\"@type\":\"EntryPoint\",\"urlTemplate\":\"https:\/\/geoclimate.ge\/?s={search_term_string}\"},\"query-input\":{\"@type\":\"PropertyValueSpecification\",\"valueRequired\":true,\"valueName\":\"search_term_string\"}}],\"inLanguage\":\"az\"},{\"@type\":\"Organization\",\"@id\":\"https:\/\/geoclimate.ge\/#organization\",\"name\":\"GeoClimate\",\"url\":\"https:\/\/geoclimate.ge\/\",\"logo\":{\"@type\":\"ImageObject\",\"inLanguage\":\"az\",\"@id\":\"https:\/\/geoclimate.ge\/#\/schema\/logo\/image\/\",\"url\":\"https:\/\/geoclimate.ge\/wp-content\/uploads\/2026\/03\/geoclimate-SEO.png\",\"contentUrl\":\"https:\/\/geoclimate.ge\/wp-content\/uploads\/2026\/03\/geoclimate-SEO.png\",\"width\":1536,\"height\":1024,\"caption\":\"GeoClimate\"},\"image\":{\"@id\":\"https:\/\/geoclimate.ge\/#\/schema\/logo\/image\/\"}}]}<\/script>\n<!-- \/ Yoast SEO plugin. -->","yoast_head_json":{"title":"SF_DPV Telekommunikasiya \u00fc\u00e7\u00fcn split sistemli kondisioner Divar montaj\u0131 - pulsuz soyutma il\u0259 -20\u00b0C +45\u00b0C - GeoClimate.ge","robots":{"index":"index","follow":"follow","max-snippet":"max-snippet:-1","max-image-preview":"max-image-preview:large","max-video-preview":"max-video-preview:-1"},"canonical":"https:\/\/geoclimate.ge\/az\/product\/sf_dpv-split-system-air-conditioner-for-telecommunications-wall-mounting-with-free-cooling-20c-45c\/","og_locale":"az_AZ","og_type":"article","og_title":"SF_DPV Telekommunikasiya \u00fc\u00e7\u00fcn split sistemli kondisioner Divar montaj\u0131 - pulsuz soyutma il\u0259 -20\u00b0C +45\u00b0C - GeoClimate.ge","og_description":"6,3 kVt-dan 17,2 kVt-a q\u0259d\u0259r  Split kondisionerl\u0259r hava il\u0259 soyudulmu\u015f tipdir, otaq daxilind\u0259 qura\u015fd\u0131rma \u00fc\u00e7\u00fcn uy\u011fundur, radio baza stansiyas\u0131 \u00fc\u00e7\u00fcn s\u0131\u011f\u0131nacaq v\u0259 m\u0259lumatlar\u0131n emal\u0131 m\u0259rk\u0259zi.  Daxili blok divara qura\u015fd\u0131r\u0131lma x\u00fcsusiyy\u0259tin\u0259 malikdir.  Kondisionerl\u0259r daxili n\u0259zar\u0259t\u00e7i v\u0259 temperatur v\u0259 t\u0259zyiq zondlar\u0131 il\u0259 t\u0259chiz olunmu\u015fdur ki, bu da m\u00fcst\u0259qil v\u0259 ya \u0259laq\u0259l\u0259ndirilmi\u015f \u201csoyutma sistemi\u201d \u0259ld\u0259 etm\u0259y\u0259 imkan verir, b\u00fct\u00fcn idar\u0259etm\u0259 v\u0259 kondisioner funksiyalar\u0131n\u0131n tam ixtisar\u0131n\u0131 t\u0259min edir.  Kondisionerl\u0259r \u0259mrl\u0259ri v\u0259 idar\u0259etm\u0259l\u0259ri idar\u0259 etm\u0259k \u00fc\u00e7\u00fcn uzaqdan interfeys istifad\u0259\u00e7i paneli il\u0259 t\u0259chiz olunub, ay\u0131r\u0131c\u0131larla tamamlan\u0131r, h\u0259ddind\u0259n art\u0131q c\u0259r\u0259yandan daxili elektrik m\u00fchafiz\u0259si il\u0259 t\u0259min edilir.","og_url":"https:\/\/geoclimate.ge\/az\/product\/sf_dpv-split-system-air-conditioner-for-telecommunications-wall-mounting-with-free-cooling-20c-45c\/","og_site_name":"GeoClimate.ge","article_modified_time":"2025-04-21T08:59:11+00:00","og_image":[{"width":2560,"height":1920,"url":"https:\/\/geoclimate.ge\/wp-content\/uploads\/2025\/04\/split-unita-esterna-10-kw_2.982.png","type":"image\/png"}],"twitter_card":"summary_large_image","twitter_misc":{"Est. reading time":"1 minute"},"schema":{"@context":"https:\/\/schema.org","@graph":[{"@type":"WebPage","@id":"https:\/\/geoclimate.ge\/az\/product\/sf_dpv-split-system-air-conditioner-for-telecommunications-wall-mounting-with-free-cooling-20c-45c\/","url":"https:\/\/geoclimate.ge\/az\/product\/sf_dpv-split-system-air-conditioner-for-telecommunications-wall-mounting-with-free-cooling-20c-45c\/","name":"SF_DPV Telekommunikasiya \u00fc\u00e7\u00fcn split sistemli kondisioner Divar montaj\u0131 - pulsuz soyutma il\u0259 -20\u00b0C +45\u00b0C - GeoClimate.ge","isPartOf":{"@id":"https:\/\/geoclimate.ge\/#website"},"primaryImageOfPage":{"@id":"https:\/\/geoclimate.ge\/az\/product\/sf_dpv-split-system-air-conditioner-for-telecommunications-wall-mounting-with-free-cooling-20c-45c\/#primaryimage"},"image":{"@id":"https:\/\/geoclimate.ge\/az\/product\/sf_dpv-split-system-air-conditioner-for-telecommunications-wall-mounting-with-free-cooling-20c-45c\/#primaryimage"},"thumbnailUrl":"https:\/\/geoclimate.ge\/wp-content\/uploads\/2025\/04\/split-unita-esterna-10-kw_2.982.png","datePublished":"2025-04-21T08:55:06+00:00","dateModified":"2025-04-21T08:59:11+00:00","breadcrumb":{"@id":"https:\/\/geoclimate.ge\/az\/product\/sf_dpv-split-system-air-conditioner-for-telecommunications-wall-mounting-with-free-cooling-20c-45c\/#breadcrumb"},"inLanguage":"az","potentialAction":[{"@type":"ReadAction","target":["https:\/\/geoclimate.ge\/az\/product\/sf_dpv-split-system-air-conditioner-for-telecommunications-wall-mounting-with-free-cooling-20c-45c\/"]}]},{"@type":"ImageObject","inLanguage":"az","@id":"https:\/\/geoclimate.ge\/az\/product\/sf_dpv-split-system-air-conditioner-for-telecommunications-wall-mounting-with-free-cooling-20c-45c\/#primaryimage","url":"https:\/\/geoclimate.ge\/wp-content\/uploads\/2025\/04\/split-unita-esterna-10-kw_2.982.png","contentUrl":"https:\/\/geoclimate.ge\/wp-content\/uploads\/2025\/04\/split-unita-esterna-10-kw_2.982.png","width":2560,"height":1920},{"@type":"BreadcrumbList","@id":"https:\/\/geoclimate.ge\/az\/product\/sf_dpv-split-system-air-conditioner-for-telecommunications-wall-mounting-with-free-cooling-20c-45c\/#breadcrumb","itemListElement":[{"@type":"ListItem","position":1,"name":"Home","item":"https:\/\/geoclimate.ge\/az\/"},{"@type":"ListItem","position":2,"name":"M\u0259hsullar","item":"https:\/\/geoclimate.ge\/az\/products\/"},{"@type":"ListItem","position":3,"name":"SF_DPV Telekommunikasiya \u00fc\u00e7\u00fcn split sistemli kondisioner Divar montaj\u0131 &#8211; pulsuz soyutma il\u0259 -20\u00b0C +45\u00b0C"}]},{"@type":"WebSite","@id":"https:\/\/geoclimate.ge\/#website","url":"https:\/\/geoclimate.ge\/","name":"GeoClimate","description":"","publisher":{"@id":"https:\/\/geoclimate.ge\/#organization"},"potentialAction":[{"@type":"SearchAction","target":{"@type":"EntryPoint","urlTemplate":"https:\/\/geoclimate.ge\/?s={search_term_string}"},"query-input":{"@type":"PropertyValueSpecification","valueRequired":true,"valueName":"search_term_string"}}],"inLanguage":"az"},{"@type":"Organization","@id":"https:\/\/geoclimate.ge\/#organization","name":"GeoClimate","url":"https:\/\/geoclimate.ge\/","logo":{"@type":"ImageObject","inLanguage":"az","@id":"https:\/\/geoclimate.ge\/#\/schema\/logo\/image\/","url":"https:\/\/geoclimate.ge\/wp-content\/uploads\/2026\/03\/geoclimate-SEO.png","contentUrl":"https:\/\/geoclimate.ge\/wp-content\/uploads\/2026\/03\/geoclimate-SEO.png","width":1536,"height":1024,"caption":"GeoClimate"},"image":{"@id":"https:\/\/geoclimate.ge\/#\/schema\/logo\/image\/"}}]}},"_links":{"self":[{"href":"https:\/\/geoclimate.ge\/az\/wp-json\/wp\/v2\/product\/30189","targetHints":{"allow":["GET"]}}],"collection":[{"href":"https:\/\/geoclimate.ge\/az\/wp-json\/wp\/v2\/product"}],"about":[{"href":"https:\/\/geoclimate.ge\/az\/wp-json\/wp\/v2\/types\/product"}],"wp:featuredmedia":[{"embeddable":true,"href":"https:\/\/geoclimate.ge\/az\/wp-json\/wp\/v2\/media\/30184"}],"wp:attachment":[{"href":"https:\/\/geoclimate.ge\/az\/wp-json\/wp\/v2\/media?parent=30189"}],"wp:term":[{"taxonomy":"product_brand","embeddable":true,"href":"https:\/\/geoclimate.ge\/az\/wp-json\/wp\/v2\/product_brand?post=30189"},{"taxonomy":"product_cat","embeddable":true,"href":"https:\/\/geoclimate.ge\/az\/wp-json\/wp\/v2\/product_cat?post=30189"},{"taxonomy":"product_tag","embeddable":true,"href":"https:\/\/geoclimate.ge\/az\/wp-json\/wp\/v2\/product_tag?post=30189"}],"curies":[{"name":"wp","href":"https:\/\/api.w.org\/{rel}","templated":true}]}}