{"id":30258,"date":"2025-01-01T22:24:07","date_gmt":"2025-01-01T18:24:07","guid":{"rendered":"https:\/\/airsystems.ge\/shop\/product\/free-cooler-systems-air-introduction-with-settling-chamber-free-cooling-b_cam_im-cam-e-i_im-from-2600-m3-h-to-5000-m3-h\/"},"modified":"2025-04-21T20:59:06","modified_gmt":"2025-04-21T16:59:06","slug":"free-cooler-systems-air-introduction-with-settling-chamber-free-cooling-b_cam_im-cam-e-i_im-from-2600-m3-h-to-5000-m3-h","status":"publish","type":"product","link":"https:\/\/geoclimate.ge\/az\/product\/free-cooler-systems-air-introduction-with-settling-chamber-free-cooling-b_cam_im-cam-e-i_im-from-2600-m3-h-to-5000-m3-h\/","title":{"rendered":"Pulsuz soyuducu sisteml\u0259r Hava giri\u015fi &#8211; \u00e7\u00f6kd\u00fcrm\u0259 kameras\u0131 il\u0259 Free Cooling B_CAM_IM CAM E\/I_IM 2600 m3\/saatdan 5000 m3\/saata q\u0259d\u0259r"},"content":{"rendered":"<div class=\"elementor-element elementor-element-391e72ec elementor-widget elementor-widget-theme-post-content\" data-id=\"391e72ec\" data-element_type=\"widget\" data-widget_type=\"theme-post-content.default\">\n<div class=\"elementor-widget-container\">\n<p><strong>QURULMA KAMERASI OLAN S\u0130STEM D\u018fST\u0130<\/strong><br \/>\n\u2022 DAX\u0130L\u0130 \u00c7\u00f6zm\u0259 kameras\u0131 + ventilyator + hava filtrl\u0259ri + xarici qap\u0131 \/ XAR\u0130C\u0130 \u00c7\u00f6km\u0259 kameras\u0131 + fan + hava filtrl\u0259ri + hava daxiletm\u0259 \u015f\u0259b\u0259k\u0259si<br \/>\n\u2022 \u201c\u018fmr v\u0259 \u0130dar\u0259etm\u0259\u201d elektrik paneli \u00fcmumi ay\u0131r\u0131c\u0131 a\u00e7ardan, PLC-d\u0259n, maksimum temperatur termostat\u0131ndan ibar\u0259tdir.<br \/>\n\u2022 Xarici havan\u0131n \u00e7\u0131xar\u0131lmas\u0131 plenumu<br \/>\n\u2022 H\u0259ddind\u0259n art\u0131q t\u0259zyiq damperi<br \/>\n\u2022 Daxili plenum \u015f\u0259b\u0259k\u0259si (iste\u011fe ba\u011fl\u0131)<\/p>\n<p>Sistem \u0259m\u0259liyyat d\u00f6vr\u00fcn\u00fc idar\u0259 etm\u0259k v\u0259 h\u0259y\u0259can siqnal\u0131n\u0131n m\u00fcmk\u00fcn s\u0259b\u0259bl\u0259rini a\u015fkar etm\u0259k \u00fc\u00e7\u00fcn \u00f6z PLC t\u0259r\u0259find\u0259n idar\u0259 olunmaq \u00fc\u00e7\u00fcn n\u0259z\u0259rd\u0259 tutulmu\u015fdur. Bu sistem Ethra Tech kondisioneri il\u0259 birl\u0259\u015fdirildikd\u0259 x\u00fcsusi PLC-y\u0259 ehtiyac olmadan eyni kondisioner n\u0259zar\u0259t\u00e7isi t\u0259r\u0259find\u0259n idar\u0259 oluna bil\u0259r.<br \/>\nFan s\u00fcr\u0259ti \u201cPRORS\u0130ONAL\u201d (0-10V) siqnal\u0131 il\u0259 t\u0259nziml\u0259nir. \u201cProporsional\u201d t\u0259nziml\u0259m\u0259sini q\u0259bul etm\u0259kl\u0259, xarici temperatur \u00e7ox a\u015fa\u011f\u0131 olduqda termal \u015fok \u015f\u0259raitinin qar\u015f\u0131s\u0131 al\u0131n\u0131r. Bu sistem h\u0259m d\u0259 ota\u011f\u0131 s\u0259rinl\u0259m\u0259k \u00fc\u00e7\u00fcn f\u00f6vq\u0259lad\u0259 bir sistem kimi m\u00fc\u0259yy\u0259n edil\u0259 bil\u0259r, \u00e7\u00fcnki a\u015fkar edilmi\u015f temperatur \u0259vv\u0259lc\u0259d\u0259n m\u00fc\u0259yy\u0259n edilmi\u015f d\u0259y\u0259rl\u0259ri a\u015fd\u0131qda fan\u0131 m\u00fcst\u0259qil v\u0259 ayr\u0131ca qidaland\u0131rmaq imkan\u0131 ver\u0259n elektromexaniki n\u0259zar\u0259t\u00e7i (termostat) t\u0259min edilir.<\/p>\n<p><strong>Texniki x\u00fcsusiyy\u0259tl\u0259r<\/strong><br \/>\n\u2022 Xarici panell\u0259r epoksid tozlar\u0131 il\u0259 boyanm\u0131\u015fd\u0131r<br \/>\n\u2022 \u00c7ox y\u00fcng\u00fcl \u00e7\u0259ki<br \/>\n\u2022 Qura\u015fd\u0131rma \u00fc\u00e7\u00fcn asan \u0259m\u0259liyyatlar<br \/>\n\u2022 Xidm\u0259t v\u0259 texniki xidm\u0259t \u00fc\u00e7\u00fcn asan giri\u015f<br \/>\n\u2022 A\u015fa\u011f\u0131 s\u0259s-k\u00fcy s\u0259viyy\u0259l\u0259ri<\/p>\n<\/div>\n<\/div>\n<div class=\"elementor-element elementor-element-427e8a79 e-flex e-con-boxed e-con e-child\" data-id=\"427e8a79\" data-element_type=\"container\">\n<div class=\"e-con-inner\">\n<div class=\"elementor-element elementor-element-6e19ed90 hidebutton mc-bl elementor-align-left elementor-widget elementor-widget-button\" data-id=\"6e19ed90\" data-element_type=\"widget\" data-widget_type=\"button.default\">\n<div class=\"elementor-widget-container\">\n<div class=\"elementor-button-wrapper\"><a class=\"elementor-button elementor-button-link elementor-size-sm\" href=\"https:\/\/www.enextechnologies.com\/wp-content\/uploads\/2024\/08\/B_CAM-I48-_IM_internal_en-Rev.3-1.pdf\" target=\"_blank\" rel=\"noopener\"><span class=\"elementor-button-content-wrapper\"><span class=\"elementor-button-text\">BROCHURE CAM_IM_Internal<\/span><\/span><\/a><\/div>\n<\/div>\n<\/div>\n<div class=\"elementor-element elementor-element-13f5f820 hidebutton mc-bl elementor-align-left elementor-widget elementor-widget-button\" data-id=\"13f5f820\" data-element_type=\"widget\" data-widget_type=\"button.default\">\n<div class=\"elementor-widget-container\">\n<div class=\"elementor-button-wrapper\"><a class=\"elementor-button elementor-button-link elementor-size-sm\" href=\"https:\/\/www.enextechnologies.com\/wp-content\/uploads\/2024\/08\/B_CAM-E48-_IM_esternal-Rev.3-1.pdf\" target=\"_blank\" rel=\"noopener\"><span class=\"elementor-button-content-wrapper\"><span class=\"elementor-button-text\">BROCHURE CAM_IM Esternal<\/span><\/span><\/a><\/div>\n<\/div>\n<\/div>\n<\/div>\n<\/div>\n","protected":false},"excerpt":{"rendered":"<p>2600 m3\/saatdan 5000 m3\/saata q\u0259d\u0259r<\/p>\n<p>\u201c\u00c7\u00f6km\u0259 kameras\u0131\u201d il\u0259 havan\u0131n G\u0130R\u0130\u015e sistemi, \u0259sas m\u0259qs\u0259di avadanl\u0131\u011f\u0131n yaratd\u0131\u011f\u0131 istiliyin xarici m\u00fchit\u0259 \u00f6t\u00fcr\u00fclm\u0259si (da\u011f\u0131d\u0131lmas\u0131 \u00fc\u00e7\u00fcn) il\u0259 havan\u0131n fasil\u0259siz d\u0259yi\u015fm\u0259sini t\u0259min etm\u0259k x\u00fcsusiyy\u0259tin\u0259 malikdir.<br \/>\nBu, \u00c7\u00f6zm\u0259 Kameras\u0131 v\u0259 filtrl\u0259m\u0259 b\u00f6lm\u0259l\u0259rinin i\u00e7\u0259risind\u0259 yerl\u0259\u015fdirilmi\u015f ventilyatorun birg\u0259 i\u015fl\u0259m\u0259si say\u0259sind\u0259 ba\u015f verir.<br \/>\n\u00c7\u00f6km\u0259 Palatas\u0131 qura\u015fd\u0131r\u0131lm\u0131\u015f kondisionerl\u0259rin tipologiyas\u0131na uy\u011fun olaraq v\u0259 yerli daxilind\u0259 m\u00f6vcud olan bo\u015f yer\u0259 xaricd\u0259n v\u0259 ya daxild\u0259n qura\u015fd\u0131r\u0131la bil\u0259r.<\/p>\n","protected":false},"featured_media":33564,"template":"","meta":[],"product_brand":[],"product_cat":[1300,875],"product_tag":[],"class_list":{"0":"post-30258","1":"product","2":"type-product","3":"status-publish","4":"has-post-thumbnail","6":"product_cat-free-cooling-soyuducu-az","7":"product_cat-snaye-az-kondisionerlr","9":"first","10":"instock","11":"shipping-taxable","12":"product-type-simple"},"yoast_head":"<!-- This site is optimized with the Yoast SEO plugin v27.1.1 - https:\/\/yoast.com\/product\/yoast-seo-wordpress\/ -->\n<title>Pulsuz soyuducu sisteml\u0259r Hava giri\u015fi - \u00e7\u00f6kd\u00fcrm\u0259 kameras\u0131 il\u0259 Free Cooling B_CAM_IM CAM E\/I_IM 2600 m3\/saatdan 5000 m3\/saata q\u0259d\u0259r - GeoClimate.ge<\/title>\n<meta name=\"robots\" content=\"index, follow, max-snippet:-1, max-image-preview:large, max-video-preview:-1\" \/>\n<link rel=\"canonical\" href=\"https:\/\/geoclimate.ge\/az\/product\/free-cooler-systems-air-introduction-with-settling-chamber-free-cooling-b_cam_im-cam-e-i_im-from-2600-m3-h-to-5000-m3-h\/\" \/>\n<meta property=\"og:locale\" content=\"az_AZ\" \/>\n<meta property=\"og:type\" content=\"article\" \/>\n<meta property=\"og:title\" content=\"Pulsuz soyuducu sisteml\u0259r Hava giri\u015fi - \u00e7\u00f6kd\u00fcrm\u0259 kameras\u0131 il\u0259 Free Cooling B_CAM_IM CAM E\/I_IM 2600 m3\/saatdan 5000 m3\/saata q\u0259d\u0259r - GeoClimate.ge\" \/>\n<meta property=\"og:description\" content=\"2600 m3\/saatdan 5000 m3\/saata q\u0259d\u0259r  \u201c\u00c7\u00f6km\u0259 kameras\u0131\u201d il\u0259 havan\u0131n G\u0130R\u0130\u015e sistemi, \u0259sas m\u0259qs\u0259di avadanl\u0131\u011f\u0131n yaratd\u0131\u011f\u0131 istiliyin xarici m\u00fchit\u0259 \u00f6t\u00fcr\u00fclm\u0259si (da\u011f\u0131d\u0131lmas\u0131 \u00fc\u00e7\u00fcn) il\u0259 havan\u0131n fasil\u0259siz d\u0259yi\u015fm\u0259sini t\u0259min etm\u0259k x\u00fcsusiyy\u0259tin\u0259 malikdir. Bu, \u00c7\u00f6zm\u0259 Kameras\u0131 v\u0259 filtrl\u0259m\u0259 b\u00f6lm\u0259l\u0259rinin i\u00e7\u0259risind\u0259 yerl\u0259\u015fdirilmi\u015f ventilyatorun birg\u0259 i\u015fl\u0259m\u0259si say\u0259sind\u0259 ba\u015f verir. \u00c7\u00f6km\u0259 Palatas\u0131 qura\u015fd\u0131r\u0131lm\u0131\u015f kondisionerl\u0259rin tipologiyas\u0131na uy\u011fun olaraq v\u0259 yerli daxilind\u0259 m\u00f6vcud olan bo\u015f yer\u0259 xaricd\u0259n v\u0259 ya daxild\u0259n qura\u015fd\u0131r\u0131la bil\u0259r.\" \/>\n<meta property=\"og:url\" content=\"https:\/\/geoclimate.ge\/az\/product\/free-cooler-systems-air-introduction-with-settling-chamber-free-cooling-b_cam_im-cam-e-i_im-from-2600-m3-h-to-5000-m3-h\/\" \/>\n<meta property=\"og:site_name\" content=\"GeoClimate.ge\" \/>\n<meta property=\"article:modified_time\" content=\"2025-04-21T16:59:06+00:00\" \/>\n<meta property=\"og:image\" content=\"https:\/\/geoclimate.ge\/wp-content\/uploads\/2025\/01\/sistemi-free-cooling-serie-CAM-I-IM.png\" \/>\n\t<meta property=\"og:image:width\" content=\"1920\" \/>\n\t<meta property=\"og:image:height\" content=\"1666\" \/>\n\t<meta property=\"og:image:type\" content=\"image\/png\" \/>\n<meta name=\"twitter:card\" content=\"summary_large_image\" \/>\n<meta name=\"twitter:label1\" content=\"Est. reading time\" \/>\n\t<meta name=\"twitter:data1\" content=\"1 minute\" \/>\n<script type=\"application\/ld+json\" class=\"yoast-schema-graph\">{\"@context\":\"https:\/\/schema.org\",\"@graph\":[{\"@type\":\"WebPage\",\"@id\":\"https:\/\/geoclimate.ge\/az\/product\/free-cooler-systems-air-introduction-with-settling-chamber-free-cooling-b_cam_im-cam-e-i_im-from-2600-m3-h-to-5000-m3-h\/\",\"url\":\"https:\/\/geoclimate.ge\/az\/product\/free-cooler-systems-air-introduction-with-settling-chamber-free-cooling-b_cam_im-cam-e-i_im-from-2600-m3-h-to-5000-m3-h\/\",\"name\":\"Pulsuz soyuducu sisteml\u0259r Hava giri\u015fi - \u00e7\u00f6kd\u00fcrm\u0259 kameras\u0131 il\u0259 Free Cooling B_CAM_IM CAM E\/I_IM 2600 m3\/saatdan 5000 m3\/saata q\u0259d\u0259r - GeoClimate.ge\",\"isPartOf\":{\"@id\":\"https:\/\/geoclimate.ge\/#website\"},\"primaryImageOfPage\":{\"@id\":\"https:\/\/geoclimate.ge\/az\/product\/free-cooler-systems-air-introduction-with-settling-chamber-free-cooling-b_cam_im-cam-e-i_im-from-2600-m3-h-to-5000-m3-h\/#primaryimage\"},\"image\":{\"@id\":\"https:\/\/geoclimate.ge\/az\/product\/free-cooler-systems-air-introduction-with-settling-chamber-free-cooling-b_cam_im-cam-e-i_im-from-2600-m3-h-to-5000-m3-h\/#primaryimage\"},\"thumbnailUrl\":\"https:\/\/geoclimate.ge\/wp-content\/uploads\/2025\/01\/sistemi-free-cooling-serie-CAM-I-IM.png\",\"datePublished\":\"2025-01-01T18:24:07+00:00\",\"dateModified\":\"2025-04-21T16:59:06+00:00\",\"breadcrumb\":{\"@id\":\"https:\/\/geoclimate.ge\/az\/product\/free-cooler-systems-air-introduction-with-settling-chamber-free-cooling-b_cam_im-cam-e-i_im-from-2600-m3-h-to-5000-m3-h\/#breadcrumb\"},\"inLanguage\":\"az\",\"potentialAction\":[{\"@type\":\"ReadAction\",\"target\":[\"https:\/\/geoclimate.ge\/az\/product\/free-cooler-systems-air-introduction-with-settling-chamber-free-cooling-b_cam_im-cam-e-i_im-from-2600-m3-h-to-5000-m3-h\/\"]}]},{\"@type\":\"ImageObject\",\"inLanguage\":\"az\",\"@id\":\"https:\/\/geoclimate.ge\/az\/product\/free-cooler-systems-air-introduction-with-settling-chamber-free-cooling-b_cam_im-cam-e-i_im-from-2600-m3-h-to-5000-m3-h\/#primaryimage\",\"url\":\"https:\/\/geoclimate.ge\/wp-content\/uploads\/2025\/01\/sistemi-free-cooling-serie-CAM-I-IM.png\",\"contentUrl\":\"https:\/\/geoclimate.ge\/wp-content\/uploads\/2025\/01\/sistemi-free-cooling-serie-CAM-I-IM.png\",\"width\":1920,\"height\":1666},{\"@type\":\"BreadcrumbList\",\"@id\":\"https:\/\/geoclimate.ge\/az\/product\/free-cooler-systems-air-introduction-with-settling-chamber-free-cooling-b_cam_im-cam-e-i_im-from-2600-m3-h-to-5000-m3-h\/#breadcrumb\",\"itemListElement\":[{\"@type\":\"ListItem\",\"position\":1,\"name\":\"Home\",\"item\":\"https:\/\/geoclimate.ge\/az\/\"},{\"@type\":\"ListItem\",\"position\":2,\"name\":\"M\u0259hsullar\",\"item\":\"https:\/\/geoclimate.ge\/az\/products\/\"},{\"@type\":\"ListItem\",\"position\":3,\"name\":\"Pulsuz soyuducu sisteml\u0259r Hava giri\u015fi &#8211; \u00e7\u00f6kd\u00fcrm\u0259 kameras\u0131 il\u0259 Free Cooling B_CAM_IM CAM E\/I_IM 2600 m3\/saatdan 5000 m3\/saata q\u0259d\u0259r\"}]},{\"@type\":\"WebSite\",\"@id\":\"https:\/\/geoclimate.ge\/#website\",\"url\":\"https:\/\/geoclimate.ge\/\",\"name\":\"GeoClimate\",\"description\":\"\",\"publisher\":{\"@id\":\"https:\/\/geoclimate.ge\/#organization\"},\"potentialAction\":[{\"@type\":\"SearchAction\",\"target\":{\"@type\":\"EntryPoint\",\"urlTemplate\":\"https:\/\/geoclimate.ge\/?s={search_term_string}\"},\"query-input\":{\"@type\":\"PropertyValueSpecification\",\"valueRequired\":true,\"valueName\":\"search_term_string\"}}],\"inLanguage\":\"az\"},{\"@type\":\"Organization\",\"@id\":\"https:\/\/geoclimate.ge\/#organization\",\"name\":\"GeoClimate\",\"url\":\"https:\/\/geoclimate.ge\/\",\"logo\":{\"@type\":\"ImageObject\",\"inLanguage\":\"az\",\"@id\":\"https:\/\/geoclimate.ge\/#\/schema\/logo\/image\/\",\"url\":\"https:\/\/geoclimate.ge\/wp-content\/uploads\/2026\/03\/geoclimate-SEO.png\",\"contentUrl\":\"https:\/\/geoclimate.ge\/wp-content\/uploads\/2026\/03\/geoclimate-SEO.png\",\"width\":1536,\"height\":1024,\"caption\":\"GeoClimate\"},\"image\":{\"@id\":\"https:\/\/geoclimate.ge\/#\/schema\/logo\/image\/\"}}]}<\/script>\n<!-- \/ Yoast SEO plugin. -->","yoast_head_json":{"title":"Pulsuz soyuducu sisteml\u0259r Hava giri\u015fi - \u00e7\u00f6kd\u00fcrm\u0259 kameras\u0131 il\u0259 Free Cooling B_CAM_IM CAM E\/I_IM 2600 m3\/saatdan 5000 m3\/saata q\u0259d\u0259r - GeoClimate.ge","robots":{"index":"index","follow":"follow","max-snippet":"max-snippet:-1","max-image-preview":"max-image-preview:large","max-video-preview":"max-video-preview:-1"},"canonical":"https:\/\/geoclimate.ge\/az\/product\/free-cooler-systems-air-introduction-with-settling-chamber-free-cooling-b_cam_im-cam-e-i_im-from-2600-m3-h-to-5000-m3-h\/","og_locale":"az_AZ","og_type":"article","og_title":"Pulsuz soyuducu sisteml\u0259r Hava giri\u015fi - \u00e7\u00f6kd\u00fcrm\u0259 kameras\u0131 il\u0259 Free Cooling B_CAM_IM CAM E\/I_IM 2600 m3\/saatdan 5000 m3\/saata q\u0259d\u0259r - GeoClimate.ge","og_description":"2600 m3\/saatdan 5000 m3\/saata q\u0259d\u0259r  \u201c\u00c7\u00f6km\u0259 kameras\u0131\u201d il\u0259 havan\u0131n G\u0130R\u0130\u015e sistemi, \u0259sas m\u0259qs\u0259di avadanl\u0131\u011f\u0131n yaratd\u0131\u011f\u0131 istiliyin xarici m\u00fchit\u0259 \u00f6t\u00fcr\u00fclm\u0259si (da\u011f\u0131d\u0131lmas\u0131 \u00fc\u00e7\u00fcn) il\u0259 havan\u0131n fasil\u0259siz d\u0259yi\u015fm\u0259sini t\u0259min etm\u0259k x\u00fcsusiyy\u0259tin\u0259 malikdir. Bu, \u00c7\u00f6zm\u0259 Kameras\u0131 v\u0259 filtrl\u0259m\u0259 b\u00f6lm\u0259l\u0259rinin i\u00e7\u0259risind\u0259 yerl\u0259\u015fdirilmi\u015f ventilyatorun birg\u0259 i\u015fl\u0259m\u0259si say\u0259sind\u0259 ba\u015f verir. \u00c7\u00f6km\u0259 Palatas\u0131 qura\u015fd\u0131r\u0131lm\u0131\u015f kondisionerl\u0259rin tipologiyas\u0131na uy\u011fun olaraq v\u0259 yerli daxilind\u0259 m\u00f6vcud olan bo\u015f yer\u0259 xaricd\u0259n v\u0259 ya daxild\u0259n qura\u015fd\u0131r\u0131la bil\u0259r.","og_url":"https:\/\/geoclimate.ge\/az\/product\/free-cooler-systems-air-introduction-with-settling-chamber-free-cooling-b_cam_im-cam-e-i_im-from-2600-m3-h-to-5000-m3-h\/","og_site_name":"GeoClimate.ge","article_modified_time":"2025-04-21T16:59:06+00:00","og_image":[{"width":1920,"height":1666,"url":"https:\/\/geoclimate.ge\/wp-content\/uploads\/2025\/01\/sistemi-free-cooling-serie-CAM-I-IM.png","type":"image\/png"}],"twitter_card":"summary_large_image","twitter_misc":{"Est. reading time":"1 minute"},"schema":{"@context":"https:\/\/schema.org","@graph":[{"@type":"WebPage","@id":"https:\/\/geoclimate.ge\/az\/product\/free-cooler-systems-air-introduction-with-settling-chamber-free-cooling-b_cam_im-cam-e-i_im-from-2600-m3-h-to-5000-m3-h\/","url":"https:\/\/geoclimate.ge\/az\/product\/free-cooler-systems-air-introduction-with-settling-chamber-free-cooling-b_cam_im-cam-e-i_im-from-2600-m3-h-to-5000-m3-h\/","name":"Pulsuz soyuducu sisteml\u0259r Hava giri\u015fi - \u00e7\u00f6kd\u00fcrm\u0259 kameras\u0131 il\u0259 Free Cooling B_CAM_IM CAM E\/I_IM 2600 m3\/saatdan 5000 m3\/saata q\u0259d\u0259r - GeoClimate.ge","isPartOf":{"@id":"https:\/\/geoclimate.ge\/#website"},"primaryImageOfPage":{"@id":"https:\/\/geoclimate.ge\/az\/product\/free-cooler-systems-air-introduction-with-settling-chamber-free-cooling-b_cam_im-cam-e-i_im-from-2600-m3-h-to-5000-m3-h\/#primaryimage"},"image":{"@id":"https:\/\/geoclimate.ge\/az\/product\/free-cooler-systems-air-introduction-with-settling-chamber-free-cooling-b_cam_im-cam-e-i_im-from-2600-m3-h-to-5000-m3-h\/#primaryimage"},"thumbnailUrl":"https:\/\/geoclimate.ge\/wp-content\/uploads\/2025\/01\/sistemi-free-cooling-serie-CAM-I-IM.png","datePublished":"2025-01-01T18:24:07+00:00","dateModified":"2025-04-21T16:59:06+00:00","breadcrumb":{"@id":"https:\/\/geoclimate.ge\/az\/product\/free-cooler-systems-air-introduction-with-settling-chamber-free-cooling-b_cam_im-cam-e-i_im-from-2600-m3-h-to-5000-m3-h\/#breadcrumb"},"inLanguage":"az","potentialAction":[{"@type":"ReadAction","target":["https:\/\/geoclimate.ge\/az\/product\/free-cooler-systems-air-introduction-with-settling-chamber-free-cooling-b_cam_im-cam-e-i_im-from-2600-m3-h-to-5000-m3-h\/"]}]},{"@type":"ImageObject","inLanguage":"az","@id":"https:\/\/geoclimate.ge\/az\/product\/free-cooler-systems-air-introduction-with-settling-chamber-free-cooling-b_cam_im-cam-e-i_im-from-2600-m3-h-to-5000-m3-h\/#primaryimage","url":"https:\/\/geoclimate.ge\/wp-content\/uploads\/2025\/01\/sistemi-free-cooling-serie-CAM-I-IM.png","contentUrl":"https:\/\/geoclimate.ge\/wp-content\/uploads\/2025\/01\/sistemi-free-cooling-serie-CAM-I-IM.png","width":1920,"height":1666},{"@type":"BreadcrumbList","@id":"https:\/\/geoclimate.ge\/az\/product\/free-cooler-systems-air-introduction-with-settling-chamber-free-cooling-b_cam_im-cam-e-i_im-from-2600-m3-h-to-5000-m3-h\/#breadcrumb","itemListElement":[{"@type":"ListItem","position":1,"name":"Home","item":"https:\/\/geoclimate.ge\/az\/"},{"@type":"ListItem","position":2,"name":"M\u0259hsullar","item":"https:\/\/geoclimate.ge\/az\/products\/"},{"@type":"ListItem","position":3,"name":"Pulsuz soyuducu sisteml\u0259r Hava giri\u015fi &#8211; \u00e7\u00f6kd\u00fcrm\u0259 kameras\u0131 il\u0259 Free Cooling B_CAM_IM CAM E\/I_IM 2600 m3\/saatdan 5000 m3\/saata q\u0259d\u0259r"}]},{"@type":"WebSite","@id":"https:\/\/geoclimate.ge\/#website","url":"https:\/\/geoclimate.ge\/","name":"GeoClimate","description":"","publisher":{"@id":"https:\/\/geoclimate.ge\/#organization"},"potentialAction":[{"@type":"SearchAction","target":{"@type":"EntryPoint","urlTemplate":"https:\/\/geoclimate.ge\/?s={search_term_string}"},"query-input":{"@type":"PropertyValueSpecification","valueRequired":true,"valueName":"search_term_string"}}],"inLanguage":"az"},{"@type":"Organization","@id":"https:\/\/geoclimate.ge\/#organization","name":"GeoClimate","url":"https:\/\/geoclimate.ge\/","logo":{"@type":"ImageObject","inLanguage":"az","@id":"https:\/\/geoclimate.ge\/#\/schema\/logo\/image\/","url":"https:\/\/geoclimate.ge\/wp-content\/uploads\/2026\/03\/geoclimate-SEO.png","contentUrl":"https:\/\/geoclimate.ge\/wp-content\/uploads\/2026\/03\/geoclimate-SEO.png","width":1536,"height":1024,"caption":"GeoClimate"},"image":{"@id":"https:\/\/geoclimate.ge\/#\/schema\/logo\/image\/"}}]}},"_links":{"self":[{"href":"https:\/\/geoclimate.ge\/az\/wp-json\/wp\/v2\/product\/30258","targetHints":{"allow":["GET"]}}],"collection":[{"href":"https:\/\/geoclimate.ge\/az\/wp-json\/wp\/v2\/product"}],"about":[{"href":"https:\/\/geoclimate.ge\/az\/wp-json\/wp\/v2\/types\/product"}],"wp:featuredmedia":[{"embeddable":true,"href":"https:\/\/geoclimate.ge\/az\/wp-json\/wp\/v2\/media\/33564"}],"wp:attachment":[{"href":"https:\/\/geoclimate.ge\/az\/wp-json\/wp\/v2\/media?parent=30258"}],"wp:term":[{"taxonomy":"product_brand","embeddable":true,"href":"https:\/\/geoclimate.ge\/az\/wp-json\/wp\/v2\/product_brand?post=30258"},{"taxonomy":"product_cat","embeddable":true,"href":"https:\/\/geoclimate.ge\/az\/wp-json\/wp\/v2\/product_cat?post=30258"},{"taxonomy":"product_tag","embeddable":true,"href":"https:\/\/geoclimate.ge\/az\/wp-json\/wp\/v2\/product_tag?post=30258"}],"curies":[{"name":"wp","href":"https:\/\/api.w.org\/{rel}","templated":true}]}}