{"id":30300,"date":"2025-04-21T21:46:34","date_gmt":"2025-04-21T17:46:34","guid":{"rendered":"https:\/\/airsystems.ge\/shop\/product\/shell-tubes-shell-tube-heat-recovery-heat-exchanger\/"},"modified":"2025-04-21T22:00:43","modified_gmt":"2025-04-21T18:00:43","slug":"shell-tubes-shell-tube-heat-recovery-heat-exchanger","status":"publish","type":"product","link":"https:\/\/geoclimate.ge\/az\/product\/shell-tubes-shell-tube-heat-recovery-heat-exchanger\/","title":{"rendered":"Qab\u0131q v\u0259 boru istilik b\u0259rpas\u0131 Qab\u0131q v\u0259 boru istilik b\u0259rpas\u0131 Qab\u0131q v\u0259 borular HEAT EXCHANGER"},"content":{"rendered":"<div class=\"elementor-element elementor-element-391e72ec elementor-widget elementor-widget-theme-post-content\" data-id=\"391e72ec\" data-element_type=\"widget\" data-widget_type=\"theme-post-content.default\">\n<div class=\"elementor-widget-container\">\n<p><strong>\u018fsas x\u00fcsusiyy\u0259tl\u0259r:<\/strong><\/p>\n<p>Klassik \u0130stilik B\u0259rpas\u0131 t\u0259tbiql\u0259rind\u0259 istifad\u0259 olunan maye v\u0259 qaz hal\u0131nda olan mayel\u0259rin \u0259ks\u0259riyy\u0259ti il\u0259 uy\u011fun g\u0259lir<br \/>\nBioqaz, S\u0131x\u0131lm\u0131\u015f Hava, Buxardan istifad\u0259 \u00fc\u00e7\u00fcn ayr\u0131lm\u0131\u015f v\u0259 optimalla\u015fd\u0131r\u0131lm\u0131\u015f alt diapazonlar<br \/>\nBoru d\u0259stini t\u0259\u015fkil ed\u0259n b\u00fct\u00fcn komponentl\u0259ri f\u0259rdil\u0259\u015fdirm\u0259k imkan\u0131<br \/>\nM\u00fc\u015ft\u0259rinin spesifikasiyas\u0131na uy\u011fun olaraq m\u00fc\u0259yy\u0259n edilm\u0259li v\u0259 ya maye v\u0259 i\u015f \u015f\u0259raiti il\u0259 uy\u011funlu\u011fu t\u0259min etm\u0259k \u00fc\u00e7\u00fcn qab\u0131q v\u0259 borular \u00fc\u00e7\u00fcn m\u00f6vcud olan m\u00fcxt\u0259lif materiallar. Paslanmayan polad, titan, karbon polad, cupronickel v\u0259 s.<br \/>\nBoru d\u0259st\u0259sinin y\u0131\u011fcaml\u0131\u011f\u0131n\u0131 v\u0259 a\u015fa\u011f\u0131 qiym\u0259tl\u0259ri qoruyark\u0259n, ist\u0259nil\u0259n performans s\u0259viyy\u0259sin\u0259 nail olmaq \u00fc\u00e7\u00fcn boru divar\u0131n\u0131n 10 m\u00f6vcud h\u0259nd\u0259si v\u0259 m\u00fcxt\u0259lif qal\u0131nl\u0131\u011f\u0131 v\u0259 formas\u0131.<\/p>\n<p>Shell &amp; Tubes istilik d\u0259yi\u015fdiricil\u0259ri, t\u0259k fazal\u0131 v\u0259 faza d\u0259yi\u015f\u0259n mayel\u0259r \u00fc\u00e7\u00fcn, x\u00fcsusil\u0259 \u0130stilik, \u0130stiliyin B\u0259rpas\u0131, Kondisioner, Proses v\u0259 Soyuducu avadanl\u0131q \u00fc\u00e7\u00fcn n\u0259z\u0259rd\u0259 tutulmu\u015fdur<\/p>\n<\/div>\n<\/div>\n<div class=\"elementor-element elementor-element-427e8a79 e-flex e-con-boxed e-con e-child\" data-id=\"427e8a79\" data-element_type=\"container\">\n<div class=\"e-con-inner\">\n<div class=\"elementor-element elementor-element-6e19ed90 hidebutton mc-bl elementor-align-left elementor-widget elementor-widget-button\" data-id=\"6e19ed90\" data-element_type=\"widget\" data-widget_type=\"button.default\">\n<div class=\"elementor-widget-container\">\n<div class=\"elementor-button-wrapper\"><a class=\"elementor-button elementor-button-link elementor-size-sm\" href=\"https:\/\/www.enextechnologies.com\/wp-content\/uploads\/2024\/08\/ROEN-EST-SHELL-_-TUBE.pdf\" target=\"_blank\" rel=\"noopener\"><span class=\"elementor-button-content-wrapper\"><span class=\"elementor-button-text\">DOWNLOAD<\/span><\/span><\/a><\/div>\n<\/div>\n<\/div>\n<\/div>\n<\/div>\n","protected":false},"excerpt":{"rendered":"<p><strong>Qab\u0131q v\u0259 boru istilik b\u0259rpas\u0131<\/strong><\/p>\n<p>Roen Est \u201cHeat Recovery\u201d Shell &amp; Tube istilik d\u0259yi\u015fdiricil\u0259ri istiliyi ilkin mayed\u0259n ikinci d\u0259r\u0259c\u0259li mayey\u0259 qaytarmaq laz\u0131m olan b\u00fct\u00fcn t\u0259tbiql\u0259r \u00fc\u00e7\u00fcn istifad\u0259 olunur. Bunlara daxildir: Kogenerasiya, Bioqaz soyuducular\u0131, Hava quruducular\u0131, Ya\u011f soyuducular, Buxar kondensasiyas\u0131.<\/p>\n","protected":false},"featured_media":30295,"template":"","meta":[],"product_brand":[],"product_cat":[1306,875],"product_tag":[],"class_list":{"0":"post-30300","1":"product","2":"type-product","3":"status-publish","4":"has-post-thumbnail","6":"product_cat-istilik-mubadilsi-az","7":"product_cat-snaye-az-kondisionerlr","9":"first","10":"instock","11":"shipping-taxable","12":"product-type-simple"},"yoast_head":"<!-- This site is optimized with the Yoast SEO plugin v27.1.1 - https:\/\/yoast.com\/product\/yoast-seo-wordpress\/ -->\n<title>Qab\u0131q v\u0259 boru istilik b\u0259rpas\u0131 Qab\u0131q v\u0259 boru istilik b\u0259rpas\u0131 Qab\u0131q v\u0259 borular HEAT EXCHANGER - GeoClimate.ge<\/title>\n<meta name=\"robots\" content=\"index, follow, max-snippet:-1, max-image-preview:large, max-video-preview:-1\" \/>\n<link rel=\"canonical\" href=\"https:\/\/geoclimate.ge\/az\/product\/shell-tubes-shell-tube-heat-recovery-heat-exchanger\/\" \/>\n<meta property=\"og:locale\" content=\"az_AZ\" \/>\n<meta property=\"og:type\" content=\"article\" \/>\n<meta property=\"og:title\" content=\"Qab\u0131q v\u0259 boru istilik b\u0259rpas\u0131 Qab\u0131q v\u0259 boru istilik b\u0259rpas\u0131 Qab\u0131q v\u0259 borular HEAT EXCHANGER - GeoClimate.ge\" \/>\n<meta property=\"og:description\" content=\"Qab\u0131q v\u0259 boru istilik b\u0259rpas\u0131  Roen Est \u201cHeat Recovery\u201d Shell &amp; Tube istilik d\u0259yi\u015fdiricil\u0259ri istiliyi ilkin mayed\u0259n ikinci d\u0259r\u0259c\u0259li mayey\u0259 qaytarmaq laz\u0131m olan b\u00fct\u00fcn t\u0259tbiql\u0259r \u00fc\u00e7\u00fcn istifad\u0259 olunur. Bunlara daxildir: Kogenerasiya, Bioqaz soyuducular\u0131, Hava quruducular\u0131, Ya\u011f soyuducular, Buxar kondensasiyas\u0131.\" \/>\n<meta property=\"og:url\" content=\"https:\/\/geoclimate.ge\/az\/product\/shell-tubes-shell-tube-heat-recovery-heat-exchanger\/\" \/>\n<meta property=\"og:site_name\" content=\"GeoClimate.ge\" \/>\n<meta property=\"article:modified_time\" content=\"2025-04-21T18:00:43+00:00\" \/>\n<meta property=\"og:image\" content=\"https:\/\/geoclimate.ge\/wp-content\/uploads\/2025\/04\/shell-tubes-pymp4kelvtk22ditsseiq4rs1wpafeijxd5zoc4bne.png\" \/>\n\t<meta property=\"og:image:width\" content=\"500\" \/>\n\t<meta property=\"og:image:height\" content=\"281\" \/>\n\t<meta property=\"og:image:type\" content=\"image\/png\" \/>\n<meta name=\"twitter:card\" content=\"summary_large_image\" \/>\n<meta name=\"twitter:label1\" content=\"Est. reading time\" \/>\n\t<meta name=\"twitter:data1\" content=\"1 minute\" \/>\n<script type=\"application\/ld+json\" class=\"yoast-schema-graph\">{\"@context\":\"https:\/\/schema.org\",\"@graph\":[{\"@type\":\"WebPage\",\"@id\":\"https:\/\/geoclimate.ge\/az\/product\/shell-tubes-shell-tube-heat-recovery-heat-exchanger\/\",\"url\":\"https:\/\/geoclimate.ge\/az\/product\/shell-tubes-shell-tube-heat-recovery-heat-exchanger\/\",\"name\":\"Qab\u0131q v\u0259 boru istilik b\u0259rpas\u0131 Qab\u0131q v\u0259 boru istilik b\u0259rpas\u0131 Qab\u0131q v\u0259 borular HEAT EXCHANGER - GeoClimate.ge\",\"isPartOf\":{\"@id\":\"https:\/\/geoclimate.ge\/#website\"},\"primaryImageOfPage\":{\"@id\":\"https:\/\/geoclimate.ge\/az\/product\/shell-tubes-shell-tube-heat-recovery-heat-exchanger\/#primaryimage\"},\"image\":{\"@id\":\"https:\/\/geoclimate.ge\/az\/product\/shell-tubes-shell-tube-heat-recovery-heat-exchanger\/#primaryimage\"},\"thumbnailUrl\":\"https:\/\/geoclimate.ge\/wp-content\/uploads\/2025\/04\/shell-tubes-pymp4kelvtk22ditsseiq4rs1wpafeijxd5zoc4bne.png\",\"datePublished\":\"2025-04-21T17:46:34+00:00\",\"dateModified\":\"2025-04-21T18:00:43+00:00\",\"breadcrumb\":{\"@id\":\"https:\/\/geoclimate.ge\/az\/product\/shell-tubes-shell-tube-heat-recovery-heat-exchanger\/#breadcrumb\"},\"inLanguage\":\"az\",\"potentialAction\":[{\"@type\":\"ReadAction\",\"target\":[\"https:\/\/geoclimate.ge\/az\/product\/shell-tubes-shell-tube-heat-recovery-heat-exchanger\/\"]}]},{\"@type\":\"ImageObject\",\"inLanguage\":\"az\",\"@id\":\"https:\/\/geoclimate.ge\/az\/product\/shell-tubes-shell-tube-heat-recovery-heat-exchanger\/#primaryimage\",\"url\":\"https:\/\/geoclimate.ge\/wp-content\/uploads\/2025\/04\/shell-tubes-pymp4kelvtk22ditsseiq4rs1wpafeijxd5zoc4bne.png\",\"contentUrl\":\"https:\/\/geoclimate.ge\/wp-content\/uploads\/2025\/04\/shell-tubes-pymp4kelvtk22ditsseiq4rs1wpafeijxd5zoc4bne.png\",\"width\":500,\"height\":281},{\"@type\":\"BreadcrumbList\",\"@id\":\"https:\/\/geoclimate.ge\/az\/product\/shell-tubes-shell-tube-heat-recovery-heat-exchanger\/#breadcrumb\",\"itemListElement\":[{\"@type\":\"ListItem\",\"position\":1,\"name\":\"Home\",\"item\":\"https:\/\/geoclimate.ge\/az\/\"},{\"@type\":\"ListItem\",\"position\":2,\"name\":\"M\u0259hsullar\",\"item\":\"https:\/\/geoclimate.ge\/az\/products\/\"},{\"@type\":\"ListItem\",\"position\":3,\"name\":\"Qab\u0131q v\u0259 boru istilik b\u0259rpas\u0131 Qab\u0131q v\u0259 boru istilik b\u0259rpas\u0131 Qab\u0131q v\u0259 borular HEAT EXCHANGER\"}]},{\"@type\":\"WebSite\",\"@id\":\"https:\/\/geoclimate.ge\/#website\",\"url\":\"https:\/\/geoclimate.ge\/\",\"name\":\"GeoClimate\",\"description\":\"\",\"publisher\":{\"@id\":\"https:\/\/geoclimate.ge\/#organization\"},\"potentialAction\":[{\"@type\":\"SearchAction\",\"target\":{\"@type\":\"EntryPoint\",\"urlTemplate\":\"https:\/\/geoclimate.ge\/?s={search_term_string}\"},\"query-input\":{\"@type\":\"PropertyValueSpecification\",\"valueRequired\":true,\"valueName\":\"search_term_string\"}}],\"inLanguage\":\"az\"},{\"@type\":\"Organization\",\"@id\":\"https:\/\/geoclimate.ge\/#organization\",\"name\":\"GeoClimate\",\"url\":\"https:\/\/geoclimate.ge\/\",\"logo\":{\"@type\":\"ImageObject\",\"inLanguage\":\"az\",\"@id\":\"https:\/\/geoclimate.ge\/#\/schema\/logo\/image\/\",\"url\":\"https:\/\/geoclimate.ge\/wp-content\/uploads\/2026\/03\/geoclimate-SEO.png\",\"contentUrl\":\"https:\/\/geoclimate.ge\/wp-content\/uploads\/2026\/03\/geoclimate-SEO.png\",\"width\":1536,\"height\":1024,\"caption\":\"GeoClimate\"},\"image\":{\"@id\":\"https:\/\/geoclimate.ge\/#\/schema\/logo\/image\/\"}}]}<\/script>\n<!-- \/ Yoast SEO plugin. -->","yoast_head_json":{"title":"Qab\u0131q v\u0259 boru istilik b\u0259rpas\u0131 Qab\u0131q v\u0259 boru istilik b\u0259rpas\u0131 Qab\u0131q v\u0259 borular HEAT EXCHANGER - GeoClimate.ge","robots":{"index":"index","follow":"follow","max-snippet":"max-snippet:-1","max-image-preview":"max-image-preview:large","max-video-preview":"max-video-preview:-1"},"canonical":"https:\/\/geoclimate.ge\/az\/product\/shell-tubes-shell-tube-heat-recovery-heat-exchanger\/","og_locale":"az_AZ","og_type":"article","og_title":"Qab\u0131q v\u0259 boru istilik b\u0259rpas\u0131 Qab\u0131q v\u0259 boru istilik b\u0259rpas\u0131 Qab\u0131q v\u0259 borular HEAT EXCHANGER - GeoClimate.ge","og_description":"Qab\u0131q v\u0259 boru istilik b\u0259rpas\u0131  Roen Est \u201cHeat Recovery\u201d Shell &amp; Tube istilik d\u0259yi\u015fdiricil\u0259ri istiliyi ilkin mayed\u0259n ikinci d\u0259r\u0259c\u0259li mayey\u0259 qaytarmaq laz\u0131m olan b\u00fct\u00fcn t\u0259tbiql\u0259r \u00fc\u00e7\u00fcn istifad\u0259 olunur. Bunlara daxildir: Kogenerasiya, Bioqaz soyuducular\u0131, Hava quruducular\u0131, Ya\u011f soyuducular, Buxar kondensasiyas\u0131.","og_url":"https:\/\/geoclimate.ge\/az\/product\/shell-tubes-shell-tube-heat-recovery-heat-exchanger\/","og_site_name":"GeoClimate.ge","article_modified_time":"2025-04-21T18:00:43+00:00","og_image":[{"width":500,"height":281,"url":"https:\/\/geoclimate.ge\/wp-content\/uploads\/2025\/04\/shell-tubes-pymp4kelvtk22ditsseiq4rs1wpafeijxd5zoc4bne.png","type":"image\/png"}],"twitter_card":"summary_large_image","twitter_misc":{"Est. reading time":"1 minute"},"schema":{"@context":"https:\/\/schema.org","@graph":[{"@type":"WebPage","@id":"https:\/\/geoclimate.ge\/az\/product\/shell-tubes-shell-tube-heat-recovery-heat-exchanger\/","url":"https:\/\/geoclimate.ge\/az\/product\/shell-tubes-shell-tube-heat-recovery-heat-exchanger\/","name":"Qab\u0131q v\u0259 boru istilik b\u0259rpas\u0131 Qab\u0131q v\u0259 boru istilik b\u0259rpas\u0131 Qab\u0131q v\u0259 borular HEAT EXCHANGER - GeoClimate.ge","isPartOf":{"@id":"https:\/\/geoclimate.ge\/#website"},"primaryImageOfPage":{"@id":"https:\/\/geoclimate.ge\/az\/product\/shell-tubes-shell-tube-heat-recovery-heat-exchanger\/#primaryimage"},"image":{"@id":"https:\/\/geoclimate.ge\/az\/product\/shell-tubes-shell-tube-heat-recovery-heat-exchanger\/#primaryimage"},"thumbnailUrl":"https:\/\/geoclimate.ge\/wp-content\/uploads\/2025\/04\/shell-tubes-pymp4kelvtk22ditsseiq4rs1wpafeijxd5zoc4bne.png","datePublished":"2025-04-21T17:46:34+00:00","dateModified":"2025-04-21T18:00:43+00:00","breadcrumb":{"@id":"https:\/\/geoclimate.ge\/az\/product\/shell-tubes-shell-tube-heat-recovery-heat-exchanger\/#breadcrumb"},"inLanguage":"az","potentialAction":[{"@type":"ReadAction","target":["https:\/\/geoclimate.ge\/az\/product\/shell-tubes-shell-tube-heat-recovery-heat-exchanger\/"]}]},{"@type":"ImageObject","inLanguage":"az","@id":"https:\/\/geoclimate.ge\/az\/product\/shell-tubes-shell-tube-heat-recovery-heat-exchanger\/#primaryimage","url":"https:\/\/geoclimate.ge\/wp-content\/uploads\/2025\/04\/shell-tubes-pymp4kelvtk22ditsseiq4rs1wpafeijxd5zoc4bne.png","contentUrl":"https:\/\/geoclimate.ge\/wp-content\/uploads\/2025\/04\/shell-tubes-pymp4kelvtk22ditsseiq4rs1wpafeijxd5zoc4bne.png","width":500,"height":281},{"@type":"BreadcrumbList","@id":"https:\/\/geoclimate.ge\/az\/product\/shell-tubes-shell-tube-heat-recovery-heat-exchanger\/#breadcrumb","itemListElement":[{"@type":"ListItem","position":1,"name":"Home","item":"https:\/\/geoclimate.ge\/az\/"},{"@type":"ListItem","position":2,"name":"M\u0259hsullar","item":"https:\/\/geoclimate.ge\/az\/products\/"},{"@type":"ListItem","position":3,"name":"Qab\u0131q v\u0259 boru istilik b\u0259rpas\u0131 Qab\u0131q v\u0259 boru istilik b\u0259rpas\u0131 Qab\u0131q v\u0259 borular HEAT EXCHANGER"}]},{"@type":"WebSite","@id":"https:\/\/geoclimate.ge\/#website","url":"https:\/\/geoclimate.ge\/","name":"GeoClimate","description":"","publisher":{"@id":"https:\/\/geoclimate.ge\/#organization"},"potentialAction":[{"@type":"SearchAction","target":{"@type":"EntryPoint","urlTemplate":"https:\/\/geoclimate.ge\/?s={search_term_string}"},"query-input":{"@type":"PropertyValueSpecification","valueRequired":true,"valueName":"search_term_string"}}],"inLanguage":"az"},{"@type":"Organization","@id":"https:\/\/geoclimate.ge\/#organization","name":"GeoClimate","url":"https:\/\/geoclimate.ge\/","logo":{"@type":"ImageObject","inLanguage":"az","@id":"https:\/\/geoclimate.ge\/#\/schema\/logo\/image\/","url":"https:\/\/geoclimate.ge\/wp-content\/uploads\/2026\/03\/geoclimate-SEO.png","contentUrl":"https:\/\/geoclimate.ge\/wp-content\/uploads\/2026\/03\/geoclimate-SEO.png","width":1536,"height":1024,"caption":"GeoClimate"},"image":{"@id":"https:\/\/geoclimate.ge\/#\/schema\/logo\/image\/"}}]}},"_links":{"self":[{"href":"https:\/\/geoclimate.ge\/az\/wp-json\/wp\/v2\/product\/30300","targetHints":{"allow":["GET"]}}],"collection":[{"href":"https:\/\/geoclimate.ge\/az\/wp-json\/wp\/v2\/product"}],"about":[{"href":"https:\/\/geoclimate.ge\/az\/wp-json\/wp\/v2\/types\/product"}],"wp:featuredmedia":[{"embeddable":true,"href":"https:\/\/geoclimate.ge\/az\/wp-json\/wp\/v2\/media\/30295"}],"wp:attachment":[{"href":"https:\/\/geoclimate.ge\/az\/wp-json\/wp\/v2\/media?parent=30300"}],"wp:term":[{"taxonomy":"product_brand","embeddable":true,"href":"https:\/\/geoclimate.ge\/az\/wp-json\/wp\/v2\/product_brand?post=30300"},{"taxonomy":"product_cat","embeddable":true,"href":"https:\/\/geoclimate.ge\/az\/wp-json\/wp\/v2\/product_cat?post=30300"},{"taxonomy":"product_tag","embeddable":true,"href":"https:\/\/geoclimate.ge\/az\/wp-json\/wp\/v2\/product_tag?post=30300"}],"curies":[{"name":"wp","href":"https:\/\/api.w.org\/{rel}","templated":true}]}}