{"id":30342,"date":"2025-01-01T22:07:19","date_gmt":"2025-01-01T18:07:19","guid":{"rendered":"https:\/\/airsystems.ge\/shop\/product\/co%e2%82%82-evaporating-coils\/"},"modified":"2025-06-07T15:31:20","modified_gmt":"2025-06-07T11:31:20","slug":"co%e2%82%82-evaporating-coils","status":"publish","type":"product","link":"https:\/\/geoclimate.ge\/az\/product\/co%e2%82%82-evaporating-coils\/","title":{"rendered":"CO\u2082 Buxarland\u0131r\u0131c\u0131 Bobinl\u0259r Spirales Nichrome-FeCrAl"},"content":{"rendered":"<div class=\"elementor-element elementor-element-391e72ec elementor-widget elementor-widget-theme-post-content\" data-id=\"391e72ec\" data-element_type=\"widget\" data-widget_type=\"theme-post-content.default\">\n<div class=\"elementor-widget-container\">\n<p>\u018fsas x\u00fcsusiyy\u0259tl\u0259r:<\/p>\n<p>360\u00b0 f\u0259rdil\u0259\u015fdirm\u0259 imkan\u0131<br \/>\nMaksimum dizayn t\u0259zyiqi 80bar<br \/>\nB\u00fct\u00fcn t\u0259tbiql\u0259r\u0259 v\u0259 b\u00fct\u00fcn \u00f6l\u00e7\u00fcl\u00fc m\u0259hdudiyy\u0259tl\u0259r\u0259 uy\u011funla\u015fmaq \u00fc\u00e7\u00fcn 5 h\u0259nd\u0259si m\u00f6vcuddur<br \/>\n6 boru m\u00f6vcuddur<br \/>\nB\u00fct\u00fcn termodinamik v\u0259 d\u00f6z\u00fcml\u00fcl\u00fck ehtiyaclar\u0131n\u0131 \u00f6d\u0259m\u0259k \u00fc\u00e7\u00fcn \u00fczg\u0259cl\u0259r \u00fc\u00e7\u00fcn 4 material m\u00f6vcuddur<br \/>\nOptimal defrost intervallar\u0131n\u0131 t\u0259min etm\u0259k \u00fc\u00e7\u00fcn 11,0 mm-\u0259 q\u0259d\u0259r qanad aral\u0131\u011f\u0131<br \/>\n\u00c7\u0259r\u00e7iv\u0259 \u00fc\u00e7\u00fcn m\u00fcxt\u0259lif materiallar, o c\u00fcml\u0259d\u0259n sinkl\u0259nmi\u015f polad, al\u00fcminium, paslanmayan polad, mis<br \/>\nAqressiv m\u00fchitl\u0259rd\u0259 m\u0259hsulun \u00f6mr\u00fcn\u00fc art\u0131rmaq \u00fc\u00e7\u00fcn 10 s\u0259th m\u00fcalic\u0259si m\u00f6vcuddur<\/p>\n<\/div>\n<\/div>\n<div class=\"elementor-element elementor-element-427e8a79 e-flex e-con-boxed e-con e-child\" data-id=\"427e8a79\" data-element_type=\"container\">\n<div class=\"e-con-inner\">\n<div class=\"elementor-element elementor-element-6e19ed90 hidebutton mc-bl elementor-align-left elementor-widget elementor-widget-button\" data-id=\"6e19ed90\" data-element_type=\"widget\" data-widget_type=\"button.default\">\n<div class=\"elementor-widget-container\">\n<div class=\"elementor-button-wrapper\"><a class=\"elementor-button elementor-button-link elementor-size-sm\" href=\"https:\/\/www.enextechnologies.com\/wp-content\/uploads\/2025\/03\/HX_COILS_Catalog_ENG.pdf\" target=\"_blank\" rel=\"noopener\"><span class=\"elementor-button-content-wrapper\"><span class=\"elementor-button-text\">PRODUCT CATALOG<\/span><\/span><\/a><\/div>\n<\/div>\n<\/div>\n<\/div>\n<\/div>\n","protected":false},"excerpt":{"rendered":"<p>Roen Est-in CO\u2082 Buxarlanan Coil istilik d\u0259yi\u015fdiricil\u0259ri buxarlanan CO\u2082-nin istifad\u0259sin\u0259 h\u0259sr olunub v\u0259 maksimum \u0259ld\u0259 edil\u0259 bil\u0259n t\u0259zyiql\u0259r v\u0259 dizaynla ba\u011fl\u0131 x\u00fcsusiyy\u0259tl\u0259r bax\u0131m\u0131ndan bu n\u00f6v t\u0259bii soyuducu il\u0259 ba\u011fl\u0131 b\u00fct\u00fcn ehtiyaclar\u0131 \u00f6d\u0259yir. Onlar m\u00fc\u015ft\u0259rinin ma\u015f\u0131n\u0131na v\u0259 ya sistemin\u0259 m\u00fck\u0259mm\u0259l \u015f\u0259kild\u0259 inteqrasiya oluna bilm\u0259si \u00fc\u00e7\u00fcn termodinamik performans v\u0259 \u00e7\u0259r\u00e7iv\u0259 uy\u011funlu\u011fu bax\u0131m\u0131ndan m\u00fc\u015ft\u0259ri spesifikasiyas\u0131na uy\u011fun olaraq haz\u0131rlanm\u0131\u015fd\u0131r.<\/p>\n","protected":false},"featured_media":30337,"template":"","meta":[],"product_brand":[],"product_cat":[875,1312],"product_tag":[],"class_list":{"0":"post-30342","1":"product","2":"type-product","3":"status-publish","4":"has-post-thumbnail","6":"product_cat-snaye-az-kondisionerlr","7":"product_cat-spirales-nichrome-fecral-az","9":"first","10":"instock","11":"shipping-taxable","12":"product-type-simple"},"yoast_head":"<!-- This site is optimized with the Yoast SEO plugin v27.1.1 - https:\/\/yoast.com\/product\/yoast-seo-wordpress\/ -->\n<title>CO\u2082 Buxarland\u0131r\u0131c\u0131 Bobinl\u0259r Spirales Nichrome-FeCrAl - GeoClimate.ge<\/title>\n<meta name=\"robots\" content=\"index, follow, max-snippet:-1, max-image-preview:large, max-video-preview:-1\" \/>\n<link rel=\"canonical\" href=\"https:\/\/geoclimate.ge\/az\/product\/co\u2082-evaporating-coils\/\" \/>\n<meta property=\"og:locale\" content=\"az_AZ\" \/>\n<meta property=\"og:type\" content=\"article\" \/>\n<meta property=\"og:title\" content=\"CO\u2082 Buxarland\u0131r\u0131c\u0131 Bobinl\u0259r Spirales Nichrome-FeCrAl - GeoClimate.ge\" \/>\n<meta property=\"og:description\" content=\"Roen Est-in CO\u2082 Buxarlanan Coil istilik d\u0259yi\u015fdiricil\u0259ri buxarlanan CO\u2082-nin istifad\u0259sin\u0259 h\u0259sr olunub v\u0259 maksimum \u0259ld\u0259 edil\u0259 bil\u0259n t\u0259zyiql\u0259r v\u0259 dizaynla ba\u011fl\u0131 x\u00fcsusiyy\u0259tl\u0259r bax\u0131m\u0131ndan bu n\u00f6v t\u0259bii soyuducu il\u0259 ba\u011fl\u0131 b\u00fct\u00fcn ehtiyaclar\u0131 \u00f6d\u0259yir. Onlar m\u00fc\u015ft\u0259rinin ma\u015f\u0131n\u0131na v\u0259 ya sistemin\u0259 m\u00fck\u0259mm\u0259l \u015f\u0259kild\u0259 inteqrasiya oluna bilm\u0259si \u00fc\u00e7\u00fcn termodinamik performans v\u0259 \u00e7\u0259r\u00e7iv\u0259 uy\u011funlu\u011fu bax\u0131m\u0131ndan m\u00fc\u015ft\u0259ri spesifikasiyas\u0131na uy\u011fun olaraq haz\u0131rlanm\u0131\u015fd\u0131r.\" \/>\n<meta property=\"og:url\" content=\"https:\/\/geoclimate.ge\/az\/product\/co\u2082-evaporating-coils\/\" \/>\n<meta property=\"og:site_name\" content=\"GeoClimate.ge\" \/>\n<meta property=\"article:modified_time\" content=\"2025-06-07T11:31:20+00:00\" \/>\n<meta property=\"og:image\" content=\"https:\/\/geoclimate.ge\/wp-content\/uploads\/2025\/04\/co2Evaporating-Coils-pymoz5tuhud7uzznn4rhmnznqws6m5rcqi4yun09og.png\" \/>\n\t<meta property=\"og:image:width\" content=\"384\" \/>\n\t<meta property=\"og:image:height\" content=\"500\" \/>\n\t<meta property=\"og:image:type\" content=\"image\/png\" \/>\n<meta name=\"twitter:card\" content=\"summary_large_image\" \/>\n<meta name=\"twitter:label1\" content=\"Est. reading time\" \/>\n\t<meta name=\"twitter:data1\" content=\"1 minute\" \/>\n<script type=\"application\/ld+json\" class=\"yoast-schema-graph\">{\"@context\":\"https:\/\/schema.org\",\"@graph\":[{\"@type\":\"WebPage\",\"@id\":\"https:\/\/geoclimate.ge\/az\/product\/co%e2%82%82-evaporating-coils\/\",\"url\":\"https:\/\/geoclimate.ge\/az\/product\/co%e2%82%82-evaporating-coils\/\",\"name\":\"CO\u2082 Buxarland\u0131r\u0131c\u0131 Bobinl\u0259r Spirales Nichrome-FeCrAl - GeoClimate.ge\",\"isPartOf\":{\"@id\":\"https:\/\/geoclimate.ge\/#website\"},\"primaryImageOfPage\":{\"@id\":\"https:\/\/geoclimate.ge\/az\/product\/co%e2%82%82-evaporating-coils\/#primaryimage\"},\"image\":{\"@id\":\"https:\/\/geoclimate.ge\/az\/product\/co%e2%82%82-evaporating-coils\/#primaryimage\"},\"thumbnailUrl\":\"https:\/\/geoclimate.ge\/wp-content\/uploads\/2025\/04\/co2Evaporating-Coils-pymoz5tuhud7uzznn4rhmnznqws6m5rcqi4yun09og.png\",\"datePublished\":\"2025-01-01T18:07:19+00:00\",\"dateModified\":\"2025-06-07T11:31:20+00:00\",\"breadcrumb\":{\"@id\":\"https:\/\/geoclimate.ge\/az\/product\/co%e2%82%82-evaporating-coils\/#breadcrumb\"},\"inLanguage\":\"az\",\"potentialAction\":[{\"@type\":\"ReadAction\",\"target\":[\"https:\/\/geoclimate.ge\/az\/product\/co%e2%82%82-evaporating-coils\/\"]}]},{\"@type\":\"ImageObject\",\"inLanguage\":\"az\",\"@id\":\"https:\/\/geoclimate.ge\/az\/product\/co%e2%82%82-evaporating-coils\/#primaryimage\",\"url\":\"https:\/\/geoclimate.ge\/wp-content\/uploads\/2025\/04\/co2Evaporating-Coils-pymoz5tuhud7uzznn4rhmnznqws6m5rcqi4yun09og.png\",\"contentUrl\":\"https:\/\/geoclimate.ge\/wp-content\/uploads\/2025\/04\/co2Evaporating-Coils-pymoz5tuhud7uzznn4rhmnznqws6m5rcqi4yun09og.png\",\"width\":384,\"height\":500},{\"@type\":\"BreadcrumbList\",\"@id\":\"https:\/\/geoclimate.ge\/az\/product\/co%e2%82%82-evaporating-coils\/#breadcrumb\",\"itemListElement\":[{\"@type\":\"ListItem\",\"position\":1,\"name\":\"Home\",\"item\":\"https:\/\/geoclimate.ge\/az\/\"},{\"@type\":\"ListItem\",\"position\":2,\"name\":\"M\u0259hsullar\",\"item\":\"https:\/\/geoclimate.ge\/az\/products\/\"},{\"@type\":\"ListItem\",\"position\":3,\"name\":\"CO\u2082 Buxarland\u0131r\u0131c\u0131 Bobinl\u0259r Spirales Nichrome-FeCrAl\"}]},{\"@type\":\"WebSite\",\"@id\":\"https:\/\/geoclimate.ge\/#website\",\"url\":\"https:\/\/geoclimate.ge\/\",\"name\":\"GeoClimate\",\"description\":\"\",\"publisher\":{\"@id\":\"https:\/\/geoclimate.ge\/#organization\"},\"potentialAction\":[{\"@type\":\"SearchAction\",\"target\":{\"@type\":\"EntryPoint\",\"urlTemplate\":\"https:\/\/geoclimate.ge\/?s={search_term_string}\"},\"query-input\":{\"@type\":\"PropertyValueSpecification\",\"valueRequired\":true,\"valueName\":\"search_term_string\"}}],\"inLanguage\":\"az\"},{\"@type\":\"Organization\",\"@id\":\"https:\/\/geoclimate.ge\/#organization\",\"name\":\"GeoClimate\",\"url\":\"https:\/\/geoclimate.ge\/\",\"logo\":{\"@type\":\"ImageObject\",\"inLanguage\":\"az\",\"@id\":\"https:\/\/geoclimate.ge\/#\/schema\/logo\/image\/\",\"url\":\"https:\/\/geoclimate.ge\/wp-content\/uploads\/2026\/03\/geoclimate-SEO.png\",\"contentUrl\":\"https:\/\/geoclimate.ge\/wp-content\/uploads\/2026\/03\/geoclimate-SEO.png\",\"width\":1536,\"height\":1024,\"caption\":\"GeoClimate\"},\"image\":{\"@id\":\"https:\/\/geoclimate.ge\/#\/schema\/logo\/image\/\"}}]}<\/script>\n<!-- \/ Yoast SEO plugin. -->","yoast_head_json":{"title":"CO\u2082 Buxarland\u0131r\u0131c\u0131 Bobinl\u0259r Spirales Nichrome-FeCrAl - GeoClimate.ge","robots":{"index":"index","follow":"follow","max-snippet":"max-snippet:-1","max-image-preview":"max-image-preview:large","max-video-preview":"max-video-preview:-1"},"canonical":"https:\/\/geoclimate.ge\/az\/product\/co\u2082-evaporating-coils\/","og_locale":"az_AZ","og_type":"article","og_title":"CO\u2082 Buxarland\u0131r\u0131c\u0131 Bobinl\u0259r Spirales Nichrome-FeCrAl - GeoClimate.ge","og_description":"Roen Est-in CO\u2082 Buxarlanan Coil istilik d\u0259yi\u015fdiricil\u0259ri buxarlanan CO\u2082-nin istifad\u0259sin\u0259 h\u0259sr olunub v\u0259 maksimum \u0259ld\u0259 edil\u0259 bil\u0259n t\u0259zyiql\u0259r v\u0259 dizaynla ba\u011fl\u0131 x\u00fcsusiyy\u0259tl\u0259r bax\u0131m\u0131ndan bu n\u00f6v t\u0259bii soyuducu il\u0259 ba\u011fl\u0131 b\u00fct\u00fcn ehtiyaclar\u0131 \u00f6d\u0259yir. Onlar m\u00fc\u015ft\u0259rinin ma\u015f\u0131n\u0131na v\u0259 ya sistemin\u0259 m\u00fck\u0259mm\u0259l \u015f\u0259kild\u0259 inteqrasiya oluna bilm\u0259si \u00fc\u00e7\u00fcn termodinamik performans v\u0259 \u00e7\u0259r\u00e7iv\u0259 uy\u011funlu\u011fu bax\u0131m\u0131ndan m\u00fc\u015ft\u0259ri spesifikasiyas\u0131na uy\u011fun olaraq haz\u0131rlanm\u0131\u015fd\u0131r.","og_url":"https:\/\/geoclimate.ge\/az\/product\/co\u2082-evaporating-coils\/","og_site_name":"GeoClimate.ge","article_modified_time":"2025-06-07T11:31:20+00:00","og_image":[{"width":384,"height":500,"url":"https:\/\/geoclimate.ge\/wp-content\/uploads\/2025\/04\/co2Evaporating-Coils-pymoz5tuhud7uzznn4rhmnznqws6m5rcqi4yun09og.png","type":"image\/png"}],"twitter_card":"summary_large_image","twitter_misc":{"Est. reading time":"1 minute"},"schema":{"@context":"https:\/\/schema.org","@graph":[{"@type":"WebPage","@id":"https:\/\/geoclimate.ge\/az\/product\/co%e2%82%82-evaporating-coils\/","url":"https:\/\/geoclimate.ge\/az\/product\/co%e2%82%82-evaporating-coils\/","name":"CO\u2082 Buxarland\u0131r\u0131c\u0131 Bobinl\u0259r Spirales Nichrome-FeCrAl - GeoClimate.ge","isPartOf":{"@id":"https:\/\/geoclimate.ge\/#website"},"primaryImageOfPage":{"@id":"https:\/\/geoclimate.ge\/az\/product\/co%e2%82%82-evaporating-coils\/#primaryimage"},"image":{"@id":"https:\/\/geoclimate.ge\/az\/product\/co%e2%82%82-evaporating-coils\/#primaryimage"},"thumbnailUrl":"https:\/\/geoclimate.ge\/wp-content\/uploads\/2025\/04\/co2Evaporating-Coils-pymoz5tuhud7uzznn4rhmnznqws6m5rcqi4yun09og.png","datePublished":"2025-01-01T18:07:19+00:00","dateModified":"2025-06-07T11:31:20+00:00","breadcrumb":{"@id":"https:\/\/geoclimate.ge\/az\/product\/co%e2%82%82-evaporating-coils\/#breadcrumb"},"inLanguage":"az","potentialAction":[{"@type":"ReadAction","target":["https:\/\/geoclimate.ge\/az\/product\/co%e2%82%82-evaporating-coils\/"]}]},{"@type":"ImageObject","inLanguage":"az","@id":"https:\/\/geoclimate.ge\/az\/product\/co%e2%82%82-evaporating-coils\/#primaryimage","url":"https:\/\/geoclimate.ge\/wp-content\/uploads\/2025\/04\/co2Evaporating-Coils-pymoz5tuhud7uzznn4rhmnznqws6m5rcqi4yun09og.png","contentUrl":"https:\/\/geoclimate.ge\/wp-content\/uploads\/2025\/04\/co2Evaporating-Coils-pymoz5tuhud7uzznn4rhmnznqws6m5rcqi4yun09og.png","width":384,"height":500},{"@type":"BreadcrumbList","@id":"https:\/\/geoclimate.ge\/az\/product\/co%e2%82%82-evaporating-coils\/#breadcrumb","itemListElement":[{"@type":"ListItem","position":1,"name":"Home","item":"https:\/\/geoclimate.ge\/az\/"},{"@type":"ListItem","position":2,"name":"M\u0259hsullar","item":"https:\/\/geoclimate.ge\/az\/products\/"},{"@type":"ListItem","position":3,"name":"CO\u2082 Buxarland\u0131r\u0131c\u0131 Bobinl\u0259r Spirales Nichrome-FeCrAl"}]},{"@type":"WebSite","@id":"https:\/\/geoclimate.ge\/#website","url":"https:\/\/geoclimate.ge\/","name":"GeoClimate","description":"","publisher":{"@id":"https:\/\/geoclimate.ge\/#organization"},"potentialAction":[{"@type":"SearchAction","target":{"@type":"EntryPoint","urlTemplate":"https:\/\/geoclimate.ge\/?s={search_term_string}"},"query-input":{"@type":"PropertyValueSpecification","valueRequired":true,"valueName":"search_term_string"}}],"inLanguage":"az"},{"@type":"Organization","@id":"https:\/\/geoclimate.ge\/#organization","name":"GeoClimate","url":"https:\/\/geoclimate.ge\/","logo":{"@type":"ImageObject","inLanguage":"az","@id":"https:\/\/geoclimate.ge\/#\/schema\/logo\/image\/","url":"https:\/\/geoclimate.ge\/wp-content\/uploads\/2026\/03\/geoclimate-SEO.png","contentUrl":"https:\/\/geoclimate.ge\/wp-content\/uploads\/2026\/03\/geoclimate-SEO.png","width":1536,"height":1024,"caption":"GeoClimate"},"image":{"@id":"https:\/\/geoclimate.ge\/#\/schema\/logo\/image\/"}}]}},"_links":{"self":[{"href":"https:\/\/geoclimate.ge\/az\/wp-json\/wp\/v2\/product\/30342","targetHints":{"allow":["GET"]}}],"collection":[{"href":"https:\/\/geoclimate.ge\/az\/wp-json\/wp\/v2\/product"}],"about":[{"href":"https:\/\/geoclimate.ge\/az\/wp-json\/wp\/v2\/types\/product"}],"wp:featuredmedia":[{"embeddable":true,"href":"https:\/\/geoclimate.ge\/az\/wp-json\/wp\/v2\/media\/30337"}],"wp:attachment":[{"href":"https:\/\/geoclimate.ge\/az\/wp-json\/wp\/v2\/media?parent=30342"}],"wp:term":[{"taxonomy":"product_brand","embeddable":true,"href":"https:\/\/geoclimate.ge\/az\/wp-json\/wp\/v2\/product_brand?post=30342"},{"taxonomy":"product_cat","embeddable":true,"href":"https:\/\/geoclimate.ge\/az\/wp-json\/wp\/v2\/product_cat?post=30342"},{"taxonomy":"product_tag","embeddable":true,"href":"https:\/\/geoclimate.ge\/az\/wp-json\/wp\/v2\/product_tag?post=30342"}],"curies":[{"name":"wp","href":"https:\/\/api.w.org\/{rel}","templated":true}]}}