{"id":30406,"date":"2025-01-01T22:02:29","date_gmt":"2025-01-01T18:02:29","guid":{"rendered":"https:\/\/airsystems.ge\/shop\/product\/steam-coils\/"},"modified":"2025-06-07T16:10:15","modified_gmt":"2025-06-07T12:10:15","slug":"steam-coils","status":"publish","type":"product","link":"https:\/\/geoclimate.ge\/az\/product\/steam-coils\/","title":{"rendered":"Buxar Bobinl\u0259ri Spirales Nichrome-FeCrAl"},"content":{"rendered":"<p>\u018fsas x\u00fcsusiyy\u0259tl\u0259r:<\/p>\n<p>Buxar, A\u015f\u0131r\u0131 Q\u0131zd\u0131r\u0131lm\u0131\u015f Buxar v\u0259 A\u015f\u0131r\u0131 T\u0259zyiqli Buxarla uy\u011fun g\u0259lir<br \/>\n360\u00b0 f\u0259rdil\u0259\u015fdirm\u0259 imkan\u0131<br \/>\n\u0130nox borular\u0131 (304L v\u0259 316L) il\u0259 b\u00fct\u00fcn performans ehtiyaclar\u0131na cavab verm\u0259k \u00fc\u00e7\u00fcn 2 h\u0259nd\u0259s\u0259 m\u00f6vcuddur<br \/>\nM\u00fcxt\u0259lif diametrl\u0259rd\u0259 v\u0259 qal\u0131nl\u0131qlarda 2 boru m\u00f6vcuddur<br \/>\nB\u00fct\u00fcn termodinamik v\u0259 m\u0259hsul m\u00fcdd\u0259ti ehtiyaclar\u0131na cavab verm\u0259k \u00fc\u00e7\u00fcn \u00fczg\u0259cl\u0259r \u00fc\u00e7\u00fcn 4 material m\u00f6vcuddur<br \/>\nM\u00fcbadil\u0259 cihaz\u0131n\u0131n \u00f6l\u00e7\u00fcs\u00fcn\u00fc kompakt saxlayark\u0259n istilik m\u00fcbadil\u0259sini art\u0131rmaq \u00fc\u00e7\u00fcn y\u00fcks\u0259k effektiv qanadlar\u0131n m\u00f6vcudlu\u011fu<br \/>\n\u00c7\u0259r\u00e7iv\u0259 \u00fc\u00e7\u00fcn m\u00fcxt\u0259lif materiallar, o c\u00fcml\u0259d\u0259n sinkl\u0259nmi\u015f polad, al\u00fcminium, paslanmayan v\u0259 mis.<\/p>\n","protected":false},"excerpt":{"rendered":"<p>MORGANA Buxar rulonlar\u0131 (v\u0259 ya HX) isitm\u0259 proqramlar\u0131 \u00fc\u00e7\u00fcn istifad\u0259 olunur v\u0259 onlar h\u0259m\u00e7inin AHU il\u0259 birl\u0259\u015fdiril\u0259 bil\u0259r.<\/p>\n","protected":false},"featured_media":30401,"template":"","meta":[],"product_brand":[],"product_cat":[875,1312],"product_tag":[],"class_list":{"0":"post-30406","1":"product","2":"type-product","3":"status-publish","4":"has-post-thumbnail","6":"product_cat-snaye-az-kondisionerlr","7":"product_cat-spirales-nichrome-fecral-az","9":"first","10":"instock","11":"shipping-taxable","12":"product-type-simple"},"yoast_head":"<!-- This site is optimized with the Yoast SEO plugin v27.1.1 - https:\/\/yoast.com\/product\/yoast-seo-wordpress\/ -->\n<title>Buxar Bobinl\u0259ri Spirales Nichrome-FeCrAl - GeoClimate.ge<\/title>\n<meta name=\"robots\" content=\"index, follow, max-snippet:-1, max-image-preview:large, max-video-preview:-1\" \/>\n<link rel=\"canonical\" href=\"https:\/\/geoclimate.ge\/az\/product\/steam-coils\/\" \/>\n<meta property=\"og:locale\" content=\"az_AZ\" \/>\n<meta property=\"og:type\" content=\"article\" \/>\n<meta property=\"og:title\" content=\"Buxar Bobinl\u0259ri Spirales Nichrome-FeCrAl - GeoClimate.ge\" \/>\n<meta property=\"og:description\" content=\"MORGANA Buxar rulonlar\u0131 (v\u0259 ya HX) isitm\u0259 proqramlar\u0131 \u00fc\u00e7\u00fcn istifad\u0259 olunur v\u0259 onlar h\u0259m\u00e7inin AHU il\u0259 birl\u0259\u015fdiril\u0259 bil\u0259r.\" \/>\n<meta property=\"og:url\" content=\"https:\/\/geoclimate.ge\/az\/product\/steam-coils\/\" \/>\n<meta property=\"og:site_name\" content=\"GeoClimate.ge\" \/>\n<meta property=\"article:modified_time\" content=\"2025-06-07T12:10:15+00:00\" \/>\n<meta property=\"og:image\" content=\"https:\/\/geoclimate.ge\/wp-content\/uploads\/2025\/04\/steam_coils-q9skjgf4qiihjy0uur8z3g8oc8p5kfv570jcunru2o.png\" \/>\n\t<meta property=\"og:image:width\" content=\"453\" \/>\n\t<meta property=\"og:image:height\" content=\"500\" \/>\n\t<meta property=\"og:image:type\" content=\"image\/png\" \/>\n<meta name=\"twitter:card\" content=\"summary_large_image\" \/>\n<meta name=\"twitter:label1\" content=\"Est. reading time\" \/>\n\t<meta name=\"twitter:data1\" content=\"1 minute\" \/>\n<script type=\"application\/ld+json\" class=\"yoast-schema-graph\">{\"@context\":\"https:\/\/schema.org\",\"@graph\":[{\"@type\":\"WebPage\",\"@id\":\"https:\/\/geoclimate.ge\/az\/product\/steam-coils\/\",\"url\":\"https:\/\/geoclimate.ge\/az\/product\/steam-coils\/\",\"name\":\"Buxar Bobinl\u0259ri Spirales Nichrome-FeCrAl - GeoClimate.ge\",\"isPartOf\":{\"@id\":\"https:\/\/geoclimate.ge\/#website\"},\"primaryImageOfPage\":{\"@id\":\"https:\/\/geoclimate.ge\/az\/product\/steam-coils\/#primaryimage\"},\"image\":{\"@id\":\"https:\/\/geoclimate.ge\/az\/product\/steam-coils\/#primaryimage\"},\"thumbnailUrl\":\"https:\/\/geoclimate.ge\/wp-content\/uploads\/2025\/04\/steam_coils-q9skjgf4qiihjy0uur8z3g8oc8p5kfv570jcunru2o.png\",\"datePublished\":\"2025-01-01T18:02:29+00:00\",\"dateModified\":\"2025-06-07T12:10:15+00:00\",\"breadcrumb\":{\"@id\":\"https:\/\/geoclimate.ge\/az\/product\/steam-coils\/#breadcrumb\"},\"inLanguage\":\"az\",\"potentialAction\":[{\"@type\":\"ReadAction\",\"target\":[\"https:\/\/geoclimate.ge\/az\/product\/steam-coils\/\"]}]},{\"@type\":\"ImageObject\",\"inLanguage\":\"az\",\"@id\":\"https:\/\/geoclimate.ge\/az\/product\/steam-coils\/#primaryimage\",\"url\":\"https:\/\/geoclimate.ge\/wp-content\/uploads\/2025\/04\/steam_coils-q9skjgf4qiihjy0uur8z3g8oc8p5kfv570jcunru2o.png\",\"contentUrl\":\"https:\/\/geoclimate.ge\/wp-content\/uploads\/2025\/04\/steam_coils-q9skjgf4qiihjy0uur8z3g8oc8p5kfv570jcunru2o.png\",\"width\":453,\"height\":500},{\"@type\":\"BreadcrumbList\",\"@id\":\"https:\/\/geoclimate.ge\/az\/product\/steam-coils\/#breadcrumb\",\"itemListElement\":[{\"@type\":\"ListItem\",\"position\":1,\"name\":\"Home\",\"item\":\"https:\/\/geoclimate.ge\/az\/\"},{\"@type\":\"ListItem\",\"position\":2,\"name\":\"M\u0259hsullar\",\"item\":\"https:\/\/geoclimate.ge\/az\/products\/\"},{\"@type\":\"ListItem\",\"position\":3,\"name\":\"Buxar Bobinl\u0259ri Spirales Nichrome-FeCrAl\"}]},{\"@type\":\"WebSite\",\"@id\":\"https:\/\/geoclimate.ge\/#website\",\"url\":\"https:\/\/geoclimate.ge\/\",\"name\":\"GeoClimate\",\"description\":\"\",\"publisher\":{\"@id\":\"https:\/\/geoclimate.ge\/#organization\"},\"potentialAction\":[{\"@type\":\"SearchAction\",\"target\":{\"@type\":\"EntryPoint\",\"urlTemplate\":\"https:\/\/geoclimate.ge\/?s={search_term_string}\"},\"query-input\":{\"@type\":\"PropertyValueSpecification\",\"valueRequired\":true,\"valueName\":\"search_term_string\"}}],\"inLanguage\":\"az\"},{\"@type\":\"Organization\",\"@id\":\"https:\/\/geoclimate.ge\/#organization\",\"name\":\"GeoClimate\",\"url\":\"https:\/\/geoclimate.ge\/\",\"logo\":{\"@type\":\"ImageObject\",\"inLanguage\":\"az\",\"@id\":\"https:\/\/geoclimate.ge\/#\/schema\/logo\/image\/\",\"url\":\"https:\/\/geoclimate.ge\/wp-content\/uploads\/2026\/03\/geoclimate-SEO.png\",\"contentUrl\":\"https:\/\/geoclimate.ge\/wp-content\/uploads\/2026\/03\/geoclimate-SEO.png\",\"width\":1536,\"height\":1024,\"caption\":\"GeoClimate\"},\"image\":{\"@id\":\"https:\/\/geoclimate.ge\/#\/schema\/logo\/image\/\"}}]}<\/script>\n<!-- \/ Yoast SEO plugin. -->","yoast_head_json":{"title":"Buxar Bobinl\u0259ri Spirales Nichrome-FeCrAl - GeoClimate.ge","robots":{"index":"index","follow":"follow","max-snippet":"max-snippet:-1","max-image-preview":"max-image-preview:large","max-video-preview":"max-video-preview:-1"},"canonical":"https:\/\/geoclimate.ge\/az\/product\/steam-coils\/","og_locale":"az_AZ","og_type":"article","og_title":"Buxar Bobinl\u0259ri Spirales Nichrome-FeCrAl - GeoClimate.ge","og_description":"MORGANA Buxar rulonlar\u0131 (v\u0259 ya HX) isitm\u0259 proqramlar\u0131 \u00fc\u00e7\u00fcn istifad\u0259 olunur v\u0259 onlar h\u0259m\u00e7inin AHU il\u0259 birl\u0259\u015fdiril\u0259 bil\u0259r.","og_url":"https:\/\/geoclimate.ge\/az\/product\/steam-coils\/","og_site_name":"GeoClimate.ge","article_modified_time":"2025-06-07T12:10:15+00:00","og_image":[{"width":453,"height":500,"url":"https:\/\/geoclimate.ge\/wp-content\/uploads\/2025\/04\/steam_coils-q9skjgf4qiihjy0uur8z3g8oc8p5kfv570jcunru2o.png","type":"image\/png"}],"twitter_card":"summary_large_image","twitter_misc":{"Est. reading time":"1 minute"},"schema":{"@context":"https:\/\/schema.org","@graph":[{"@type":"WebPage","@id":"https:\/\/geoclimate.ge\/az\/product\/steam-coils\/","url":"https:\/\/geoclimate.ge\/az\/product\/steam-coils\/","name":"Buxar Bobinl\u0259ri Spirales Nichrome-FeCrAl - GeoClimate.ge","isPartOf":{"@id":"https:\/\/geoclimate.ge\/#website"},"primaryImageOfPage":{"@id":"https:\/\/geoclimate.ge\/az\/product\/steam-coils\/#primaryimage"},"image":{"@id":"https:\/\/geoclimate.ge\/az\/product\/steam-coils\/#primaryimage"},"thumbnailUrl":"https:\/\/geoclimate.ge\/wp-content\/uploads\/2025\/04\/steam_coils-q9skjgf4qiihjy0uur8z3g8oc8p5kfv570jcunru2o.png","datePublished":"2025-01-01T18:02:29+00:00","dateModified":"2025-06-07T12:10:15+00:00","breadcrumb":{"@id":"https:\/\/geoclimate.ge\/az\/product\/steam-coils\/#breadcrumb"},"inLanguage":"az","potentialAction":[{"@type":"ReadAction","target":["https:\/\/geoclimate.ge\/az\/product\/steam-coils\/"]}]},{"@type":"ImageObject","inLanguage":"az","@id":"https:\/\/geoclimate.ge\/az\/product\/steam-coils\/#primaryimage","url":"https:\/\/geoclimate.ge\/wp-content\/uploads\/2025\/04\/steam_coils-q9skjgf4qiihjy0uur8z3g8oc8p5kfv570jcunru2o.png","contentUrl":"https:\/\/geoclimate.ge\/wp-content\/uploads\/2025\/04\/steam_coils-q9skjgf4qiihjy0uur8z3g8oc8p5kfv570jcunru2o.png","width":453,"height":500},{"@type":"BreadcrumbList","@id":"https:\/\/geoclimate.ge\/az\/product\/steam-coils\/#breadcrumb","itemListElement":[{"@type":"ListItem","position":1,"name":"Home","item":"https:\/\/geoclimate.ge\/az\/"},{"@type":"ListItem","position":2,"name":"M\u0259hsullar","item":"https:\/\/geoclimate.ge\/az\/products\/"},{"@type":"ListItem","position":3,"name":"Buxar Bobinl\u0259ri Spirales Nichrome-FeCrAl"}]},{"@type":"WebSite","@id":"https:\/\/geoclimate.ge\/#website","url":"https:\/\/geoclimate.ge\/","name":"GeoClimate","description":"","publisher":{"@id":"https:\/\/geoclimate.ge\/#organization"},"potentialAction":[{"@type":"SearchAction","target":{"@type":"EntryPoint","urlTemplate":"https:\/\/geoclimate.ge\/?s={search_term_string}"},"query-input":{"@type":"PropertyValueSpecification","valueRequired":true,"valueName":"search_term_string"}}],"inLanguage":"az"},{"@type":"Organization","@id":"https:\/\/geoclimate.ge\/#organization","name":"GeoClimate","url":"https:\/\/geoclimate.ge\/","logo":{"@type":"ImageObject","inLanguage":"az","@id":"https:\/\/geoclimate.ge\/#\/schema\/logo\/image\/","url":"https:\/\/geoclimate.ge\/wp-content\/uploads\/2026\/03\/geoclimate-SEO.png","contentUrl":"https:\/\/geoclimate.ge\/wp-content\/uploads\/2026\/03\/geoclimate-SEO.png","width":1536,"height":1024,"caption":"GeoClimate"},"image":{"@id":"https:\/\/geoclimate.ge\/#\/schema\/logo\/image\/"}}]}},"_links":{"self":[{"href":"https:\/\/geoclimate.ge\/az\/wp-json\/wp\/v2\/product\/30406","targetHints":{"allow":["GET"]}}],"collection":[{"href":"https:\/\/geoclimate.ge\/az\/wp-json\/wp\/v2\/product"}],"about":[{"href":"https:\/\/geoclimate.ge\/az\/wp-json\/wp\/v2\/types\/product"}],"wp:featuredmedia":[{"embeddable":true,"href":"https:\/\/geoclimate.ge\/az\/wp-json\/wp\/v2\/media\/30401"}],"wp:attachment":[{"href":"https:\/\/geoclimate.ge\/az\/wp-json\/wp\/v2\/media?parent=30406"}],"wp:term":[{"taxonomy":"product_brand","embeddable":true,"href":"https:\/\/geoclimate.ge\/az\/wp-json\/wp\/v2\/product_brand?post=30406"},{"taxonomy":"product_cat","embeddable":true,"href":"https:\/\/geoclimate.ge\/az\/wp-json\/wp\/v2\/product_cat?post=30406"},{"taxonomy":"product_tag","embeddable":true,"href":"https:\/\/geoclimate.ge\/az\/wp-json\/wp\/v2\/product_tag?post=30406"}],"curies":[{"name":"wp","href":"https:\/\/api.w.org\/{rel}","templated":true}]}}