{"id":30420,"date":"2025-01-01T22:01:33","date_gmt":"2025-01-01T18:01:33","guid":{"rendered":"https:\/\/airsystems.ge\/shop\/product\/coils-for-hydrocooling-special-coils-for-hydrocooling-applications\/"},"modified":"2025-06-07T16:17:55","modified_gmt":"2025-06-07T12:17:55","slug":"coils-for-hydrocooling-special-coils-for-hydrocooling-applications","status":"publish","type":"product","link":"https:\/\/geoclimate.ge\/az\/product\/coils-for-hydrocooling-special-coils-for-hydrocooling-applications\/","title":{"rendered":"Hidrosoyutma \u00fc\u00e7\u00fcn rulonlar Hidrosoyutma t\u0259tbiql\u0259ri \u00fc\u00e7\u00fcn x\u00fcsusi rulonlar. Spirales Nichrome-FeCrAl"},"content":{"rendered":"","protected":false},"excerpt":{"rendered":"","protected":false},"featured_media":30413,"template":"","meta":[],"product_brand":[],"product_cat":[875,1312],"product_tag":[],"class_list":{"0":"post-30420","1":"product","2":"type-product","3":"status-publish","4":"has-post-thumbnail","6":"product_cat-snaye-az-kondisionerlr","7":"product_cat-spirales-nichrome-fecral-az","9":"first","10":"instock","11":"shipping-taxable","12":"product-type-simple"},"yoast_head":"<!-- This site is optimized with the Yoast SEO plugin v27.1.1 - https:\/\/yoast.com\/product\/yoast-seo-wordpress\/ -->\n<title>Hidrosoyutma \u00fc\u00e7\u00fcn rulonlar Hidrosoyutma t\u0259tbiql\u0259ri \u00fc\u00e7\u00fcn x\u00fcsusi rulonlar. Spirales Nichrome-FeCrAl - GeoClimate.ge<\/title>\n<meta name=\"robots\" content=\"index, follow, max-snippet:-1, max-image-preview:large, max-video-preview:-1\" \/>\n<link rel=\"canonical\" href=\"https:\/\/geoclimate.ge\/az\/product\/coils-for-hydrocooling-special-coils-for-hydrocooling-applications\/\" \/>\n<meta property=\"og:locale\" content=\"az_AZ\" \/>\n<meta property=\"og:type\" content=\"article\" \/>\n<meta property=\"og:title\" content=\"Hidrosoyutma \u00fc\u00e7\u00fcn rulonlar Hidrosoyutma t\u0259tbiql\u0259ri \u00fc\u00e7\u00fcn x\u00fcsusi rulonlar. Spirales Nichrome-FeCrAl - GeoClimate.ge\" \/>\n<meta property=\"og:url\" content=\"https:\/\/geoclimate.ge\/az\/product\/coils-for-hydrocooling-special-coils-for-hydrocooling-applications\/\" \/>\n<meta property=\"og:site_name\" content=\"GeoClimate.ge\" \/>\n<meta property=\"article:modified_time\" content=\"2025-06-07T12:17:55+00:00\" \/>\n<meta property=\"og:image\" content=\"https:\/\/geoclimate.ge\/wp-content\/uploads\/2025\/04\/Coils-For-Hydrocooling-qdd9fjvaxepfclu6r3i2wu9d497bf6xq8dcg6od1kk.png\" \/>\n\t<meta property=\"og:image:width\" content=\"700\" \/>\n\t<meta property=\"og:image:height\" content=\"466\" \/>\n\t<meta property=\"og:image:type\" content=\"image\/png\" \/>\n<meta name=\"twitter:card\" content=\"summary_large_image\" \/>\n<script type=\"application\/ld+json\" class=\"yoast-schema-graph\">{\"@context\":\"https:\/\/schema.org\",\"@graph\":[{\"@type\":\"WebPage\",\"@id\":\"https:\/\/geoclimate.ge\/az\/product\/coils-for-hydrocooling-special-coils-for-hydrocooling-applications\/\",\"url\":\"https:\/\/geoclimate.ge\/az\/product\/coils-for-hydrocooling-special-coils-for-hydrocooling-applications\/\",\"name\":\"Hidrosoyutma \u00fc\u00e7\u00fcn rulonlar Hidrosoyutma t\u0259tbiql\u0259ri \u00fc\u00e7\u00fcn x\u00fcsusi rulonlar. Spirales Nichrome-FeCrAl - GeoClimate.ge\",\"isPartOf\":{\"@id\":\"https:\/\/geoclimate.ge\/#website\"},\"primaryImageOfPage\":{\"@id\":\"https:\/\/geoclimate.ge\/az\/product\/coils-for-hydrocooling-special-coils-for-hydrocooling-applications\/#primaryimage\"},\"image\":{\"@id\":\"https:\/\/geoclimate.ge\/az\/product\/coils-for-hydrocooling-special-coils-for-hydrocooling-applications\/#primaryimage\"},\"thumbnailUrl\":\"https:\/\/geoclimate.ge\/wp-content\/uploads\/2025\/04\/Coils-For-Hydrocooling-qdd9fjvaxepfclu6r3i2wu9d497bf6xq8dcg6od1kk.png\",\"datePublished\":\"2025-01-01T18:01:33+00:00\",\"dateModified\":\"2025-06-07T12:17:55+00:00\",\"breadcrumb\":{\"@id\":\"https:\/\/geoclimate.ge\/az\/product\/coils-for-hydrocooling-special-coils-for-hydrocooling-applications\/#breadcrumb\"},\"inLanguage\":\"az\",\"potentialAction\":[{\"@type\":\"ReadAction\",\"target\":[\"https:\/\/geoclimate.ge\/az\/product\/coils-for-hydrocooling-special-coils-for-hydrocooling-applications\/\"]}]},{\"@type\":\"ImageObject\",\"inLanguage\":\"az\",\"@id\":\"https:\/\/geoclimate.ge\/az\/product\/coils-for-hydrocooling-special-coils-for-hydrocooling-applications\/#primaryimage\",\"url\":\"https:\/\/geoclimate.ge\/wp-content\/uploads\/2025\/04\/Coils-For-Hydrocooling-qdd9fjvaxepfclu6r3i2wu9d497bf6xq8dcg6od1kk.png\",\"contentUrl\":\"https:\/\/geoclimate.ge\/wp-content\/uploads\/2025\/04\/Coils-For-Hydrocooling-qdd9fjvaxepfclu6r3i2wu9d497bf6xq8dcg6od1kk.png\",\"width\":700,\"height\":466},{\"@type\":\"BreadcrumbList\",\"@id\":\"https:\/\/geoclimate.ge\/az\/product\/coils-for-hydrocooling-special-coils-for-hydrocooling-applications\/#breadcrumb\",\"itemListElement\":[{\"@type\":\"ListItem\",\"position\":1,\"name\":\"Home\",\"item\":\"https:\/\/geoclimate.ge\/az\/\"},{\"@type\":\"ListItem\",\"position\":2,\"name\":\"M\u0259hsullar\",\"item\":\"https:\/\/geoclimate.ge\/az\/products\/\"},{\"@type\":\"ListItem\",\"position\":3,\"name\":\"Hidrosoyutma \u00fc\u00e7\u00fcn rulonlar Hidrosoyutma t\u0259tbiql\u0259ri \u00fc\u00e7\u00fcn x\u00fcsusi rulonlar. Spirales Nichrome-FeCrAl\"}]},{\"@type\":\"WebSite\",\"@id\":\"https:\/\/geoclimate.ge\/#website\",\"url\":\"https:\/\/geoclimate.ge\/\",\"name\":\"GeoClimate\",\"description\":\"\",\"publisher\":{\"@id\":\"https:\/\/geoclimate.ge\/#organization\"},\"potentialAction\":[{\"@type\":\"SearchAction\",\"target\":{\"@type\":\"EntryPoint\",\"urlTemplate\":\"https:\/\/geoclimate.ge\/?s={search_term_string}\"},\"query-input\":{\"@type\":\"PropertyValueSpecification\",\"valueRequired\":true,\"valueName\":\"search_term_string\"}}],\"inLanguage\":\"az\"},{\"@type\":\"Organization\",\"@id\":\"https:\/\/geoclimate.ge\/#organization\",\"name\":\"GeoClimate\",\"url\":\"https:\/\/geoclimate.ge\/\",\"logo\":{\"@type\":\"ImageObject\",\"inLanguage\":\"az\",\"@id\":\"https:\/\/geoclimate.ge\/#\/schema\/logo\/image\/\",\"url\":\"https:\/\/geoclimate.ge\/wp-content\/uploads\/2026\/03\/geoclimate-SEO.png\",\"contentUrl\":\"https:\/\/geoclimate.ge\/wp-content\/uploads\/2026\/03\/geoclimate-SEO.png\",\"width\":1536,\"height\":1024,\"caption\":\"GeoClimate\"},\"image\":{\"@id\":\"https:\/\/geoclimate.ge\/#\/schema\/logo\/image\/\"}}]}<\/script>\n<!-- \/ Yoast SEO plugin. -->","yoast_head_json":{"title":"Hidrosoyutma \u00fc\u00e7\u00fcn rulonlar Hidrosoyutma t\u0259tbiql\u0259ri \u00fc\u00e7\u00fcn x\u00fcsusi rulonlar. Spirales Nichrome-FeCrAl - GeoClimate.ge","robots":{"index":"index","follow":"follow","max-snippet":"max-snippet:-1","max-image-preview":"max-image-preview:large","max-video-preview":"max-video-preview:-1"},"canonical":"https:\/\/geoclimate.ge\/az\/product\/coils-for-hydrocooling-special-coils-for-hydrocooling-applications\/","og_locale":"az_AZ","og_type":"article","og_title":"Hidrosoyutma \u00fc\u00e7\u00fcn rulonlar Hidrosoyutma t\u0259tbiql\u0259ri \u00fc\u00e7\u00fcn x\u00fcsusi rulonlar. Spirales Nichrome-FeCrAl - GeoClimate.ge","og_url":"https:\/\/geoclimate.ge\/az\/product\/coils-for-hydrocooling-special-coils-for-hydrocooling-applications\/","og_site_name":"GeoClimate.ge","article_modified_time":"2025-06-07T12:17:55+00:00","og_image":[{"width":700,"height":466,"url":"https:\/\/geoclimate.ge\/wp-content\/uploads\/2025\/04\/Coils-For-Hydrocooling-qdd9fjvaxepfclu6r3i2wu9d497bf6xq8dcg6od1kk.png","type":"image\/png"}],"twitter_card":"summary_large_image","schema":{"@context":"https:\/\/schema.org","@graph":[{"@type":"WebPage","@id":"https:\/\/geoclimate.ge\/az\/product\/coils-for-hydrocooling-special-coils-for-hydrocooling-applications\/","url":"https:\/\/geoclimate.ge\/az\/product\/coils-for-hydrocooling-special-coils-for-hydrocooling-applications\/","name":"Hidrosoyutma \u00fc\u00e7\u00fcn rulonlar Hidrosoyutma t\u0259tbiql\u0259ri \u00fc\u00e7\u00fcn x\u00fcsusi rulonlar. Spirales Nichrome-FeCrAl - GeoClimate.ge","isPartOf":{"@id":"https:\/\/geoclimate.ge\/#website"},"primaryImageOfPage":{"@id":"https:\/\/geoclimate.ge\/az\/product\/coils-for-hydrocooling-special-coils-for-hydrocooling-applications\/#primaryimage"},"image":{"@id":"https:\/\/geoclimate.ge\/az\/product\/coils-for-hydrocooling-special-coils-for-hydrocooling-applications\/#primaryimage"},"thumbnailUrl":"https:\/\/geoclimate.ge\/wp-content\/uploads\/2025\/04\/Coils-For-Hydrocooling-qdd9fjvaxepfclu6r3i2wu9d497bf6xq8dcg6od1kk.png","datePublished":"2025-01-01T18:01:33+00:00","dateModified":"2025-06-07T12:17:55+00:00","breadcrumb":{"@id":"https:\/\/geoclimate.ge\/az\/product\/coils-for-hydrocooling-special-coils-for-hydrocooling-applications\/#breadcrumb"},"inLanguage":"az","potentialAction":[{"@type":"ReadAction","target":["https:\/\/geoclimate.ge\/az\/product\/coils-for-hydrocooling-special-coils-for-hydrocooling-applications\/"]}]},{"@type":"ImageObject","inLanguage":"az","@id":"https:\/\/geoclimate.ge\/az\/product\/coils-for-hydrocooling-special-coils-for-hydrocooling-applications\/#primaryimage","url":"https:\/\/geoclimate.ge\/wp-content\/uploads\/2025\/04\/Coils-For-Hydrocooling-qdd9fjvaxepfclu6r3i2wu9d497bf6xq8dcg6od1kk.png","contentUrl":"https:\/\/geoclimate.ge\/wp-content\/uploads\/2025\/04\/Coils-For-Hydrocooling-qdd9fjvaxepfclu6r3i2wu9d497bf6xq8dcg6od1kk.png","width":700,"height":466},{"@type":"BreadcrumbList","@id":"https:\/\/geoclimate.ge\/az\/product\/coils-for-hydrocooling-special-coils-for-hydrocooling-applications\/#breadcrumb","itemListElement":[{"@type":"ListItem","position":1,"name":"Home","item":"https:\/\/geoclimate.ge\/az\/"},{"@type":"ListItem","position":2,"name":"M\u0259hsullar","item":"https:\/\/geoclimate.ge\/az\/products\/"},{"@type":"ListItem","position":3,"name":"Hidrosoyutma \u00fc\u00e7\u00fcn rulonlar Hidrosoyutma t\u0259tbiql\u0259ri \u00fc\u00e7\u00fcn x\u00fcsusi rulonlar. Spirales Nichrome-FeCrAl"}]},{"@type":"WebSite","@id":"https:\/\/geoclimate.ge\/#website","url":"https:\/\/geoclimate.ge\/","name":"GeoClimate","description":"","publisher":{"@id":"https:\/\/geoclimate.ge\/#organization"},"potentialAction":[{"@type":"SearchAction","target":{"@type":"EntryPoint","urlTemplate":"https:\/\/geoclimate.ge\/?s={search_term_string}"},"query-input":{"@type":"PropertyValueSpecification","valueRequired":true,"valueName":"search_term_string"}}],"inLanguage":"az"},{"@type":"Organization","@id":"https:\/\/geoclimate.ge\/#organization","name":"GeoClimate","url":"https:\/\/geoclimate.ge\/","logo":{"@type":"ImageObject","inLanguage":"az","@id":"https:\/\/geoclimate.ge\/#\/schema\/logo\/image\/","url":"https:\/\/geoclimate.ge\/wp-content\/uploads\/2026\/03\/geoclimate-SEO.png","contentUrl":"https:\/\/geoclimate.ge\/wp-content\/uploads\/2026\/03\/geoclimate-SEO.png","width":1536,"height":1024,"caption":"GeoClimate"},"image":{"@id":"https:\/\/geoclimate.ge\/#\/schema\/logo\/image\/"}}]}},"_links":{"self":[{"href":"https:\/\/geoclimate.ge\/az\/wp-json\/wp\/v2\/product\/30420","targetHints":{"allow":["GET"]}}],"collection":[{"href":"https:\/\/geoclimate.ge\/az\/wp-json\/wp\/v2\/product"}],"about":[{"href":"https:\/\/geoclimate.ge\/az\/wp-json\/wp\/v2\/types\/product"}],"wp:featuredmedia":[{"embeddable":true,"href":"https:\/\/geoclimate.ge\/az\/wp-json\/wp\/v2\/media\/30413"}],"wp:attachment":[{"href":"https:\/\/geoclimate.ge\/az\/wp-json\/wp\/v2\/media?parent=30420"}],"wp:term":[{"taxonomy":"product_brand","embeddable":true,"href":"https:\/\/geoclimate.ge\/az\/wp-json\/wp\/v2\/product_brand?post=30420"},{"taxonomy":"product_cat","embeddable":true,"href":"https:\/\/geoclimate.ge\/az\/wp-json\/wp\/v2\/product_cat?post=30420"},{"taxonomy":"product_tag","embeddable":true,"href":"https:\/\/geoclimate.ge\/az\/wp-json\/wp\/v2\/product_tag?post=30420"}],"curies":[{"name":"wp","href":"https:\/\/api.w.org\/{rel}","templated":true}]}}