{"id":30525,"date":"2025-05-02T13:14:58","date_gmt":"2025-05-02T09:14:58","guid":{"rendered":"https:\/\/airsystems.ge\/shop\/product\/wind-park-monitoring-scada\/"},"modified":"2025-05-02T13:38:26","modified_gmt":"2025-05-02T09:38:26","slug":"wind-park-monitoring-scada","status":"publish","type":"product","link":"https:\/\/geoclimate.ge\/az\/product\/wind-park-monitoring-scada\/","title":{"rendered":"K\u00fcl\u0259k Park\u0131n\u0131n Monitorinqi \/ SCADA"},"content":{"rendered":"<h3>K\u00fcl\u0259k Park\u0131n\u0131n Monitorinqi \u00fc\u00e7\u00fcn k\u00fcl\u0259yin \u00f6l\u00e7\u00fclm\u0259si komponentl\u0259ri<\/h3>\n<ul>\n<li><a href=\"https:\/\/www.ammonit.com\/en\/products\/data-loggers\/\">K\u00fcl\u0259k m\u0259lumatlar\u0131n\u0131<\/a>\u00a0qeyd etm\u0259k v\u0259 hesablamaq \u00fc\u00e7\u00fcn m\u0259lumat qeydl\u0259ri<br \/>\nK\u00fcl\u0259yin s\u00fcr\u0259tini \u00f6l\u00e7m\u0259k \u00fc\u00e7\u00fcn\u00a0<a href=\"https:\/\/www.ammonit.com\/en\/products\/wind-sensors\/anemometers\/\">anemometrl\u0259r<\/a><br \/>\n<a href=\"https:\/\/www.ammonit.com\/en\/products\/wind-sensors\/wind-vanes\/\">K\u00fcl\u0259yin istiqam\u0259tini t\u0259yin etm\u0259<\/a>k \u00fc\u00e7\u00fcn k\u00fcl\u0259k qanadlar\u0131<br \/>\n<a href=\"https:\/\/www.ammonit.com\/en\/products\/wind-sensors\/temperature-humidity-sensors\/\">Hava s\u0131xl\u0131\u011f\u0131n\u0131 \u00f6l\u00e7m\u0259k \u00fc\u00e7\u00fcn temperatur<\/a>\u00a0r\u00fctub\u0259t sensoru v\u0259\u00a0<a href=\"https:\/\/www.ammonit.com\/en\/products\/wind-sensors\/air-pressure-sensors\/\">hava t\u0259zyiqi sensoru<\/a><br \/>\n<a href=\"https:\/\/www.ammonit.com\/en\/products\/remote-sensing\/\">Uzaqdan zondlama sisteml\u0259ri<\/a>\u00a0\u2013\u00a0<a href=\"https:\/\/www.ammonit.com\/en\/products\/remote-sensing\/product-details\/meteolaser_lidar\/\">LiDAR\u00a0<\/a>cihazlar\u0131<br \/>\n<a href=\"https:\/\/www.ammonit.com\/en\/products\/data-logger-accessories\/communication-systems\/\">\u00d6l\u00e7m\u0259 m\u0259lumatlar\u0131n\u0131 \u00f6t\u00fcrm\u0259k \u00fc\u00e7\u00fcn kommunikasiya sisteml\u0259ri<\/a><br \/>\n<a href=\"https:\/\/www.ammonit.com\/en\/products\/data-logger-accessories\/power-supply\/\">Enerji t\u0259chizat\u0131 sisteml\u0259ri<\/a><\/p>\n<h3>Standartlar v\u0259 T\u0259limatlar<\/h3>\n<ul>\n<li><a href=\"https:\/\/www.ammonit.com\/en\/customer-support\/knowledge\/standards-and-guidelines\/iec-61400-12-12017\/\" target=\"_blank\" rel=\"noopener\">IEC 61400-12-1:2017<\/a><\/li>\n<li><a href=\"https:\/\/www.ammonit.com\/en\/customer-support\/knowledge\/standards-and-guidelines\/measnet\/\" target=\"_blank\" rel=\"noopener\">MEASNET<\/a><\/li>\n<li><a href=\"https:\/\/www.ammonit.com\/en\/customer-support\/knowledge\/standards-and-guidelines\/tr6\/\" target=\"_blank\" rel=\"noopener\">TR6 (Rev.11)<\/a><\/li>\n<\/ul>\n<\/li>\n<\/ul>\n<p>\u018flav\u0259 m\u0259lumat\u0131 <a href=\"http:\/\/chrome-extension:\/\/efaidnbmnnnibpcajpcglclefindmkaj\/https:\/\/www.ammonit.com\/media\/filer_public\/15\/15\/15150dc6-63b4-4fdb-b04c-fc1a794521fd\/en_ps_ammonit_scadawindmonitoringsystems.pdf\">Ammonit SCADA<\/a> K\u00fcl\u0259k Monitorinq Sisteml\u0259ri bro\u015f\u00fcr\u00fcm\u00fczd\u0259 tapa bil\u0259rsiniz<\/p>\n","protected":false},"excerpt":{"rendered":"<h1>K\u00fcl\u0259k Park\u0131n\u0131n Monitorinqi \/ SCADA<\/h1>\n<p>K\u00fcl\u0259k park\u0131 qurulduqdan v\u0259 i\u015f\u0259 sal\u0131nd\u0131qdan sonra onun \u0259n yax\u015f\u0131 performans\u0131 t\u0259min edilm\u0259lidir. Bunun \u00fc\u00e7\u00fcn onun i\u015fin\u0259 n\u0259zar\u0259t etm\u0259k v\u0259 yoxlamaq vacibdir. Etibarl\u0131 m\u00fcqayis\u0259li meteoroloji m\u0259lumatlar\u0131 t\u0259min etm\u0259k \u00fc\u00e7\u00fcn Meteo-40 m\u0259lumat kaydedicil\u0259rimiz asanl\u0131qla SCADA (N\u0259zar\u0259t N\u0259zar\u0259ti v\u0259 M\u0259lumatlar\u0131n Al\u0131nmas\u0131) sisteml\u0259rin\u0259 inteqrasiya oluna bil\u0259r. K\u00fcl\u0259k fermas\u0131n\u0131n illik enerji istehsal\u0131 il\u0259 ba\u011fl\u0131 proqnozlar \u00f6l\u00e7m\u0259 m\u0259lumatlar\u0131n\u0131 qiym\u0259tl\u0259ndirm\u0259k yolu il\u0259 t\u0259sdiql\u0259n\u0259 bil\u0259r.<\/p>\n<p>K\u00fcl\u0259k \u00f6l\u00e7m\u0259 kampaniyan\u0131z\u0131 m\u00fczakir\u0259 etm\u0259k \u00fc\u00e7\u00fcn biziml\u0259 v\u0259 ya t\u0259r\u0259fda\u015flar\u0131m\u0131zla \u0259laq\u0259 saxlay\u0131n.<\/p>\n","protected":false},"featured_media":30520,"template":"","meta":[],"product_brand":[],"product_cat":[1349,1361],"product_tag":[],"class_list":{"0":"post-30525","1":"product","2":"type-product","3":"status-publish","4":"has-post-thumbnail","6":"product_cat-kulk-enerjisi","7":"product_cat-kulk-parkinin-monitorinqi-scada","9":"first","10":"instock","11":"shipping-taxable","12":"product-type-simple"},"yoast_head":"<!-- This site is optimized with the Yoast SEO plugin v27.1.1 - https:\/\/yoast.com\/product\/yoast-seo-wordpress\/ -->\n<title>K\u00fcl\u0259k Park\u0131n\u0131n Monitorinqi \/ SCADA - GeoClimate.ge<\/title>\n<meta name=\"robots\" content=\"index, follow, max-snippet:-1, max-image-preview:large, max-video-preview:-1\" \/>\n<link rel=\"canonical\" href=\"https:\/\/geoclimate.ge\/az\/product\/wind-park-monitoring-scada\/\" \/>\n<meta property=\"og:locale\" content=\"az_AZ\" \/>\n<meta property=\"og:type\" content=\"article\" \/>\n<meta property=\"og:title\" content=\"K\u00fcl\u0259k Park\u0131n\u0131n Monitorinqi \/ SCADA - GeoClimate.ge\" \/>\n<meta property=\"og:description\" content=\"K\u00fcl\u0259k Park\u0131n\u0131n Monitorinqi \/ SCADA K\u00fcl\u0259k park\u0131 qurulduqdan v\u0259 i\u015f\u0259 sal\u0131nd\u0131qdan sonra onun \u0259n yax\u015f\u0131 performans\u0131 t\u0259min edilm\u0259lidir. Bunun \u00fc\u00e7\u00fcn onun i\u015fin\u0259 n\u0259zar\u0259t etm\u0259k v\u0259 yoxlamaq vacibdir. Etibarl\u0131 m\u00fcqayis\u0259li meteoroloji m\u0259lumatlar\u0131 t\u0259min etm\u0259k \u00fc\u00e7\u00fcn Meteo-40 m\u0259lumat kaydedicil\u0259rimiz asanl\u0131qla SCADA (N\u0259zar\u0259t N\u0259zar\u0259ti v\u0259 M\u0259lumatlar\u0131n Al\u0131nmas\u0131) sisteml\u0259rin\u0259 inteqrasiya oluna bil\u0259r. K\u00fcl\u0259k fermas\u0131n\u0131n illik enerji istehsal\u0131 il\u0259 ba\u011fl\u0131 proqnozlar \u00f6l\u00e7m\u0259 m\u0259lumatlar\u0131n\u0131 qiym\u0259tl\u0259ndirm\u0259k yolu il\u0259 t\u0259sdiql\u0259n\u0259 bil\u0259r.  K\u00fcl\u0259k \u00f6l\u00e7m\u0259 kampaniyan\u0131z\u0131 m\u00fczakir\u0259 etm\u0259k \u00fc\u00e7\u00fcn biziml\u0259 v\u0259 ya t\u0259r\u0259fda\u015flar\u0131m\u0131zla \u0259laq\u0259 saxlay\u0131n.\" \/>\n<meta property=\"og:url\" content=\"https:\/\/geoclimate.ge\/az\/product\/wind-park-monitoring-scada\/\" \/>\n<meta property=\"og:site_name\" content=\"GeoClimate.ge\" \/>\n<meta property=\"article:modified_time\" content=\"2025-05-02T09:38:26+00:00\" \/>\n<meta property=\"og:image\" content=\"https:\/\/geoclimate.ge\/wp-content\/uploads\/2025\/05\/ammonit-scada-wind.jpg__1200x298_q85_subsampling-2-1.jpg\" \/>\n\t<meta property=\"og:image:width\" content=\"1200\" \/>\n\t<meta property=\"og:image:height\" content=\"298\" \/>\n\t<meta property=\"og:image:type\" content=\"image\/jpeg\" \/>\n<meta name=\"twitter:card\" content=\"summary_large_image\" \/>\n<meta name=\"twitter:label1\" content=\"Est. reading time\" \/>\n\t<meta name=\"twitter:data1\" content=\"1 minute\" \/>\n<script type=\"application\/ld+json\" class=\"yoast-schema-graph\">{\"@context\":\"https:\/\/schema.org\",\"@graph\":[{\"@type\":\"WebPage\",\"@id\":\"https:\/\/geoclimate.ge\/az\/product\/wind-park-monitoring-scada\/\",\"url\":\"https:\/\/geoclimate.ge\/az\/product\/wind-park-monitoring-scada\/\",\"name\":\"K\u00fcl\u0259k Park\u0131n\u0131n Monitorinqi \/ SCADA - GeoClimate.ge\",\"isPartOf\":{\"@id\":\"https:\/\/geoclimate.ge\/#website\"},\"primaryImageOfPage\":{\"@id\":\"https:\/\/geoclimate.ge\/az\/product\/wind-park-monitoring-scada\/#primaryimage\"},\"image\":{\"@id\":\"https:\/\/geoclimate.ge\/az\/product\/wind-park-monitoring-scada\/#primaryimage\"},\"thumbnailUrl\":\"https:\/\/geoclimate.ge\/wp-content\/uploads\/2025\/05\/ammonit-scada-wind.jpg__1200x298_q85_subsampling-2-1.jpg\",\"datePublished\":\"2025-05-02T09:14:58+00:00\",\"dateModified\":\"2025-05-02T09:38:26+00:00\",\"breadcrumb\":{\"@id\":\"https:\/\/geoclimate.ge\/az\/product\/wind-park-monitoring-scada\/#breadcrumb\"},\"inLanguage\":\"az\",\"potentialAction\":[{\"@type\":\"ReadAction\",\"target\":[\"https:\/\/geoclimate.ge\/az\/product\/wind-park-monitoring-scada\/\"]}]},{\"@type\":\"ImageObject\",\"inLanguage\":\"az\",\"@id\":\"https:\/\/geoclimate.ge\/az\/product\/wind-park-monitoring-scada\/#primaryimage\",\"url\":\"https:\/\/geoclimate.ge\/wp-content\/uploads\/2025\/05\/ammonit-scada-wind.jpg__1200x298_q85_subsampling-2-1.jpg\",\"contentUrl\":\"https:\/\/geoclimate.ge\/wp-content\/uploads\/2025\/05\/ammonit-scada-wind.jpg__1200x298_q85_subsampling-2-1.jpg\",\"width\":1200,\"height\":298},{\"@type\":\"BreadcrumbList\",\"@id\":\"https:\/\/geoclimate.ge\/az\/product\/wind-park-monitoring-scada\/#breadcrumb\",\"itemListElement\":[{\"@type\":\"ListItem\",\"position\":1,\"name\":\"Home\",\"item\":\"https:\/\/geoclimate.ge\/az\/\"},{\"@type\":\"ListItem\",\"position\":2,\"name\":\"M\u0259hsullar\",\"item\":\"https:\/\/geoclimate.ge\/az\/products\/\"},{\"@type\":\"ListItem\",\"position\":3,\"name\":\"K\u00fcl\u0259k Park\u0131n\u0131n Monitorinqi \/ SCADA\"}]},{\"@type\":\"WebSite\",\"@id\":\"https:\/\/geoclimate.ge\/#website\",\"url\":\"https:\/\/geoclimate.ge\/\",\"name\":\"GeoClimate\",\"description\":\"\",\"publisher\":{\"@id\":\"https:\/\/geoclimate.ge\/#organization\"},\"potentialAction\":[{\"@type\":\"SearchAction\",\"target\":{\"@type\":\"EntryPoint\",\"urlTemplate\":\"https:\/\/geoclimate.ge\/?s={search_term_string}\"},\"query-input\":{\"@type\":\"PropertyValueSpecification\",\"valueRequired\":true,\"valueName\":\"search_term_string\"}}],\"inLanguage\":\"az\"},{\"@type\":\"Organization\",\"@id\":\"https:\/\/geoclimate.ge\/#organization\",\"name\":\"GeoClimate\",\"url\":\"https:\/\/geoclimate.ge\/\",\"logo\":{\"@type\":\"ImageObject\",\"inLanguage\":\"az\",\"@id\":\"https:\/\/geoclimate.ge\/#\/schema\/logo\/image\/\",\"url\":\"https:\/\/geoclimate.ge\/wp-content\/uploads\/2026\/03\/geoclimate-SEO.png\",\"contentUrl\":\"https:\/\/geoclimate.ge\/wp-content\/uploads\/2026\/03\/geoclimate-SEO.png\",\"width\":1536,\"height\":1024,\"caption\":\"GeoClimate\"},\"image\":{\"@id\":\"https:\/\/geoclimate.ge\/#\/schema\/logo\/image\/\"}}]}<\/script>\n<!-- \/ Yoast SEO plugin. -->","yoast_head_json":{"title":"K\u00fcl\u0259k Park\u0131n\u0131n Monitorinqi \/ SCADA - GeoClimate.ge","robots":{"index":"index","follow":"follow","max-snippet":"max-snippet:-1","max-image-preview":"max-image-preview:large","max-video-preview":"max-video-preview:-1"},"canonical":"https:\/\/geoclimate.ge\/az\/product\/wind-park-monitoring-scada\/","og_locale":"az_AZ","og_type":"article","og_title":"K\u00fcl\u0259k Park\u0131n\u0131n Monitorinqi \/ SCADA - GeoClimate.ge","og_description":"K\u00fcl\u0259k Park\u0131n\u0131n Monitorinqi \/ SCADA K\u00fcl\u0259k park\u0131 qurulduqdan v\u0259 i\u015f\u0259 sal\u0131nd\u0131qdan sonra onun \u0259n yax\u015f\u0131 performans\u0131 t\u0259min edilm\u0259lidir. Bunun \u00fc\u00e7\u00fcn onun i\u015fin\u0259 n\u0259zar\u0259t etm\u0259k v\u0259 yoxlamaq vacibdir. Etibarl\u0131 m\u00fcqayis\u0259li meteoroloji m\u0259lumatlar\u0131 t\u0259min etm\u0259k \u00fc\u00e7\u00fcn Meteo-40 m\u0259lumat kaydedicil\u0259rimiz asanl\u0131qla SCADA (N\u0259zar\u0259t N\u0259zar\u0259ti v\u0259 M\u0259lumatlar\u0131n Al\u0131nmas\u0131) sisteml\u0259rin\u0259 inteqrasiya oluna bil\u0259r. K\u00fcl\u0259k fermas\u0131n\u0131n illik enerji istehsal\u0131 il\u0259 ba\u011fl\u0131 proqnozlar \u00f6l\u00e7m\u0259 m\u0259lumatlar\u0131n\u0131 qiym\u0259tl\u0259ndirm\u0259k yolu il\u0259 t\u0259sdiql\u0259n\u0259 bil\u0259r.  K\u00fcl\u0259k \u00f6l\u00e7m\u0259 kampaniyan\u0131z\u0131 m\u00fczakir\u0259 etm\u0259k \u00fc\u00e7\u00fcn biziml\u0259 v\u0259 ya t\u0259r\u0259fda\u015flar\u0131m\u0131zla \u0259laq\u0259 saxlay\u0131n.","og_url":"https:\/\/geoclimate.ge\/az\/product\/wind-park-monitoring-scada\/","og_site_name":"GeoClimate.ge","article_modified_time":"2025-05-02T09:38:26+00:00","og_image":[{"width":1200,"height":298,"url":"https:\/\/geoclimate.ge\/wp-content\/uploads\/2025\/05\/ammonit-scada-wind.jpg__1200x298_q85_subsampling-2-1.jpg","type":"image\/jpeg"}],"twitter_card":"summary_large_image","twitter_misc":{"Est. reading time":"1 minute"},"schema":{"@context":"https:\/\/schema.org","@graph":[{"@type":"WebPage","@id":"https:\/\/geoclimate.ge\/az\/product\/wind-park-monitoring-scada\/","url":"https:\/\/geoclimate.ge\/az\/product\/wind-park-monitoring-scada\/","name":"K\u00fcl\u0259k Park\u0131n\u0131n Monitorinqi \/ SCADA - GeoClimate.ge","isPartOf":{"@id":"https:\/\/geoclimate.ge\/#website"},"primaryImageOfPage":{"@id":"https:\/\/geoclimate.ge\/az\/product\/wind-park-monitoring-scada\/#primaryimage"},"image":{"@id":"https:\/\/geoclimate.ge\/az\/product\/wind-park-monitoring-scada\/#primaryimage"},"thumbnailUrl":"https:\/\/geoclimate.ge\/wp-content\/uploads\/2025\/05\/ammonit-scada-wind.jpg__1200x298_q85_subsampling-2-1.jpg","datePublished":"2025-05-02T09:14:58+00:00","dateModified":"2025-05-02T09:38:26+00:00","breadcrumb":{"@id":"https:\/\/geoclimate.ge\/az\/product\/wind-park-monitoring-scada\/#breadcrumb"},"inLanguage":"az","potentialAction":[{"@type":"ReadAction","target":["https:\/\/geoclimate.ge\/az\/product\/wind-park-monitoring-scada\/"]}]},{"@type":"ImageObject","inLanguage":"az","@id":"https:\/\/geoclimate.ge\/az\/product\/wind-park-monitoring-scada\/#primaryimage","url":"https:\/\/geoclimate.ge\/wp-content\/uploads\/2025\/05\/ammonit-scada-wind.jpg__1200x298_q85_subsampling-2-1.jpg","contentUrl":"https:\/\/geoclimate.ge\/wp-content\/uploads\/2025\/05\/ammonit-scada-wind.jpg__1200x298_q85_subsampling-2-1.jpg","width":1200,"height":298},{"@type":"BreadcrumbList","@id":"https:\/\/geoclimate.ge\/az\/product\/wind-park-monitoring-scada\/#breadcrumb","itemListElement":[{"@type":"ListItem","position":1,"name":"Home","item":"https:\/\/geoclimate.ge\/az\/"},{"@type":"ListItem","position":2,"name":"M\u0259hsullar","item":"https:\/\/geoclimate.ge\/az\/products\/"},{"@type":"ListItem","position":3,"name":"K\u00fcl\u0259k Park\u0131n\u0131n Monitorinqi \/ SCADA"}]},{"@type":"WebSite","@id":"https:\/\/geoclimate.ge\/#website","url":"https:\/\/geoclimate.ge\/","name":"GeoClimate","description":"","publisher":{"@id":"https:\/\/geoclimate.ge\/#organization"},"potentialAction":[{"@type":"SearchAction","target":{"@type":"EntryPoint","urlTemplate":"https:\/\/geoclimate.ge\/?s={search_term_string}"},"query-input":{"@type":"PropertyValueSpecification","valueRequired":true,"valueName":"search_term_string"}}],"inLanguage":"az"},{"@type":"Organization","@id":"https:\/\/geoclimate.ge\/#organization","name":"GeoClimate","url":"https:\/\/geoclimate.ge\/","logo":{"@type":"ImageObject","inLanguage":"az","@id":"https:\/\/geoclimate.ge\/#\/schema\/logo\/image\/","url":"https:\/\/geoclimate.ge\/wp-content\/uploads\/2026\/03\/geoclimate-SEO.png","contentUrl":"https:\/\/geoclimate.ge\/wp-content\/uploads\/2026\/03\/geoclimate-SEO.png","width":1536,"height":1024,"caption":"GeoClimate"},"image":{"@id":"https:\/\/geoclimate.ge\/#\/schema\/logo\/image\/"}}]}},"_links":{"self":[{"href":"https:\/\/geoclimate.ge\/az\/wp-json\/wp\/v2\/product\/30525","targetHints":{"allow":["GET"]}}],"collection":[{"href":"https:\/\/geoclimate.ge\/az\/wp-json\/wp\/v2\/product"}],"about":[{"href":"https:\/\/geoclimate.ge\/az\/wp-json\/wp\/v2\/types\/product"}],"wp:featuredmedia":[{"embeddable":true,"href":"https:\/\/geoclimate.ge\/az\/wp-json\/wp\/v2\/media\/30520"}],"wp:attachment":[{"href":"https:\/\/geoclimate.ge\/az\/wp-json\/wp\/v2\/media?parent=30525"}],"wp:term":[{"taxonomy":"product_brand","embeddable":true,"href":"https:\/\/geoclimate.ge\/az\/wp-json\/wp\/v2\/product_brand?post=30525"},{"taxonomy":"product_cat","embeddable":true,"href":"https:\/\/geoclimate.ge\/az\/wp-json\/wp\/v2\/product_cat?post=30525"},{"taxonomy":"product_tag","embeddable":true,"href":"https:\/\/geoclimate.ge\/az\/wp-json\/wp\/v2\/product_tag?post=30525"}],"curies":[{"name":"wp","href":"https:\/\/api.w.org\/{rel}","templated":true}]}}